{"id":40477,"date":"2025-05-15T18:07:41","date_gmt":"2025-05-15T16:07:41","guid":{"rendered":"https:\/\/www.axiomams.eu\/produktas\/megger-sverker-650-releetesti-komplekt"},"modified":"2026-02-02T14:32:44","modified_gmt":"2026-02-02T12:32:44","slug":"megger-sverker-650-releetesti-komplekt","status":"publish","type":"product","link":"https:\/\/www.axiomams.eu\/et\/produktas\/megger-sverker-650-releetesti-komplekt","title":{"rendered":"Megger SVERKER 650 releetesti komplekt"},"content":{"rendered":"<p>Sverker 650 testimisseade, mille konstruktsioon sisaldab paljude aastate jooksul v\u00e4litingimustes tehtud releekatsetuste k\u00e4igus saadud eeliseid, omab h\u00e4sti teenitud usaldusv\u00e4\u00e4rsuse ja mugavuse mainet.Kompaktne ja v\u00f5imas seade pakub k\u00f5iki funktsioone, mis on vajalikud peaaegu k\u00f5igi turul saadaolevate \u00fchefaasiliste kaitseseadmete sekundaarkatsetamiseks.<\/p>\n<p>Standardkomplekt: seade, testjuhtmete komplekt GA &#8211; 00030, transpordikott GD &#8211; 00010, kasutusjuhend.<\/p>\n<h3>Tehniline teave:<\/h3>\n<ul>\n<li><a href=\"https:\/\/axiomams.eu\/importer\/export\/attachments\/en\/megger-sverker-650.pdf\" target=\"_blank\">Megger SVERKER 650.pdf<\/a><\/li>\n<\/ul>\n","protected":false},"excerpt":{"rendered":"<p>Sverker 650 testimisseade, mille konstruktsioon sisaldab paljude aastate jooksul v\u00e4litingimustes tehtud releekatsetuste k\u00e4igus saadud eeliseid, omab h\u00e4sti teenitud usaldusv\u00e4\u00e4rsuse ja mugavuse mainet.Kompaktne ja v\u00f5imas seade pakub k\u00f5iki funktsioone, mis on vajalikud peaaegu k\u00f5igi turul saadaolevate \u00fchefaasiliste kaitseseadmete sekundaarkatsetamiseks. Standardkomplekt: seade, testjuhtmete komplekt GA &#8211; 00030, transpordikott GD &#8211; 00010, kasutusjuhend. Tehniline teave: Megger SVERKER 650.pdf<\/p>\n","protected":false},"featured_media":42474,"comment_status":"open","ping_status":"closed","template":"","meta":{"_acf_changed":false},"product_brand":[1726],"product_cat":[17779],"product_tag":[],"class_list":{"0":"post-40477","1":"product","2":"type-product","3":"status-publish","4":"has-post-thumbnail","6":"product_brand-megger","7":"product_cat-elektriliste-seadmete-katsetamiseks-ja-testimiseks","9":"first","10":"instock","11":"taxable","12":"shipping-taxable","13":"product-type-simple"},"acf":[],"yoast_head":"<!-- This site is optimized with the Yoast SEO plugin v27.0 - https:\/\/yoast.com\/product\/yoast-seo-wordpress\/ -->\n<title>Megger SVERKER 650 releetesti komplekt - AXIOMA MS<\/title>\n<meta name=\"robots\" content=\"index, follow, max-snippet:-1, max-image-preview:large, max-video-preview:-1\" \/>\n<link rel=\"canonical\" href=\"https:\/\/www.axiomams.eu\/et\/produktas\/megger-sverker-650-releetesti-komplekt\" \/>\n<meta property=\"og:locale\" content=\"et_EE\" \/>\n<meta property=\"og:type\" content=\"article\" \/>\n<meta property=\"og:title\" content=\"Megger SVERKER 650 releetesti komplekt - AXIOMA MS\" \/>\n<meta property=\"og:description\" content=\"Sverker 650 testimisseade, mille konstruktsioon sisaldab paljude aastate jooksul v\u00e4litingimustes tehtud releekatsetuste k\u00e4igus saadud eeliseid, omab h\u00e4sti teenitud usaldusv\u00e4\u00e4rsuse ja mugavuse mainet.Kompaktne ja v\u00f5imas seade pakub k\u00f5iki funktsioone, mis on vajalikud peaaegu k\u00f5igi turul saadaolevate \u00fchefaasiliste kaitseseadmete sekundaarkatsetamiseks. Standardkomplekt: seade, testjuhtmete komplekt GA &#8211; 00030, transpordikott GD &#8211; 00010, kasutusjuhend. Tehniline teave: Megger SVERKER 650.pdf\" \/>\n<meta property=\"og:url\" content=\"https:\/\/www.axiomams.eu\/et\/produktas\/megger-sverker-650-releetesti-komplekt\" \/>\n<meta property=\"og:site_name\" content=\"AXIOMA MS\" \/>\n<meta property=\"article:publisher\" content=\"https:\/\/www.facebook.com\/AxiomaMS\" \/>\n<meta property=\"article:modified_time\" content=\"2026-02-02T12:32:44+00:00\" \/>\n<meta property=\"og:image\" content=\"https:\/\/www.axiomams.eu\/wp-content\/uploads\/2025\/07\/514-948.jpg\" \/>\n\t<meta property=\"og:image:width\" content=\"340\" \/>\n\t<meta property=\"og:image:height\" content=\"346\" \/>\n\t<meta property=\"og:image:type\" content=\"image\/jpeg\" \/>\n<meta name=\"twitter:card\" content=\"summary_large_image\" \/>\n<script type=\"application\/ld+json\" class=\"yoast-schema-graph\">{\"@context\":\"https:\/\/schema.org\",\"@graph\":[{\"@type\":\"WebPage\",\"@id\":\"https:\/\/www.axiomams.eu\/et\/produktas\/megger-sverker-650-releetesti-komplekt\",\"url\":\"https:\/\/www.axiomams.eu\/et\/produktas\/megger-sverker-650-releetesti-komplekt\",\"name\":\"Megger SVERKER 650 releetesti komplekt - AXIOMA MS\",\"isPartOf\":{\"@id\":\"https:\/\/www.axiomams.eu\/et#website\"},\"primaryImageOfPage\":{\"@id\":\"https:\/\/www.axiomams.eu\/et\/produktas\/megger-sverker-650-releetesti-komplekt#primaryimage\"},\"image\":{\"@id\":\"https:\/\/www.axiomams.eu\/et\/produktas\/megger-sverker-650-releetesti-komplekt#primaryimage\"},\"thumbnailUrl\":\"https:\/\/www.axiomams.eu\/wp-content\/uploads\/2025\/07\/514-948.jpg\",\"datePublished\":\"2025-05-15T16:07:41+00:00\",\"dateModified\":\"2026-02-02T12:32:44+00:00\",\"breadcrumb\":{\"@id\":\"https:\/\/www.axiomams.eu\/et\/produktas\/megger-sverker-650-releetesti-komplekt#breadcrumb\"},\"inLanguage\":\"et\",\"potentialAction\":[{\"@type\":\"ReadAction\",\"target\":[\"https:\/\/www.axiomams.eu\/et\/produktas\/megger-sverker-650-releetesti-komplekt\"]}]},{\"@type\":\"ImageObject\",\"inLanguage\":\"et\",\"@id\":\"https:\/\/www.axiomams.eu\/et\/produktas\/megger-sverker-650-releetesti-komplekt#primaryimage\",\"url\":\"https:\/\/www.axiomams.eu\/wp-content\/uploads\/2025\/07\/514-948.jpg\",\"contentUrl\":\"https:\/\/www.axiomams.eu\/wp-content\/uploads\/2025\/07\/514-948.jpg\",\"width\":340,\"height\":346},{\"@type\":\"BreadcrumbList\",\"@id\":\"https:\/\/www.axiomams.eu\/et\/produktas\/megger-sverker-650-releetesti-komplekt#breadcrumb\",\"itemListElement\":[{\"@type\":\"ListItem\",\"position\":1,\"name\":\"Home\",\"item\":\"https:\/\/www.axiomams.eu\/et\"},{\"@type\":\"ListItem\",\"position\":2,\"name\":\"Tooted\",\"item\":\"https:\/\/www.axiomams.eu\/et\/tooted\"},{\"@type\":\"ListItem\",\"position\":3,\"name\":\"Megger SVERKER 650 releetesti komplekt\"}]},{\"@type\":\"WebSite\",\"@id\":\"https:\/\/www.axiomams.eu\/et#website\",\"url\":\"https:\/\/www.axiomams.eu\/et\",\"name\":\"AXIOMA MS\",\"description\":\"Terrmovizoriai ir matavimo \u012franga\",\"publisher\":{\"@id\":\"https:\/\/www.axiomams.eu\/et#organization\"},\"potentialAction\":[{\"@type\":\"SearchAction\",\"target\":{\"@type\":\"EntryPoint\",\"urlTemplate\":\"https:\/\/www.axiomams.eu\/et?s={search_term_string}\"},\"query-input\":{\"@type\":\"PropertyValueSpecification\",\"valueRequired\":true,\"valueName\":\"search_term_string\"}}],\"inLanguage\":\"et\"},{\"@type\":\"Organization\",\"@id\":\"https:\/\/www.axiomams.eu\/et#organization\",\"name\":\"AXIOMA MS\",\"url\":\"https:\/\/www.axiomams.eu\/et\",\"logo\":{\"@type\":\"ImageObject\",\"inLanguage\":\"et\",\"@id\":\"https:\/\/www.axiomams.eu\/et#\/schema\/logo\/image\/\",\"url\":\"https:\/\/www.axiomams.eu\/wp-content\/uploads\/2025\/06\/axioma-logo-2.png\",\"contentUrl\":\"https:\/\/www.axiomams.eu\/wp-content\/uploads\/2025\/06\/axioma-logo-2.png\",\"width\":1200,\"height\":1200,\"caption\":\"AXIOMA MS\"},\"image\":{\"@id\":\"https:\/\/www.axiomams.eu\/et#\/schema\/logo\/image\/\"},\"sameAs\":[\"https:\/\/www.facebook.com\/AxiomaMS\",\"https:\/\/www.linkedin.com\/company\/axiomams\/\"]}]}<\/script>\n<!-- \/ Yoast SEO plugin. -->","yoast_head_json":{"title":"Megger SVERKER 650 releetesti komplekt - AXIOMA MS","robots":{"index":"index","follow":"follow","max-snippet":"max-snippet:-1","max-image-preview":"max-image-preview:large","max-video-preview":"max-video-preview:-1"},"canonical":"https:\/\/www.axiomams.eu\/et\/produktas\/megger-sverker-650-releetesti-komplekt","og_locale":"et_EE","og_type":"article","og_title":"Megger SVERKER 650 releetesti komplekt - AXIOMA MS","og_description":"Sverker 650 testimisseade, mille konstruktsioon sisaldab paljude aastate jooksul v\u00e4litingimustes tehtud releekatsetuste k\u00e4igus saadud eeliseid, omab h\u00e4sti teenitud usaldusv\u00e4\u00e4rsuse ja mugavuse mainet.Kompaktne ja v\u00f5imas seade pakub k\u00f5iki funktsioone, mis on vajalikud peaaegu k\u00f5igi turul saadaolevate \u00fchefaasiliste kaitseseadmete sekundaarkatsetamiseks. Standardkomplekt: seade, testjuhtmete komplekt GA &#8211; 00030, transpordikott GD &#8211; 00010, kasutusjuhend. Tehniline teave: Megger SVERKER 650.pdf","og_url":"https:\/\/www.axiomams.eu\/et\/produktas\/megger-sverker-650-releetesti-komplekt","og_site_name":"AXIOMA MS","article_publisher":"https:\/\/www.facebook.com\/AxiomaMS","article_modified_time":"2026-02-02T12:32:44+00:00","og_image":[{"width":340,"height":346,"url":"https:\/\/www.axiomams.eu\/wp-content\/uploads\/2025\/07\/514-948.jpg","type":"image\/jpeg"}],"twitter_card":"summary_large_image","schema":{"@context":"https:\/\/schema.org","@graph":[{"@type":"WebPage","@id":"https:\/\/www.axiomams.eu\/et\/produktas\/megger-sverker-650-releetesti-komplekt","url":"https:\/\/www.axiomams.eu\/et\/produktas\/megger-sverker-650-releetesti-komplekt","name":"Megger SVERKER 650 releetesti komplekt - AXIOMA MS","isPartOf":{"@id":"https:\/\/www.axiomams.eu\/et#website"},"primaryImageOfPage":{"@id":"https:\/\/www.axiomams.eu\/et\/produktas\/megger-sverker-650-releetesti-komplekt#primaryimage"},"image":{"@id":"https:\/\/www.axiomams.eu\/et\/produktas\/megger-sverker-650-releetesti-komplekt#primaryimage"},"thumbnailUrl":"https:\/\/www.axiomams.eu\/wp-content\/uploads\/2025\/07\/514-948.jpg","datePublished":"2025-05-15T16:07:41+00:00","dateModified":"2026-02-02T12:32:44+00:00","breadcrumb":{"@id":"https:\/\/www.axiomams.eu\/et\/produktas\/megger-sverker-650-releetesti-komplekt#breadcrumb"},"inLanguage":"et","potentialAction":[{"@type":"ReadAction","target":["https:\/\/www.axiomams.eu\/et\/produktas\/megger-sverker-650-releetesti-komplekt"]}]},{"@type":"ImageObject","inLanguage":"et","@id":"https:\/\/www.axiomams.eu\/et\/produktas\/megger-sverker-650-releetesti-komplekt#primaryimage","url":"https:\/\/www.axiomams.eu\/wp-content\/uploads\/2025\/07\/514-948.jpg","contentUrl":"https:\/\/www.axiomams.eu\/wp-content\/uploads\/2025\/07\/514-948.jpg","width":340,"height":346},{"@type":"BreadcrumbList","@id":"https:\/\/www.axiomams.eu\/et\/produktas\/megger-sverker-650-releetesti-komplekt#breadcrumb","itemListElement":[{"@type":"ListItem","position":1,"name":"Home","item":"https:\/\/www.axiomams.eu\/et"},{"@type":"ListItem","position":2,"name":"Tooted","item":"https:\/\/www.axiomams.eu\/et\/tooted"},{"@type":"ListItem","position":3,"name":"Megger SVERKER 650 releetesti komplekt"}]},{"@type":"WebSite","@id":"https:\/\/www.axiomams.eu\/et#website","url":"https:\/\/www.axiomams.eu\/et","name":"AXIOMA MS","description":"Terrmovizoriai ir matavimo \u012franga","publisher":{"@id":"https:\/\/www.axiomams.eu\/et#organization"},"potentialAction":[{"@type":"SearchAction","target":{"@type":"EntryPoint","urlTemplate":"https:\/\/www.axiomams.eu\/et?s={search_term_string}"},"query-input":{"@type":"PropertyValueSpecification","valueRequired":true,"valueName":"search_term_string"}}],"inLanguage":"et"},{"@type":"Organization","@id":"https:\/\/www.axiomams.eu\/et#organization","name":"AXIOMA MS","url":"https:\/\/www.axiomams.eu\/et","logo":{"@type":"ImageObject","inLanguage":"et","@id":"https:\/\/www.axiomams.eu\/et#\/schema\/logo\/image\/","url":"https:\/\/www.axiomams.eu\/wp-content\/uploads\/2025\/06\/axioma-logo-2.png","contentUrl":"https:\/\/www.axiomams.eu\/wp-content\/uploads\/2025\/06\/axioma-logo-2.png","width":1200,"height":1200,"caption":"AXIOMA MS"},"image":{"@id":"https:\/\/www.axiomams.eu\/et#\/schema\/logo\/image\/"},"sameAs":["https:\/\/www.facebook.com\/AxiomaMS","https:\/\/www.linkedin.com\/company\/axiomams\/"]}]}},"_links":{"self":[{"href":"https:\/\/www.axiomams.eu\/et\/wp-json\/wp\/v2\/product\/40477","targetHints":{"allow":["GET"]}}],"collection":[{"href":"https:\/\/www.axiomams.eu\/et\/wp-json\/wp\/v2\/product"}],"about":[{"href":"https:\/\/www.axiomams.eu\/et\/wp-json\/wp\/v2\/types\/product"}],"replies":[{"embeddable":true,"href":"https:\/\/www.axiomams.eu\/et\/wp-json\/wp\/v2\/comments?post=40477"}],"wp:featuredmedia":[{"embeddable":true,"href":"https:\/\/www.axiomams.eu\/et\/wp-json\/wp\/v2\/media\/42474"}],"wp:attachment":[{"href":"https:\/\/www.axiomams.eu\/et\/wp-json\/wp\/v2\/media?parent=40477"}],"wp:term":[{"taxonomy":"product_brand","embeddable":true,"href":"https:\/\/www.axiomams.eu\/et\/wp-json\/wp\/v2\/product_brand?post=40477"},{"taxonomy":"product_cat","embeddable":true,"href":"https:\/\/www.axiomams.eu\/et\/wp-json\/wp\/v2\/product_cat?post=40477"},{"taxonomy":"product_tag","embeddable":true,"href":"https:\/\/www.axiomams.eu\/et\/wp-json\/wp\/v2\/product_tag?post=40477"}],"curies":[{"name":"wp","href":"https:\/\/api.w.org\/{rel}","templated":true}]}}