{"id":40488,"date":"2025-05-15T18:07:48","date_gmt":"2025-05-15T16:07:48","guid":{"rendered":"https:\/\/www.axiomams.eu\/produktas\/flir-t560-infrafed-kaamera-2"},"modified":"2026-02-02T14:32:48","modified_gmt":"2026-02-02T12:32:48","slug":"flir-t560-infrafed-kaamera-2","status":"publish","type":"product","link":"https:\/\/www.axiomams.eu\/et\/produktas\/flir-t560-infrafed-kaamera-2","title":{"rendered":"Flir T560 Infrafed kaamera"},"content":{"rendered":"<p>Uuel FLIR T560-l on funktsioonid, mida spetsialistid vajavad kuumade kohtade ja v\u00f5imalike rikete t\u00e4pseks t\u00f5rkeotsinguks. T\u00e4nu 180\u00b0 p\u00f6\u00f6rlevale objektiiviplatvormile ja heledale 4-tollisele LCD ekraanile on FLIR T560 kaamerad loodud selleks, et aidata kasutajatel diagnoosida raskesti ligip\u00e4\u00e4setavaid komponente mis tahes keskkonnas. Kaamera t\u00e4iustatud m\u00f5\u00f5tmisvahendid, laseriga toetatud autofookus ja FLIRi t\u00f6\u00f6stusharu juhtiv pildikvaliteet tagavad probleemide kiire leidmise ja diagnoosimise.<\/p>\n<p>Standardkomplekt: FLIR T560 24\u00b0 soojuskaamera, akulaadija toiteallikas, toiteallikas, 15 W\/3 A, tr\u00fckitud dokumentatsioon, SD-kaart (8 GB), USB 2.0 A ja USB Type-C kaabel, USB Type-C HDMI ja PD adapter, USB Type-C ja USB Type-C kaabel (USB 2.0 standard), Objektiivi kaitserihm, Objektiivi puhastuslapp, Kaelarihm, Aku (2 tk), Akulaadija, FLIR Thermal Studio Pro litsentsikaart (1 aasta tellimus), K\u00f5va transpordikott, Objektiivi kaitsekork, eesmine, Objektiivi kaitsekork, eesmine ja tagumine (ainult lisaobjektiivide puhul).<\/p>\n","protected":false},"excerpt":{"rendered":"<p>Uuel FLIR T560-l on funktsioonid, mida spetsialistid vajavad kuumade kohtade ja v\u00f5imalike rikete t\u00e4pseks t\u00f5rkeotsinguks. T\u00e4nu 180\u00b0 p\u00f6\u00f6rlevale objektiiviplatvormile ja heledale 4-tollisele LCD ekraanile on FLIR T560 kaamerad loodud selleks, et aidata kasutajatel diagnoosida raskesti ligip\u00e4\u00e4setavaid komponente mis tahes keskkonnas. Kaamera t\u00e4iustatud m\u00f5\u00f5tmisvahendid, laseriga toetatud autofookus ja FLIRi t\u00f6\u00f6stusharu juhtiv pildikvaliteet tagavad probleemide kiire leidmise&#8230;<\/p>\n","protected":false},"featured_media":42496,"comment_status":"open","ping_status":"closed","template":"","meta":{"_acf_changed":false},"product_brand":[734],"product_cat":[17795],"product_tag":[],"class_list":{"0":"post-40488","1":"product","2":"type-product","3":"status-publish","4":"has-post-thumbnail","6":"product_brand-flir","7":"product_cat-energia-ja-hoonediagnostika","9":"first","10":"instock","11":"taxable","12":"shipping-taxable","13":"product-type-simple"},"acf":[],"yoast_head":"<!-- This site is optimized with the Yoast SEO plugin v27.0 - https:\/\/yoast.com\/product\/yoast-seo-wordpress\/ -->\n<title>Flir T560 Infrafed kaamera - AXIOMA MS<\/title>\n<meta name=\"robots\" content=\"index, follow, max-snippet:-1, max-image-preview:large, max-video-preview:-1\" \/>\n<link rel=\"canonical\" href=\"https:\/\/www.axiomams.eu\/et\/produktas\/flir-t560-infrafed-kaamera-2\" \/>\n<meta property=\"og:locale\" content=\"et_EE\" \/>\n<meta property=\"og:type\" content=\"article\" \/>\n<meta property=\"og:title\" content=\"Flir T560 Infrafed kaamera - AXIOMA MS\" \/>\n<meta property=\"og:description\" content=\"Uuel FLIR T560-l on funktsioonid, mida spetsialistid vajavad kuumade kohtade ja v\u00f5imalike rikete t\u00e4pseks t\u00f5rkeotsinguks. T\u00e4nu 180\u00b0 p\u00f6\u00f6rlevale objektiiviplatvormile ja heledale 4-tollisele LCD ekraanile on FLIR T560 kaamerad loodud selleks, et aidata kasutajatel diagnoosida raskesti ligip\u00e4\u00e4setavaid komponente mis tahes keskkonnas. Kaamera t\u00e4iustatud m\u00f5\u00f5tmisvahendid, laseriga toetatud autofookus ja FLIRi t\u00f6\u00f6stusharu juhtiv pildikvaliteet tagavad probleemide kiire leidmise...\" \/>\n<meta property=\"og:url\" content=\"https:\/\/www.axiomams.eu\/et\/produktas\/flir-t560-infrafed-kaamera-2\" \/>\n<meta property=\"og:site_name\" content=\"AXIOMA MS\" \/>\n<meta property=\"article:publisher\" content=\"https:\/\/www.facebook.com\/AxiomaMS\" \/>\n<meta property=\"article:modified_time\" content=\"2026-02-02T12:32:48+00:00\" \/>\n<meta property=\"og:image\" content=\"https:\/\/www.axiomams.eu\/wp-content\/uploads\/2025\/07\/2915-3833.jpg\" \/>\n\t<meta property=\"og:image:width\" content=\"1000\" \/>\n\t<meta property=\"og:image:height\" content=\"727\" \/>\n\t<meta property=\"og:image:type\" content=\"image\/jpeg\" \/>\n<meta name=\"twitter:card\" content=\"summary_large_image\" \/>\n<meta name=\"twitter:label1\" content=\"Est. reading time\" \/>\n\t<meta name=\"twitter:data1\" content=\"1 minut\" \/>\n<script type=\"application\/ld+json\" class=\"yoast-schema-graph\">{\"@context\":\"https:\/\/schema.org\",\"@graph\":[{\"@type\":\"WebPage\",\"@id\":\"https:\/\/www.axiomams.eu\/et\/produktas\/flir-t560-infrafed-kaamera-2\",\"url\":\"https:\/\/www.axiomams.eu\/et\/produktas\/flir-t560-infrafed-kaamera-2\",\"name\":\"Flir T560 Infrafed kaamera - AXIOMA MS\",\"isPartOf\":{\"@id\":\"https:\/\/www.axiomams.eu\/et#website\"},\"primaryImageOfPage\":{\"@id\":\"https:\/\/www.axiomams.eu\/et\/produktas\/flir-t560-infrafed-kaamera-2#primaryimage\"},\"image\":{\"@id\":\"https:\/\/www.axiomams.eu\/et\/produktas\/flir-t560-infrafed-kaamera-2#primaryimage\"},\"thumbnailUrl\":\"https:\/\/www.axiomams.eu\/wp-content\/uploads\/2025\/07\/2915-3833.jpg\",\"datePublished\":\"2025-05-15T16:07:48+00:00\",\"dateModified\":\"2026-02-02T12:32:48+00:00\",\"breadcrumb\":{\"@id\":\"https:\/\/www.axiomams.eu\/et\/produktas\/flir-t560-infrafed-kaamera-2#breadcrumb\"},\"inLanguage\":\"et\",\"potentialAction\":[{\"@type\":\"ReadAction\",\"target\":[\"https:\/\/www.axiomams.eu\/et\/produktas\/flir-t560-infrafed-kaamera-2\"]}]},{\"@type\":\"ImageObject\",\"inLanguage\":\"et\",\"@id\":\"https:\/\/www.axiomams.eu\/et\/produktas\/flir-t560-infrafed-kaamera-2#primaryimage\",\"url\":\"https:\/\/www.axiomams.eu\/wp-content\/uploads\/2025\/07\/2915-3833.jpg\",\"contentUrl\":\"https:\/\/www.axiomams.eu\/wp-content\/uploads\/2025\/07\/2915-3833.jpg\",\"width\":1000,\"height\":727},{\"@type\":\"BreadcrumbList\",\"@id\":\"https:\/\/www.axiomams.eu\/et\/produktas\/flir-t560-infrafed-kaamera-2#breadcrumb\",\"itemListElement\":[{\"@type\":\"ListItem\",\"position\":1,\"name\":\"Home\",\"item\":\"https:\/\/www.axiomams.eu\/et\"},{\"@type\":\"ListItem\",\"position\":2,\"name\":\"Tooted\",\"item\":\"https:\/\/www.axiomams.eu\/et\/tooted\"},{\"@type\":\"ListItem\",\"position\":3,\"name\":\"Flir T560 Infrafed kaamera\"}]},{\"@type\":\"WebSite\",\"@id\":\"https:\/\/www.axiomams.eu\/et#website\",\"url\":\"https:\/\/www.axiomams.eu\/et\",\"name\":\"AXIOMA MS\",\"description\":\"Terrmovizoriai ir matavimo \u012franga\",\"publisher\":{\"@id\":\"https:\/\/www.axiomams.eu\/et#organization\"},\"potentialAction\":[{\"@type\":\"SearchAction\",\"target\":{\"@type\":\"EntryPoint\",\"urlTemplate\":\"https:\/\/www.axiomams.eu\/et?s={search_term_string}\"},\"query-input\":{\"@type\":\"PropertyValueSpecification\",\"valueRequired\":true,\"valueName\":\"search_term_string\"}}],\"inLanguage\":\"et\"},{\"@type\":\"Organization\",\"@id\":\"https:\/\/www.axiomams.eu\/et#organization\",\"name\":\"AXIOMA MS\",\"url\":\"https:\/\/www.axiomams.eu\/et\",\"logo\":{\"@type\":\"ImageObject\",\"inLanguage\":\"et\",\"@id\":\"https:\/\/www.axiomams.eu\/et#\/schema\/logo\/image\/\",\"url\":\"https:\/\/www.axiomams.eu\/wp-content\/uploads\/2025\/06\/axioma-logo-2.png\",\"contentUrl\":\"https:\/\/www.axiomams.eu\/wp-content\/uploads\/2025\/06\/axioma-logo-2.png\",\"width\":1200,\"height\":1200,\"caption\":\"AXIOMA MS\"},\"image\":{\"@id\":\"https:\/\/www.axiomams.eu\/et#\/schema\/logo\/image\/\"},\"sameAs\":[\"https:\/\/www.facebook.com\/AxiomaMS\",\"https:\/\/www.linkedin.com\/company\/axiomams\/\"]}]}<\/script>\n<!-- \/ Yoast SEO plugin. -->","yoast_head_json":{"title":"Flir T560 Infrafed kaamera - AXIOMA MS","robots":{"index":"index","follow":"follow","max-snippet":"max-snippet:-1","max-image-preview":"max-image-preview:large","max-video-preview":"max-video-preview:-1"},"canonical":"https:\/\/www.axiomams.eu\/et\/produktas\/flir-t560-infrafed-kaamera-2","og_locale":"et_EE","og_type":"article","og_title":"Flir T560 Infrafed kaamera - AXIOMA MS","og_description":"Uuel FLIR T560-l on funktsioonid, mida spetsialistid vajavad kuumade kohtade ja v\u00f5imalike rikete t\u00e4pseks t\u00f5rkeotsinguks. T\u00e4nu 180\u00b0 p\u00f6\u00f6rlevale objektiiviplatvormile ja heledale 4-tollisele LCD ekraanile on FLIR T560 kaamerad loodud selleks, et aidata kasutajatel diagnoosida raskesti ligip\u00e4\u00e4setavaid komponente mis tahes keskkonnas. Kaamera t\u00e4iustatud m\u00f5\u00f5tmisvahendid, laseriga toetatud autofookus ja FLIRi t\u00f6\u00f6stusharu juhtiv pildikvaliteet tagavad probleemide kiire leidmise...","og_url":"https:\/\/www.axiomams.eu\/et\/produktas\/flir-t560-infrafed-kaamera-2","og_site_name":"AXIOMA MS","article_publisher":"https:\/\/www.facebook.com\/AxiomaMS","article_modified_time":"2026-02-02T12:32:48+00:00","og_image":[{"width":1000,"height":727,"url":"https:\/\/www.axiomams.eu\/wp-content\/uploads\/2025\/07\/2915-3833.jpg","type":"image\/jpeg"}],"twitter_card":"summary_large_image","twitter_misc":{"Est. reading time":"1 minut"},"schema":{"@context":"https:\/\/schema.org","@graph":[{"@type":"WebPage","@id":"https:\/\/www.axiomams.eu\/et\/produktas\/flir-t560-infrafed-kaamera-2","url":"https:\/\/www.axiomams.eu\/et\/produktas\/flir-t560-infrafed-kaamera-2","name":"Flir T560 Infrafed kaamera - AXIOMA MS","isPartOf":{"@id":"https:\/\/www.axiomams.eu\/et#website"},"primaryImageOfPage":{"@id":"https:\/\/www.axiomams.eu\/et\/produktas\/flir-t560-infrafed-kaamera-2#primaryimage"},"image":{"@id":"https:\/\/www.axiomams.eu\/et\/produktas\/flir-t560-infrafed-kaamera-2#primaryimage"},"thumbnailUrl":"https:\/\/www.axiomams.eu\/wp-content\/uploads\/2025\/07\/2915-3833.jpg","datePublished":"2025-05-15T16:07:48+00:00","dateModified":"2026-02-02T12:32:48+00:00","breadcrumb":{"@id":"https:\/\/www.axiomams.eu\/et\/produktas\/flir-t560-infrafed-kaamera-2#breadcrumb"},"inLanguage":"et","potentialAction":[{"@type":"ReadAction","target":["https:\/\/www.axiomams.eu\/et\/produktas\/flir-t560-infrafed-kaamera-2"]}]},{"@type":"ImageObject","inLanguage":"et","@id":"https:\/\/www.axiomams.eu\/et\/produktas\/flir-t560-infrafed-kaamera-2#primaryimage","url":"https:\/\/www.axiomams.eu\/wp-content\/uploads\/2025\/07\/2915-3833.jpg","contentUrl":"https:\/\/www.axiomams.eu\/wp-content\/uploads\/2025\/07\/2915-3833.jpg","width":1000,"height":727},{"@type":"BreadcrumbList","@id":"https:\/\/www.axiomams.eu\/et\/produktas\/flir-t560-infrafed-kaamera-2#breadcrumb","itemListElement":[{"@type":"ListItem","position":1,"name":"Home","item":"https:\/\/www.axiomams.eu\/et"},{"@type":"ListItem","position":2,"name":"Tooted","item":"https:\/\/www.axiomams.eu\/et\/tooted"},{"@type":"ListItem","position":3,"name":"Flir T560 Infrafed kaamera"}]},{"@type":"WebSite","@id":"https:\/\/www.axiomams.eu\/et#website","url":"https:\/\/www.axiomams.eu\/et","name":"AXIOMA MS","description":"Terrmovizoriai ir matavimo \u012franga","publisher":{"@id":"https:\/\/www.axiomams.eu\/et#organization"},"potentialAction":[{"@type":"SearchAction","target":{"@type":"EntryPoint","urlTemplate":"https:\/\/www.axiomams.eu\/et?s={search_term_string}"},"query-input":{"@type":"PropertyValueSpecification","valueRequired":true,"valueName":"search_term_string"}}],"inLanguage":"et"},{"@type":"Organization","@id":"https:\/\/www.axiomams.eu\/et#organization","name":"AXIOMA MS","url":"https:\/\/www.axiomams.eu\/et","logo":{"@type":"ImageObject","inLanguage":"et","@id":"https:\/\/www.axiomams.eu\/et#\/schema\/logo\/image\/","url":"https:\/\/www.axiomams.eu\/wp-content\/uploads\/2025\/06\/axioma-logo-2.png","contentUrl":"https:\/\/www.axiomams.eu\/wp-content\/uploads\/2025\/06\/axioma-logo-2.png","width":1200,"height":1200,"caption":"AXIOMA MS"},"image":{"@id":"https:\/\/www.axiomams.eu\/et#\/schema\/logo\/image\/"},"sameAs":["https:\/\/www.facebook.com\/AxiomaMS","https:\/\/www.linkedin.com\/company\/axiomams\/"]}]}},"_links":{"self":[{"href":"https:\/\/www.axiomams.eu\/et\/wp-json\/wp\/v2\/product\/40488","targetHints":{"allow":["GET"]}}],"collection":[{"href":"https:\/\/www.axiomams.eu\/et\/wp-json\/wp\/v2\/product"}],"about":[{"href":"https:\/\/www.axiomams.eu\/et\/wp-json\/wp\/v2\/types\/product"}],"replies":[{"embeddable":true,"href":"https:\/\/www.axiomams.eu\/et\/wp-json\/wp\/v2\/comments?post=40488"}],"wp:featuredmedia":[{"embeddable":true,"href":"https:\/\/www.axiomams.eu\/et\/wp-json\/wp\/v2\/media\/42496"}],"wp:attachment":[{"href":"https:\/\/www.axiomams.eu\/et\/wp-json\/wp\/v2\/media?parent=40488"}],"wp:term":[{"taxonomy":"product_brand","embeddable":true,"href":"https:\/\/www.axiomams.eu\/et\/wp-json\/wp\/v2\/product_brand?post=40488"},{"taxonomy":"product_cat","embeddable":true,"href":"https:\/\/www.axiomams.eu\/et\/wp-json\/wp\/v2\/product_cat?post=40488"},{"taxonomy":"product_tag","embeddable":true,"href":"https:\/\/www.axiomams.eu\/et\/wp-json\/wp\/v2\/product_tag?post=40488"}],"curies":[{"name":"wp","href":"https:\/\/api.w.org\/{rel}","templated":true}]}}