{"id":40490,"date":"2025-05-15T18:07:49","date_gmt":"2025-05-15T16:07:49","guid":{"rendered":"https:\/\/www.axiomams.eu\/produktas\/flir-t840-dual-fov-soojuskaamera"},"modified":"2026-02-02T14:32:48","modified_gmt":"2026-02-02T12:32:48","slug":"flir-t840-dual-fov-soojuskaamera","status":"publish","type":"product","link":"https:\/\/www.axiomams.eu\/et\/produktas\/flir-t840-dual-fov-soojuskaamera","title":{"rendered":"Flir T840 Dual FOV soojuskaamera"},"content":{"rendered":"<p>FLIR T840 infrapunakaamera on loodud selleks, et aidata elektrivarustuse ja teiste termograafia spetsialistidel mugavalt uurida seadmeid nii siseruumides kui ka v\u00e4litingimustes ja otsida kogu p\u00e4eva jooksul rikkeid.<\/p>\n<p>Tarnitakse koos kahe FOV FlexView objektiiviga. FLIR FlexView objektiiv v\u00f5imaldab \u00fche nupuvajutusega koheselt l\u00fclituda 24\u00b0 laialt vaatepildilt stseeni konteksti jaoks 14\u00b0 teleobjektiivile t\u00e4pse temperatuuri m\u00f5\u00f5tmiseks. FlexView v\u00f5imaldab teil kontrollida kriitilisi komponente t\u00f5husamalt kui kunagi varem, asetades 2,8-kordse pikslise 1,7-kordse optilise radiomeetrilise suumi abil sihtm\u00e4rgile.<\/p>\n<p><b>Standardkomplekt:<\/b> FLIR T840 soojuskaamera, FlexView kahe FOV objektiiv, akulaadija toiteallikas, toiteallikas, 15 W\/3 A, tr\u00fckitud dokumentatsioon, SD-kaart (8 GB), USB 2.0 A kuni USB Type-C kaabel, USB Type-C kuni HDMI ja PD adapter, B Type-C kuni USB Type-C kaabel (USB 2.0 standard), Objektiivi kaitserihm, Objektiivi puhastuslapp, Kaelarihm, V\u00e4ike silmakork, Aku (2 tk), Akulaadija, K\u00f5va transpordikott, Infrapuna kaamera koos objektiiviga, Objektiivi kaitsekork, ees, Objektiivi kaitsekork, ees ja taga (ainult lisaobjektiivide puhul).<\/p>\n<h3>Tehniline teave:<\/h3>\n<ul>\n<li><a href=\"https:\/\/axiomams.eu\/importer\/export\/attachments\/en\/flir-t840-t865.pdf\" target=\"_blank\">FLIR T840 T865.pdf<\/a><\/li>\n<\/ul>\n","protected":false},"excerpt":{"rendered":"<p>FLIR T840 infrapunakaamera on loodud selleks, et aidata elektrivarustuse ja teiste termograafia spetsialistidel mugavalt uurida seadmeid nii siseruumides kui ka v\u00e4litingimustes ja otsida kogu p\u00e4eva jooksul rikkeid. Tarnitakse koos kahe FOV FlexView objektiiviga. FLIR FlexView objektiiv v\u00f5imaldab \u00fche nupuvajutusega koheselt l\u00fclituda 24\u00b0 laialt vaatepildilt stseeni konteksti jaoks 14\u00b0 teleobjektiivile t\u00e4pse temperatuuri m\u00f5\u00f5tmiseks. FlexView v\u00f5imaldab teil&#8230;<\/p>\n","protected":false},"featured_media":42504,"comment_status":"open","ping_status":"closed","template":"","meta":{"_acf_changed":false},"product_brand":[734],"product_cat":[17795],"product_tag":[],"class_list":{"0":"post-40490","1":"product","2":"type-product","3":"status-publish","4":"has-post-thumbnail","6":"product_brand-flir","7":"product_cat-energia-ja-hoonediagnostika","9":"first","10":"instock","11":"taxable","12":"shipping-taxable","13":"product-type-simple"},"acf":[],"yoast_head":"<!-- This site is optimized with the Yoast SEO plugin v27.0 - https:\/\/yoast.com\/product\/yoast-seo-wordpress\/ -->\n<title>Flir T840 Dual FOV soojuskaamera - AXIOMA MS<\/title>\n<meta name=\"robots\" content=\"index, follow, max-snippet:-1, max-image-preview:large, max-video-preview:-1\" \/>\n<link rel=\"canonical\" href=\"https:\/\/www.axiomams.eu\/et\/produktas\/flir-t840-dual-fov-soojuskaamera\" \/>\n<meta property=\"og:locale\" content=\"et_EE\" \/>\n<meta property=\"og:type\" content=\"article\" \/>\n<meta property=\"og:title\" content=\"Flir T840 Dual FOV soojuskaamera - AXIOMA MS\" \/>\n<meta property=\"og:description\" content=\"FLIR T840 infrapunakaamera on loodud selleks, et aidata elektrivarustuse ja teiste termograafia spetsialistidel mugavalt uurida seadmeid nii siseruumides kui ka v\u00e4litingimustes ja otsida kogu p\u00e4eva jooksul rikkeid. Tarnitakse koos kahe FOV FlexView objektiiviga. FLIR FlexView objektiiv v\u00f5imaldab \u00fche nupuvajutusega koheselt l\u00fclituda 24\u00b0 laialt vaatepildilt stseeni konteksti jaoks 14\u00b0 teleobjektiivile t\u00e4pse temperatuuri m\u00f5\u00f5tmiseks. FlexView v\u00f5imaldab teil...\" \/>\n<meta property=\"og:url\" content=\"https:\/\/www.axiomams.eu\/et\/produktas\/flir-t840-dual-fov-soojuskaamera\" \/>\n<meta property=\"og:site_name\" content=\"AXIOMA MS\" \/>\n<meta property=\"article:publisher\" content=\"https:\/\/www.facebook.com\/AxiomaMS\" \/>\n<meta property=\"article:modified_time\" content=\"2026-02-02T12:32:48+00:00\" \/>\n<meta property=\"og:image\" content=\"https:\/\/www.axiomams.eu\/wp-content\/uploads\/2025\/07\/3348-4466.jpg\" \/>\n\t<meta property=\"og:image:width\" content=\"1000\" \/>\n\t<meta property=\"og:image:height\" content=\"852\" \/>\n\t<meta property=\"og:image:type\" content=\"image\/jpeg\" \/>\n<meta name=\"twitter:card\" content=\"summary_large_image\" \/>\n<meta name=\"twitter:label1\" content=\"Est. reading time\" \/>\n\t<meta name=\"twitter:data1\" content=\"1 minut\" \/>\n<script type=\"application\/ld+json\" class=\"yoast-schema-graph\">{\"@context\":\"https:\/\/schema.org\",\"@graph\":[{\"@type\":\"WebPage\",\"@id\":\"https:\/\/www.axiomams.eu\/et\/produktas\/flir-t840-dual-fov-soojuskaamera\",\"url\":\"https:\/\/www.axiomams.eu\/et\/produktas\/flir-t840-dual-fov-soojuskaamera\",\"name\":\"Flir T840 Dual FOV soojuskaamera - AXIOMA MS\",\"isPartOf\":{\"@id\":\"https:\/\/www.axiomams.eu\/et#website\"},\"primaryImageOfPage\":{\"@id\":\"https:\/\/www.axiomams.eu\/et\/produktas\/flir-t840-dual-fov-soojuskaamera#primaryimage\"},\"image\":{\"@id\":\"https:\/\/www.axiomams.eu\/et\/produktas\/flir-t840-dual-fov-soojuskaamera#primaryimage\"},\"thumbnailUrl\":\"https:\/\/www.axiomams.eu\/wp-content\/uploads\/2025\/07\/3348-4466.jpg\",\"datePublished\":\"2025-05-15T16:07:49+00:00\",\"dateModified\":\"2026-02-02T12:32:48+00:00\",\"breadcrumb\":{\"@id\":\"https:\/\/www.axiomams.eu\/et\/produktas\/flir-t840-dual-fov-soojuskaamera#breadcrumb\"},\"inLanguage\":\"et\",\"potentialAction\":[{\"@type\":\"ReadAction\",\"target\":[\"https:\/\/www.axiomams.eu\/et\/produktas\/flir-t840-dual-fov-soojuskaamera\"]}]},{\"@type\":\"ImageObject\",\"inLanguage\":\"et\",\"@id\":\"https:\/\/www.axiomams.eu\/et\/produktas\/flir-t840-dual-fov-soojuskaamera#primaryimage\",\"url\":\"https:\/\/www.axiomams.eu\/wp-content\/uploads\/2025\/07\/3348-4466.jpg\",\"contentUrl\":\"https:\/\/www.axiomams.eu\/wp-content\/uploads\/2025\/07\/3348-4466.jpg\",\"width\":1000,\"height\":852},{\"@type\":\"BreadcrumbList\",\"@id\":\"https:\/\/www.axiomams.eu\/et\/produktas\/flir-t840-dual-fov-soojuskaamera#breadcrumb\",\"itemListElement\":[{\"@type\":\"ListItem\",\"position\":1,\"name\":\"Home\",\"item\":\"https:\/\/www.axiomams.eu\/et\"},{\"@type\":\"ListItem\",\"position\":2,\"name\":\"Tooted\",\"item\":\"https:\/\/www.axiomams.eu\/et\/tooted\"},{\"@type\":\"ListItem\",\"position\":3,\"name\":\"Flir T840 Dual FOV soojuskaamera\"}]},{\"@type\":\"WebSite\",\"@id\":\"https:\/\/www.axiomams.eu\/et#website\",\"url\":\"https:\/\/www.axiomams.eu\/et\",\"name\":\"AXIOMA MS\",\"description\":\"Terrmovizoriai ir matavimo \u012franga\",\"publisher\":{\"@id\":\"https:\/\/www.axiomams.eu\/et#organization\"},\"potentialAction\":[{\"@type\":\"SearchAction\",\"target\":{\"@type\":\"EntryPoint\",\"urlTemplate\":\"https:\/\/www.axiomams.eu\/et?s={search_term_string}\"},\"query-input\":{\"@type\":\"PropertyValueSpecification\",\"valueRequired\":true,\"valueName\":\"search_term_string\"}}],\"inLanguage\":\"et\"},{\"@type\":\"Organization\",\"@id\":\"https:\/\/www.axiomams.eu\/et#organization\",\"name\":\"AXIOMA MS\",\"url\":\"https:\/\/www.axiomams.eu\/et\",\"logo\":{\"@type\":\"ImageObject\",\"inLanguage\":\"et\",\"@id\":\"https:\/\/www.axiomams.eu\/et#\/schema\/logo\/image\/\",\"url\":\"https:\/\/www.axiomams.eu\/wp-content\/uploads\/2025\/06\/axioma-logo-2.png\",\"contentUrl\":\"https:\/\/www.axiomams.eu\/wp-content\/uploads\/2025\/06\/axioma-logo-2.png\",\"width\":1200,\"height\":1200,\"caption\":\"AXIOMA MS\"},\"image\":{\"@id\":\"https:\/\/www.axiomams.eu\/et#\/schema\/logo\/image\/\"},\"sameAs\":[\"https:\/\/www.facebook.com\/AxiomaMS\",\"https:\/\/www.linkedin.com\/company\/axiomams\/\"]}]}<\/script>\n<!-- \/ Yoast SEO plugin. -->","yoast_head_json":{"title":"Flir T840 Dual FOV soojuskaamera - AXIOMA MS","robots":{"index":"index","follow":"follow","max-snippet":"max-snippet:-1","max-image-preview":"max-image-preview:large","max-video-preview":"max-video-preview:-1"},"canonical":"https:\/\/www.axiomams.eu\/et\/produktas\/flir-t840-dual-fov-soojuskaamera","og_locale":"et_EE","og_type":"article","og_title":"Flir T840 Dual FOV soojuskaamera - AXIOMA MS","og_description":"FLIR T840 infrapunakaamera on loodud selleks, et aidata elektrivarustuse ja teiste termograafia spetsialistidel mugavalt uurida seadmeid nii siseruumides kui ka v\u00e4litingimustes ja otsida kogu p\u00e4eva jooksul rikkeid. Tarnitakse koos kahe FOV FlexView objektiiviga. FLIR FlexView objektiiv v\u00f5imaldab \u00fche nupuvajutusega koheselt l\u00fclituda 24\u00b0 laialt vaatepildilt stseeni konteksti jaoks 14\u00b0 teleobjektiivile t\u00e4pse temperatuuri m\u00f5\u00f5tmiseks. FlexView v\u00f5imaldab teil...","og_url":"https:\/\/www.axiomams.eu\/et\/produktas\/flir-t840-dual-fov-soojuskaamera","og_site_name":"AXIOMA MS","article_publisher":"https:\/\/www.facebook.com\/AxiomaMS","article_modified_time":"2026-02-02T12:32:48+00:00","og_image":[{"width":1000,"height":852,"url":"https:\/\/www.axiomams.eu\/wp-content\/uploads\/2025\/07\/3348-4466.jpg","type":"image\/jpeg"}],"twitter_card":"summary_large_image","twitter_misc":{"Est. reading time":"1 minut"},"schema":{"@context":"https:\/\/schema.org","@graph":[{"@type":"WebPage","@id":"https:\/\/www.axiomams.eu\/et\/produktas\/flir-t840-dual-fov-soojuskaamera","url":"https:\/\/www.axiomams.eu\/et\/produktas\/flir-t840-dual-fov-soojuskaamera","name":"Flir T840 Dual FOV soojuskaamera - AXIOMA MS","isPartOf":{"@id":"https:\/\/www.axiomams.eu\/et#website"},"primaryImageOfPage":{"@id":"https:\/\/www.axiomams.eu\/et\/produktas\/flir-t840-dual-fov-soojuskaamera#primaryimage"},"image":{"@id":"https:\/\/www.axiomams.eu\/et\/produktas\/flir-t840-dual-fov-soojuskaamera#primaryimage"},"thumbnailUrl":"https:\/\/www.axiomams.eu\/wp-content\/uploads\/2025\/07\/3348-4466.jpg","datePublished":"2025-05-15T16:07:49+00:00","dateModified":"2026-02-02T12:32:48+00:00","breadcrumb":{"@id":"https:\/\/www.axiomams.eu\/et\/produktas\/flir-t840-dual-fov-soojuskaamera#breadcrumb"},"inLanguage":"et","potentialAction":[{"@type":"ReadAction","target":["https:\/\/www.axiomams.eu\/et\/produktas\/flir-t840-dual-fov-soojuskaamera"]}]},{"@type":"ImageObject","inLanguage":"et","@id":"https:\/\/www.axiomams.eu\/et\/produktas\/flir-t840-dual-fov-soojuskaamera#primaryimage","url":"https:\/\/www.axiomams.eu\/wp-content\/uploads\/2025\/07\/3348-4466.jpg","contentUrl":"https:\/\/www.axiomams.eu\/wp-content\/uploads\/2025\/07\/3348-4466.jpg","width":1000,"height":852},{"@type":"BreadcrumbList","@id":"https:\/\/www.axiomams.eu\/et\/produktas\/flir-t840-dual-fov-soojuskaamera#breadcrumb","itemListElement":[{"@type":"ListItem","position":1,"name":"Home","item":"https:\/\/www.axiomams.eu\/et"},{"@type":"ListItem","position":2,"name":"Tooted","item":"https:\/\/www.axiomams.eu\/et\/tooted"},{"@type":"ListItem","position":3,"name":"Flir T840 Dual FOV soojuskaamera"}]},{"@type":"WebSite","@id":"https:\/\/www.axiomams.eu\/et#website","url":"https:\/\/www.axiomams.eu\/et","name":"AXIOMA MS","description":"Terrmovizoriai ir matavimo \u012franga","publisher":{"@id":"https:\/\/www.axiomams.eu\/et#organization"},"potentialAction":[{"@type":"SearchAction","target":{"@type":"EntryPoint","urlTemplate":"https:\/\/www.axiomams.eu\/et?s={search_term_string}"},"query-input":{"@type":"PropertyValueSpecification","valueRequired":true,"valueName":"search_term_string"}}],"inLanguage":"et"},{"@type":"Organization","@id":"https:\/\/www.axiomams.eu\/et#organization","name":"AXIOMA MS","url":"https:\/\/www.axiomams.eu\/et","logo":{"@type":"ImageObject","inLanguage":"et","@id":"https:\/\/www.axiomams.eu\/et#\/schema\/logo\/image\/","url":"https:\/\/www.axiomams.eu\/wp-content\/uploads\/2025\/06\/axioma-logo-2.png","contentUrl":"https:\/\/www.axiomams.eu\/wp-content\/uploads\/2025\/06\/axioma-logo-2.png","width":1200,"height":1200,"caption":"AXIOMA MS"},"image":{"@id":"https:\/\/www.axiomams.eu\/et#\/schema\/logo\/image\/"},"sameAs":["https:\/\/www.facebook.com\/AxiomaMS","https:\/\/www.linkedin.com\/company\/axiomams\/"]}]}},"_links":{"self":[{"href":"https:\/\/www.axiomams.eu\/et\/wp-json\/wp\/v2\/product\/40490","targetHints":{"allow":["GET"]}}],"collection":[{"href":"https:\/\/www.axiomams.eu\/et\/wp-json\/wp\/v2\/product"}],"about":[{"href":"https:\/\/www.axiomams.eu\/et\/wp-json\/wp\/v2\/types\/product"}],"replies":[{"embeddable":true,"href":"https:\/\/www.axiomams.eu\/et\/wp-json\/wp\/v2\/comments?post=40490"}],"wp:featuredmedia":[{"embeddable":true,"href":"https:\/\/www.axiomams.eu\/et\/wp-json\/wp\/v2\/media\/42504"}],"wp:attachment":[{"href":"https:\/\/www.axiomams.eu\/et\/wp-json\/wp\/v2\/media?parent=40490"}],"wp:term":[{"taxonomy":"product_brand","embeddable":true,"href":"https:\/\/www.axiomams.eu\/et\/wp-json\/wp\/v2\/product_brand?post=40490"},{"taxonomy":"product_cat","embeddable":true,"href":"https:\/\/www.axiomams.eu\/et\/wp-json\/wp\/v2\/product_cat?post=40490"},{"taxonomy":"product_tag","embeddable":true,"href":"https:\/\/www.axiomams.eu\/et\/wp-json\/wp\/v2\/product_tag?post=40490"}],"curies":[{"name":"wp","href":"https:\/\/api.w.org\/{rel}","templated":true}]}}