{"id":40500,"date":"2025-06-12T16:13:19","date_gmt":"2025-06-12T14:13:19","guid":{"rendered":"https:\/\/www.axiomams.eu\/produktas\/pulsar-telos-xp50-soojuskaamera"},"modified":"2026-02-02T14:32:53","modified_gmt":"2026-02-02T12:32:53","slug":"pulsar-telos-xp50-soojuskaamera","status":"publish","type":"product","link":"https:\/\/www.axiomams.eu\/et\/produktas\/pulsar-telos-xp50-soojuskaamera","title":{"rendered":"Pulsar Telos XP50 soojuskaamera"},"content":{"rendered":"<p><b>Kasvatusvalmidus: uuendatav j\u00f5udlus<\/b><br \/>\nMitmesuguste mudelitega Telos rahuldab erinevaid jahipidamisvajadusi. Saate valida erinevate eraldusv\u00f5imeliste sensorite (XQ, XG, XP, XL), erinevate objektiivide ja laserkaugusm\u00f5\u00f5tjaga v\u00f5i ilma laserkaugusm\u00f5\u00f5turita mudelite vahel.<\/p>\n<p><b>Objektiivne r\u00f5ngaga suumi juhtimine<\/b><br \/>\nTelose kujutist saate ideaalselt reguleerida \u00fche k\u00e4ega &#8211; fookus ja sujuv suumir\u00f5ngad asuvad objektiivil klassikalises paigutuses, \u00fckshaaval nagu professionaalsete kaamerate objektiividel. R\u00f5ngaste j\u00e4rjepidev paigutus v\u00f5imaldab saada vajaliku suurendusega selge pildi kiiresti ja minimaalse vaevaga.<\/p>\n<p><b>Ergonoomiline, libisemisvastane kummi kattega korpus<\/b><br \/>\nKummiga kaetud korpus aitab soojuskaameraseadet kindlalt k\u00e4es hoida nii kuiva ilmaga kui ka vihma korral. Korpus on erakordselt kulumiskindel ja talub suurep\u00e4raselt t\u00f6\u00f6tamist erinevates temperatuurides, sealhulgas tolmustes ja niisketes tingimustes, ning kaitseb seadet kukkumiste eest. Lisaks on korpus kergesti puhastatav ja s\u00e4ilitab oma esialgse v\u00e4limuse pikka aega.<\/p>\n<p><b>Vahetatav akupakett koos otsepistiku ja juhtmevaba kiirlaadimise v\u00f5imalustega<\/b><br \/>\nT\u00e4iesti uus LPS 7i kiirvahetatav Li-ion aku tagab \u00fcle 8 tunni t\u00f6\u00f6aja. LPS 7i ei vaja spetsiaalseid laadimisseadmeid &#8211; \u00fchendage see lihtsalt USB Type-C pordi kaudu mis tahes v\u00f5rguadapteriga ja laadige seda Power Delivery kiirlaadimisprotokolli abil l\u00fchikese aja jooksul. Lisaks toetab LPS 7i aku juhtmevaba laadimist.<\/p>\n<p><iframe loading=\"lazy\" width=\"560\" height=\"315\" src=\"https:\/\/www.youtube.com\/embed\/ASFgqJtmOTA?si=8JXs5mVVW7LjEYBI\" title=\"YouTube'i videopleier\" frameborder=\"0\" allow=\"accelerometer; autoplay; clipboard-write; encrypted-media; gyroscope; picture-in-picture; web-share\" referrerpolicy=\"strict-origin-when-cross-origin\" allowfullscreen><\/iframe><\/p>\n","protected":false},"excerpt":{"rendered":"<p>Kasvatusvalmidus: uuendatav j\u00f5udlus Mitmesuguste mudelitega Telos rahuldab erinevaid jahipidamisvajadusi. Saate valida erinevate eraldusv\u00f5imeliste sensorite (XQ, XG, XP, XL), erinevate objektiivide ja laserkaugusm\u00f5\u00f5tjaga v\u00f5i ilma laserkaugusm\u00f5\u00f5turita mudelite vahel. Objektiivne r\u00f5ngaga suumi juhtimine Telose kujutist saate ideaalselt reguleerida \u00fche k\u00e4ega &#8211; fookus ja sujuv suumir\u00f5ngad asuvad objektiivil klassikalises paigutuses, \u00fckshaaval nagu professionaalsete kaamerate objektiividel. R\u00f5ngaste j\u00e4rjepidev paigutus&#8230;<\/p>\n","protected":false},"featured_media":42524,"comment_status":"open","ping_status":"closed","template":"","meta":{"_acf_changed":false},"product_brand":[17695],"product_cat":[17799],"product_tag":[],"class_list":{"0":"post-40500","1":"product","2":"type-product","3":"status-publish","4":"has-post-thumbnail","6":"product_brand-pulsar","7":"product_cat-jahindamiseks-ja-vaatlemiseks","9":"first","10":"instock","11":"taxable","12":"shipping-taxable","13":"purchasable","14":"product-type-simple"},"acf":[],"yoast_head":"<!-- This site is optimized with the Yoast SEO plugin v27.0 - https:\/\/yoast.com\/product\/yoast-seo-wordpress\/ -->\n<title>Pulsar Telos XP50 soojuskaamera - AXIOMA MS<\/title>\n<meta name=\"robots\" content=\"index, follow, max-snippet:-1, max-image-preview:large, max-video-preview:-1\" \/>\n<link rel=\"canonical\" href=\"https:\/\/www.axiomams.eu\/et\/produktas\/pulsar-telos-xp50-soojuskaamera\" \/>\n<meta property=\"og:locale\" content=\"et_EE\" \/>\n<meta property=\"og:type\" content=\"article\" \/>\n<meta property=\"og:title\" content=\"Pulsar Telos XP50 soojuskaamera - AXIOMA MS\" \/>\n<meta property=\"og:description\" content=\"Kasvatusvalmidus: uuendatav j\u00f5udlus Mitmesuguste mudelitega Telos rahuldab erinevaid jahipidamisvajadusi. Saate valida erinevate eraldusv\u00f5imeliste sensorite (XQ, XG, XP, XL), erinevate objektiivide ja laserkaugusm\u00f5\u00f5tjaga v\u00f5i ilma laserkaugusm\u00f5\u00f5turita mudelite vahel. Objektiivne r\u00f5ngaga suumi juhtimine Telose kujutist saate ideaalselt reguleerida \u00fche k\u00e4ega &#8211; fookus ja sujuv suumir\u00f5ngad asuvad objektiivil klassikalises paigutuses, \u00fckshaaval nagu professionaalsete kaamerate objektiividel. R\u00f5ngaste j\u00e4rjepidev paigutus...\" \/>\n<meta property=\"og:url\" content=\"https:\/\/www.axiomams.eu\/et\/produktas\/pulsar-telos-xp50-soojuskaamera\" \/>\n<meta property=\"og:site_name\" content=\"AXIOMA MS\" \/>\n<meta property=\"article:publisher\" content=\"https:\/\/www.facebook.com\/AxiomaMS\" \/>\n<meta property=\"article:modified_time\" content=\"2026-02-02T12:32:53+00:00\" \/>\n<meta property=\"og:image\" content=\"https:\/\/www.axiomams.eu\/wp-content\/uploads\/2025\/07\/4616-5937.jpg\" \/>\n\t<meta property=\"og:image:width\" content=\"650\" \/>\n\t<meta property=\"og:image:height\" content=\"650\" \/>\n\t<meta property=\"og:image:type\" content=\"image\/jpeg\" \/>\n<meta name=\"twitter:card\" content=\"summary_large_image\" \/>\n<meta name=\"twitter:label1\" content=\"Est. reading time\" \/>\n\t<meta name=\"twitter:data1\" content=\"1 minut\" \/>\n<script type=\"application\/ld+json\" class=\"yoast-schema-graph\">{\"@context\":\"https:\/\/schema.org\",\"@graph\":[{\"@type\":\"WebPage\",\"@id\":\"https:\/\/www.axiomams.eu\/et\/produktas\/pulsar-telos-xp50-soojuskaamera\",\"url\":\"https:\/\/www.axiomams.eu\/et\/produktas\/pulsar-telos-xp50-soojuskaamera\",\"name\":\"Pulsar Telos XP50 soojuskaamera - AXIOMA MS\",\"isPartOf\":{\"@id\":\"https:\/\/www.axiomams.eu\/et#website\"},\"primaryImageOfPage\":{\"@id\":\"https:\/\/www.axiomams.eu\/et\/produktas\/pulsar-telos-xp50-soojuskaamera#primaryimage\"},\"image\":{\"@id\":\"https:\/\/www.axiomams.eu\/et\/produktas\/pulsar-telos-xp50-soojuskaamera#primaryimage\"},\"thumbnailUrl\":\"https:\/\/www.axiomams.eu\/wp-content\/uploads\/2025\/07\/4616-5937.jpg\",\"datePublished\":\"2025-06-12T14:13:19+00:00\",\"dateModified\":\"2026-02-02T12:32:53+00:00\",\"breadcrumb\":{\"@id\":\"https:\/\/www.axiomams.eu\/et\/produktas\/pulsar-telos-xp50-soojuskaamera#breadcrumb\"},\"inLanguage\":\"et\",\"potentialAction\":[{\"@type\":\"ReadAction\",\"target\":[\"https:\/\/www.axiomams.eu\/et\/produktas\/pulsar-telos-xp50-soojuskaamera\"]}]},{\"@type\":\"ImageObject\",\"inLanguage\":\"et\",\"@id\":\"https:\/\/www.axiomams.eu\/et\/produktas\/pulsar-telos-xp50-soojuskaamera#primaryimage\",\"url\":\"https:\/\/www.axiomams.eu\/wp-content\/uploads\/2025\/07\/4616-5937.jpg\",\"contentUrl\":\"https:\/\/www.axiomams.eu\/wp-content\/uploads\/2025\/07\/4616-5937.jpg\",\"width\":650,\"height\":650},{\"@type\":\"BreadcrumbList\",\"@id\":\"https:\/\/www.axiomams.eu\/et\/produktas\/pulsar-telos-xp50-soojuskaamera#breadcrumb\",\"itemListElement\":[{\"@type\":\"ListItem\",\"position\":1,\"name\":\"Home\",\"item\":\"https:\/\/www.axiomams.eu\/et\"},{\"@type\":\"ListItem\",\"position\":2,\"name\":\"Tooted\",\"item\":\"https:\/\/www.axiomams.eu\/et\/tooted\"},{\"@type\":\"ListItem\",\"position\":3,\"name\":\"Pulsar Telos XP50 soojuskaamera\"}]},{\"@type\":\"WebSite\",\"@id\":\"https:\/\/www.axiomams.eu\/et#website\",\"url\":\"https:\/\/www.axiomams.eu\/et\",\"name\":\"AXIOMA MS\",\"description\":\"Terrmovizoriai ir matavimo \u012franga\",\"publisher\":{\"@id\":\"https:\/\/www.axiomams.eu\/et#organization\"},\"potentialAction\":[{\"@type\":\"SearchAction\",\"target\":{\"@type\":\"EntryPoint\",\"urlTemplate\":\"https:\/\/www.axiomams.eu\/et?s={search_term_string}\"},\"query-input\":{\"@type\":\"PropertyValueSpecification\",\"valueRequired\":true,\"valueName\":\"search_term_string\"}}],\"inLanguage\":\"et\"},{\"@type\":\"Organization\",\"@id\":\"https:\/\/www.axiomams.eu\/et#organization\",\"name\":\"AXIOMA MS\",\"url\":\"https:\/\/www.axiomams.eu\/et\",\"logo\":{\"@type\":\"ImageObject\",\"inLanguage\":\"et\",\"@id\":\"https:\/\/www.axiomams.eu\/et#\/schema\/logo\/image\/\",\"url\":\"https:\/\/www.axiomams.eu\/wp-content\/uploads\/2025\/06\/axioma-logo-2.png\",\"contentUrl\":\"https:\/\/www.axiomams.eu\/wp-content\/uploads\/2025\/06\/axioma-logo-2.png\",\"width\":1200,\"height\":1200,\"caption\":\"AXIOMA MS\"},\"image\":{\"@id\":\"https:\/\/www.axiomams.eu\/et#\/schema\/logo\/image\/\"},\"sameAs\":[\"https:\/\/www.facebook.com\/AxiomaMS\",\"https:\/\/www.linkedin.com\/company\/axiomams\/\"]}]}<\/script>\n<!-- \/ Yoast SEO plugin. -->","yoast_head_json":{"title":"Pulsar Telos XP50 soojuskaamera - AXIOMA MS","robots":{"index":"index","follow":"follow","max-snippet":"max-snippet:-1","max-image-preview":"max-image-preview:large","max-video-preview":"max-video-preview:-1"},"canonical":"https:\/\/www.axiomams.eu\/et\/produktas\/pulsar-telos-xp50-soojuskaamera","og_locale":"et_EE","og_type":"article","og_title":"Pulsar Telos XP50 soojuskaamera - AXIOMA MS","og_description":"Kasvatusvalmidus: uuendatav j\u00f5udlus Mitmesuguste mudelitega Telos rahuldab erinevaid jahipidamisvajadusi. Saate valida erinevate eraldusv\u00f5imeliste sensorite (XQ, XG, XP, XL), erinevate objektiivide ja laserkaugusm\u00f5\u00f5tjaga v\u00f5i ilma laserkaugusm\u00f5\u00f5turita mudelite vahel. Objektiivne r\u00f5ngaga suumi juhtimine Telose kujutist saate ideaalselt reguleerida \u00fche k\u00e4ega &#8211; fookus ja sujuv suumir\u00f5ngad asuvad objektiivil klassikalises paigutuses, \u00fckshaaval nagu professionaalsete kaamerate objektiividel. R\u00f5ngaste j\u00e4rjepidev paigutus...","og_url":"https:\/\/www.axiomams.eu\/et\/produktas\/pulsar-telos-xp50-soojuskaamera","og_site_name":"AXIOMA MS","article_publisher":"https:\/\/www.facebook.com\/AxiomaMS","article_modified_time":"2026-02-02T12:32:53+00:00","og_image":[{"width":650,"height":650,"url":"https:\/\/www.axiomams.eu\/wp-content\/uploads\/2025\/07\/4616-5937.jpg","type":"image\/jpeg"}],"twitter_card":"summary_large_image","twitter_misc":{"Est. reading time":"1 minut"},"schema":{"@context":"https:\/\/schema.org","@graph":[{"@type":"WebPage","@id":"https:\/\/www.axiomams.eu\/et\/produktas\/pulsar-telos-xp50-soojuskaamera","url":"https:\/\/www.axiomams.eu\/et\/produktas\/pulsar-telos-xp50-soojuskaamera","name":"Pulsar Telos XP50 soojuskaamera - AXIOMA MS","isPartOf":{"@id":"https:\/\/www.axiomams.eu\/et#website"},"primaryImageOfPage":{"@id":"https:\/\/www.axiomams.eu\/et\/produktas\/pulsar-telos-xp50-soojuskaamera#primaryimage"},"image":{"@id":"https:\/\/www.axiomams.eu\/et\/produktas\/pulsar-telos-xp50-soojuskaamera#primaryimage"},"thumbnailUrl":"https:\/\/www.axiomams.eu\/wp-content\/uploads\/2025\/07\/4616-5937.jpg","datePublished":"2025-06-12T14:13:19+00:00","dateModified":"2026-02-02T12:32:53+00:00","breadcrumb":{"@id":"https:\/\/www.axiomams.eu\/et\/produktas\/pulsar-telos-xp50-soojuskaamera#breadcrumb"},"inLanguage":"et","potentialAction":[{"@type":"ReadAction","target":["https:\/\/www.axiomams.eu\/et\/produktas\/pulsar-telos-xp50-soojuskaamera"]}]},{"@type":"ImageObject","inLanguage":"et","@id":"https:\/\/www.axiomams.eu\/et\/produktas\/pulsar-telos-xp50-soojuskaamera#primaryimage","url":"https:\/\/www.axiomams.eu\/wp-content\/uploads\/2025\/07\/4616-5937.jpg","contentUrl":"https:\/\/www.axiomams.eu\/wp-content\/uploads\/2025\/07\/4616-5937.jpg","width":650,"height":650},{"@type":"BreadcrumbList","@id":"https:\/\/www.axiomams.eu\/et\/produktas\/pulsar-telos-xp50-soojuskaamera#breadcrumb","itemListElement":[{"@type":"ListItem","position":1,"name":"Home","item":"https:\/\/www.axiomams.eu\/et"},{"@type":"ListItem","position":2,"name":"Tooted","item":"https:\/\/www.axiomams.eu\/et\/tooted"},{"@type":"ListItem","position":3,"name":"Pulsar Telos XP50 soojuskaamera"}]},{"@type":"WebSite","@id":"https:\/\/www.axiomams.eu\/et#website","url":"https:\/\/www.axiomams.eu\/et","name":"AXIOMA MS","description":"Terrmovizoriai ir matavimo \u012franga","publisher":{"@id":"https:\/\/www.axiomams.eu\/et#organization"},"potentialAction":[{"@type":"SearchAction","target":{"@type":"EntryPoint","urlTemplate":"https:\/\/www.axiomams.eu\/et?s={search_term_string}"},"query-input":{"@type":"PropertyValueSpecification","valueRequired":true,"valueName":"search_term_string"}}],"inLanguage":"et"},{"@type":"Organization","@id":"https:\/\/www.axiomams.eu\/et#organization","name":"AXIOMA MS","url":"https:\/\/www.axiomams.eu\/et","logo":{"@type":"ImageObject","inLanguage":"et","@id":"https:\/\/www.axiomams.eu\/et#\/schema\/logo\/image\/","url":"https:\/\/www.axiomams.eu\/wp-content\/uploads\/2025\/06\/axioma-logo-2.png","contentUrl":"https:\/\/www.axiomams.eu\/wp-content\/uploads\/2025\/06\/axioma-logo-2.png","width":1200,"height":1200,"caption":"AXIOMA MS"},"image":{"@id":"https:\/\/www.axiomams.eu\/et#\/schema\/logo\/image\/"},"sameAs":["https:\/\/www.facebook.com\/AxiomaMS","https:\/\/www.linkedin.com\/company\/axiomams\/"]}]}},"_links":{"self":[{"href":"https:\/\/www.axiomams.eu\/et\/wp-json\/wp\/v2\/product\/40500","targetHints":{"allow":["GET"]}}],"collection":[{"href":"https:\/\/www.axiomams.eu\/et\/wp-json\/wp\/v2\/product"}],"about":[{"href":"https:\/\/www.axiomams.eu\/et\/wp-json\/wp\/v2\/types\/product"}],"replies":[{"embeddable":true,"href":"https:\/\/www.axiomams.eu\/et\/wp-json\/wp\/v2\/comments?post=40500"}],"wp:featuredmedia":[{"embeddable":true,"href":"https:\/\/www.axiomams.eu\/et\/wp-json\/wp\/v2\/media\/42524"}],"wp:attachment":[{"href":"https:\/\/www.axiomams.eu\/et\/wp-json\/wp\/v2\/media?parent=40500"}],"wp:term":[{"taxonomy":"product_brand","embeddable":true,"href":"https:\/\/www.axiomams.eu\/et\/wp-json\/wp\/v2\/product_brand?post=40500"},{"taxonomy":"product_cat","embeddable":true,"href":"https:\/\/www.axiomams.eu\/et\/wp-json\/wp\/v2\/product_cat?post=40500"},{"taxonomy":"product_tag","embeddable":true,"href":"https:\/\/www.axiomams.eu\/et\/wp-json\/wp\/v2\/product_tag?post=40500"}],"curies":[{"name":"wp","href":"https:\/\/api.w.org\/{rel}","templated":true}]}}