{"id":40509,"date":"2025-05-15T18:08:14","date_gmt":"2025-05-15T16:08:14","guid":{"rendered":"https:\/\/www.axiomams.eu\/produktas\/dvpower-twa40d-mahiste-takistuse-analusaator"},"modified":"2026-02-02T14:32:57","modified_gmt":"2026-02-02T12:32:57","slug":"dvpower-twa40d-mahiste-takistuse-analusaator","status":"publish","type":"product","link":"https:\/\/www.axiomams.eu\/et\/produktas\/dvpower-twa40d-mahiste-takistuse-analusaator","title":{"rendered":"DVpower TWA40D m\u00e4histe takistuse anal\u00fcsaator"},"content":{"rendered":"<p>DV Power TWA40D Tap Changer &#038; Winding Analyzer on ette n\u00e4htud kuue m\u00e4hise takistuse m\u00f5\u00f5tmiseks ja samaaegseks kolmefaasilise koormuse muutja anal\u00fc\u00fcsiks nii primaar- kui ka sekundaartrafo m\u00e4histe puhul. Seda tehakse \u00fche \u00fcheastmelise kaabli seadistusega, kuni 40 A testivooludega.<br \/>\nIgal trafo konfiguratsioonil on spetsiaalne m\u00f5\u00f5tealgoritm, mis on optimeeritud katsetulemuste kiireks stabiliseerimiseks. TWA40D genereerib t\u00f5elise alalisvoolu, mis ei sisalda lainetust. Nii voolu sisestamine kui ka energia v\u00e4ljavoolamine magnetahelast on automaatselt reguleeritud.<\/p>\n<p>Standardkomplekt: seade, maanduskaabel, USB-kaabel, tarkvara, kraanivahetaja.<\/p>\n<h3>Tehniline teave:<\/h3>\n<ul>\n<li><a href=\"https:\/\/axiomams.eu\/importer\/export\/attachments\/en\/dv-power-twa40d.pdf\" target=\"_blank\">DV Power TWA40D.pdf<\/a><\/li>\n<\/ul>\n","protected":false},"excerpt":{"rendered":"<p>DV Power TWA40D Tap Changer &#038; Winding Analyzer on ette n\u00e4htud kuue m\u00e4hise takistuse m\u00f5\u00f5tmiseks ja samaaegseks kolmefaasilise koormuse muutja anal\u00fc\u00fcsiks nii primaar- kui ka sekundaartrafo m\u00e4histe puhul. Seda tehakse \u00fche \u00fcheastmelise kaabli seadistusega, kuni 40 A testivooludega. Igal trafo konfiguratsioonil on spetsiaalne m\u00f5\u00f5tealgoritm, mis on optimeeritud katsetulemuste kiireks stabiliseerimiseks. TWA40D genereerib t\u00f5elise alalisvoolu, mis&#8230;<\/p>\n","protected":false},"featured_media":42544,"comment_status":"open","ping_status":"closed","template":"","meta":{"_acf_changed":false},"product_brand":[1238],"product_cat":[17779],"product_tag":[],"class_list":{"0":"post-40509","1":"product","2":"type-product","3":"status-publish","4":"has-post-thumbnail","6":"product_brand-dvpower","7":"product_cat-elektriliste-seadmete-katsetamiseks-ja-testimiseks","9":"first","10":"instock","11":"taxable","12":"shipping-taxable","13":"product-type-simple"},"acf":[],"yoast_head":"<!-- This site is optimized with the Yoast SEO plugin v27.0 - https:\/\/yoast.com\/product\/yoast-seo-wordpress\/ -->\n<title>DVpower TWA40D m\u00e4histe takistuse anal\u00fcsaator - AXIOMA MS<\/title>\n<meta name=\"robots\" content=\"index, follow, max-snippet:-1, max-image-preview:large, max-video-preview:-1\" \/>\n<link rel=\"canonical\" href=\"https:\/\/www.axiomams.eu\/et\/produktas\/dvpower-twa40d-mahiste-takistuse-analusaator\" \/>\n<meta property=\"og:locale\" content=\"et_EE\" \/>\n<meta property=\"og:type\" content=\"article\" \/>\n<meta property=\"og:title\" content=\"DVpower TWA40D m\u00e4histe takistuse anal\u00fcsaator - AXIOMA MS\" \/>\n<meta property=\"og:description\" content=\"DV Power TWA40D Tap Changer &#038; Winding Analyzer on ette n\u00e4htud kuue m\u00e4hise takistuse m\u00f5\u00f5tmiseks ja samaaegseks kolmefaasilise koormuse muutja anal\u00fc\u00fcsiks nii primaar- kui ka sekundaartrafo m\u00e4histe puhul. Seda tehakse \u00fche \u00fcheastmelise kaabli seadistusega, kuni 40 A testivooludega. Igal trafo konfiguratsioonil on spetsiaalne m\u00f5\u00f5tealgoritm, mis on optimeeritud katsetulemuste kiireks stabiliseerimiseks. TWA40D genereerib t\u00f5elise alalisvoolu, mis...\" \/>\n<meta property=\"og:url\" content=\"https:\/\/www.axiomams.eu\/et\/produktas\/dvpower-twa40d-mahiste-takistuse-analusaator\" \/>\n<meta property=\"og:site_name\" content=\"AXIOMA MS\" \/>\n<meta property=\"article:publisher\" content=\"https:\/\/www.facebook.com\/AxiomaMS\" \/>\n<meta property=\"article:modified_time\" content=\"2026-02-02T12:32:57+00:00\" \/>\n<meta property=\"og:image\" content=\"https:\/\/www.axiomams.eu\/wp-content\/uploads\/2025\/07\/851-1002.gif\" \/>\n\t<meta property=\"og:image:width\" content=\"640\" \/>\n\t<meta property=\"og:image:height\" content=\"480\" \/>\n\t<meta property=\"og:image:type\" content=\"image\/gif\" \/>\n<meta name=\"twitter:card\" content=\"summary_large_image\" \/>\n<script type=\"application\/ld+json\" class=\"yoast-schema-graph\">{\"@context\":\"https:\/\/schema.org\",\"@graph\":[{\"@type\":\"WebPage\",\"@id\":\"https:\/\/www.axiomams.eu\/et\/produktas\/dvpower-twa40d-mahiste-takistuse-analusaator\",\"url\":\"https:\/\/www.axiomams.eu\/et\/produktas\/dvpower-twa40d-mahiste-takistuse-analusaator\",\"name\":\"DVpower TWA40D m\u00e4histe takistuse anal\u00fcsaator - AXIOMA MS\",\"isPartOf\":{\"@id\":\"https:\/\/www.axiomams.eu\/et#website\"},\"primaryImageOfPage\":{\"@id\":\"https:\/\/www.axiomams.eu\/et\/produktas\/dvpower-twa40d-mahiste-takistuse-analusaator#primaryimage\"},\"image\":{\"@id\":\"https:\/\/www.axiomams.eu\/et\/produktas\/dvpower-twa40d-mahiste-takistuse-analusaator#primaryimage\"},\"thumbnailUrl\":\"https:\/\/www.axiomams.eu\/wp-content\/uploads\/2025\/07\/851-1002.gif\",\"datePublished\":\"2025-05-15T16:08:14+00:00\",\"dateModified\":\"2026-02-02T12:32:57+00:00\",\"breadcrumb\":{\"@id\":\"https:\/\/www.axiomams.eu\/et\/produktas\/dvpower-twa40d-mahiste-takistuse-analusaator#breadcrumb\"},\"inLanguage\":\"et\",\"potentialAction\":[{\"@type\":\"ReadAction\",\"target\":[\"https:\/\/www.axiomams.eu\/et\/produktas\/dvpower-twa40d-mahiste-takistuse-analusaator\"]}]},{\"@type\":\"ImageObject\",\"inLanguage\":\"et\",\"@id\":\"https:\/\/www.axiomams.eu\/et\/produktas\/dvpower-twa40d-mahiste-takistuse-analusaator#primaryimage\",\"url\":\"https:\/\/www.axiomams.eu\/wp-content\/uploads\/2025\/07\/851-1002.gif\",\"contentUrl\":\"https:\/\/www.axiomams.eu\/wp-content\/uploads\/2025\/07\/851-1002.gif\",\"width\":640,\"height\":480},{\"@type\":\"BreadcrumbList\",\"@id\":\"https:\/\/www.axiomams.eu\/et\/produktas\/dvpower-twa40d-mahiste-takistuse-analusaator#breadcrumb\",\"itemListElement\":[{\"@type\":\"ListItem\",\"position\":1,\"name\":\"Home\",\"item\":\"https:\/\/www.axiomams.eu\/et\"},{\"@type\":\"ListItem\",\"position\":2,\"name\":\"Tooted\",\"item\":\"https:\/\/www.axiomams.eu\/et\/tooted\"},{\"@type\":\"ListItem\",\"position\":3,\"name\":\"DVpower TWA40D m\u00e4histe takistuse anal\u00fcsaator\"}]},{\"@type\":\"WebSite\",\"@id\":\"https:\/\/www.axiomams.eu\/et#website\",\"url\":\"https:\/\/www.axiomams.eu\/et\",\"name\":\"AXIOMA MS\",\"description\":\"Terrmovizoriai ir matavimo \u012franga\",\"publisher\":{\"@id\":\"https:\/\/www.axiomams.eu\/et#organization\"},\"potentialAction\":[{\"@type\":\"SearchAction\",\"target\":{\"@type\":\"EntryPoint\",\"urlTemplate\":\"https:\/\/www.axiomams.eu\/et?s={search_term_string}\"},\"query-input\":{\"@type\":\"PropertyValueSpecification\",\"valueRequired\":true,\"valueName\":\"search_term_string\"}}],\"inLanguage\":\"et\"},{\"@type\":\"Organization\",\"@id\":\"https:\/\/www.axiomams.eu\/et#organization\",\"name\":\"AXIOMA MS\",\"url\":\"https:\/\/www.axiomams.eu\/et\",\"logo\":{\"@type\":\"ImageObject\",\"inLanguage\":\"et\",\"@id\":\"https:\/\/www.axiomams.eu\/et#\/schema\/logo\/image\/\",\"url\":\"https:\/\/www.axiomams.eu\/wp-content\/uploads\/2025\/06\/axioma-logo-2.png\",\"contentUrl\":\"https:\/\/www.axiomams.eu\/wp-content\/uploads\/2025\/06\/axioma-logo-2.png\",\"width\":1200,\"height\":1200,\"caption\":\"AXIOMA MS\"},\"image\":{\"@id\":\"https:\/\/www.axiomams.eu\/et#\/schema\/logo\/image\/\"},\"sameAs\":[\"https:\/\/www.facebook.com\/AxiomaMS\",\"https:\/\/www.linkedin.com\/company\/axiomams\/\"]}]}<\/script>\n<!-- \/ Yoast SEO plugin. -->","yoast_head_json":{"title":"DVpower TWA40D m\u00e4histe takistuse anal\u00fcsaator - AXIOMA MS","robots":{"index":"index","follow":"follow","max-snippet":"max-snippet:-1","max-image-preview":"max-image-preview:large","max-video-preview":"max-video-preview:-1"},"canonical":"https:\/\/www.axiomams.eu\/et\/produktas\/dvpower-twa40d-mahiste-takistuse-analusaator","og_locale":"et_EE","og_type":"article","og_title":"DVpower TWA40D m\u00e4histe takistuse anal\u00fcsaator - AXIOMA MS","og_description":"DV Power TWA40D Tap Changer &#038; Winding Analyzer on ette n\u00e4htud kuue m\u00e4hise takistuse m\u00f5\u00f5tmiseks ja samaaegseks kolmefaasilise koormuse muutja anal\u00fc\u00fcsiks nii primaar- kui ka sekundaartrafo m\u00e4histe puhul. Seda tehakse \u00fche \u00fcheastmelise kaabli seadistusega, kuni 40 A testivooludega. Igal trafo konfiguratsioonil on spetsiaalne m\u00f5\u00f5tealgoritm, mis on optimeeritud katsetulemuste kiireks stabiliseerimiseks. TWA40D genereerib t\u00f5elise alalisvoolu, mis...","og_url":"https:\/\/www.axiomams.eu\/et\/produktas\/dvpower-twa40d-mahiste-takistuse-analusaator","og_site_name":"AXIOMA MS","article_publisher":"https:\/\/www.facebook.com\/AxiomaMS","article_modified_time":"2026-02-02T12:32:57+00:00","og_image":[{"width":640,"height":480,"url":"https:\/\/www.axiomams.eu\/wp-content\/uploads\/2025\/07\/851-1002.gif","type":"image\/gif"}],"twitter_card":"summary_large_image","schema":{"@context":"https:\/\/schema.org","@graph":[{"@type":"WebPage","@id":"https:\/\/www.axiomams.eu\/et\/produktas\/dvpower-twa40d-mahiste-takistuse-analusaator","url":"https:\/\/www.axiomams.eu\/et\/produktas\/dvpower-twa40d-mahiste-takistuse-analusaator","name":"DVpower TWA40D m\u00e4histe takistuse anal\u00fcsaator - AXIOMA MS","isPartOf":{"@id":"https:\/\/www.axiomams.eu\/et#website"},"primaryImageOfPage":{"@id":"https:\/\/www.axiomams.eu\/et\/produktas\/dvpower-twa40d-mahiste-takistuse-analusaator#primaryimage"},"image":{"@id":"https:\/\/www.axiomams.eu\/et\/produktas\/dvpower-twa40d-mahiste-takistuse-analusaator#primaryimage"},"thumbnailUrl":"https:\/\/www.axiomams.eu\/wp-content\/uploads\/2025\/07\/851-1002.gif","datePublished":"2025-05-15T16:08:14+00:00","dateModified":"2026-02-02T12:32:57+00:00","breadcrumb":{"@id":"https:\/\/www.axiomams.eu\/et\/produktas\/dvpower-twa40d-mahiste-takistuse-analusaator#breadcrumb"},"inLanguage":"et","potentialAction":[{"@type":"ReadAction","target":["https:\/\/www.axiomams.eu\/et\/produktas\/dvpower-twa40d-mahiste-takistuse-analusaator"]}]},{"@type":"ImageObject","inLanguage":"et","@id":"https:\/\/www.axiomams.eu\/et\/produktas\/dvpower-twa40d-mahiste-takistuse-analusaator#primaryimage","url":"https:\/\/www.axiomams.eu\/wp-content\/uploads\/2025\/07\/851-1002.gif","contentUrl":"https:\/\/www.axiomams.eu\/wp-content\/uploads\/2025\/07\/851-1002.gif","width":640,"height":480},{"@type":"BreadcrumbList","@id":"https:\/\/www.axiomams.eu\/et\/produktas\/dvpower-twa40d-mahiste-takistuse-analusaator#breadcrumb","itemListElement":[{"@type":"ListItem","position":1,"name":"Home","item":"https:\/\/www.axiomams.eu\/et"},{"@type":"ListItem","position":2,"name":"Tooted","item":"https:\/\/www.axiomams.eu\/et\/tooted"},{"@type":"ListItem","position":3,"name":"DVpower TWA40D m\u00e4histe takistuse anal\u00fcsaator"}]},{"@type":"WebSite","@id":"https:\/\/www.axiomams.eu\/et#website","url":"https:\/\/www.axiomams.eu\/et","name":"AXIOMA MS","description":"Terrmovizoriai ir matavimo \u012franga","publisher":{"@id":"https:\/\/www.axiomams.eu\/et#organization"},"potentialAction":[{"@type":"SearchAction","target":{"@type":"EntryPoint","urlTemplate":"https:\/\/www.axiomams.eu\/et?s={search_term_string}"},"query-input":{"@type":"PropertyValueSpecification","valueRequired":true,"valueName":"search_term_string"}}],"inLanguage":"et"},{"@type":"Organization","@id":"https:\/\/www.axiomams.eu\/et#organization","name":"AXIOMA MS","url":"https:\/\/www.axiomams.eu\/et","logo":{"@type":"ImageObject","inLanguage":"et","@id":"https:\/\/www.axiomams.eu\/et#\/schema\/logo\/image\/","url":"https:\/\/www.axiomams.eu\/wp-content\/uploads\/2025\/06\/axioma-logo-2.png","contentUrl":"https:\/\/www.axiomams.eu\/wp-content\/uploads\/2025\/06\/axioma-logo-2.png","width":1200,"height":1200,"caption":"AXIOMA MS"},"image":{"@id":"https:\/\/www.axiomams.eu\/et#\/schema\/logo\/image\/"},"sameAs":["https:\/\/www.facebook.com\/AxiomaMS","https:\/\/www.linkedin.com\/company\/axiomams\/"]}]}},"_links":{"self":[{"href":"https:\/\/www.axiomams.eu\/et\/wp-json\/wp\/v2\/product\/40509","targetHints":{"allow":["GET"]}}],"collection":[{"href":"https:\/\/www.axiomams.eu\/et\/wp-json\/wp\/v2\/product"}],"about":[{"href":"https:\/\/www.axiomams.eu\/et\/wp-json\/wp\/v2\/types\/product"}],"replies":[{"embeddable":true,"href":"https:\/\/www.axiomams.eu\/et\/wp-json\/wp\/v2\/comments?post=40509"}],"wp:featuredmedia":[{"embeddable":true,"href":"https:\/\/www.axiomams.eu\/et\/wp-json\/wp\/v2\/media\/42544"}],"wp:attachment":[{"href":"https:\/\/www.axiomams.eu\/et\/wp-json\/wp\/v2\/media?parent=40509"}],"wp:term":[{"taxonomy":"product_brand","embeddable":true,"href":"https:\/\/www.axiomams.eu\/et\/wp-json\/wp\/v2\/product_brand?post=40509"},{"taxonomy":"product_cat","embeddable":true,"href":"https:\/\/www.axiomams.eu\/et\/wp-json\/wp\/v2\/product_cat?post=40509"},{"taxonomy":"product_tag","embeddable":true,"href":"https:\/\/www.axiomams.eu\/et\/wp-json\/wp\/v2\/product_tag?post=40509"}],"curies":[{"name":"wp","href":"https:\/\/api.w.org\/{rel}","templated":true}]}}