{"id":40512,"date":"2025-05-15T18:08:15","date_gmt":"2025-05-15T16:08:15","guid":{"rendered":"https:\/\/www.axiomams.eu\/produktas\/ea-technology-ultratev-plus%c2%b2-komplekt2-osalise-tuhjenemise-pd-seade"},"modified":"2026-02-02T14:32:59","modified_gmt":"2026-02-02T12:32:59","slug":"ea-technology-ultratev-plus%c2%b2-komplekt2-osalise-tuhjenemise-pd-seade","status":"publish","type":"product","link":"https:\/\/www.axiomams.eu\/et\/produktas\/ea-technology-ultratev-plus%c2%b2-komplekt2-osalise-tuhjenemise-pd-seade","title":{"rendered":"EA Technology UltraTEV Plus\u00b2 komplekt2 Osalise t\u00fchjenemise (PD) seade"},"content":{"rendered":"<p>UltraTEVTM Plus2 \u00fchendab endas tehnikaid ning rikkalikke kogemusi ja teadmisi, et muuta k\u00f5rgepingev\u00f5rgu rikete v\u00e4ltimine lihtsamaks kui kunagi varem.<br \/>\nSee uusim k\u00e4eshoitav osalise t\u00fchjenemise (PD) seade on lihtne kasutada ja \u00fchendab endas t\u00e4iendavad m\u00f5\u00f5tmisv\u00f5imalused reaalajas t\u00e4iustatud anal\u00fc\u00fctiliste funktsioonidega. V\u00f5ime eristada t\u00f5elist PD-d m\u00fcrast ja muudest h\u00e4iretest t\u00e4hendab, et saate teha paremaid otsuseid, s\u00e4\u00e4sta aega ja raha ning suurendada ohutust.<\/p>\n<p>Komplekt 2 standardset komplekti: UltraTEV Plus\u00b2, v\u00f5rgulaadija, autolaadija, USB-juhe, 8 GB MicroSD ja SD adapter, kaelaklapid, ultraheli kontaktandur, paindlik mikrofoniandur, RFCT ja kaabel, temperatuuri ja niiskuse andur, kandekott.<\/p>\n<p>Spetsifikatsioon: UltraTEV Plus\u00b2<br \/>\nTEV<br \/>\nAndur: Kapatsitiivne<br \/>\nM\u00f5\u00f5tmisvahemik: 0 dBmV &#8230; 60 dBmV<br \/>\nEraldusv\u00f5ime: 1 dB<br \/>\nMin. impulsskiirus: 10 Hz (ainult jooksvad n\u00e4idikud)<br \/>\nLokaatori sondi eelisj\u00e4rjekord: 0,3ns, mis vastab 10 cm-le<br \/>\nT\u00fchjenemismustri faasi viide: Optiline, E-v\u00e4li ja manuaalne<\/p>\n<p>ULTRASONIC<br \/>\nM\u00f5\u00f5tmisvahemik: -7 dB\u03bcV &#8230; 68 dB\u03bcV<br \/>\nEraldusv\u00f5ime: 1 dB<br \/>\nT\u00e4psus: \u00b11 dB<br \/>\nAnduri tundlikkus: -65 dB (0 dB = 1 volt\/\u03bcbar RMS SPL)<br \/>\nAnduri kesksagedus: 40 kHz<br \/>\nAnduri l\u00e4bim\u00f5\u00f5t: 16 mm<br \/>\nHeterod\u00fcnaamiline sagedus: 38,4 kHz<\/p>\n<p>KAABEL PD<br \/>\nAndur: RFCT<br \/>\nM\u00f5\u00f5tmisvahemik: 0 &#8230; 25000 pC<br \/>\nEraldusv\u00f5ime: 98 pC<br \/>\nT\u00e4psus: \u00b198 pC<br \/>\nMin: 10 Hz<\/p>\n<p>HARDWARE<br \/>\nKorpus: isev\u00e4rvitud survevormitud plastikust korpus.<br \/>\nIndikaatorid: V\u00e4rviline taustavalgustusega LCD ekraan, laadimisindikaator LED<br \/>\nJuhtseadmed: Puuteekraan<br \/>\n\u00dchendused:<br \/>\nTEV\/Ultraheli Lemo segapistikupesa, TEV Lemo segapistikupesa, Kaabel PD BNC, V\u00e4line ultraheliandur Lemo mitmepoolne pistikupesa, Mittekontaktne temperatuuriandur Lemo mitmepoolne pistikupesa, 3,5 mm stereok\u00f5rvaklappide pesa, USB 1.1 port t\u00fc\u00fcp-A pesa, 2,1 mm 18 V DC laadija sisend,<br \/>\nK\u00f5rvaklapid: Min. 8 oomi<\/p>\n<p>\u00dcMBRUSKONNA<br \/>\nT\u00f6\u00f6temperatuur: 0\u00b0C &#8230; 55\u00b0C<br \/>\nNiiskus: 0% &#8230; 90% mittekondenseeruv<br \/>\nIP-klass: 42<\/p>\n<p>TOITEVARUSTUS<br \/>\nSisemised patareid: 27.2Ah liitium-ioon akud: 3.7V 27.2Ah liitium-ioon akud.<br \/>\nT\u00fc\u00fcpiline t\u00f6\u00f6aeg: umbes 13 tundi<br \/>\nAku s\u00e4\u00e4stmine: Automaatne aku madalpinge &#8220;v\u00e4ljal\u00fclitamine&#8221;: Automaatne aku madalpinge &#8220;v\u00e4ljal\u00fclitamine&#8221;.<\/p>\n<p>Spetsifikatsioon: UltraTEV Plus\u00b2 Locator sond: UltraTEV Plus\u00b2<br \/>\nTEV<br \/>\nAndur: Kapatsitiivne<br \/>\nM\u00f5\u00f5tmisvahemik: 0 dBmV &#8230; 60 dBmV<br \/>\nEraldusv\u00f5ime: 1 dB<br \/>\nM\u00f5\u00f5tmise ribalaius: 3 MHz &#8230; 80 MHz<br \/>\nT\u00e4psus: \u00b11 dB<\/p>\n<p>M\u00d5\u00d5TMED<br \/>\nSuurus: 201 x 76 x 34 mm koos 2 m pikkuse kaabliga.<\/p>\n<p>HARDWARE<br \/>\nKorpus: isev\u00e4rvitud survevormitud plastikust korpus.<br \/>\nIndikaatorid: Toiteindikaator LED<br \/>\nJuhtseadmed: 3 x surunuppu<br \/>\n\u00dchendused: Kaabel UltraTEV Plus2-le<\/p>\n<p>\u00dcMBRUSKONNA<br \/>\nT\u00f6\u00f6temperatuur: -20\u00b0C &#8230; 50\u00b0C<br \/>\nNiiskus: 0 &#8230; 90% kondenseerumisvaba \u00f5huniiskus<br \/>\nIP-klass: 54<\/p>\n<h3>Tehniline teave:<\/h3>\n<ul>\n<li><a href=\"https:\/\/axiomams.eu\/importer\/export\/attachments\/en\/ea-technology-ultratev-plus-2.pdf\" target=\"_blank\">EA Technology UltraTEV Plus 2.pdf<\/a><\/li>\n<\/ul>\n","protected":false},"excerpt":{"rendered":"<p>UltraTEVTM Plus2 \u00fchendab endas tehnikaid ning rikkalikke kogemusi ja teadmisi, et muuta k\u00f5rgepingev\u00f5rgu rikete v\u00e4ltimine lihtsamaks kui kunagi varem. See uusim k\u00e4eshoitav osalise t\u00fchjenemise (PD) seade on lihtne kasutada ja \u00fchendab endas t\u00e4iendavad m\u00f5\u00f5tmisv\u00f5imalused reaalajas t\u00e4iustatud anal\u00fc\u00fctiliste funktsioonidega. V\u00f5ime eristada t\u00f5elist PD-d m\u00fcrast ja muudest h\u00e4iretest t\u00e4hendab, et saate teha paremaid otsuseid, s\u00e4\u00e4sta aega ja&#8230;<\/p>\n","protected":false},"featured_media":42550,"comment_status":"open","ping_status":"closed","template":"","meta":{"_acf_changed":false},"product_brand":[17689],"product_cat":[17779],"product_tag":[],"class_list":{"0":"post-40512","1":"product","2":"type-product","3":"status-publish","4":"has-post-thumbnail","6":"product_brand-ea-technology","7":"product_cat-elektriliste-seadmete-katsetamiseks-ja-testimiseks","9":"first","10":"instock","11":"taxable","12":"shipping-taxable","13":"purchasable","14":"product-type-simple"},"acf":[],"yoast_head":"<!-- This site is optimized with the Yoast SEO plugin v27.0 - https:\/\/yoast.com\/product\/yoast-seo-wordpress\/ -->\n<title>EA Technology UltraTEV Plus\u00b2 komplekt2 Osalise t\u00fchjenemise (PD) seade - AXIOMA MS<\/title>\n<meta name=\"robots\" content=\"index, follow, max-snippet:-1, max-image-preview:large, max-video-preview:-1\" \/>\n<link rel=\"canonical\" href=\"https:\/\/www.axiomams.eu\/et\/produktas\/ea-technology-ultratev-plus%c2%b2-komplekt2-osalise-tuhjenemise-pd-seade\" \/>\n<meta property=\"og:locale\" content=\"et_EE\" \/>\n<meta property=\"og:type\" content=\"article\" \/>\n<meta property=\"og:title\" content=\"EA Technology UltraTEV Plus\u00b2 komplekt2 Osalise t\u00fchjenemise (PD) seade - AXIOMA MS\" \/>\n<meta property=\"og:description\" content=\"UltraTEVTM Plus2 \u00fchendab endas tehnikaid ning rikkalikke kogemusi ja teadmisi, et muuta k\u00f5rgepingev\u00f5rgu rikete v\u00e4ltimine lihtsamaks kui kunagi varem. See uusim k\u00e4eshoitav osalise t\u00fchjenemise (PD) seade on lihtne kasutada ja \u00fchendab endas t\u00e4iendavad m\u00f5\u00f5tmisv\u00f5imalused reaalajas t\u00e4iustatud anal\u00fc\u00fctiliste funktsioonidega. V\u00f5ime eristada t\u00f5elist PD-d m\u00fcrast ja muudest h\u00e4iretest t\u00e4hendab, et saate teha paremaid otsuseid, s\u00e4\u00e4sta aega ja...\" \/>\n<meta property=\"og:url\" content=\"https:\/\/www.axiomams.eu\/et\/produktas\/ea-technology-ultratev-plus%c2%b2-komplekt2-osalise-tuhjenemise-pd-seade\" \/>\n<meta property=\"og:site_name\" content=\"AXIOMA MS\" \/>\n<meta property=\"article:publisher\" content=\"https:\/\/www.facebook.com\/AxiomaMS\" \/>\n<meta property=\"article:modified_time\" content=\"2026-02-02T12:32:59+00:00\" \/>\n<meta property=\"og:image\" content=\"https:\/\/www.axiomams.eu\/wp-content\/uploads\/2025\/07\/2945-3879.jpg\" \/>\n\t<meta property=\"og:image:width\" content=\"255\" \/>\n\t<meta property=\"og:image:height\" content=\"255\" \/>\n\t<meta property=\"og:image:type\" content=\"image\/jpeg\" \/>\n<meta name=\"twitter:card\" content=\"summary_large_image\" \/>\n<meta name=\"twitter:label1\" content=\"Est. reading time\" \/>\n\t<meta name=\"twitter:data1\" content=\"2 minut\" \/>\n<script type=\"application\/ld+json\" class=\"yoast-schema-graph\">{\"@context\":\"https:\/\/schema.org\",\"@graph\":[{\"@type\":\"WebPage\",\"@id\":\"https:\/\/www.axiomams.eu\/et\/produktas\/ea-technology-ultratev-plus%c2%b2-komplekt2-osalise-tuhjenemise-pd-seade\",\"url\":\"https:\/\/www.axiomams.eu\/et\/produktas\/ea-technology-ultratev-plus%c2%b2-komplekt2-osalise-tuhjenemise-pd-seade\",\"name\":\"EA Technology UltraTEV Plus\u00b2 komplekt2 Osalise t\u00fchjenemise (PD) seade - AXIOMA MS\",\"isPartOf\":{\"@id\":\"https:\/\/www.axiomams.eu\/et#website\"},\"primaryImageOfPage\":{\"@id\":\"https:\/\/www.axiomams.eu\/et\/produktas\/ea-technology-ultratev-plus%c2%b2-komplekt2-osalise-tuhjenemise-pd-seade#primaryimage\"},\"image\":{\"@id\":\"https:\/\/www.axiomams.eu\/et\/produktas\/ea-technology-ultratev-plus%c2%b2-komplekt2-osalise-tuhjenemise-pd-seade#primaryimage\"},\"thumbnailUrl\":\"https:\/\/www.axiomams.eu\/wp-content\/uploads\/2025\/07\/2945-3879.jpg\",\"datePublished\":\"2025-05-15T16:08:15+00:00\",\"dateModified\":\"2026-02-02T12:32:59+00:00\",\"breadcrumb\":{\"@id\":\"https:\/\/www.axiomams.eu\/et\/produktas\/ea-technology-ultratev-plus%c2%b2-komplekt2-osalise-tuhjenemise-pd-seade#breadcrumb\"},\"inLanguage\":\"et\",\"potentialAction\":[{\"@type\":\"ReadAction\",\"target\":[\"https:\/\/www.axiomams.eu\/et\/produktas\/ea-technology-ultratev-plus%c2%b2-komplekt2-osalise-tuhjenemise-pd-seade\"]}]},{\"@type\":\"ImageObject\",\"inLanguage\":\"et\",\"@id\":\"https:\/\/www.axiomams.eu\/et\/produktas\/ea-technology-ultratev-plus%c2%b2-komplekt2-osalise-tuhjenemise-pd-seade#primaryimage\",\"url\":\"https:\/\/www.axiomams.eu\/wp-content\/uploads\/2025\/07\/2945-3879.jpg\",\"contentUrl\":\"https:\/\/www.axiomams.eu\/wp-content\/uploads\/2025\/07\/2945-3879.jpg\",\"width\":255,\"height\":255},{\"@type\":\"BreadcrumbList\",\"@id\":\"https:\/\/www.axiomams.eu\/et\/produktas\/ea-technology-ultratev-plus%c2%b2-komplekt2-osalise-tuhjenemise-pd-seade#breadcrumb\",\"itemListElement\":[{\"@type\":\"ListItem\",\"position\":1,\"name\":\"Home\",\"item\":\"https:\/\/www.axiomams.eu\/et\"},{\"@type\":\"ListItem\",\"position\":2,\"name\":\"Tooted\",\"item\":\"https:\/\/www.axiomams.eu\/et\/tooted\"},{\"@type\":\"ListItem\",\"position\":3,\"name\":\"EA Technology UltraTEV Plus\u00b2 komplekt2 Osalise t\u00fchjenemise (PD) seade\"}]},{\"@type\":\"WebSite\",\"@id\":\"https:\/\/www.axiomams.eu\/et#website\",\"url\":\"https:\/\/www.axiomams.eu\/et\",\"name\":\"AXIOMA MS\",\"description\":\"Terrmovizoriai ir matavimo \u012franga\",\"publisher\":{\"@id\":\"https:\/\/www.axiomams.eu\/et#organization\"},\"potentialAction\":[{\"@type\":\"SearchAction\",\"target\":{\"@type\":\"EntryPoint\",\"urlTemplate\":\"https:\/\/www.axiomams.eu\/et?s={search_term_string}\"},\"query-input\":{\"@type\":\"PropertyValueSpecification\",\"valueRequired\":true,\"valueName\":\"search_term_string\"}}],\"inLanguage\":\"et\"},{\"@type\":\"Organization\",\"@id\":\"https:\/\/www.axiomams.eu\/et#organization\",\"name\":\"AXIOMA MS\",\"url\":\"https:\/\/www.axiomams.eu\/et\",\"logo\":{\"@type\":\"ImageObject\",\"inLanguage\":\"et\",\"@id\":\"https:\/\/www.axiomams.eu\/et#\/schema\/logo\/image\/\",\"url\":\"https:\/\/www.axiomams.eu\/wp-content\/uploads\/2025\/06\/axioma-logo-2.png\",\"contentUrl\":\"https:\/\/www.axiomams.eu\/wp-content\/uploads\/2025\/06\/axioma-logo-2.png\",\"width\":1200,\"height\":1200,\"caption\":\"AXIOMA MS\"},\"image\":{\"@id\":\"https:\/\/www.axiomams.eu\/et#\/schema\/logo\/image\/\"},\"sameAs\":[\"https:\/\/www.facebook.com\/AxiomaMS\",\"https:\/\/www.linkedin.com\/company\/axiomams\/\"]}]}<\/script>\n<!-- \/ Yoast SEO plugin. -->","yoast_head_json":{"title":"EA Technology UltraTEV Plus\u00b2 komplekt2 Osalise t\u00fchjenemise (PD) seade - AXIOMA MS","robots":{"index":"index","follow":"follow","max-snippet":"max-snippet:-1","max-image-preview":"max-image-preview:large","max-video-preview":"max-video-preview:-1"},"canonical":"https:\/\/www.axiomams.eu\/et\/produktas\/ea-technology-ultratev-plus%c2%b2-komplekt2-osalise-tuhjenemise-pd-seade","og_locale":"et_EE","og_type":"article","og_title":"EA Technology UltraTEV Plus\u00b2 komplekt2 Osalise t\u00fchjenemise (PD) seade - AXIOMA MS","og_description":"UltraTEVTM Plus2 \u00fchendab endas tehnikaid ning rikkalikke kogemusi ja teadmisi, et muuta k\u00f5rgepingev\u00f5rgu rikete v\u00e4ltimine lihtsamaks kui kunagi varem. See uusim k\u00e4eshoitav osalise t\u00fchjenemise (PD) seade on lihtne kasutada ja \u00fchendab endas t\u00e4iendavad m\u00f5\u00f5tmisv\u00f5imalused reaalajas t\u00e4iustatud anal\u00fc\u00fctiliste funktsioonidega. V\u00f5ime eristada t\u00f5elist PD-d m\u00fcrast ja muudest h\u00e4iretest t\u00e4hendab, et saate teha paremaid otsuseid, s\u00e4\u00e4sta aega ja...","og_url":"https:\/\/www.axiomams.eu\/et\/produktas\/ea-technology-ultratev-plus%c2%b2-komplekt2-osalise-tuhjenemise-pd-seade","og_site_name":"AXIOMA MS","article_publisher":"https:\/\/www.facebook.com\/AxiomaMS","article_modified_time":"2026-02-02T12:32:59+00:00","og_image":[{"width":255,"height":255,"url":"https:\/\/www.axiomams.eu\/wp-content\/uploads\/2025\/07\/2945-3879.jpg","type":"image\/jpeg"}],"twitter_card":"summary_large_image","twitter_misc":{"Est. reading time":"2 minut"},"schema":{"@context":"https:\/\/schema.org","@graph":[{"@type":"WebPage","@id":"https:\/\/www.axiomams.eu\/et\/produktas\/ea-technology-ultratev-plus%c2%b2-komplekt2-osalise-tuhjenemise-pd-seade","url":"https:\/\/www.axiomams.eu\/et\/produktas\/ea-technology-ultratev-plus%c2%b2-komplekt2-osalise-tuhjenemise-pd-seade","name":"EA Technology UltraTEV Plus\u00b2 komplekt2 Osalise t\u00fchjenemise (PD) seade - AXIOMA MS","isPartOf":{"@id":"https:\/\/www.axiomams.eu\/et#website"},"primaryImageOfPage":{"@id":"https:\/\/www.axiomams.eu\/et\/produktas\/ea-technology-ultratev-plus%c2%b2-komplekt2-osalise-tuhjenemise-pd-seade#primaryimage"},"image":{"@id":"https:\/\/www.axiomams.eu\/et\/produktas\/ea-technology-ultratev-plus%c2%b2-komplekt2-osalise-tuhjenemise-pd-seade#primaryimage"},"thumbnailUrl":"https:\/\/www.axiomams.eu\/wp-content\/uploads\/2025\/07\/2945-3879.jpg","datePublished":"2025-05-15T16:08:15+00:00","dateModified":"2026-02-02T12:32:59+00:00","breadcrumb":{"@id":"https:\/\/www.axiomams.eu\/et\/produktas\/ea-technology-ultratev-plus%c2%b2-komplekt2-osalise-tuhjenemise-pd-seade#breadcrumb"},"inLanguage":"et","potentialAction":[{"@type":"ReadAction","target":["https:\/\/www.axiomams.eu\/et\/produktas\/ea-technology-ultratev-plus%c2%b2-komplekt2-osalise-tuhjenemise-pd-seade"]}]},{"@type":"ImageObject","inLanguage":"et","@id":"https:\/\/www.axiomams.eu\/et\/produktas\/ea-technology-ultratev-plus%c2%b2-komplekt2-osalise-tuhjenemise-pd-seade#primaryimage","url":"https:\/\/www.axiomams.eu\/wp-content\/uploads\/2025\/07\/2945-3879.jpg","contentUrl":"https:\/\/www.axiomams.eu\/wp-content\/uploads\/2025\/07\/2945-3879.jpg","width":255,"height":255},{"@type":"BreadcrumbList","@id":"https:\/\/www.axiomams.eu\/et\/produktas\/ea-technology-ultratev-plus%c2%b2-komplekt2-osalise-tuhjenemise-pd-seade#breadcrumb","itemListElement":[{"@type":"ListItem","position":1,"name":"Home","item":"https:\/\/www.axiomams.eu\/et"},{"@type":"ListItem","position":2,"name":"Tooted","item":"https:\/\/www.axiomams.eu\/et\/tooted"},{"@type":"ListItem","position":3,"name":"EA Technology UltraTEV Plus\u00b2 komplekt2 Osalise t\u00fchjenemise (PD) seade"}]},{"@type":"WebSite","@id":"https:\/\/www.axiomams.eu\/et#website","url":"https:\/\/www.axiomams.eu\/et","name":"AXIOMA MS","description":"Terrmovizoriai ir matavimo \u012franga","publisher":{"@id":"https:\/\/www.axiomams.eu\/et#organization"},"potentialAction":[{"@type":"SearchAction","target":{"@type":"EntryPoint","urlTemplate":"https:\/\/www.axiomams.eu\/et?s={search_term_string}"},"query-input":{"@type":"PropertyValueSpecification","valueRequired":true,"valueName":"search_term_string"}}],"inLanguage":"et"},{"@type":"Organization","@id":"https:\/\/www.axiomams.eu\/et#organization","name":"AXIOMA MS","url":"https:\/\/www.axiomams.eu\/et","logo":{"@type":"ImageObject","inLanguage":"et","@id":"https:\/\/www.axiomams.eu\/et#\/schema\/logo\/image\/","url":"https:\/\/www.axiomams.eu\/wp-content\/uploads\/2025\/06\/axioma-logo-2.png","contentUrl":"https:\/\/www.axiomams.eu\/wp-content\/uploads\/2025\/06\/axioma-logo-2.png","width":1200,"height":1200,"caption":"AXIOMA MS"},"image":{"@id":"https:\/\/www.axiomams.eu\/et#\/schema\/logo\/image\/"},"sameAs":["https:\/\/www.facebook.com\/AxiomaMS","https:\/\/www.linkedin.com\/company\/axiomams\/"]}]}},"_links":{"self":[{"href":"https:\/\/www.axiomams.eu\/et\/wp-json\/wp\/v2\/product\/40512","targetHints":{"allow":["GET"]}}],"collection":[{"href":"https:\/\/www.axiomams.eu\/et\/wp-json\/wp\/v2\/product"}],"about":[{"href":"https:\/\/www.axiomams.eu\/et\/wp-json\/wp\/v2\/types\/product"}],"replies":[{"embeddable":true,"href":"https:\/\/www.axiomams.eu\/et\/wp-json\/wp\/v2\/comments?post=40512"}],"wp:featuredmedia":[{"embeddable":true,"href":"https:\/\/www.axiomams.eu\/et\/wp-json\/wp\/v2\/media\/42550"}],"wp:attachment":[{"href":"https:\/\/www.axiomams.eu\/et\/wp-json\/wp\/v2\/media?parent=40512"}],"wp:term":[{"taxonomy":"product_brand","embeddable":true,"href":"https:\/\/www.axiomams.eu\/et\/wp-json\/wp\/v2\/product_brand?post=40512"},{"taxonomy":"product_cat","embeddable":true,"href":"https:\/\/www.axiomams.eu\/et\/wp-json\/wp\/v2\/product_cat?post=40512"},{"taxonomy":"product_tag","embeddable":true,"href":"https:\/\/www.axiomams.eu\/et\/wp-json\/wp\/v2\/product_tag?post=40512"}],"curies":[{"name":"wp","href":"https:\/\/api.w.org\/{rel}","templated":true}]}}