{"id":40523,"date":"2025-05-15T18:08:22","date_gmt":"2025-05-15T16:08:22","guid":{"rendered":"https:\/\/www.axiomams.eu\/produktas\/polytec-vibroflex-vibromeeter"},"modified":"2026-02-02T14:33:04","modified_gmt":"2026-02-02T12:33:04","slug":"polytec-vibroflex-vibromeeter","status":"publish","type":"product","link":"https:\/\/www.axiomams.eu\/et\/produktas\/polytec-vibroflex-vibromeeter","title":{"rendered":"Polytec VibroFlex vibromeeter"},"content":{"rendered":"<p><b>VibroFlexiga<\/b> tutvustab <b>Polytec<\/b> uut paindlikkust optilise vibratsioonim\u00f5\u00f5tmise valdkonnas, kasutades modulaarset andurilahendust, mis kohandub vastavalt teie vajadustele: Lisage mikroskoopiline optika pisikeste struktuuride jaoks v\u00f5i m\u00f5\u00f5tke suuri, keerulisi proove, nagu masinad, mootorid jne. Avastage akustika ja vibratsioonin\u00e4htused teadusuuringutes ja tootearenduses, et kiirendada turule j\u00f5udmist, v\u00f5i kasutage seda oma tootmisosade usaldusv\u00e4\u00e4rseks in-line kontrollimiseks, keskendudes kulut\u00f5hususele.<\/p>\n<p>&#8211; Sub-pm nihke eraldusv\u00f5ime ja vibratsioonikiirused kuni 30 m\/s<br \/>\n&#8211; Konfigureeritav ribalaius DC kuni 24 MHz k\u00f5rgeima ajalise eraldusv\u00f5imega<br \/>\n&#8211; Patenteeritud QTec-kontseptsioon, mis h\u00f5lmab mitut tuvastuskanalit parima signaali-m\u00fcra suhte saavutamiseks.<br \/>\n&#8211; Automaat- ja kaugfookusega anduripead suurep\u00e4rase signaalikvaliteedi tagamiseks<br \/>\n&#8211; Kompaktne sensorpea koos integreeritud kaameraga t\u00e4pse laserpositsioneerimise ja proovi j\u00e4lgimise jaoks<br \/>\n&#8211; Diferentsiaalne fiiberoptiline anduripea suhteliste liikumiste eraldamiseks<br \/>\n&#8211; Usaldusv\u00e4\u00e4rne m\u00f5\u00f5tmine isegi keerulistel pindadel (tumedad, \u00f5lised, l\u00e4ikivad, kuumad)<br \/>\n&#8211; Digitaalne andmeliides mugavaks seadistamiseks ja parimaks SNR-iks<br \/>\n&#8211; Lai valik rakendusspetsiifilisi lisaseadmeid<\/p>\n<p><iframe loading=\"lazy\" width=\"560\" height=\"315\" src=\"https:\/\/www.youtube.com\/embed\/xqGnhLMrZ8c\" title=\"YouTube videom\u00e4ngija\" frameborder=\"0\" allow=\"accelerometer; autoplay; clipboard-write; encrypted-media; gyroscope; picture-in-picture; web-share\" allowfullscreen><\/iframe><\/p>\n<h3>Tehniline teave:<\/h3>\n<ul>\n<li><a href=\"https:\/\/axiomams.eu\/importer\/export\/attachments\/en\/polytec-vibroflex.pdf\" target=\"_blank\">Polytec VibroFlex.pdf<\/a><\/li>\n<\/ul>\n","protected":false},"excerpt":{"rendered":"<p>VibroFlexiga tutvustab Polytec uut paindlikkust optilise vibratsioonim\u00f5\u00f5tmise valdkonnas, kasutades modulaarset andurilahendust, mis kohandub vastavalt teie vajadustele: Lisage mikroskoopiline optika pisikeste struktuuride jaoks v\u00f5i m\u00f5\u00f5tke suuri, keerulisi proove, nagu masinad, mootorid jne. Avastage akustika ja vibratsioonin\u00e4htused teadusuuringutes ja tootearenduses, et kiirendada turule j\u00f5udmist, v\u00f5i kasutage seda oma tootmisosade usaldusv\u00e4\u00e4rseks in-line kontrollimiseks, keskendudes kulut\u00f5hususele. &#8211; Sub-pm nihke&#8230;<\/p>\n","protected":false},"featured_media":42572,"comment_status":"open","ping_status":"closed","template":"","meta":{"_acf_changed":false},"product_brand":[17687],"product_cat":[17821],"product_tag":[],"class_list":{"0":"post-40523","1":"product","2":"type-product","3":"status-publish","4":"has-post-thumbnail","6":"product_brand-polytec","7":"product_cat-kontaktivabaks-vibratsioonimootmiseks","9":"first","10":"instock","11":"taxable","12":"shipping-taxable","13":"product-type-simple"},"acf":[],"yoast_head":"<!-- This site is optimized with the Yoast SEO plugin v27.0 - https:\/\/yoast.com\/product\/yoast-seo-wordpress\/ -->\n<title>Polytec VibroFlex vibromeeter - AXIOMA MS<\/title>\n<meta name=\"robots\" content=\"index, follow, max-snippet:-1, max-image-preview:large, max-video-preview:-1\" \/>\n<link rel=\"canonical\" href=\"https:\/\/www.axiomams.eu\/et\/produktas\/polytec-vibroflex-vibromeeter\" \/>\n<meta property=\"og:locale\" content=\"et_EE\" \/>\n<meta property=\"og:type\" content=\"article\" \/>\n<meta property=\"og:title\" content=\"Polytec VibroFlex vibromeeter - AXIOMA MS\" \/>\n<meta property=\"og:description\" content=\"VibroFlexiga tutvustab Polytec uut paindlikkust optilise vibratsioonim\u00f5\u00f5tmise valdkonnas, kasutades modulaarset andurilahendust, mis kohandub vastavalt teie vajadustele: Lisage mikroskoopiline optika pisikeste struktuuride jaoks v\u00f5i m\u00f5\u00f5tke suuri, keerulisi proove, nagu masinad, mootorid jne. Avastage akustika ja vibratsioonin\u00e4htused teadusuuringutes ja tootearenduses, et kiirendada turule j\u00f5udmist, v\u00f5i kasutage seda oma tootmisosade usaldusv\u00e4\u00e4rseks in-line kontrollimiseks, keskendudes kulut\u00f5hususele. &#8211; Sub-pm nihke...\" \/>\n<meta property=\"og:url\" content=\"https:\/\/www.axiomams.eu\/et\/produktas\/polytec-vibroflex-vibromeeter\" \/>\n<meta property=\"og:site_name\" content=\"AXIOMA MS\" \/>\n<meta property=\"article:publisher\" content=\"https:\/\/www.facebook.com\/AxiomaMS\" \/>\n<meta property=\"article:modified_time\" content=\"2026-02-02T12:33:04+00:00\" \/>\n<meta property=\"og:image\" content=\"https:\/\/www.axiomams.eu\/wp-content\/uploads\/2025\/07\/3412-4572.jpg\" \/>\n\t<meta property=\"og:image:width\" content=\"1100\" \/>\n\t<meta property=\"og:image:height\" content=\"734\" \/>\n\t<meta property=\"og:image:type\" content=\"image\/jpeg\" \/>\n<meta name=\"twitter:card\" content=\"summary_large_image\" \/>\n<meta name=\"twitter:label1\" content=\"Est. reading time\" \/>\n\t<meta name=\"twitter:data1\" content=\"1 minut\" \/>\n<script type=\"application\/ld+json\" class=\"yoast-schema-graph\">{\"@context\":\"https:\/\/schema.org\",\"@graph\":[{\"@type\":\"WebPage\",\"@id\":\"https:\/\/www.axiomams.eu\/et\/produktas\/polytec-vibroflex-vibromeeter\",\"url\":\"https:\/\/www.axiomams.eu\/et\/produktas\/polytec-vibroflex-vibromeeter\",\"name\":\"Polytec VibroFlex vibromeeter - AXIOMA MS\",\"isPartOf\":{\"@id\":\"https:\/\/www.axiomams.eu\/et#website\"},\"primaryImageOfPage\":{\"@id\":\"https:\/\/www.axiomams.eu\/et\/produktas\/polytec-vibroflex-vibromeeter#primaryimage\"},\"image\":{\"@id\":\"https:\/\/www.axiomams.eu\/et\/produktas\/polytec-vibroflex-vibromeeter#primaryimage\"},\"thumbnailUrl\":\"https:\/\/www.axiomams.eu\/wp-content\/uploads\/2025\/07\/3412-4572.jpg\",\"datePublished\":\"2025-05-15T16:08:22+00:00\",\"dateModified\":\"2026-02-02T12:33:04+00:00\",\"breadcrumb\":{\"@id\":\"https:\/\/www.axiomams.eu\/et\/produktas\/polytec-vibroflex-vibromeeter#breadcrumb\"},\"inLanguage\":\"et\",\"potentialAction\":[{\"@type\":\"ReadAction\",\"target\":[\"https:\/\/www.axiomams.eu\/et\/produktas\/polytec-vibroflex-vibromeeter\"]}]},{\"@type\":\"ImageObject\",\"inLanguage\":\"et\",\"@id\":\"https:\/\/www.axiomams.eu\/et\/produktas\/polytec-vibroflex-vibromeeter#primaryimage\",\"url\":\"https:\/\/www.axiomams.eu\/wp-content\/uploads\/2025\/07\/3412-4572.jpg\",\"contentUrl\":\"https:\/\/www.axiomams.eu\/wp-content\/uploads\/2025\/07\/3412-4572.jpg\",\"width\":1100,\"height\":734},{\"@type\":\"BreadcrumbList\",\"@id\":\"https:\/\/www.axiomams.eu\/et\/produktas\/polytec-vibroflex-vibromeeter#breadcrumb\",\"itemListElement\":[{\"@type\":\"ListItem\",\"position\":1,\"name\":\"Home\",\"item\":\"https:\/\/www.axiomams.eu\/et\"},{\"@type\":\"ListItem\",\"position\":2,\"name\":\"Tooted\",\"item\":\"https:\/\/www.axiomams.eu\/et\/tooted\"},{\"@type\":\"ListItem\",\"position\":3,\"name\":\"Polytec VibroFlex vibromeeter\"}]},{\"@type\":\"WebSite\",\"@id\":\"https:\/\/www.axiomams.eu\/et#website\",\"url\":\"https:\/\/www.axiomams.eu\/et\",\"name\":\"AXIOMA MS\",\"description\":\"Terrmovizoriai ir matavimo \u012franga\",\"publisher\":{\"@id\":\"https:\/\/www.axiomams.eu\/et#organization\"},\"potentialAction\":[{\"@type\":\"SearchAction\",\"target\":{\"@type\":\"EntryPoint\",\"urlTemplate\":\"https:\/\/www.axiomams.eu\/et?s={search_term_string}\"},\"query-input\":{\"@type\":\"PropertyValueSpecification\",\"valueRequired\":true,\"valueName\":\"search_term_string\"}}],\"inLanguage\":\"et\"},{\"@type\":\"Organization\",\"@id\":\"https:\/\/www.axiomams.eu\/et#organization\",\"name\":\"AXIOMA MS\",\"url\":\"https:\/\/www.axiomams.eu\/et\",\"logo\":{\"@type\":\"ImageObject\",\"inLanguage\":\"et\",\"@id\":\"https:\/\/www.axiomams.eu\/et#\/schema\/logo\/image\/\",\"url\":\"https:\/\/www.axiomams.eu\/wp-content\/uploads\/2025\/06\/axioma-logo-2.png\",\"contentUrl\":\"https:\/\/www.axiomams.eu\/wp-content\/uploads\/2025\/06\/axioma-logo-2.png\",\"width\":1200,\"height\":1200,\"caption\":\"AXIOMA MS\"},\"image\":{\"@id\":\"https:\/\/www.axiomams.eu\/et#\/schema\/logo\/image\/\"},\"sameAs\":[\"https:\/\/www.facebook.com\/AxiomaMS\",\"https:\/\/www.linkedin.com\/company\/axiomams\/\"]}]}<\/script>\n<!-- \/ Yoast SEO plugin. -->","yoast_head_json":{"title":"Polytec VibroFlex vibromeeter - AXIOMA MS","robots":{"index":"index","follow":"follow","max-snippet":"max-snippet:-1","max-image-preview":"max-image-preview:large","max-video-preview":"max-video-preview:-1"},"canonical":"https:\/\/www.axiomams.eu\/et\/produktas\/polytec-vibroflex-vibromeeter","og_locale":"et_EE","og_type":"article","og_title":"Polytec VibroFlex vibromeeter - AXIOMA MS","og_description":"VibroFlexiga tutvustab Polytec uut paindlikkust optilise vibratsioonim\u00f5\u00f5tmise valdkonnas, kasutades modulaarset andurilahendust, mis kohandub vastavalt teie vajadustele: Lisage mikroskoopiline optika pisikeste struktuuride jaoks v\u00f5i m\u00f5\u00f5tke suuri, keerulisi proove, nagu masinad, mootorid jne. Avastage akustika ja vibratsioonin\u00e4htused teadusuuringutes ja tootearenduses, et kiirendada turule j\u00f5udmist, v\u00f5i kasutage seda oma tootmisosade usaldusv\u00e4\u00e4rseks in-line kontrollimiseks, keskendudes kulut\u00f5hususele. &#8211; Sub-pm nihke...","og_url":"https:\/\/www.axiomams.eu\/et\/produktas\/polytec-vibroflex-vibromeeter","og_site_name":"AXIOMA MS","article_publisher":"https:\/\/www.facebook.com\/AxiomaMS","article_modified_time":"2026-02-02T12:33:04+00:00","og_image":[{"width":1100,"height":734,"url":"https:\/\/www.axiomams.eu\/wp-content\/uploads\/2025\/07\/3412-4572.jpg","type":"image\/jpeg"}],"twitter_card":"summary_large_image","twitter_misc":{"Est. reading time":"1 minut"},"schema":{"@context":"https:\/\/schema.org","@graph":[{"@type":"WebPage","@id":"https:\/\/www.axiomams.eu\/et\/produktas\/polytec-vibroflex-vibromeeter","url":"https:\/\/www.axiomams.eu\/et\/produktas\/polytec-vibroflex-vibromeeter","name":"Polytec VibroFlex vibromeeter - AXIOMA MS","isPartOf":{"@id":"https:\/\/www.axiomams.eu\/et#website"},"primaryImageOfPage":{"@id":"https:\/\/www.axiomams.eu\/et\/produktas\/polytec-vibroflex-vibromeeter#primaryimage"},"image":{"@id":"https:\/\/www.axiomams.eu\/et\/produktas\/polytec-vibroflex-vibromeeter#primaryimage"},"thumbnailUrl":"https:\/\/www.axiomams.eu\/wp-content\/uploads\/2025\/07\/3412-4572.jpg","datePublished":"2025-05-15T16:08:22+00:00","dateModified":"2026-02-02T12:33:04+00:00","breadcrumb":{"@id":"https:\/\/www.axiomams.eu\/et\/produktas\/polytec-vibroflex-vibromeeter#breadcrumb"},"inLanguage":"et","potentialAction":[{"@type":"ReadAction","target":["https:\/\/www.axiomams.eu\/et\/produktas\/polytec-vibroflex-vibromeeter"]}]},{"@type":"ImageObject","inLanguage":"et","@id":"https:\/\/www.axiomams.eu\/et\/produktas\/polytec-vibroflex-vibromeeter#primaryimage","url":"https:\/\/www.axiomams.eu\/wp-content\/uploads\/2025\/07\/3412-4572.jpg","contentUrl":"https:\/\/www.axiomams.eu\/wp-content\/uploads\/2025\/07\/3412-4572.jpg","width":1100,"height":734},{"@type":"BreadcrumbList","@id":"https:\/\/www.axiomams.eu\/et\/produktas\/polytec-vibroflex-vibromeeter#breadcrumb","itemListElement":[{"@type":"ListItem","position":1,"name":"Home","item":"https:\/\/www.axiomams.eu\/et"},{"@type":"ListItem","position":2,"name":"Tooted","item":"https:\/\/www.axiomams.eu\/et\/tooted"},{"@type":"ListItem","position":3,"name":"Polytec VibroFlex vibromeeter"}]},{"@type":"WebSite","@id":"https:\/\/www.axiomams.eu\/et#website","url":"https:\/\/www.axiomams.eu\/et","name":"AXIOMA MS","description":"Terrmovizoriai ir matavimo \u012franga","publisher":{"@id":"https:\/\/www.axiomams.eu\/et#organization"},"potentialAction":[{"@type":"SearchAction","target":{"@type":"EntryPoint","urlTemplate":"https:\/\/www.axiomams.eu\/et?s={search_term_string}"},"query-input":{"@type":"PropertyValueSpecification","valueRequired":true,"valueName":"search_term_string"}}],"inLanguage":"et"},{"@type":"Organization","@id":"https:\/\/www.axiomams.eu\/et#organization","name":"AXIOMA MS","url":"https:\/\/www.axiomams.eu\/et","logo":{"@type":"ImageObject","inLanguage":"et","@id":"https:\/\/www.axiomams.eu\/et#\/schema\/logo\/image\/","url":"https:\/\/www.axiomams.eu\/wp-content\/uploads\/2025\/06\/axioma-logo-2.png","contentUrl":"https:\/\/www.axiomams.eu\/wp-content\/uploads\/2025\/06\/axioma-logo-2.png","width":1200,"height":1200,"caption":"AXIOMA MS"},"image":{"@id":"https:\/\/www.axiomams.eu\/et#\/schema\/logo\/image\/"},"sameAs":["https:\/\/www.facebook.com\/AxiomaMS","https:\/\/www.linkedin.com\/company\/axiomams\/"]}]}},"_links":{"self":[{"href":"https:\/\/www.axiomams.eu\/et\/wp-json\/wp\/v2\/product\/40523","targetHints":{"allow":["GET"]}}],"collection":[{"href":"https:\/\/www.axiomams.eu\/et\/wp-json\/wp\/v2\/product"}],"about":[{"href":"https:\/\/www.axiomams.eu\/et\/wp-json\/wp\/v2\/types\/product"}],"replies":[{"embeddable":true,"href":"https:\/\/www.axiomams.eu\/et\/wp-json\/wp\/v2\/comments?post=40523"}],"wp:featuredmedia":[{"embeddable":true,"href":"https:\/\/www.axiomams.eu\/et\/wp-json\/wp\/v2\/media\/42572"}],"wp:attachment":[{"href":"https:\/\/www.axiomams.eu\/et\/wp-json\/wp\/v2\/media?parent=40523"}],"wp:term":[{"taxonomy":"product_brand","embeddable":true,"href":"https:\/\/www.axiomams.eu\/et\/wp-json\/wp\/v2\/product_brand?post=40523"},{"taxonomy":"product_cat","embeddable":true,"href":"https:\/\/www.axiomams.eu\/et\/wp-json\/wp\/v2\/product_cat?post=40523"},{"taxonomy":"product_tag","embeddable":true,"href":"https:\/\/www.axiomams.eu\/et\/wp-json\/wp\/v2\/product_tag?post=40523"}],"curies":[{"name":"wp","href":"https:\/\/api.w.org\/{rel}","templated":true}]}}