{"id":40524,"date":"2025-05-15T18:08:25","date_gmt":"2025-05-15T16:08:25","guid":{"rendered":"https:\/\/www.axiomams.eu\/produktas\/polytec-vibrogo-vibromeeter"},"modified":"2026-02-02T14:33:04","modified_gmt":"2026-02-02T12:33:04","slug":"polytec-vibrogo-vibromeeter","status":"publish","type":"product","link":"https:\/\/www.axiomams.eu\/et\/produktas\/polytec-vibrogo-vibromeeter","title":{"rendered":"Polytec VibroGo vibromeeter"},"content":{"rendered":"<p><b>Polytec VibroGo<\/b> on t\u00f5eliselt kaasaskantav, akutoitega laservibromeeter v\u00e4liuuringuteks ning masinate ja rajatiste kiireks ja lihtsaks seisundi j\u00e4lgimiseks liikvel olles. See kaasaskantav andur tuvastab m\u00fcra ja vibratsiooni ning kuvab m\u00f5\u00f5tmisandmed otse aja- ja sagedusvahemikus.<\/p>\n<p>&#8211; Uurige akustikat ja d\u00fcnaamikat laseriga t\u00e4pselt nii v\u00e4litingimustes kui ka laboris.<br \/>\n&#8211; Lihtne kasutada, puuteekraan ja automaatne fookus<br \/>\n&#8211; Pardal olev m\u00f5\u00f5tmisandmete salvestamine, j\u00e4lgimine ja kiire anal\u00fc\u00fcs<br \/>\n&#8211; Juhtmevaba m\u00f5\u00f5tmine ja kaugjuhtimine k\u00f5ikjalt t\u00e4iustatud \u00fchenduvuse kontseptsiooni raames<br \/>\n&#8211; Kerge, mitmek\u00fclgne ja v\u00e4litingimustes kasutatav (IP64)<br \/>\n&#8211; M\u00f5\u00f5tmine kuni 30 m kauguselt, alalisvoolust kuni 320 kHz ulatuses<br \/>\n&#8211; Laiendatud kiirusvahemik kuni 6 m\/s<br \/>\n&#8211; nihkumine ja kiirendus on saadaval t\u00e4iendavate v\u00e4ljundsignaalidena<br \/>\n&#8211; Analoog- ja digitaalsignaali v\u00e4ljund<br \/>\n&#8211; Valikuline mobiilne toiteallikas kuni 3-tunniseks t\u00f6\u00f6ks<\/p>\n<p><iframe loading=\"lazy\" width=\"560\" height=\"315\" src=\"https:\/\/www.youtube.com\/embed\/zyPLt-YI8BM\" title=\"YouTube videom\u00e4ngija\" frameborder=\"0\" allow=\"accelerometer; autoplay; clipboard-write; encrypted-media; gyroscope; picture-in-picture; web-share\" allowfullscreen><\/iframe><\/p>\n<h3>Tehniline teave:<\/h3>\n<ul>\n<li><a href=\"https:\/\/axiomams.eu\/importer\/export\/attachments\/en\/polytec-vibrogo.pdf\" target=\"_blank\">Polytec VibroGo.pdf<\/a><\/li>\n<\/ul>\n","protected":false},"excerpt":{"rendered":"<p>Polytec VibroGo on t\u00f5eliselt kaasaskantav, akutoitega laservibromeeter v\u00e4liuuringuteks ning masinate ja rajatiste kiireks ja lihtsaks seisundi j\u00e4lgimiseks liikvel olles. See kaasaskantav andur tuvastab m\u00fcra ja vibratsiooni ning kuvab m\u00f5\u00f5tmisandmed otse aja- ja sagedusvahemikus. &#8211; Uurige akustikat ja d\u00fcnaamikat laseriga t\u00e4pselt nii v\u00e4litingimustes kui ka laboris. &#8211; Lihtne kasutada, puuteekraan ja automaatne fookus &#8211; Pardal olev&#8230;<\/p>\n","protected":false},"featured_media":42574,"comment_status":"open","ping_status":"closed","template":"","meta":{"_acf_changed":false},"product_brand":[17687],"product_cat":[17821],"product_tag":[],"class_list":{"0":"post-40524","1":"product","2":"type-product","3":"status-publish","4":"has-post-thumbnail","6":"product_brand-polytec","7":"product_cat-kontaktivabaks-vibratsioonimootmiseks","9":"first","10":"instock","11":"taxable","12":"shipping-taxable","13":"product-type-simple"},"acf":[],"yoast_head":"<!-- This site is optimized with the Yoast SEO plugin v27.0 - https:\/\/yoast.com\/product\/yoast-seo-wordpress\/ -->\n<title>Polytec VibroGo vibromeeter - AXIOMA MS<\/title>\n<meta name=\"robots\" content=\"index, follow, max-snippet:-1, max-image-preview:large, max-video-preview:-1\" \/>\n<link rel=\"canonical\" href=\"https:\/\/www.axiomams.eu\/et\/produktas\/polytec-vibrogo-vibromeeter\" \/>\n<meta property=\"og:locale\" content=\"et_EE\" \/>\n<meta property=\"og:type\" content=\"article\" \/>\n<meta property=\"og:title\" content=\"Polytec VibroGo vibromeeter - AXIOMA MS\" \/>\n<meta property=\"og:description\" content=\"Polytec VibroGo on t\u00f5eliselt kaasaskantav, akutoitega laservibromeeter v\u00e4liuuringuteks ning masinate ja rajatiste kiireks ja lihtsaks seisundi j\u00e4lgimiseks liikvel olles. See kaasaskantav andur tuvastab m\u00fcra ja vibratsiooni ning kuvab m\u00f5\u00f5tmisandmed otse aja- ja sagedusvahemikus. &#8211; Uurige akustikat ja d\u00fcnaamikat laseriga t\u00e4pselt nii v\u00e4litingimustes kui ka laboris. &#8211; Lihtne kasutada, puuteekraan ja automaatne fookus &#8211; Pardal olev...\" \/>\n<meta property=\"og:url\" content=\"https:\/\/www.axiomams.eu\/et\/produktas\/polytec-vibrogo-vibromeeter\" \/>\n<meta property=\"og:site_name\" content=\"AXIOMA MS\" \/>\n<meta property=\"article:publisher\" content=\"https:\/\/www.facebook.com\/AxiomaMS\" \/>\n<meta property=\"article:modified_time\" content=\"2026-02-02T12:33:04+00:00\" \/>\n<meta property=\"og:image\" content=\"https:\/\/www.axiomams.eu\/wp-content\/uploads\/2025\/07\/3428-4598.jpg\" \/>\n\t<meta property=\"og:image:width\" content=\"930\" \/>\n\t<meta property=\"og:image:height\" content=\"930\" \/>\n\t<meta property=\"og:image:type\" content=\"image\/jpeg\" \/>\n<meta name=\"twitter:card\" content=\"summary_large_image\" \/>\n<meta name=\"twitter:label1\" content=\"Est. reading time\" \/>\n\t<meta name=\"twitter:data1\" content=\"1 minut\" \/>\n<script type=\"application\/ld+json\" class=\"yoast-schema-graph\">{\"@context\":\"https:\/\/schema.org\",\"@graph\":[{\"@type\":\"WebPage\",\"@id\":\"https:\/\/www.axiomams.eu\/et\/produktas\/polytec-vibrogo-vibromeeter\",\"url\":\"https:\/\/www.axiomams.eu\/et\/produktas\/polytec-vibrogo-vibromeeter\",\"name\":\"Polytec VibroGo vibromeeter - AXIOMA MS\",\"isPartOf\":{\"@id\":\"https:\/\/www.axiomams.eu\/et#website\"},\"primaryImageOfPage\":{\"@id\":\"https:\/\/www.axiomams.eu\/et\/produktas\/polytec-vibrogo-vibromeeter#primaryimage\"},\"image\":{\"@id\":\"https:\/\/www.axiomams.eu\/et\/produktas\/polytec-vibrogo-vibromeeter#primaryimage\"},\"thumbnailUrl\":\"https:\/\/www.axiomams.eu\/wp-content\/uploads\/2025\/07\/3428-4598.jpg\",\"datePublished\":\"2025-05-15T16:08:25+00:00\",\"dateModified\":\"2026-02-02T12:33:04+00:00\",\"breadcrumb\":{\"@id\":\"https:\/\/www.axiomams.eu\/et\/produktas\/polytec-vibrogo-vibromeeter#breadcrumb\"},\"inLanguage\":\"et\",\"potentialAction\":[{\"@type\":\"ReadAction\",\"target\":[\"https:\/\/www.axiomams.eu\/et\/produktas\/polytec-vibrogo-vibromeeter\"]}]},{\"@type\":\"ImageObject\",\"inLanguage\":\"et\",\"@id\":\"https:\/\/www.axiomams.eu\/et\/produktas\/polytec-vibrogo-vibromeeter#primaryimage\",\"url\":\"https:\/\/www.axiomams.eu\/wp-content\/uploads\/2025\/07\/3428-4598.jpg\",\"contentUrl\":\"https:\/\/www.axiomams.eu\/wp-content\/uploads\/2025\/07\/3428-4598.jpg\",\"width\":930,\"height\":930},{\"@type\":\"BreadcrumbList\",\"@id\":\"https:\/\/www.axiomams.eu\/et\/produktas\/polytec-vibrogo-vibromeeter#breadcrumb\",\"itemListElement\":[{\"@type\":\"ListItem\",\"position\":1,\"name\":\"Home\",\"item\":\"https:\/\/www.axiomams.eu\/et\"},{\"@type\":\"ListItem\",\"position\":2,\"name\":\"Tooted\",\"item\":\"https:\/\/www.axiomams.eu\/et\/tooted\"},{\"@type\":\"ListItem\",\"position\":3,\"name\":\"Polytec VibroGo vibromeeter\"}]},{\"@type\":\"WebSite\",\"@id\":\"https:\/\/www.axiomams.eu\/et#website\",\"url\":\"https:\/\/www.axiomams.eu\/et\",\"name\":\"AXIOMA MS\",\"description\":\"Terrmovizoriai ir matavimo \u012franga\",\"publisher\":{\"@id\":\"https:\/\/www.axiomams.eu\/et#organization\"},\"potentialAction\":[{\"@type\":\"SearchAction\",\"target\":{\"@type\":\"EntryPoint\",\"urlTemplate\":\"https:\/\/www.axiomams.eu\/et?s={search_term_string}\"},\"query-input\":{\"@type\":\"PropertyValueSpecification\",\"valueRequired\":true,\"valueName\":\"search_term_string\"}}],\"inLanguage\":\"et\"},{\"@type\":\"Organization\",\"@id\":\"https:\/\/www.axiomams.eu\/et#organization\",\"name\":\"AXIOMA MS\",\"url\":\"https:\/\/www.axiomams.eu\/et\",\"logo\":{\"@type\":\"ImageObject\",\"inLanguage\":\"et\",\"@id\":\"https:\/\/www.axiomams.eu\/et#\/schema\/logo\/image\/\",\"url\":\"https:\/\/www.axiomams.eu\/wp-content\/uploads\/2025\/06\/axioma-logo-2.png\",\"contentUrl\":\"https:\/\/www.axiomams.eu\/wp-content\/uploads\/2025\/06\/axioma-logo-2.png\",\"width\":1200,\"height\":1200,\"caption\":\"AXIOMA MS\"},\"image\":{\"@id\":\"https:\/\/www.axiomams.eu\/et#\/schema\/logo\/image\/\"},\"sameAs\":[\"https:\/\/www.facebook.com\/AxiomaMS\",\"https:\/\/www.linkedin.com\/company\/axiomams\/\"]}]}<\/script>\n<!-- \/ Yoast SEO plugin. -->","yoast_head_json":{"title":"Polytec VibroGo vibromeeter - AXIOMA MS","robots":{"index":"index","follow":"follow","max-snippet":"max-snippet:-1","max-image-preview":"max-image-preview:large","max-video-preview":"max-video-preview:-1"},"canonical":"https:\/\/www.axiomams.eu\/et\/produktas\/polytec-vibrogo-vibromeeter","og_locale":"et_EE","og_type":"article","og_title":"Polytec VibroGo vibromeeter - AXIOMA MS","og_description":"Polytec VibroGo on t\u00f5eliselt kaasaskantav, akutoitega laservibromeeter v\u00e4liuuringuteks ning masinate ja rajatiste kiireks ja lihtsaks seisundi j\u00e4lgimiseks liikvel olles. See kaasaskantav andur tuvastab m\u00fcra ja vibratsiooni ning kuvab m\u00f5\u00f5tmisandmed otse aja- ja sagedusvahemikus. &#8211; Uurige akustikat ja d\u00fcnaamikat laseriga t\u00e4pselt nii v\u00e4litingimustes kui ka laboris. &#8211; Lihtne kasutada, puuteekraan ja automaatne fookus &#8211; Pardal olev...","og_url":"https:\/\/www.axiomams.eu\/et\/produktas\/polytec-vibrogo-vibromeeter","og_site_name":"AXIOMA MS","article_publisher":"https:\/\/www.facebook.com\/AxiomaMS","article_modified_time":"2026-02-02T12:33:04+00:00","og_image":[{"width":930,"height":930,"url":"https:\/\/www.axiomams.eu\/wp-content\/uploads\/2025\/07\/3428-4598.jpg","type":"image\/jpeg"}],"twitter_card":"summary_large_image","twitter_misc":{"Est. reading time":"1 minut"},"schema":{"@context":"https:\/\/schema.org","@graph":[{"@type":"WebPage","@id":"https:\/\/www.axiomams.eu\/et\/produktas\/polytec-vibrogo-vibromeeter","url":"https:\/\/www.axiomams.eu\/et\/produktas\/polytec-vibrogo-vibromeeter","name":"Polytec VibroGo vibromeeter - AXIOMA MS","isPartOf":{"@id":"https:\/\/www.axiomams.eu\/et#website"},"primaryImageOfPage":{"@id":"https:\/\/www.axiomams.eu\/et\/produktas\/polytec-vibrogo-vibromeeter#primaryimage"},"image":{"@id":"https:\/\/www.axiomams.eu\/et\/produktas\/polytec-vibrogo-vibromeeter#primaryimage"},"thumbnailUrl":"https:\/\/www.axiomams.eu\/wp-content\/uploads\/2025\/07\/3428-4598.jpg","datePublished":"2025-05-15T16:08:25+00:00","dateModified":"2026-02-02T12:33:04+00:00","breadcrumb":{"@id":"https:\/\/www.axiomams.eu\/et\/produktas\/polytec-vibrogo-vibromeeter#breadcrumb"},"inLanguage":"et","potentialAction":[{"@type":"ReadAction","target":["https:\/\/www.axiomams.eu\/et\/produktas\/polytec-vibrogo-vibromeeter"]}]},{"@type":"ImageObject","inLanguage":"et","@id":"https:\/\/www.axiomams.eu\/et\/produktas\/polytec-vibrogo-vibromeeter#primaryimage","url":"https:\/\/www.axiomams.eu\/wp-content\/uploads\/2025\/07\/3428-4598.jpg","contentUrl":"https:\/\/www.axiomams.eu\/wp-content\/uploads\/2025\/07\/3428-4598.jpg","width":930,"height":930},{"@type":"BreadcrumbList","@id":"https:\/\/www.axiomams.eu\/et\/produktas\/polytec-vibrogo-vibromeeter#breadcrumb","itemListElement":[{"@type":"ListItem","position":1,"name":"Home","item":"https:\/\/www.axiomams.eu\/et"},{"@type":"ListItem","position":2,"name":"Tooted","item":"https:\/\/www.axiomams.eu\/et\/tooted"},{"@type":"ListItem","position":3,"name":"Polytec VibroGo vibromeeter"}]},{"@type":"WebSite","@id":"https:\/\/www.axiomams.eu\/et#website","url":"https:\/\/www.axiomams.eu\/et","name":"AXIOMA MS","description":"Terrmovizoriai ir matavimo \u012franga","publisher":{"@id":"https:\/\/www.axiomams.eu\/et#organization"},"potentialAction":[{"@type":"SearchAction","target":{"@type":"EntryPoint","urlTemplate":"https:\/\/www.axiomams.eu\/et?s={search_term_string}"},"query-input":{"@type":"PropertyValueSpecification","valueRequired":true,"valueName":"search_term_string"}}],"inLanguage":"et"},{"@type":"Organization","@id":"https:\/\/www.axiomams.eu\/et#organization","name":"AXIOMA MS","url":"https:\/\/www.axiomams.eu\/et","logo":{"@type":"ImageObject","inLanguage":"et","@id":"https:\/\/www.axiomams.eu\/et#\/schema\/logo\/image\/","url":"https:\/\/www.axiomams.eu\/wp-content\/uploads\/2025\/06\/axioma-logo-2.png","contentUrl":"https:\/\/www.axiomams.eu\/wp-content\/uploads\/2025\/06\/axioma-logo-2.png","width":1200,"height":1200,"caption":"AXIOMA MS"},"image":{"@id":"https:\/\/www.axiomams.eu\/et#\/schema\/logo\/image\/"},"sameAs":["https:\/\/www.facebook.com\/AxiomaMS","https:\/\/www.linkedin.com\/company\/axiomams\/"]}]}},"_links":{"self":[{"href":"https:\/\/www.axiomams.eu\/et\/wp-json\/wp\/v2\/product\/40524","targetHints":{"allow":["GET"]}}],"collection":[{"href":"https:\/\/www.axiomams.eu\/et\/wp-json\/wp\/v2\/product"}],"about":[{"href":"https:\/\/www.axiomams.eu\/et\/wp-json\/wp\/v2\/types\/product"}],"replies":[{"embeddable":true,"href":"https:\/\/www.axiomams.eu\/et\/wp-json\/wp\/v2\/comments?post=40524"}],"wp:featuredmedia":[{"embeddable":true,"href":"https:\/\/www.axiomams.eu\/et\/wp-json\/wp\/v2\/media\/42574"}],"wp:attachment":[{"href":"https:\/\/www.axiomams.eu\/et\/wp-json\/wp\/v2\/media?parent=40524"}],"wp:term":[{"taxonomy":"product_brand","embeddable":true,"href":"https:\/\/www.axiomams.eu\/et\/wp-json\/wp\/v2\/product_brand?post=40524"},{"taxonomy":"product_cat","embeddable":true,"href":"https:\/\/www.axiomams.eu\/et\/wp-json\/wp\/v2\/product_cat?post=40524"},{"taxonomy":"product_tag","embeddable":true,"href":"https:\/\/www.axiomams.eu\/et\/wp-json\/wp\/v2\/product_tag?post=40524"}],"curies":[{"name":"wp","href":"https:\/\/api.w.org\/{rel}","templated":true}]}}