{"id":40529,"date":"2025-10-13T10:33:12","date_gmt":"2025-10-13T08:33:12","guid":{"rendered":"https:\/\/www.axiomams.eu\/produktas\/extech-vpc260-osakeste-loendur"},"modified":"2026-02-02T14:33:05","modified_gmt":"2026-02-02T12:33:05","slug":"extech-vpc260-osakeste-loendur","status":"publish","type":"product","link":"https:\/\/www.axiomams.eu\/et\/produktas\/extech-vpc260-osakeste-loendur","title":{"rendered":"Extech VPC260 osakeste loendur"},"content":{"rendered":"<p>Extech VPC260 on t\u00e4pne 6-kanaliline osakeste loendur, mis on m\u00f5eldud t\u00f6\u00f6koha keskkonnatervise ja sise\u00f5hu kvaliteedi j\u00e4lgimiseks. See m\u00f5\u00f5dab kuni kuue kanaliga osakeste suurust koos peamiste atmosf\u00e4\u00e4riparameetritega, nagu \u00f5hutemperatuur, suhteline \u00f5huniiskus, kastepunkt ja m\u00e4rg pirn. VPC260 sobib ideaalselt heitgaaside, suitsu, sissehingatava kristallilise r\u00e4nidioksiiditolmu (RCS), \u00f5hus leiduva p\u00f5leva tolmu ja muude ohtlike \u00f5husaasteainete tuvastamiseks ja hindamiseks ning pakub usaldusv\u00e4\u00e4rseid ja t\u00e4pseid andmeid ohutu ja tervisliku t\u00f6\u00f6keskkonna s\u00e4ilitamiseks.<\/p>\n<p>Standard: seade, universaalne laadija, USB-kaabel, tarkvara, statiiv, filter, k\u00f5vakott, kasutusjuhend.<\/p>\n<h3>Tehniline teave:<\/h3>\n<ul>\n<li><a href=\"https:\/\/axiomams.eu\/importer\/export\/attachments\/en\/vpc260-datasheet.pdf\" target=\"_blank\">VPC260 Datasheet.pdf<\/a><\/li>\n<\/ul>\n","protected":false},"excerpt":{"rendered":"<p>Extech VPC260 on t\u00e4pne 6-kanaliline osakeste loendur, mis on m\u00f5eldud t\u00f6\u00f6koha keskkonnatervise ja sise\u00f5hu kvaliteedi j\u00e4lgimiseks. See m\u00f5\u00f5dab kuni kuue kanaliga osakeste suurust koos peamiste atmosf\u00e4\u00e4riparameetritega, nagu \u00f5hutemperatuur, suhteline \u00f5huniiskus, kastepunkt ja m\u00e4rg pirn. VPC260 sobib ideaalselt heitgaaside, suitsu, sissehingatava kristallilise r\u00e4nidioksiiditolmu (RCS), \u00f5hus leiduva p\u00f5leva tolmu ja muude ohtlike \u00f5husaasteainete tuvastamiseks ja hindamiseks ning&#8230;<\/p>\n","protected":false},"featured_media":42584,"comment_status":"open","ping_status":"closed","template":"","meta":{"_acf_changed":false},"product_brand":[738],"product_cat":[17789],"product_tag":[],"class_list":{"0":"post-40529","1":"product","2":"type-product","3":"status-publish","4":"has-post-thumbnail","6":"product_brand-extech","7":"product_cat-tolmu-elektromagnetvalja-mootmine","9":"first","10":"instock","11":"taxable","12":"shipping-taxable","13":"purchasable","14":"product-type-simple"},"acf":[],"yoast_head":"<!-- This site is optimized with the Yoast SEO plugin v27.0 - https:\/\/yoast.com\/product\/yoast-seo-wordpress\/ -->\n<title>Extech VPC260 osakeste loendur - AXIOMA MS<\/title>\n<meta name=\"robots\" content=\"index, follow, max-snippet:-1, max-image-preview:large, max-video-preview:-1\" \/>\n<link rel=\"canonical\" href=\"https:\/\/www.axiomams.eu\/et\/produktas\/extech-vpc260-osakeste-loendur\" \/>\n<meta property=\"og:locale\" content=\"et_EE\" \/>\n<meta property=\"og:type\" content=\"article\" \/>\n<meta property=\"og:title\" content=\"Extech VPC260 osakeste loendur - AXIOMA MS\" \/>\n<meta property=\"og:description\" content=\"Extech VPC260 on t\u00e4pne 6-kanaliline osakeste loendur, mis on m\u00f5eldud t\u00f6\u00f6koha keskkonnatervise ja sise\u00f5hu kvaliteedi j\u00e4lgimiseks. See m\u00f5\u00f5dab kuni kuue kanaliga osakeste suurust koos peamiste atmosf\u00e4\u00e4riparameetritega, nagu \u00f5hutemperatuur, suhteline \u00f5huniiskus, kastepunkt ja m\u00e4rg pirn. VPC260 sobib ideaalselt heitgaaside, suitsu, sissehingatava kristallilise r\u00e4nidioksiiditolmu (RCS), \u00f5hus leiduva p\u00f5leva tolmu ja muude ohtlike \u00f5husaasteainete tuvastamiseks ja hindamiseks ning...\" \/>\n<meta property=\"og:url\" content=\"https:\/\/www.axiomams.eu\/et\/produktas\/extech-vpc260-osakeste-loendur\" \/>\n<meta property=\"og:site_name\" content=\"AXIOMA MS\" \/>\n<meta property=\"article:publisher\" content=\"https:\/\/www.facebook.com\/AxiomaMS\" \/>\n<meta property=\"article:modified_time\" content=\"2026-02-02T12:33:05+00:00\" \/>\n<meta property=\"og:image\" content=\"https:\/\/www.axiomams.eu\/wp-content\/uploads\/2025\/10\/4682-6194.jpg\" \/>\n\t<meta property=\"og:image:width\" content=\"600\" \/>\n\t<meta property=\"og:image:height\" content=\"625\" \/>\n\t<meta property=\"og:image:type\" content=\"image\/jpeg\" \/>\n<meta name=\"twitter:card\" content=\"summary_large_image\" \/>\n<script type=\"application\/ld+json\" class=\"yoast-schema-graph\">{\"@context\":\"https:\/\/schema.org\",\"@graph\":[{\"@type\":\"WebPage\",\"@id\":\"https:\/\/www.axiomams.eu\/et\/produktas\/extech-vpc260-osakeste-loendur\",\"url\":\"https:\/\/www.axiomams.eu\/et\/produktas\/extech-vpc260-osakeste-loendur\",\"name\":\"Extech VPC260 osakeste loendur - AXIOMA MS\",\"isPartOf\":{\"@id\":\"https:\/\/www.axiomams.eu\/et#website\"},\"primaryImageOfPage\":{\"@id\":\"https:\/\/www.axiomams.eu\/et\/produktas\/extech-vpc260-osakeste-loendur#primaryimage\"},\"image\":{\"@id\":\"https:\/\/www.axiomams.eu\/et\/produktas\/extech-vpc260-osakeste-loendur#primaryimage\"},\"thumbnailUrl\":\"https:\/\/www.axiomams.eu\/wp-content\/uploads\/2025\/10\/4682-6194.jpg\",\"datePublished\":\"2025-10-13T08:33:12+00:00\",\"dateModified\":\"2026-02-02T12:33:05+00:00\",\"breadcrumb\":{\"@id\":\"https:\/\/www.axiomams.eu\/et\/produktas\/extech-vpc260-osakeste-loendur#breadcrumb\"},\"inLanguage\":\"et\",\"potentialAction\":[{\"@type\":\"ReadAction\",\"target\":[\"https:\/\/www.axiomams.eu\/et\/produktas\/extech-vpc260-osakeste-loendur\"]}]},{\"@type\":\"ImageObject\",\"inLanguage\":\"et\",\"@id\":\"https:\/\/www.axiomams.eu\/et\/produktas\/extech-vpc260-osakeste-loendur#primaryimage\",\"url\":\"https:\/\/www.axiomams.eu\/wp-content\/uploads\/2025\/10\/4682-6194.jpg\",\"contentUrl\":\"https:\/\/www.axiomams.eu\/wp-content\/uploads\/2025\/10\/4682-6194.jpg\",\"width\":600,\"height\":625},{\"@type\":\"BreadcrumbList\",\"@id\":\"https:\/\/www.axiomams.eu\/et\/produktas\/extech-vpc260-osakeste-loendur#breadcrumb\",\"itemListElement\":[{\"@type\":\"ListItem\",\"position\":1,\"name\":\"Home\",\"item\":\"https:\/\/www.axiomams.eu\/et\"},{\"@type\":\"ListItem\",\"position\":2,\"name\":\"Tooted\",\"item\":\"https:\/\/www.axiomams.eu\/et\/tooted\"},{\"@type\":\"ListItem\",\"position\":3,\"name\":\"Extech VPC260 osakeste loendur\"}]},{\"@type\":\"WebSite\",\"@id\":\"https:\/\/www.axiomams.eu\/et#website\",\"url\":\"https:\/\/www.axiomams.eu\/et\",\"name\":\"AXIOMA MS\",\"description\":\"Terrmovizoriai ir matavimo \u012franga\",\"publisher\":{\"@id\":\"https:\/\/www.axiomams.eu\/et#organization\"},\"potentialAction\":[{\"@type\":\"SearchAction\",\"target\":{\"@type\":\"EntryPoint\",\"urlTemplate\":\"https:\/\/www.axiomams.eu\/et?s={search_term_string}\"},\"query-input\":{\"@type\":\"PropertyValueSpecification\",\"valueRequired\":true,\"valueName\":\"search_term_string\"}}],\"inLanguage\":\"et\"},{\"@type\":\"Organization\",\"@id\":\"https:\/\/www.axiomams.eu\/et#organization\",\"name\":\"AXIOMA MS\",\"url\":\"https:\/\/www.axiomams.eu\/et\",\"logo\":{\"@type\":\"ImageObject\",\"inLanguage\":\"et\",\"@id\":\"https:\/\/www.axiomams.eu\/et#\/schema\/logo\/image\/\",\"url\":\"https:\/\/www.axiomams.eu\/wp-content\/uploads\/2025\/06\/axioma-logo-2.png\",\"contentUrl\":\"https:\/\/www.axiomams.eu\/wp-content\/uploads\/2025\/06\/axioma-logo-2.png\",\"width\":1200,\"height\":1200,\"caption\":\"AXIOMA MS\"},\"image\":{\"@id\":\"https:\/\/www.axiomams.eu\/et#\/schema\/logo\/image\/\"},\"sameAs\":[\"https:\/\/www.facebook.com\/AxiomaMS\",\"https:\/\/www.linkedin.com\/company\/axiomams\/\"]}]}<\/script>\n<!-- \/ Yoast SEO plugin. -->","yoast_head_json":{"title":"Extech VPC260 osakeste loendur - AXIOMA MS","robots":{"index":"index","follow":"follow","max-snippet":"max-snippet:-1","max-image-preview":"max-image-preview:large","max-video-preview":"max-video-preview:-1"},"canonical":"https:\/\/www.axiomams.eu\/et\/produktas\/extech-vpc260-osakeste-loendur","og_locale":"et_EE","og_type":"article","og_title":"Extech VPC260 osakeste loendur - AXIOMA MS","og_description":"Extech VPC260 on t\u00e4pne 6-kanaliline osakeste loendur, mis on m\u00f5eldud t\u00f6\u00f6koha keskkonnatervise ja sise\u00f5hu kvaliteedi j\u00e4lgimiseks. See m\u00f5\u00f5dab kuni kuue kanaliga osakeste suurust koos peamiste atmosf\u00e4\u00e4riparameetritega, nagu \u00f5hutemperatuur, suhteline \u00f5huniiskus, kastepunkt ja m\u00e4rg pirn. VPC260 sobib ideaalselt heitgaaside, suitsu, sissehingatava kristallilise r\u00e4nidioksiiditolmu (RCS), \u00f5hus leiduva p\u00f5leva tolmu ja muude ohtlike \u00f5husaasteainete tuvastamiseks ja hindamiseks ning...","og_url":"https:\/\/www.axiomams.eu\/et\/produktas\/extech-vpc260-osakeste-loendur","og_site_name":"AXIOMA MS","article_publisher":"https:\/\/www.facebook.com\/AxiomaMS","article_modified_time":"2026-02-02T12:33:05+00:00","og_image":[{"width":600,"height":625,"url":"https:\/\/www.axiomams.eu\/wp-content\/uploads\/2025\/10\/4682-6194.jpg","type":"image\/jpeg"}],"twitter_card":"summary_large_image","schema":{"@context":"https:\/\/schema.org","@graph":[{"@type":"WebPage","@id":"https:\/\/www.axiomams.eu\/et\/produktas\/extech-vpc260-osakeste-loendur","url":"https:\/\/www.axiomams.eu\/et\/produktas\/extech-vpc260-osakeste-loendur","name":"Extech VPC260 osakeste loendur - AXIOMA MS","isPartOf":{"@id":"https:\/\/www.axiomams.eu\/et#website"},"primaryImageOfPage":{"@id":"https:\/\/www.axiomams.eu\/et\/produktas\/extech-vpc260-osakeste-loendur#primaryimage"},"image":{"@id":"https:\/\/www.axiomams.eu\/et\/produktas\/extech-vpc260-osakeste-loendur#primaryimage"},"thumbnailUrl":"https:\/\/www.axiomams.eu\/wp-content\/uploads\/2025\/10\/4682-6194.jpg","datePublished":"2025-10-13T08:33:12+00:00","dateModified":"2026-02-02T12:33:05+00:00","breadcrumb":{"@id":"https:\/\/www.axiomams.eu\/et\/produktas\/extech-vpc260-osakeste-loendur#breadcrumb"},"inLanguage":"et","potentialAction":[{"@type":"ReadAction","target":["https:\/\/www.axiomams.eu\/et\/produktas\/extech-vpc260-osakeste-loendur"]}]},{"@type":"ImageObject","inLanguage":"et","@id":"https:\/\/www.axiomams.eu\/et\/produktas\/extech-vpc260-osakeste-loendur#primaryimage","url":"https:\/\/www.axiomams.eu\/wp-content\/uploads\/2025\/10\/4682-6194.jpg","contentUrl":"https:\/\/www.axiomams.eu\/wp-content\/uploads\/2025\/10\/4682-6194.jpg","width":600,"height":625},{"@type":"BreadcrumbList","@id":"https:\/\/www.axiomams.eu\/et\/produktas\/extech-vpc260-osakeste-loendur#breadcrumb","itemListElement":[{"@type":"ListItem","position":1,"name":"Home","item":"https:\/\/www.axiomams.eu\/et"},{"@type":"ListItem","position":2,"name":"Tooted","item":"https:\/\/www.axiomams.eu\/et\/tooted"},{"@type":"ListItem","position":3,"name":"Extech VPC260 osakeste loendur"}]},{"@type":"WebSite","@id":"https:\/\/www.axiomams.eu\/et#website","url":"https:\/\/www.axiomams.eu\/et","name":"AXIOMA MS","description":"Terrmovizoriai ir matavimo \u012franga","publisher":{"@id":"https:\/\/www.axiomams.eu\/et#organization"},"potentialAction":[{"@type":"SearchAction","target":{"@type":"EntryPoint","urlTemplate":"https:\/\/www.axiomams.eu\/et?s={search_term_string}"},"query-input":{"@type":"PropertyValueSpecification","valueRequired":true,"valueName":"search_term_string"}}],"inLanguage":"et"},{"@type":"Organization","@id":"https:\/\/www.axiomams.eu\/et#organization","name":"AXIOMA MS","url":"https:\/\/www.axiomams.eu\/et","logo":{"@type":"ImageObject","inLanguage":"et","@id":"https:\/\/www.axiomams.eu\/et#\/schema\/logo\/image\/","url":"https:\/\/www.axiomams.eu\/wp-content\/uploads\/2025\/06\/axioma-logo-2.png","contentUrl":"https:\/\/www.axiomams.eu\/wp-content\/uploads\/2025\/06\/axioma-logo-2.png","width":1200,"height":1200,"caption":"AXIOMA MS"},"image":{"@id":"https:\/\/www.axiomams.eu\/et#\/schema\/logo\/image\/"},"sameAs":["https:\/\/www.facebook.com\/AxiomaMS","https:\/\/www.linkedin.com\/company\/axiomams\/"]}]}},"_links":{"self":[{"href":"https:\/\/www.axiomams.eu\/et\/wp-json\/wp\/v2\/product\/40529","targetHints":{"allow":["GET"]}}],"collection":[{"href":"https:\/\/www.axiomams.eu\/et\/wp-json\/wp\/v2\/product"}],"about":[{"href":"https:\/\/www.axiomams.eu\/et\/wp-json\/wp\/v2\/types\/product"}],"replies":[{"embeddable":true,"href":"https:\/\/www.axiomams.eu\/et\/wp-json\/wp\/v2\/comments?post=40529"}],"wp:featuredmedia":[{"embeddable":true,"href":"https:\/\/www.axiomams.eu\/et\/wp-json\/wp\/v2\/media\/42584"}],"wp:attachment":[{"href":"https:\/\/www.axiomams.eu\/et\/wp-json\/wp\/v2\/media?parent=40529"}],"wp:term":[{"taxonomy":"product_brand","embeddable":true,"href":"https:\/\/www.axiomams.eu\/et\/wp-json\/wp\/v2\/product_brand?post=40529"},{"taxonomy":"product_cat","embeddable":true,"href":"https:\/\/www.axiomams.eu\/et\/wp-json\/wp\/v2\/product_cat?post=40529"},{"taxonomy":"product_tag","embeddable":true,"href":"https:\/\/www.axiomams.eu\/et\/wp-json\/wp\/v2\/product_tag?post=40529"}],"curies":[{"name":"wp","href":"https:\/\/api.w.org\/{rel}","templated":true}]}}