{"id":40536,"date":"2025-05-15T18:08:35","date_gmt":"2025-05-15T16:08:35","guid":{"rendered":"https:\/\/www.axiomams.eu\/produktas\/teledyne-lecroy-wavepro-404hd-ostsilloskoop"},"modified":"2026-02-02T14:33:08","modified_gmt":"2026-02-02T12:33:08","slug":"teledyne-lecroy-wavepro-404hd-ostsilloskoop","status":"publish","type":"product","link":"https:\/\/www.axiomams.eu\/et\/produktas\/teledyne-lecroy-wavepro-404hd-ostsilloskoop","title":{"rendered":"Teledyne Lecroy WavePro 404HD ostsilloskoop"},"content":{"rendered":"<p>Kombineerides suurep\u00e4rase signaalitruuduse ja arhitektuuri, mis maksimeerib kiirust igas j\u00f5udluse aspektis, pakub uus WavePro 404HD 4 GHz ribalaiusega ostsilloskoopiakogemust. X-Stream II voogedastusarhitektuur &#8211; 10-100 korda kiirem kui teised ostsilloskoobid. MSO ja k\u00f5ige s\u00fcgavam t\u00f6\u00f6riistakomplekt koos suurema hulga m\u00f5\u00f5tmistega. Rohkem matemaatikat, rohkem v\u00f5imsust. MSO tuleb tellida.<\/p>\n<p>Standardne komplekt: \u00f710, 500 MHz passiivne sond (4 tk), kaitsekate, alustamisjuhend, Microsoft Windows\u00ae 10, kaubanduslik NIST j\u00e4lgitav kalibreerimine koos sertifikaadiga, sihtriigi toitejuhe, 3-aastane garantii.<\/p>\n","protected":false},"excerpt":{"rendered":"<p>Kombineerides suurep\u00e4rase signaalitruuduse ja arhitektuuri, mis maksimeerib kiirust igas j\u00f5udluse aspektis, pakub uus WavePro 404HD 4 GHz ribalaiusega ostsilloskoopiakogemust. X-Stream II voogedastusarhitektuur &#8211; 10-100 korda kiirem kui teised ostsilloskoobid. MSO ja k\u00f5ige s\u00fcgavam t\u00f6\u00f6riistakomplekt koos suurema hulga m\u00f5\u00f5tmistega. Rohkem matemaatikat, rohkem v\u00f5imsust. MSO tuleb tellida. Standardne komplekt: \u00f710, 500 MHz passiivne sond (4 tk), kaitsekate,&#8230;<\/p>\n","protected":false},"featured_media":42598,"comment_status":"open","ping_status":"closed","template":"","meta":{"_acf_changed":false},"product_brand":[2460],"product_cat":[17823],"product_tag":[],"class_list":{"0":"post-40536","1":"product","2":"type-product","3":"status-publish","4":"has-post-thumbnail","6":"product_brand-teledyne-lecroy","7":"product_cat-generaatorid-toiteallikad-ostsillograafid-rcl-mooturid","9":"first","10":"instock","11":"taxable","12":"shipping-taxable","13":"product-type-simple"},"acf":[],"yoast_head":"<!-- This site is optimized with the Yoast SEO plugin v27.0 - https:\/\/yoast.com\/product\/yoast-seo-wordpress\/ -->\n<title>Teledyne Lecroy WavePro 404HD ostsilloskoop - AXIOMA MS<\/title>\n<meta name=\"robots\" content=\"index, follow, max-snippet:-1, max-image-preview:large, max-video-preview:-1\" \/>\n<link rel=\"canonical\" href=\"https:\/\/www.axiomams.eu\/et\/produktas\/teledyne-lecroy-wavepro-404hd-ostsilloskoop\" \/>\n<meta property=\"og:locale\" content=\"et_EE\" \/>\n<meta property=\"og:type\" content=\"article\" \/>\n<meta property=\"og:title\" content=\"Teledyne Lecroy WavePro 404HD ostsilloskoop - AXIOMA MS\" \/>\n<meta property=\"og:description\" content=\"Kombineerides suurep\u00e4rase signaalitruuduse ja arhitektuuri, mis maksimeerib kiirust igas j\u00f5udluse aspektis, pakub uus WavePro 404HD 4 GHz ribalaiusega ostsilloskoopiakogemust. X-Stream II voogedastusarhitektuur &#8211; 10-100 korda kiirem kui teised ostsilloskoobid. MSO ja k\u00f5ige s\u00fcgavam t\u00f6\u00f6riistakomplekt koos suurema hulga m\u00f5\u00f5tmistega. Rohkem matemaatikat, rohkem v\u00f5imsust. MSO tuleb tellida. Standardne komplekt: \u00f710, 500 MHz passiivne sond (4 tk), kaitsekate,...\" \/>\n<meta property=\"og:url\" content=\"https:\/\/www.axiomams.eu\/et\/produktas\/teledyne-lecroy-wavepro-404hd-ostsilloskoop\" \/>\n<meta property=\"og:site_name\" content=\"AXIOMA MS\" \/>\n<meta property=\"article:publisher\" content=\"https:\/\/www.facebook.com\/AxiomaMS\" \/>\n<meta property=\"article:modified_time\" content=\"2026-02-02T12:33:08+00:00\" \/>\n<meta property=\"og:image\" content=\"https:\/\/www.axiomams.eu\/wp-content\/uploads\/2025\/07\/2517-6105.jpg\" \/>\n\t<meta property=\"og:image:width\" content=\"1020\" \/>\n\t<meta property=\"og:image:height\" content=\"1020\" \/>\n\t<meta property=\"og:image:type\" content=\"image\/jpeg\" \/>\n<meta name=\"twitter:card\" content=\"summary_large_image\" \/>\n<script type=\"application\/ld+json\" class=\"yoast-schema-graph\">{\"@context\":\"https:\/\/schema.org\",\"@graph\":[{\"@type\":\"WebPage\",\"@id\":\"https:\/\/www.axiomams.eu\/et\/produktas\/teledyne-lecroy-wavepro-404hd-ostsilloskoop\",\"url\":\"https:\/\/www.axiomams.eu\/et\/produktas\/teledyne-lecroy-wavepro-404hd-ostsilloskoop\",\"name\":\"Teledyne Lecroy WavePro 404HD ostsilloskoop - AXIOMA MS\",\"isPartOf\":{\"@id\":\"https:\/\/www.axiomams.eu\/et#website\"},\"primaryImageOfPage\":{\"@id\":\"https:\/\/www.axiomams.eu\/et\/produktas\/teledyne-lecroy-wavepro-404hd-ostsilloskoop#primaryimage\"},\"image\":{\"@id\":\"https:\/\/www.axiomams.eu\/et\/produktas\/teledyne-lecroy-wavepro-404hd-ostsilloskoop#primaryimage\"},\"thumbnailUrl\":\"https:\/\/www.axiomams.eu\/wp-content\/uploads\/2025\/07\/2517-6105.jpg\",\"datePublished\":\"2025-05-15T16:08:35+00:00\",\"dateModified\":\"2026-02-02T12:33:08+00:00\",\"breadcrumb\":{\"@id\":\"https:\/\/www.axiomams.eu\/et\/produktas\/teledyne-lecroy-wavepro-404hd-ostsilloskoop#breadcrumb\"},\"inLanguage\":\"et\",\"potentialAction\":[{\"@type\":\"ReadAction\",\"target\":[\"https:\/\/www.axiomams.eu\/et\/produktas\/teledyne-lecroy-wavepro-404hd-ostsilloskoop\"]}]},{\"@type\":\"ImageObject\",\"inLanguage\":\"et\",\"@id\":\"https:\/\/www.axiomams.eu\/et\/produktas\/teledyne-lecroy-wavepro-404hd-ostsilloskoop#primaryimage\",\"url\":\"https:\/\/www.axiomams.eu\/wp-content\/uploads\/2025\/07\/2517-6105.jpg\",\"contentUrl\":\"https:\/\/www.axiomams.eu\/wp-content\/uploads\/2025\/07\/2517-6105.jpg\",\"width\":1020,\"height\":1020},{\"@type\":\"BreadcrumbList\",\"@id\":\"https:\/\/www.axiomams.eu\/et\/produktas\/teledyne-lecroy-wavepro-404hd-ostsilloskoop#breadcrumb\",\"itemListElement\":[{\"@type\":\"ListItem\",\"position\":1,\"name\":\"Home\",\"item\":\"https:\/\/www.axiomams.eu\/et\"},{\"@type\":\"ListItem\",\"position\":2,\"name\":\"Tooted\",\"item\":\"https:\/\/www.axiomams.eu\/et\/tooted\"},{\"@type\":\"ListItem\",\"position\":3,\"name\":\"Teledyne Lecroy WavePro 404HD ostsilloskoop\"}]},{\"@type\":\"WebSite\",\"@id\":\"https:\/\/www.axiomams.eu\/et#website\",\"url\":\"https:\/\/www.axiomams.eu\/et\",\"name\":\"AXIOMA MS\",\"description\":\"Terrmovizoriai ir matavimo \u012franga\",\"publisher\":{\"@id\":\"https:\/\/www.axiomams.eu\/et#organization\"},\"potentialAction\":[{\"@type\":\"SearchAction\",\"target\":{\"@type\":\"EntryPoint\",\"urlTemplate\":\"https:\/\/www.axiomams.eu\/et?s={search_term_string}\"},\"query-input\":{\"@type\":\"PropertyValueSpecification\",\"valueRequired\":true,\"valueName\":\"search_term_string\"}}],\"inLanguage\":\"et\"},{\"@type\":\"Organization\",\"@id\":\"https:\/\/www.axiomams.eu\/et#organization\",\"name\":\"AXIOMA MS\",\"url\":\"https:\/\/www.axiomams.eu\/et\",\"logo\":{\"@type\":\"ImageObject\",\"inLanguage\":\"et\",\"@id\":\"https:\/\/www.axiomams.eu\/et#\/schema\/logo\/image\/\",\"url\":\"https:\/\/www.axiomams.eu\/wp-content\/uploads\/2025\/06\/axioma-logo-2.png\",\"contentUrl\":\"https:\/\/www.axiomams.eu\/wp-content\/uploads\/2025\/06\/axioma-logo-2.png\",\"width\":1200,\"height\":1200,\"caption\":\"AXIOMA MS\"},\"image\":{\"@id\":\"https:\/\/www.axiomams.eu\/et#\/schema\/logo\/image\/\"},\"sameAs\":[\"https:\/\/www.facebook.com\/AxiomaMS\",\"https:\/\/www.linkedin.com\/company\/axiomams\/\"]}]}<\/script>\n<!-- \/ Yoast SEO plugin. -->","yoast_head_json":{"title":"Teledyne Lecroy WavePro 404HD ostsilloskoop - AXIOMA MS","robots":{"index":"index","follow":"follow","max-snippet":"max-snippet:-1","max-image-preview":"max-image-preview:large","max-video-preview":"max-video-preview:-1"},"canonical":"https:\/\/www.axiomams.eu\/et\/produktas\/teledyne-lecroy-wavepro-404hd-ostsilloskoop","og_locale":"et_EE","og_type":"article","og_title":"Teledyne Lecroy WavePro 404HD ostsilloskoop - AXIOMA MS","og_description":"Kombineerides suurep\u00e4rase signaalitruuduse ja arhitektuuri, mis maksimeerib kiirust igas j\u00f5udluse aspektis, pakub uus WavePro 404HD 4 GHz ribalaiusega ostsilloskoopiakogemust. X-Stream II voogedastusarhitektuur &#8211; 10-100 korda kiirem kui teised ostsilloskoobid. MSO ja k\u00f5ige s\u00fcgavam t\u00f6\u00f6riistakomplekt koos suurema hulga m\u00f5\u00f5tmistega. Rohkem matemaatikat, rohkem v\u00f5imsust. MSO tuleb tellida. Standardne komplekt: \u00f710, 500 MHz passiivne sond (4 tk), kaitsekate,...","og_url":"https:\/\/www.axiomams.eu\/et\/produktas\/teledyne-lecroy-wavepro-404hd-ostsilloskoop","og_site_name":"AXIOMA MS","article_publisher":"https:\/\/www.facebook.com\/AxiomaMS","article_modified_time":"2026-02-02T12:33:08+00:00","og_image":[{"width":1020,"height":1020,"url":"https:\/\/www.axiomams.eu\/wp-content\/uploads\/2025\/07\/2517-6105.jpg","type":"image\/jpeg"}],"twitter_card":"summary_large_image","schema":{"@context":"https:\/\/schema.org","@graph":[{"@type":"WebPage","@id":"https:\/\/www.axiomams.eu\/et\/produktas\/teledyne-lecroy-wavepro-404hd-ostsilloskoop","url":"https:\/\/www.axiomams.eu\/et\/produktas\/teledyne-lecroy-wavepro-404hd-ostsilloskoop","name":"Teledyne Lecroy WavePro 404HD ostsilloskoop - AXIOMA MS","isPartOf":{"@id":"https:\/\/www.axiomams.eu\/et#website"},"primaryImageOfPage":{"@id":"https:\/\/www.axiomams.eu\/et\/produktas\/teledyne-lecroy-wavepro-404hd-ostsilloskoop#primaryimage"},"image":{"@id":"https:\/\/www.axiomams.eu\/et\/produktas\/teledyne-lecroy-wavepro-404hd-ostsilloskoop#primaryimage"},"thumbnailUrl":"https:\/\/www.axiomams.eu\/wp-content\/uploads\/2025\/07\/2517-6105.jpg","datePublished":"2025-05-15T16:08:35+00:00","dateModified":"2026-02-02T12:33:08+00:00","breadcrumb":{"@id":"https:\/\/www.axiomams.eu\/et\/produktas\/teledyne-lecroy-wavepro-404hd-ostsilloskoop#breadcrumb"},"inLanguage":"et","potentialAction":[{"@type":"ReadAction","target":["https:\/\/www.axiomams.eu\/et\/produktas\/teledyne-lecroy-wavepro-404hd-ostsilloskoop"]}]},{"@type":"ImageObject","inLanguage":"et","@id":"https:\/\/www.axiomams.eu\/et\/produktas\/teledyne-lecroy-wavepro-404hd-ostsilloskoop#primaryimage","url":"https:\/\/www.axiomams.eu\/wp-content\/uploads\/2025\/07\/2517-6105.jpg","contentUrl":"https:\/\/www.axiomams.eu\/wp-content\/uploads\/2025\/07\/2517-6105.jpg","width":1020,"height":1020},{"@type":"BreadcrumbList","@id":"https:\/\/www.axiomams.eu\/et\/produktas\/teledyne-lecroy-wavepro-404hd-ostsilloskoop#breadcrumb","itemListElement":[{"@type":"ListItem","position":1,"name":"Home","item":"https:\/\/www.axiomams.eu\/et"},{"@type":"ListItem","position":2,"name":"Tooted","item":"https:\/\/www.axiomams.eu\/et\/tooted"},{"@type":"ListItem","position":3,"name":"Teledyne Lecroy WavePro 404HD ostsilloskoop"}]},{"@type":"WebSite","@id":"https:\/\/www.axiomams.eu\/et#website","url":"https:\/\/www.axiomams.eu\/et","name":"AXIOMA MS","description":"Terrmovizoriai ir matavimo \u012franga","publisher":{"@id":"https:\/\/www.axiomams.eu\/et#organization"},"potentialAction":[{"@type":"SearchAction","target":{"@type":"EntryPoint","urlTemplate":"https:\/\/www.axiomams.eu\/et?s={search_term_string}"},"query-input":{"@type":"PropertyValueSpecification","valueRequired":true,"valueName":"search_term_string"}}],"inLanguage":"et"},{"@type":"Organization","@id":"https:\/\/www.axiomams.eu\/et#organization","name":"AXIOMA MS","url":"https:\/\/www.axiomams.eu\/et","logo":{"@type":"ImageObject","inLanguage":"et","@id":"https:\/\/www.axiomams.eu\/et#\/schema\/logo\/image\/","url":"https:\/\/www.axiomams.eu\/wp-content\/uploads\/2025\/06\/axioma-logo-2.png","contentUrl":"https:\/\/www.axiomams.eu\/wp-content\/uploads\/2025\/06\/axioma-logo-2.png","width":1200,"height":1200,"caption":"AXIOMA MS"},"image":{"@id":"https:\/\/www.axiomams.eu\/et#\/schema\/logo\/image\/"},"sameAs":["https:\/\/www.facebook.com\/AxiomaMS","https:\/\/www.linkedin.com\/company\/axiomams\/"]}]}},"_links":{"self":[{"href":"https:\/\/www.axiomams.eu\/et\/wp-json\/wp\/v2\/product\/40536","targetHints":{"allow":["GET"]}}],"collection":[{"href":"https:\/\/www.axiomams.eu\/et\/wp-json\/wp\/v2\/product"}],"about":[{"href":"https:\/\/www.axiomams.eu\/et\/wp-json\/wp\/v2\/types\/product"}],"replies":[{"embeddable":true,"href":"https:\/\/www.axiomams.eu\/et\/wp-json\/wp\/v2\/comments?post=40536"}],"wp:featuredmedia":[{"embeddable":true,"href":"https:\/\/www.axiomams.eu\/et\/wp-json\/wp\/v2\/media\/42598"}],"wp:attachment":[{"href":"https:\/\/www.axiomams.eu\/et\/wp-json\/wp\/v2\/media?parent=40536"}],"wp:term":[{"taxonomy":"product_brand","embeddable":true,"href":"https:\/\/www.axiomams.eu\/et\/wp-json\/wp\/v2\/product_brand?post=40536"},{"taxonomy":"product_cat","embeddable":true,"href":"https:\/\/www.axiomams.eu\/et\/wp-json\/wp\/v2\/product_cat?post=40536"},{"taxonomy":"product_tag","embeddable":true,"href":"https:\/\/www.axiomams.eu\/et\/wp-json\/wp\/v2\/product_tag?post=40536"}],"curies":[{"name":"wp","href":"https:\/\/api.w.org\/{rel}","templated":true}]}}