{"id":40542,"date":"2025-06-12T14:27:55","date_gmt":"2025-06-12T12:27:55","guid":{"rendered":"https:\/\/www.axiomams.eu\/produktas\/flir-x8580-insb-mwir-soojuskaamera"},"modified":"2026-02-02T14:33:11","modified_gmt":"2026-02-02T12:33:11","slug":"flir-x8580-insb-mwir-soojuskaamera","status":"publish","type":"product","link":"https:\/\/www.axiomams.eu\/et\/produktas\/flir-x8580-insb-mwir-soojuskaamera","title":{"rendered":"Flir X8580 InSb MWIR soojuskaamera"},"content":{"rendered":"<p>FLIR X8580 InSb MWIR &#8211; soojuskaamera on m\u00f5eldud teadlastele ja inseneridele, kellel on vaja j\u00e4\u00e4dvustada \u00fcksikasjalikke pilte kiirete s\u00fcndmuste kohta, teostada kohandatud radiomeetrilisi m\u00f5\u00f5tmisi v\u00f5i tuvastada komposiitide, p\u00e4ikesepatareide ja elektroonika rikkekohti. See soojuskaamera kombineerib 1280 \u00d7 1024 HD resolutsiooni kiire kaadrisageduse ja integratsiooniajaga, mis v\u00f5imaldab teadlastel j\u00e4\u00e4dvustada kiirelt liikuvate objektide liikumise peatamist v\u00f5i kiireid temperatuurimuutusi &#8211; kas laboris v\u00f5i katseplatsil. T\u00e4nu nelja positsiooniga motoriseeritud filtrirattale ja FLIRi motoriseeritud fookusobjektiivide toetusele pakub X8580 kvaliteetsemaid salvestusi, s\u00e4\u00e4stab aega ja leevendab pettumust d\u00fcnaamilistes pildistamiskeskkondades.<\/p>\n<h3>Tehniline teave:<\/h3>\n<ul>\n<li><a href=\"https:\/\/axiomams.eu\/importer\/export\/attachments\/en\/flir-x8581-insb-mwir.pdf\" target=\"_blank\">FLIR X8581 InSb MWIR.pdf<\/a><\/li>\n<\/ul>\n","protected":false},"excerpt":{"rendered":"<p>FLIR X8580 InSb MWIR &#8211; soojuskaamera on m\u00f5eldud teadlastele ja inseneridele, kellel on vaja j\u00e4\u00e4dvustada \u00fcksikasjalikke pilte kiirete s\u00fcndmuste kohta, teostada kohandatud radiomeetrilisi m\u00f5\u00f5tmisi v\u00f5i tuvastada komposiitide, p\u00e4ikesepatareide ja elektroonika rikkekohti. See soojuskaamera kombineerib 1280 \u00d7 1024 HD resolutsiooni kiire kaadrisageduse ja integratsiooniajaga, mis v\u00f5imaldab teadlastel j\u00e4\u00e4dvustada kiirelt liikuvate objektide liikumise peatamist v\u00f5i kiireid temperatuurimuutusi&#8230;<\/p>\n","protected":false},"featured_media":42610,"comment_status":"open","ping_status":"closed","template":"","meta":{"_acf_changed":false},"product_brand":[734],"product_cat":[17794,17820],"product_tag":[],"class_list":{"0":"post-40542","1":"product","2":"type-product","3":"status-publish","4":"has-post-thumbnail","6":"product_brand-flir","7":"product_cat-teadusuuringute-jaoks","8":"product_cat-termilise-analuusi-jaoks","10":"first","11":"instock","12":"taxable","13":"shipping-taxable","14":"product-type-simple"},"acf":[],"yoast_head":"<!-- This site is optimized with the Yoast SEO plugin v27.0 - https:\/\/yoast.com\/product\/yoast-seo-wordpress\/ -->\n<title>Flir X8580 InSb MWIR soojuskaamera - AXIOMA MS<\/title>\n<meta name=\"robots\" content=\"index, follow, max-snippet:-1, max-image-preview:large, max-video-preview:-1\" \/>\n<link rel=\"canonical\" href=\"https:\/\/www.axiomams.eu\/et\/produktas\/flir-x8580-insb-mwir-soojuskaamera\" \/>\n<meta property=\"og:locale\" content=\"et_EE\" \/>\n<meta property=\"og:type\" content=\"article\" \/>\n<meta property=\"og:title\" content=\"Flir X8580 InSb MWIR soojuskaamera - AXIOMA MS\" \/>\n<meta property=\"og:description\" content=\"FLIR X8580 InSb MWIR &#8211; soojuskaamera on m\u00f5eldud teadlastele ja inseneridele, kellel on vaja j\u00e4\u00e4dvustada \u00fcksikasjalikke pilte kiirete s\u00fcndmuste kohta, teostada kohandatud radiomeetrilisi m\u00f5\u00f5tmisi v\u00f5i tuvastada komposiitide, p\u00e4ikesepatareide ja elektroonika rikkekohti. See soojuskaamera kombineerib 1280 \u00d7 1024 HD resolutsiooni kiire kaadrisageduse ja integratsiooniajaga, mis v\u00f5imaldab teadlastel j\u00e4\u00e4dvustada kiirelt liikuvate objektide liikumise peatamist v\u00f5i kiireid temperatuurimuutusi...\" \/>\n<meta property=\"og:url\" content=\"https:\/\/www.axiomams.eu\/et\/produktas\/flir-x8580-insb-mwir-soojuskaamera\" \/>\n<meta property=\"og:site_name\" content=\"AXIOMA MS\" \/>\n<meta property=\"article:publisher\" content=\"https:\/\/www.facebook.com\/AxiomaMS\" \/>\n<meta property=\"article:modified_time\" content=\"2026-02-02T12:33:11+00:00\" \/>\n<meta property=\"og:image\" content=\"https:\/\/www.axiomams.eu\/wp-content\/uploads\/2025\/07\/3276-4339.jpg\" \/>\n\t<meta property=\"og:image:width\" content=\"1000\" \/>\n\t<meta property=\"og:image:height\" content=\"760\" \/>\n\t<meta property=\"og:image:type\" content=\"image\/jpeg\" \/>\n<meta name=\"twitter:card\" content=\"summary_large_image\" \/>\n<script type=\"application\/ld+json\" class=\"yoast-schema-graph\">{\"@context\":\"https:\/\/schema.org\",\"@graph\":[{\"@type\":\"WebPage\",\"@id\":\"https:\/\/www.axiomams.eu\/et\/produktas\/flir-x8580-insb-mwir-soojuskaamera\",\"url\":\"https:\/\/www.axiomams.eu\/et\/produktas\/flir-x8580-insb-mwir-soojuskaamera\",\"name\":\"Flir X8580 InSb MWIR soojuskaamera - AXIOMA MS\",\"isPartOf\":{\"@id\":\"https:\/\/www.axiomams.eu\/et#website\"},\"primaryImageOfPage\":{\"@id\":\"https:\/\/www.axiomams.eu\/et\/produktas\/flir-x8580-insb-mwir-soojuskaamera#primaryimage\"},\"image\":{\"@id\":\"https:\/\/www.axiomams.eu\/et\/produktas\/flir-x8580-insb-mwir-soojuskaamera#primaryimage\"},\"thumbnailUrl\":\"https:\/\/www.axiomams.eu\/wp-content\/uploads\/2025\/07\/3276-4339.jpg\",\"datePublished\":\"2025-06-12T12:27:55+00:00\",\"dateModified\":\"2026-02-02T12:33:11+00:00\",\"breadcrumb\":{\"@id\":\"https:\/\/www.axiomams.eu\/et\/produktas\/flir-x8580-insb-mwir-soojuskaamera#breadcrumb\"},\"inLanguage\":\"et\",\"potentialAction\":[{\"@type\":\"ReadAction\",\"target\":[\"https:\/\/www.axiomams.eu\/et\/produktas\/flir-x8580-insb-mwir-soojuskaamera\"]}]},{\"@type\":\"ImageObject\",\"inLanguage\":\"et\",\"@id\":\"https:\/\/www.axiomams.eu\/et\/produktas\/flir-x8580-insb-mwir-soojuskaamera#primaryimage\",\"url\":\"https:\/\/www.axiomams.eu\/wp-content\/uploads\/2025\/07\/3276-4339.jpg\",\"contentUrl\":\"https:\/\/www.axiomams.eu\/wp-content\/uploads\/2025\/07\/3276-4339.jpg\",\"width\":1000,\"height\":760},{\"@type\":\"BreadcrumbList\",\"@id\":\"https:\/\/www.axiomams.eu\/et\/produktas\/flir-x8580-insb-mwir-soojuskaamera#breadcrumb\",\"itemListElement\":[{\"@type\":\"ListItem\",\"position\":1,\"name\":\"Home\",\"item\":\"https:\/\/www.axiomams.eu\/et\"},{\"@type\":\"ListItem\",\"position\":2,\"name\":\"Tooted\",\"item\":\"https:\/\/www.axiomams.eu\/et\/tooted\"},{\"@type\":\"ListItem\",\"position\":3,\"name\":\"Flir X8580 InSb MWIR soojuskaamera\"}]},{\"@type\":\"WebSite\",\"@id\":\"https:\/\/www.axiomams.eu\/et#website\",\"url\":\"https:\/\/www.axiomams.eu\/et\",\"name\":\"AXIOMA MS\",\"description\":\"Terrmovizoriai ir matavimo \u012franga\",\"publisher\":{\"@id\":\"https:\/\/www.axiomams.eu\/et#organization\"},\"potentialAction\":[{\"@type\":\"SearchAction\",\"target\":{\"@type\":\"EntryPoint\",\"urlTemplate\":\"https:\/\/www.axiomams.eu\/et?s={search_term_string}\"},\"query-input\":{\"@type\":\"PropertyValueSpecification\",\"valueRequired\":true,\"valueName\":\"search_term_string\"}}],\"inLanguage\":\"et\"},{\"@type\":\"Organization\",\"@id\":\"https:\/\/www.axiomams.eu\/et#organization\",\"name\":\"AXIOMA MS\",\"url\":\"https:\/\/www.axiomams.eu\/et\",\"logo\":{\"@type\":\"ImageObject\",\"inLanguage\":\"et\",\"@id\":\"https:\/\/www.axiomams.eu\/et#\/schema\/logo\/image\/\",\"url\":\"https:\/\/www.axiomams.eu\/wp-content\/uploads\/2025\/06\/axioma-logo-2.png\",\"contentUrl\":\"https:\/\/www.axiomams.eu\/wp-content\/uploads\/2025\/06\/axioma-logo-2.png\",\"width\":1200,\"height\":1200,\"caption\":\"AXIOMA MS\"},\"image\":{\"@id\":\"https:\/\/www.axiomams.eu\/et#\/schema\/logo\/image\/\"},\"sameAs\":[\"https:\/\/www.facebook.com\/AxiomaMS\",\"https:\/\/www.linkedin.com\/company\/axiomams\/\"]}]}<\/script>\n<!-- \/ Yoast SEO plugin. -->","yoast_head_json":{"title":"Flir X8580 InSb MWIR soojuskaamera - AXIOMA MS","robots":{"index":"index","follow":"follow","max-snippet":"max-snippet:-1","max-image-preview":"max-image-preview:large","max-video-preview":"max-video-preview:-1"},"canonical":"https:\/\/www.axiomams.eu\/et\/produktas\/flir-x8580-insb-mwir-soojuskaamera","og_locale":"et_EE","og_type":"article","og_title":"Flir X8580 InSb MWIR soojuskaamera - AXIOMA MS","og_description":"FLIR X8580 InSb MWIR &#8211; soojuskaamera on m\u00f5eldud teadlastele ja inseneridele, kellel on vaja j\u00e4\u00e4dvustada \u00fcksikasjalikke pilte kiirete s\u00fcndmuste kohta, teostada kohandatud radiomeetrilisi m\u00f5\u00f5tmisi v\u00f5i tuvastada komposiitide, p\u00e4ikesepatareide ja elektroonika rikkekohti. See soojuskaamera kombineerib 1280 \u00d7 1024 HD resolutsiooni kiire kaadrisageduse ja integratsiooniajaga, mis v\u00f5imaldab teadlastel j\u00e4\u00e4dvustada kiirelt liikuvate objektide liikumise peatamist v\u00f5i kiireid temperatuurimuutusi...","og_url":"https:\/\/www.axiomams.eu\/et\/produktas\/flir-x8580-insb-mwir-soojuskaamera","og_site_name":"AXIOMA MS","article_publisher":"https:\/\/www.facebook.com\/AxiomaMS","article_modified_time":"2026-02-02T12:33:11+00:00","og_image":[{"width":1000,"height":760,"url":"https:\/\/www.axiomams.eu\/wp-content\/uploads\/2025\/07\/3276-4339.jpg","type":"image\/jpeg"}],"twitter_card":"summary_large_image","schema":{"@context":"https:\/\/schema.org","@graph":[{"@type":"WebPage","@id":"https:\/\/www.axiomams.eu\/et\/produktas\/flir-x8580-insb-mwir-soojuskaamera","url":"https:\/\/www.axiomams.eu\/et\/produktas\/flir-x8580-insb-mwir-soojuskaamera","name":"Flir X8580 InSb MWIR soojuskaamera - AXIOMA MS","isPartOf":{"@id":"https:\/\/www.axiomams.eu\/et#website"},"primaryImageOfPage":{"@id":"https:\/\/www.axiomams.eu\/et\/produktas\/flir-x8580-insb-mwir-soojuskaamera#primaryimage"},"image":{"@id":"https:\/\/www.axiomams.eu\/et\/produktas\/flir-x8580-insb-mwir-soojuskaamera#primaryimage"},"thumbnailUrl":"https:\/\/www.axiomams.eu\/wp-content\/uploads\/2025\/07\/3276-4339.jpg","datePublished":"2025-06-12T12:27:55+00:00","dateModified":"2026-02-02T12:33:11+00:00","breadcrumb":{"@id":"https:\/\/www.axiomams.eu\/et\/produktas\/flir-x8580-insb-mwir-soojuskaamera#breadcrumb"},"inLanguage":"et","potentialAction":[{"@type":"ReadAction","target":["https:\/\/www.axiomams.eu\/et\/produktas\/flir-x8580-insb-mwir-soojuskaamera"]}]},{"@type":"ImageObject","inLanguage":"et","@id":"https:\/\/www.axiomams.eu\/et\/produktas\/flir-x8580-insb-mwir-soojuskaamera#primaryimage","url":"https:\/\/www.axiomams.eu\/wp-content\/uploads\/2025\/07\/3276-4339.jpg","contentUrl":"https:\/\/www.axiomams.eu\/wp-content\/uploads\/2025\/07\/3276-4339.jpg","width":1000,"height":760},{"@type":"BreadcrumbList","@id":"https:\/\/www.axiomams.eu\/et\/produktas\/flir-x8580-insb-mwir-soojuskaamera#breadcrumb","itemListElement":[{"@type":"ListItem","position":1,"name":"Home","item":"https:\/\/www.axiomams.eu\/et"},{"@type":"ListItem","position":2,"name":"Tooted","item":"https:\/\/www.axiomams.eu\/et\/tooted"},{"@type":"ListItem","position":3,"name":"Flir X8580 InSb MWIR soojuskaamera"}]},{"@type":"WebSite","@id":"https:\/\/www.axiomams.eu\/et#website","url":"https:\/\/www.axiomams.eu\/et","name":"AXIOMA MS","description":"Terrmovizoriai ir matavimo \u012franga","publisher":{"@id":"https:\/\/www.axiomams.eu\/et#organization"},"potentialAction":[{"@type":"SearchAction","target":{"@type":"EntryPoint","urlTemplate":"https:\/\/www.axiomams.eu\/et?s={search_term_string}"},"query-input":{"@type":"PropertyValueSpecification","valueRequired":true,"valueName":"search_term_string"}}],"inLanguage":"et"},{"@type":"Organization","@id":"https:\/\/www.axiomams.eu\/et#organization","name":"AXIOMA MS","url":"https:\/\/www.axiomams.eu\/et","logo":{"@type":"ImageObject","inLanguage":"et","@id":"https:\/\/www.axiomams.eu\/et#\/schema\/logo\/image\/","url":"https:\/\/www.axiomams.eu\/wp-content\/uploads\/2025\/06\/axioma-logo-2.png","contentUrl":"https:\/\/www.axiomams.eu\/wp-content\/uploads\/2025\/06\/axioma-logo-2.png","width":1200,"height":1200,"caption":"AXIOMA MS"},"image":{"@id":"https:\/\/www.axiomams.eu\/et#\/schema\/logo\/image\/"},"sameAs":["https:\/\/www.facebook.com\/AxiomaMS","https:\/\/www.linkedin.com\/company\/axiomams\/"]}]}},"_links":{"self":[{"href":"https:\/\/www.axiomams.eu\/et\/wp-json\/wp\/v2\/product\/40542","targetHints":{"allow":["GET"]}}],"collection":[{"href":"https:\/\/www.axiomams.eu\/et\/wp-json\/wp\/v2\/product"}],"about":[{"href":"https:\/\/www.axiomams.eu\/et\/wp-json\/wp\/v2\/types\/product"}],"replies":[{"embeddable":true,"href":"https:\/\/www.axiomams.eu\/et\/wp-json\/wp\/v2\/comments?post=40542"}],"wp:featuredmedia":[{"embeddable":true,"href":"https:\/\/www.axiomams.eu\/et\/wp-json\/wp\/v2\/media\/42610"}],"wp:attachment":[{"href":"https:\/\/www.axiomams.eu\/et\/wp-json\/wp\/v2\/media?parent=40542"}],"wp:term":[{"taxonomy":"product_brand","embeddable":true,"href":"https:\/\/www.axiomams.eu\/et\/wp-json\/wp\/v2\/product_brand?post=40542"},{"taxonomy":"product_cat","embeddable":true,"href":"https:\/\/www.axiomams.eu\/et\/wp-json\/wp\/v2\/product_cat?post=40542"},{"taxonomy":"product_tag","embeddable":true,"href":"https:\/\/www.axiomams.eu\/et\/wp-json\/wp\/v2\/product_tag?post=40542"}],"curies":[{"name":"wp","href":"https:\/\/api.w.org\/{rel}","templated":true}]}}