{"id":40544,"date":"2025-05-15T18:08:40","date_gmt":"2025-05-15T16:08:40","guid":{"rendered":"https:\/\/www.axiomams.eu\/produktas\/ndb-xdp-ii-osalise-tuhjenemise-tuvastamise-ja-analuusimise-seade"},"modified":"2026-02-02T14:33:12","modified_gmt":"2026-02-02T12:33:12","slug":"ndb-xdp-ii-osalise-tuhjenemise-tuvastamise-ja-analuusimise-seade","status":"publish","type":"product","link":"https:\/\/www.axiomams.eu\/et\/produktas\/ndb-xdp-ii-osalise-tuhjenemise-tuvastamise-ja-analuusimise-seade","title":{"rendered":"ndb XDP-II Osalise t\u00fchjenemise tuvastamise ja anal\u00fc\u00fcsimise seade"},"content":{"rendered":"<p>ndb XDP-II on akuga t\u00f6\u00f6tav kaasaskantav seade, mis v\u00f5imaldab osalist t\u00fchjendamist tuvastada ja anal\u00fc\u00fcsida. Andmed salvestatakse selle sisem\u00e4llu kohaliku v\u00f5i edasise anal\u00fc\u00fcsi jaoks arvutip\u00f5hises XDP-SOFT-programmis. Koos sobivate lisaseadmetega on XDP-II v\u00f5imas lahendus paljude rakenduste jaoks, n\u00e4iteks kaabli\u00fchendused ja -n\u00f5lvad, jaotusseadmed, offline, akustiline, TEV, p\u00f6\u00f6rlevad masinad, trafod jne.<\/p>\n<p>D\u00fcnaamiline ulatus: 60 dB<br \/>\nAndmete salvestamine: \u00dcle 380 salvestuse<br \/>\nT\u00e4psus: \u00b1 1 dB<br \/>\nEraldusv\u00f5ime: 1 dB<br \/>\nRibalaius: 300 kHz &#8230; 70 MHz<br \/>\nT\u00f6\u00f6faasisignaalide vahemik (50 Hz &#8230; 60 Hz): 50 mVrms &#8230; 700 mVrms<br \/>\nTundlikkus: 5 pC, s\u00f5ltuvalt uuritava objekti mahtuvusest.<br \/>\nAutomaatne v\u00e4ljal\u00fclitus: P\u00e4rast 30-minutilist tegevusetust<br \/>\nT\u00f6\u00f6temperatuur: -20\u00b0C &#8230; 50\u00b0C<br \/>\nVedelikukaitse: Pritsmekindlus<br \/>\nEkraan: K\u00f5rge kontrastsusega taustavalgustusega LCD-ekraan<br \/>\nAku kestvus: 7,5 tundi<br \/>\nPatareid: NiMH, laetav<br \/>\nLaadimine: 3 tundi<br \/>\nM\u00f5\u00f5dud: m\u00f5\u00f5tmed: 203 x 114 x 51 mm<br \/>\nKaal: 0,86 kg<\/p>\n<h3>Tehniline teave:<\/h3>\n<ul>\n<li><a href=\"https:\/\/axiomams.eu\/importer\/export\/attachments\/en\/ndb-xdp-ii.pdf\" target=\"_blank\">ndb XDP-II.pdf<\/a><\/li>\n<\/ul>\n","protected":false},"excerpt":{"rendered":"<p>ndb XDP-II on akuga t\u00f6\u00f6tav kaasaskantav seade, mis v\u00f5imaldab osalist t\u00fchjendamist tuvastada ja anal\u00fc\u00fcsida. Andmed salvestatakse selle sisem\u00e4llu kohaliku v\u00f5i edasise anal\u00fc\u00fcsi jaoks arvutip\u00f5hises XDP-SOFT-programmis. Koos sobivate lisaseadmetega on XDP-II v\u00f5imas lahendus paljude rakenduste jaoks, n\u00e4iteks kaabli\u00fchendused ja -n\u00f5lvad, jaotusseadmed, offline, akustiline, TEV, p\u00f6\u00f6rlevad masinad, trafod jne. D\u00fcnaamiline ulatus: 60 dB Andmete salvestamine: \u00dcle 380&#8230;<\/p>\n","protected":false},"featured_media":42618,"comment_status":"open","ping_status":"closed","template":"","meta":{"_acf_changed":false},"product_brand":[1767],"product_cat":[17779],"product_tag":[],"class_list":{"0":"post-40544","1":"product","2":"type-product","3":"status-publish","4":"has-post-thumbnail","6":"product_brand-ndb","7":"product_cat-elektriliste-seadmete-katsetamiseks-ja-testimiseks","9":"first","10":"instock","11":"taxable","12":"shipping-taxable","13":"product-type-simple"},"acf":[],"yoast_head":"<!-- This site is optimized with the Yoast SEO plugin v27.0 - https:\/\/yoast.com\/product\/yoast-seo-wordpress\/ -->\n<title>ndb XDP-II Osalise t\u00fchjenemise tuvastamise ja anal\u00fc\u00fcsimise seade - AXIOMA MS<\/title>\n<meta name=\"robots\" content=\"index, follow, max-snippet:-1, max-image-preview:large, max-video-preview:-1\" \/>\n<link rel=\"canonical\" href=\"https:\/\/www.axiomams.eu\/et\/produktas\/ndb-xdp-ii-osalise-tuhjenemise-tuvastamise-ja-analuusimise-seade\" \/>\n<meta property=\"og:locale\" content=\"et_EE\" \/>\n<meta property=\"og:type\" content=\"article\" \/>\n<meta property=\"og:title\" content=\"ndb XDP-II Osalise t\u00fchjenemise tuvastamise ja anal\u00fc\u00fcsimise seade - AXIOMA MS\" \/>\n<meta property=\"og:description\" content=\"ndb XDP-II on akuga t\u00f6\u00f6tav kaasaskantav seade, mis v\u00f5imaldab osalist t\u00fchjendamist tuvastada ja anal\u00fc\u00fcsida. Andmed salvestatakse selle sisem\u00e4llu kohaliku v\u00f5i edasise anal\u00fc\u00fcsi jaoks arvutip\u00f5hises XDP-SOFT-programmis. Koos sobivate lisaseadmetega on XDP-II v\u00f5imas lahendus paljude rakenduste jaoks, n\u00e4iteks kaabli\u00fchendused ja -n\u00f5lvad, jaotusseadmed, offline, akustiline, TEV, p\u00f6\u00f6rlevad masinad, trafod jne. D\u00fcnaamiline ulatus: 60 dB Andmete salvestamine: \u00dcle 380...\" \/>\n<meta property=\"og:url\" content=\"https:\/\/www.axiomams.eu\/et\/produktas\/ndb-xdp-ii-osalise-tuhjenemise-tuvastamise-ja-analuusimise-seade\" \/>\n<meta property=\"og:site_name\" content=\"AXIOMA MS\" \/>\n<meta property=\"article:publisher\" content=\"https:\/\/www.facebook.com\/AxiomaMS\" \/>\n<meta property=\"article:modified_time\" content=\"2026-02-02T12:33:12+00:00\" \/>\n<meta property=\"og:image\" content=\"https:\/\/www.axiomams.eu\/wp-content\/uploads\/2025\/07\/3012-3987.jpg\" \/>\n\t<meta property=\"og:image:width\" content=\"975\" \/>\n\t<meta property=\"og:image:height\" content=\"1000\" \/>\n\t<meta property=\"og:image:type\" content=\"image\/jpeg\" \/>\n<meta name=\"twitter:card\" content=\"summary_large_image\" \/>\n<meta name=\"twitter:label1\" content=\"Est. reading time\" \/>\n\t<meta name=\"twitter:data1\" content=\"1 minut\" \/>\n<script type=\"application\/ld+json\" class=\"yoast-schema-graph\">{\"@context\":\"https:\/\/schema.org\",\"@graph\":[{\"@type\":\"WebPage\",\"@id\":\"https:\/\/www.axiomams.eu\/et\/produktas\/ndb-xdp-ii-osalise-tuhjenemise-tuvastamise-ja-analuusimise-seade\",\"url\":\"https:\/\/www.axiomams.eu\/et\/produktas\/ndb-xdp-ii-osalise-tuhjenemise-tuvastamise-ja-analuusimise-seade\",\"name\":\"ndb XDP-II Osalise t\u00fchjenemise tuvastamise ja anal\u00fc\u00fcsimise seade - AXIOMA MS\",\"isPartOf\":{\"@id\":\"https:\/\/www.axiomams.eu\/et#website\"},\"primaryImageOfPage\":{\"@id\":\"https:\/\/www.axiomams.eu\/et\/produktas\/ndb-xdp-ii-osalise-tuhjenemise-tuvastamise-ja-analuusimise-seade#primaryimage\"},\"image\":{\"@id\":\"https:\/\/www.axiomams.eu\/et\/produktas\/ndb-xdp-ii-osalise-tuhjenemise-tuvastamise-ja-analuusimise-seade#primaryimage\"},\"thumbnailUrl\":\"https:\/\/www.axiomams.eu\/wp-content\/uploads\/2025\/07\/3012-3987.jpg\",\"datePublished\":\"2025-05-15T16:08:40+00:00\",\"dateModified\":\"2026-02-02T12:33:12+00:00\",\"breadcrumb\":{\"@id\":\"https:\/\/www.axiomams.eu\/et\/produktas\/ndb-xdp-ii-osalise-tuhjenemise-tuvastamise-ja-analuusimise-seade#breadcrumb\"},\"inLanguage\":\"et\",\"potentialAction\":[{\"@type\":\"ReadAction\",\"target\":[\"https:\/\/www.axiomams.eu\/et\/produktas\/ndb-xdp-ii-osalise-tuhjenemise-tuvastamise-ja-analuusimise-seade\"]}]},{\"@type\":\"ImageObject\",\"inLanguage\":\"et\",\"@id\":\"https:\/\/www.axiomams.eu\/et\/produktas\/ndb-xdp-ii-osalise-tuhjenemise-tuvastamise-ja-analuusimise-seade#primaryimage\",\"url\":\"https:\/\/www.axiomams.eu\/wp-content\/uploads\/2025\/07\/3012-3987.jpg\",\"contentUrl\":\"https:\/\/www.axiomams.eu\/wp-content\/uploads\/2025\/07\/3012-3987.jpg\",\"width\":975,\"height\":1000},{\"@type\":\"BreadcrumbList\",\"@id\":\"https:\/\/www.axiomams.eu\/et\/produktas\/ndb-xdp-ii-osalise-tuhjenemise-tuvastamise-ja-analuusimise-seade#breadcrumb\",\"itemListElement\":[{\"@type\":\"ListItem\",\"position\":1,\"name\":\"Home\",\"item\":\"https:\/\/www.axiomams.eu\/et\"},{\"@type\":\"ListItem\",\"position\":2,\"name\":\"Tooted\",\"item\":\"https:\/\/www.axiomams.eu\/et\/tooted\"},{\"@type\":\"ListItem\",\"position\":3,\"name\":\"ndb XDP-II Osalise t\u00fchjenemise tuvastamise ja anal\u00fc\u00fcsimise seade\"}]},{\"@type\":\"WebSite\",\"@id\":\"https:\/\/www.axiomams.eu\/et#website\",\"url\":\"https:\/\/www.axiomams.eu\/et\",\"name\":\"AXIOMA MS\",\"description\":\"Terrmovizoriai ir matavimo \u012franga\",\"publisher\":{\"@id\":\"https:\/\/www.axiomams.eu\/et#organization\"},\"potentialAction\":[{\"@type\":\"SearchAction\",\"target\":{\"@type\":\"EntryPoint\",\"urlTemplate\":\"https:\/\/www.axiomams.eu\/et?s={search_term_string}\"},\"query-input\":{\"@type\":\"PropertyValueSpecification\",\"valueRequired\":true,\"valueName\":\"search_term_string\"}}],\"inLanguage\":\"et\"},{\"@type\":\"Organization\",\"@id\":\"https:\/\/www.axiomams.eu\/et#organization\",\"name\":\"AXIOMA MS\",\"url\":\"https:\/\/www.axiomams.eu\/et\",\"logo\":{\"@type\":\"ImageObject\",\"inLanguage\":\"et\",\"@id\":\"https:\/\/www.axiomams.eu\/et#\/schema\/logo\/image\/\",\"url\":\"https:\/\/www.axiomams.eu\/wp-content\/uploads\/2025\/06\/axioma-logo-2.png\",\"contentUrl\":\"https:\/\/www.axiomams.eu\/wp-content\/uploads\/2025\/06\/axioma-logo-2.png\",\"width\":1200,\"height\":1200,\"caption\":\"AXIOMA MS\"},\"image\":{\"@id\":\"https:\/\/www.axiomams.eu\/et#\/schema\/logo\/image\/\"},\"sameAs\":[\"https:\/\/www.facebook.com\/AxiomaMS\",\"https:\/\/www.linkedin.com\/company\/axiomams\/\"]}]}<\/script>\n<!-- \/ Yoast SEO plugin. -->","yoast_head_json":{"title":"ndb XDP-II Osalise t\u00fchjenemise tuvastamise ja anal\u00fc\u00fcsimise seade - AXIOMA MS","robots":{"index":"index","follow":"follow","max-snippet":"max-snippet:-1","max-image-preview":"max-image-preview:large","max-video-preview":"max-video-preview:-1"},"canonical":"https:\/\/www.axiomams.eu\/et\/produktas\/ndb-xdp-ii-osalise-tuhjenemise-tuvastamise-ja-analuusimise-seade","og_locale":"et_EE","og_type":"article","og_title":"ndb XDP-II Osalise t\u00fchjenemise tuvastamise ja anal\u00fc\u00fcsimise seade - AXIOMA MS","og_description":"ndb XDP-II on akuga t\u00f6\u00f6tav kaasaskantav seade, mis v\u00f5imaldab osalist t\u00fchjendamist tuvastada ja anal\u00fc\u00fcsida. Andmed salvestatakse selle sisem\u00e4llu kohaliku v\u00f5i edasise anal\u00fc\u00fcsi jaoks arvutip\u00f5hises XDP-SOFT-programmis. Koos sobivate lisaseadmetega on XDP-II v\u00f5imas lahendus paljude rakenduste jaoks, n\u00e4iteks kaabli\u00fchendused ja -n\u00f5lvad, jaotusseadmed, offline, akustiline, TEV, p\u00f6\u00f6rlevad masinad, trafod jne. D\u00fcnaamiline ulatus: 60 dB Andmete salvestamine: \u00dcle 380...","og_url":"https:\/\/www.axiomams.eu\/et\/produktas\/ndb-xdp-ii-osalise-tuhjenemise-tuvastamise-ja-analuusimise-seade","og_site_name":"AXIOMA MS","article_publisher":"https:\/\/www.facebook.com\/AxiomaMS","article_modified_time":"2026-02-02T12:33:12+00:00","og_image":[{"width":975,"height":1000,"url":"https:\/\/www.axiomams.eu\/wp-content\/uploads\/2025\/07\/3012-3987.jpg","type":"image\/jpeg"}],"twitter_card":"summary_large_image","twitter_misc":{"Est. reading time":"1 minut"},"schema":{"@context":"https:\/\/schema.org","@graph":[{"@type":"WebPage","@id":"https:\/\/www.axiomams.eu\/et\/produktas\/ndb-xdp-ii-osalise-tuhjenemise-tuvastamise-ja-analuusimise-seade","url":"https:\/\/www.axiomams.eu\/et\/produktas\/ndb-xdp-ii-osalise-tuhjenemise-tuvastamise-ja-analuusimise-seade","name":"ndb XDP-II Osalise t\u00fchjenemise tuvastamise ja anal\u00fc\u00fcsimise seade - AXIOMA MS","isPartOf":{"@id":"https:\/\/www.axiomams.eu\/et#website"},"primaryImageOfPage":{"@id":"https:\/\/www.axiomams.eu\/et\/produktas\/ndb-xdp-ii-osalise-tuhjenemise-tuvastamise-ja-analuusimise-seade#primaryimage"},"image":{"@id":"https:\/\/www.axiomams.eu\/et\/produktas\/ndb-xdp-ii-osalise-tuhjenemise-tuvastamise-ja-analuusimise-seade#primaryimage"},"thumbnailUrl":"https:\/\/www.axiomams.eu\/wp-content\/uploads\/2025\/07\/3012-3987.jpg","datePublished":"2025-05-15T16:08:40+00:00","dateModified":"2026-02-02T12:33:12+00:00","breadcrumb":{"@id":"https:\/\/www.axiomams.eu\/et\/produktas\/ndb-xdp-ii-osalise-tuhjenemise-tuvastamise-ja-analuusimise-seade#breadcrumb"},"inLanguage":"et","potentialAction":[{"@type":"ReadAction","target":["https:\/\/www.axiomams.eu\/et\/produktas\/ndb-xdp-ii-osalise-tuhjenemise-tuvastamise-ja-analuusimise-seade"]}]},{"@type":"ImageObject","inLanguage":"et","@id":"https:\/\/www.axiomams.eu\/et\/produktas\/ndb-xdp-ii-osalise-tuhjenemise-tuvastamise-ja-analuusimise-seade#primaryimage","url":"https:\/\/www.axiomams.eu\/wp-content\/uploads\/2025\/07\/3012-3987.jpg","contentUrl":"https:\/\/www.axiomams.eu\/wp-content\/uploads\/2025\/07\/3012-3987.jpg","width":975,"height":1000},{"@type":"BreadcrumbList","@id":"https:\/\/www.axiomams.eu\/et\/produktas\/ndb-xdp-ii-osalise-tuhjenemise-tuvastamise-ja-analuusimise-seade#breadcrumb","itemListElement":[{"@type":"ListItem","position":1,"name":"Home","item":"https:\/\/www.axiomams.eu\/et"},{"@type":"ListItem","position":2,"name":"Tooted","item":"https:\/\/www.axiomams.eu\/et\/tooted"},{"@type":"ListItem","position":3,"name":"ndb XDP-II Osalise t\u00fchjenemise tuvastamise ja anal\u00fc\u00fcsimise seade"}]},{"@type":"WebSite","@id":"https:\/\/www.axiomams.eu\/et#website","url":"https:\/\/www.axiomams.eu\/et","name":"AXIOMA MS","description":"Terrmovizoriai ir matavimo \u012franga","publisher":{"@id":"https:\/\/www.axiomams.eu\/et#organization"},"potentialAction":[{"@type":"SearchAction","target":{"@type":"EntryPoint","urlTemplate":"https:\/\/www.axiomams.eu\/et?s={search_term_string}"},"query-input":{"@type":"PropertyValueSpecification","valueRequired":true,"valueName":"search_term_string"}}],"inLanguage":"et"},{"@type":"Organization","@id":"https:\/\/www.axiomams.eu\/et#organization","name":"AXIOMA MS","url":"https:\/\/www.axiomams.eu\/et","logo":{"@type":"ImageObject","inLanguage":"et","@id":"https:\/\/www.axiomams.eu\/et#\/schema\/logo\/image\/","url":"https:\/\/www.axiomams.eu\/wp-content\/uploads\/2025\/06\/axioma-logo-2.png","contentUrl":"https:\/\/www.axiomams.eu\/wp-content\/uploads\/2025\/06\/axioma-logo-2.png","width":1200,"height":1200,"caption":"AXIOMA MS"},"image":{"@id":"https:\/\/www.axiomams.eu\/et#\/schema\/logo\/image\/"},"sameAs":["https:\/\/www.facebook.com\/AxiomaMS","https:\/\/www.linkedin.com\/company\/axiomams\/"]}]}},"_links":{"self":[{"href":"https:\/\/www.axiomams.eu\/et\/wp-json\/wp\/v2\/product\/40544","targetHints":{"allow":["GET"]}}],"collection":[{"href":"https:\/\/www.axiomams.eu\/et\/wp-json\/wp\/v2\/product"}],"about":[{"href":"https:\/\/www.axiomams.eu\/et\/wp-json\/wp\/v2\/types\/product"}],"replies":[{"embeddable":true,"href":"https:\/\/www.axiomams.eu\/et\/wp-json\/wp\/v2\/comments?post=40544"}],"wp:featuredmedia":[{"embeddable":true,"href":"https:\/\/www.axiomams.eu\/et\/wp-json\/wp\/v2\/media\/42618"}],"wp:attachment":[{"href":"https:\/\/www.axiomams.eu\/et\/wp-json\/wp\/v2\/media?parent=40544"}],"wp:term":[{"taxonomy":"product_brand","embeddable":true,"href":"https:\/\/www.axiomams.eu\/et\/wp-json\/wp\/v2\/product_brand?post=40544"},{"taxonomy":"product_cat","embeddable":true,"href":"https:\/\/www.axiomams.eu\/et\/wp-json\/wp\/v2\/product_cat?post=40544"},{"taxonomy":"product_tag","embeddable":true,"href":"https:\/\/www.axiomams.eu\/et\/wp-json\/wp\/v2\/product_tag?post=40544"}],"curies":[{"name":"wp","href":"https:\/\/api.w.org\/{rel}","templated":true}]}}