{"id":40547,"date":"2025-05-15T18:08:44","date_gmt":"2025-05-15T16:08:44","guid":{"rendered":"https:\/\/www.axiomams.eu\/produktas\/ametek-xp3i-manomeeter"},"modified":"2026-02-02T14:33:12","modified_gmt":"2026-02-02T12:33:12","slug":"ametek-xp3i-manomeeter","status":"publish","type":"product","link":"https:\/\/www.axiomams.eu\/et\/produktas\/ametek-xp3i-manomeeter","title":{"rendered":"Ametek XP3i manomeeter"},"content":{"rendered":"<p>Ametek XP3i m\u00f5\u00f5tur &#8211; \u00fclimalt vastupidav, iseeneslikult ohutu r\u00f5hu kalibraator, mis on sertifitseeritud kasutamiseks plahvatusohtlikes keskkondades.<\/p>\n<p><b>Oomadused:<\/b><br \/>\n&#8211; Bluetooth ja USB C \u00fchendused<br \/>\n&#8211; M\u00f5\u00f5tmisvahemikud kuni 700 bar<br \/>\n&#8211; Mereklassi korpus on korrosioonikindel<br \/>\n&#8211; Sobib kasutamiseks plahvatusohtlikus keskkonnas<br \/>\n&#8211; K\u00f5rge IP-klassifikatsioon &#8211; IP67<br \/>\n&#8211; T\u00e4psus ei ole m\u00f5jutatud vahemikus -20 \u00b0C kuni 50 \u00b0C<br \/>\n&#8211; Kiire r\u00f5hu turvaventiili (PSV) re\u017eiim<br \/>\n&#8211; Lihtne kasutada<br \/>\n&#8211; Sisaldab kalibreerimism\u00e4rguandeid ja hoiatusi<\/p>\n<p><b>Bluetooth-\u00fchendusega saate:<\/b><br \/>\n&#8211; Paigaldada XP3i raskesti ligip\u00e4\u00e4setavatesse kohtadesse ja \u00fchendada turvalisest kohast.<br \/>\n&#8211; V\u00e4ltige ebasoodsat ilma, \u00fchendades XP3i kliimakontrolli all olevast kontorist v\u00f5i s\u00f5idukist.<br \/>\n&#8211; Unustasid oma sidekaabli? Kas draiverid ei ole paigaldatud? Kas kaabel on kahjustatud? K\u00f5ik need probleemid kaovad Bluetooth-\u00fchendusega.<\/p>\n<p><iframe loading=\"lazy\" width=\"560\" height=\"315\" src=\"https:\/\/www.youtube.com\/embed\/G6UZDbaLLKM?si=p_K-OiqOFPlWQxH5\" title=\"YouTube videopleier\" frameborder=\"0\" allow=\"accelerometer; autoplay; clipboard-write; encrypted-media; gyroscope; picture-in-picture; web-share\" referrerpolicy=\"strict-origin-when-cross-origin\" allowfullscreen><\/iframe><\/p>\n<h3>Tehniline teave:<\/h3>\n<ul>\n<li><a href=\"https:\/\/axiomams.eu\/importer\/export\/attachments\/en\/ametek-xp3i.pdf\" target=\"_blank\">Ametek XP3i.pdf<\/a><\/li>\n<\/ul>\n","protected":false},"excerpt":{"rendered":"<p>Ametek XP3i m\u00f5\u00f5tur &#8211; \u00fclimalt vastupidav, iseeneslikult ohutu r\u00f5hu kalibraator, mis on sertifitseeritud kasutamiseks plahvatusohtlikes keskkondades. Oomadused: &#8211; Bluetooth ja USB C \u00fchendused &#8211; M\u00f5\u00f5tmisvahemikud kuni 700 bar &#8211; Mereklassi korpus on korrosioonikindel &#8211; Sobib kasutamiseks plahvatusohtlikus keskkonnas &#8211; K\u00f5rge IP-klassifikatsioon &#8211; IP67 &#8211; T\u00e4psus ei ole m\u00f5jutatud vahemikus -20 \u00b0C kuni 50 \u00b0C &#8211;&#8230;<\/p>\n","protected":false},"featured_media":42624,"comment_status":"open","ping_status":"closed","template":"","meta":{"_acf_changed":false},"product_brand":[1202],"product_cat":[17812],"product_tag":[],"class_list":{"0":"post-40547","1":"product","2":"type-product","3":"status-publish","4":"has-post-thumbnail","6":"product_brand-ametek","7":"product_cat-taseme-rohu-ja-temperatuuri-mootmiseks","9":"first","10":"instock","11":"taxable","12":"shipping-taxable","13":"product-type-simple"},"acf":[],"yoast_head":"<!-- This site is optimized with the Yoast SEO plugin v27.0 - https:\/\/yoast.com\/product\/yoast-seo-wordpress\/ -->\n<title>Ametek XP3i manomeeter - AXIOMA MS<\/title>\n<meta name=\"robots\" content=\"index, follow, max-snippet:-1, max-image-preview:large, max-video-preview:-1\" \/>\n<link rel=\"canonical\" href=\"https:\/\/www.axiomams.eu\/et\/produktas\/ametek-xp3i-manomeeter\" \/>\n<meta property=\"og:locale\" content=\"et_EE\" \/>\n<meta property=\"og:type\" content=\"article\" \/>\n<meta property=\"og:title\" content=\"Ametek XP3i manomeeter - AXIOMA MS\" \/>\n<meta property=\"og:description\" content=\"Ametek XP3i m\u00f5\u00f5tur &#8211; \u00fclimalt vastupidav, iseeneslikult ohutu r\u00f5hu kalibraator, mis on sertifitseeritud kasutamiseks plahvatusohtlikes keskkondades. Oomadused: &#8211; Bluetooth ja USB C \u00fchendused &#8211; M\u00f5\u00f5tmisvahemikud kuni 700 bar &#8211; Mereklassi korpus on korrosioonikindel &#8211; Sobib kasutamiseks plahvatusohtlikus keskkonnas &#8211; K\u00f5rge IP-klassifikatsioon &#8211; IP67 &#8211; T\u00e4psus ei ole m\u00f5jutatud vahemikus -20 \u00b0C kuni 50 \u00b0C &#8211;...\" \/>\n<meta property=\"og:url\" content=\"https:\/\/www.axiomams.eu\/et\/produktas\/ametek-xp3i-manomeeter\" \/>\n<meta property=\"og:site_name\" content=\"AXIOMA MS\" \/>\n<meta property=\"article:publisher\" content=\"https:\/\/www.facebook.com\/AxiomaMS\" \/>\n<meta property=\"article:modified_time\" content=\"2026-02-02T12:33:12+00:00\" \/>\n<meta property=\"og:image\" content=\"https:\/\/www.axiomams.eu\/wp-content\/uploads\/2025\/07\/3560-4858.jpg\" \/>\n\t<meta property=\"og:image:width\" content=\"1013\" \/>\n\t<meta property=\"og:image:height\" content=\"1020\" \/>\n\t<meta property=\"og:image:type\" content=\"image\/jpeg\" \/>\n<meta name=\"twitter:card\" content=\"summary_large_image\" \/>\n<meta name=\"twitter:label1\" content=\"Est. reading time\" \/>\n\t<meta name=\"twitter:data1\" content=\"1 minut\" \/>\n<script type=\"application\/ld+json\" class=\"yoast-schema-graph\">{\"@context\":\"https:\/\/schema.org\",\"@graph\":[{\"@type\":\"WebPage\",\"@id\":\"https:\/\/www.axiomams.eu\/et\/produktas\/ametek-xp3i-manomeeter\",\"url\":\"https:\/\/www.axiomams.eu\/et\/produktas\/ametek-xp3i-manomeeter\",\"name\":\"Ametek XP3i manomeeter - AXIOMA MS\",\"isPartOf\":{\"@id\":\"https:\/\/www.axiomams.eu\/et#website\"},\"primaryImageOfPage\":{\"@id\":\"https:\/\/www.axiomams.eu\/et\/produktas\/ametek-xp3i-manomeeter#primaryimage\"},\"image\":{\"@id\":\"https:\/\/www.axiomams.eu\/et\/produktas\/ametek-xp3i-manomeeter#primaryimage\"},\"thumbnailUrl\":\"https:\/\/www.axiomams.eu\/wp-content\/uploads\/2025\/07\/3560-4858.jpg\",\"datePublished\":\"2025-05-15T16:08:44+00:00\",\"dateModified\":\"2026-02-02T12:33:12+00:00\",\"breadcrumb\":{\"@id\":\"https:\/\/www.axiomams.eu\/et\/produktas\/ametek-xp3i-manomeeter#breadcrumb\"},\"inLanguage\":\"et\",\"potentialAction\":[{\"@type\":\"ReadAction\",\"target\":[\"https:\/\/www.axiomams.eu\/et\/produktas\/ametek-xp3i-manomeeter\"]}]},{\"@type\":\"ImageObject\",\"inLanguage\":\"et\",\"@id\":\"https:\/\/www.axiomams.eu\/et\/produktas\/ametek-xp3i-manomeeter#primaryimage\",\"url\":\"https:\/\/www.axiomams.eu\/wp-content\/uploads\/2025\/07\/3560-4858.jpg\",\"contentUrl\":\"https:\/\/www.axiomams.eu\/wp-content\/uploads\/2025\/07\/3560-4858.jpg\",\"width\":1013,\"height\":1020},{\"@type\":\"BreadcrumbList\",\"@id\":\"https:\/\/www.axiomams.eu\/et\/produktas\/ametek-xp3i-manomeeter#breadcrumb\",\"itemListElement\":[{\"@type\":\"ListItem\",\"position\":1,\"name\":\"Home\",\"item\":\"https:\/\/www.axiomams.eu\/et\"},{\"@type\":\"ListItem\",\"position\":2,\"name\":\"Tooted\",\"item\":\"https:\/\/www.axiomams.eu\/et\/tooted\"},{\"@type\":\"ListItem\",\"position\":3,\"name\":\"Ametek XP3i manomeeter\"}]},{\"@type\":\"WebSite\",\"@id\":\"https:\/\/www.axiomams.eu\/et#website\",\"url\":\"https:\/\/www.axiomams.eu\/et\",\"name\":\"AXIOMA MS\",\"description\":\"Terrmovizoriai ir matavimo \u012franga\",\"publisher\":{\"@id\":\"https:\/\/www.axiomams.eu\/et#organization\"},\"potentialAction\":[{\"@type\":\"SearchAction\",\"target\":{\"@type\":\"EntryPoint\",\"urlTemplate\":\"https:\/\/www.axiomams.eu\/et?s={search_term_string}\"},\"query-input\":{\"@type\":\"PropertyValueSpecification\",\"valueRequired\":true,\"valueName\":\"search_term_string\"}}],\"inLanguage\":\"et\"},{\"@type\":\"Organization\",\"@id\":\"https:\/\/www.axiomams.eu\/et#organization\",\"name\":\"AXIOMA MS\",\"url\":\"https:\/\/www.axiomams.eu\/et\",\"logo\":{\"@type\":\"ImageObject\",\"inLanguage\":\"et\",\"@id\":\"https:\/\/www.axiomams.eu\/et#\/schema\/logo\/image\/\",\"url\":\"https:\/\/www.axiomams.eu\/wp-content\/uploads\/2025\/06\/axioma-logo-2.png\",\"contentUrl\":\"https:\/\/www.axiomams.eu\/wp-content\/uploads\/2025\/06\/axioma-logo-2.png\",\"width\":1200,\"height\":1200,\"caption\":\"AXIOMA MS\"},\"image\":{\"@id\":\"https:\/\/www.axiomams.eu\/et#\/schema\/logo\/image\/\"},\"sameAs\":[\"https:\/\/www.facebook.com\/AxiomaMS\",\"https:\/\/www.linkedin.com\/company\/axiomams\/\"]}]}<\/script>\n<!-- \/ Yoast SEO plugin. -->","yoast_head_json":{"title":"Ametek XP3i manomeeter - AXIOMA MS","robots":{"index":"index","follow":"follow","max-snippet":"max-snippet:-1","max-image-preview":"max-image-preview:large","max-video-preview":"max-video-preview:-1"},"canonical":"https:\/\/www.axiomams.eu\/et\/produktas\/ametek-xp3i-manomeeter","og_locale":"et_EE","og_type":"article","og_title":"Ametek XP3i manomeeter - AXIOMA MS","og_description":"Ametek XP3i m\u00f5\u00f5tur &#8211; \u00fclimalt vastupidav, iseeneslikult ohutu r\u00f5hu kalibraator, mis on sertifitseeritud kasutamiseks plahvatusohtlikes keskkondades. Oomadused: &#8211; Bluetooth ja USB C \u00fchendused &#8211; M\u00f5\u00f5tmisvahemikud kuni 700 bar &#8211; Mereklassi korpus on korrosioonikindel &#8211; Sobib kasutamiseks plahvatusohtlikus keskkonnas &#8211; K\u00f5rge IP-klassifikatsioon &#8211; IP67 &#8211; T\u00e4psus ei ole m\u00f5jutatud vahemikus -20 \u00b0C kuni 50 \u00b0C &#8211;...","og_url":"https:\/\/www.axiomams.eu\/et\/produktas\/ametek-xp3i-manomeeter","og_site_name":"AXIOMA MS","article_publisher":"https:\/\/www.facebook.com\/AxiomaMS","article_modified_time":"2026-02-02T12:33:12+00:00","og_image":[{"width":1013,"height":1020,"url":"https:\/\/www.axiomams.eu\/wp-content\/uploads\/2025\/07\/3560-4858.jpg","type":"image\/jpeg"}],"twitter_card":"summary_large_image","twitter_misc":{"Est. reading time":"1 minut"},"schema":{"@context":"https:\/\/schema.org","@graph":[{"@type":"WebPage","@id":"https:\/\/www.axiomams.eu\/et\/produktas\/ametek-xp3i-manomeeter","url":"https:\/\/www.axiomams.eu\/et\/produktas\/ametek-xp3i-manomeeter","name":"Ametek XP3i manomeeter - AXIOMA MS","isPartOf":{"@id":"https:\/\/www.axiomams.eu\/et#website"},"primaryImageOfPage":{"@id":"https:\/\/www.axiomams.eu\/et\/produktas\/ametek-xp3i-manomeeter#primaryimage"},"image":{"@id":"https:\/\/www.axiomams.eu\/et\/produktas\/ametek-xp3i-manomeeter#primaryimage"},"thumbnailUrl":"https:\/\/www.axiomams.eu\/wp-content\/uploads\/2025\/07\/3560-4858.jpg","datePublished":"2025-05-15T16:08:44+00:00","dateModified":"2026-02-02T12:33:12+00:00","breadcrumb":{"@id":"https:\/\/www.axiomams.eu\/et\/produktas\/ametek-xp3i-manomeeter#breadcrumb"},"inLanguage":"et","potentialAction":[{"@type":"ReadAction","target":["https:\/\/www.axiomams.eu\/et\/produktas\/ametek-xp3i-manomeeter"]}]},{"@type":"ImageObject","inLanguage":"et","@id":"https:\/\/www.axiomams.eu\/et\/produktas\/ametek-xp3i-manomeeter#primaryimage","url":"https:\/\/www.axiomams.eu\/wp-content\/uploads\/2025\/07\/3560-4858.jpg","contentUrl":"https:\/\/www.axiomams.eu\/wp-content\/uploads\/2025\/07\/3560-4858.jpg","width":1013,"height":1020},{"@type":"BreadcrumbList","@id":"https:\/\/www.axiomams.eu\/et\/produktas\/ametek-xp3i-manomeeter#breadcrumb","itemListElement":[{"@type":"ListItem","position":1,"name":"Home","item":"https:\/\/www.axiomams.eu\/et"},{"@type":"ListItem","position":2,"name":"Tooted","item":"https:\/\/www.axiomams.eu\/et\/tooted"},{"@type":"ListItem","position":3,"name":"Ametek XP3i manomeeter"}]},{"@type":"WebSite","@id":"https:\/\/www.axiomams.eu\/et#website","url":"https:\/\/www.axiomams.eu\/et","name":"AXIOMA MS","description":"Terrmovizoriai ir matavimo \u012franga","publisher":{"@id":"https:\/\/www.axiomams.eu\/et#organization"},"potentialAction":[{"@type":"SearchAction","target":{"@type":"EntryPoint","urlTemplate":"https:\/\/www.axiomams.eu\/et?s={search_term_string}"},"query-input":{"@type":"PropertyValueSpecification","valueRequired":true,"valueName":"search_term_string"}}],"inLanguage":"et"},{"@type":"Organization","@id":"https:\/\/www.axiomams.eu\/et#organization","name":"AXIOMA MS","url":"https:\/\/www.axiomams.eu\/et","logo":{"@type":"ImageObject","inLanguage":"et","@id":"https:\/\/www.axiomams.eu\/et#\/schema\/logo\/image\/","url":"https:\/\/www.axiomams.eu\/wp-content\/uploads\/2025\/06\/axioma-logo-2.png","contentUrl":"https:\/\/www.axiomams.eu\/wp-content\/uploads\/2025\/06\/axioma-logo-2.png","width":1200,"height":1200,"caption":"AXIOMA MS"},"image":{"@id":"https:\/\/www.axiomams.eu\/et#\/schema\/logo\/image\/"},"sameAs":["https:\/\/www.facebook.com\/AxiomaMS","https:\/\/www.linkedin.com\/company\/axiomams\/"]}]}},"_links":{"self":[{"href":"https:\/\/www.axiomams.eu\/et\/wp-json\/wp\/v2\/product\/40547","targetHints":{"allow":["GET"]}}],"collection":[{"href":"https:\/\/www.axiomams.eu\/et\/wp-json\/wp\/v2\/product"}],"about":[{"href":"https:\/\/www.axiomams.eu\/et\/wp-json\/wp\/v2\/types\/product"}],"replies":[{"embeddable":true,"href":"https:\/\/www.axiomams.eu\/et\/wp-json\/wp\/v2\/comments?post=40547"}],"wp:featuredmedia":[{"embeddable":true,"href":"https:\/\/www.axiomams.eu\/et\/wp-json\/wp\/v2\/media\/42624"}],"wp:attachment":[{"href":"https:\/\/www.axiomams.eu\/et\/wp-json\/wp\/v2\/media?parent=40547"}],"wp:term":[{"taxonomy":"product_brand","embeddable":true,"href":"https:\/\/www.axiomams.eu\/et\/wp-json\/wp\/v2\/product_brand?post=40547"},{"taxonomy":"product_cat","embeddable":true,"href":"https:\/\/www.axiomams.eu\/et\/wp-json\/wp\/v2\/product_cat?post=40547"},{"taxonomy":"product_tag","embeddable":true,"href":"https:\/\/www.axiomams.eu\/et\/wp-json\/wp\/v2\/product_tag?post=40547"}],"curies":[{"name":"wp","href":"https:\/\/api.w.org\/{rel}","templated":true}]}}