{"id":40551,"date":"2025-05-15T18:08:50","date_gmt":"2025-05-15T16:08:50","guid":{"rendered":"https:\/\/www.axiomams.eu\/produktas\/testo-115i-klambritermomeeter-0560-2115-02"},"modified":"2026-02-02T14:33:13","modified_gmt":"2026-02-02T12:33:13","slug":"testo-115i-klambritermomeeter-0560-2115-02","status":"publish","type":"product","link":"https:\/\/www.axiomams.eu\/et\/produktas\/testo-115i-klambritermomeeter-0560-2115-02","title":{"rendered":"Testo 115i klambritermomeeter (0560 2115 02)"},"content":{"rendered":"<p>&#8211; Mugav temperatuuri m\u00f5\u00f5tmine k\u00fclmutus-, kliima- ja k\u00fcttes\u00fcsteemides &#8211; t\u00e4nu traadita \u00fchendusele nutitelefoni v\u00f5i tahvelarvutiga<br \/>\n&#8211; Temperatuurimuutuste kiire tuvastamine graafilise progressioonin\u00e4idiku abil<br \/>\n&#8211; M\u00f5\u00f5teandmete anal\u00fc\u00fcs ja saatmine testo Smart Appi kaudu<br \/>\n&#8211; Probleemivaba kasutamine kaugemal asuvatel m\u00f5\u00f5tepunktidel t\u00e4nu kuni 100 m ulatusega Bluetooth\u00ae-\u00fchendusele<\/p>\n<p>Koos nutitelefoni v\u00f5i tahvelarvutiga on testo 115i klambritermomeeter ideaalne temperatuuri m\u00f5\u00f5tevahend k\u00fclmutus-, kliima- ja k\u00fcttes\u00fcsteemide hoolduseks ja t\u00f5rkeotsinguks ning nende paigaldamiseks. Seda saab kasutada ka eel- ja tagasivoolutemperatuuride m\u00f5\u00f5tmiseks.<\/p>\n<p>M\u00f5\u00f5tmisandmed edastatakse klambritermomeetrilt juhtmevabalt testo Smart App&#8217;ile ja neid saab mugavalt vaadata nutitelefonis v\u00f5i tahvelarvutis &#8211; kas diagrammina v\u00f5i tabelina. Temperatuurimuutused on seega kohe n\u00e4htavad. L\u00f5puks saab m\u00f5\u00f5teandmete aruande saata otse e-postiga pdf- v\u00f5i Exceli-failina. See s\u00e4\u00e4stab teie aega, mis v\u00f5imaldab teil veelgi suurendada oma t\u00f5husust.<\/p>\n<p><iframe loading=\"lazy\" width=\"560\" height=\"315\" src=\"https:\/\/www.youtube.com\/embed\/hSwrzNZTjHQ?si=-BcCI-nk85JjNs_r\" title=\"YouTube videopleier\" frameborder=\"0\" allow=\"accelerometer; autoplay; clipboard-write; encrypted-media; gyroscope; picture-in-picture; web-share\" referrerpolicy=\"strict-origin-when-cross-origin\" allowfullscreen><\/iframe><\/p>\n<h3>Tehniline teave:<\/h3>\n<ul>\n<li><a href=\"https:\/\/axiomams.eu\/importer\/export\/attachments\/en\/testo-115i---0560-2115-02.pdf\" target=\"_blank\">testo 115i &#8211; 0560 2115 02.pdf<\/a><\/li>\n<\/ul>\n","protected":false},"excerpt":{"rendered":"<p>&#8211; Mugav temperatuuri m\u00f5\u00f5tmine k\u00fclmutus-, kliima- ja k\u00fcttes\u00fcsteemides &#8211; t\u00e4nu traadita \u00fchendusele nutitelefoni v\u00f5i tahvelarvutiga &#8211; Temperatuurimuutuste kiire tuvastamine graafilise progressioonin\u00e4idiku abil &#8211; M\u00f5\u00f5teandmete anal\u00fc\u00fcs ja saatmine testo Smart Appi kaudu &#8211; Probleemivaba kasutamine kaugemal asuvatel m\u00f5\u00f5tepunktidel t\u00e4nu kuni 100 m ulatusega Bluetooth\u00ae-\u00fchendusele Koos nutitelefoni v\u00f5i tahvelarvutiga on testo 115i klambritermomeeter ideaalne temperatuuri m\u00f5\u00f5tevahend k\u00fclmutus-,&#8230;<\/p>\n","protected":false},"featured_media":42632,"comment_status":"open","ping_status":"closed","template":"","meta":{"_acf_changed":false},"product_brand":[735],"product_cat":[17811],"product_tag":[],"class_list":{"0":"post-40551","1":"product","2":"type-product","3":"status-publish","4":"has-post-thumbnail","6":"product_brand-testo","7":"product_cat-protsessi-ja-temperatuuri-kalibreerimiseks","9":"first","10":"instock","11":"taxable","12":"shipping-taxable","13":"purchasable","14":"product-type-simple"},"acf":[],"yoast_head":"<!-- This site is optimized with the Yoast SEO plugin v27.0 - https:\/\/yoast.com\/product\/yoast-seo-wordpress\/ -->\n<title>Testo 115i klambritermomeeter (0560 2115 02) - AXIOMA MS<\/title>\n<meta name=\"robots\" content=\"index, follow, max-snippet:-1, max-image-preview:large, max-video-preview:-1\" \/>\n<link rel=\"canonical\" href=\"https:\/\/www.axiomams.eu\/et\/produktas\/testo-115i-klambritermomeeter-0560-2115-02\" \/>\n<meta property=\"og:locale\" content=\"et_EE\" \/>\n<meta property=\"og:type\" content=\"article\" \/>\n<meta property=\"og:title\" content=\"Testo 115i klambritermomeeter (0560 2115 02) - AXIOMA MS\" \/>\n<meta property=\"og:description\" content=\"&#8211; Mugav temperatuuri m\u00f5\u00f5tmine k\u00fclmutus-, kliima- ja k\u00fcttes\u00fcsteemides &#8211; t\u00e4nu traadita \u00fchendusele nutitelefoni v\u00f5i tahvelarvutiga &#8211; Temperatuurimuutuste kiire tuvastamine graafilise progressioonin\u00e4idiku abil &#8211; M\u00f5\u00f5teandmete anal\u00fc\u00fcs ja saatmine testo Smart Appi kaudu &#8211; Probleemivaba kasutamine kaugemal asuvatel m\u00f5\u00f5tepunktidel t\u00e4nu kuni 100 m ulatusega Bluetooth\u00ae-\u00fchendusele Koos nutitelefoni v\u00f5i tahvelarvutiga on testo 115i klambritermomeeter ideaalne temperatuuri m\u00f5\u00f5tevahend k\u00fclmutus-,...\" \/>\n<meta property=\"og:url\" content=\"https:\/\/www.axiomams.eu\/et\/produktas\/testo-115i-klambritermomeeter-0560-2115-02\" \/>\n<meta property=\"og:site_name\" content=\"AXIOMA MS\" \/>\n<meta property=\"article:publisher\" content=\"https:\/\/www.facebook.com\/AxiomaMS\" \/>\n<meta property=\"article:modified_time\" content=\"2026-02-02T12:33:13+00:00\" \/>\n<meta property=\"og:image\" content=\"https:\/\/www.axiomams.eu\/wp-content\/uploads\/2025\/07\/4598-5914.jpg\" \/>\n\t<meta property=\"og:image:width\" content=\"800\" \/>\n\t<meta property=\"og:image:height\" content=\"800\" \/>\n\t<meta property=\"og:image:type\" content=\"image\/jpeg\" \/>\n<meta name=\"twitter:card\" content=\"summary_large_image\" \/>\n<meta name=\"twitter:label1\" content=\"Est. reading time\" \/>\n\t<meta name=\"twitter:data1\" content=\"1 minut\" \/>\n<script type=\"application\/ld+json\" class=\"yoast-schema-graph\">{\"@context\":\"https:\/\/schema.org\",\"@graph\":[{\"@type\":\"WebPage\",\"@id\":\"https:\/\/www.axiomams.eu\/et\/produktas\/testo-115i-klambritermomeeter-0560-2115-02\",\"url\":\"https:\/\/www.axiomams.eu\/et\/produktas\/testo-115i-klambritermomeeter-0560-2115-02\",\"name\":\"Testo 115i klambritermomeeter (0560 2115 02) - AXIOMA MS\",\"isPartOf\":{\"@id\":\"https:\/\/www.axiomams.eu\/et#website\"},\"primaryImageOfPage\":{\"@id\":\"https:\/\/www.axiomams.eu\/et\/produktas\/testo-115i-klambritermomeeter-0560-2115-02#primaryimage\"},\"image\":{\"@id\":\"https:\/\/www.axiomams.eu\/et\/produktas\/testo-115i-klambritermomeeter-0560-2115-02#primaryimage\"},\"thumbnailUrl\":\"https:\/\/www.axiomams.eu\/wp-content\/uploads\/2025\/07\/4598-5914.jpg\",\"datePublished\":\"2025-05-15T16:08:50+00:00\",\"dateModified\":\"2026-02-02T12:33:13+00:00\",\"breadcrumb\":{\"@id\":\"https:\/\/www.axiomams.eu\/et\/produktas\/testo-115i-klambritermomeeter-0560-2115-02#breadcrumb\"},\"inLanguage\":\"et\",\"potentialAction\":[{\"@type\":\"ReadAction\",\"target\":[\"https:\/\/www.axiomams.eu\/et\/produktas\/testo-115i-klambritermomeeter-0560-2115-02\"]}]},{\"@type\":\"ImageObject\",\"inLanguage\":\"et\",\"@id\":\"https:\/\/www.axiomams.eu\/et\/produktas\/testo-115i-klambritermomeeter-0560-2115-02#primaryimage\",\"url\":\"https:\/\/www.axiomams.eu\/wp-content\/uploads\/2025\/07\/4598-5914.jpg\",\"contentUrl\":\"https:\/\/www.axiomams.eu\/wp-content\/uploads\/2025\/07\/4598-5914.jpg\",\"width\":800,\"height\":800},{\"@type\":\"BreadcrumbList\",\"@id\":\"https:\/\/www.axiomams.eu\/et\/produktas\/testo-115i-klambritermomeeter-0560-2115-02#breadcrumb\",\"itemListElement\":[{\"@type\":\"ListItem\",\"position\":1,\"name\":\"Home\",\"item\":\"https:\/\/www.axiomams.eu\/et\"},{\"@type\":\"ListItem\",\"position\":2,\"name\":\"Tooted\",\"item\":\"https:\/\/www.axiomams.eu\/et\/tooted\"},{\"@type\":\"ListItem\",\"position\":3,\"name\":\"Testo 115i klambritermomeeter (0560 2115 02)\"}]},{\"@type\":\"WebSite\",\"@id\":\"https:\/\/www.axiomams.eu\/et#website\",\"url\":\"https:\/\/www.axiomams.eu\/et\",\"name\":\"AXIOMA MS\",\"description\":\"Terrmovizoriai ir matavimo \u012franga\",\"publisher\":{\"@id\":\"https:\/\/www.axiomams.eu\/et#organization\"},\"potentialAction\":[{\"@type\":\"SearchAction\",\"target\":{\"@type\":\"EntryPoint\",\"urlTemplate\":\"https:\/\/www.axiomams.eu\/et?s={search_term_string}\"},\"query-input\":{\"@type\":\"PropertyValueSpecification\",\"valueRequired\":true,\"valueName\":\"search_term_string\"}}],\"inLanguage\":\"et\"},{\"@type\":\"Organization\",\"@id\":\"https:\/\/www.axiomams.eu\/et#organization\",\"name\":\"AXIOMA MS\",\"url\":\"https:\/\/www.axiomams.eu\/et\",\"logo\":{\"@type\":\"ImageObject\",\"inLanguage\":\"et\",\"@id\":\"https:\/\/www.axiomams.eu\/et#\/schema\/logo\/image\/\",\"url\":\"https:\/\/www.axiomams.eu\/wp-content\/uploads\/2025\/06\/axioma-logo-2.png\",\"contentUrl\":\"https:\/\/www.axiomams.eu\/wp-content\/uploads\/2025\/06\/axioma-logo-2.png\",\"width\":1200,\"height\":1200,\"caption\":\"AXIOMA MS\"},\"image\":{\"@id\":\"https:\/\/www.axiomams.eu\/et#\/schema\/logo\/image\/\"},\"sameAs\":[\"https:\/\/www.facebook.com\/AxiomaMS\",\"https:\/\/www.linkedin.com\/company\/axiomams\/\"]}]}<\/script>\n<!-- \/ Yoast SEO plugin. -->","yoast_head_json":{"title":"Testo 115i klambritermomeeter (0560 2115 02) - AXIOMA MS","robots":{"index":"index","follow":"follow","max-snippet":"max-snippet:-1","max-image-preview":"max-image-preview:large","max-video-preview":"max-video-preview:-1"},"canonical":"https:\/\/www.axiomams.eu\/et\/produktas\/testo-115i-klambritermomeeter-0560-2115-02","og_locale":"et_EE","og_type":"article","og_title":"Testo 115i klambritermomeeter (0560 2115 02) - AXIOMA MS","og_description":"&#8211; Mugav temperatuuri m\u00f5\u00f5tmine k\u00fclmutus-, kliima- ja k\u00fcttes\u00fcsteemides &#8211; t\u00e4nu traadita \u00fchendusele nutitelefoni v\u00f5i tahvelarvutiga &#8211; Temperatuurimuutuste kiire tuvastamine graafilise progressioonin\u00e4idiku abil &#8211; M\u00f5\u00f5teandmete anal\u00fc\u00fcs ja saatmine testo Smart Appi kaudu &#8211; Probleemivaba kasutamine kaugemal asuvatel m\u00f5\u00f5tepunktidel t\u00e4nu kuni 100 m ulatusega Bluetooth\u00ae-\u00fchendusele Koos nutitelefoni v\u00f5i tahvelarvutiga on testo 115i klambritermomeeter ideaalne temperatuuri m\u00f5\u00f5tevahend k\u00fclmutus-,...","og_url":"https:\/\/www.axiomams.eu\/et\/produktas\/testo-115i-klambritermomeeter-0560-2115-02","og_site_name":"AXIOMA MS","article_publisher":"https:\/\/www.facebook.com\/AxiomaMS","article_modified_time":"2026-02-02T12:33:13+00:00","og_image":[{"width":800,"height":800,"url":"https:\/\/www.axiomams.eu\/wp-content\/uploads\/2025\/07\/4598-5914.jpg","type":"image\/jpeg"}],"twitter_card":"summary_large_image","twitter_misc":{"Est. reading time":"1 minut"},"schema":{"@context":"https:\/\/schema.org","@graph":[{"@type":"WebPage","@id":"https:\/\/www.axiomams.eu\/et\/produktas\/testo-115i-klambritermomeeter-0560-2115-02","url":"https:\/\/www.axiomams.eu\/et\/produktas\/testo-115i-klambritermomeeter-0560-2115-02","name":"Testo 115i klambritermomeeter (0560 2115 02) - AXIOMA MS","isPartOf":{"@id":"https:\/\/www.axiomams.eu\/et#website"},"primaryImageOfPage":{"@id":"https:\/\/www.axiomams.eu\/et\/produktas\/testo-115i-klambritermomeeter-0560-2115-02#primaryimage"},"image":{"@id":"https:\/\/www.axiomams.eu\/et\/produktas\/testo-115i-klambritermomeeter-0560-2115-02#primaryimage"},"thumbnailUrl":"https:\/\/www.axiomams.eu\/wp-content\/uploads\/2025\/07\/4598-5914.jpg","datePublished":"2025-05-15T16:08:50+00:00","dateModified":"2026-02-02T12:33:13+00:00","breadcrumb":{"@id":"https:\/\/www.axiomams.eu\/et\/produktas\/testo-115i-klambritermomeeter-0560-2115-02#breadcrumb"},"inLanguage":"et","potentialAction":[{"@type":"ReadAction","target":["https:\/\/www.axiomams.eu\/et\/produktas\/testo-115i-klambritermomeeter-0560-2115-02"]}]},{"@type":"ImageObject","inLanguage":"et","@id":"https:\/\/www.axiomams.eu\/et\/produktas\/testo-115i-klambritermomeeter-0560-2115-02#primaryimage","url":"https:\/\/www.axiomams.eu\/wp-content\/uploads\/2025\/07\/4598-5914.jpg","contentUrl":"https:\/\/www.axiomams.eu\/wp-content\/uploads\/2025\/07\/4598-5914.jpg","width":800,"height":800},{"@type":"BreadcrumbList","@id":"https:\/\/www.axiomams.eu\/et\/produktas\/testo-115i-klambritermomeeter-0560-2115-02#breadcrumb","itemListElement":[{"@type":"ListItem","position":1,"name":"Home","item":"https:\/\/www.axiomams.eu\/et"},{"@type":"ListItem","position":2,"name":"Tooted","item":"https:\/\/www.axiomams.eu\/et\/tooted"},{"@type":"ListItem","position":3,"name":"Testo 115i klambritermomeeter (0560 2115 02)"}]},{"@type":"WebSite","@id":"https:\/\/www.axiomams.eu\/et#website","url":"https:\/\/www.axiomams.eu\/et","name":"AXIOMA MS","description":"Terrmovizoriai ir matavimo \u012franga","publisher":{"@id":"https:\/\/www.axiomams.eu\/et#organization"},"potentialAction":[{"@type":"SearchAction","target":{"@type":"EntryPoint","urlTemplate":"https:\/\/www.axiomams.eu\/et?s={search_term_string}"},"query-input":{"@type":"PropertyValueSpecification","valueRequired":true,"valueName":"search_term_string"}}],"inLanguage":"et"},{"@type":"Organization","@id":"https:\/\/www.axiomams.eu\/et#organization","name":"AXIOMA MS","url":"https:\/\/www.axiomams.eu\/et","logo":{"@type":"ImageObject","inLanguage":"et","@id":"https:\/\/www.axiomams.eu\/et#\/schema\/logo\/image\/","url":"https:\/\/www.axiomams.eu\/wp-content\/uploads\/2025\/06\/axioma-logo-2.png","contentUrl":"https:\/\/www.axiomams.eu\/wp-content\/uploads\/2025\/06\/axioma-logo-2.png","width":1200,"height":1200,"caption":"AXIOMA MS"},"image":{"@id":"https:\/\/www.axiomams.eu\/et#\/schema\/logo\/image\/"},"sameAs":["https:\/\/www.facebook.com\/AxiomaMS","https:\/\/www.linkedin.com\/company\/axiomams\/"]}]}},"_links":{"self":[{"href":"https:\/\/www.axiomams.eu\/et\/wp-json\/wp\/v2\/product\/40551","targetHints":{"allow":["GET"]}}],"collection":[{"href":"https:\/\/www.axiomams.eu\/et\/wp-json\/wp\/v2\/product"}],"about":[{"href":"https:\/\/www.axiomams.eu\/et\/wp-json\/wp\/v2\/types\/product"}],"replies":[{"embeddable":true,"href":"https:\/\/www.axiomams.eu\/et\/wp-json\/wp\/v2\/comments?post=40551"}],"wp:featuredmedia":[{"embeddable":true,"href":"https:\/\/www.axiomams.eu\/et\/wp-json\/wp\/v2\/media\/42632"}],"wp:attachment":[{"href":"https:\/\/www.axiomams.eu\/et\/wp-json\/wp\/v2\/media?parent=40551"}],"wp:term":[{"taxonomy":"product_brand","embeddable":true,"href":"https:\/\/www.axiomams.eu\/et\/wp-json\/wp\/v2\/product_brand?post=40551"},{"taxonomy":"product_cat","embeddable":true,"href":"https:\/\/www.axiomams.eu\/et\/wp-json\/wp\/v2\/product_cat?post=40551"},{"taxonomy":"product_tag","embeddable":true,"href":"https:\/\/www.axiomams.eu\/et\/wp-json\/wp\/v2\/product_tag?post=40551"}],"curies":[{"name":"wp","href":"https:\/\/api.w.org\/{rel}","templated":true}]}}