{"id":40565,"date":"2025-09-10T15:34:41","date_gmt":"2025-09-10T13:34:41","guid":{"rendered":"https:\/\/www.axiomams.eu\/produktas\/testo-310-ii-suitsugaasi-analusaator-0563-3104"},"modified":"2026-02-02T14:33:20","modified_gmt":"2026-02-02T12:33:20","slug":"testo-310-ii-suitsugaasi-analusaator-0563-3104","status":"publish","type":"product","link":"https:\/\/www.axiomams.eu\/et\/produktas\/testo-310-ii-suitsugaasi-analusaator-0563-3104","title":{"rendered":"Testo 310 II suitsugaasi anal\u00fcsaator (0563 3104)"},"content":{"rendered":"<p><b>Kompleksne k\u00f5igi oluliste parameetrite reaalajas j\u00e4lgimine<\/b><br \/>\nM\u00f5\u00f5dab ja kuvab samaaegselt k\u00f5iki kriitilisi parameetreid, sealhulgas O\u2082, CO, CO\u2082, suitsugaasi temperatuuri, \u00fcmbritseva \u00f5hu temperatuuri, keskkonna CO-taset, t\u00f5mbetugevust ja r\u00f5hku. Konfigureerige ekraan h\u00f5lpsasti testo Smart Appi abil.<\/p>\n<p><b>Laiendatud m\u00f5\u00f5tmisv\u00f5imalused testo Smart Appi kaudu<\/b><br \/>\nViige testo Smart Appi kaudu l\u00e4bi t\u00e4iendavaid reaalajas toimuvaid m\u00f5\u00f5tmisi, n\u00e4iteks gaasi voolur\u00f5hk, voolutemperatuur ja tagasivoolutemperatuur.<\/p>\n<p><b>Kasutajas\u00f5bralik ja intuitiivne kasutamine<\/b><br \/>\nKasutage lihtsat ja intuitiivset men\u00fc\u00fcde navigeerimist, mis on loodud kiireks seadistamiseks ja t\u00f5husaks kasutamiseks.<\/p>\n<p><b>Seamless Digital Documentation and Data Management<\/b> (sujuv digitaalne dokumenteerimine ja andmehaldus) <b><br \/>\nSalvestage, edastage ja organiseerige m\u00f5\u00f5tmisandmeid ja klienditeavet digitaalselt testo Smart Appi abil, et aruandlus ja haldamine oleks sujuvam.<\/p>\n<p><b>Lubav m\u00f5\u00f5tmislahendus k\u00fcttepaigaldajatele ja tehnikutele<\/b><br \/>\nSpetsialistid, kes tegelevad sooja vee ja elamute k\u00fcttes\u00fcsteemide kasutuselev\u00f5tu ja hooldusega, vajavad usaldusv\u00e4\u00e4rset ja t\u00e4pset m\u00f5\u00f5tevahendit. Uus testo 310 II on loodud spetsiaalselt nende vajaduste rahuldamiseks, pakkudes stabiilset j\u00f5udlust ja lihtsat kasutust selliste oluliste \u00fclesannete jaoks nagu suitsugaaside anal\u00fc\u00fcs.<\/p>\n<p><b>T\u00f5hus tugi igap\u00e4evaste m\u00f5\u00f5tmis\u00fclesannete jaoks<\/b><br \/>\nTesto 310 II abil saavad k\u00fcttetehnikud oma igap\u00e4evast t\u00f6\u00f6d lihtsustada. See pakub sihip\u00e4rast tuge rutiinsetele m\u00f5\u00f5tmisprotseduuridele, aidates kasutajatel oma t\u00f6\u00f6d kiiremini, t\u00e4psemalt ja kindlamalt l\u00f5pule viia.<\/p>\n<p>Standardkomplekt: testo 310 II suitsugaasianal\u00fcsaator, aku, kalibreerimisprotokoll, sond, silikoonvoolik, tahkete osakeste filtrid, kohver<br \/>\nKood: 0563 3104<\/p>\n<p><iframe loading=\"lazy\" width=\"560\" height=\"315\" src=\"https:\/\/www.youtube.com\/embed\/Lef96RdDzB8?si=JHyVIwHIVq7OStQy\" title=\"YouTube videopleier\" frameborder=\"0\" allow=\"accelerometer; autoplay; clipboard-write; encrypted-media; gyroscope; picture-in-picture; web-share\" referrerpolicy=\"strict-origin-when-cross-origin\" allowfullscreen><\/iframe><\/p>\n<p><iframe loading=\"lazy\" width=\"560\" height=\"315\" src=\"https:\/\/www.youtube.com\/embed\/7molZdzucM4?si=HYO8Gglkil_L488J\" title=\"YouTube video player\" frameborder=\"0\" allow=\"accelerometer; autoplay; clipboard-write; encrypted-media; gyroscope; picture-in-picture; web-share\" referrerpolicy=\"strict-origin-when-cross-origin\" allowfullscreen><\/iframe><\/p>\n<h3>Tehniline teave:<\/h3>\n<ul>\n<li><a href=\"https:\/\/axiomams.eu\/importer\/export\/attachments\/en\/testo-310-ii.pdf\" target=\"_blank\">testo 310 II.pdf<\/a><\/li>\n<\/ul>\n","protected":false},"excerpt":{"rendered":"<p>Kompleksne k\u00f5igi oluliste parameetrite reaalajas j\u00e4lgimine M\u00f5\u00f5dab ja kuvab samaaegselt k\u00f5iki kriitilisi parameetreid, sealhulgas O\u2082, CO, CO\u2082, suitsugaasi temperatuuri, \u00fcmbritseva \u00f5hu temperatuuri, keskkonna CO-taset, t\u00f5mbetugevust ja r\u00f5hku. Konfigureerige ekraan h\u00f5lpsasti testo Smart Appi abil. Laiendatud m\u00f5\u00f5tmisv\u00f5imalused testo Smart Appi kaudu Viige testo Smart Appi kaudu l\u00e4bi t\u00e4iendavaid reaalajas toimuvaid m\u00f5\u00f5tmisi, n\u00e4iteks gaasi voolur\u00f5hk, voolutemperatuur ja&#8230;<\/p>\n","protected":false},"featured_media":42646,"comment_status":"open","ping_status":"closed","template":"","meta":{"_acf_changed":false},"product_brand":[735],"product_cat":[17829],"product_tag":[],"class_list":{"0":"post-40565","1":"product","2":"type-product","3":"status-publish","4":"has-post-thumbnail","6":"product_brand-testo","7":"product_cat-gaasi-ja-suitsuanaluusiks","9":"first","10":"instock","11":"taxable","12":"shipping-taxable","13":"purchasable","14":"product-type-simple"},"acf":[],"yoast_head":"<!-- This site is optimized with the Yoast SEO plugin v27.0 - https:\/\/yoast.com\/product\/yoast-seo-wordpress\/ -->\n<title>Testo 310 II suitsugaasi anal\u00fcsaator (0563 3104) - AXIOMA MS<\/title>\n<meta name=\"robots\" content=\"index, follow, max-snippet:-1, max-image-preview:large, max-video-preview:-1\" \/>\n<link rel=\"canonical\" href=\"https:\/\/www.axiomams.eu\/et\/produktas\/testo-310-ii-suitsugaasi-analusaator-0563-3104\" \/>\n<meta property=\"og:locale\" content=\"et_EE\" \/>\n<meta property=\"og:type\" content=\"article\" \/>\n<meta property=\"og:title\" content=\"Testo 310 II suitsugaasi anal\u00fcsaator (0563 3104) - AXIOMA MS\" \/>\n<meta property=\"og:description\" content=\"Kompleksne k\u00f5igi oluliste parameetrite reaalajas j\u00e4lgimine M\u00f5\u00f5dab ja kuvab samaaegselt k\u00f5iki kriitilisi parameetreid, sealhulgas O\u2082, CO, CO\u2082, suitsugaasi temperatuuri, \u00fcmbritseva \u00f5hu temperatuuri, keskkonna CO-taset, t\u00f5mbetugevust ja r\u00f5hku. Konfigureerige ekraan h\u00f5lpsasti testo Smart Appi abil. Laiendatud m\u00f5\u00f5tmisv\u00f5imalused testo Smart Appi kaudu Viige testo Smart Appi kaudu l\u00e4bi t\u00e4iendavaid reaalajas toimuvaid m\u00f5\u00f5tmisi, n\u00e4iteks gaasi voolur\u00f5hk, voolutemperatuur ja...\" \/>\n<meta property=\"og:url\" content=\"https:\/\/www.axiomams.eu\/et\/produktas\/testo-310-ii-suitsugaasi-analusaator-0563-3104\" \/>\n<meta property=\"og:site_name\" content=\"AXIOMA MS\" \/>\n<meta property=\"article:publisher\" content=\"https:\/\/www.facebook.com\/AxiomaMS\" \/>\n<meta property=\"article:modified_time\" content=\"2026-02-02T12:33:20+00:00\" \/>\n<meta property=\"og:image\" content=\"https:\/\/www.axiomams.eu\/wp-content\/uploads\/2025\/09\/4661-6161.jpg\" \/>\n\t<meta property=\"og:image:width\" content=\"800\" \/>\n\t<meta property=\"og:image:height\" content=\"800\" \/>\n\t<meta property=\"og:image:type\" content=\"image\/jpeg\" \/>\n<meta name=\"twitter:card\" content=\"summary_large_image\" \/>\n<meta name=\"twitter:label1\" content=\"Est. reading time\" \/>\n\t<meta name=\"twitter:data1\" content=\"1 minut\" \/>\n<script type=\"application\/ld+json\" class=\"yoast-schema-graph\">{\"@context\":\"https:\/\/schema.org\",\"@graph\":[{\"@type\":\"WebPage\",\"@id\":\"https:\/\/www.axiomams.eu\/et\/produktas\/testo-310-ii-suitsugaasi-analusaator-0563-3104\",\"url\":\"https:\/\/www.axiomams.eu\/et\/produktas\/testo-310-ii-suitsugaasi-analusaator-0563-3104\",\"name\":\"Testo 310 II suitsugaasi anal\u00fcsaator (0563 3104) - AXIOMA MS\",\"isPartOf\":{\"@id\":\"https:\/\/www.axiomams.eu\/et#website\"},\"primaryImageOfPage\":{\"@id\":\"https:\/\/www.axiomams.eu\/et\/produktas\/testo-310-ii-suitsugaasi-analusaator-0563-3104#primaryimage\"},\"image\":{\"@id\":\"https:\/\/www.axiomams.eu\/et\/produktas\/testo-310-ii-suitsugaasi-analusaator-0563-3104#primaryimage\"},\"thumbnailUrl\":\"https:\/\/www.axiomams.eu\/wp-content\/uploads\/2025\/09\/4661-6161.jpg\",\"datePublished\":\"2025-09-10T13:34:41+00:00\",\"dateModified\":\"2026-02-02T12:33:20+00:00\",\"breadcrumb\":{\"@id\":\"https:\/\/www.axiomams.eu\/et\/produktas\/testo-310-ii-suitsugaasi-analusaator-0563-3104#breadcrumb\"},\"inLanguage\":\"et\",\"potentialAction\":[{\"@type\":\"ReadAction\",\"target\":[\"https:\/\/www.axiomams.eu\/et\/produktas\/testo-310-ii-suitsugaasi-analusaator-0563-3104\"]}]},{\"@type\":\"ImageObject\",\"inLanguage\":\"et\",\"@id\":\"https:\/\/www.axiomams.eu\/et\/produktas\/testo-310-ii-suitsugaasi-analusaator-0563-3104#primaryimage\",\"url\":\"https:\/\/www.axiomams.eu\/wp-content\/uploads\/2025\/09\/4661-6161.jpg\",\"contentUrl\":\"https:\/\/www.axiomams.eu\/wp-content\/uploads\/2025\/09\/4661-6161.jpg\",\"width\":800,\"height\":800},{\"@type\":\"BreadcrumbList\",\"@id\":\"https:\/\/www.axiomams.eu\/et\/produktas\/testo-310-ii-suitsugaasi-analusaator-0563-3104#breadcrumb\",\"itemListElement\":[{\"@type\":\"ListItem\",\"position\":1,\"name\":\"Home\",\"item\":\"https:\/\/www.axiomams.eu\/et\"},{\"@type\":\"ListItem\",\"position\":2,\"name\":\"Tooted\",\"item\":\"https:\/\/www.axiomams.eu\/et\/tooted\"},{\"@type\":\"ListItem\",\"position\":3,\"name\":\"Testo 310 II suitsugaasi anal\u00fcsaator (0563 3104)\"}]},{\"@type\":\"WebSite\",\"@id\":\"https:\/\/www.axiomams.eu\/et#website\",\"url\":\"https:\/\/www.axiomams.eu\/et\",\"name\":\"AXIOMA MS\",\"description\":\"Terrmovizoriai ir matavimo \u012franga\",\"publisher\":{\"@id\":\"https:\/\/www.axiomams.eu\/et#organization\"},\"potentialAction\":[{\"@type\":\"SearchAction\",\"target\":{\"@type\":\"EntryPoint\",\"urlTemplate\":\"https:\/\/www.axiomams.eu\/et?s={search_term_string}\"},\"query-input\":{\"@type\":\"PropertyValueSpecification\",\"valueRequired\":true,\"valueName\":\"search_term_string\"}}],\"inLanguage\":\"et\"},{\"@type\":\"Organization\",\"@id\":\"https:\/\/www.axiomams.eu\/et#organization\",\"name\":\"AXIOMA MS\",\"url\":\"https:\/\/www.axiomams.eu\/et\",\"logo\":{\"@type\":\"ImageObject\",\"inLanguage\":\"et\",\"@id\":\"https:\/\/www.axiomams.eu\/et#\/schema\/logo\/image\/\",\"url\":\"https:\/\/www.axiomams.eu\/wp-content\/uploads\/2025\/06\/axioma-logo-2.png\",\"contentUrl\":\"https:\/\/www.axiomams.eu\/wp-content\/uploads\/2025\/06\/axioma-logo-2.png\",\"width\":1200,\"height\":1200,\"caption\":\"AXIOMA MS\"},\"image\":{\"@id\":\"https:\/\/www.axiomams.eu\/et#\/schema\/logo\/image\/\"},\"sameAs\":[\"https:\/\/www.facebook.com\/AxiomaMS\",\"https:\/\/www.linkedin.com\/company\/axiomams\/\"]}]}<\/script>\n<!-- \/ Yoast SEO plugin. -->","yoast_head_json":{"title":"Testo 310 II suitsugaasi anal\u00fcsaator (0563 3104) - AXIOMA MS","robots":{"index":"index","follow":"follow","max-snippet":"max-snippet:-1","max-image-preview":"max-image-preview:large","max-video-preview":"max-video-preview:-1"},"canonical":"https:\/\/www.axiomams.eu\/et\/produktas\/testo-310-ii-suitsugaasi-analusaator-0563-3104","og_locale":"et_EE","og_type":"article","og_title":"Testo 310 II suitsugaasi anal\u00fcsaator (0563 3104) - AXIOMA MS","og_description":"Kompleksne k\u00f5igi oluliste parameetrite reaalajas j\u00e4lgimine M\u00f5\u00f5dab ja kuvab samaaegselt k\u00f5iki kriitilisi parameetreid, sealhulgas O\u2082, CO, CO\u2082, suitsugaasi temperatuuri, \u00fcmbritseva \u00f5hu temperatuuri, keskkonna CO-taset, t\u00f5mbetugevust ja r\u00f5hku. Konfigureerige ekraan h\u00f5lpsasti testo Smart Appi abil. Laiendatud m\u00f5\u00f5tmisv\u00f5imalused testo Smart Appi kaudu Viige testo Smart Appi kaudu l\u00e4bi t\u00e4iendavaid reaalajas toimuvaid m\u00f5\u00f5tmisi, n\u00e4iteks gaasi voolur\u00f5hk, voolutemperatuur ja...","og_url":"https:\/\/www.axiomams.eu\/et\/produktas\/testo-310-ii-suitsugaasi-analusaator-0563-3104","og_site_name":"AXIOMA MS","article_publisher":"https:\/\/www.facebook.com\/AxiomaMS","article_modified_time":"2026-02-02T12:33:20+00:00","og_image":[{"width":800,"height":800,"url":"https:\/\/www.axiomams.eu\/wp-content\/uploads\/2025\/09\/4661-6161.jpg","type":"image\/jpeg"}],"twitter_card":"summary_large_image","twitter_misc":{"Est. reading time":"1 minut"},"schema":{"@context":"https:\/\/schema.org","@graph":[{"@type":"WebPage","@id":"https:\/\/www.axiomams.eu\/et\/produktas\/testo-310-ii-suitsugaasi-analusaator-0563-3104","url":"https:\/\/www.axiomams.eu\/et\/produktas\/testo-310-ii-suitsugaasi-analusaator-0563-3104","name":"Testo 310 II suitsugaasi anal\u00fcsaator (0563 3104) - AXIOMA MS","isPartOf":{"@id":"https:\/\/www.axiomams.eu\/et#website"},"primaryImageOfPage":{"@id":"https:\/\/www.axiomams.eu\/et\/produktas\/testo-310-ii-suitsugaasi-analusaator-0563-3104#primaryimage"},"image":{"@id":"https:\/\/www.axiomams.eu\/et\/produktas\/testo-310-ii-suitsugaasi-analusaator-0563-3104#primaryimage"},"thumbnailUrl":"https:\/\/www.axiomams.eu\/wp-content\/uploads\/2025\/09\/4661-6161.jpg","datePublished":"2025-09-10T13:34:41+00:00","dateModified":"2026-02-02T12:33:20+00:00","breadcrumb":{"@id":"https:\/\/www.axiomams.eu\/et\/produktas\/testo-310-ii-suitsugaasi-analusaator-0563-3104#breadcrumb"},"inLanguage":"et","potentialAction":[{"@type":"ReadAction","target":["https:\/\/www.axiomams.eu\/et\/produktas\/testo-310-ii-suitsugaasi-analusaator-0563-3104"]}]},{"@type":"ImageObject","inLanguage":"et","@id":"https:\/\/www.axiomams.eu\/et\/produktas\/testo-310-ii-suitsugaasi-analusaator-0563-3104#primaryimage","url":"https:\/\/www.axiomams.eu\/wp-content\/uploads\/2025\/09\/4661-6161.jpg","contentUrl":"https:\/\/www.axiomams.eu\/wp-content\/uploads\/2025\/09\/4661-6161.jpg","width":800,"height":800},{"@type":"BreadcrumbList","@id":"https:\/\/www.axiomams.eu\/et\/produktas\/testo-310-ii-suitsugaasi-analusaator-0563-3104#breadcrumb","itemListElement":[{"@type":"ListItem","position":1,"name":"Home","item":"https:\/\/www.axiomams.eu\/et"},{"@type":"ListItem","position":2,"name":"Tooted","item":"https:\/\/www.axiomams.eu\/et\/tooted"},{"@type":"ListItem","position":3,"name":"Testo 310 II suitsugaasi anal\u00fcsaator (0563 3104)"}]},{"@type":"WebSite","@id":"https:\/\/www.axiomams.eu\/et#website","url":"https:\/\/www.axiomams.eu\/et","name":"AXIOMA MS","description":"Terrmovizoriai ir matavimo \u012franga","publisher":{"@id":"https:\/\/www.axiomams.eu\/et#organization"},"potentialAction":[{"@type":"SearchAction","target":{"@type":"EntryPoint","urlTemplate":"https:\/\/www.axiomams.eu\/et?s={search_term_string}"},"query-input":{"@type":"PropertyValueSpecification","valueRequired":true,"valueName":"search_term_string"}}],"inLanguage":"et"},{"@type":"Organization","@id":"https:\/\/www.axiomams.eu\/et#organization","name":"AXIOMA MS","url":"https:\/\/www.axiomams.eu\/et","logo":{"@type":"ImageObject","inLanguage":"et","@id":"https:\/\/www.axiomams.eu\/et#\/schema\/logo\/image\/","url":"https:\/\/www.axiomams.eu\/wp-content\/uploads\/2025\/06\/axioma-logo-2.png","contentUrl":"https:\/\/www.axiomams.eu\/wp-content\/uploads\/2025\/06\/axioma-logo-2.png","width":1200,"height":1200,"caption":"AXIOMA MS"},"image":{"@id":"https:\/\/www.axiomams.eu\/et#\/schema\/logo\/image\/"},"sameAs":["https:\/\/www.facebook.com\/AxiomaMS","https:\/\/www.linkedin.com\/company\/axiomams\/"]}]}},"_links":{"self":[{"href":"https:\/\/www.axiomams.eu\/et\/wp-json\/wp\/v2\/product\/40565","targetHints":{"allow":["GET"]}}],"collection":[{"href":"https:\/\/www.axiomams.eu\/et\/wp-json\/wp\/v2\/product"}],"about":[{"href":"https:\/\/www.axiomams.eu\/et\/wp-json\/wp\/v2\/types\/product"}],"replies":[{"embeddable":true,"href":"https:\/\/www.axiomams.eu\/et\/wp-json\/wp\/v2\/comments?post=40565"}],"wp:featuredmedia":[{"embeddable":true,"href":"https:\/\/www.axiomams.eu\/et\/wp-json\/wp\/v2\/media\/42646"}],"wp:attachment":[{"href":"https:\/\/www.axiomams.eu\/et\/wp-json\/wp\/v2\/media?parent=40565"}],"wp:term":[{"taxonomy":"product_brand","embeddable":true,"href":"https:\/\/www.axiomams.eu\/et\/wp-json\/wp\/v2\/product_brand?post=40565"},{"taxonomy":"product_cat","embeddable":true,"href":"https:\/\/www.axiomams.eu\/et\/wp-json\/wp\/v2\/product_cat?post=40565"},{"taxonomy":"product_tag","embeddable":true,"href":"https:\/\/www.axiomams.eu\/et\/wp-json\/wp\/v2\/product_tag?post=40565"}],"curies":[{"name":"wp","href":"https:\/\/api.w.org\/{rel}","templated":true}]}}