{"id":40566,"date":"2025-09-15T15:59:47","date_gmt":"2025-09-15T13:59:47","guid":{"rendered":"https:\/\/www.axiomams.eu\/produktas\/testo-340-suitsugaasi-analusaator-0632-3340"},"modified":"2026-02-02T14:33:20","modified_gmt":"2026-02-02T12:33:20","slug":"testo-340-suitsugaasi-analusaator-0632-3340","status":"publish","type":"product","link":"https:\/\/www.axiomams.eu\/et\/produktas\/testo-340-suitsugaasi-analusaator-0632-3340","title":{"rendered":"Testo 340 suitsugaasi anal\u00fcsaator (0632 3340)"},"content":{"rendered":"<p><b>Emissioonikontroll t\u00f6\u00f6stuses: testo 340 suitsugaaside anal\u00fcsaator<\/b><br \/>\n<b>testo 340 suitsugaaside anal\u00fcsaator<\/b> \u00fchendab \u00fches seadmes professionaalse tehnoloogia, lihtsa kasutamise ja praktilise rakenduse. See suure j\u00f5udlusega anal\u00fcsaator on varustatud O2-anduriga ja pakub paindlikkust kuni kolme lisaanduri lisamiseks.<\/p>\n<p><b>Vaimseimad omadused:<\/b><br \/>\n&#8211; M\u00f5\u00f5dab gaase, sealhulgas CO, COlow, NO, NOlow, NO2 v\u00f5i SO2.<br \/>\n&#8211; Laiendatud m\u00f5\u00f5tepiirkond (valikuline) suure gaasikontsentratsiooni keskkondade jaoks<br \/>\n&#8211; Eelkalibreeritud andurid kiireks ja h\u00f5lpsaks asendamiseks<br \/>\n&#8211; Integreeritud r\u00f5hkude erinevuse ja \u00f5huvoolu m\u00f5\u00f5tmised t\u00e4psete massivoolu arvutuste tegemiseks<\/p>\n<p><b>Kohandatavad anduri valikud<\/b><br \/>\nTesto 340 on standardselt varustatud O2-anduriga, mille puhul on v\u00f5imalik valida nelja lisaanduri vahel: CO, COlow, NO, NOlow, NO2 v\u00f5i SO2. See kohandamine v\u00f5imaldab teil kohandada anal\u00fcsaatorit vastavalt teie konkreetsetele vajadustele. Kompaktne konstruktsioon ja t\u00f6\u00f6kindel tehnoloogia suurendavad liikuvust, mist\u00f5ttu sobib see ideaalselt nii rahvusvaheliseks teeninduseks kui ka p\u00f5lemiss\u00fcsteemide ja energiatootmisrajatiste kontrollimiseks ja paigaldamiseks.<\/p>\n<p><b>Liigendatud m\u00f5\u00f5tepiirkond suurte gaasikontsentratsioonide jaoks<\/b><br \/>\nTesto 340 omab laiendatud m\u00f5\u00f5tepiirkonda, mis v\u00f5imaldab t\u00e4pseid m\u00f5\u00f5tmisi ka k\u00f5rge gaasikontsentratsiooniga keskkondades, n\u00e4iteks t\u00f6\u00f6stuslikus suitsugaasianal\u00fc\u00fcsis. See laiendatud m\u00f5\u00f5tepiirkond aktiveerub automaatselt, kui tuvastatakse k\u00f5rge gaasikontsentratsioon, s\u00e4ilitades samasuguse anduri j\u00f5udluse kui madalamate kontsentratsioonide m\u00f5\u00f5tmisel.<\/p>\n<p>Standardkomplekt: testo 340 suitsugaasianal\u00fcsaator, kalibreerimisprotokoll, \u00f5larihm, O2-andur.<br \/>\nKood: 0632 3340<\/p>\n<p><iframe loading=\"lazy\" width=\"560\" height=\"315\" src=\"https:\/\/www.youtube.com\/embed\/JqDJT3c9mLk?si=t9zN6pznVVrQlSgl\" title=\"YouTube videopleier\" frameborder=\"0\" allow=\"accelerometer; autoplay; clipboard-write; encrypted-media; gyroscope; picture-in-picture; web-share\" referrerpolicy=\"strict-origin-when-cross-origin\" allowfullscreen><\/iframe><\/p>\n<h3>Tehniline teave:<\/h3>\n<ul>\n<li><a href=\"https:\/\/axiomams.eu\/importer\/export\/attachments\/en\/testo-340.pdf\" target=\"_blank\">testo 340.pdf<\/a><\/li>\n<\/ul>\n","protected":false},"excerpt":{"rendered":"<p>Emissioonikontroll t\u00f6\u00f6stuses: testo 340 suitsugaaside anal\u00fcsaator testo 340 suitsugaaside anal\u00fcsaator \u00fchendab \u00fches seadmes professionaalse tehnoloogia, lihtsa kasutamise ja praktilise rakenduse. See suure j\u00f5udlusega anal\u00fcsaator on varustatud O2-anduriga ja pakub paindlikkust kuni kolme lisaanduri lisamiseks. Vaimseimad omadused: &#8211; M\u00f5\u00f5dab gaase, sealhulgas CO, COlow, NO, NOlow, NO2 v\u00f5i SO2. &#8211; Laiendatud m\u00f5\u00f5tepiirkond (valikuline) suure gaasikontsentratsiooni keskkondade jaoks&#8230;<\/p>\n","protected":false},"featured_media":42648,"comment_status":"open","ping_status":"closed","template":"","meta":{"_acf_changed":false},"product_brand":[735],"product_cat":[17829],"product_tag":[],"class_list":{"0":"post-40566","1":"product","2":"type-product","3":"status-publish","4":"has-post-thumbnail","6":"product_brand-testo","7":"product_cat-gaasi-ja-suitsuanaluusiks","9":"first","10":"instock","11":"taxable","12":"shipping-taxable","13":"purchasable","14":"product-type-simple"},"acf":[],"yoast_head":"<!-- This site is optimized with the Yoast SEO plugin v27.0 - https:\/\/yoast.com\/product\/yoast-seo-wordpress\/ -->\n<title>Testo 340 suitsugaasi anal\u00fcsaator (0632 3340) - AXIOMA MS<\/title>\n<meta name=\"robots\" content=\"index, follow, max-snippet:-1, max-image-preview:large, max-video-preview:-1\" \/>\n<link rel=\"canonical\" href=\"https:\/\/www.axiomams.eu\/et\/produktas\/testo-340-suitsugaasi-analusaator-0632-3340\" \/>\n<meta property=\"og:locale\" content=\"et_EE\" \/>\n<meta property=\"og:type\" content=\"article\" \/>\n<meta property=\"og:title\" content=\"Testo 340 suitsugaasi anal\u00fcsaator (0632 3340) - AXIOMA MS\" \/>\n<meta property=\"og:description\" content=\"Emissioonikontroll t\u00f6\u00f6stuses: testo 340 suitsugaaside anal\u00fcsaator testo 340 suitsugaaside anal\u00fcsaator \u00fchendab \u00fches seadmes professionaalse tehnoloogia, lihtsa kasutamise ja praktilise rakenduse. See suure j\u00f5udlusega anal\u00fcsaator on varustatud O2-anduriga ja pakub paindlikkust kuni kolme lisaanduri lisamiseks. Vaimseimad omadused: &#8211; M\u00f5\u00f5dab gaase, sealhulgas CO, COlow, NO, NOlow, NO2 v\u00f5i SO2. &#8211; Laiendatud m\u00f5\u00f5tepiirkond (valikuline) suure gaasikontsentratsiooni keskkondade jaoks...\" \/>\n<meta property=\"og:url\" content=\"https:\/\/www.axiomams.eu\/et\/produktas\/testo-340-suitsugaasi-analusaator-0632-3340\" \/>\n<meta property=\"og:site_name\" content=\"AXIOMA MS\" \/>\n<meta property=\"article:publisher\" content=\"https:\/\/www.facebook.com\/AxiomaMS\" \/>\n<meta property=\"article:modified_time\" content=\"2026-02-02T12:33:20+00:00\" \/>\n<meta property=\"og:image\" content=\"https:\/\/www.axiomams.eu\/wp-content\/uploads\/2025\/09\/4665-6165.jpg\" \/>\n\t<meta property=\"og:image:width\" content=\"800\" \/>\n\t<meta property=\"og:image:height\" content=\"800\" \/>\n\t<meta property=\"og:image:type\" content=\"image\/jpeg\" \/>\n<meta name=\"twitter:card\" content=\"summary_large_image\" \/>\n<meta name=\"twitter:label1\" content=\"Est. reading time\" \/>\n\t<meta name=\"twitter:data1\" content=\"1 minut\" \/>\n<script type=\"application\/ld+json\" class=\"yoast-schema-graph\">{\"@context\":\"https:\/\/schema.org\",\"@graph\":[{\"@type\":\"WebPage\",\"@id\":\"https:\/\/www.axiomams.eu\/et\/produktas\/testo-340-suitsugaasi-analusaator-0632-3340\",\"url\":\"https:\/\/www.axiomams.eu\/et\/produktas\/testo-340-suitsugaasi-analusaator-0632-3340\",\"name\":\"Testo 340 suitsugaasi anal\u00fcsaator (0632 3340) - AXIOMA MS\",\"isPartOf\":{\"@id\":\"https:\/\/www.axiomams.eu\/et#website\"},\"primaryImageOfPage\":{\"@id\":\"https:\/\/www.axiomams.eu\/et\/produktas\/testo-340-suitsugaasi-analusaator-0632-3340#primaryimage\"},\"image\":{\"@id\":\"https:\/\/www.axiomams.eu\/et\/produktas\/testo-340-suitsugaasi-analusaator-0632-3340#primaryimage\"},\"thumbnailUrl\":\"https:\/\/www.axiomams.eu\/wp-content\/uploads\/2025\/09\/4665-6165.jpg\",\"datePublished\":\"2025-09-15T13:59:47+00:00\",\"dateModified\":\"2026-02-02T12:33:20+00:00\",\"breadcrumb\":{\"@id\":\"https:\/\/www.axiomams.eu\/et\/produktas\/testo-340-suitsugaasi-analusaator-0632-3340#breadcrumb\"},\"inLanguage\":\"et\",\"potentialAction\":[{\"@type\":\"ReadAction\",\"target\":[\"https:\/\/www.axiomams.eu\/et\/produktas\/testo-340-suitsugaasi-analusaator-0632-3340\"]}]},{\"@type\":\"ImageObject\",\"inLanguage\":\"et\",\"@id\":\"https:\/\/www.axiomams.eu\/et\/produktas\/testo-340-suitsugaasi-analusaator-0632-3340#primaryimage\",\"url\":\"https:\/\/www.axiomams.eu\/wp-content\/uploads\/2025\/09\/4665-6165.jpg\",\"contentUrl\":\"https:\/\/www.axiomams.eu\/wp-content\/uploads\/2025\/09\/4665-6165.jpg\",\"width\":800,\"height\":800},{\"@type\":\"BreadcrumbList\",\"@id\":\"https:\/\/www.axiomams.eu\/et\/produktas\/testo-340-suitsugaasi-analusaator-0632-3340#breadcrumb\",\"itemListElement\":[{\"@type\":\"ListItem\",\"position\":1,\"name\":\"Home\",\"item\":\"https:\/\/www.axiomams.eu\/et\"},{\"@type\":\"ListItem\",\"position\":2,\"name\":\"Tooted\",\"item\":\"https:\/\/www.axiomams.eu\/et\/tooted\"},{\"@type\":\"ListItem\",\"position\":3,\"name\":\"Testo 340 suitsugaasi anal\u00fcsaator (0632 3340)\"}]},{\"@type\":\"WebSite\",\"@id\":\"https:\/\/www.axiomams.eu\/et#website\",\"url\":\"https:\/\/www.axiomams.eu\/et\",\"name\":\"AXIOMA MS\",\"description\":\"Terrmovizoriai ir matavimo \u012franga\",\"publisher\":{\"@id\":\"https:\/\/www.axiomams.eu\/et#organization\"},\"potentialAction\":[{\"@type\":\"SearchAction\",\"target\":{\"@type\":\"EntryPoint\",\"urlTemplate\":\"https:\/\/www.axiomams.eu\/et?s={search_term_string}\"},\"query-input\":{\"@type\":\"PropertyValueSpecification\",\"valueRequired\":true,\"valueName\":\"search_term_string\"}}],\"inLanguage\":\"et\"},{\"@type\":\"Organization\",\"@id\":\"https:\/\/www.axiomams.eu\/et#organization\",\"name\":\"AXIOMA MS\",\"url\":\"https:\/\/www.axiomams.eu\/et\",\"logo\":{\"@type\":\"ImageObject\",\"inLanguage\":\"et\",\"@id\":\"https:\/\/www.axiomams.eu\/et#\/schema\/logo\/image\/\",\"url\":\"https:\/\/www.axiomams.eu\/wp-content\/uploads\/2025\/06\/axioma-logo-2.png\",\"contentUrl\":\"https:\/\/www.axiomams.eu\/wp-content\/uploads\/2025\/06\/axioma-logo-2.png\",\"width\":1200,\"height\":1200,\"caption\":\"AXIOMA MS\"},\"image\":{\"@id\":\"https:\/\/www.axiomams.eu\/et#\/schema\/logo\/image\/\"},\"sameAs\":[\"https:\/\/www.facebook.com\/AxiomaMS\",\"https:\/\/www.linkedin.com\/company\/axiomams\/\"]}]}<\/script>\n<!-- \/ Yoast SEO plugin. -->","yoast_head_json":{"title":"Testo 340 suitsugaasi anal\u00fcsaator (0632 3340) - AXIOMA MS","robots":{"index":"index","follow":"follow","max-snippet":"max-snippet:-1","max-image-preview":"max-image-preview:large","max-video-preview":"max-video-preview:-1"},"canonical":"https:\/\/www.axiomams.eu\/et\/produktas\/testo-340-suitsugaasi-analusaator-0632-3340","og_locale":"et_EE","og_type":"article","og_title":"Testo 340 suitsugaasi anal\u00fcsaator (0632 3340) - AXIOMA MS","og_description":"Emissioonikontroll t\u00f6\u00f6stuses: testo 340 suitsugaaside anal\u00fcsaator testo 340 suitsugaaside anal\u00fcsaator \u00fchendab \u00fches seadmes professionaalse tehnoloogia, lihtsa kasutamise ja praktilise rakenduse. See suure j\u00f5udlusega anal\u00fcsaator on varustatud O2-anduriga ja pakub paindlikkust kuni kolme lisaanduri lisamiseks. Vaimseimad omadused: &#8211; M\u00f5\u00f5dab gaase, sealhulgas CO, COlow, NO, NOlow, NO2 v\u00f5i SO2. &#8211; Laiendatud m\u00f5\u00f5tepiirkond (valikuline) suure gaasikontsentratsiooni keskkondade jaoks...","og_url":"https:\/\/www.axiomams.eu\/et\/produktas\/testo-340-suitsugaasi-analusaator-0632-3340","og_site_name":"AXIOMA MS","article_publisher":"https:\/\/www.facebook.com\/AxiomaMS","article_modified_time":"2026-02-02T12:33:20+00:00","og_image":[{"width":800,"height":800,"url":"https:\/\/www.axiomams.eu\/wp-content\/uploads\/2025\/09\/4665-6165.jpg","type":"image\/jpeg"}],"twitter_card":"summary_large_image","twitter_misc":{"Est. reading time":"1 minut"},"schema":{"@context":"https:\/\/schema.org","@graph":[{"@type":"WebPage","@id":"https:\/\/www.axiomams.eu\/et\/produktas\/testo-340-suitsugaasi-analusaator-0632-3340","url":"https:\/\/www.axiomams.eu\/et\/produktas\/testo-340-suitsugaasi-analusaator-0632-3340","name":"Testo 340 suitsugaasi anal\u00fcsaator (0632 3340) - AXIOMA MS","isPartOf":{"@id":"https:\/\/www.axiomams.eu\/et#website"},"primaryImageOfPage":{"@id":"https:\/\/www.axiomams.eu\/et\/produktas\/testo-340-suitsugaasi-analusaator-0632-3340#primaryimage"},"image":{"@id":"https:\/\/www.axiomams.eu\/et\/produktas\/testo-340-suitsugaasi-analusaator-0632-3340#primaryimage"},"thumbnailUrl":"https:\/\/www.axiomams.eu\/wp-content\/uploads\/2025\/09\/4665-6165.jpg","datePublished":"2025-09-15T13:59:47+00:00","dateModified":"2026-02-02T12:33:20+00:00","breadcrumb":{"@id":"https:\/\/www.axiomams.eu\/et\/produktas\/testo-340-suitsugaasi-analusaator-0632-3340#breadcrumb"},"inLanguage":"et","potentialAction":[{"@type":"ReadAction","target":["https:\/\/www.axiomams.eu\/et\/produktas\/testo-340-suitsugaasi-analusaator-0632-3340"]}]},{"@type":"ImageObject","inLanguage":"et","@id":"https:\/\/www.axiomams.eu\/et\/produktas\/testo-340-suitsugaasi-analusaator-0632-3340#primaryimage","url":"https:\/\/www.axiomams.eu\/wp-content\/uploads\/2025\/09\/4665-6165.jpg","contentUrl":"https:\/\/www.axiomams.eu\/wp-content\/uploads\/2025\/09\/4665-6165.jpg","width":800,"height":800},{"@type":"BreadcrumbList","@id":"https:\/\/www.axiomams.eu\/et\/produktas\/testo-340-suitsugaasi-analusaator-0632-3340#breadcrumb","itemListElement":[{"@type":"ListItem","position":1,"name":"Home","item":"https:\/\/www.axiomams.eu\/et"},{"@type":"ListItem","position":2,"name":"Tooted","item":"https:\/\/www.axiomams.eu\/et\/tooted"},{"@type":"ListItem","position":3,"name":"Testo 340 suitsugaasi anal\u00fcsaator (0632 3340)"}]},{"@type":"WebSite","@id":"https:\/\/www.axiomams.eu\/et#website","url":"https:\/\/www.axiomams.eu\/et","name":"AXIOMA MS","description":"Terrmovizoriai ir matavimo \u012franga","publisher":{"@id":"https:\/\/www.axiomams.eu\/et#organization"},"potentialAction":[{"@type":"SearchAction","target":{"@type":"EntryPoint","urlTemplate":"https:\/\/www.axiomams.eu\/et?s={search_term_string}"},"query-input":{"@type":"PropertyValueSpecification","valueRequired":true,"valueName":"search_term_string"}}],"inLanguage":"et"},{"@type":"Organization","@id":"https:\/\/www.axiomams.eu\/et#organization","name":"AXIOMA MS","url":"https:\/\/www.axiomams.eu\/et","logo":{"@type":"ImageObject","inLanguage":"et","@id":"https:\/\/www.axiomams.eu\/et#\/schema\/logo\/image\/","url":"https:\/\/www.axiomams.eu\/wp-content\/uploads\/2025\/06\/axioma-logo-2.png","contentUrl":"https:\/\/www.axiomams.eu\/wp-content\/uploads\/2025\/06\/axioma-logo-2.png","width":1200,"height":1200,"caption":"AXIOMA MS"},"image":{"@id":"https:\/\/www.axiomams.eu\/et#\/schema\/logo\/image\/"},"sameAs":["https:\/\/www.facebook.com\/AxiomaMS","https:\/\/www.linkedin.com\/company\/axiomams\/"]}]}},"_links":{"self":[{"href":"https:\/\/www.axiomams.eu\/et\/wp-json\/wp\/v2\/product\/40566","targetHints":{"allow":["GET"]}}],"collection":[{"href":"https:\/\/www.axiomams.eu\/et\/wp-json\/wp\/v2\/product"}],"about":[{"href":"https:\/\/www.axiomams.eu\/et\/wp-json\/wp\/v2\/types\/product"}],"replies":[{"embeddable":true,"href":"https:\/\/www.axiomams.eu\/et\/wp-json\/wp\/v2\/comments?post=40566"}],"wp:featuredmedia":[{"embeddable":true,"href":"https:\/\/www.axiomams.eu\/et\/wp-json\/wp\/v2\/media\/42648"}],"wp:attachment":[{"href":"https:\/\/www.axiomams.eu\/et\/wp-json\/wp\/v2\/media?parent=40566"}],"wp:term":[{"taxonomy":"product_brand","embeddable":true,"href":"https:\/\/www.axiomams.eu\/et\/wp-json\/wp\/v2\/product_brand?post=40566"},{"taxonomy":"product_cat","embeddable":true,"href":"https:\/\/www.axiomams.eu\/et\/wp-json\/wp\/v2\/product_cat?post=40566"},{"taxonomy":"product_tag","embeddable":true,"href":"https:\/\/www.axiomams.eu\/et\/wp-json\/wp\/v2\/product_tag?post=40566"}],"curies":[{"name":"wp","href":"https:\/\/api.w.org\/{rel}","templated":true}]}}