{"id":40607,"date":"2025-05-15T18:08:54","date_gmt":"2025-05-15T16:08:54","guid":{"rendered":"https:\/\/www.axiomams.eu\/produktas\/testo-915i-termomeeter-0563-3915"},"modified":"2026-02-02T14:33:41","modified_gmt":"2026-02-02T12:33:41","slug":"testo-915i-termomeeter-0563-3915","status":"publish","type":"product","link":"https:\/\/www.axiomams.eu\/et\/produktas\/testo-915i-termomeeter-0563-3915","title":{"rendered":"Testo 915i termomeeter (0563 3915)"},"content":{"rendered":"<p>testo 0563 3915 Termomeeter &#8211; traadita temperatuuri m\u00f5\u00f5tmiseks paljudes rakendustes t\u00e4nu suurele valikule anduritele ja \u00fchilduvusele standardse K-t\u00fc\u00fcpi termopaari anduritega.<\/p>\n<p>Vastupidav, kiiresti reageeriv \u00f5hutemperatuuriandur (TC t\u00fc\u00fcp K, klass 1), mis on turvaliselt kinnitatud k\u00e4epideme uuendusliku lukustusmehhanismi abil, ideaalne nii \u00fcmbritseva \u00f5hu temperatuuri kui ka kanalite ja \u00f5hu v\u00e4ljalaskeavade temperatuuride m\u00f5\u00f5tmiseks, m\u00f5\u00f5tepiirkond -50 kuni +400 \u00b0C.<\/p>\n<p>Lihtne kasutamine, hindamine ja dokumenteerimine tasuta testo Smart App&#8217;i abil ning automaatne Bluetooth\u00ae-\u00fchendus nutitelefonide, tahvelarvutite v\u00f5i Testo m\u00f5\u00f5teseadmetega (nt testo 400, testo 550s), mille ulatus on kuni 100 m.<\/p>\n<p>K\u00f5rge m\u00f5\u00f5tmist\u00e4psus t\u00e4nu s\u00fcsteemi tehasepoolsele kalibreerimisele.<\/p>\n<h3>Tehniline teave:<\/h3>\n<ul>\n<li><a href=\"https:\/\/axiomams.eu\/importer\/export\/attachments\/en\/testo-915i---0563-3915.pdf\" target=\"_blank\">testo 915i &#8211; 0563 3915.pdf<\/a><\/li>\n<\/ul>\n","protected":false},"excerpt":{"rendered":"<p>testo 0563 3915 Termomeeter &#8211; traadita temperatuuri m\u00f5\u00f5tmiseks paljudes rakendustes t\u00e4nu suurele valikule anduritele ja \u00fchilduvusele standardse K-t\u00fc\u00fcpi termopaari anduritega. Vastupidav, kiiresti reageeriv \u00f5hutemperatuuriandur (TC t\u00fc\u00fcp K, klass 1), mis on turvaliselt kinnitatud k\u00e4epideme uuendusliku lukustusmehhanismi abil, ideaalne nii \u00fcmbritseva \u00f5hu temperatuuri kui ka kanalite ja \u00f5hu v\u00e4ljalaskeavade temperatuuride m\u00f5\u00f5tmiseks, m\u00f5\u00f5tepiirkond -50 kuni +400 \u00b0C&#8230;.<\/p>\n","protected":false},"featured_media":42722,"comment_status":"open","ping_status":"closed","template":"","meta":{"_acf_changed":false},"product_brand":[735],"product_cat":[17811],"product_tag":[],"class_list":{"0":"post-40607","1":"product","2":"type-product","3":"status-publish","4":"has-post-thumbnail","6":"product_brand-testo","7":"product_cat-protsessi-ja-temperatuuri-kalibreerimiseks","9":"first","10":"instock","11":"taxable","12":"shipping-taxable","13":"purchasable","14":"product-type-simple"},"acf":[],"yoast_head":"<!-- This site is optimized with the Yoast SEO plugin v27.0 - https:\/\/yoast.com\/product\/yoast-seo-wordpress\/ -->\n<title>Testo 915i termomeeter (0563 3915) - AXIOMA MS<\/title>\n<meta name=\"robots\" content=\"index, follow, max-snippet:-1, max-image-preview:large, max-video-preview:-1\" \/>\n<link rel=\"canonical\" href=\"https:\/\/www.axiomams.eu\/et\/produktas\/testo-915i-termomeeter-0563-3915\" \/>\n<meta property=\"og:locale\" content=\"et_EE\" \/>\n<meta property=\"og:type\" content=\"article\" \/>\n<meta property=\"og:title\" content=\"Testo 915i termomeeter (0563 3915) - AXIOMA MS\" \/>\n<meta property=\"og:description\" content=\"testo 0563 3915 Termomeeter &#8211; traadita temperatuuri m\u00f5\u00f5tmiseks paljudes rakendustes t\u00e4nu suurele valikule anduritele ja \u00fchilduvusele standardse K-t\u00fc\u00fcpi termopaari anduritega. Vastupidav, kiiresti reageeriv \u00f5hutemperatuuriandur (TC t\u00fc\u00fcp K, klass 1), mis on turvaliselt kinnitatud k\u00e4epideme uuendusliku lukustusmehhanismi abil, ideaalne nii \u00fcmbritseva \u00f5hu temperatuuri kui ka kanalite ja \u00f5hu v\u00e4ljalaskeavade temperatuuride m\u00f5\u00f5tmiseks, m\u00f5\u00f5tepiirkond -50 kuni +400 \u00b0C....\" \/>\n<meta property=\"og:url\" content=\"https:\/\/www.axiomams.eu\/et\/produktas\/testo-915i-termomeeter-0563-3915\" \/>\n<meta property=\"og:site_name\" content=\"AXIOMA MS\" \/>\n<meta property=\"article:publisher\" content=\"https:\/\/www.facebook.com\/AxiomaMS\" \/>\n<meta property=\"article:modified_time\" content=\"2026-02-02T12:33:41+00:00\" \/>\n<meta property=\"og:image\" content=\"https:\/\/www.axiomams.eu\/wp-content\/uploads\/2025\/07\/4604-5922.jpg\" \/>\n\t<meta property=\"og:image:width\" content=\"800\" \/>\n\t<meta property=\"og:image:height\" content=\"800\" \/>\n\t<meta property=\"og:image:type\" content=\"image\/jpeg\" \/>\n<meta name=\"twitter:card\" content=\"summary_large_image\" \/>\n<meta name=\"twitter:label1\" content=\"Est. reading time\" \/>\n\t<meta name=\"twitter:data1\" content=\"1 minut\" \/>\n<script type=\"application\/ld+json\" class=\"yoast-schema-graph\">{\"@context\":\"https:\/\/schema.org\",\"@graph\":[{\"@type\":\"WebPage\",\"@id\":\"https:\/\/www.axiomams.eu\/et\/produktas\/testo-915i-termomeeter-0563-3915\",\"url\":\"https:\/\/www.axiomams.eu\/et\/produktas\/testo-915i-termomeeter-0563-3915\",\"name\":\"Testo 915i termomeeter (0563 3915) - AXIOMA MS\",\"isPartOf\":{\"@id\":\"https:\/\/www.axiomams.eu\/et#website\"},\"primaryImageOfPage\":{\"@id\":\"https:\/\/www.axiomams.eu\/et\/produktas\/testo-915i-termomeeter-0563-3915#primaryimage\"},\"image\":{\"@id\":\"https:\/\/www.axiomams.eu\/et\/produktas\/testo-915i-termomeeter-0563-3915#primaryimage\"},\"thumbnailUrl\":\"https:\/\/www.axiomams.eu\/wp-content\/uploads\/2025\/07\/4604-5922.jpg\",\"datePublished\":\"2025-05-15T16:08:54+00:00\",\"dateModified\":\"2026-02-02T12:33:41+00:00\",\"breadcrumb\":{\"@id\":\"https:\/\/www.axiomams.eu\/et\/produktas\/testo-915i-termomeeter-0563-3915#breadcrumb\"},\"inLanguage\":\"et\",\"potentialAction\":[{\"@type\":\"ReadAction\",\"target\":[\"https:\/\/www.axiomams.eu\/et\/produktas\/testo-915i-termomeeter-0563-3915\"]}]},{\"@type\":\"ImageObject\",\"inLanguage\":\"et\",\"@id\":\"https:\/\/www.axiomams.eu\/et\/produktas\/testo-915i-termomeeter-0563-3915#primaryimage\",\"url\":\"https:\/\/www.axiomams.eu\/wp-content\/uploads\/2025\/07\/4604-5922.jpg\",\"contentUrl\":\"https:\/\/www.axiomams.eu\/wp-content\/uploads\/2025\/07\/4604-5922.jpg\",\"width\":800,\"height\":800},{\"@type\":\"BreadcrumbList\",\"@id\":\"https:\/\/www.axiomams.eu\/et\/produktas\/testo-915i-termomeeter-0563-3915#breadcrumb\",\"itemListElement\":[{\"@type\":\"ListItem\",\"position\":1,\"name\":\"Home\",\"item\":\"https:\/\/www.axiomams.eu\/et\"},{\"@type\":\"ListItem\",\"position\":2,\"name\":\"Tooted\",\"item\":\"https:\/\/www.axiomams.eu\/et\/tooted\"},{\"@type\":\"ListItem\",\"position\":3,\"name\":\"Testo 915i termomeeter (0563 3915)\"}]},{\"@type\":\"WebSite\",\"@id\":\"https:\/\/www.axiomams.eu\/et#website\",\"url\":\"https:\/\/www.axiomams.eu\/et\",\"name\":\"AXIOMA MS\",\"description\":\"Terrmovizoriai ir matavimo \u012franga\",\"publisher\":{\"@id\":\"https:\/\/www.axiomams.eu\/et#organization\"},\"potentialAction\":[{\"@type\":\"SearchAction\",\"target\":{\"@type\":\"EntryPoint\",\"urlTemplate\":\"https:\/\/www.axiomams.eu\/et?s={search_term_string}\"},\"query-input\":{\"@type\":\"PropertyValueSpecification\",\"valueRequired\":true,\"valueName\":\"search_term_string\"}}],\"inLanguage\":\"et\"},{\"@type\":\"Organization\",\"@id\":\"https:\/\/www.axiomams.eu\/et#organization\",\"name\":\"AXIOMA MS\",\"url\":\"https:\/\/www.axiomams.eu\/et\",\"logo\":{\"@type\":\"ImageObject\",\"inLanguage\":\"et\",\"@id\":\"https:\/\/www.axiomams.eu\/et#\/schema\/logo\/image\/\",\"url\":\"https:\/\/www.axiomams.eu\/wp-content\/uploads\/2025\/06\/axioma-logo-2.png\",\"contentUrl\":\"https:\/\/www.axiomams.eu\/wp-content\/uploads\/2025\/06\/axioma-logo-2.png\",\"width\":1200,\"height\":1200,\"caption\":\"AXIOMA MS\"},\"image\":{\"@id\":\"https:\/\/www.axiomams.eu\/et#\/schema\/logo\/image\/\"},\"sameAs\":[\"https:\/\/www.facebook.com\/AxiomaMS\",\"https:\/\/www.linkedin.com\/company\/axiomams\/\"]}]}<\/script>\n<!-- \/ Yoast SEO plugin. -->","yoast_head_json":{"title":"Testo 915i termomeeter (0563 3915) - AXIOMA MS","robots":{"index":"index","follow":"follow","max-snippet":"max-snippet:-1","max-image-preview":"max-image-preview:large","max-video-preview":"max-video-preview:-1"},"canonical":"https:\/\/www.axiomams.eu\/et\/produktas\/testo-915i-termomeeter-0563-3915","og_locale":"et_EE","og_type":"article","og_title":"Testo 915i termomeeter (0563 3915) - AXIOMA MS","og_description":"testo 0563 3915 Termomeeter &#8211; traadita temperatuuri m\u00f5\u00f5tmiseks paljudes rakendustes t\u00e4nu suurele valikule anduritele ja \u00fchilduvusele standardse K-t\u00fc\u00fcpi termopaari anduritega. Vastupidav, kiiresti reageeriv \u00f5hutemperatuuriandur (TC t\u00fc\u00fcp K, klass 1), mis on turvaliselt kinnitatud k\u00e4epideme uuendusliku lukustusmehhanismi abil, ideaalne nii \u00fcmbritseva \u00f5hu temperatuuri kui ka kanalite ja \u00f5hu v\u00e4ljalaskeavade temperatuuride m\u00f5\u00f5tmiseks, m\u00f5\u00f5tepiirkond -50 kuni +400 \u00b0C....","og_url":"https:\/\/www.axiomams.eu\/et\/produktas\/testo-915i-termomeeter-0563-3915","og_site_name":"AXIOMA MS","article_publisher":"https:\/\/www.facebook.com\/AxiomaMS","article_modified_time":"2026-02-02T12:33:41+00:00","og_image":[{"width":800,"height":800,"url":"https:\/\/www.axiomams.eu\/wp-content\/uploads\/2025\/07\/4604-5922.jpg","type":"image\/jpeg"}],"twitter_card":"summary_large_image","twitter_misc":{"Est. reading time":"1 minut"},"schema":{"@context":"https:\/\/schema.org","@graph":[{"@type":"WebPage","@id":"https:\/\/www.axiomams.eu\/et\/produktas\/testo-915i-termomeeter-0563-3915","url":"https:\/\/www.axiomams.eu\/et\/produktas\/testo-915i-termomeeter-0563-3915","name":"Testo 915i termomeeter (0563 3915) - AXIOMA MS","isPartOf":{"@id":"https:\/\/www.axiomams.eu\/et#website"},"primaryImageOfPage":{"@id":"https:\/\/www.axiomams.eu\/et\/produktas\/testo-915i-termomeeter-0563-3915#primaryimage"},"image":{"@id":"https:\/\/www.axiomams.eu\/et\/produktas\/testo-915i-termomeeter-0563-3915#primaryimage"},"thumbnailUrl":"https:\/\/www.axiomams.eu\/wp-content\/uploads\/2025\/07\/4604-5922.jpg","datePublished":"2025-05-15T16:08:54+00:00","dateModified":"2026-02-02T12:33:41+00:00","breadcrumb":{"@id":"https:\/\/www.axiomams.eu\/et\/produktas\/testo-915i-termomeeter-0563-3915#breadcrumb"},"inLanguage":"et","potentialAction":[{"@type":"ReadAction","target":["https:\/\/www.axiomams.eu\/et\/produktas\/testo-915i-termomeeter-0563-3915"]}]},{"@type":"ImageObject","inLanguage":"et","@id":"https:\/\/www.axiomams.eu\/et\/produktas\/testo-915i-termomeeter-0563-3915#primaryimage","url":"https:\/\/www.axiomams.eu\/wp-content\/uploads\/2025\/07\/4604-5922.jpg","contentUrl":"https:\/\/www.axiomams.eu\/wp-content\/uploads\/2025\/07\/4604-5922.jpg","width":800,"height":800},{"@type":"BreadcrumbList","@id":"https:\/\/www.axiomams.eu\/et\/produktas\/testo-915i-termomeeter-0563-3915#breadcrumb","itemListElement":[{"@type":"ListItem","position":1,"name":"Home","item":"https:\/\/www.axiomams.eu\/et"},{"@type":"ListItem","position":2,"name":"Tooted","item":"https:\/\/www.axiomams.eu\/et\/tooted"},{"@type":"ListItem","position":3,"name":"Testo 915i termomeeter (0563 3915)"}]},{"@type":"WebSite","@id":"https:\/\/www.axiomams.eu\/et#website","url":"https:\/\/www.axiomams.eu\/et","name":"AXIOMA MS","description":"Terrmovizoriai ir matavimo \u012franga","publisher":{"@id":"https:\/\/www.axiomams.eu\/et#organization"},"potentialAction":[{"@type":"SearchAction","target":{"@type":"EntryPoint","urlTemplate":"https:\/\/www.axiomams.eu\/et?s={search_term_string}"},"query-input":{"@type":"PropertyValueSpecification","valueRequired":true,"valueName":"search_term_string"}}],"inLanguage":"et"},{"@type":"Organization","@id":"https:\/\/www.axiomams.eu\/et#organization","name":"AXIOMA MS","url":"https:\/\/www.axiomams.eu\/et","logo":{"@type":"ImageObject","inLanguage":"et","@id":"https:\/\/www.axiomams.eu\/et#\/schema\/logo\/image\/","url":"https:\/\/www.axiomams.eu\/wp-content\/uploads\/2025\/06\/axioma-logo-2.png","contentUrl":"https:\/\/www.axiomams.eu\/wp-content\/uploads\/2025\/06\/axioma-logo-2.png","width":1200,"height":1200,"caption":"AXIOMA MS"},"image":{"@id":"https:\/\/www.axiomams.eu\/et#\/schema\/logo\/image\/"},"sameAs":["https:\/\/www.facebook.com\/AxiomaMS","https:\/\/www.linkedin.com\/company\/axiomams\/"]}]}},"_links":{"self":[{"href":"https:\/\/www.axiomams.eu\/et\/wp-json\/wp\/v2\/product\/40607","targetHints":{"allow":["GET"]}}],"collection":[{"href":"https:\/\/www.axiomams.eu\/et\/wp-json\/wp\/v2\/product"}],"about":[{"href":"https:\/\/www.axiomams.eu\/et\/wp-json\/wp\/v2\/types\/product"}],"replies":[{"embeddable":true,"href":"https:\/\/www.axiomams.eu\/et\/wp-json\/wp\/v2\/comments?post=40607"}],"wp:featuredmedia":[{"embeddable":true,"href":"https:\/\/www.axiomams.eu\/et\/wp-json\/wp\/v2\/media\/42722"}],"wp:attachment":[{"href":"https:\/\/www.axiomams.eu\/et\/wp-json\/wp\/v2\/media?parent=40607"}],"wp:term":[{"taxonomy":"product_brand","embeddable":true,"href":"https:\/\/www.axiomams.eu\/et\/wp-json\/wp\/v2\/product_brand?post=40607"},{"taxonomy":"product_cat","embeddable":true,"href":"https:\/\/www.axiomams.eu\/et\/wp-json\/wp\/v2\/product_cat?post=40607"},{"taxonomy":"product_tag","embeddable":true,"href":"https:\/\/www.axiomams.eu\/et\/wp-json\/wp\/v2\/product_tag?post=40607"}],"curies":[{"name":"wp","href":"https:\/\/api.w.org\/{rel}","templated":true}]}}