{"id":40610,"date":"2025-05-15T18:15:13","date_gmt":"2025-05-15T16:15:13","guid":{"rendered":"https:\/\/www.axiomams.eu\/produktas\/mru-949102-novacompact-kaasaskantav-multifunktsionaalne-polemisanalusaator"},"modified":"2026-02-02T14:33:42","modified_gmt":"2026-02-02T12:33:42","slug":"mru-949102-novacompact-kaasaskantav-multifunktsionaalne-polemisanalusaator","status":"publish","type":"product","link":"https:\/\/www.axiomams.eu\/et\/produktas\/mru-949102-novacompact-kaasaskantav-multifunktsionaalne-polemisanalusaator","title":{"rendered":"MRU 949102 &#8211; NOVAcompact kaasaskantav multifunktsionaalne p\u00f5lemisanal\u00fcsaator"},"content":{"rendered":"<p>Kuni 4 gaasikomponendi samaaegne m\u00f5\u00f5tmine!<br \/>\nGaasitemperatuuri m\u00f5\u00f5tmine kuni 2,012\u00b0F (kasutage roostevabast terasest kuni 1,200\u00b0F, kasutage Inconel torusid kuni 2,012\u00b0F)<br \/>\nSuur PTFE (teflonkattega) filtriga kondensaadi eraldaja (valikuline koos gaasijahutiga)<br \/>\n\u00d5hupuhastuspump CO-anduri kaitseks<br \/>\nSisseehitatud printer lihtsa paberilaadimisega<br \/>\nSisemine andmesalvestus kuni 16 000 m\u00f5\u00f5tmise jaoks!<br \/>\nAku- ja v\u00f5rgutoitega t\u00f6\u00f6:<br \/>\n(kuni 10 tundi t\u00f6\u00f6aega \/ koos gaasijahutiga u. 2 &#8211; 3 tundi).<br \/>\nSeinapistikuga universaalne v\u00f5rguvooluallikas, 100-240Vac\/50-60Hz \/ 12V alalisvool \/ 12V alalisvool<br \/>\nV\u00e4rviline taustavalgustusega TFT-ekraan<br \/>\nVastupidav ja mustuskindel LED-valgustusega klaviatuur<br \/>\nKompaktne ja vastupidav transpordikapp<\/p>\n<h3>Tehniline teave:<\/h3>\n<ul>\n<li><a href=\"https:\/\/axiomams.eu\/importer\/export\/attachments\/en\/nova-compact-brochure-2017.pdf\" target=\"_blank\">NOVA-compact-Brochure-2017.pdf<\/a><\/li>\n<\/ul>\n","protected":false},"excerpt":{"rendered":"<p>Kuni 4 gaasikomponendi samaaegne m\u00f5\u00f5tmine! Gaasitemperatuuri m\u00f5\u00f5tmine kuni 2,012\u00b0F (kasutage roostevabast terasest kuni 1,200\u00b0F, kasutage Inconel torusid kuni 2,012\u00b0F) Suur PTFE (teflonkattega) filtriga kondensaadi eraldaja (valikuline koos gaasijahutiga) \u00d5hupuhastuspump CO-anduri kaitseks Sisseehitatud printer lihtsa paberilaadimisega Sisemine andmesalvestus kuni 16 000 m\u00f5\u00f5tmise jaoks! Aku- ja v\u00f5rgutoitega t\u00f6\u00f6: (kuni 10 tundi t\u00f6\u00f6aega \/ koos gaasijahutiga u. 2&#8230;<\/p>\n","protected":false},"featured_media":43214,"comment_status":"open","ping_status":"closed","template":"","meta":{"_acf_changed":false},"product_brand":[1897],"product_cat":[17839],"product_tag":[],"class_list":{"0":"post-40610","1":"product","2":"type-product","3":"status-publish","4":"has-post-thumbnail","6":"product_brand-mru","7":"product_cat-lisad","9":"first","10":"instock","11":"taxable","12":"shipping-taxable","13":"purchasable","14":"product-type-simple"},"acf":[],"yoast_head":"<!-- This site is optimized with the Yoast SEO plugin v27.0 - https:\/\/yoast.com\/product\/yoast-seo-wordpress\/ -->\n<title>MRU 949102 - NOVAcompact kaasaskantav multifunktsionaalne p\u00f5lemisanal\u00fcsaator - AXIOMA MS<\/title>\n<meta name=\"robots\" content=\"index, follow, max-snippet:-1, max-image-preview:large, max-video-preview:-1\" \/>\n<link rel=\"canonical\" href=\"https:\/\/www.axiomams.eu\/et\/produktas\/mru-949102-novacompact-kaasaskantav-multifunktsionaalne-polemisanalusaator\" \/>\n<meta property=\"og:locale\" content=\"et_EE\" \/>\n<meta property=\"og:type\" content=\"article\" \/>\n<meta property=\"og:title\" content=\"MRU 949102 - NOVAcompact kaasaskantav multifunktsionaalne p\u00f5lemisanal\u00fcsaator - AXIOMA MS\" \/>\n<meta property=\"og:description\" content=\"Kuni 4 gaasikomponendi samaaegne m\u00f5\u00f5tmine! Gaasitemperatuuri m\u00f5\u00f5tmine kuni 2,012\u00b0F (kasutage roostevabast terasest kuni 1,200\u00b0F, kasutage Inconel torusid kuni 2,012\u00b0F) Suur PTFE (teflonkattega) filtriga kondensaadi eraldaja (valikuline koos gaasijahutiga) \u00d5hupuhastuspump CO-anduri kaitseks Sisseehitatud printer lihtsa paberilaadimisega Sisemine andmesalvestus kuni 16 000 m\u00f5\u00f5tmise jaoks! Aku- ja v\u00f5rgutoitega t\u00f6\u00f6: (kuni 10 tundi t\u00f6\u00f6aega \/ koos gaasijahutiga u. 2...\" \/>\n<meta property=\"og:url\" content=\"https:\/\/www.axiomams.eu\/et\/produktas\/mru-949102-novacompact-kaasaskantav-multifunktsionaalne-polemisanalusaator\" \/>\n<meta property=\"og:site_name\" content=\"AXIOMA MS\" \/>\n<meta property=\"article:publisher\" content=\"https:\/\/www.facebook.com\/AxiomaMS\" \/>\n<meta property=\"article:modified_time\" content=\"2026-02-02T12:33:42+00:00\" \/>\n<meta property=\"og:image\" content=\"https:\/\/www.axiomams.eu\/wp-content\/uploads\/2025\/07\/2251-2913.jpg\" \/>\n\t<meta property=\"og:image:width\" content=\"826\" \/>\n\t<meta property=\"og:image:height\" content=\"826\" \/>\n\t<meta property=\"og:image:type\" content=\"image\/jpeg\" \/>\n<meta name=\"twitter:card\" content=\"summary_large_image\" \/>\n<script type=\"application\/ld+json\" class=\"yoast-schema-graph\">{\"@context\":\"https:\/\/schema.org\",\"@graph\":[{\"@type\":\"WebPage\",\"@id\":\"https:\/\/www.axiomams.eu\/et\/produktas\/mru-949102-novacompact-kaasaskantav-multifunktsionaalne-polemisanalusaator\",\"url\":\"https:\/\/www.axiomams.eu\/et\/produktas\/mru-949102-novacompact-kaasaskantav-multifunktsionaalne-polemisanalusaator\",\"name\":\"MRU 949102 - NOVAcompact kaasaskantav multifunktsionaalne p\u00f5lemisanal\u00fcsaator - AXIOMA MS\",\"isPartOf\":{\"@id\":\"https:\/\/www.axiomams.eu\/et#website\"},\"primaryImageOfPage\":{\"@id\":\"https:\/\/www.axiomams.eu\/et\/produktas\/mru-949102-novacompact-kaasaskantav-multifunktsionaalne-polemisanalusaator#primaryimage\"},\"image\":{\"@id\":\"https:\/\/www.axiomams.eu\/et\/produktas\/mru-949102-novacompact-kaasaskantav-multifunktsionaalne-polemisanalusaator#primaryimage\"},\"thumbnailUrl\":\"https:\/\/www.axiomams.eu\/wp-content\/uploads\/2025\/07\/2251-2913.jpg\",\"datePublished\":\"2025-05-15T16:15:13+00:00\",\"dateModified\":\"2026-02-02T12:33:42+00:00\",\"breadcrumb\":{\"@id\":\"https:\/\/www.axiomams.eu\/et\/produktas\/mru-949102-novacompact-kaasaskantav-multifunktsionaalne-polemisanalusaator#breadcrumb\"},\"inLanguage\":\"et\",\"potentialAction\":[{\"@type\":\"ReadAction\",\"target\":[\"https:\/\/www.axiomams.eu\/et\/produktas\/mru-949102-novacompact-kaasaskantav-multifunktsionaalne-polemisanalusaator\"]}]},{\"@type\":\"ImageObject\",\"inLanguage\":\"et\",\"@id\":\"https:\/\/www.axiomams.eu\/et\/produktas\/mru-949102-novacompact-kaasaskantav-multifunktsionaalne-polemisanalusaator#primaryimage\",\"url\":\"https:\/\/www.axiomams.eu\/wp-content\/uploads\/2025\/07\/2251-2913.jpg\",\"contentUrl\":\"https:\/\/www.axiomams.eu\/wp-content\/uploads\/2025\/07\/2251-2913.jpg\",\"width\":826,\"height\":826},{\"@type\":\"BreadcrumbList\",\"@id\":\"https:\/\/www.axiomams.eu\/et\/produktas\/mru-949102-novacompact-kaasaskantav-multifunktsionaalne-polemisanalusaator#breadcrumb\",\"itemListElement\":[{\"@type\":\"ListItem\",\"position\":1,\"name\":\"Home\",\"item\":\"https:\/\/www.axiomams.eu\/et\"},{\"@type\":\"ListItem\",\"position\":2,\"name\":\"Tooted\",\"item\":\"https:\/\/www.axiomams.eu\/et\/tooted\"},{\"@type\":\"ListItem\",\"position\":3,\"name\":\"MRU 949102 &#8211; NOVAcompact kaasaskantav multifunktsionaalne p\u00f5lemisanal\u00fcsaator\"}]},{\"@type\":\"WebSite\",\"@id\":\"https:\/\/www.axiomams.eu\/et#website\",\"url\":\"https:\/\/www.axiomams.eu\/et\",\"name\":\"AXIOMA MS\",\"description\":\"Terrmovizoriai ir matavimo \u012franga\",\"publisher\":{\"@id\":\"https:\/\/www.axiomams.eu\/et#organization\"},\"potentialAction\":[{\"@type\":\"SearchAction\",\"target\":{\"@type\":\"EntryPoint\",\"urlTemplate\":\"https:\/\/www.axiomams.eu\/et?s={search_term_string}\"},\"query-input\":{\"@type\":\"PropertyValueSpecification\",\"valueRequired\":true,\"valueName\":\"search_term_string\"}}],\"inLanguage\":\"et\"},{\"@type\":\"Organization\",\"@id\":\"https:\/\/www.axiomams.eu\/et#organization\",\"name\":\"AXIOMA MS\",\"url\":\"https:\/\/www.axiomams.eu\/et\",\"logo\":{\"@type\":\"ImageObject\",\"inLanguage\":\"et\",\"@id\":\"https:\/\/www.axiomams.eu\/et#\/schema\/logo\/image\/\",\"url\":\"https:\/\/www.axiomams.eu\/wp-content\/uploads\/2025\/06\/axioma-logo-2.png\",\"contentUrl\":\"https:\/\/www.axiomams.eu\/wp-content\/uploads\/2025\/06\/axioma-logo-2.png\",\"width\":1200,\"height\":1200,\"caption\":\"AXIOMA MS\"},\"image\":{\"@id\":\"https:\/\/www.axiomams.eu\/et#\/schema\/logo\/image\/\"},\"sameAs\":[\"https:\/\/www.facebook.com\/AxiomaMS\",\"https:\/\/www.linkedin.com\/company\/axiomams\/\"]}]}<\/script>\n<!-- \/ Yoast SEO plugin. -->","yoast_head_json":{"title":"MRU 949102 - NOVAcompact kaasaskantav multifunktsionaalne p\u00f5lemisanal\u00fcsaator - AXIOMA MS","robots":{"index":"index","follow":"follow","max-snippet":"max-snippet:-1","max-image-preview":"max-image-preview:large","max-video-preview":"max-video-preview:-1"},"canonical":"https:\/\/www.axiomams.eu\/et\/produktas\/mru-949102-novacompact-kaasaskantav-multifunktsionaalne-polemisanalusaator","og_locale":"et_EE","og_type":"article","og_title":"MRU 949102 - NOVAcompact kaasaskantav multifunktsionaalne p\u00f5lemisanal\u00fcsaator - AXIOMA MS","og_description":"Kuni 4 gaasikomponendi samaaegne m\u00f5\u00f5tmine! Gaasitemperatuuri m\u00f5\u00f5tmine kuni 2,012\u00b0F (kasutage roostevabast terasest kuni 1,200\u00b0F, kasutage Inconel torusid kuni 2,012\u00b0F) Suur PTFE (teflonkattega) filtriga kondensaadi eraldaja (valikuline koos gaasijahutiga) \u00d5hupuhastuspump CO-anduri kaitseks Sisseehitatud printer lihtsa paberilaadimisega Sisemine andmesalvestus kuni 16 000 m\u00f5\u00f5tmise jaoks! Aku- ja v\u00f5rgutoitega t\u00f6\u00f6: (kuni 10 tundi t\u00f6\u00f6aega \/ koos gaasijahutiga u. 2...","og_url":"https:\/\/www.axiomams.eu\/et\/produktas\/mru-949102-novacompact-kaasaskantav-multifunktsionaalne-polemisanalusaator","og_site_name":"AXIOMA MS","article_publisher":"https:\/\/www.facebook.com\/AxiomaMS","article_modified_time":"2026-02-02T12:33:42+00:00","og_image":[{"width":826,"height":826,"url":"https:\/\/www.axiomams.eu\/wp-content\/uploads\/2025\/07\/2251-2913.jpg","type":"image\/jpeg"}],"twitter_card":"summary_large_image","schema":{"@context":"https:\/\/schema.org","@graph":[{"@type":"WebPage","@id":"https:\/\/www.axiomams.eu\/et\/produktas\/mru-949102-novacompact-kaasaskantav-multifunktsionaalne-polemisanalusaator","url":"https:\/\/www.axiomams.eu\/et\/produktas\/mru-949102-novacompact-kaasaskantav-multifunktsionaalne-polemisanalusaator","name":"MRU 949102 - NOVAcompact kaasaskantav multifunktsionaalne p\u00f5lemisanal\u00fcsaator - AXIOMA MS","isPartOf":{"@id":"https:\/\/www.axiomams.eu\/et#website"},"primaryImageOfPage":{"@id":"https:\/\/www.axiomams.eu\/et\/produktas\/mru-949102-novacompact-kaasaskantav-multifunktsionaalne-polemisanalusaator#primaryimage"},"image":{"@id":"https:\/\/www.axiomams.eu\/et\/produktas\/mru-949102-novacompact-kaasaskantav-multifunktsionaalne-polemisanalusaator#primaryimage"},"thumbnailUrl":"https:\/\/www.axiomams.eu\/wp-content\/uploads\/2025\/07\/2251-2913.jpg","datePublished":"2025-05-15T16:15:13+00:00","dateModified":"2026-02-02T12:33:42+00:00","breadcrumb":{"@id":"https:\/\/www.axiomams.eu\/et\/produktas\/mru-949102-novacompact-kaasaskantav-multifunktsionaalne-polemisanalusaator#breadcrumb"},"inLanguage":"et","potentialAction":[{"@type":"ReadAction","target":["https:\/\/www.axiomams.eu\/et\/produktas\/mru-949102-novacompact-kaasaskantav-multifunktsionaalne-polemisanalusaator"]}]},{"@type":"ImageObject","inLanguage":"et","@id":"https:\/\/www.axiomams.eu\/et\/produktas\/mru-949102-novacompact-kaasaskantav-multifunktsionaalne-polemisanalusaator#primaryimage","url":"https:\/\/www.axiomams.eu\/wp-content\/uploads\/2025\/07\/2251-2913.jpg","contentUrl":"https:\/\/www.axiomams.eu\/wp-content\/uploads\/2025\/07\/2251-2913.jpg","width":826,"height":826},{"@type":"BreadcrumbList","@id":"https:\/\/www.axiomams.eu\/et\/produktas\/mru-949102-novacompact-kaasaskantav-multifunktsionaalne-polemisanalusaator#breadcrumb","itemListElement":[{"@type":"ListItem","position":1,"name":"Home","item":"https:\/\/www.axiomams.eu\/et"},{"@type":"ListItem","position":2,"name":"Tooted","item":"https:\/\/www.axiomams.eu\/et\/tooted"},{"@type":"ListItem","position":3,"name":"MRU 949102 &#8211; NOVAcompact kaasaskantav multifunktsionaalne p\u00f5lemisanal\u00fcsaator"}]},{"@type":"WebSite","@id":"https:\/\/www.axiomams.eu\/et#website","url":"https:\/\/www.axiomams.eu\/et","name":"AXIOMA MS","description":"Terrmovizoriai ir matavimo \u012franga","publisher":{"@id":"https:\/\/www.axiomams.eu\/et#organization"},"potentialAction":[{"@type":"SearchAction","target":{"@type":"EntryPoint","urlTemplate":"https:\/\/www.axiomams.eu\/et?s={search_term_string}"},"query-input":{"@type":"PropertyValueSpecification","valueRequired":true,"valueName":"search_term_string"}}],"inLanguage":"et"},{"@type":"Organization","@id":"https:\/\/www.axiomams.eu\/et#organization","name":"AXIOMA MS","url":"https:\/\/www.axiomams.eu\/et","logo":{"@type":"ImageObject","inLanguage":"et","@id":"https:\/\/www.axiomams.eu\/et#\/schema\/logo\/image\/","url":"https:\/\/www.axiomams.eu\/wp-content\/uploads\/2025\/06\/axioma-logo-2.png","contentUrl":"https:\/\/www.axiomams.eu\/wp-content\/uploads\/2025\/06\/axioma-logo-2.png","width":1200,"height":1200,"caption":"AXIOMA MS"},"image":{"@id":"https:\/\/www.axiomams.eu\/et#\/schema\/logo\/image\/"},"sameAs":["https:\/\/www.facebook.com\/AxiomaMS","https:\/\/www.linkedin.com\/company\/axiomams\/"]}]}},"_links":{"self":[{"href":"https:\/\/www.axiomams.eu\/et\/wp-json\/wp\/v2\/product\/40610","targetHints":{"allow":["GET"]}}],"collection":[{"href":"https:\/\/www.axiomams.eu\/et\/wp-json\/wp\/v2\/product"}],"about":[{"href":"https:\/\/www.axiomams.eu\/et\/wp-json\/wp\/v2\/types\/product"}],"replies":[{"embeddable":true,"href":"https:\/\/www.axiomams.eu\/et\/wp-json\/wp\/v2\/comments?post=40610"}],"wp:featuredmedia":[{"embeddable":true,"href":"https:\/\/www.axiomams.eu\/et\/wp-json\/wp\/v2\/media\/43214"}],"wp:attachment":[{"href":"https:\/\/www.axiomams.eu\/et\/wp-json\/wp\/v2\/media?parent=40610"}],"wp:term":[{"taxonomy":"product_brand","embeddable":true,"href":"https:\/\/www.axiomams.eu\/et\/wp-json\/wp\/v2\/product_brand?post=40610"},{"taxonomy":"product_cat","embeddable":true,"href":"https:\/\/www.axiomams.eu\/et\/wp-json\/wp\/v2\/product_cat?post=40610"},{"taxonomy":"product_tag","embeddable":true,"href":"https:\/\/www.axiomams.eu\/et\/wp-json\/wp\/v2\/product_tag?post=40610"}],"curies":[{"name":"wp","href":"https:\/\/api.w.org\/{rel}","templated":true}]}}