{"id":40691,"date":"2025-05-15T18:11:37","date_gmt":"2025-05-15T16:11:37","guid":{"rendered":"https:\/\/www.axiomams.eu\/produktas\/delta-ohm-ap472-s2"},"modified":"2026-02-02T14:34:14","modified_gmt":"2026-02-02T12:34:14","slug":"delta-ohm-ap472-s2","status":"publish","type":"product","link":"https:\/\/www.axiomams.eu\/et\/produktas\/delta-ohm-ap472-s2","title":{"rendered":"Delta OHM AP472 S2"},"content":{"rendered":"<p>Kiiruse m\u00f5\u00f5tmise vahemik: 0,5 &#8230; 20 m\/s<br \/>\nTemperatuuri m\u00f5\u00f5tepiirkond: -25 \u00b0C &#8230; + 80 \u00b0C<br \/>\nKiiruse m\u00f5\u00f5tmise eraldusv\u00f5ime: 0,01 m\/s<br \/>\nKiiruse m\u00f5\u00f5tmise t\u00e4psus: \u00b10,2 m\/s &#8230; 0,8 m\/s<br \/>\nVooluhulk: l\/s; m3\/s; m3\/min; m3\/h; ft3\/s; ft3\/min<br \/>\nTorustiku l\u00f5ik vooluhulga arvutamiseks: 0.0001 .. 1.9999 m2<\/p>\n","protected":false},"excerpt":{"rendered":"<p>Kiiruse m\u00f5\u00f5tmise vahemik: 0,5 &#8230; 20 m\/s Temperatuuri m\u00f5\u00f5tepiirkond: -25 \u00b0C &#8230; + 80 \u00b0C Kiiruse m\u00f5\u00f5tmise eraldusv\u00f5ime: 0,01 m\/s Kiiruse m\u00f5\u00f5tmise t\u00e4psus: \u00b10,2 m\/s &#8230; 0,8 m\/s Vooluhulk: l\/s; m3\/s; m3\/min; m3\/h; ft3\/s; ft3\/min Torustiku l\u00f5ik vooluhulga arvutamiseks: 0.0001 .. 1.9999 m2<\/p>\n","protected":false},"featured_media":42880,"comment_status":"open","ping_status":"closed","template":"","meta":{"_acf_changed":false},"product_brand":[740],"product_cat":[17839],"product_tag":[],"class_list":{"0":"post-40691","1":"product","2":"type-product","3":"status-publish","4":"has-post-thumbnail","6":"product_brand-delta-ohm","7":"product_cat-lisad","9":"first","10":"instock","11":"taxable","12":"shipping-taxable","13":"purchasable","14":"product-type-simple"},"acf":[],"yoast_head":"<!-- This site is optimized with the Yoast SEO plugin v27.0 - https:\/\/yoast.com\/product\/yoast-seo-wordpress\/ -->\n<title>Delta OHM AP472 S2 - AXIOMA MS<\/title>\n<meta name=\"robots\" content=\"index, follow, max-snippet:-1, max-image-preview:large, max-video-preview:-1\" \/>\n<link rel=\"canonical\" href=\"https:\/\/www.axiomams.eu\/et\/produktas\/delta-ohm-ap472-s2\" \/>\n<meta property=\"og:locale\" content=\"et_EE\" \/>\n<meta property=\"og:type\" content=\"article\" \/>\n<meta property=\"og:title\" content=\"Delta OHM AP472 S2 - AXIOMA MS\" \/>\n<meta property=\"og:description\" content=\"Kiiruse m\u00f5\u00f5tmise vahemik: 0,5 &#8230; 20 m\/s Temperatuuri m\u00f5\u00f5tepiirkond: -25 \u00b0C &#8230; + 80 \u00b0C Kiiruse m\u00f5\u00f5tmise eraldusv\u00f5ime: 0,01 m\/s Kiiruse m\u00f5\u00f5tmise t\u00e4psus: \u00b10,2 m\/s &#8230; 0,8 m\/s Vooluhulk: l\/s; m3\/s; m3\/min; m3\/h; ft3\/s; ft3\/min Torustiku l\u00f5ik vooluhulga arvutamiseks: 0.0001 .. 1.9999 m2\" \/>\n<meta property=\"og:url\" content=\"https:\/\/www.axiomams.eu\/et\/produktas\/delta-ohm-ap472-s2\" \/>\n<meta property=\"og:site_name\" content=\"AXIOMA MS\" \/>\n<meta property=\"article:publisher\" content=\"https:\/\/www.facebook.com\/AxiomaMS\" \/>\n<meta property=\"article:modified_time\" content=\"2026-02-02T12:34:14+00:00\" \/>\n<meta property=\"og:image\" content=\"https:\/\/www.axiomams.eu\/wp-content\/uploads\/2025\/07\/970-1182.jpg\" \/>\n\t<meta property=\"og:image:width\" content=\"752\" \/>\n\t<meta property=\"og:image:height\" content=\"698\" \/>\n\t<meta property=\"og:image:type\" content=\"image\/jpeg\" \/>\n<meta name=\"twitter:card\" content=\"summary_large_image\" \/>\n<script type=\"application\/ld+json\" class=\"yoast-schema-graph\">{\"@context\":\"https:\/\/schema.org\",\"@graph\":[{\"@type\":\"WebPage\",\"@id\":\"https:\/\/www.axiomams.eu\/et\/produktas\/delta-ohm-ap472-s2\",\"url\":\"https:\/\/www.axiomams.eu\/et\/produktas\/delta-ohm-ap472-s2\",\"name\":\"Delta OHM AP472 S2 - AXIOMA MS\",\"isPartOf\":{\"@id\":\"https:\/\/www.axiomams.eu\/et#website\"},\"primaryImageOfPage\":{\"@id\":\"https:\/\/www.axiomams.eu\/et\/produktas\/delta-ohm-ap472-s2#primaryimage\"},\"image\":{\"@id\":\"https:\/\/www.axiomams.eu\/et\/produktas\/delta-ohm-ap472-s2#primaryimage\"},\"thumbnailUrl\":\"https:\/\/www.axiomams.eu\/wp-content\/uploads\/2025\/07\/970-1182.jpg\",\"datePublished\":\"2025-05-15T16:11:37+00:00\",\"dateModified\":\"2026-02-02T12:34:14+00:00\",\"breadcrumb\":{\"@id\":\"https:\/\/www.axiomams.eu\/et\/produktas\/delta-ohm-ap472-s2#breadcrumb\"},\"inLanguage\":\"et\",\"potentialAction\":[{\"@type\":\"ReadAction\",\"target\":[\"https:\/\/www.axiomams.eu\/et\/produktas\/delta-ohm-ap472-s2\"]}]},{\"@type\":\"ImageObject\",\"inLanguage\":\"et\",\"@id\":\"https:\/\/www.axiomams.eu\/et\/produktas\/delta-ohm-ap472-s2#primaryimage\",\"url\":\"https:\/\/www.axiomams.eu\/wp-content\/uploads\/2025\/07\/970-1182.jpg\",\"contentUrl\":\"https:\/\/www.axiomams.eu\/wp-content\/uploads\/2025\/07\/970-1182.jpg\",\"width\":752,\"height\":698},{\"@type\":\"BreadcrumbList\",\"@id\":\"https:\/\/www.axiomams.eu\/et\/produktas\/delta-ohm-ap472-s2#breadcrumb\",\"itemListElement\":[{\"@type\":\"ListItem\",\"position\":1,\"name\":\"Home\",\"item\":\"https:\/\/www.axiomams.eu\/et\"},{\"@type\":\"ListItem\",\"position\":2,\"name\":\"Tooted\",\"item\":\"https:\/\/www.axiomams.eu\/et\/tooted\"},{\"@type\":\"ListItem\",\"position\":3,\"name\":\"Delta OHM AP472 S2\"}]},{\"@type\":\"WebSite\",\"@id\":\"https:\/\/www.axiomams.eu\/et#website\",\"url\":\"https:\/\/www.axiomams.eu\/et\",\"name\":\"AXIOMA MS\",\"description\":\"Terrmovizoriai ir matavimo \u012franga\",\"publisher\":{\"@id\":\"https:\/\/www.axiomams.eu\/et#organization\"},\"potentialAction\":[{\"@type\":\"SearchAction\",\"target\":{\"@type\":\"EntryPoint\",\"urlTemplate\":\"https:\/\/www.axiomams.eu\/et?s={search_term_string}\"},\"query-input\":{\"@type\":\"PropertyValueSpecification\",\"valueRequired\":true,\"valueName\":\"search_term_string\"}}],\"inLanguage\":\"et\"},{\"@type\":\"Organization\",\"@id\":\"https:\/\/www.axiomams.eu\/et#organization\",\"name\":\"AXIOMA MS\",\"url\":\"https:\/\/www.axiomams.eu\/et\",\"logo\":{\"@type\":\"ImageObject\",\"inLanguage\":\"et\",\"@id\":\"https:\/\/www.axiomams.eu\/et#\/schema\/logo\/image\/\",\"url\":\"https:\/\/www.axiomams.eu\/wp-content\/uploads\/2025\/06\/axioma-logo-2.png\",\"contentUrl\":\"https:\/\/www.axiomams.eu\/wp-content\/uploads\/2025\/06\/axioma-logo-2.png\",\"width\":1200,\"height\":1200,\"caption\":\"AXIOMA MS\"},\"image\":{\"@id\":\"https:\/\/www.axiomams.eu\/et#\/schema\/logo\/image\/\"},\"sameAs\":[\"https:\/\/www.facebook.com\/AxiomaMS\",\"https:\/\/www.linkedin.com\/company\/axiomams\/\"]}]}<\/script>\n<!-- \/ Yoast SEO plugin. -->","yoast_head_json":{"title":"Delta OHM AP472 S2 - AXIOMA MS","robots":{"index":"index","follow":"follow","max-snippet":"max-snippet:-1","max-image-preview":"max-image-preview:large","max-video-preview":"max-video-preview:-1"},"canonical":"https:\/\/www.axiomams.eu\/et\/produktas\/delta-ohm-ap472-s2","og_locale":"et_EE","og_type":"article","og_title":"Delta OHM AP472 S2 - AXIOMA MS","og_description":"Kiiruse m\u00f5\u00f5tmise vahemik: 0,5 &#8230; 20 m\/s Temperatuuri m\u00f5\u00f5tepiirkond: -25 \u00b0C &#8230; + 80 \u00b0C Kiiruse m\u00f5\u00f5tmise eraldusv\u00f5ime: 0,01 m\/s Kiiruse m\u00f5\u00f5tmise t\u00e4psus: \u00b10,2 m\/s &#8230; 0,8 m\/s Vooluhulk: l\/s; m3\/s; m3\/min; m3\/h; ft3\/s; ft3\/min Torustiku l\u00f5ik vooluhulga arvutamiseks: 0.0001 .. 1.9999 m2","og_url":"https:\/\/www.axiomams.eu\/et\/produktas\/delta-ohm-ap472-s2","og_site_name":"AXIOMA MS","article_publisher":"https:\/\/www.facebook.com\/AxiomaMS","article_modified_time":"2026-02-02T12:34:14+00:00","og_image":[{"width":752,"height":698,"url":"https:\/\/www.axiomams.eu\/wp-content\/uploads\/2025\/07\/970-1182.jpg","type":"image\/jpeg"}],"twitter_card":"summary_large_image","schema":{"@context":"https:\/\/schema.org","@graph":[{"@type":"WebPage","@id":"https:\/\/www.axiomams.eu\/et\/produktas\/delta-ohm-ap472-s2","url":"https:\/\/www.axiomams.eu\/et\/produktas\/delta-ohm-ap472-s2","name":"Delta OHM AP472 S2 - AXIOMA MS","isPartOf":{"@id":"https:\/\/www.axiomams.eu\/et#website"},"primaryImageOfPage":{"@id":"https:\/\/www.axiomams.eu\/et\/produktas\/delta-ohm-ap472-s2#primaryimage"},"image":{"@id":"https:\/\/www.axiomams.eu\/et\/produktas\/delta-ohm-ap472-s2#primaryimage"},"thumbnailUrl":"https:\/\/www.axiomams.eu\/wp-content\/uploads\/2025\/07\/970-1182.jpg","datePublished":"2025-05-15T16:11:37+00:00","dateModified":"2026-02-02T12:34:14+00:00","breadcrumb":{"@id":"https:\/\/www.axiomams.eu\/et\/produktas\/delta-ohm-ap472-s2#breadcrumb"},"inLanguage":"et","potentialAction":[{"@type":"ReadAction","target":["https:\/\/www.axiomams.eu\/et\/produktas\/delta-ohm-ap472-s2"]}]},{"@type":"ImageObject","inLanguage":"et","@id":"https:\/\/www.axiomams.eu\/et\/produktas\/delta-ohm-ap472-s2#primaryimage","url":"https:\/\/www.axiomams.eu\/wp-content\/uploads\/2025\/07\/970-1182.jpg","contentUrl":"https:\/\/www.axiomams.eu\/wp-content\/uploads\/2025\/07\/970-1182.jpg","width":752,"height":698},{"@type":"BreadcrumbList","@id":"https:\/\/www.axiomams.eu\/et\/produktas\/delta-ohm-ap472-s2#breadcrumb","itemListElement":[{"@type":"ListItem","position":1,"name":"Home","item":"https:\/\/www.axiomams.eu\/et"},{"@type":"ListItem","position":2,"name":"Tooted","item":"https:\/\/www.axiomams.eu\/et\/tooted"},{"@type":"ListItem","position":3,"name":"Delta OHM AP472 S2"}]},{"@type":"WebSite","@id":"https:\/\/www.axiomams.eu\/et#website","url":"https:\/\/www.axiomams.eu\/et","name":"AXIOMA MS","description":"Terrmovizoriai ir matavimo \u012franga","publisher":{"@id":"https:\/\/www.axiomams.eu\/et#organization"},"potentialAction":[{"@type":"SearchAction","target":{"@type":"EntryPoint","urlTemplate":"https:\/\/www.axiomams.eu\/et?s={search_term_string}"},"query-input":{"@type":"PropertyValueSpecification","valueRequired":true,"valueName":"search_term_string"}}],"inLanguage":"et"},{"@type":"Organization","@id":"https:\/\/www.axiomams.eu\/et#organization","name":"AXIOMA MS","url":"https:\/\/www.axiomams.eu\/et","logo":{"@type":"ImageObject","inLanguage":"et","@id":"https:\/\/www.axiomams.eu\/et#\/schema\/logo\/image\/","url":"https:\/\/www.axiomams.eu\/wp-content\/uploads\/2025\/06\/axioma-logo-2.png","contentUrl":"https:\/\/www.axiomams.eu\/wp-content\/uploads\/2025\/06\/axioma-logo-2.png","width":1200,"height":1200,"caption":"AXIOMA MS"},"image":{"@id":"https:\/\/www.axiomams.eu\/et#\/schema\/logo\/image\/"},"sameAs":["https:\/\/www.facebook.com\/AxiomaMS","https:\/\/www.linkedin.com\/company\/axiomams\/"]}]}},"_links":{"self":[{"href":"https:\/\/www.axiomams.eu\/et\/wp-json\/wp\/v2\/product\/40691","targetHints":{"allow":["GET"]}}],"collection":[{"href":"https:\/\/www.axiomams.eu\/et\/wp-json\/wp\/v2\/product"}],"about":[{"href":"https:\/\/www.axiomams.eu\/et\/wp-json\/wp\/v2\/types\/product"}],"replies":[{"embeddable":true,"href":"https:\/\/www.axiomams.eu\/et\/wp-json\/wp\/v2\/comments?post=40691"}],"wp:featuredmedia":[{"embeddable":true,"href":"https:\/\/www.axiomams.eu\/et\/wp-json\/wp\/v2\/media\/42880"}],"wp:attachment":[{"href":"https:\/\/www.axiomams.eu\/et\/wp-json\/wp\/v2\/media?parent=40691"}],"wp:term":[{"taxonomy":"product_brand","embeddable":true,"href":"https:\/\/www.axiomams.eu\/et\/wp-json\/wp\/v2\/product_brand?post=40691"},{"taxonomy":"product_cat","embeddable":true,"href":"https:\/\/www.axiomams.eu\/et\/wp-json\/wp\/v2\/product_cat?post=40691"},{"taxonomy":"product_tag","embeddable":true,"href":"https:\/\/www.axiomams.eu\/et\/wp-json\/wp\/v2\/product_tag?post=40691"}],"curies":[{"name":"wp","href":"https:\/\/api.w.org\/{rel}","templated":true}]}}