{"id":40695,"date":"2025-05-15T18:14:00","date_gmt":"2025-05-15T16:14:00","guid":{"rendered":"https:\/\/www.axiomams.eu\/produktas\/ametek-apm30bar-valine-rohumoodul-kuni-30-bar"},"modified":"2026-02-02T14:34:17","modified_gmt":"2026-02-02T12:34:17","slug":"ametek-apm30bar-valine-rohumoodul-kuni-30-bar","status":"publish","type":"product","link":"https:\/\/www.axiomams.eu\/et\/produktas\/ametek-apm30bar-valine-rohumoodul-kuni-30-bar","title":{"rendered":"Ametek APM30BAR &#8211; v\u00e4line r\u00f5humoodul kuni 30 bar"},"content":{"rendered":"<p>M\u00f5\u00f5tmisvahemik: -0,96 bar &#8230; 30 bar<br \/>\nEraldusv\u00f5ime: Bar: 0,001 bar<br \/>\nMaksimaalne \u00fcler\u00f5hu vahemik: 2x<br \/>\nT\u00e4psus:<br \/>\n\u00b10,06% FS \u00b1 1LSD<br \/>\n0-30% skaala vahemikust: \u00b10,0075% FS<br \/>\n30 kuni 110% skaala ulatusest: \u00b10,025% RDG<\/p>\n<h3>Tehniline teave:<\/h3>\n<ul>\n<li><a href=\"https:\/\/axiomams.eu\/importer\/export\/attachments\/en\/ss-apm_cpf.pdf\" target=\"_blank\">SS-APM_CPF.pdf<\/a><\/li>\n<\/ul>\n","protected":false},"excerpt":{"rendered":"<p>M\u00f5\u00f5tmisvahemik: -0,96 bar &#8230; 30 bar Eraldusv\u00f5ime: Bar: 0,001 bar Maksimaalne \u00fcler\u00f5hu vahemik: 2x T\u00e4psus: \u00b10,06% FS \u00b1 1LSD 0-30% skaala vahemikust: \u00b10,0075% FS 30 kuni 110% skaala ulatusest: \u00b10,025% RDG Tehniline teave: SS-APM_CPF.pdf<\/p>\n","protected":false},"featured_media":43082,"comment_status":"open","ping_status":"closed","template":"","meta":{"_acf_changed":false},"product_brand":[1202],"product_cat":[],"product_tag":[],"class_list":{"0":"post-40695","1":"product","2":"type-product","3":"status-publish","4":"has-post-thumbnail","6":"product_brand-ametek","8":"first","9":"instock","10":"taxable","11":"shipping-taxable","12":"product-type-simple"},"acf":[],"yoast_head":"<!-- This site is optimized with the Yoast SEO plugin v27.0 - https:\/\/yoast.com\/product\/yoast-seo-wordpress\/ -->\n<title>Ametek APM30BAR - v\u00e4line r\u00f5humoodul kuni 30 bar - AXIOMA MS<\/title>\n<meta name=\"robots\" content=\"index, follow, max-snippet:-1, max-image-preview:large, max-video-preview:-1\" \/>\n<link rel=\"canonical\" href=\"https:\/\/www.axiomams.eu\/et\/produktas\/ametek-apm30bar-valine-rohumoodul-kuni-30-bar\" \/>\n<meta property=\"og:locale\" content=\"et_EE\" \/>\n<meta property=\"og:type\" content=\"article\" \/>\n<meta property=\"og:title\" content=\"Ametek APM30BAR - v\u00e4line r\u00f5humoodul kuni 30 bar - AXIOMA MS\" \/>\n<meta property=\"og:description\" content=\"M\u00f5\u00f5tmisvahemik: -0,96 bar &#8230; 30 bar Eraldusv\u00f5ime: Bar: 0,001 bar Maksimaalne \u00fcler\u00f5hu vahemik: 2x T\u00e4psus: \u00b10,06% FS \u00b1 1LSD 0-30% skaala vahemikust: \u00b10,0075% FS 30 kuni 110% skaala ulatusest: \u00b10,025% RDG Tehniline teave: SS-APM_CPF.pdf\" \/>\n<meta property=\"og:url\" content=\"https:\/\/www.axiomams.eu\/et\/produktas\/ametek-apm30bar-valine-rohumoodul-kuni-30-bar\" \/>\n<meta property=\"og:site_name\" content=\"AXIOMA MS\" \/>\n<meta property=\"article:publisher\" content=\"https:\/\/www.facebook.com\/AxiomaMS\" \/>\n<meta property=\"article:modified_time\" content=\"2026-02-02T12:34:17+00:00\" \/>\n<meta property=\"og:image\" content=\"https:\/\/www.axiomams.eu\/wp-content\/uploads\/2025\/07\/1411-1812.jpg\" \/>\n\t<meta property=\"og:image:width\" content=\"1000\" \/>\n\t<meta property=\"og:image:height\" content=\"1000\" \/>\n\t<meta property=\"og:image:type\" content=\"image\/jpeg\" \/>\n<meta name=\"twitter:card\" content=\"summary_large_image\" \/>\n<script type=\"application\/ld+json\" class=\"yoast-schema-graph\">{\"@context\":\"https:\/\/schema.org\",\"@graph\":[{\"@type\":\"WebPage\",\"@id\":\"https:\/\/www.axiomams.eu\/et\/produktas\/ametek-apm30bar-valine-rohumoodul-kuni-30-bar\",\"url\":\"https:\/\/www.axiomams.eu\/et\/produktas\/ametek-apm30bar-valine-rohumoodul-kuni-30-bar\",\"name\":\"Ametek APM30BAR - v\u00e4line r\u00f5humoodul kuni 30 bar - AXIOMA MS\",\"isPartOf\":{\"@id\":\"https:\/\/www.axiomams.eu\/et#website\"},\"primaryImageOfPage\":{\"@id\":\"https:\/\/www.axiomams.eu\/et\/produktas\/ametek-apm30bar-valine-rohumoodul-kuni-30-bar#primaryimage\"},\"image\":{\"@id\":\"https:\/\/www.axiomams.eu\/et\/produktas\/ametek-apm30bar-valine-rohumoodul-kuni-30-bar#primaryimage\"},\"thumbnailUrl\":\"https:\/\/www.axiomams.eu\/wp-content\/uploads\/2025\/07\/1411-1812.jpg\",\"datePublished\":\"2025-05-15T16:14:00+00:00\",\"dateModified\":\"2026-02-02T12:34:17+00:00\",\"breadcrumb\":{\"@id\":\"https:\/\/www.axiomams.eu\/et\/produktas\/ametek-apm30bar-valine-rohumoodul-kuni-30-bar#breadcrumb\"},\"inLanguage\":\"et\",\"potentialAction\":[{\"@type\":\"ReadAction\",\"target\":[\"https:\/\/www.axiomams.eu\/et\/produktas\/ametek-apm30bar-valine-rohumoodul-kuni-30-bar\"]}]},{\"@type\":\"ImageObject\",\"inLanguage\":\"et\",\"@id\":\"https:\/\/www.axiomams.eu\/et\/produktas\/ametek-apm30bar-valine-rohumoodul-kuni-30-bar#primaryimage\",\"url\":\"https:\/\/www.axiomams.eu\/wp-content\/uploads\/2025\/07\/1411-1812.jpg\",\"contentUrl\":\"https:\/\/www.axiomams.eu\/wp-content\/uploads\/2025\/07\/1411-1812.jpg\",\"width\":1000,\"height\":1000},{\"@type\":\"BreadcrumbList\",\"@id\":\"https:\/\/www.axiomams.eu\/et\/produktas\/ametek-apm30bar-valine-rohumoodul-kuni-30-bar#breadcrumb\",\"itemListElement\":[{\"@type\":\"ListItem\",\"position\":1,\"name\":\"Home\",\"item\":\"https:\/\/www.axiomams.eu\/et\"},{\"@type\":\"ListItem\",\"position\":2,\"name\":\"Tooted\",\"item\":\"https:\/\/www.axiomams.eu\/et\/tooted\"},{\"@type\":\"ListItem\",\"position\":3,\"name\":\"Ametek APM30BAR &#8211; v\u00e4line r\u00f5humoodul kuni 30 bar\"}]},{\"@type\":\"WebSite\",\"@id\":\"https:\/\/www.axiomams.eu\/et#website\",\"url\":\"https:\/\/www.axiomams.eu\/et\",\"name\":\"AXIOMA MS\",\"description\":\"\",\"publisher\":{\"@id\":\"https:\/\/www.axiomams.eu\/et#organization\"},\"potentialAction\":[{\"@type\":\"SearchAction\",\"target\":{\"@type\":\"EntryPoint\",\"urlTemplate\":\"https:\/\/www.axiomams.eu\/et?s={search_term_string}\"},\"query-input\":{\"@type\":\"PropertyValueSpecification\",\"valueRequired\":true,\"valueName\":\"search_term_string\"}}],\"inLanguage\":\"et\"},{\"@type\":\"Organization\",\"@id\":\"https:\/\/www.axiomams.eu\/et#organization\",\"name\":\"AXIOMA MS\",\"url\":\"https:\/\/www.axiomams.eu\/et\",\"logo\":{\"@type\":\"ImageObject\",\"inLanguage\":\"et\",\"@id\":\"https:\/\/www.axiomams.eu\/et#\/schema\/logo\/image\/\",\"url\":\"https:\/\/www.axiomams.eu\/wp-content\/uploads\/2025\/06\/axioma-logo-2.png\",\"contentUrl\":\"https:\/\/www.axiomams.eu\/wp-content\/uploads\/2025\/06\/axioma-logo-2.png\",\"width\":1200,\"height\":1200,\"caption\":\"AXIOMA MS\"},\"image\":{\"@id\":\"https:\/\/www.axiomams.eu\/et#\/schema\/logo\/image\/\"},\"sameAs\":[\"https:\/\/www.facebook.com\/AxiomaMS\",\"https:\/\/www.linkedin.com\/company\/axiomams\/\"]}]}<\/script>\n<!-- \/ Yoast SEO plugin. -->","yoast_head_json":{"title":"Ametek APM30BAR - v\u00e4line r\u00f5humoodul kuni 30 bar - AXIOMA MS","robots":{"index":"index","follow":"follow","max-snippet":"max-snippet:-1","max-image-preview":"max-image-preview:large","max-video-preview":"max-video-preview:-1"},"canonical":"https:\/\/www.axiomams.eu\/et\/produktas\/ametek-apm30bar-valine-rohumoodul-kuni-30-bar","og_locale":"et_EE","og_type":"article","og_title":"Ametek APM30BAR - v\u00e4line r\u00f5humoodul kuni 30 bar - AXIOMA MS","og_description":"M\u00f5\u00f5tmisvahemik: -0,96 bar &#8230; 30 bar Eraldusv\u00f5ime: Bar: 0,001 bar Maksimaalne \u00fcler\u00f5hu vahemik: 2x T\u00e4psus: \u00b10,06% FS \u00b1 1LSD 0-30% skaala vahemikust: \u00b10,0075% FS 30 kuni 110% skaala ulatusest: \u00b10,025% RDG Tehniline teave: SS-APM_CPF.pdf","og_url":"https:\/\/www.axiomams.eu\/et\/produktas\/ametek-apm30bar-valine-rohumoodul-kuni-30-bar","og_site_name":"AXIOMA MS","article_publisher":"https:\/\/www.facebook.com\/AxiomaMS","article_modified_time":"2026-02-02T12:34:17+00:00","og_image":[{"width":1000,"height":1000,"url":"https:\/\/www.axiomams.eu\/wp-content\/uploads\/2025\/07\/1411-1812.jpg","type":"image\/jpeg"}],"twitter_card":"summary_large_image","schema":{"@context":"https:\/\/schema.org","@graph":[{"@type":"WebPage","@id":"https:\/\/www.axiomams.eu\/et\/produktas\/ametek-apm30bar-valine-rohumoodul-kuni-30-bar","url":"https:\/\/www.axiomams.eu\/et\/produktas\/ametek-apm30bar-valine-rohumoodul-kuni-30-bar","name":"Ametek APM30BAR - v\u00e4line r\u00f5humoodul kuni 30 bar - AXIOMA MS","isPartOf":{"@id":"https:\/\/www.axiomams.eu\/et#website"},"primaryImageOfPage":{"@id":"https:\/\/www.axiomams.eu\/et\/produktas\/ametek-apm30bar-valine-rohumoodul-kuni-30-bar#primaryimage"},"image":{"@id":"https:\/\/www.axiomams.eu\/et\/produktas\/ametek-apm30bar-valine-rohumoodul-kuni-30-bar#primaryimage"},"thumbnailUrl":"https:\/\/www.axiomams.eu\/wp-content\/uploads\/2025\/07\/1411-1812.jpg","datePublished":"2025-05-15T16:14:00+00:00","dateModified":"2026-02-02T12:34:17+00:00","breadcrumb":{"@id":"https:\/\/www.axiomams.eu\/et\/produktas\/ametek-apm30bar-valine-rohumoodul-kuni-30-bar#breadcrumb"},"inLanguage":"et","potentialAction":[{"@type":"ReadAction","target":["https:\/\/www.axiomams.eu\/et\/produktas\/ametek-apm30bar-valine-rohumoodul-kuni-30-bar"]}]},{"@type":"ImageObject","inLanguage":"et","@id":"https:\/\/www.axiomams.eu\/et\/produktas\/ametek-apm30bar-valine-rohumoodul-kuni-30-bar#primaryimage","url":"https:\/\/www.axiomams.eu\/wp-content\/uploads\/2025\/07\/1411-1812.jpg","contentUrl":"https:\/\/www.axiomams.eu\/wp-content\/uploads\/2025\/07\/1411-1812.jpg","width":1000,"height":1000},{"@type":"BreadcrumbList","@id":"https:\/\/www.axiomams.eu\/et\/produktas\/ametek-apm30bar-valine-rohumoodul-kuni-30-bar#breadcrumb","itemListElement":[{"@type":"ListItem","position":1,"name":"Home","item":"https:\/\/www.axiomams.eu\/et"},{"@type":"ListItem","position":2,"name":"Tooted","item":"https:\/\/www.axiomams.eu\/et\/tooted"},{"@type":"ListItem","position":3,"name":"Ametek APM30BAR &#8211; v\u00e4line r\u00f5humoodul kuni 30 bar"}]},{"@type":"WebSite","@id":"https:\/\/www.axiomams.eu\/et#website","url":"https:\/\/www.axiomams.eu\/et","name":"AXIOMA MS","description":"","publisher":{"@id":"https:\/\/www.axiomams.eu\/et#organization"},"potentialAction":[{"@type":"SearchAction","target":{"@type":"EntryPoint","urlTemplate":"https:\/\/www.axiomams.eu\/et?s={search_term_string}"},"query-input":{"@type":"PropertyValueSpecification","valueRequired":true,"valueName":"search_term_string"}}],"inLanguage":"et"},{"@type":"Organization","@id":"https:\/\/www.axiomams.eu\/et#organization","name":"AXIOMA MS","url":"https:\/\/www.axiomams.eu\/et","logo":{"@type":"ImageObject","inLanguage":"et","@id":"https:\/\/www.axiomams.eu\/et#\/schema\/logo\/image\/","url":"https:\/\/www.axiomams.eu\/wp-content\/uploads\/2025\/06\/axioma-logo-2.png","contentUrl":"https:\/\/www.axiomams.eu\/wp-content\/uploads\/2025\/06\/axioma-logo-2.png","width":1200,"height":1200,"caption":"AXIOMA MS"},"image":{"@id":"https:\/\/www.axiomams.eu\/et#\/schema\/logo\/image\/"},"sameAs":["https:\/\/www.facebook.com\/AxiomaMS","https:\/\/www.linkedin.com\/company\/axiomams\/"]}]}},"_links":{"self":[{"href":"https:\/\/www.axiomams.eu\/et\/wp-json\/wp\/v2\/product\/40695","targetHints":{"allow":["GET"]}}],"collection":[{"href":"https:\/\/www.axiomams.eu\/et\/wp-json\/wp\/v2\/product"}],"about":[{"href":"https:\/\/www.axiomams.eu\/et\/wp-json\/wp\/v2\/types\/product"}],"replies":[{"embeddable":true,"href":"https:\/\/www.axiomams.eu\/et\/wp-json\/wp\/v2\/comments?post=40695"}],"wp:featuredmedia":[{"embeddable":true,"href":"https:\/\/www.axiomams.eu\/et\/wp-json\/wp\/v2\/media\/43082"}],"wp:attachment":[{"href":"https:\/\/www.axiomams.eu\/et\/wp-json\/wp\/v2\/media?parent=40695"}],"wp:term":[{"taxonomy":"product_brand","embeddable":true,"href":"https:\/\/www.axiomams.eu\/et\/wp-json\/wp\/v2\/product_brand?post=40695"},{"taxonomy":"product_cat","embeddable":true,"href":"https:\/\/www.axiomams.eu\/et\/wp-json\/wp\/v2\/product_cat?post=40695"},{"taxonomy":"product_tag","embeddable":true,"href":"https:\/\/www.axiomams.eu\/et\/wp-json\/wp\/v2\/product_tag?post=40695"}],"curies":[{"name":"wp","href":"https:\/\/api.w.org\/{rel}","templated":true}]}}