{"id":40717,"date":"2025-05-15T18:16:16","date_gmt":"2025-05-15T16:16:16","guid":{"rendered":"https:\/\/www.axiomams.eu\/produktas\/metrel-vooluklamber-metrel-a-1281"},"modified":"2026-02-02T14:34:25","modified_gmt":"2026-02-02T12:34:25","slug":"metrel-vooluklamber-metrel-a-1281","status":"publish","type":"product","link":"https:\/\/www.axiomams.eu\/et\/produktas\/metrel-vooluklamber-metrel-a-1281","title":{"rendered":"Metrel vooluklamber &#8211; Metrel A 1281"},"content":{"rendered":"<p>T\u00e4pne ja suure t\u00e4psusega vooluklamber kuni 1000 A \/ 1 V voolu ja v\u00f5imsuse m\u00f5\u00f5tmiseks. Seda klambrit saab kasutada vahelduvvoolu m\u00f5\u00f5tmiseks v\u00e4ikese ja keskmise v\u00f5imsusega seadmetes. vooluklambrit tunneb seade automaatselt \u00e4ra. klamber ei vaja v\u00e4list toiteallikaid, kuna see saab toite seadmest.<\/p>\n<p>Tehnilised andmed<br \/>\n\u00dclepingekategooria: 600 V CAT III,<br \/>\nTopeltisolatsioon<\/p>\n<p>Keskkonnatingimused<br \/>\nT\u00f6\u00f6temperatuur: -10 0C \u00f7 50 0C<br \/>\nLadustamistemperatuur: -30 0C \u00f7 70 0C<br \/>\nNiiskus: 0 % \u00f7 85 %,<\/p>\n<p>L\u00f5ugade avanemine: 52 mm<\/p>\n<p>Maksimaalsed juhtmete suurused:<br \/>\nKaabel: Kaabel: < 50 mm\nTang: 1 tala 50 mm x 5 mm, 4 tala 30 mm x 5 mm\nM\u00f5\u00f5tmed: 220 mm x 120 mm x 48 mm\nKaal: 600 g\n\nM\u00f5\u00f5tmisvahemik: 0,5\/5\/100\/1000 A \/ 1 V\nTransformacijos koeficientas: 0,5 A\/V 0,5 A juures, 5 A\/V 5 A juures, 100 A\/V 100 A juures, 1000 A\/V 1000 A juures.\nT\u00e4psus: 0,5 % k\u00f5igis vahemikes.\nSagedusvahemik: 40 Hz \u00f7 700 Hz, 700 Hz \u00f7 2500 Hz\n\n\n\n<h3>Tehniline teave:<\/h3>\n<ul>\n<li><a href=\"https:\/\/axiomams.eu\/importer\/export\/attachments\/en\/metrel-a-1281-multi-range-ac-current-clamps.pdf\" target=\"_blank\">Metrel A 1281 Multi range AC current clamps.pdf<\/a><\/li>\n<\/ul>\n","protected":false},"excerpt":{"rendered":"<p>T\u00e4pne ja suure t\u00e4psusega vooluklamber kuni 1000 A \/ 1 V voolu ja v\u00f5imsuse m\u00f5\u00f5tmiseks. Seda klambrit saab kasutada vahelduvvoolu m\u00f5\u00f5tmiseks v\u00e4ikese ja keskmise v\u00f5imsusega seadmetes. vooluklambrit tunneb seade automaatselt \u00e4ra. klamber ei vaja v\u00e4list toiteallikaid, kuna see saab toite seadmest. Tehnilised andmed \u00dclepingekategooria: 600 V CAT III, Topeltisolatsioon Keskkonnatingimused T\u00f6\u00f6temperatuur: -10 0C \u00f7 50&#8230;<\/p>\n","protected":false},"featured_media":43308,"comment_status":"open","ping_status":"closed","template":"","meta":{"_acf_changed":false},"product_brand":[732],"product_cat":[],"product_tag":[],"class_list":{"0":"post-40717","1":"product","2":"type-product","3":"status-publish","4":"has-post-thumbnail","6":"product_brand-metrel","8":"first","9":"instock","10":"taxable","11":"shipping-taxable","12":"purchasable","13":"product-type-simple"},"acf":[],"yoast_head":"<!-- This site is optimized with the Yoast SEO plugin v27.0 - https:\/\/yoast.com\/product\/yoast-seo-wordpress\/ -->\n<title>Metrel vooluklamber - Metrel A 1281 - AXIOMA MS<\/title>\n<meta name=\"robots\" content=\"index, follow, max-snippet:-1, max-image-preview:large, max-video-preview:-1\" \/>\n<link rel=\"canonical\" href=\"https:\/\/www.axiomams.eu\/et\/produktas\/metrel-vooluklamber-metrel-a-1281\" \/>\n<meta property=\"og:locale\" content=\"et_EE\" \/>\n<meta property=\"og:type\" content=\"article\" \/>\n<meta property=\"og:title\" content=\"Metrel vooluklamber - Metrel A 1281 - AXIOMA MS\" \/>\n<meta property=\"og:description\" content=\"T\u00e4pne ja suure t\u00e4psusega vooluklamber kuni 1000 A \/ 1 V voolu ja v\u00f5imsuse m\u00f5\u00f5tmiseks. Seda klambrit saab kasutada vahelduvvoolu m\u00f5\u00f5tmiseks v\u00e4ikese ja keskmise v\u00f5imsusega seadmetes. vooluklambrit tunneb seade automaatselt \u00e4ra. klamber ei vaja v\u00e4list toiteallikaid, kuna see saab toite seadmest. Tehnilised andmed \u00dclepingekategooria: 600 V CAT III, Topeltisolatsioon Keskkonnatingimused T\u00f6\u00f6temperatuur: -10 0C \u00f7 50...\" \/>\n<meta property=\"og:url\" content=\"https:\/\/www.axiomams.eu\/et\/produktas\/metrel-vooluklamber-metrel-a-1281\" \/>\n<meta property=\"og:site_name\" content=\"AXIOMA MS\" \/>\n<meta property=\"article:publisher\" content=\"https:\/\/www.facebook.com\/AxiomaMS\" \/>\n<meta property=\"article:modified_time\" content=\"2026-02-02T12:34:25+00:00\" \/>\n<meta property=\"og:image\" content=\"https:\/\/www.axiomams.eu\/wp-content\/uploads\/2025\/07\/1767-2286.jpg\" \/>\n\t<meta property=\"og:image:width\" content=\"400\" \/>\n\t<meta property=\"og:image:height\" content=\"300\" \/>\n\t<meta property=\"og:image:type\" content=\"image\/jpeg\" \/>\n<meta name=\"twitter:card\" content=\"summary_large_image\" \/>\n<meta name=\"twitter:label1\" content=\"Est. reading time\" \/>\n\t<meta name=\"twitter:data1\" content=\"1 minut\" \/>\n<script type=\"application\/ld+json\" class=\"yoast-schema-graph\">{\"@context\":\"https:\/\/schema.org\",\"@graph\":[{\"@type\":\"WebPage\",\"@id\":\"https:\/\/www.axiomams.eu\/et\/produktas\/metrel-vooluklamber-metrel-a-1281\",\"url\":\"https:\/\/www.axiomams.eu\/et\/produktas\/metrel-vooluklamber-metrel-a-1281\",\"name\":\"Metrel vooluklamber - Metrel A 1281 - AXIOMA MS\",\"isPartOf\":{\"@id\":\"https:\/\/www.axiomams.eu\/et#website\"},\"primaryImageOfPage\":{\"@id\":\"https:\/\/www.axiomams.eu\/et\/produktas\/metrel-vooluklamber-metrel-a-1281#primaryimage\"},\"image\":{\"@id\":\"https:\/\/www.axiomams.eu\/et\/produktas\/metrel-vooluklamber-metrel-a-1281#primaryimage\"},\"thumbnailUrl\":\"https:\/\/www.axiomams.eu\/wp-content\/uploads\/2025\/07\/1767-2286.jpg\",\"datePublished\":\"2025-05-15T16:16:16+00:00\",\"dateModified\":\"2026-02-02T12:34:25+00:00\",\"breadcrumb\":{\"@id\":\"https:\/\/www.axiomams.eu\/et\/produktas\/metrel-vooluklamber-metrel-a-1281#breadcrumb\"},\"inLanguage\":\"et\",\"potentialAction\":[{\"@type\":\"ReadAction\",\"target\":[\"https:\/\/www.axiomams.eu\/et\/produktas\/metrel-vooluklamber-metrel-a-1281\"]}]},{\"@type\":\"ImageObject\",\"inLanguage\":\"et\",\"@id\":\"https:\/\/www.axiomams.eu\/et\/produktas\/metrel-vooluklamber-metrel-a-1281#primaryimage\",\"url\":\"https:\/\/www.axiomams.eu\/wp-content\/uploads\/2025\/07\/1767-2286.jpg\",\"contentUrl\":\"https:\/\/www.axiomams.eu\/wp-content\/uploads\/2025\/07\/1767-2286.jpg\",\"width\":400,\"height\":300},{\"@type\":\"BreadcrumbList\",\"@id\":\"https:\/\/www.axiomams.eu\/et\/produktas\/metrel-vooluklamber-metrel-a-1281#breadcrumb\",\"itemListElement\":[{\"@type\":\"ListItem\",\"position\":1,\"name\":\"Home\",\"item\":\"https:\/\/www.axiomams.eu\/et\"},{\"@type\":\"ListItem\",\"position\":2,\"name\":\"Tooted\",\"item\":\"https:\/\/www.axiomams.eu\/et\/tooted\"},{\"@type\":\"ListItem\",\"position\":3,\"name\":\"Metrel vooluklamber &#8211; Metrel A 1281\"}]},{\"@type\":\"WebSite\",\"@id\":\"https:\/\/www.axiomams.eu\/et#website\",\"url\":\"https:\/\/www.axiomams.eu\/et\",\"name\":\"AXIOMA MS\",\"description\":\"Terrmovizoriai ir matavimo \u012franga\",\"publisher\":{\"@id\":\"https:\/\/www.axiomams.eu\/et#organization\"},\"potentialAction\":[{\"@type\":\"SearchAction\",\"target\":{\"@type\":\"EntryPoint\",\"urlTemplate\":\"https:\/\/www.axiomams.eu\/et?s={search_term_string}\"},\"query-input\":{\"@type\":\"PropertyValueSpecification\",\"valueRequired\":true,\"valueName\":\"search_term_string\"}}],\"inLanguage\":\"et\"},{\"@type\":\"Organization\",\"@id\":\"https:\/\/www.axiomams.eu\/et#organization\",\"name\":\"AXIOMA MS\",\"url\":\"https:\/\/www.axiomams.eu\/et\",\"logo\":{\"@type\":\"ImageObject\",\"inLanguage\":\"et\",\"@id\":\"https:\/\/www.axiomams.eu\/et#\/schema\/logo\/image\/\",\"url\":\"https:\/\/www.axiomams.eu\/wp-content\/uploads\/2025\/06\/axioma-logo-2.png\",\"contentUrl\":\"https:\/\/www.axiomams.eu\/wp-content\/uploads\/2025\/06\/axioma-logo-2.png\",\"width\":1200,\"height\":1200,\"caption\":\"AXIOMA MS\"},\"image\":{\"@id\":\"https:\/\/www.axiomams.eu\/et#\/schema\/logo\/image\/\"},\"sameAs\":[\"https:\/\/www.facebook.com\/AxiomaMS\",\"https:\/\/www.linkedin.com\/company\/axiomams\/\"]}]}<\/script>\n<!-- \/ Yoast SEO plugin. -->","yoast_head_json":{"title":"Metrel vooluklamber - Metrel A 1281 - AXIOMA MS","robots":{"index":"index","follow":"follow","max-snippet":"max-snippet:-1","max-image-preview":"max-image-preview:large","max-video-preview":"max-video-preview:-1"},"canonical":"https:\/\/www.axiomams.eu\/et\/produktas\/metrel-vooluklamber-metrel-a-1281","og_locale":"et_EE","og_type":"article","og_title":"Metrel vooluklamber - Metrel A 1281 - AXIOMA MS","og_description":"T\u00e4pne ja suure t\u00e4psusega vooluklamber kuni 1000 A \/ 1 V voolu ja v\u00f5imsuse m\u00f5\u00f5tmiseks. Seda klambrit saab kasutada vahelduvvoolu m\u00f5\u00f5tmiseks v\u00e4ikese ja keskmise v\u00f5imsusega seadmetes. vooluklambrit tunneb seade automaatselt \u00e4ra. klamber ei vaja v\u00e4list toiteallikaid, kuna see saab toite seadmest. Tehnilised andmed \u00dclepingekategooria: 600 V CAT III, Topeltisolatsioon Keskkonnatingimused T\u00f6\u00f6temperatuur: -10 0C \u00f7 50...","og_url":"https:\/\/www.axiomams.eu\/et\/produktas\/metrel-vooluklamber-metrel-a-1281","og_site_name":"AXIOMA MS","article_publisher":"https:\/\/www.facebook.com\/AxiomaMS","article_modified_time":"2026-02-02T12:34:25+00:00","og_image":[{"width":400,"height":300,"url":"https:\/\/www.axiomams.eu\/wp-content\/uploads\/2025\/07\/1767-2286.jpg","type":"image\/jpeg"}],"twitter_card":"summary_large_image","twitter_misc":{"Est. reading time":"1 minut"},"schema":{"@context":"https:\/\/schema.org","@graph":[{"@type":"WebPage","@id":"https:\/\/www.axiomams.eu\/et\/produktas\/metrel-vooluklamber-metrel-a-1281","url":"https:\/\/www.axiomams.eu\/et\/produktas\/metrel-vooluklamber-metrel-a-1281","name":"Metrel vooluklamber - Metrel A 1281 - AXIOMA MS","isPartOf":{"@id":"https:\/\/www.axiomams.eu\/et#website"},"primaryImageOfPage":{"@id":"https:\/\/www.axiomams.eu\/et\/produktas\/metrel-vooluklamber-metrel-a-1281#primaryimage"},"image":{"@id":"https:\/\/www.axiomams.eu\/et\/produktas\/metrel-vooluklamber-metrel-a-1281#primaryimage"},"thumbnailUrl":"https:\/\/www.axiomams.eu\/wp-content\/uploads\/2025\/07\/1767-2286.jpg","datePublished":"2025-05-15T16:16:16+00:00","dateModified":"2026-02-02T12:34:25+00:00","breadcrumb":{"@id":"https:\/\/www.axiomams.eu\/et\/produktas\/metrel-vooluklamber-metrel-a-1281#breadcrumb"},"inLanguage":"et","potentialAction":[{"@type":"ReadAction","target":["https:\/\/www.axiomams.eu\/et\/produktas\/metrel-vooluklamber-metrel-a-1281"]}]},{"@type":"ImageObject","inLanguage":"et","@id":"https:\/\/www.axiomams.eu\/et\/produktas\/metrel-vooluklamber-metrel-a-1281#primaryimage","url":"https:\/\/www.axiomams.eu\/wp-content\/uploads\/2025\/07\/1767-2286.jpg","contentUrl":"https:\/\/www.axiomams.eu\/wp-content\/uploads\/2025\/07\/1767-2286.jpg","width":400,"height":300},{"@type":"BreadcrumbList","@id":"https:\/\/www.axiomams.eu\/et\/produktas\/metrel-vooluklamber-metrel-a-1281#breadcrumb","itemListElement":[{"@type":"ListItem","position":1,"name":"Home","item":"https:\/\/www.axiomams.eu\/et"},{"@type":"ListItem","position":2,"name":"Tooted","item":"https:\/\/www.axiomams.eu\/et\/tooted"},{"@type":"ListItem","position":3,"name":"Metrel vooluklamber &#8211; Metrel A 1281"}]},{"@type":"WebSite","@id":"https:\/\/www.axiomams.eu\/et#website","url":"https:\/\/www.axiomams.eu\/et","name":"AXIOMA MS","description":"Terrmovizoriai ir matavimo \u012franga","publisher":{"@id":"https:\/\/www.axiomams.eu\/et#organization"},"potentialAction":[{"@type":"SearchAction","target":{"@type":"EntryPoint","urlTemplate":"https:\/\/www.axiomams.eu\/et?s={search_term_string}"},"query-input":{"@type":"PropertyValueSpecification","valueRequired":true,"valueName":"search_term_string"}}],"inLanguage":"et"},{"@type":"Organization","@id":"https:\/\/www.axiomams.eu\/et#organization","name":"AXIOMA MS","url":"https:\/\/www.axiomams.eu\/et","logo":{"@type":"ImageObject","inLanguage":"et","@id":"https:\/\/www.axiomams.eu\/et#\/schema\/logo\/image\/","url":"https:\/\/www.axiomams.eu\/wp-content\/uploads\/2025\/06\/axioma-logo-2.png","contentUrl":"https:\/\/www.axiomams.eu\/wp-content\/uploads\/2025\/06\/axioma-logo-2.png","width":1200,"height":1200,"caption":"AXIOMA MS"},"image":{"@id":"https:\/\/www.axiomams.eu\/et#\/schema\/logo\/image\/"},"sameAs":["https:\/\/www.facebook.com\/AxiomaMS","https:\/\/www.linkedin.com\/company\/axiomams\/"]}]}},"_links":{"self":[{"href":"https:\/\/www.axiomams.eu\/et\/wp-json\/wp\/v2\/product\/40717","targetHints":{"allow":["GET"]}}],"collection":[{"href":"https:\/\/www.axiomams.eu\/et\/wp-json\/wp\/v2\/product"}],"about":[{"href":"https:\/\/www.axiomams.eu\/et\/wp-json\/wp\/v2\/types\/product"}],"replies":[{"embeddable":true,"href":"https:\/\/www.axiomams.eu\/et\/wp-json\/wp\/v2\/comments?post=40717"}],"wp:featuredmedia":[{"embeddable":true,"href":"https:\/\/www.axiomams.eu\/et\/wp-json\/wp\/v2\/media\/43308"}],"wp:attachment":[{"href":"https:\/\/www.axiomams.eu\/et\/wp-json\/wp\/v2\/media?parent=40717"}],"wp:term":[{"taxonomy":"product_brand","embeddable":true,"href":"https:\/\/www.axiomams.eu\/et\/wp-json\/wp\/v2\/product_brand?post=40717"},{"taxonomy":"product_cat","embeddable":true,"href":"https:\/\/www.axiomams.eu\/et\/wp-json\/wp\/v2\/product_cat?post=40717"},{"taxonomy":"product_tag","embeddable":true,"href":"https:\/\/www.axiomams.eu\/et\/wp-json\/wp\/v2\/product_tag?post=40717"}],"curies":[{"name":"wp","href":"https:\/\/api.w.org\/{rel}","templated":true}]}}