{"id":40800,"date":"2025-05-15T18:15:06","date_gmt":"2025-05-15T16:15:06","guid":{"rendered":"https:\/\/www.axiomams.eu\/produktas\/chauvin-arnoux-miniflex-ma194-1000-mm"},"modified":"2026-02-02T14:35:02","modified_gmt":"2026-02-02T12:35:02","slug":"chauvin-arnoux-miniflex-ma194-1000-mm","status":"publish","type":"product","link":"https:\/\/www.axiomams.eu\/et\/produktas\/chauvin-arnoux-miniflex-ma194-1000-mm","title":{"rendered":"Chauvin Arnoux MiniFlex MA194 1000 mm"},"content":{"rendered":"<p>Chauvin Arnoux MiniFlex MA194 1000 mm vooluklambrid &#8211; paindlikud vooluandurid, mida kasutatakse kaablis voolava voolu m\u00f5\u00f5tmiseks vooluahelat avamata. Samuti isoleerivad need kasutajat vooluahelas esinevate ohtlike pingete eest.<\/p>\n<p>M\u00f5\u00f5tmisvahemik: 100 mA &#8230; 10000 A<br \/>\nKlemmide l\u00e4bim\u00f5\u00f5t: 320 mm<br \/>\nSissep\u00e4\u00e4sukaitse: IP67<br \/>\nM\u00f5\u00f5dud: 370 x 320 x 18 mm<br \/>\nJuhtme pikkus: 3 m<br \/>\nKaal: 160 g<\/p>\n","protected":false},"excerpt":{"rendered":"<p>Chauvin Arnoux MiniFlex MA194 1000 mm vooluklambrid &#8211; paindlikud vooluandurid, mida kasutatakse kaablis voolava voolu m\u00f5\u00f5tmiseks vooluahelat avamata. Samuti isoleerivad need kasutajat vooluahelas esinevate ohtlike pingete eest. M\u00f5\u00f5tmisvahemik: 100 mA &#8230; 10000 A Klemmide l\u00e4bim\u00f5\u00f5t: 320 mm Sissep\u00e4\u00e4sukaitse: IP67 M\u00f5\u00f5dud: 370 x 320 x 18 mm Juhtme pikkus: 3 m Kaal: 160 g<\/p>\n","protected":false},"featured_media":43202,"comment_status":"open","ping_status":"closed","template":"","meta":{"_acf_changed":false},"product_brand":[729],"product_cat":[],"product_tag":[],"class_list":{"0":"post-40800","1":"product","2":"type-product","3":"status-publish","4":"has-post-thumbnail","6":"product_brand-chauvin-arnoux","8":"first","9":"instock","10":"taxable","11":"shipping-taxable","12":"purchasable","13":"product-type-simple"},"acf":[],"yoast_head":"<!-- This site is optimized with the Yoast SEO plugin v27.0 - https:\/\/yoast.com\/product\/yoast-seo-wordpress\/ -->\n<title>Chauvin Arnoux MiniFlex MA194 1000 mm - AXIOMA MS<\/title>\n<meta name=\"robots\" content=\"index, follow, max-snippet:-1, max-image-preview:large, max-video-preview:-1\" \/>\n<link rel=\"canonical\" href=\"https:\/\/www.axiomams.eu\/et\/produktas\/chauvin-arnoux-miniflex-ma194-1000-mm\" \/>\n<meta property=\"og:locale\" content=\"et_EE\" \/>\n<meta property=\"og:type\" content=\"article\" \/>\n<meta property=\"og:title\" content=\"Chauvin Arnoux MiniFlex MA194 1000 mm - AXIOMA MS\" \/>\n<meta property=\"og:description\" content=\"Chauvin Arnoux MiniFlex MA194 1000 mm vooluklambrid &#8211; paindlikud vooluandurid, mida kasutatakse kaablis voolava voolu m\u00f5\u00f5tmiseks vooluahelat avamata. Samuti isoleerivad need kasutajat vooluahelas esinevate ohtlike pingete eest. M\u00f5\u00f5tmisvahemik: 100 mA &#8230; 10000 A Klemmide l\u00e4bim\u00f5\u00f5t: 320 mm Sissep\u00e4\u00e4sukaitse: IP67 M\u00f5\u00f5dud: 370 x 320 x 18 mm Juhtme pikkus: 3 m Kaal: 160 g\" \/>\n<meta property=\"og:url\" content=\"https:\/\/www.axiomams.eu\/et\/produktas\/chauvin-arnoux-miniflex-ma194-1000-mm\" \/>\n<meta property=\"og:site_name\" content=\"AXIOMA MS\" \/>\n<meta property=\"article:publisher\" content=\"https:\/\/www.facebook.com\/AxiomaMS\" \/>\n<meta property=\"article:modified_time\" content=\"2026-02-02T12:35:02+00:00\" \/>\n<meta property=\"og:image\" content=\"https:\/\/www.axiomams.eu\/wp-content\/uploads\/2025\/07\/3440-4610.jpg\" \/>\n\t<meta property=\"og:image:width\" content=\"1528\" \/>\n\t<meta property=\"og:image:height\" content=\"1020\" \/>\n\t<meta property=\"og:image:type\" content=\"image\/jpeg\" \/>\n<meta name=\"twitter:card\" content=\"summary_large_image\" \/>\n<script type=\"application\/ld+json\" class=\"yoast-schema-graph\">{\"@context\":\"https:\/\/schema.org\",\"@graph\":[{\"@type\":\"WebPage\",\"@id\":\"https:\/\/www.axiomams.eu\/et\/produktas\/chauvin-arnoux-miniflex-ma194-1000-mm\",\"url\":\"https:\/\/www.axiomams.eu\/et\/produktas\/chauvin-arnoux-miniflex-ma194-1000-mm\",\"name\":\"Chauvin Arnoux MiniFlex MA194 1000 mm - AXIOMA MS\",\"isPartOf\":{\"@id\":\"https:\/\/www.axiomams.eu\/et#website\"},\"primaryImageOfPage\":{\"@id\":\"https:\/\/www.axiomams.eu\/et\/produktas\/chauvin-arnoux-miniflex-ma194-1000-mm#primaryimage\"},\"image\":{\"@id\":\"https:\/\/www.axiomams.eu\/et\/produktas\/chauvin-arnoux-miniflex-ma194-1000-mm#primaryimage\"},\"thumbnailUrl\":\"https:\/\/www.axiomams.eu\/wp-content\/uploads\/2025\/07\/3440-4610.jpg\",\"datePublished\":\"2025-05-15T16:15:06+00:00\",\"dateModified\":\"2026-02-02T12:35:02+00:00\",\"breadcrumb\":{\"@id\":\"https:\/\/www.axiomams.eu\/et\/produktas\/chauvin-arnoux-miniflex-ma194-1000-mm#breadcrumb\"},\"inLanguage\":\"et\",\"potentialAction\":[{\"@type\":\"ReadAction\",\"target\":[\"https:\/\/www.axiomams.eu\/et\/produktas\/chauvin-arnoux-miniflex-ma194-1000-mm\"]}]},{\"@type\":\"ImageObject\",\"inLanguage\":\"et\",\"@id\":\"https:\/\/www.axiomams.eu\/et\/produktas\/chauvin-arnoux-miniflex-ma194-1000-mm#primaryimage\",\"url\":\"https:\/\/www.axiomams.eu\/wp-content\/uploads\/2025\/07\/3440-4610.jpg\",\"contentUrl\":\"https:\/\/www.axiomams.eu\/wp-content\/uploads\/2025\/07\/3440-4610.jpg\",\"width\":1528,\"height\":1020},{\"@type\":\"BreadcrumbList\",\"@id\":\"https:\/\/www.axiomams.eu\/et\/produktas\/chauvin-arnoux-miniflex-ma194-1000-mm#breadcrumb\",\"itemListElement\":[{\"@type\":\"ListItem\",\"position\":1,\"name\":\"Home\",\"item\":\"https:\/\/www.axiomams.eu\/et\"},{\"@type\":\"ListItem\",\"position\":2,\"name\":\"Tooted\",\"item\":\"https:\/\/www.axiomams.eu\/et\/tooted\"},{\"@type\":\"ListItem\",\"position\":3,\"name\":\"Chauvin Arnoux MiniFlex MA194 1000 mm\"}]},{\"@type\":\"WebSite\",\"@id\":\"https:\/\/www.axiomams.eu\/et#website\",\"url\":\"https:\/\/www.axiomams.eu\/et\",\"name\":\"AXIOMA MS\",\"description\":\"Terrmovizoriai ir matavimo \u012franga\",\"publisher\":{\"@id\":\"https:\/\/www.axiomams.eu\/et#organization\"},\"potentialAction\":[{\"@type\":\"SearchAction\",\"target\":{\"@type\":\"EntryPoint\",\"urlTemplate\":\"https:\/\/www.axiomams.eu\/et?s={search_term_string}\"},\"query-input\":{\"@type\":\"PropertyValueSpecification\",\"valueRequired\":true,\"valueName\":\"search_term_string\"}}],\"inLanguage\":\"et\"},{\"@type\":\"Organization\",\"@id\":\"https:\/\/www.axiomams.eu\/et#organization\",\"name\":\"AXIOMA MS\",\"url\":\"https:\/\/www.axiomams.eu\/et\",\"logo\":{\"@type\":\"ImageObject\",\"inLanguage\":\"et\",\"@id\":\"https:\/\/www.axiomams.eu\/et#\/schema\/logo\/image\/\",\"url\":\"https:\/\/www.axiomams.eu\/wp-content\/uploads\/2025\/06\/axioma-logo-2.png\",\"contentUrl\":\"https:\/\/www.axiomams.eu\/wp-content\/uploads\/2025\/06\/axioma-logo-2.png\",\"width\":1200,\"height\":1200,\"caption\":\"AXIOMA MS\"},\"image\":{\"@id\":\"https:\/\/www.axiomams.eu\/et#\/schema\/logo\/image\/\"},\"sameAs\":[\"https:\/\/www.facebook.com\/AxiomaMS\",\"https:\/\/www.linkedin.com\/company\/axiomams\/\"]}]}<\/script>\n<!-- \/ Yoast SEO plugin. -->","yoast_head_json":{"title":"Chauvin Arnoux MiniFlex MA194 1000 mm - AXIOMA MS","robots":{"index":"index","follow":"follow","max-snippet":"max-snippet:-1","max-image-preview":"max-image-preview:large","max-video-preview":"max-video-preview:-1"},"canonical":"https:\/\/www.axiomams.eu\/et\/produktas\/chauvin-arnoux-miniflex-ma194-1000-mm","og_locale":"et_EE","og_type":"article","og_title":"Chauvin Arnoux MiniFlex MA194 1000 mm - AXIOMA MS","og_description":"Chauvin Arnoux MiniFlex MA194 1000 mm vooluklambrid &#8211; paindlikud vooluandurid, mida kasutatakse kaablis voolava voolu m\u00f5\u00f5tmiseks vooluahelat avamata. Samuti isoleerivad need kasutajat vooluahelas esinevate ohtlike pingete eest. M\u00f5\u00f5tmisvahemik: 100 mA &#8230; 10000 A Klemmide l\u00e4bim\u00f5\u00f5t: 320 mm Sissep\u00e4\u00e4sukaitse: IP67 M\u00f5\u00f5dud: 370 x 320 x 18 mm Juhtme pikkus: 3 m Kaal: 160 g","og_url":"https:\/\/www.axiomams.eu\/et\/produktas\/chauvin-arnoux-miniflex-ma194-1000-mm","og_site_name":"AXIOMA MS","article_publisher":"https:\/\/www.facebook.com\/AxiomaMS","article_modified_time":"2026-02-02T12:35:02+00:00","og_image":[{"width":1528,"height":1020,"url":"https:\/\/www.axiomams.eu\/wp-content\/uploads\/2025\/07\/3440-4610.jpg","type":"image\/jpeg"}],"twitter_card":"summary_large_image","schema":{"@context":"https:\/\/schema.org","@graph":[{"@type":"WebPage","@id":"https:\/\/www.axiomams.eu\/et\/produktas\/chauvin-arnoux-miniflex-ma194-1000-mm","url":"https:\/\/www.axiomams.eu\/et\/produktas\/chauvin-arnoux-miniflex-ma194-1000-mm","name":"Chauvin Arnoux MiniFlex MA194 1000 mm - AXIOMA MS","isPartOf":{"@id":"https:\/\/www.axiomams.eu\/et#website"},"primaryImageOfPage":{"@id":"https:\/\/www.axiomams.eu\/et\/produktas\/chauvin-arnoux-miniflex-ma194-1000-mm#primaryimage"},"image":{"@id":"https:\/\/www.axiomams.eu\/et\/produktas\/chauvin-arnoux-miniflex-ma194-1000-mm#primaryimage"},"thumbnailUrl":"https:\/\/www.axiomams.eu\/wp-content\/uploads\/2025\/07\/3440-4610.jpg","datePublished":"2025-05-15T16:15:06+00:00","dateModified":"2026-02-02T12:35:02+00:00","breadcrumb":{"@id":"https:\/\/www.axiomams.eu\/et\/produktas\/chauvin-arnoux-miniflex-ma194-1000-mm#breadcrumb"},"inLanguage":"et","potentialAction":[{"@type":"ReadAction","target":["https:\/\/www.axiomams.eu\/et\/produktas\/chauvin-arnoux-miniflex-ma194-1000-mm"]}]},{"@type":"ImageObject","inLanguage":"et","@id":"https:\/\/www.axiomams.eu\/et\/produktas\/chauvin-arnoux-miniflex-ma194-1000-mm#primaryimage","url":"https:\/\/www.axiomams.eu\/wp-content\/uploads\/2025\/07\/3440-4610.jpg","contentUrl":"https:\/\/www.axiomams.eu\/wp-content\/uploads\/2025\/07\/3440-4610.jpg","width":1528,"height":1020},{"@type":"BreadcrumbList","@id":"https:\/\/www.axiomams.eu\/et\/produktas\/chauvin-arnoux-miniflex-ma194-1000-mm#breadcrumb","itemListElement":[{"@type":"ListItem","position":1,"name":"Home","item":"https:\/\/www.axiomams.eu\/et"},{"@type":"ListItem","position":2,"name":"Tooted","item":"https:\/\/www.axiomams.eu\/et\/tooted"},{"@type":"ListItem","position":3,"name":"Chauvin Arnoux MiniFlex MA194 1000 mm"}]},{"@type":"WebSite","@id":"https:\/\/www.axiomams.eu\/et#website","url":"https:\/\/www.axiomams.eu\/et","name":"AXIOMA MS","description":"Terrmovizoriai ir matavimo \u012franga","publisher":{"@id":"https:\/\/www.axiomams.eu\/et#organization"},"potentialAction":[{"@type":"SearchAction","target":{"@type":"EntryPoint","urlTemplate":"https:\/\/www.axiomams.eu\/et?s={search_term_string}"},"query-input":{"@type":"PropertyValueSpecification","valueRequired":true,"valueName":"search_term_string"}}],"inLanguage":"et"},{"@type":"Organization","@id":"https:\/\/www.axiomams.eu\/et#organization","name":"AXIOMA MS","url":"https:\/\/www.axiomams.eu\/et","logo":{"@type":"ImageObject","inLanguage":"et","@id":"https:\/\/www.axiomams.eu\/et#\/schema\/logo\/image\/","url":"https:\/\/www.axiomams.eu\/wp-content\/uploads\/2025\/06\/axioma-logo-2.png","contentUrl":"https:\/\/www.axiomams.eu\/wp-content\/uploads\/2025\/06\/axioma-logo-2.png","width":1200,"height":1200,"caption":"AXIOMA MS"},"image":{"@id":"https:\/\/www.axiomams.eu\/et#\/schema\/logo\/image\/"},"sameAs":["https:\/\/www.facebook.com\/AxiomaMS","https:\/\/www.linkedin.com\/company\/axiomams\/"]}]}},"_links":{"self":[{"href":"https:\/\/www.axiomams.eu\/et\/wp-json\/wp\/v2\/product\/40800","targetHints":{"allow":["GET"]}}],"collection":[{"href":"https:\/\/www.axiomams.eu\/et\/wp-json\/wp\/v2\/product"}],"about":[{"href":"https:\/\/www.axiomams.eu\/et\/wp-json\/wp\/v2\/types\/product"}],"replies":[{"embeddable":true,"href":"https:\/\/www.axiomams.eu\/et\/wp-json\/wp\/v2\/comments?post=40800"}],"wp:featuredmedia":[{"embeddable":true,"href":"https:\/\/www.axiomams.eu\/et\/wp-json\/wp\/v2\/media\/43202"}],"wp:attachment":[{"href":"https:\/\/www.axiomams.eu\/et\/wp-json\/wp\/v2\/media?parent=40800"}],"wp:term":[{"taxonomy":"product_brand","embeddable":true,"href":"https:\/\/www.axiomams.eu\/et\/wp-json\/wp\/v2\/product_brand?post=40800"},{"taxonomy":"product_cat","embeddable":true,"href":"https:\/\/www.axiomams.eu\/et\/wp-json\/wp\/v2\/product_cat?post=40800"},{"taxonomy":"product_tag","embeddable":true,"href":"https:\/\/www.axiomams.eu\/et\/wp-json\/wp\/v2\/product_tag?post=40800"}],"curies":[{"name":"wp","href":"https:\/\/api.w.org\/{rel}","templated":true}]}}