{"id":40805,"date":"2025-05-15T18:15:19","date_gmt":"2025-05-15T16:15:19","guid":{"rendered":"https:\/\/www.axiomams.eu\/produktas\/mru-oms-420-kompaktne-gaasianalusaator"},"modified":"2026-02-02T14:35:05","modified_gmt":"2026-02-02T12:35:05","slug":"mru-oms-420-kompaktne-gaasianalusaator","status":"publish","type":"product","link":"https:\/\/www.axiomams.eu\/et\/produktas\/mru-oms-420-kompaktne-gaasianalusaator","title":{"rendered":"MRU OMS 420 kompaktne gaasianal\u00fcsaator"},"content":{"rendered":"<p>Kompaktne kohapealne sond p\u00f5lemise optimeerimiseks<\/p>\n<p>&#8211; Soojendatud ZrO2-anduri kasutamine m\u00e4rgade O2 anal\u00fc\u00fcsiks kuni 600 \u00b0C suitsugaasi temperatuurini.<br \/>\n&#8211; Valikulise spetsiaalse soojendusega tahke elektrol\u00fc\u00fctanduriga p\u00f5levate ainete m\u00f5\u00f5tmiseks<br \/>\n&#8211; Kompaktne andur voolujuhtimisega (\u00f5\u00f5nes) toru, koos v\u00f5i ilma tagasipurustusega suitsugaasi temperatuuri kuni 600 \u00b0C jaoks<br \/>\n&#8211; V\u00f5rdlus\u00f5hu sissevool l\u00e4bi loomuliku difusiooni, ei vaja \u00f5hupumpa<br \/>\n&#8211; Vastupidav t\u00f6\u00f6stuslik pistik toiteallikaks ja andmeedastuseks<br \/>\n&#8211; Valatud alumiiniumist korpus koos elektroonika, klaviatuuriga, O2 ja COe n\u00e4idikuga \u00fclevalpool.<br \/>\n&#8211; Reaalajas m\u00f5\u00f5tmised<br \/>\n&#8211; Ainulaadne, soojendusega tahke elektrol\u00fc\u00fctne p\u00f5levate ainete andur<br \/>\n&#8211; Lihtne juurdep\u00e4\u00e4s anduritele kiireks ja lihtsaks hoolduseks<\/p>\n<p><iframe loading=\"lazy\" width=\"560\" height=\"315\" src=\"https:\/\/www.youtube.com\/embed\/ZUzc-b6vBHE?si=YJok7Jl2sd3NUVkZ\" title=\"YouTube videopleier\" frameborder=\"0\" allow=\"accelerometer; autoplay; clipboard-write; encrypted-media; gyroscope; picture-in-picture; web-share\" referrerpolicy=\"strict-origin-when-cross-origin\" allowfullscreen><\/iframe><\/p>\n<h3>Tehniline teave:<\/h3>\n<ul>\n<li><a href=\"https:\/\/axiomams.eu\/importer\/export\/attachments\/en\/mru-oms-420-compact.pdf\" target=\"_blank\">MRU OMS 420 Compact.pdf<\/a><\/li>\n<\/ul>\n","protected":false},"excerpt":{"rendered":"<p>Kompaktne kohapealne sond p\u00f5lemise optimeerimiseks &#8211; Soojendatud ZrO2-anduri kasutamine m\u00e4rgade O2 anal\u00fc\u00fcsiks kuni 600 \u00b0C suitsugaasi temperatuurini. &#8211; Valikulise spetsiaalse soojendusega tahke elektrol\u00fc\u00fctanduriga p\u00f5levate ainete m\u00f5\u00f5tmiseks &#8211; Kompaktne andur voolujuhtimisega (\u00f5\u00f5nes) toru, koos v\u00f5i ilma tagasipurustusega suitsugaasi temperatuuri kuni 600 \u00b0C jaoks &#8211; V\u00f5rdlus\u00f5hu sissevool l\u00e4bi loomuliku difusiooni, ei vaja \u00f5hupumpa &#8211; Vastupidav t\u00f6\u00f6stuslik pistik&#8230;<\/p>\n","protected":false},"featured_media":43220,"comment_status":"open","ping_status":"closed","template":"","meta":{"_acf_changed":false},"product_brand":[1897],"product_cat":[17829],"product_tag":[],"class_list":{"0":"post-40805","1":"product","2":"type-product","3":"status-publish","4":"has-post-thumbnail","6":"product_brand-mru","7":"product_cat-gaasi-ja-suitsuanaluusiks","9":"first","10":"instock","11":"taxable","12":"shipping-taxable","13":"product-type-simple"},"acf":[],"yoast_head":"<!-- This site is optimized with the Yoast SEO plugin v27.0 - https:\/\/yoast.com\/product\/yoast-seo-wordpress\/ -->\n<title>MRU OMS 420 kompaktne gaasianal\u00fcsaator - AXIOMA MS<\/title>\n<meta name=\"robots\" content=\"index, follow, max-snippet:-1, max-image-preview:large, max-video-preview:-1\" \/>\n<link rel=\"canonical\" href=\"https:\/\/www.axiomams.eu\/et\/produktas\/mru-oms-420-kompaktne-gaasianalusaator\" \/>\n<meta property=\"og:locale\" content=\"et_EE\" \/>\n<meta property=\"og:type\" content=\"article\" \/>\n<meta property=\"og:title\" content=\"MRU OMS 420 kompaktne gaasianal\u00fcsaator - AXIOMA MS\" \/>\n<meta property=\"og:description\" content=\"Kompaktne kohapealne sond p\u00f5lemise optimeerimiseks &#8211; Soojendatud ZrO2-anduri kasutamine m\u00e4rgade O2 anal\u00fc\u00fcsiks kuni 600 \u00b0C suitsugaasi temperatuurini. &#8211; Valikulise spetsiaalse soojendusega tahke elektrol\u00fc\u00fctanduriga p\u00f5levate ainete m\u00f5\u00f5tmiseks &#8211; Kompaktne andur voolujuhtimisega (\u00f5\u00f5nes) toru, koos v\u00f5i ilma tagasipurustusega suitsugaasi temperatuuri kuni 600 \u00b0C jaoks &#8211; V\u00f5rdlus\u00f5hu sissevool l\u00e4bi loomuliku difusiooni, ei vaja \u00f5hupumpa &#8211; Vastupidav t\u00f6\u00f6stuslik pistik...\" \/>\n<meta property=\"og:url\" content=\"https:\/\/www.axiomams.eu\/et\/produktas\/mru-oms-420-kompaktne-gaasianalusaator\" \/>\n<meta property=\"og:site_name\" content=\"AXIOMA MS\" \/>\n<meta property=\"article:publisher\" content=\"https:\/\/www.facebook.com\/AxiomaMS\" \/>\n<meta property=\"article:modified_time\" content=\"2026-02-02T12:35:05+00:00\" \/>\n<meta property=\"og:image\" content=\"https:\/\/www.axiomams.eu\/wp-content\/uploads\/2025\/07\/3544-4810.jpg\" \/>\n\t<meta property=\"og:image:width\" content=\"826\" \/>\n\t<meta property=\"og:image:height\" content=\"826\" \/>\n\t<meta property=\"og:image:type\" content=\"image\/jpeg\" \/>\n<meta name=\"twitter:card\" content=\"summary_large_image\" \/>\n<meta name=\"twitter:label1\" content=\"Est. reading time\" \/>\n\t<meta name=\"twitter:data1\" content=\"1 minut\" \/>\n<script type=\"application\/ld+json\" class=\"yoast-schema-graph\">{\"@context\":\"https:\/\/schema.org\",\"@graph\":[{\"@type\":\"WebPage\",\"@id\":\"https:\/\/www.axiomams.eu\/et\/produktas\/mru-oms-420-kompaktne-gaasianalusaator\",\"url\":\"https:\/\/www.axiomams.eu\/et\/produktas\/mru-oms-420-kompaktne-gaasianalusaator\",\"name\":\"MRU OMS 420 kompaktne gaasianal\u00fcsaator - AXIOMA MS\",\"isPartOf\":{\"@id\":\"https:\/\/www.axiomams.eu\/et#website\"},\"primaryImageOfPage\":{\"@id\":\"https:\/\/www.axiomams.eu\/et\/produktas\/mru-oms-420-kompaktne-gaasianalusaator#primaryimage\"},\"image\":{\"@id\":\"https:\/\/www.axiomams.eu\/et\/produktas\/mru-oms-420-kompaktne-gaasianalusaator#primaryimage\"},\"thumbnailUrl\":\"https:\/\/www.axiomams.eu\/wp-content\/uploads\/2025\/07\/3544-4810.jpg\",\"datePublished\":\"2025-05-15T16:15:19+00:00\",\"dateModified\":\"2026-02-02T12:35:05+00:00\",\"breadcrumb\":{\"@id\":\"https:\/\/www.axiomams.eu\/et\/produktas\/mru-oms-420-kompaktne-gaasianalusaator#breadcrumb\"},\"inLanguage\":\"et\",\"potentialAction\":[{\"@type\":\"ReadAction\",\"target\":[\"https:\/\/www.axiomams.eu\/et\/produktas\/mru-oms-420-kompaktne-gaasianalusaator\"]}]},{\"@type\":\"ImageObject\",\"inLanguage\":\"et\",\"@id\":\"https:\/\/www.axiomams.eu\/et\/produktas\/mru-oms-420-kompaktne-gaasianalusaator#primaryimage\",\"url\":\"https:\/\/www.axiomams.eu\/wp-content\/uploads\/2025\/07\/3544-4810.jpg\",\"contentUrl\":\"https:\/\/www.axiomams.eu\/wp-content\/uploads\/2025\/07\/3544-4810.jpg\",\"width\":826,\"height\":826},{\"@type\":\"BreadcrumbList\",\"@id\":\"https:\/\/www.axiomams.eu\/et\/produktas\/mru-oms-420-kompaktne-gaasianalusaator#breadcrumb\",\"itemListElement\":[{\"@type\":\"ListItem\",\"position\":1,\"name\":\"Home\",\"item\":\"https:\/\/www.axiomams.eu\/et\"},{\"@type\":\"ListItem\",\"position\":2,\"name\":\"Tooted\",\"item\":\"https:\/\/www.axiomams.eu\/et\/tooted\"},{\"@type\":\"ListItem\",\"position\":3,\"name\":\"MRU OMS 420 kompaktne gaasianal\u00fcsaator\"}]},{\"@type\":\"WebSite\",\"@id\":\"https:\/\/www.axiomams.eu\/et#website\",\"url\":\"https:\/\/www.axiomams.eu\/et\",\"name\":\"AXIOMA MS\",\"description\":\"Terrmovizoriai ir matavimo \u012franga\",\"publisher\":{\"@id\":\"https:\/\/www.axiomams.eu\/et#organization\"},\"potentialAction\":[{\"@type\":\"SearchAction\",\"target\":{\"@type\":\"EntryPoint\",\"urlTemplate\":\"https:\/\/www.axiomams.eu\/et?s={search_term_string}\"},\"query-input\":{\"@type\":\"PropertyValueSpecification\",\"valueRequired\":true,\"valueName\":\"search_term_string\"}}],\"inLanguage\":\"et\"},{\"@type\":\"Organization\",\"@id\":\"https:\/\/www.axiomams.eu\/et#organization\",\"name\":\"AXIOMA MS\",\"url\":\"https:\/\/www.axiomams.eu\/et\",\"logo\":{\"@type\":\"ImageObject\",\"inLanguage\":\"et\",\"@id\":\"https:\/\/www.axiomams.eu\/et#\/schema\/logo\/image\/\",\"url\":\"https:\/\/www.axiomams.eu\/wp-content\/uploads\/2025\/06\/axioma-logo-2.png\",\"contentUrl\":\"https:\/\/www.axiomams.eu\/wp-content\/uploads\/2025\/06\/axioma-logo-2.png\",\"width\":1200,\"height\":1200,\"caption\":\"AXIOMA MS\"},\"image\":{\"@id\":\"https:\/\/www.axiomams.eu\/et#\/schema\/logo\/image\/\"},\"sameAs\":[\"https:\/\/www.facebook.com\/AxiomaMS\",\"https:\/\/www.linkedin.com\/company\/axiomams\/\"]}]}<\/script>\n<!-- \/ Yoast SEO plugin. -->","yoast_head_json":{"title":"MRU OMS 420 kompaktne gaasianal\u00fcsaator - AXIOMA MS","robots":{"index":"index","follow":"follow","max-snippet":"max-snippet:-1","max-image-preview":"max-image-preview:large","max-video-preview":"max-video-preview:-1"},"canonical":"https:\/\/www.axiomams.eu\/et\/produktas\/mru-oms-420-kompaktne-gaasianalusaator","og_locale":"et_EE","og_type":"article","og_title":"MRU OMS 420 kompaktne gaasianal\u00fcsaator - AXIOMA MS","og_description":"Kompaktne kohapealne sond p\u00f5lemise optimeerimiseks &#8211; Soojendatud ZrO2-anduri kasutamine m\u00e4rgade O2 anal\u00fc\u00fcsiks kuni 600 \u00b0C suitsugaasi temperatuurini. &#8211; Valikulise spetsiaalse soojendusega tahke elektrol\u00fc\u00fctanduriga p\u00f5levate ainete m\u00f5\u00f5tmiseks &#8211; Kompaktne andur voolujuhtimisega (\u00f5\u00f5nes) toru, koos v\u00f5i ilma tagasipurustusega suitsugaasi temperatuuri kuni 600 \u00b0C jaoks &#8211; V\u00f5rdlus\u00f5hu sissevool l\u00e4bi loomuliku difusiooni, ei vaja \u00f5hupumpa &#8211; Vastupidav t\u00f6\u00f6stuslik pistik...","og_url":"https:\/\/www.axiomams.eu\/et\/produktas\/mru-oms-420-kompaktne-gaasianalusaator","og_site_name":"AXIOMA MS","article_publisher":"https:\/\/www.facebook.com\/AxiomaMS","article_modified_time":"2026-02-02T12:35:05+00:00","og_image":[{"width":826,"height":826,"url":"https:\/\/www.axiomams.eu\/wp-content\/uploads\/2025\/07\/3544-4810.jpg","type":"image\/jpeg"}],"twitter_card":"summary_large_image","twitter_misc":{"Est. reading time":"1 minut"},"schema":{"@context":"https:\/\/schema.org","@graph":[{"@type":"WebPage","@id":"https:\/\/www.axiomams.eu\/et\/produktas\/mru-oms-420-kompaktne-gaasianalusaator","url":"https:\/\/www.axiomams.eu\/et\/produktas\/mru-oms-420-kompaktne-gaasianalusaator","name":"MRU OMS 420 kompaktne gaasianal\u00fcsaator - AXIOMA MS","isPartOf":{"@id":"https:\/\/www.axiomams.eu\/et#website"},"primaryImageOfPage":{"@id":"https:\/\/www.axiomams.eu\/et\/produktas\/mru-oms-420-kompaktne-gaasianalusaator#primaryimage"},"image":{"@id":"https:\/\/www.axiomams.eu\/et\/produktas\/mru-oms-420-kompaktne-gaasianalusaator#primaryimage"},"thumbnailUrl":"https:\/\/www.axiomams.eu\/wp-content\/uploads\/2025\/07\/3544-4810.jpg","datePublished":"2025-05-15T16:15:19+00:00","dateModified":"2026-02-02T12:35:05+00:00","breadcrumb":{"@id":"https:\/\/www.axiomams.eu\/et\/produktas\/mru-oms-420-kompaktne-gaasianalusaator#breadcrumb"},"inLanguage":"et","potentialAction":[{"@type":"ReadAction","target":["https:\/\/www.axiomams.eu\/et\/produktas\/mru-oms-420-kompaktne-gaasianalusaator"]}]},{"@type":"ImageObject","inLanguage":"et","@id":"https:\/\/www.axiomams.eu\/et\/produktas\/mru-oms-420-kompaktne-gaasianalusaator#primaryimage","url":"https:\/\/www.axiomams.eu\/wp-content\/uploads\/2025\/07\/3544-4810.jpg","contentUrl":"https:\/\/www.axiomams.eu\/wp-content\/uploads\/2025\/07\/3544-4810.jpg","width":826,"height":826},{"@type":"BreadcrumbList","@id":"https:\/\/www.axiomams.eu\/et\/produktas\/mru-oms-420-kompaktne-gaasianalusaator#breadcrumb","itemListElement":[{"@type":"ListItem","position":1,"name":"Home","item":"https:\/\/www.axiomams.eu\/et"},{"@type":"ListItem","position":2,"name":"Tooted","item":"https:\/\/www.axiomams.eu\/et\/tooted"},{"@type":"ListItem","position":3,"name":"MRU OMS 420 kompaktne gaasianal\u00fcsaator"}]},{"@type":"WebSite","@id":"https:\/\/www.axiomams.eu\/et#website","url":"https:\/\/www.axiomams.eu\/et","name":"AXIOMA MS","description":"Terrmovizoriai ir matavimo \u012franga","publisher":{"@id":"https:\/\/www.axiomams.eu\/et#organization"},"potentialAction":[{"@type":"SearchAction","target":{"@type":"EntryPoint","urlTemplate":"https:\/\/www.axiomams.eu\/et?s={search_term_string}"},"query-input":{"@type":"PropertyValueSpecification","valueRequired":true,"valueName":"search_term_string"}}],"inLanguage":"et"},{"@type":"Organization","@id":"https:\/\/www.axiomams.eu\/et#organization","name":"AXIOMA MS","url":"https:\/\/www.axiomams.eu\/et","logo":{"@type":"ImageObject","inLanguage":"et","@id":"https:\/\/www.axiomams.eu\/et#\/schema\/logo\/image\/","url":"https:\/\/www.axiomams.eu\/wp-content\/uploads\/2025\/06\/axioma-logo-2.png","contentUrl":"https:\/\/www.axiomams.eu\/wp-content\/uploads\/2025\/06\/axioma-logo-2.png","width":1200,"height":1200,"caption":"AXIOMA MS"},"image":{"@id":"https:\/\/www.axiomams.eu\/et#\/schema\/logo\/image\/"},"sameAs":["https:\/\/www.facebook.com\/AxiomaMS","https:\/\/www.linkedin.com\/company\/axiomams\/"]}]}},"_links":{"self":[{"href":"https:\/\/www.axiomams.eu\/et\/wp-json\/wp\/v2\/product\/40805","targetHints":{"allow":["GET"]}}],"collection":[{"href":"https:\/\/www.axiomams.eu\/et\/wp-json\/wp\/v2\/product"}],"about":[{"href":"https:\/\/www.axiomams.eu\/et\/wp-json\/wp\/v2\/types\/product"}],"replies":[{"embeddable":true,"href":"https:\/\/www.axiomams.eu\/et\/wp-json\/wp\/v2\/comments?post=40805"}],"wp:featuredmedia":[{"embeddable":true,"href":"https:\/\/www.axiomams.eu\/et\/wp-json\/wp\/v2\/media\/43220"}],"wp:attachment":[{"href":"https:\/\/www.axiomams.eu\/et\/wp-json\/wp\/v2\/media?parent=40805"}],"wp:term":[{"taxonomy":"product_brand","embeddable":true,"href":"https:\/\/www.axiomams.eu\/et\/wp-json\/wp\/v2\/product_brand?post=40805"},{"taxonomy":"product_cat","embeddable":true,"href":"https:\/\/www.axiomams.eu\/et\/wp-json\/wp\/v2\/product_cat?post=40805"},{"taxonomy":"product_tag","embeddable":true,"href":"https:\/\/www.axiomams.eu\/et\/wp-json\/wp\/v2\/product_tag?post=40805"}],"curies":[{"name":"wp","href":"https:\/\/api.w.org\/{rel}","templated":true}]}}