{"id":40808,"date":"2025-05-15T18:15:21","date_gmt":"2025-05-15T16:15:21","guid":{"rendered":"https:\/\/www.axiomams.eu\/produktas\/mru-optima-gaasianalusaator-prugila"},"modified":"2026-02-02T14:35:06","modified_gmt":"2026-02-02T12:35:06","slug":"mru-optima-gaasianalusaator-prugila","status":"publish","type":"product","link":"https:\/\/www.axiomams.eu\/et\/produktas\/mru-optima-gaasianalusaator-prugila","title":{"rendered":"MRU OPTIMA gaasianal\u00fcsaator &#8211; pr\u00fcgila"},"content":{"rendered":"<p>Optima Biogasiga pakume teile lisaks biogaasi r\u00f5hu ja temperatuuri ning gaasi voolukiiruse m\u00f5\u00f5tmist koos normaliseeritud vooluhulga arvutamisega.<br \/>\nIntuitiivne tarkvaramen\u00fc\u00fc ja s\u00e4rav v\u00e4rviline ekraan juhatavad teid k\u00f5ikide m\u00f5\u00f5tmisprogrammide kaudu. Uus MSM-tehnoloogia m\u00f5\u00f5tekambrite jaoks pakub teile lihtsat, kiiret plug &#038; play eelkalibreeritud m\u00f5\u00f5tekambrite kasutamist, et v\u00e4ltida anal\u00fcsaatori pikaajalist hoolduse seisakut.<br \/>\nSalvestage kuni 20 000 andmekogumit otse anal\u00fcsaatori sisemises andmesalvestuses v\u00f5i micro-SD-kaardil v\u00f5i kasutage isegi Bluetooth\u2122-i andmete traadita edastamiseks s\u00fclearvutisse v\u00f5i MRU4u andmeside rakendust nutitelefonile v\u00f5i tahvelarvutile. Printimine infrapuna kaudu, kiire termoprinter on k\u00e4eulatuses.<\/p>\n<h3>Tehniline teave:<\/h3>\n<ul>\n<li><a href=\"https:\/\/axiomams.eu\/importer\/export\/attachments\/en\/mru-optima-biogas.pdf\" target=\"_blank\">MRU OPTIMA Biogas.pdf<\/a><\/li>\n<\/ul>\n","protected":false},"excerpt":{"rendered":"<p>Optima Biogasiga pakume teile lisaks biogaasi r\u00f5hu ja temperatuuri ning gaasi voolukiiruse m\u00f5\u00f5tmist koos normaliseeritud vooluhulga arvutamisega. Intuitiivne tarkvaramen\u00fc\u00fc ja s\u00e4rav v\u00e4rviline ekraan juhatavad teid k\u00f5ikide m\u00f5\u00f5tmisprogrammide kaudu. Uus MSM-tehnoloogia m\u00f5\u00f5tekambrite jaoks pakub teile lihtsat, kiiret plug &#038; play eelkalibreeritud m\u00f5\u00f5tekambrite kasutamist, et v\u00e4ltida anal\u00fcsaatori pikaajalist hoolduse seisakut. Salvestage kuni 20 000 andmekogumit otse anal\u00fcsaatori&#8230;<\/p>\n","protected":false},"featured_media":43226,"comment_status":"open","ping_status":"closed","template":"","meta":{"_acf_changed":false},"product_brand":[1897],"product_cat":[17829],"product_tag":[],"class_list":{"0":"post-40808","1":"product","2":"type-product","3":"status-publish","4":"has-post-thumbnail","6":"product_brand-mru","7":"product_cat-gaasi-ja-suitsuanaluusiks","9":"first","10":"instock","11":"taxable","12":"shipping-taxable","13":"product-type-simple"},"acf":[],"yoast_head":"<!-- This site is optimized with the Yoast SEO plugin v27.0 - https:\/\/yoast.com\/product\/yoast-seo-wordpress\/ -->\n<title>MRU OPTIMA gaasianal\u00fcsaator - pr\u00fcgila - AXIOMA MS<\/title>\n<meta name=\"robots\" content=\"index, follow, max-snippet:-1, max-image-preview:large, max-video-preview:-1\" \/>\n<link rel=\"canonical\" href=\"https:\/\/www.axiomams.eu\/et\/produktas\/mru-optima-gaasianalusaator-prugila\" \/>\n<meta property=\"og:locale\" content=\"et_EE\" \/>\n<meta property=\"og:type\" content=\"article\" \/>\n<meta property=\"og:title\" content=\"MRU OPTIMA gaasianal\u00fcsaator - pr\u00fcgila - AXIOMA MS\" \/>\n<meta property=\"og:description\" content=\"Optima Biogasiga pakume teile lisaks biogaasi r\u00f5hu ja temperatuuri ning gaasi voolukiiruse m\u00f5\u00f5tmist koos normaliseeritud vooluhulga arvutamisega. Intuitiivne tarkvaramen\u00fc\u00fc ja s\u00e4rav v\u00e4rviline ekraan juhatavad teid k\u00f5ikide m\u00f5\u00f5tmisprogrammide kaudu. Uus MSM-tehnoloogia m\u00f5\u00f5tekambrite jaoks pakub teile lihtsat, kiiret plug &#038; play eelkalibreeritud m\u00f5\u00f5tekambrite kasutamist, et v\u00e4ltida anal\u00fcsaatori pikaajalist hoolduse seisakut. Salvestage kuni 20 000 andmekogumit otse anal\u00fcsaatori...\" \/>\n<meta property=\"og:url\" content=\"https:\/\/www.axiomams.eu\/et\/produktas\/mru-optima-gaasianalusaator-prugila\" \/>\n<meta property=\"og:site_name\" content=\"AXIOMA MS\" \/>\n<meta property=\"article:publisher\" content=\"https:\/\/www.facebook.com\/AxiomaMS\" \/>\n<meta property=\"article:modified_time\" content=\"2026-02-02T12:35:06+00:00\" \/>\n<meta property=\"og:image\" content=\"https:\/\/www.axiomams.eu\/wp-content\/uploads\/2025\/07\/3536-4839.jpg\" \/>\n\t<meta property=\"og:image:width\" content=\"900\" \/>\n\t<meta property=\"og:image:height\" content=\"900\" \/>\n\t<meta property=\"og:image:type\" content=\"image\/jpeg\" \/>\n<meta name=\"twitter:card\" content=\"summary_large_image\" \/>\n<meta name=\"twitter:label1\" content=\"Est. reading time\" \/>\n\t<meta name=\"twitter:data1\" content=\"1 minut\" \/>\n<script type=\"application\/ld+json\" class=\"yoast-schema-graph\">{\"@context\":\"https:\/\/schema.org\",\"@graph\":[{\"@type\":\"WebPage\",\"@id\":\"https:\/\/www.axiomams.eu\/et\/produktas\/mru-optima-gaasianalusaator-prugila\",\"url\":\"https:\/\/www.axiomams.eu\/et\/produktas\/mru-optima-gaasianalusaator-prugila\",\"name\":\"MRU OPTIMA gaasianal\u00fcsaator - pr\u00fcgila - AXIOMA MS\",\"isPartOf\":{\"@id\":\"https:\/\/www.axiomams.eu\/et#website\"},\"primaryImageOfPage\":{\"@id\":\"https:\/\/www.axiomams.eu\/et\/produktas\/mru-optima-gaasianalusaator-prugila#primaryimage\"},\"image\":{\"@id\":\"https:\/\/www.axiomams.eu\/et\/produktas\/mru-optima-gaasianalusaator-prugila#primaryimage\"},\"thumbnailUrl\":\"https:\/\/www.axiomams.eu\/wp-content\/uploads\/2025\/07\/3536-4839.jpg\",\"datePublished\":\"2025-05-15T16:15:21+00:00\",\"dateModified\":\"2026-02-02T12:35:06+00:00\",\"breadcrumb\":{\"@id\":\"https:\/\/www.axiomams.eu\/et\/produktas\/mru-optima-gaasianalusaator-prugila#breadcrumb\"},\"inLanguage\":\"et\",\"potentialAction\":[{\"@type\":\"ReadAction\",\"target\":[\"https:\/\/www.axiomams.eu\/et\/produktas\/mru-optima-gaasianalusaator-prugila\"]}]},{\"@type\":\"ImageObject\",\"inLanguage\":\"et\",\"@id\":\"https:\/\/www.axiomams.eu\/et\/produktas\/mru-optima-gaasianalusaator-prugila#primaryimage\",\"url\":\"https:\/\/www.axiomams.eu\/wp-content\/uploads\/2025\/07\/3536-4839.jpg\",\"contentUrl\":\"https:\/\/www.axiomams.eu\/wp-content\/uploads\/2025\/07\/3536-4839.jpg\",\"width\":900,\"height\":900},{\"@type\":\"BreadcrumbList\",\"@id\":\"https:\/\/www.axiomams.eu\/et\/produktas\/mru-optima-gaasianalusaator-prugila#breadcrumb\",\"itemListElement\":[{\"@type\":\"ListItem\",\"position\":1,\"name\":\"Home\",\"item\":\"https:\/\/www.axiomams.eu\/et\"},{\"@type\":\"ListItem\",\"position\":2,\"name\":\"Tooted\",\"item\":\"https:\/\/www.axiomams.eu\/et\/tooted\"},{\"@type\":\"ListItem\",\"position\":3,\"name\":\"MRU OPTIMA gaasianal\u00fcsaator &#8211; pr\u00fcgila\"}]},{\"@type\":\"WebSite\",\"@id\":\"https:\/\/www.axiomams.eu\/et#website\",\"url\":\"https:\/\/www.axiomams.eu\/et\",\"name\":\"AXIOMA MS\",\"description\":\"Terrmovizoriai ir matavimo \u012franga\",\"publisher\":{\"@id\":\"https:\/\/www.axiomams.eu\/et#organization\"},\"potentialAction\":[{\"@type\":\"SearchAction\",\"target\":{\"@type\":\"EntryPoint\",\"urlTemplate\":\"https:\/\/www.axiomams.eu\/et?s={search_term_string}\"},\"query-input\":{\"@type\":\"PropertyValueSpecification\",\"valueRequired\":true,\"valueName\":\"search_term_string\"}}],\"inLanguage\":\"et\"},{\"@type\":\"Organization\",\"@id\":\"https:\/\/www.axiomams.eu\/et#organization\",\"name\":\"AXIOMA MS\",\"url\":\"https:\/\/www.axiomams.eu\/et\",\"logo\":{\"@type\":\"ImageObject\",\"inLanguage\":\"et\",\"@id\":\"https:\/\/www.axiomams.eu\/et#\/schema\/logo\/image\/\",\"url\":\"https:\/\/www.axiomams.eu\/wp-content\/uploads\/2025\/06\/axioma-logo-2.png\",\"contentUrl\":\"https:\/\/www.axiomams.eu\/wp-content\/uploads\/2025\/06\/axioma-logo-2.png\",\"width\":1200,\"height\":1200,\"caption\":\"AXIOMA MS\"},\"image\":{\"@id\":\"https:\/\/www.axiomams.eu\/et#\/schema\/logo\/image\/\"},\"sameAs\":[\"https:\/\/www.facebook.com\/AxiomaMS\",\"https:\/\/www.linkedin.com\/company\/axiomams\/\"]}]}<\/script>\n<!-- \/ Yoast SEO plugin. -->","yoast_head_json":{"title":"MRU OPTIMA gaasianal\u00fcsaator - pr\u00fcgila - AXIOMA MS","robots":{"index":"index","follow":"follow","max-snippet":"max-snippet:-1","max-image-preview":"max-image-preview:large","max-video-preview":"max-video-preview:-1"},"canonical":"https:\/\/www.axiomams.eu\/et\/produktas\/mru-optima-gaasianalusaator-prugila","og_locale":"et_EE","og_type":"article","og_title":"MRU OPTIMA gaasianal\u00fcsaator - pr\u00fcgila - AXIOMA MS","og_description":"Optima Biogasiga pakume teile lisaks biogaasi r\u00f5hu ja temperatuuri ning gaasi voolukiiruse m\u00f5\u00f5tmist koos normaliseeritud vooluhulga arvutamisega. Intuitiivne tarkvaramen\u00fc\u00fc ja s\u00e4rav v\u00e4rviline ekraan juhatavad teid k\u00f5ikide m\u00f5\u00f5tmisprogrammide kaudu. Uus MSM-tehnoloogia m\u00f5\u00f5tekambrite jaoks pakub teile lihtsat, kiiret plug &#038; play eelkalibreeritud m\u00f5\u00f5tekambrite kasutamist, et v\u00e4ltida anal\u00fcsaatori pikaajalist hoolduse seisakut. Salvestage kuni 20 000 andmekogumit otse anal\u00fcsaatori...","og_url":"https:\/\/www.axiomams.eu\/et\/produktas\/mru-optima-gaasianalusaator-prugila","og_site_name":"AXIOMA MS","article_publisher":"https:\/\/www.facebook.com\/AxiomaMS","article_modified_time":"2026-02-02T12:35:06+00:00","og_image":[{"width":900,"height":900,"url":"https:\/\/www.axiomams.eu\/wp-content\/uploads\/2025\/07\/3536-4839.jpg","type":"image\/jpeg"}],"twitter_card":"summary_large_image","twitter_misc":{"Est. reading time":"1 minut"},"schema":{"@context":"https:\/\/schema.org","@graph":[{"@type":"WebPage","@id":"https:\/\/www.axiomams.eu\/et\/produktas\/mru-optima-gaasianalusaator-prugila","url":"https:\/\/www.axiomams.eu\/et\/produktas\/mru-optima-gaasianalusaator-prugila","name":"MRU OPTIMA gaasianal\u00fcsaator - pr\u00fcgila - AXIOMA MS","isPartOf":{"@id":"https:\/\/www.axiomams.eu\/et#website"},"primaryImageOfPage":{"@id":"https:\/\/www.axiomams.eu\/et\/produktas\/mru-optima-gaasianalusaator-prugila#primaryimage"},"image":{"@id":"https:\/\/www.axiomams.eu\/et\/produktas\/mru-optima-gaasianalusaator-prugila#primaryimage"},"thumbnailUrl":"https:\/\/www.axiomams.eu\/wp-content\/uploads\/2025\/07\/3536-4839.jpg","datePublished":"2025-05-15T16:15:21+00:00","dateModified":"2026-02-02T12:35:06+00:00","breadcrumb":{"@id":"https:\/\/www.axiomams.eu\/et\/produktas\/mru-optima-gaasianalusaator-prugila#breadcrumb"},"inLanguage":"et","potentialAction":[{"@type":"ReadAction","target":["https:\/\/www.axiomams.eu\/et\/produktas\/mru-optima-gaasianalusaator-prugila"]}]},{"@type":"ImageObject","inLanguage":"et","@id":"https:\/\/www.axiomams.eu\/et\/produktas\/mru-optima-gaasianalusaator-prugila#primaryimage","url":"https:\/\/www.axiomams.eu\/wp-content\/uploads\/2025\/07\/3536-4839.jpg","contentUrl":"https:\/\/www.axiomams.eu\/wp-content\/uploads\/2025\/07\/3536-4839.jpg","width":900,"height":900},{"@type":"BreadcrumbList","@id":"https:\/\/www.axiomams.eu\/et\/produktas\/mru-optima-gaasianalusaator-prugila#breadcrumb","itemListElement":[{"@type":"ListItem","position":1,"name":"Home","item":"https:\/\/www.axiomams.eu\/et"},{"@type":"ListItem","position":2,"name":"Tooted","item":"https:\/\/www.axiomams.eu\/et\/tooted"},{"@type":"ListItem","position":3,"name":"MRU OPTIMA gaasianal\u00fcsaator &#8211; pr\u00fcgila"}]},{"@type":"WebSite","@id":"https:\/\/www.axiomams.eu\/et#website","url":"https:\/\/www.axiomams.eu\/et","name":"AXIOMA MS","description":"Terrmovizoriai ir matavimo \u012franga","publisher":{"@id":"https:\/\/www.axiomams.eu\/et#organization"},"potentialAction":[{"@type":"SearchAction","target":{"@type":"EntryPoint","urlTemplate":"https:\/\/www.axiomams.eu\/et?s={search_term_string}"},"query-input":{"@type":"PropertyValueSpecification","valueRequired":true,"valueName":"search_term_string"}}],"inLanguage":"et"},{"@type":"Organization","@id":"https:\/\/www.axiomams.eu\/et#organization","name":"AXIOMA MS","url":"https:\/\/www.axiomams.eu\/et","logo":{"@type":"ImageObject","inLanguage":"et","@id":"https:\/\/www.axiomams.eu\/et#\/schema\/logo\/image\/","url":"https:\/\/www.axiomams.eu\/wp-content\/uploads\/2025\/06\/axioma-logo-2.png","contentUrl":"https:\/\/www.axiomams.eu\/wp-content\/uploads\/2025\/06\/axioma-logo-2.png","width":1200,"height":1200,"caption":"AXIOMA MS"},"image":{"@id":"https:\/\/www.axiomams.eu\/et#\/schema\/logo\/image\/"},"sameAs":["https:\/\/www.facebook.com\/AxiomaMS","https:\/\/www.linkedin.com\/company\/axiomams\/"]}]}},"_links":{"self":[{"href":"https:\/\/www.axiomams.eu\/et\/wp-json\/wp\/v2\/product\/40808","targetHints":{"allow":["GET"]}}],"collection":[{"href":"https:\/\/www.axiomams.eu\/et\/wp-json\/wp\/v2\/product"}],"about":[{"href":"https:\/\/www.axiomams.eu\/et\/wp-json\/wp\/v2\/types\/product"}],"replies":[{"embeddable":true,"href":"https:\/\/www.axiomams.eu\/et\/wp-json\/wp\/v2\/comments?post=40808"}],"wp:featuredmedia":[{"embeddable":true,"href":"https:\/\/www.axiomams.eu\/et\/wp-json\/wp\/v2\/media\/43226"}],"wp:attachment":[{"href":"https:\/\/www.axiomams.eu\/et\/wp-json\/wp\/v2\/media?parent=40808"}],"wp:term":[{"taxonomy":"product_brand","embeddable":true,"href":"https:\/\/www.axiomams.eu\/et\/wp-json\/wp\/v2\/product_brand?post=40808"},{"taxonomy":"product_cat","embeddable":true,"href":"https:\/\/www.axiomams.eu\/et\/wp-json\/wp\/v2\/product_cat?post=40808"},{"taxonomy":"product_tag","embeddable":true,"href":"https:\/\/www.axiomams.eu\/et\/wp-json\/wp\/v2\/product_tag?post=40808"}],"curies":[{"name":"wp","href":"https:\/\/api.w.org\/{rel}","templated":true}]}}