{"id":40814,"date":"2025-05-15T18:15:35","date_gmt":"2025-05-15T16:15:35","guid":{"rendered":"https:\/\/www.axiomams.eu\/produktas\/pce-instruments-pce-fst-200-201-u-ohuvoolumootur"},"modified":"2026-02-02T14:35:10","modified_gmt":"2026-02-02T12:35:10","slug":"pce-instruments-pce-fst-200-201-u-ohuvoolumootur","status":"publish","type":"product","link":"https:\/\/www.axiomams.eu\/et\/produktas\/pce-instruments-pce-fst-200-201-u-ohuvoolumootur","title":{"rendered":"PCE Instruments PCE-FST-200-201-U &#8211; \u00f5huvoolum\u00f5\u00f5tur"},"content":{"rendered":"<p>Tuule kiiruse andur on \u00fchilduv ja seda saab paigaldada mitmesuguste olemasolevate m\u00f5\u00f5teseadmete k\u00fclge. Andur tuvastab isegi k\u00f5ige v\u00e4iksemaid \u00f5huliikumisi ja tulemused v\u00e4ljastatakse seej\u00e4rel analoogkujul. Andur on valmistatud korrosioonikindlast sulamist, mis muudab selle vastupidavaks oks\u00fcdeerumisele v\u00f5i roostetamisele. See v\u00f5imaldab seadet kasutada ka k\u00f5ige raskemates keskkondades. Tundlikud osad on kaitstud tihenditega, et v\u00e4ltida vee v\u00f5i peentolmu sissep\u00e4\u00e4su.<\/p>\n<p><b>Tehnilised andmed:<\/b><br \/>\nV\u00e4ljundsignaal: 0 &#8230; 10V<br \/>\nT\u00f6\u00f6pinge: 12 &#8230; 36V DC<br \/>\nM\u00f5\u00f5tmise lugemisvahemik: 0,5 m\/s &#8230; 50 m\/s<br \/>\nM\u00f5\u00f5tmistulemused alates: \u2264 0,5 m\/s<br \/>\nM\u00f5\u00f5tmist\u00e4psus: \u00b1 0,5 m\/s, (< 5 m\/s) \u00b1 3% skaala l\u00f5ppv\u00e4\u00e4rtusest.\nSoojuse v\u00e4ljund: 10 W 24 V alalisvoolu juures\nT\u00f6\u00f6temperatuuri vahemik: -20 \u00b0C ... 185 \u00b0C ja \u2264 95 % suhteline \u00f5huniiskus.\nMaksimaalne tuule kiirus: 70 m\/s maksimaalsel kiirusel. 30 minutit\nToite\u00fchendus: M12\nKaitseklass: IP55\n\n\n\n<h3>Tehniline teave:<\/h3>\n<ul>\n<li><a href=\"https:\/\/axiomams.eu\/importer\/export\/attachments\/en\/datasheet-airflow-meter-pce-fst-200-201-u.pdf\" target=\"_blank\">datasheet-airflow-meter-pce-fst-200-201-u.pdf<\/a><\/li>\n<li><a href=\"https:\/\/axiomams.eu\/importer\/export\/attachments\/en\/manual-airflow-meter-pce-fst-200-200-series.pdf\" target=\"_blank\">manual-airflow-meter-pce-fst-200-200-series.pdf<\/a><\/li>\n<\/ul>\n","protected":false},"excerpt":{"rendered":"<p>Tuule kiiruse andur on \u00fchilduv ja seda saab paigaldada mitmesuguste olemasolevate m\u00f5\u00f5teseadmete k\u00fclge. Andur tuvastab isegi k\u00f5ige v\u00e4iksemaid \u00f5huliikumisi ja tulemused v\u00e4ljastatakse seej\u00e4rel analoogkujul. Andur on valmistatud korrosioonikindlast sulamist, mis muudab selle vastupidavaks oks\u00fcdeerumisele v\u00f5i roostetamisele. See v\u00f5imaldab seadet kasutada ka k\u00f5ige raskemates keskkondades. Tundlikud osad on kaitstud tihenditega, et v\u00e4ltida vee v\u00f5i peentolmu sissep\u00e4\u00e4su&#8230;.<\/p>\n","protected":false},"featured_media":43232,"comment_status":"open","ping_status":"closed","template":"","meta":{"_acf_changed":false},"product_brand":[742],"product_cat":[17839],"product_tag":[],"class_list":{"0":"post-40814","1":"product","2":"type-product","3":"status-publish","4":"has-post-thumbnail","6":"product_brand-pce-instruments","7":"product_cat-lisad","9":"first","10":"instock","11":"taxable","12":"shipping-taxable","13":"purchasable","14":"product-type-simple"},"acf":[],"yoast_head":"<!-- This site is optimized with the Yoast SEO plugin v27.0 - https:\/\/yoast.com\/product\/yoast-seo-wordpress\/ -->\n<title>PCE Instruments PCE-FST-200-201-U - \u00f5huvoolum\u00f5\u00f5tur - AXIOMA MS<\/title>\n<meta name=\"robots\" content=\"index, follow, max-snippet:-1, max-image-preview:large, max-video-preview:-1\" \/>\n<link rel=\"canonical\" href=\"https:\/\/www.axiomams.eu\/et\/produktas\/pce-instruments-pce-fst-200-201-u-ohuvoolumootur\" \/>\n<meta property=\"og:locale\" content=\"et_EE\" \/>\n<meta property=\"og:type\" content=\"article\" \/>\n<meta property=\"og:title\" content=\"PCE Instruments PCE-FST-200-201-U - \u00f5huvoolum\u00f5\u00f5tur - AXIOMA MS\" \/>\n<meta property=\"og:description\" content=\"Tuule kiiruse andur on \u00fchilduv ja seda saab paigaldada mitmesuguste olemasolevate m\u00f5\u00f5teseadmete k\u00fclge. Andur tuvastab isegi k\u00f5ige v\u00e4iksemaid \u00f5huliikumisi ja tulemused v\u00e4ljastatakse seej\u00e4rel analoogkujul. Andur on valmistatud korrosioonikindlast sulamist, mis muudab selle vastupidavaks oks\u00fcdeerumisele v\u00f5i roostetamisele. See v\u00f5imaldab seadet kasutada ka k\u00f5ige raskemates keskkondades. Tundlikud osad on kaitstud tihenditega, et v\u00e4ltida vee v\u00f5i peentolmu sissep\u00e4\u00e4su....\" \/>\n<meta property=\"og:url\" content=\"https:\/\/www.axiomams.eu\/et\/produktas\/pce-instruments-pce-fst-200-201-u-ohuvoolumootur\" \/>\n<meta property=\"og:site_name\" content=\"AXIOMA MS\" \/>\n<meta property=\"article:publisher\" content=\"https:\/\/www.facebook.com\/AxiomaMS\" \/>\n<meta property=\"article:modified_time\" content=\"2026-02-02T12:35:10+00:00\" \/>\n<meta property=\"og:image\" content=\"https:\/\/www.axiomams.eu\/wp-content\/uploads\/2025\/07\/3156-4164.jpg\" \/>\n\t<meta property=\"og:image:width\" content=\"500\" \/>\n\t<meta property=\"og:image:height\" content=\"500\" \/>\n\t<meta property=\"og:image:type\" content=\"image\/jpeg\" \/>\n<meta name=\"twitter:card\" content=\"summary_large_image\" \/>\n<meta name=\"twitter:label1\" content=\"Est. reading time\" \/>\n\t<meta name=\"twitter:data1\" content=\"1 minut\" \/>\n<script type=\"application\/ld+json\" class=\"yoast-schema-graph\">{\"@context\":\"https:\/\/schema.org\",\"@graph\":[{\"@type\":\"WebPage\",\"@id\":\"https:\/\/www.axiomams.eu\/et\/produktas\/pce-instruments-pce-fst-200-201-u-ohuvoolumootur\",\"url\":\"https:\/\/www.axiomams.eu\/et\/produktas\/pce-instruments-pce-fst-200-201-u-ohuvoolumootur\",\"name\":\"PCE Instruments PCE-FST-200-201-U - \u00f5huvoolum\u00f5\u00f5tur - AXIOMA MS\",\"isPartOf\":{\"@id\":\"https:\/\/www.axiomams.eu\/et#website\"},\"primaryImageOfPage\":{\"@id\":\"https:\/\/www.axiomams.eu\/et\/produktas\/pce-instruments-pce-fst-200-201-u-ohuvoolumootur#primaryimage\"},\"image\":{\"@id\":\"https:\/\/www.axiomams.eu\/et\/produktas\/pce-instruments-pce-fst-200-201-u-ohuvoolumootur#primaryimage\"},\"thumbnailUrl\":\"https:\/\/www.axiomams.eu\/wp-content\/uploads\/2025\/07\/3156-4164.jpg\",\"datePublished\":\"2025-05-15T16:15:35+00:00\",\"dateModified\":\"2026-02-02T12:35:10+00:00\",\"breadcrumb\":{\"@id\":\"https:\/\/www.axiomams.eu\/et\/produktas\/pce-instruments-pce-fst-200-201-u-ohuvoolumootur#breadcrumb\"},\"inLanguage\":\"et\",\"potentialAction\":[{\"@type\":\"ReadAction\",\"target\":[\"https:\/\/www.axiomams.eu\/et\/produktas\/pce-instruments-pce-fst-200-201-u-ohuvoolumootur\"]}]},{\"@type\":\"ImageObject\",\"inLanguage\":\"et\",\"@id\":\"https:\/\/www.axiomams.eu\/et\/produktas\/pce-instruments-pce-fst-200-201-u-ohuvoolumootur#primaryimage\",\"url\":\"https:\/\/www.axiomams.eu\/wp-content\/uploads\/2025\/07\/3156-4164.jpg\",\"contentUrl\":\"https:\/\/www.axiomams.eu\/wp-content\/uploads\/2025\/07\/3156-4164.jpg\",\"width\":500,\"height\":500},{\"@type\":\"BreadcrumbList\",\"@id\":\"https:\/\/www.axiomams.eu\/et\/produktas\/pce-instruments-pce-fst-200-201-u-ohuvoolumootur#breadcrumb\",\"itemListElement\":[{\"@type\":\"ListItem\",\"position\":1,\"name\":\"Home\",\"item\":\"https:\/\/www.axiomams.eu\/et\"},{\"@type\":\"ListItem\",\"position\":2,\"name\":\"Tooted\",\"item\":\"https:\/\/www.axiomams.eu\/et\/tooted\"},{\"@type\":\"ListItem\",\"position\":3,\"name\":\"PCE Instruments PCE-FST-200-201-U &#8211; \u00f5huvoolum\u00f5\u00f5tur\"}]},{\"@type\":\"WebSite\",\"@id\":\"https:\/\/www.axiomams.eu\/et#website\",\"url\":\"https:\/\/www.axiomams.eu\/et\",\"name\":\"AXIOMA MS\",\"description\":\"Terrmovizoriai ir matavimo \u012franga\",\"publisher\":{\"@id\":\"https:\/\/www.axiomams.eu\/et#organization\"},\"potentialAction\":[{\"@type\":\"SearchAction\",\"target\":{\"@type\":\"EntryPoint\",\"urlTemplate\":\"https:\/\/www.axiomams.eu\/et?s={search_term_string}\"},\"query-input\":{\"@type\":\"PropertyValueSpecification\",\"valueRequired\":true,\"valueName\":\"search_term_string\"}}],\"inLanguage\":\"et\"},{\"@type\":\"Organization\",\"@id\":\"https:\/\/www.axiomams.eu\/et#organization\",\"name\":\"AXIOMA MS\",\"url\":\"https:\/\/www.axiomams.eu\/et\",\"logo\":{\"@type\":\"ImageObject\",\"inLanguage\":\"et\",\"@id\":\"https:\/\/www.axiomams.eu\/et#\/schema\/logo\/image\/\",\"url\":\"https:\/\/www.axiomams.eu\/wp-content\/uploads\/2025\/06\/axioma-logo-2.png\",\"contentUrl\":\"https:\/\/www.axiomams.eu\/wp-content\/uploads\/2025\/06\/axioma-logo-2.png\",\"width\":1200,\"height\":1200,\"caption\":\"AXIOMA MS\"},\"image\":{\"@id\":\"https:\/\/www.axiomams.eu\/et#\/schema\/logo\/image\/\"},\"sameAs\":[\"https:\/\/www.facebook.com\/AxiomaMS\",\"https:\/\/www.linkedin.com\/company\/axiomams\/\"]}]}<\/script>\n<!-- \/ Yoast SEO plugin. -->","yoast_head_json":{"title":"PCE Instruments PCE-FST-200-201-U - \u00f5huvoolum\u00f5\u00f5tur - AXIOMA MS","robots":{"index":"index","follow":"follow","max-snippet":"max-snippet:-1","max-image-preview":"max-image-preview:large","max-video-preview":"max-video-preview:-1"},"canonical":"https:\/\/www.axiomams.eu\/et\/produktas\/pce-instruments-pce-fst-200-201-u-ohuvoolumootur","og_locale":"et_EE","og_type":"article","og_title":"PCE Instruments PCE-FST-200-201-U - \u00f5huvoolum\u00f5\u00f5tur - AXIOMA MS","og_description":"Tuule kiiruse andur on \u00fchilduv ja seda saab paigaldada mitmesuguste olemasolevate m\u00f5\u00f5teseadmete k\u00fclge. Andur tuvastab isegi k\u00f5ige v\u00e4iksemaid \u00f5huliikumisi ja tulemused v\u00e4ljastatakse seej\u00e4rel analoogkujul. Andur on valmistatud korrosioonikindlast sulamist, mis muudab selle vastupidavaks oks\u00fcdeerumisele v\u00f5i roostetamisele. See v\u00f5imaldab seadet kasutada ka k\u00f5ige raskemates keskkondades. Tundlikud osad on kaitstud tihenditega, et v\u00e4ltida vee v\u00f5i peentolmu sissep\u00e4\u00e4su....","og_url":"https:\/\/www.axiomams.eu\/et\/produktas\/pce-instruments-pce-fst-200-201-u-ohuvoolumootur","og_site_name":"AXIOMA MS","article_publisher":"https:\/\/www.facebook.com\/AxiomaMS","article_modified_time":"2026-02-02T12:35:10+00:00","og_image":[{"width":500,"height":500,"url":"https:\/\/www.axiomams.eu\/wp-content\/uploads\/2025\/07\/3156-4164.jpg","type":"image\/jpeg"}],"twitter_card":"summary_large_image","twitter_misc":{"Est. reading time":"1 minut"},"schema":{"@context":"https:\/\/schema.org","@graph":[{"@type":"WebPage","@id":"https:\/\/www.axiomams.eu\/et\/produktas\/pce-instruments-pce-fst-200-201-u-ohuvoolumootur","url":"https:\/\/www.axiomams.eu\/et\/produktas\/pce-instruments-pce-fst-200-201-u-ohuvoolumootur","name":"PCE Instruments PCE-FST-200-201-U - \u00f5huvoolum\u00f5\u00f5tur - AXIOMA MS","isPartOf":{"@id":"https:\/\/www.axiomams.eu\/et#website"},"primaryImageOfPage":{"@id":"https:\/\/www.axiomams.eu\/et\/produktas\/pce-instruments-pce-fst-200-201-u-ohuvoolumootur#primaryimage"},"image":{"@id":"https:\/\/www.axiomams.eu\/et\/produktas\/pce-instruments-pce-fst-200-201-u-ohuvoolumootur#primaryimage"},"thumbnailUrl":"https:\/\/www.axiomams.eu\/wp-content\/uploads\/2025\/07\/3156-4164.jpg","datePublished":"2025-05-15T16:15:35+00:00","dateModified":"2026-02-02T12:35:10+00:00","breadcrumb":{"@id":"https:\/\/www.axiomams.eu\/et\/produktas\/pce-instruments-pce-fst-200-201-u-ohuvoolumootur#breadcrumb"},"inLanguage":"et","potentialAction":[{"@type":"ReadAction","target":["https:\/\/www.axiomams.eu\/et\/produktas\/pce-instruments-pce-fst-200-201-u-ohuvoolumootur"]}]},{"@type":"ImageObject","inLanguage":"et","@id":"https:\/\/www.axiomams.eu\/et\/produktas\/pce-instruments-pce-fst-200-201-u-ohuvoolumootur#primaryimage","url":"https:\/\/www.axiomams.eu\/wp-content\/uploads\/2025\/07\/3156-4164.jpg","contentUrl":"https:\/\/www.axiomams.eu\/wp-content\/uploads\/2025\/07\/3156-4164.jpg","width":500,"height":500},{"@type":"BreadcrumbList","@id":"https:\/\/www.axiomams.eu\/et\/produktas\/pce-instruments-pce-fst-200-201-u-ohuvoolumootur#breadcrumb","itemListElement":[{"@type":"ListItem","position":1,"name":"Home","item":"https:\/\/www.axiomams.eu\/et"},{"@type":"ListItem","position":2,"name":"Tooted","item":"https:\/\/www.axiomams.eu\/et\/tooted"},{"@type":"ListItem","position":3,"name":"PCE Instruments PCE-FST-200-201-U &#8211; \u00f5huvoolum\u00f5\u00f5tur"}]},{"@type":"WebSite","@id":"https:\/\/www.axiomams.eu\/et#website","url":"https:\/\/www.axiomams.eu\/et","name":"AXIOMA MS","description":"Terrmovizoriai ir matavimo \u012franga","publisher":{"@id":"https:\/\/www.axiomams.eu\/et#organization"},"potentialAction":[{"@type":"SearchAction","target":{"@type":"EntryPoint","urlTemplate":"https:\/\/www.axiomams.eu\/et?s={search_term_string}"},"query-input":{"@type":"PropertyValueSpecification","valueRequired":true,"valueName":"search_term_string"}}],"inLanguage":"et"},{"@type":"Organization","@id":"https:\/\/www.axiomams.eu\/et#organization","name":"AXIOMA MS","url":"https:\/\/www.axiomams.eu\/et","logo":{"@type":"ImageObject","inLanguage":"et","@id":"https:\/\/www.axiomams.eu\/et#\/schema\/logo\/image\/","url":"https:\/\/www.axiomams.eu\/wp-content\/uploads\/2025\/06\/axioma-logo-2.png","contentUrl":"https:\/\/www.axiomams.eu\/wp-content\/uploads\/2025\/06\/axioma-logo-2.png","width":1200,"height":1200,"caption":"AXIOMA MS"},"image":{"@id":"https:\/\/www.axiomams.eu\/et#\/schema\/logo\/image\/"},"sameAs":["https:\/\/www.facebook.com\/AxiomaMS","https:\/\/www.linkedin.com\/company\/axiomams\/"]}]}},"_links":{"self":[{"href":"https:\/\/www.axiomams.eu\/et\/wp-json\/wp\/v2\/product\/40814","targetHints":{"allow":["GET"]}}],"collection":[{"href":"https:\/\/www.axiomams.eu\/et\/wp-json\/wp\/v2\/product"}],"about":[{"href":"https:\/\/www.axiomams.eu\/et\/wp-json\/wp\/v2\/types\/product"}],"replies":[{"embeddable":true,"href":"https:\/\/www.axiomams.eu\/et\/wp-json\/wp\/v2\/comments?post=40814"}],"wp:featuredmedia":[{"embeddable":true,"href":"https:\/\/www.axiomams.eu\/et\/wp-json\/wp\/v2\/media\/43232"}],"wp:attachment":[{"href":"https:\/\/www.axiomams.eu\/et\/wp-json\/wp\/v2\/media?parent=40814"}],"wp:term":[{"taxonomy":"product_brand","embeddable":true,"href":"https:\/\/www.axiomams.eu\/et\/wp-json\/wp\/v2\/product_brand?post=40814"},{"taxonomy":"product_cat","embeddable":true,"href":"https:\/\/www.axiomams.eu\/et\/wp-json\/wp\/v2\/product_cat?post=40814"},{"taxonomy":"product_tag","embeddable":true,"href":"https:\/\/www.axiomams.eu\/et\/wp-json\/wp\/v2\/product_tag?post=40814"}],"curies":[{"name":"wp","href":"https:\/\/api.w.org\/{rel}","templated":true}]}}