{"id":40951,"date":"2025-05-15T18:16:48","date_gmt":"2025-05-15T16:16:48","guid":{"rendered":"https:\/\/www.axiomams.eu\/produktas\/delta-ohm-tp704-200bai-absoluutne-rohuandur-kuni-200-bar"},"modified":"2026-02-02T14:36:30","modified_gmt":"2026-02-02T12:36:30","slug":"delta-ohm-tp704-200bai-absoluutne-rohuandur-kuni-200-bar","status":"publish","type":"product","link":"https:\/\/www.axiomams.eu\/et\/produktas\/delta-ohm-tp704-200bai-absoluutne-rohuandur-kuni-200-bar","title":{"rendered":"Delta OHM TP704-200BAI &#8211; absoluutne r\u00f5huandur kuni 200 bar"},"content":{"rendered":"<p>T\u00e4isskaala r\u00f5huvahemik: 0,1 bar &#8230; 1,00 bar<br \/>\nMaksimaalne \u00fcler\u00f5hk: 400 bar<br \/>\nT\u00e4psus: 0,25 % FSO<br \/>\nT\u00f6\u00f6temperatuur: -25 \u00b0C &#8230; 85 \u00b0C<\/p>\n","protected":false},"excerpt":{"rendered":"<p>T\u00e4isskaala r\u00f5huvahemik: 0,1 bar &#8230; 1,00 bar Maksimaalne \u00fcler\u00f5hk: 400 bar T\u00e4psus: 0,25 % FSO T\u00f6\u00f6temperatuur: -25 \u00b0C &#8230; 85 \u00b0C<\/p>\n","protected":false},"featured_media":0,"comment_status":"open","ping_status":"closed","template":"","meta":{"_acf_changed":false},"product_brand":[740],"product_cat":[17839],"product_tag":[],"class_list":{"0":"post-40951","1":"product","2":"type-product","3":"status-publish","5":"product_brand-delta-ohm","6":"product_cat-lisad","8":"first","9":"instock","10":"taxable","11":"shipping-taxable","12":"purchasable","13":"product-type-simple"},"acf":[],"yoast_head":"<!-- This site is optimized with the Yoast SEO plugin v27.0 - https:\/\/yoast.com\/product\/yoast-seo-wordpress\/ -->\n<title>Delta OHM TP704-200BAI - absoluutne r\u00f5huandur kuni 200 bar - AXIOMA MS<\/title>\n<meta name=\"robots\" content=\"index, follow, max-snippet:-1, max-image-preview:large, max-video-preview:-1\" \/>\n<link rel=\"canonical\" href=\"https:\/\/www.axiomams.eu\/et\/produktas\/delta-ohm-tp704-200bai-absoluutne-rohuandur-kuni-200-bar\" \/>\n<meta property=\"og:locale\" content=\"et_EE\" \/>\n<meta property=\"og:type\" content=\"article\" \/>\n<meta property=\"og:title\" content=\"Delta OHM TP704-200BAI - absoluutne r\u00f5huandur kuni 200 bar - AXIOMA MS\" \/>\n<meta property=\"og:description\" content=\"T\u00e4isskaala r\u00f5huvahemik: 0,1 bar &#8230; 1,00 bar Maksimaalne \u00fcler\u00f5hk: 400 bar T\u00e4psus: 0,25 % FSO T\u00f6\u00f6temperatuur: -25 \u00b0C &#8230; 85 \u00b0C\" \/>\n<meta property=\"og:url\" content=\"https:\/\/www.axiomams.eu\/et\/produktas\/delta-ohm-tp704-200bai-absoluutne-rohuandur-kuni-200-bar\" \/>\n<meta property=\"og:site_name\" content=\"AXIOMA MS\" \/>\n<meta property=\"article:publisher\" content=\"https:\/\/www.facebook.com\/AxiomaMS\" \/>\n<meta property=\"article:modified_time\" content=\"2026-02-02T12:36:30+00:00\" \/>\n<meta name=\"twitter:card\" content=\"summary_large_image\" \/>\n<script type=\"application\/ld+json\" class=\"yoast-schema-graph\">{\"@context\":\"https:\/\/schema.org\",\"@graph\":[{\"@type\":\"WebPage\",\"@id\":\"https:\/\/www.axiomams.eu\/et\/produktas\/delta-ohm-tp704-200bai-absoluutne-rohuandur-kuni-200-bar\",\"url\":\"https:\/\/www.axiomams.eu\/et\/produktas\/delta-ohm-tp704-200bai-absoluutne-rohuandur-kuni-200-bar\",\"name\":\"Delta OHM TP704-200BAI - absoluutne r\u00f5huandur kuni 200 bar - AXIOMA MS\",\"isPartOf\":{\"@id\":\"https:\/\/www.axiomams.eu\/et#website\"},\"datePublished\":\"2025-05-15T16:16:48+00:00\",\"dateModified\":\"2026-02-02T12:36:30+00:00\",\"breadcrumb\":{\"@id\":\"https:\/\/www.axiomams.eu\/et\/produktas\/delta-ohm-tp704-200bai-absoluutne-rohuandur-kuni-200-bar#breadcrumb\"},\"inLanguage\":\"et\",\"potentialAction\":[{\"@type\":\"ReadAction\",\"target\":[\"https:\/\/www.axiomams.eu\/et\/produktas\/delta-ohm-tp704-200bai-absoluutne-rohuandur-kuni-200-bar\"]}]},{\"@type\":\"BreadcrumbList\",\"@id\":\"https:\/\/www.axiomams.eu\/et\/produktas\/delta-ohm-tp704-200bai-absoluutne-rohuandur-kuni-200-bar#breadcrumb\",\"itemListElement\":[{\"@type\":\"ListItem\",\"position\":1,\"name\":\"Home\",\"item\":\"https:\/\/www.axiomams.eu\/et\"},{\"@type\":\"ListItem\",\"position\":2,\"name\":\"Tooted\",\"item\":\"https:\/\/www.axiomams.eu\/et\/tooted\"},{\"@type\":\"ListItem\",\"position\":3,\"name\":\"Delta OHM TP704-200BAI &#8211; absoluutne r\u00f5huandur kuni 200 bar\"}]},{\"@type\":\"WebSite\",\"@id\":\"https:\/\/www.axiomams.eu\/et#website\",\"url\":\"https:\/\/www.axiomams.eu\/et\",\"name\":\"AXIOMA MS\",\"description\":\"Terrmovizoriai ir matavimo \u012franga\",\"publisher\":{\"@id\":\"https:\/\/www.axiomams.eu\/et#organization\"},\"potentialAction\":[{\"@type\":\"SearchAction\",\"target\":{\"@type\":\"EntryPoint\",\"urlTemplate\":\"https:\/\/www.axiomams.eu\/et?s={search_term_string}\"},\"query-input\":{\"@type\":\"PropertyValueSpecification\",\"valueRequired\":true,\"valueName\":\"search_term_string\"}}],\"inLanguage\":\"et\"},{\"@type\":\"Organization\",\"@id\":\"https:\/\/www.axiomams.eu\/et#organization\",\"name\":\"AXIOMA MS\",\"url\":\"https:\/\/www.axiomams.eu\/et\",\"logo\":{\"@type\":\"ImageObject\",\"inLanguage\":\"et\",\"@id\":\"https:\/\/www.axiomams.eu\/et#\/schema\/logo\/image\/\",\"url\":\"https:\/\/www.axiomams.eu\/wp-content\/uploads\/2025\/06\/axioma-logo-2.png\",\"contentUrl\":\"https:\/\/www.axiomams.eu\/wp-content\/uploads\/2025\/06\/axioma-logo-2.png\",\"width\":1200,\"height\":1200,\"caption\":\"AXIOMA MS\"},\"image\":{\"@id\":\"https:\/\/www.axiomams.eu\/et#\/schema\/logo\/image\/\"},\"sameAs\":[\"https:\/\/www.facebook.com\/AxiomaMS\",\"https:\/\/www.linkedin.com\/company\/axiomams\/\"]}]}<\/script>\n<!-- \/ Yoast SEO plugin. -->","yoast_head_json":{"title":"Delta OHM TP704-200BAI - absoluutne r\u00f5huandur kuni 200 bar - AXIOMA MS","robots":{"index":"index","follow":"follow","max-snippet":"max-snippet:-1","max-image-preview":"max-image-preview:large","max-video-preview":"max-video-preview:-1"},"canonical":"https:\/\/www.axiomams.eu\/et\/produktas\/delta-ohm-tp704-200bai-absoluutne-rohuandur-kuni-200-bar","og_locale":"et_EE","og_type":"article","og_title":"Delta OHM TP704-200BAI - absoluutne r\u00f5huandur kuni 200 bar - AXIOMA MS","og_description":"T\u00e4isskaala r\u00f5huvahemik: 0,1 bar &#8230; 1,00 bar Maksimaalne \u00fcler\u00f5hk: 400 bar T\u00e4psus: 0,25 % FSO T\u00f6\u00f6temperatuur: -25 \u00b0C &#8230; 85 \u00b0C","og_url":"https:\/\/www.axiomams.eu\/et\/produktas\/delta-ohm-tp704-200bai-absoluutne-rohuandur-kuni-200-bar","og_site_name":"AXIOMA MS","article_publisher":"https:\/\/www.facebook.com\/AxiomaMS","article_modified_time":"2026-02-02T12:36:30+00:00","twitter_card":"summary_large_image","schema":{"@context":"https:\/\/schema.org","@graph":[{"@type":"WebPage","@id":"https:\/\/www.axiomams.eu\/et\/produktas\/delta-ohm-tp704-200bai-absoluutne-rohuandur-kuni-200-bar","url":"https:\/\/www.axiomams.eu\/et\/produktas\/delta-ohm-tp704-200bai-absoluutne-rohuandur-kuni-200-bar","name":"Delta OHM TP704-200BAI - absoluutne r\u00f5huandur kuni 200 bar - AXIOMA MS","isPartOf":{"@id":"https:\/\/www.axiomams.eu\/et#website"},"datePublished":"2025-05-15T16:16:48+00:00","dateModified":"2026-02-02T12:36:30+00:00","breadcrumb":{"@id":"https:\/\/www.axiomams.eu\/et\/produktas\/delta-ohm-tp704-200bai-absoluutne-rohuandur-kuni-200-bar#breadcrumb"},"inLanguage":"et","potentialAction":[{"@type":"ReadAction","target":["https:\/\/www.axiomams.eu\/et\/produktas\/delta-ohm-tp704-200bai-absoluutne-rohuandur-kuni-200-bar"]}]},{"@type":"BreadcrumbList","@id":"https:\/\/www.axiomams.eu\/et\/produktas\/delta-ohm-tp704-200bai-absoluutne-rohuandur-kuni-200-bar#breadcrumb","itemListElement":[{"@type":"ListItem","position":1,"name":"Home","item":"https:\/\/www.axiomams.eu\/et"},{"@type":"ListItem","position":2,"name":"Tooted","item":"https:\/\/www.axiomams.eu\/et\/tooted"},{"@type":"ListItem","position":3,"name":"Delta OHM TP704-200BAI &#8211; absoluutne r\u00f5huandur kuni 200 bar"}]},{"@type":"WebSite","@id":"https:\/\/www.axiomams.eu\/et#website","url":"https:\/\/www.axiomams.eu\/et","name":"AXIOMA MS","description":"Terrmovizoriai ir matavimo \u012franga","publisher":{"@id":"https:\/\/www.axiomams.eu\/et#organization"},"potentialAction":[{"@type":"SearchAction","target":{"@type":"EntryPoint","urlTemplate":"https:\/\/www.axiomams.eu\/et?s={search_term_string}"},"query-input":{"@type":"PropertyValueSpecification","valueRequired":true,"valueName":"search_term_string"}}],"inLanguage":"et"},{"@type":"Organization","@id":"https:\/\/www.axiomams.eu\/et#organization","name":"AXIOMA MS","url":"https:\/\/www.axiomams.eu\/et","logo":{"@type":"ImageObject","inLanguage":"et","@id":"https:\/\/www.axiomams.eu\/et#\/schema\/logo\/image\/","url":"https:\/\/www.axiomams.eu\/wp-content\/uploads\/2025\/06\/axioma-logo-2.png","contentUrl":"https:\/\/www.axiomams.eu\/wp-content\/uploads\/2025\/06\/axioma-logo-2.png","width":1200,"height":1200,"caption":"AXIOMA MS"},"image":{"@id":"https:\/\/www.axiomams.eu\/et#\/schema\/logo\/image\/"},"sameAs":["https:\/\/www.facebook.com\/AxiomaMS","https:\/\/www.linkedin.com\/company\/axiomams\/"]}]}},"_links":{"self":[{"href":"https:\/\/www.axiomams.eu\/et\/wp-json\/wp\/v2\/product\/40951","targetHints":{"allow":["GET"]}}],"collection":[{"href":"https:\/\/www.axiomams.eu\/et\/wp-json\/wp\/v2\/product"}],"about":[{"href":"https:\/\/www.axiomams.eu\/et\/wp-json\/wp\/v2\/types\/product"}],"replies":[{"embeddable":true,"href":"https:\/\/www.axiomams.eu\/et\/wp-json\/wp\/v2\/comments?post=40951"}],"wp:attachment":[{"href":"https:\/\/www.axiomams.eu\/et\/wp-json\/wp\/v2\/media?parent=40951"}],"wp:term":[{"taxonomy":"product_brand","embeddable":true,"href":"https:\/\/www.axiomams.eu\/et\/wp-json\/wp\/v2\/product_brand?post=40951"},{"taxonomy":"product_cat","embeddable":true,"href":"https:\/\/www.axiomams.eu\/et\/wp-json\/wp\/v2\/product_cat?post=40951"},{"taxonomy":"product_tag","embeddable":true,"href":"https:\/\/www.axiomams.eu\/et\/wp-json\/wp\/v2\/product_tag?post=40951"}],"curies":[{"name":"wp","href":"https:\/\/api.w.org\/{rel}","templated":true}]}}