{"id":40962,"date":"2025-05-15T18:17:03","date_gmt":"2025-05-15T16:17:03","guid":{"rendered":"https:\/\/www.axiomams.eu\/produktas\/senseven-valve-sense"},"modified":"2026-02-02T14:36:41","modified_gmt":"2026-02-02T12:36:41","slug":"senseven-valve-sense","status":"publish","type":"product","link":"https:\/\/www.axiomams.eu\/et\/produktas\/senseven-valve-sense","title":{"rendered":"Senseven Valve Sense"},"content":{"rendered":"<p>IS540.RG nutitelefon:<br \/>\n&#8211; Operatsioonis\u00fcsteem: Android 12<br \/>\n&#8211; Protsessor: Qualcomm QCM6490<br \/>\n&#8211; M\u00e4lu: 8 GB RAM, 128 GB sisem\u00e4lu, microSD-m\u00e4lu kuni 128 GB.<br \/>\n&#8211; Toetatavad sagedusribad: 1:<br \/>\n   2G GSM: 850\/900\/1800\/1900 MHz.<br \/>\n   3G WCDMA: B1\/2\/4\/5\/8<br \/>\n   4G LTE-FDD: B1\/2\/3\/4\/4\/5\/7\/8\/12 MFBI B13\/14\/17\/20\/25\/26\/28\/29\/30\/66\/71<br \/>\n   4G LTE-TDD: B38\/39\/40\/41\/42\/43\/48<br \/>\n   5G NR: n1\/n2\/n3\/n5\/n7\/n8\/n12\/n20\/n25\/n28\/n30\/n38\/n40\/n41\/n48\/n66\/n71\/n77\/n78\/n79<br \/>\n&#8211; Suurus: 180,0 x 84,9 x 20,6 mm<br \/>\n&#8211; Kaal: 422 g<br \/>\n&#8211; Ekraan: 6&#8243;, 1080 x 2160 pikslit<br \/>\n&#8211; Aku: 4400 mAh, vahetatav<br \/>\n&#8211; Kaamera: 5 MP FF esikaamera: 48 MP AF tagakaamera, 5 MP FF esikaamera<br \/>\n&#8211; SIM-tugi: 1 nano SIM + eSIM<br \/>\n&#8211; \u00dchendused:<br \/>\n   Wi-Fi 6: IEEE 802.11 a\/b\/g\/n\/ac\/ax\/e\/k\/r\/v<br \/>\n   Bluetooth\u00ae 5.2<br \/>\n   GPS, A-GPS, Glonass, A-Glonass, Beidou, Galileo<br \/>\n   L\u00e4hiv\u00e4ljaside (NFC)<br \/>\n&#8211; Pordid sisse\/v\u00e4lja: 16-poolne ISM-liides, USB-C<br \/>\n&#8211; Andurid: Kiirendusm\u00f5\u00f5tur, g\u00fcroskoop, valgus, magnet, l\u00e4hedus, r\u00f5huandurid.<br \/>\n&#8211; Kaitset\u00fc\u00fcbid:  IP68<br \/>\n&#8211; T\u00f6\u00f6temperatuur: -20 \u00b0C &#8230; +55 \u00b0C<\/p>\n<p>IS-VS1A.RG KONTROLLSEADMED<br \/>\n&#8211; Analoogsagedusala laius: 20 kHz &#8230; 500 kHz<br \/>\n&#8211; Sisendpiirkond: 94 dBAE \/ 100 dBAE<br \/>\n&#8211; Prooviv\u00f5tusagedus: Res.: 2 MHz \/ 16 bit<br \/>\n&#8211; M\u00fcrap\u00f5rand: <12 \u03bcVRMS (95 kHz ... 300 kHz)\n <700 mW\n- Suurus: 141,2 x 96 x 51,85 mm\n- Kaal: 219,3 g\n- T\u00f6\u00f6temperatuur: -20 \u00b0C ... +55 \u00b0C\n\nIS-SU150F1.1 Ultraheliandur:\n- Sagedusvahemik: 100 kHz ... 450 kHz\n- T\u00f6\u00f6temperatuur: -40 \u00b0C ... +120 \u00b0C\n- Liitmik: SMB\n- Varjestus Ristside: > -80 dB<br \/>\n&#8211; M\u00f5\u00f5dud: m\u00f5\u00f5tmed: 22,3 x 18,2 mm<br \/>\n&#8211; Kaal: 29 g<\/p>\n<p>IS-SU150F2.1 Ultraheliandur:<br \/>\n&#8211; Sagedusvahemik: Sagedusvahemik: Sagedusvahemik: 100 kHz &#8230; 450 kHz<br \/>\n&#8211; T\u00f6\u00f6temperatuur: -40 \u00b0C &#8230; +120 \u00b0C<br \/>\n&#8211; Liitmik: SMB<br \/>\n&#8211; Varjestus Ristside: > -80 dB<br \/>\n&#8211; M\u00f5\u00f5dud: m\u00f5\u00f5tmed: 22,3 x 37,5 mm<br \/>\n&#8211; Kaal: 63,4 g<\/p>\n<p>IS-SC120BB1.1 anduri kaabel:<br \/>\n&#8211; Kaabel: pikkus: 120 cm 2 tk. \/ komplekt<br \/>\n&#8211; Liitmik: SMB <-> SMB<br \/>\n&#8211; Mantel: Punutud voolik<br \/>\n&#8211; Temperatuurivahemik: -20 \u00b0C &#8230; +60 \u00b0C<br \/>\n&#8211; Kaal: 20 g (iga\u00fchele)<\/p>\n<p>IS-WGLF1.1 Lainejuhi lukustus:<br \/>\n&#8211; L\u00e4bim\u00f5\u00f5t: 55 mm<br \/>\n&#8211; Kaal: 79,5 g<\/p>\n<p>IS-WGxx.1 lainejuht:<br \/>\n&#8211; M\u00f5\u00f5tmed: 220 x 7 mm<br \/>\n&#8211; Kaal: 89,8 g<\/p>\n<p>Standardne komplekt: M\u00f5\u00f5teelektroonika IS-VS1A.RG, andur IS-SU150F1.1, andur IS-SU150F2.1, lainejuhtide lukustus IS-WGLF1.1, lainejuht IS-WGxx.1, 2 x andurikaabel, sidekandja, sidekile, IS540.RG nutitelefon, aku, universaalne toiteadapter, kruvikeeraja, ekraani kaitsekile, ekraani puhastuslapp, ohutusjuhend ja kohver.<\/p>\n<h3>Tehniline teave:<\/h3>\n<ul>\n<li><a href=\"https:\/\/axiomams.eu\/importer\/export\/attachments\/en\/senseven-valve-sense.pdf\" target=\"_blank\">SenSeven Valve Sense.pdf<\/a><\/li>\n<li><a href=\"https:\/\/axiomams.eu\/importer\/export\/attachments\/en\/senseven-valve-sense-ex.pdf\" target=\"_blank\">SenSeven Valve Sense Ex.pdf<\/a><\/li>\n<\/ul>\n","protected":false},"excerpt":{"rendered":"<p>IS540.RG nutitelefon: &#8211; Operatsioonis\u00fcsteem: Android 12 &#8211; Protsessor: Qualcomm QCM6490 &#8211; M\u00e4lu: 8 GB RAM, 128 GB sisem\u00e4lu, microSD-m\u00e4lu kuni 128 GB. &#8211; Toetatavad sagedusribad: 1: 2G GSM: 850\/900\/1800\/1900 MHz. 3G WCDMA: B1\/2\/4\/5\/8 4G LTE-FDD: B1\/2\/3\/4\/4\/5\/7\/8\/12 MFBI B13\/14\/17\/20\/25\/26\/28\/29\/30\/66\/71 4G LTE-TDD: B38\/39\/40\/41\/42\/43\/48 5G NR: n1\/n2\/n3\/n5\/n7\/n8\/n12\/n20\/n25\/n28\/n30\/n38\/n40\/n41\/n48\/n66\/n71\/n77\/n78\/n79 &#8211; Suurus: 180,0 x 84,9 x 20,6 mm &#8211; Kaal: 422&#8230;<\/p>\n","protected":false},"featured_media":43410,"comment_status":"open","ping_status":"closed","template":"","meta":{"_acf_changed":false},"product_brand":[8237],"product_cat":[17826],"product_tag":[],"class_list":{"0":"post-40962","1":"product","2":"type-product","3":"status-publish","4":"has-post-thumbnail","6":"product_brand-senseven","7":"product_cat-ultraheli-mooturid","9":"first","10":"instock","11":"taxable","12":"shipping-taxable","13":"product-type-simple"},"acf":[],"yoast_head":"<!-- This site is optimized with the Yoast SEO plugin v27.0 - https:\/\/yoast.com\/product\/yoast-seo-wordpress\/ -->\n<title>Senseven Valve Sense - AXIOMA MS<\/title>\n<meta name=\"robots\" content=\"index, follow, max-snippet:-1, max-image-preview:large, max-video-preview:-1\" \/>\n<link rel=\"canonical\" href=\"https:\/\/www.axiomams.eu\/et\/produktas\/senseven-valve-sense\" \/>\n<meta property=\"og:locale\" content=\"et_EE\" \/>\n<meta property=\"og:type\" content=\"article\" \/>\n<meta property=\"og:title\" content=\"Senseven Valve Sense - AXIOMA MS\" \/>\n<meta property=\"og:description\" content=\"IS540.RG nutitelefon: &#8211; Operatsioonis\u00fcsteem: Android 12 &#8211; Protsessor: Qualcomm QCM6490 &#8211; M\u00e4lu: 8 GB RAM, 128 GB sisem\u00e4lu, microSD-m\u00e4lu kuni 128 GB. &#8211; Toetatavad sagedusribad: 1: 2G GSM: 850\/900\/1800\/1900 MHz. 3G WCDMA: B1\/2\/4\/5\/8 4G LTE-FDD: B1\/2\/3\/4\/4\/5\/7\/8\/12 MFBI B13\/14\/17\/20\/25\/26\/28\/29\/30\/66\/71 4G LTE-TDD: B38\/39\/40\/41\/42\/43\/48 5G NR: n1\/n2\/n3\/n5\/n7\/n8\/n12\/n20\/n25\/n28\/n30\/n38\/n40\/n41\/n48\/n66\/n71\/n77\/n78\/n79 &#8211; Suurus: 180,0 x 84,9 x 20,6 mm &#8211; Kaal: 422...\" \/>\n<meta property=\"og:url\" content=\"https:\/\/www.axiomams.eu\/et\/produktas\/senseven-valve-sense\" \/>\n<meta property=\"og:site_name\" content=\"AXIOMA MS\" \/>\n<meta property=\"article:publisher\" content=\"https:\/\/www.facebook.com\/AxiomaMS\" \/>\n<meta property=\"article:modified_time\" content=\"2026-02-02T12:36:41+00:00\" \/>\n<meta property=\"og:image\" content=\"https:\/\/www.axiomams.eu\/wp-content\/uploads\/2025\/07\/4582-6099.jpg\" \/>\n\t<meta property=\"og:image:width\" content=\"1020\" \/>\n\t<meta property=\"og:image:height\" content=\"1020\" \/>\n\t<meta property=\"og:image:type\" content=\"image\/jpeg\" \/>\n<meta name=\"twitter:card\" content=\"summary_large_image\" \/>\n<meta name=\"twitter:label1\" content=\"Est. reading time\" \/>\n\t<meta name=\"twitter:data1\" content=\"1 minut\" \/>\n<script type=\"application\/ld+json\" class=\"yoast-schema-graph\">{\"@context\":\"https:\/\/schema.org\",\"@graph\":[{\"@type\":\"WebPage\",\"@id\":\"https:\/\/www.axiomams.eu\/et\/produktas\/senseven-valve-sense\",\"url\":\"https:\/\/www.axiomams.eu\/et\/produktas\/senseven-valve-sense\",\"name\":\"Senseven Valve Sense - AXIOMA MS\",\"isPartOf\":{\"@id\":\"https:\/\/www.axiomams.eu\/et#website\"},\"primaryImageOfPage\":{\"@id\":\"https:\/\/www.axiomams.eu\/et\/produktas\/senseven-valve-sense#primaryimage\"},\"image\":{\"@id\":\"https:\/\/www.axiomams.eu\/et\/produktas\/senseven-valve-sense#primaryimage\"},\"thumbnailUrl\":\"https:\/\/www.axiomams.eu\/wp-content\/uploads\/2025\/07\/4582-6099.jpg\",\"datePublished\":\"2025-05-15T16:17:03+00:00\",\"dateModified\":\"2026-02-02T12:36:41+00:00\",\"breadcrumb\":{\"@id\":\"https:\/\/www.axiomams.eu\/et\/produktas\/senseven-valve-sense#breadcrumb\"},\"inLanguage\":\"et\",\"potentialAction\":[{\"@type\":\"ReadAction\",\"target\":[\"https:\/\/www.axiomams.eu\/et\/produktas\/senseven-valve-sense\"]}]},{\"@type\":\"ImageObject\",\"inLanguage\":\"et\",\"@id\":\"https:\/\/www.axiomams.eu\/et\/produktas\/senseven-valve-sense#primaryimage\",\"url\":\"https:\/\/www.axiomams.eu\/wp-content\/uploads\/2025\/07\/4582-6099.jpg\",\"contentUrl\":\"https:\/\/www.axiomams.eu\/wp-content\/uploads\/2025\/07\/4582-6099.jpg\",\"width\":1020,\"height\":1020},{\"@type\":\"BreadcrumbList\",\"@id\":\"https:\/\/www.axiomams.eu\/et\/produktas\/senseven-valve-sense#breadcrumb\",\"itemListElement\":[{\"@type\":\"ListItem\",\"position\":1,\"name\":\"Home\",\"item\":\"https:\/\/www.axiomams.eu\/et\"},{\"@type\":\"ListItem\",\"position\":2,\"name\":\"Tooted\",\"item\":\"https:\/\/www.axiomams.eu\/et\/tooted\"},{\"@type\":\"ListItem\",\"position\":3,\"name\":\"Senseven Valve Sense\"}]},{\"@type\":\"WebSite\",\"@id\":\"https:\/\/www.axiomams.eu\/et#website\",\"url\":\"https:\/\/www.axiomams.eu\/et\",\"name\":\"AXIOMA MS\",\"description\":\"Terrmovizoriai ir matavimo \u012franga\",\"publisher\":{\"@id\":\"https:\/\/www.axiomams.eu\/et#organization\"},\"potentialAction\":[{\"@type\":\"SearchAction\",\"target\":{\"@type\":\"EntryPoint\",\"urlTemplate\":\"https:\/\/www.axiomams.eu\/et?s={search_term_string}\"},\"query-input\":{\"@type\":\"PropertyValueSpecification\",\"valueRequired\":true,\"valueName\":\"search_term_string\"}}],\"inLanguage\":\"et\"},{\"@type\":\"Organization\",\"@id\":\"https:\/\/www.axiomams.eu\/et#organization\",\"name\":\"AXIOMA MS\",\"url\":\"https:\/\/www.axiomams.eu\/et\",\"logo\":{\"@type\":\"ImageObject\",\"inLanguage\":\"et\",\"@id\":\"https:\/\/www.axiomams.eu\/et#\/schema\/logo\/image\/\",\"url\":\"https:\/\/www.axiomams.eu\/wp-content\/uploads\/2025\/06\/axioma-logo-2.png\",\"contentUrl\":\"https:\/\/www.axiomams.eu\/wp-content\/uploads\/2025\/06\/axioma-logo-2.png\",\"width\":1200,\"height\":1200,\"caption\":\"AXIOMA MS\"},\"image\":{\"@id\":\"https:\/\/www.axiomams.eu\/et#\/schema\/logo\/image\/\"},\"sameAs\":[\"https:\/\/www.facebook.com\/AxiomaMS\",\"https:\/\/www.linkedin.com\/company\/axiomams\/\"]}]}<\/script>\n<!-- \/ Yoast SEO plugin. -->","yoast_head_json":{"title":"Senseven Valve Sense - AXIOMA MS","robots":{"index":"index","follow":"follow","max-snippet":"max-snippet:-1","max-image-preview":"max-image-preview:large","max-video-preview":"max-video-preview:-1"},"canonical":"https:\/\/www.axiomams.eu\/et\/produktas\/senseven-valve-sense","og_locale":"et_EE","og_type":"article","og_title":"Senseven Valve Sense - AXIOMA MS","og_description":"IS540.RG nutitelefon: &#8211; Operatsioonis\u00fcsteem: Android 12 &#8211; Protsessor: Qualcomm QCM6490 &#8211; M\u00e4lu: 8 GB RAM, 128 GB sisem\u00e4lu, microSD-m\u00e4lu kuni 128 GB. &#8211; Toetatavad sagedusribad: 1: 2G GSM: 850\/900\/1800\/1900 MHz. 3G WCDMA: B1\/2\/4\/5\/8 4G LTE-FDD: B1\/2\/3\/4\/4\/5\/7\/8\/12 MFBI B13\/14\/17\/20\/25\/26\/28\/29\/30\/66\/71 4G LTE-TDD: B38\/39\/40\/41\/42\/43\/48 5G NR: n1\/n2\/n3\/n5\/n7\/n8\/n12\/n20\/n25\/n28\/n30\/n38\/n40\/n41\/n48\/n66\/n71\/n77\/n78\/n79 &#8211; Suurus: 180,0 x 84,9 x 20,6 mm &#8211; Kaal: 422...","og_url":"https:\/\/www.axiomams.eu\/et\/produktas\/senseven-valve-sense","og_site_name":"AXIOMA MS","article_publisher":"https:\/\/www.facebook.com\/AxiomaMS","article_modified_time":"2026-02-02T12:36:41+00:00","og_image":[{"width":1020,"height":1020,"url":"https:\/\/www.axiomams.eu\/wp-content\/uploads\/2025\/07\/4582-6099.jpg","type":"image\/jpeg"}],"twitter_card":"summary_large_image","twitter_misc":{"Est. reading time":"1 minut"},"schema":{"@context":"https:\/\/schema.org","@graph":[{"@type":"WebPage","@id":"https:\/\/www.axiomams.eu\/et\/produktas\/senseven-valve-sense","url":"https:\/\/www.axiomams.eu\/et\/produktas\/senseven-valve-sense","name":"Senseven Valve Sense - AXIOMA MS","isPartOf":{"@id":"https:\/\/www.axiomams.eu\/et#website"},"primaryImageOfPage":{"@id":"https:\/\/www.axiomams.eu\/et\/produktas\/senseven-valve-sense#primaryimage"},"image":{"@id":"https:\/\/www.axiomams.eu\/et\/produktas\/senseven-valve-sense#primaryimage"},"thumbnailUrl":"https:\/\/www.axiomams.eu\/wp-content\/uploads\/2025\/07\/4582-6099.jpg","datePublished":"2025-05-15T16:17:03+00:00","dateModified":"2026-02-02T12:36:41+00:00","breadcrumb":{"@id":"https:\/\/www.axiomams.eu\/et\/produktas\/senseven-valve-sense#breadcrumb"},"inLanguage":"et","potentialAction":[{"@type":"ReadAction","target":["https:\/\/www.axiomams.eu\/et\/produktas\/senseven-valve-sense"]}]},{"@type":"ImageObject","inLanguage":"et","@id":"https:\/\/www.axiomams.eu\/et\/produktas\/senseven-valve-sense#primaryimage","url":"https:\/\/www.axiomams.eu\/wp-content\/uploads\/2025\/07\/4582-6099.jpg","contentUrl":"https:\/\/www.axiomams.eu\/wp-content\/uploads\/2025\/07\/4582-6099.jpg","width":1020,"height":1020},{"@type":"BreadcrumbList","@id":"https:\/\/www.axiomams.eu\/et\/produktas\/senseven-valve-sense#breadcrumb","itemListElement":[{"@type":"ListItem","position":1,"name":"Home","item":"https:\/\/www.axiomams.eu\/et"},{"@type":"ListItem","position":2,"name":"Tooted","item":"https:\/\/www.axiomams.eu\/et\/tooted"},{"@type":"ListItem","position":3,"name":"Senseven Valve Sense"}]},{"@type":"WebSite","@id":"https:\/\/www.axiomams.eu\/et#website","url":"https:\/\/www.axiomams.eu\/et","name":"AXIOMA MS","description":"Terrmovizoriai ir matavimo \u012franga","publisher":{"@id":"https:\/\/www.axiomams.eu\/et#organization"},"potentialAction":[{"@type":"SearchAction","target":{"@type":"EntryPoint","urlTemplate":"https:\/\/www.axiomams.eu\/et?s={search_term_string}"},"query-input":{"@type":"PropertyValueSpecification","valueRequired":true,"valueName":"search_term_string"}}],"inLanguage":"et"},{"@type":"Organization","@id":"https:\/\/www.axiomams.eu\/et#organization","name":"AXIOMA MS","url":"https:\/\/www.axiomams.eu\/et","logo":{"@type":"ImageObject","inLanguage":"et","@id":"https:\/\/www.axiomams.eu\/et#\/schema\/logo\/image\/","url":"https:\/\/www.axiomams.eu\/wp-content\/uploads\/2025\/06\/axioma-logo-2.png","contentUrl":"https:\/\/www.axiomams.eu\/wp-content\/uploads\/2025\/06\/axioma-logo-2.png","width":1200,"height":1200,"caption":"AXIOMA MS"},"image":{"@id":"https:\/\/www.axiomams.eu\/et#\/schema\/logo\/image\/"},"sameAs":["https:\/\/www.facebook.com\/AxiomaMS","https:\/\/www.linkedin.com\/company\/axiomams\/"]}]}},"_links":{"self":[{"href":"https:\/\/www.axiomams.eu\/et\/wp-json\/wp\/v2\/product\/40962","targetHints":{"allow":["GET"]}}],"collection":[{"href":"https:\/\/www.axiomams.eu\/et\/wp-json\/wp\/v2\/product"}],"about":[{"href":"https:\/\/www.axiomams.eu\/et\/wp-json\/wp\/v2\/types\/product"}],"replies":[{"embeddable":true,"href":"https:\/\/www.axiomams.eu\/et\/wp-json\/wp\/v2\/comments?post=40962"}],"wp:featuredmedia":[{"embeddable":true,"href":"https:\/\/www.axiomams.eu\/et\/wp-json\/wp\/v2\/media\/43410"}],"wp:attachment":[{"href":"https:\/\/www.axiomams.eu\/et\/wp-json\/wp\/v2\/media?parent=40962"}],"wp:term":[{"taxonomy":"product_brand","embeddable":true,"href":"https:\/\/www.axiomams.eu\/et\/wp-json\/wp\/v2\/product_brand?post=40962"},{"taxonomy":"product_cat","embeddable":true,"href":"https:\/\/www.axiomams.eu\/et\/wp-json\/wp\/v2\/product_cat?post=40962"},{"taxonomy":"product_tag","embeddable":true,"href":"https:\/\/www.axiomams.eu\/et\/wp-json\/wp\/v2\/product_tag?post=40962"}],"curies":[{"name":"wp","href":"https:\/\/api.w.org\/{rel}","templated":true}]}}