{"id":43783,"date":"2025-12-03T15:02:05","date_gmt":"2025-12-03T13:02:05","guid":{"rendered":"https:\/\/www.axiomams.eu\/produktas\/hioki-pw4001-voimsusanalusaator"},"modified":"2026-02-02T14:32:25","modified_gmt":"2026-02-02T12:32:25","slug":"hioki-pw4001-voimsusanalusaator","status":"publish","type":"product","link":"https:\/\/www.axiomams.eu\/et\/produktas\/hioki-pw4001-voimsusanalusaator","title":{"rendered":"HIOKI PW4001 v\u00f5imsusanal\u00fcsaator"},"content":{"rendered":"<p>Hioki PW4001 on kaasaskantav, suure t\u00e4psusega 4-kanaliline v\u00f5imsusanal\u00fcsaator, mis on m\u00f5eldud t\u00e4pseks v\u00f5imsuse m\u00f5\u00f5tmiseks paljudes rakendustes. See pakub Hioki k\u00f5rgeimat alalisvoolu t\u00e4psust \u00b10,04 %, mis tagab usaldusv\u00e4\u00e4rsed tulemused s\u00f5idukite v\u00f5imsuse testimisel, teadusuuringutes ja t\u00f6\u00f6stuskeskkondades. T\u00e4nu selle tugevale konstruktsioonile ja erakordsele t\u00e4psusele sobib see ideaalselt nii laboratooriumis kui ka kohapealsetes hindamistes.<\/p>\n<p><b>V\u00e4ljapaistev m\u00f5\u00f5tet\u00e4psus<\/b><br \/>\nPW4001 on projekteeritud usaldusv\u00e4\u00e4rseks ja s\u00e4ilitab \u00b10,04 % p\u00f5hit\u00e4psuse kogu oma 0,1 Hz kuni 600 kHz sagedusvahemikus. See tagab j\u00e4rjepideva j\u00f5udluse alates alalisvoolust kuni k\u00f5rgsageduslike m\u00f5\u00f5tmisteni, mis v\u00f5imaldab inseneridel usaldusv\u00e4\u00e4rselt hinnata keerulisi elektris\u00fcsteeme. Selle t\u00e4psed m\u00f5\u00f5tmisv\u00f5imalused on olulised elektri- ja h\u00fcbriids\u00f5idukite komponentide t\u00f5hususe ja stabiilsuse kontrollimisel.<\/p>\n<p><b>T\u00e4iustatud andurite integreerimine<\/b><br \/>\nPW4001 omab ka automaatset faasinihke korrektsiooni, mis suurendab m\u00f5\u00f5tmiste t\u00e4psust Hioki vooluandurite kasutamisel. See tagab t\u00e4pse s\u00fcnkroniseerimise voolu ja pinge n\u00e4itude vahel, isegi n\u00f5udlikes katseseadeldistes.<\/p>\n<p><b>V\u00e4ikesed spetsifikatsioonid<\/b><br \/>\n&#8211; P\u00f5hiline t\u00e4psus: \u00b10,04 %<br \/>\n&#8211; Sagedusvahemik: DC, 0,1 Hz kuni 600 kHz<br \/>\n&#8211; T\u00f6\u00f6temperatuur: -20 \u00b0C kuni 50 \u00b0C<br \/>\n&#8211; CAN \/ CAN FD sisend ja v\u00e4ljund<br \/>\n&#8211; Automaatne faasinihke korrektsioon Hioki vooluandurite jaoks<\/p>\n<p>Standardne komplekt: Hioki PW4001 vooluanal\u00fcsaator, k\u00e4ivitusjuhend, toitejuhe, USB-kaabel, D-sub pistik, alalisvoolu toiteallika pistik.<\/p>\n<p><iframe loading=\"lazy\" width=\"560\" height=\"315\" src=\"https:\/\/www.youtube.com\/embed\/I08Xog2J85A?si=nw-k4XQ-nwcFtAMz\" title=\"YouTube videom\u00e4ngija\" frameborder=\"0\" allow=\"accelerometer; autoplay; clipboard-write; encrypted-media; gyroscope; picture-in-picture; web-share\" referrerpolicy=\"strict-origin-when-cross-origin\" allowfullscreen><\/iframe><\/p>\n<h3>Tehniline teave:<\/h3>\n<ul>\n<li><a href=\"https:\/\/axiomams.eu\/importer\/export\/attachments\/en\/hioki-pw4001.pdf\" target=\"_blank\">Hioki PW4001.pdf<\/a><\/li>\n<\/ul>\n","protected":false},"excerpt":{"rendered":"<p>Hioki PW4001 on kaasaskantav, suure t\u00e4psusega 4-kanaliline v\u00f5imsusanal\u00fcsaator, mis on m\u00f5eldud t\u00e4pseks v\u00f5imsuse m\u00f5\u00f5tmiseks paljudes rakendustes. See pakub Hioki k\u00f5rgeimat alalisvoolu t\u00e4psust \u00b10,04 %, mis tagab usaldusv\u00e4\u00e4rsed tulemused s\u00f5idukite v\u00f5imsuse testimisel, teadusuuringutes ja t\u00f6\u00f6stuskeskkondades. T\u00e4nu selle tugevale konstruktsioonile ja erakordsele t\u00e4psusele sobib see ideaalselt nii laboratooriumis kui ka kohapealsetes hindamistes. V\u00e4ljapaistev m\u00f5\u00f5tet\u00e4psus PW4001 on projekteeritud&#8230;<\/p>\n","protected":false},"featured_media":44121,"comment_status":"open","ping_status":"closed","template":"","meta":{"_acf_changed":false},"product_brand":[1112],"product_cat":[17824],"product_tag":[],"class_list":{"0":"post-43783","1":"product","2":"type-product","3":"status-publish","4":"has-post-thumbnail","6":"product_brand-hioki","7":"product_cat-voimsus-analuusiks","9":"first","10":"instock","11":"taxable","12":"shipping-taxable","13":"product-type-simple"},"acf":[],"yoast_head":"<!-- This site is optimized with the Yoast SEO plugin v27.0 - https:\/\/yoast.com\/product\/yoast-seo-wordpress\/ -->\n<title>HIOKI PW4001 v\u00f5imsusanal\u00fcsaator - AXIOMA MS<\/title>\n<meta name=\"robots\" content=\"index, follow, max-snippet:-1, max-image-preview:large, max-video-preview:-1\" \/>\n<link rel=\"canonical\" href=\"https:\/\/www.axiomams.eu\/et\/produktas\/hioki-pw4001-voimsusanalusaator\" \/>\n<meta property=\"og:locale\" content=\"et_EE\" \/>\n<meta property=\"og:type\" content=\"article\" \/>\n<meta property=\"og:title\" content=\"HIOKI PW4001 v\u00f5imsusanal\u00fcsaator - AXIOMA MS\" \/>\n<meta property=\"og:description\" content=\"Hioki PW4001 on kaasaskantav, suure t\u00e4psusega 4-kanaliline v\u00f5imsusanal\u00fcsaator, mis on m\u00f5eldud t\u00e4pseks v\u00f5imsuse m\u00f5\u00f5tmiseks paljudes rakendustes. See pakub Hioki k\u00f5rgeimat alalisvoolu t\u00e4psust \u00b10,04 %, mis tagab usaldusv\u00e4\u00e4rsed tulemused s\u00f5idukite v\u00f5imsuse testimisel, teadusuuringutes ja t\u00f6\u00f6stuskeskkondades. T\u00e4nu selle tugevale konstruktsioonile ja erakordsele t\u00e4psusele sobib see ideaalselt nii laboratooriumis kui ka kohapealsetes hindamistes. V\u00e4ljapaistev m\u00f5\u00f5tet\u00e4psus PW4001 on projekteeritud...\" \/>\n<meta property=\"og:url\" content=\"https:\/\/www.axiomams.eu\/et\/produktas\/hioki-pw4001-voimsusanalusaator\" \/>\n<meta property=\"og:site_name\" content=\"AXIOMA MS\" \/>\n<meta property=\"article:publisher\" content=\"https:\/\/www.facebook.com\/AxiomaMS\" \/>\n<meta property=\"article:modified_time\" content=\"2026-02-02T12:32:25+00:00\" \/>\n<meta name=\"twitter:card\" content=\"summary_large_image\" \/>\n<meta name=\"twitter:label1\" content=\"Est. reading time\" \/>\n\t<meta name=\"twitter:data1\" content=\"1 minut\" \/>\n<script type=\"application\/ld+json\" class=\"yoast-schema-graph\">{\"@context\":\"https:\/\/schema.org\",\"@graph\":[{\"@type\":\"WebPage\",\"@id\":\"https:\/\/www.axiomams.eu\/et\/produktas\/hioki-pw4001-voimsusanalusaator\",\"url\":\"https:\/\/www.axiomams.eu\/et\/produktas\/hioki-pw4001-voimsusanalusaator\",\"name\":\"HIOKI PW4001 v\u00f5imsusanal\u00fcsaator - AXIOMA MS\",\"isPartOf\":{\"@id\":\"https:\/\/www.axiomams.eu\/et#website\"},\"primaryImageOfPage\":{\"@id\":\"https:\/\/www.axiomams.eu\/et\/produktas\/hioki-pw4001-voimsusanalusaator#primaryimage\"},\"image\":{\"@id\":\"https:\/\/www.axiomams.eu\/et\/produktas\/hioki-pw4001-voimsusanalusaator#primaryimage\"},\"thumbnailUrl\":\"https:\/\/www.axiomams.eu\/wp-content\/uploads\/2026\/02\/4685-6195.jpg\",\"datePublished\":\"2025-12-03T13:02:05+00:00\",\"dateModified\":\"2026-02-02T12:32:25+00:00\",\"breadcrumb\":{\"@id\":\"https:\/\/www.axiomams.eu\/et\/produktas\/hioki-pw4001-voimsusanalusaator#breadcrumb\"},\"inLanguage\":\"et\",\"potentialAction\":[{\"@type\":\"ReadAction\",\"target\":[\"https:\/\/www.axiomams.eu\/et\/produktas\/hioki-pw4001-voimsusanalusaator\"]}]},{\"@type\":\"ImageObject\",\"inLanguage\":\"et\",\"@id\":\"https:\/\/www.axiomams.eu\/et\/produktas\/hioki-pw4001-voimsusanalusaator#primaryimage\",\"url\":\"https:\/\/www.axiomams.eu\/wp-content\/uploads\/2026\/02\/4685-6195.jpg\",\"contentUrl\":\"https:\/\/www.axiomams.eu\/wp-content\/uploads\/2026\/02\/4685-6195.jpg\",\"width\":1020,\"height\":1020},{\"@type\":\"BreadcrumbList\",\"@id\":\"https:\/\/www.axiomams.eu\/et\/produktas\/hioki-pw4001-voimsusanalusaator#breadcrumb\",\"itemListElement\":[{\"@type\":\"ListItem\",\"position\":1,\"name\":\"Home\",\"item\":\"https:\/\/www.axiomams.eu\/et\"},{\"@type\":\"ListItem\",\"position\":2,\"name\":\"Tooted\",\"item\":\"https:\/\/www.axiomams.eu\/et\/tooted\"},{\"@type\":\"ListItem\",\"position\":3,\"name\":\"HIOKI PW4001 v\u00f5imsusanal\u00fcsaator\"}]},{\"@type\":\"WebSite\",\"@id\":\"https:\/\/www.axiomams.eu\/et#website\",\"url\":\"https:\/\/www.axiomams.eu\/et\",\"name\":\"AXIOMA MS\",\"description\":\"Terrmovizoriai ir matavimo \u012franga\",\"publisher\":{\"@id\":\"https:\/\/www.axiomams.eu\/et#organization\"},\"potentialAction\":[{\"@type\":\"SearchAction\",\"target\":{\"@type\":\"EntryPoint\",\"urlTemplate\":\"https:\/\/www.axiomams.eu\/et?s={search_term_string}\"},\"query-input\":{\"@type\":\"PropertyValueSpecification\",\"valueRequired\":true,\"valueName\":\"search_term_string\"}}],\"inLanguage\":\"et\"},{\"@type\":\"Organization\",\"@id\":\"https:\/\/www.axiomams.eu\/et#organization\",\"name\":\"AXIOMA MS\",\"url\":\"https:\/\/www.axiomams.eu\/et\",\"logo\":{\"@type\":\"ImageObject\",\"inLanguage\":\"et\",\"@id\":\"https:\/\/www.axiomams.eu\/et#\/schema\/logo\/image\/\",\"url\":\"https:\/\/www.axiomams.eu\/wp-content\/uploads\/2025\/06\/axioma-logo-2.png\",\"contentUrl\":\"https:\/\/www.axiomams.eu\/wp-content\/uploads\/2025\/06\/axioma-logo-2.png\",\"width\":1200,\"height\":1200,\"caption\":\"AXIOMA MS\"},\"image\":{\"@id\":\"https:\/\/www.axiomams.eu\/et#\/schema\/logo\/image\/\"},\"sameAs\":[\"https:\/\/www.facebook.com\/AxiomaMS\",\"https:\/\/www.linkedin.com\/company\/axiomams\/\"]}]}<\/script>\n<!-- \/ Yoast SEO plugin. -->","yoast_head_json":{"title":"HIOKI PW4001 v\u00f5imsusanal\u00fcsaator - AXIOMA MS","robots":{"index":"index","follow":"follow","max-snippet":"max-snippet:-1","max-image-preview":"max-image-preview:large","max-video-preview":"max-video-preview:-1"},"canonical":"https:\/\/www.axiomams.eu\/et\/produktas\/hioki-pw4001-voimsusanalusaator","og_locale":"et_EE","og_type":"article","og_title":"HIOKI PW4001 v\u00f5imsusanal\u00fcsaator - AXIOMA MS","og_description":"Hioki PW4001 on kaasaskantav, suure t\u00e4psusega 4-kanaliline v\u00f5imsusanal\u00fcsaator, mis on m\u00f5eldud t\u00e4pseks v\u00f5imsuse m\u00f5\u00f5tmiseks paljudes rakendustes. See pakub Hioki k\u00f5rgeimat alalisvoolu t\u00e4psust \u00b10,04 %, mis tagab usaldusv\u00e4\u00e4rsed tulemused s\u00f5idukite v\u00f5imsuse testimisel, teadusuuringutes ja t\u00f6\u00f6stuskeskkondades. T\u00e4nu selle tugevale konstruktsioonile ja erakordsele t\u00e4psusele sobib see ideaalselt nii laboratooriumis kui ka kohapealsetes hindamistes. V\u00e4ljapaistev m\u00f5\u00f5tet\u00e4psus PW4001 on projekteeritud...","og_url":"https:\/\/www.axiomams.eu\/et\/produktas\/hioki-pw4001-voimsusanalusaator","og_site_name":"AXIOMA MS","article_publisher":"https:\/\/www.facebook.com\/AxiomaMS","article_modified_time":"2026-02-02T12:32:25+00:00","twitter_card":"summary_large_image","twitter_misc":{"Est. reading time":"1 minut"},"schema":{"@context":"https:\/\/schema.org","@graph":[{"@type":"WebPage","@id":"https:\/\/www.axiomams.eu\/et\/produktas\/hioki-pw4001-voimsusanalusaator","url":"https:\/\/www.axiomams.eu\/et\/produktas\/hioki-pw4001-voimsusanalusaator","name":"HIOKI PW4001 v\u00f5imsusanal\u00fcsaator - AXIOMA MS","isPartOf":{"@id":"https:\/\/www.axiomams.eu\/et#website"},"primaryImageOfPage":{"@id":"https:\/\/www.axiomams.eu\/et\/produktas\/hioki-pw4001-voimsusanalusaator#primaryimage"},"image":{"@id":"https:\/\/www.axiomams.eu\/et\/produktas\/hioki-pw4001-voimsusanalusaator#primaryimage"},"thumbnailUrl":"https:\/\/www.axiomams.eu\/wp-content\/uploads\/2026\/02\/4685-6195.jpg","datePublished":"2025-12-03T13:02:05+00:00","dateModified":"2026-02-02T12:32:25+00:00","breadcrumb":{"@id":"https:\/\/www.axiomams.eu\/et\/produktas\/hioki-pw4001-voimsusanalusaator#breadcrumb"},"inLanguage":"et","potentialAction":[{"@type":"ReadAction","target":["https:\/\/www.axiomams.eu\/et\/produktas\/hioki-pw4001-voimsusanalusaator"]}]},{"@type":"ImageObject","inLanguage":"et","@id":"https:\/\/www.axiomams.eu\/et\/produktas\/hioki-pw4001-voimsusanalusaator#primaryimage","url":"https:\/\/www.axiomams.eu\/wp-content\/uploads\/2026\/02\/4685-6195.jpg","contentUrl":"https:\/\/www.axiomams.eu\/wp-content\/uploads\/2026\/02\/4685-6195.jpg","width":1020,"height":1020},{"@type":"BreadcrumbList","@id":"https:\/\/www.axiomams.eu\/et\/produktas\/hioki-pw4001-voimsusanalusaator#breadcrumb","itemListElement":[{"@type":"ListItem","position":1,"name":"Home","item":"https:\/\/www.axiomams.eu\/et"},{"@type":"ListItem","position":2,"name":"Tooted","item":"https:\/\/www.axiomams.eu\/et\/tooted"},{"@type":"ListItem","position":3,"name":"HIOKI PW4001 v\u00f5imsusanal\u00fcsaator"}]},{"@type":"WebSite","@id":"https:\/\/www.axiomams.eu\/et#website","url":"https:\/\/www.axiomams.eu\/et","name":"AXIOMA MS","description":"Terrmovizoriai ir matavimo \u012franga","publisher":{"@id":"https:\/\/www.axiomams.eu\/et#organization"},"potentialAction":[{"@type":"SearchAction","target":{"@type":"EntryPoint","urlTemplate":"https:\/\/www.axiomams.eu\/et?s={search_term_string}"},"query-input":{"@type":"PropertyValueSpecification","valueRequired":true,"valueName":"search_term_string"}}],"inLanguage":"et"},{"@type":"Organization","@id":"https:\/\/www.axiomams.eu\/et#organization","name":"AXIOMA MS","url":"https:\/\/www.axiomams.eu\/et","logo":{"@type":"ImageObject","inLanguage":"et","@id":"https:\/\/www.axiomams.eu\/et#\/schema\/logo\/image\/","url":"https:\/\/www.axiomams.eu\/wp-content\/uploads\/2025\/06\/axioma-logo-2.png","contentUrl":"https:\/\/www.axiomams.eu\/wp-content\/uploads\/2025\/06\/axioma-logo-2.png","width":1200,"height":1200,"caption":"AXIOMA MS"},"image":{"@id":"https:\/\/www.axiomams.eu\/et#\/schema\/logo\/image\/"},"sameAs":["https:\/\/www.facebook.com\/AxiomaMS","https:\/\/www.linkedin.com\/company\/axiomams\/"]}]}},"_links":{"self":[{"href":"https:\/\/www.axiomams.eu\/et\/wp-json\/wp\/v2\/product\/43783","targetHints":{"allow":["GET"]}}],"collection":[{"href":"https:\/\/www.axiomams.eu\/et\/wp-json\/wp\/v2\/product"}],"about":[{"href":"https:\/\/www.axiomams.eu\/et\/wp-json\/wp\/v2\/types\/product"}],"replies":[{"embeddable":true,"href":"https:\/\/www.axiomams.eu\/et\/wp-json\/wp\/v2\/comments?post=43783"}],"wp:featuredmedia":[{"embeddable":true,"href":"https:\/\/www.axiomams.eu\/et\/wp-json\/wp\/v2\/media\/44121"}],"wp:attachment":[{"href":"https:\/\/www.axiomams.eu\/et\/wp-json\/wp\/v2\/media?parent=43783"}],"wp:term":[{"taxonomy":"product_brand","embeddable":true,"href":"https:\/\/www.axiomams.eu\/et\/wp-json\/wp\/v2\/product_brand?post=43783"},{"taxonomy":"product_cat","embeddable":true,"href":"https:\/\/www.axiomams.eu\/et\/wp-json\/wp\/v2\/product_cat?post=43783"},{"taxonomy":"product_tag","embeddable":true,"href":"https:\/\/www.axiomams.eu\/et\/wp-json\/wp\/v2\/product_tag?post=43783"}],"curies":[{"name":"wp","href":"https:\/\/api.w.org\/{rel}","templated":true}]}}