{"id":43803,"date":"2025-12-03T15:02:36","date_gmt":"2025-12-03T13:02:36","guid":{"rendered":"https:\/\/www.axiomams.eu\/produktas\/testo-termomeeter-0560-1113"},"modified":"2026-02-02T14:32:56","modified_gmt":"2026-02-02T12:32:56","slug":"testo-termomeeter-0560-1113","status":"publish","type":"product","link":"https:\/\/www.axiomams.eu\/et\/produktas\/testo-termomeeter-0560-1113","title":{"rendered":"Testo termomeeter (0560 1113)"},"content":{"rendered":"<p>Testo veekindel mini-sonditermomeeter on usaldusv\u00e4\u00e4rne vahend nii \u00f5hu- kui ka sisetemperatuuri t\u00e4pseks m\u00f5\u00f5tmiseks mitmes keskkonnas. See on m\u00f5eldud t\u00e4psuse ja mugavuse tagamiseks ning annab usaldusv\u00e4\u00e4rseid tulemusi nii professionaalsetes kui ka igap\u00e4evastes rakendustes.<\/p>\n<p><b>V\u00e4ga mitmek\u00fclgsed m\u00f5\u00f5tmisv\u00f5imalused<\/b><br \/>\nSee kompaktne termomeeter m\u00f5\u00f5dab t\u00f5husalt nii vedelate, pehmete ja pulbriliste ainete sisetemperatuuri kui ka \u00fcmbritseva \u00f5hu temperatuuri. Selle vastupidav konstruktsioon tagab p\u00fcsiva t\u00f6\u00f6 k\u00f6\u00f6gis, laboratooriumides, tootmisrajatistes ja keskkonnakatsetes.<\/p>\n<p><b>Kergesti puhastatav ja praktiline disain<\/b><br \/>\nP\u00e4rast kasutamist saab minisondi termomeetrit loputada jooksva vee all v\u00f5i panna otse n\u00f5udepesumasinasse, et seda saaks h\u00f5lpsasti puhastada. Selle juurde kuulub tugev kaitsekott turvaliseks hoidmiseks ja integreeritud klamber, mis hoiab seda kindlalt taskus v\u00f5i riietuses, kui seda ei kasutata.<\/p>\n<p><b>K\u00f5rge v\u00e4\u00e4rtus taskukohase hinnaga<\/b><br \/>\nVaatamata oma kompaktsele suurusele ja madalale hinnale pakub see termomeeter erakordset j\u00f5udlust ja t\u00e4psust. See on m\u00f5eldud kasutajatele, kes vajavad usaldusv\u00e4\u00e4rseid temperatuurin\u00e4idud, ilma et nad peaksid tegema kompromisse kvaliteedi v\u00f5i vastupidavuse osas.<\/p>\n<p><b>Ideaalne paljude rakenduste jaoks<\/b><br \/>\n&#8211; Toiduainete, n\u00e4iteks liha v\u00f5i k\u00fcpsetiste temperatuuri kontrollimiseks<br \/>\n&#8211; Protsessi temperatuuride j\u00e4lgimine t\u00f6\u00f6stus- v\u00f5i tootmisseadmetes<br \/>\n&#8211; \u00d5hutemperatuuride m\u00f5\u00f5tmine HVAC-s\u00fcsteemides<br \/>\n&#8211; Temperatuuri kontrollimine aianduskeskustes v\u00f5i laborites<\/p>\n<p>Standardne komplekt: Testo veekindel mini-sonditermomeeter, kaitsekott, integreeritud klamber, kalibreerimisprotokoll.<\/p>\n<p><iframe loading=\"lazy\" width=\"560\" height=\"315\" src=\"https:\/\/www.youtube.com\/embed\/szc4Wkzfhms?si=f1x9J3iYmtX6kKF7\" title=\"YouTube videopleier\" frameborder=\"0\" allow=\"accelerometer; autoplay; clipboard-write; encrypted-media; gyroscope; picture-in-picture; web-share\" referrerpolicy=\"strict-origin-when-cross-origin\" allowfullscreen><\/iframe><\/p>\n<h3>Tehniline teave:<\/h3>\n<ul>\n<li><a href=\"https:\/\/axiomams.eu\/importer\/export\/attachments\/en\/testo-0560-1113.pdf\" target=\"_blank\">testo 0560 1113.pdf<\/a><\/li>\n<\/ul>\n","protected":false},"excerpt":{"rendered":"<p>Testo veekindel mini-sonditermomeeter on usaldusv\u00e4\u00e4rne vahend nii \u00f5hu- kui ka sisetemperatuuri t\u00e4pseks m\u00f5\u00f5tmiseks mitmes keskkonnas. See on m\u00f5eldud t\u00e4psuse ja mugavuse tagamiseks ning annab usaldusv\u00e4\u00e4rseid tulemusi nii professionaalsetes kui ka igap\u00e4evastes rakendustes. V\u00e4ga mitmek\u00fclgsed m\u00f5\u00f5tmisv\u00f5imalused See kompaktne termomeeter m\u00f5\u00f5dab t\u00f5husalt nii vedelate, pehmete ja pulbriliste ainete sisetemperatuuri kui ka \u00fcmbritseva \u00f5hu temperatuuri. Selle vastupidav konstruktsioon&#8230;<\/p>\n","protected":false},"featured_media":44124,"comment_status":"open","ping_status":"closed","template":"","meta":{"_acf_changed":false},"product_brand":[735],"product_cat":[17787],"product_tag":[],"class_list":{"0":"post-43803","1":"product","2":"type-product","3":"status-publish","4":"has-post-thumbnail","6":"product_brand-testo","7":"product_cat-temperatuuri-niiskuse-ja-rohu-mootmiseks","9":"first","10":"instock","11":"taxable","12":"shipping-taxable","13":"purchasable","14":"product-type-simple"},"acf":[],"yoast_head":"<!-- This site is optimized with the Yoast SEO plugin v27.0 - https:\/\/yoast.com\/product\/yoast-seo-wordpress\/ -->\n<title>Testo termomeeter (0560 1113) - AXIOMA MS<\/title>\n<meta name=\"robots\" content=\"index, follow, max-snippet:-1, max-image-preview:large, max-video-preview:-1\" \/>\n<link rel=\"canonical\" href=\"https:\/\/www.axiomams.eu\/et\/produktas\/testo-termomeeter-0560-1113\" \/>\n<meta property=\"og:locale\" content=\"et_EE\" \/>\n<meta property=\"og:type\" content=\"article\" \/>\n<meta property=\"og:title\" content=\"Testo termomeeter (0560 1113) - AXIOMA MS\" \/>\n<meta property=\"og:description\" content=\"Testo veekindel mini-sonditermomeeter on usaldusv\u00e4\u00e4rne vahend nii \u00f5hu- kui ka sisetemperatuuri t\u00e4pseks m\u00f5\u00f5tmiseks mitmes keskkonnas. See on m\u00f5eldud t\u00e4psuse ja mugavuse tagamiseks ning annab usaldusv\u00e4\u00e4rseid tulemusi nii professionaalsetes kui ka igap\u00e4evastes rakendustes. V\u00e4ga mitmek\u00fclgsed m\u00f5\u00f5tmisv\u00f5imalused See kompaktne termomeeter m\u00f5\u00f5dab t\u00f5husalt nii vedelate, pehmete ja pulbriliste ainete sisetemperatuuri kui ka \u00fcmbritseva \u00f5hu temperatuuri. Selle vastupidav konstruktsioon...\" \/>\n<meta property=\"og:url\" content=\"https:\/\/www.axiomams.eu\/et\/produktas\/testo-termomeeter-0560-1113\" \/>\n<meta property=\"og:site_name\" content=\"AXIOMA MS\" \/>\n<meta property=\"article:publisher\" content=\"https:\/\/www.facebook.com\/AxiomaMS\" \/>\n<meta property=\"article:modified_time\" content=\"2026-02-02T12:32:56+00:00\" \/>\n<meta name=\"twitter:card\" content=\"summary_large_image\" \/>\n<meta name=\"twitter:label1\" content=\"Est. reading time\" \/>\n\t<meta name=\"twitter:data1\" content=\"1 minut\" \/>\n<script type=\"application\/ld+json\" class=\"yoast-schema-graph\">{\"@context\":\"https:\/\/schema.org\",\"@graph\":[{\"@type\":\"WebPage\",\"@id\":\"https:\/\/www.axiomams.eu\/et\/produktas\/testo-termomeeter-0560-1113\",\"url\":\"https:\/\/www.axiomams.eu\/et\/produktas\/testo-termomeeter-0560-1113\",\"name\":\"Testo termomeeter (0560 1113) - AXIOMA MS\",\"isPartOf\":{\"@id\":\"https:\/\/www.axiomams.eu\/et#website\"},\"primaryImageOfPage\":{\"@id\":\"https:\/\/www.axiomams.eu\/et\/produktas\/testo-termomeeter-0560-1113#primaryimage\"},\"image\":{\"@id\":\"https:\/\/www.axiomams.eu\/et\/produktas\/testo-termomeeter-0560-1113#primaryimage\"},\"thumbnailUrl\":\"https:\/\/www.axiomams.eu\/wp-content\/uploads\/2026\/02\/4687-6197.jpg\",\"datePublished\":\"2025-12-03T13:02:36+00:00\",\"dateModified\":\"2026-02-02T12:32:56+00:00\",\"breadcrumb\":{\"@id\":\"https:\/\/www.axiomams.eu\/et\/produktas\/testo-termomeeter-0560-1113#breadcrumb\"},\"inLanguage\":\"et\",\"potentialAction\":[{\"@type\":\"ReadAction\",\"target\":[\"https:\/\/www.axiomams.eu\/et\/produktas\/testo-termomeeter-0560-1113\"]}]},{\"@type\":\"ImageObject\",\"inLanguage\":\"et\",\"@id\":\"https:\/\/www.axiomams.eu\/et\/produktas\/testo-termomeeter-0560-1113#primaryimage\",\"url\":\"https:\/\/www.axiomams.eu\/wp-content\/uploads\/2026\/02\/4687-6197.jpg\",\"contentUrl\":\"https:\/\/www.axiomams.eu\/wp-content\/uploads\/2026\/02\/4687-6197.jpg\",\"width\":800,\"height\":800},{\"@type\":\"BreadcrumbList\",\"@id\":\"https:\/\/www.axiomams.eu\/et\/produktas\/testo-termomeeter-0560-1113#breadcrumb\",\"itemListElement\":[{\"@type\":\"ListItem\",\"position\":1,\"name\":\"Home\",\"item\":\"https:\/\/www.axiomams.eu\/et\"},{\"@type\":\"ListItem\",\"position\":2,\"name\":\"Tooted\",\"item\":\"https:\/\/www.axiomams.eu\/et\/tooted\"},{\"@type\":\"ListItem\",\"position\":3,\"name\":\"Testo termomeeter (0560 1113)\"}]},{\"@type\":\"WebSite\",\"@id\":\"https:\/\/www.axiomams.eu\/et#website\",\"url\":\"https:\/\/www.axiomams.eu\/et\",\"name\":\"AXIOMA MS\",\"description\":\"Terrmovizoriai ir matavimo \u012franga\",\"publisher\":{\"@id\":\"https:\/\/www.axiomams.eu\/et#organization\"},\"potentialAction\":[{\"@type\":\"SearchAction\",\"target\":{\"@type\":\"EntryPoint\",\"urlTemplate\":\"https:\/\/www.axiomams.eu\/et?s={search_term_string}\"},\"query-input\":{\"@type\":\"PropertyValueSpecification\",\"valueRequired\":true,\"valueName\":\"search_term_string\"}}],\"inLanguage\":\"et\"},{\"@type\":\"Organization\",\"@id\":\"https:\/\/www.axiomams.eu\/et#organization\",\"name\":\"AXIOMA MS\",\"url\":\"https:\/\/www.axiomams.eu\/et\",\"logo\":{\"@type\":\"ImageObject\",\"inLanguage\":\"et\",\"@id\":\"https:\/\/www.axiomams.eu\/et#\/schema\/logo\/image\/\",\"url\":\"https:\/\/www.axiomams.eu\/wp-content\/uploads\/2025\/06\/axioma-logo-2.png\",\"contentUrl\":\"https:\/\/www.axiomams.eu\/wp-content\/uploads\/2025\/06\/axioma-logo-2.png\",\"width\":1200,\"height\":1200,\"caption\":\"AXIOMA MS\"},\"image\":{\"@id\":\"https:\/\/www.axiomams.eu\/et#\/schema\/logo\/image\/\"},\"sameAs\":[\"https:\/\/www.facebook.com\/AxiomaMS\",\"https:\/\/www.linkedin.com\/company\/axiomams\/\"]}]}<\/script>\n<!-- \/ Yoast SEO plugin. -->","yoast_head_json":{"title":"Testo termomeeter (0560 1113) - AXIOMA MS","robots":{"index":"index","follow":"follow","max-snippet":"max-snippet:-1","max-image-preview":"max-image-preview:large","max-video-preview":"max-video-preview:-1"},"canonical":"https:\/\/www.axiomams.eu\/et\/produktas\/testo-termomeeter-0560-1113","og_locale":"et_EE","og_type":"article","og_title":"Testo termomeeter (0560 1113) - AXIOMA MS","og_description":"Testo veekindel mini-sonditermomeeter on usaldusv\u00e4\u00e4rne vahend nii \u00f5hu- kui ka sisetemperatuuri t\u00e4pseks m\u00f5\u00f5tmiseks mitmes keskkonnas. See on m\u00f5eldud t\u00e4psuse ja mugavuse tagamiseks ning annab usaldusv\u00e4\u00e4rseid tulemusi nii professionaalsetes kui ka igap\u00e4evastes rakendustes. V\u00e4ga mitmek\u00fclgsed m\u00f5\u00f5tmisv\u00f5imalused See kompaktne termomeeter m\u00f5\u00f5dab t\u00f5husalt nii vedelate, pehmete ja pulbriliste ainete sisetemperatuuri kui ka \u00fcmbritseva \u00f5hu temperatuuri. Selle vastupidav konstruktsioon...","og_url":"https:\/\/www.axiomams.eu\/et\/produktas\/testo-termomeeter-0560-1113","og_site_name":"AXIOMA MS","article_publisher":"https:\/\/www.facebook.com\/AxiomaMS","article_modified_time":"2026-02-02T12:32:56+00:00","twitter_card":"summary_large_image","twitter_misc":{"Est. reading time":"1 minut"},"schema":{"@context":"https:\/\/schema.org","@graph":[{"@type":"WebPage","@id":"https:\/\/www.axiomams.eu\/et\/produktas\/testo-termomeeter-0560-1113","url":"https:\/\/www.axiomams.eu\/et\/produktas\/testo-termomeeter-0560-1113","name":"Testo termomeeter (0560 1113) - AXIOMA MS","isPartOf":{"@id":"https:\/\/www.axiomams.eu\/et#website"},"primaryImageOfPage":{"@id":"https:\/\/www.axiomams.eu\/et\/produktas\/testo-termomeeter-0560-1113#primaryimage"},"image":{"@id":"https:\/\/www.axiomams.eu\/et\/produktas\/testo-termomeeter-0560-1113#primaryimage"},"thumbnailUrl":"https:\/\/www.axiomams.eu\/wp-content\/uploads\/2026\/02\/4687-6197.jpg","datePublished":"2025-12-03T13:02:36+00:00","dateModified":"2026-02-02T12:32:56+00:00","breadcrumb":{"@id":"https:\/\/www.axiomams.eu\/et\/produktas\/testo-termomeeter-0560-1113#breadcrumb"},"inLanguage":"et","potentialAction":[{"@type":"ReadAction","target":["https:\/\/www.axiomams.eu\/et\/produktas\/testo-termomeeter-0560-1113"]}]},{"@type":"ImageObject","inLanguage":"et","@id":"https:\/\/www.axiomams.eu\/et\/produktas\/testo-termomeeter-0560-1113#primaryimage","url":"https:\/\/www.axiomams.eu\/wp-content\/uploads\/2026\/02\/4687-6197.jpg","contentUrl":"https:\/\/www.axiomams.eu\/wp-content\/uploads\/2026\/02\/4687-6197.jpg","width":800,"height":800},{"@type":"BreadcrumbList","@id":"https:\/\/www.axiomams.eu\/et\/produktas\/testo-termomeeter-0560-1113#breadcrumb","itemListElement":[{"@type":"ListItem","position":1,"name":"Home","item":"https:\/\/www.axiomams.eu\/et"},{"@type":"ListItem","position":2,"name":"Tooted","item":"https:\/\/www.axiomams.eu\/et\/tooted"},{"@type":"ListItem","position":3,"name":"Testo termomeeter (0560 1113)"}]},{"@type":"WebSite","@id":"https:\/\/www.axiomams.eu\/et#website","url":"https:\/\/www.axiomams.eu\/et","name":"AXIOMA MS","description":"Terrmovizoriai ir matavimo \u012franga","publisher":{"@id":"https:\/\/www.axiomams.eu\/et#organization"},"potentialAction":[{"@type":"SearchAction","target":{"@type":"EntryPoint","urlTemplate":"https:\/\/www.axiomams.eu\/et?s={search_term_string}"},"query-input":{"@type":"PropertyValueSpecification","valueRequired":true,"valueName":"search_term_string"}}],"inLanguage":"et"},{"@type":"Organization","@id":"https:\/\/www.axiomams.eu\/et#organization","name":"AXIOMA MS","url":"https:\/\/www.axiomams.eu\/et","logo":{"@type":"ImageObject","inLanguage":"et","@id":"https:\/\/www.axiomams.eu\/et#\/schema\/logo\/image\/","url":"https:\/\/www.axiomams.eu\/wp-content\/uploads\/2025\/06\/axioma-logo-2.png","contentUrl":"https:\/\/www.axiomams.eu\/wp-content\/uploads\/2025\/06\/axioma-logo-2.png","width":1200,"height":1200,"caption":"AXIOMA MS"},"image":{"@id":"https:\/\/www.axiomams.eu\/et#\/schema\/logo\/image\/"},"sameAs":["https:\/\/www.facebook.com\/AxiomaMS","https:\/\/www.linkedin.com\/company\/axiomams\/"]}]}},"_links":{"self":[{"href":"https:\/\/www.axiomams.eu\/et\/wp-json\/wp\/v2\/product\/43803","targetHints":{"allow":["GET"]}}],"collection":[{"href":"https:\/\/www.axiomams.eu\/et\/wp-json\/wp\/v2\/product"}],"about":[{"href":"https:\/\/www.axiomams.eu\/et\/wp-json\/wp\/v2\/types\/product"}],"replies":[{"embeddable":true,"href":"https:\/\/www.axiomams.eu\/et\/wp-json\/wp\/v2\/comments?post=43803"}],"wp:featuredmedia":[{"embeddable":true,"href":"https:\/\/www.axiomams.eu\/et\/wp-json\/wp\/v2\/media\/44124"}],"wp:attachment":[{"href":"https:\/\/www.axiomams.eu\/et\/wp-json\/wp\/v2\/media?parent=43803"}],"wp:term":[{"taxonomy":"product_brand","embeddable":true,"href":"https:\/\/www.axiomams.eu\/et\/wp-json\/wp\/v2\/product_brand?post=43803"},{"taxonomy":"product_cat","embeddable":true,"href":"https:\/\/www.axiomams.eu\/et\/wp-json\/wp\/v2\/product_cat?post=43803"},{"taxonomy":"product_tag","embeddable":true,"href":"https:\/\/www.axiomams.eu\/et\/wp-json\/wp\/v2\/product_tag?post=43803"}],"curies":[{"name":"wp","href":"https:\/\/api.w.org\/{rel}","templated":true}]}}