{"id":44517,"date":"2026-03-25T16:37:23","date_gmt":"2026-03-25T14:37:23","guid":{"rendered":"https:\/\/www.axiomams.eu\/produktas\/testo-174-h-bt-temperatuuri-ja-niiskuse-andmete-salvesti-0572-1743-01"},"modified":"2026-03-25T16:37:23","modified_gmt":"2026-03-25T14:37:23","slug":"testo-174-h-bt-temperatuuri-ja-niiskuse-andmete-salvesti-0572-1743-01","status":"publish","type":"product","link":"https:\/\/www.axiomams.eu\/et\/produktas\/testo-174-h-bt-temperatuuri-ja-niiskuse-andmete-salvesti-0572-1743-01","title":{"rendered":"Testo 174 H BT temperatuuri ja niiskuse andmete salvesti (0572 1743 01)"},"content":{"rendered":"<p>Testo 174 H BT mini temperatuuri- ja niiskusandmete salvesti on loodud tagamaks, et temperatuuri- ja niiskuspiiranguid ei \u00fcletataks. See tagab usaldusv\u00e4\u00e4rse ja pideva temperatuuri- ja niiskuse seire, mis aitab ettev\u00f5tetel j\u00e4rgida \u00f5iguslikke n\u00f5udeid ja sisemisi kvaliteedistandardeid. <\/p>\n<p>Usaldusv\u00e4\u00e4rne temperatuuri ja niiskuse j\u00e4lgimine ning andmete turvalisus<br \/>\ntesto 174 H BT suudab salvestada kuni 16 000 temperatuuri- ja niiskusm\u00f5\u00f5tmistulemust, tagades seega andmete pikaajalise s\u00e4ilitamise. Isegi kui aku t\u00fchjeneb v\u00f5i vahetatakse, j\u00e4\u00e4vad varem salvestatud andmed alles, tagades seega maksimaalse andmete turvalisuse. See integreeritud kaitse tagab pideva juurdep\u00e4\u00e4su olulistele andmetele auditeerimise ja kontrollimise ajal.  <\/p>\n<p>Suur ja selgelt loetav ekraan v\u00f5imaldab hetkega n\u00e4ha hetke temperatuuri. Samuti n\u00e4itab see selgelt, kui seatud piirid \u00fcletatakse, mist\u00f5ttu on v\u00f5imalik viivitamatult v\u00f5tta parandusmeetmeid. Sisseehitatud NTC-andur tagab k\u00f5rge m\u00f5\u00f5tet\u00e4psuse ja stabiilse t\u00f6\u00f6.  <\/p>\n<p>Lai m\u00f5\u00f5tevahemik ja kompaktne disain<br \/>\nM\u00f5\u00f5tevahemik -30 kuni +70 \u00b0C ja 0 % kuni 100 % suhteline \u00f5huniiskus v\u00f5imaldab seadet testo 174 H BT kasutada mitmesugustes valdkondades. Kompaktne disain v\u00f5imaldab seadet h\u00f5lpsasti kasutada peaaegu igas temperatuuri ja niiskuse j\u00e4lgimise keskkonnas: ladudes, transpordikonteinerites, k\u00fclmikutes v\u00f5i k\u00fclmhoones. <\/p>\n<p>Seade t\u00f6\u00f6tab usaldusv\u00e4\u00e4rselt isegi kuni -30 \u00b0C juures, mist\u00f5ttu sobib see suurep\u00e4raselt k\u00fclmketi j\u00e4lgimiseks ja jahutuss\u00fcsteemide kontrollimiseks.<\/p>\n<p>Tugev konstruktsioon IP65-kaitseklassiga<br \/>\ntesto 174 H BT on loodud t\u00f6\u00f6tamiseks rasketes tingimustes \u2013 selle korpusel on IP65-kaitseklass, mis kaitseb veepritsmete ja -voolude eest. Seet\u00f5ttu v\u00f5ib andmekoguja j\u00e4\u00e4da oma kohale isegi laoruumi puhastamise ajal, ilma et see kahjustuks. Tugev korpus tagab t\u00f6\u00f6kindluse t\u00f6\u00f6stuslikus keskkonnas.  <\/p>\n<p>Temperatuuri ja niiskuse andmete salvestusseade testo 174 H BT tagab t\u00e4pse m\u00f5\u00f5tmise, andmete turvalise salvestamise ja p\u00fcsiva kaitse, mist\u00f5ttu on see usaldusv\u00e4\u00e4rne lahendus professionaalseks temperatuuri ja niiskuse kontrolliks reguleeritavates ruumides.<\/p>\n<p>Komplekt: testo 174 H BT andmesalvesti, paigaldusraam, patareid, katseprotokoll.<\/p>\n<h3>Tehniline teave:<\/h3>\n<ul>\n<li><a href=\"https:\/\/axiomams.eu\/importer\/export\/attachments\/lt\/testo-174.pdf\" target=\"_blank\">testo 174.pdf<\/a><\/li>\n<\/ul>\n","protected":false},"excerpt":{"rendered":"<p>Testo 174 H BT mini temperatuuri- ja niiskusandmete salvesti on loodud tagamaks, et temperatuuri- ja niiskuspiiranguid ei \u00fcletataks. See tagab usaldusv\u00e4\u00e4rse ja pideva temperatuuri- ja niiskuse seire, mis aitab ettev\u00f5tetel j\u00e4rgida \u00f5iguslikke n\u00f5udeid ja sisemisi kvaliteedistandardeid. Usaldusv\u00e4\u00e4rne temperatuuri ja niiskuse j\u00e4lgimine ning andmete turvalisus testo 174 H BT suudab salvestada kuni 16 000 temperatuuri- ja&#8230;<\/p>\n","protected":false},"featured_media":44431,"comment_status":"open","ping_status":"closed","template":"","meta":{"_acf_changed":false},"product_brand":[735],"product_cat":[17791],"product_tag":[],"class_list":{"0":"post-44517","1":"product","2":"type-product","3":"status-publish","4":"has-post-thumbnail","6":"product_brand-testo","7":"product_cat-andmelogijad","9":"first","10":"instock","11":"taxable","12":"shipping-taxable","13":"purchasable","14":"product-type-simple"},"acf":[],"yoast_head":"<!-- This site is optimized with the Yoast SEO plugin v27.0 - https:\/\/yoast.com\/product\/yoast-seo-wordpress\/ -->\n<title>Testo 174 H BT temperatuuri ja niiskuse andmete salvesti (0572 1743 01) - AXIOMA MS<\/title>\n<meta name=\"robots\" content=\"index, follow, max-snippet:-1, max-image-preview:large, max-video-preview:-1\" \/>\n<link rel=\"canonical\" href=\"https:\/\/www.axiomams.eu\/et\/produktas\/testo-174-h-bt-temperatuuri-ja-niiskuse-andmete-salvesti-0572-1743-01\" \/>\n<meta property=\"og:locale\" content=\"et_EE\" \/>\n<meta property=\"og:type\" content=\"article\" \/>\n<meta property=\"og:title\" content=\"Testo 174 H BT temperatuuri ja niiskuse andmete salvesti (0572 1743 01) - AXIOMA MS\" \/>\n<meta property=\"og:description\" content=\"Testo 174 H BT mini temperatuuri- ja niiskusandmete salvesti on loodud tagamaks, et temperatuuri- ja niiskuspiiranguid ei \u00fcletataks. See tagab usaldusv\u00e4\u00e4rse ja pideva temperatuuri- ja niiskuse seire, mis aitab ettev\u00f5tetel j\u00e4rgida \u00f5iguslikke n\u00f5udeid ja sisemisi kvaliteedistandardeid. Usaldusv\u00e4\u00e4rne temperatuuri ja niiskuse j\u00e4lgimine ning andmete turvalisus testo 174 H BT suudab salvestada kuni 16 000 temperatuuri- ja...\" \/>\n<meta property=\"og:url\" content=\"https:\/\/www.axiomams.eu\/et\/produktas\/testo-174-h-bt-temperatuuri-ja-niiskuse-andmete-salvesti-0572-1743-01\" \/>\n<meta property=\"og:site_name\" content=\"AXIOMA MS\" \/>\n<meta property=\"article:publisher\" content=\"https:\/\/www.facebook.com\/AxiomaMS\" \/>\n<meta property=\"og:image\" content=\"https:\/\/www.axiomams.eu\/wp-content\/uploads\/2026\/03\/4724-6270.jpg\" \/>\n\t<meta property=\"og:image:width\" content=\"700\" \/>\n\t<meta property=\"og:image:height\" content=\"700\" \/>\n\t<meta property=\"og:image:type\" content=\"image\/jpeg\" \/>\n<meta name=\"twitter:card\" content=\"summary_large_image\" \/>\n<meta name=\"twitter:label1\" content=\"Est. reading time\" \/>\n\t<meta name=\"twitter:data1\" content=\"2 minut\" \/>\n<script type=\"application\/ld+json\" class=\"yoast-schema-graph\">{\"@context\":\"https:\/\/schema.org\",\"@graph\":[{\"@type\":\"WebPage\",\"@id\":\"https:\/\/www.axiomams.eu\/et\/produktas\/testo-174-h-bt-temperatuuri-ja-niiskuse-andmete-salvesti-0572-1743-01\",\"url\":\"https:\/\/www.axiomams.eu\/et\/produktas\/testo-174-h-bt-temperatuuri-ja-niiskuse-andmete-salvesti-0572-1743-01\",\"name\":\"Testo 174 H BT temperatuuri ja niiskuse andmete salvesti (0572 1743 01) - AXIOMA MS\",\"isPartOf\":{\"@id\":\"https:\/\/www.axiomams.eu\/et#website\"},\"primaryImageOfPage\":{\"@id\":\"https:\/\/www.axiomams.eu\/et\/produktas\/testo-174-h-bt-temperatuuri-ja-niiskuse-andmete-salvesti-0572-1743-01#primaryimage\"},\"image\":{\"@id\":\"https:\/\/www.axiomams.eu\/et\/produktas\/testo-174-h-bt-temperatuuri-ja-niiskuse-andmete-salvesti-0572-1743-01#primaryimage\"},\"thumbnailUrl\":\"https:\/\/www.axiomams.eu\/wp-content\/uploads\/2026\/03\/4724-6270.jpg\",\"datePublished\":\"2026-03-25T14:37:23+00:00\",\"breadcrumb\":{\"@id\":\"https:\/\/www.axiomams.eu\/et\/produktas\/testo-174-h-bt-temperatuuri-ja-niiskuse-andmete-salvesti-0572-1743-01#breadcrumb\"},\"inLanguage\":\"et\",\"potentialAction\":[{\"@type\":\"ReadAction\",\"target\":[\"https:\/\/www.axiomams.eu\/et\/produktas\/testo-174-h-bt-temperatuuri-ja-niiskuse-andmete-salvesti-0572-1743-01\"]}]},{\"@type\":\"ImageObject\",\"inLanguage\":\"et\",\"@id\":\"https:\/\/www.axiomams.eu\/et\/produktas\/testo-174-h-bt-temperatuuri-ja-niiskuse-andmete-salvesti-0572-1743-01#primaryimage\",\"url\":\"https:\/\/www.axiomams.eu\/wp-content\/uploads\/2026\/03\/4724-6270.jpg\",\"contentUrl\":\"https:\/\/www.axiomams.eu\/wp-content\/uploads\/2026\/03\/4724-6270.jpg\",\"width\":700,\"height\":700},{\"@type\":\"BreadcrumbList\",\"@id\":\"https:\/\/www.axiomams.eu\/et\/produktas\/testo-174-h-bt-temperatuuri-ja-niiskuse-andmete-salvesti-0572-1743-01#breadcrumb\",\"itemListElement\":[{\"@type\":\"ListItem\",\"position\":1,\"name\":\"Home\",\"item\":\"https:\/\/www.axiomams.eu\/et\"},{\"@type\":\"ListItem\",\"position\":2,\"name\":\"Tooted\",\"item\":\"https:\/\/www.axiomams.eu\/et\/tooted\"},{\"@type\":\"ListItem\",\"position\":3,\"name\":\"Testo 174 H BT temperatuuri ja niiskuse andmete salvesti (0572 1743 01)\"}]},{\"@type\":\"WebSite\",\"@id\":\"https:\/\/www.axiomams.eu\/et#website\",\"url\":\"https:\/\/www.axiomams.eu\/et\",\"name\":\"AXIOMA MS\",\"description\":\"\",\"publisher\":{\"@id\":\"https:\/\/www.axiomams.eu\/et#organization\"},\"potentialAction\":[{\"@type\":\"SearchAction\",\"target\":{\"@type\":\"EntryPoint\",\"urlTemplate\":\"https:\/\/www.axiomams.eu\/et?s={search_term_string}\"},\"query-input\":{\"@type\":\"PropertyValueSpecification\",\"valueRequired\":true,\"valueName\":\"search_term_string\"}}],\"inLanguage\":\"et\"},{\"@type\":\"Organization\",\"@id\":\"https:\/\/www.axiomams.eu\/et#organization\",\"name\":\"AXIOMA MS\",\"url\":\"https:\/\/www.axiomams.eu\/et\",\"logo\":{\"@type\":\"ImageObject\",\"inLanguage\":\"et\",\"@id\":\"https:\/\/www.axiomams.eu\/et#\/schema\/logo\/image\/\",\"url\":\"https:\/\/www.axiomams.eu\/wp-content\/uploads\/2025\/06\/axioma-logo-2.png\",\"contentUrl\":\"https:\/\/www.axiomams.eu\/wp-content\/uploads\/2025\/06\/axioma-logo-2.png\",\"width\":1200,\"height\":1200,\"caption\":\"AXIOMA MS\"},\"image\":{\"@id\":\"https:\/\/www.axiomams.eu\/et#\/schema\/logo\/image\/\"},\"sameAs\":[\"https:\/\/www.facebook.com\/AxiomaMS\",\"https:\/\/www.linkedin.com\/company\/axiomams\/\"]}]}<\/script>\n<!-- \/ Yoast SEO plugin. -->","yoast_head_json":{"title":"Testo 174 H BT temperatuuri ja niiskuse andmete salvesti (0572 1743 01) - AXIOMA MS","robots":{"index":"index","follow":"follow","max-snippet":"max-snippet:-1","max-image-preview":"max-image-preview:large","max-video-preview":"max-video-preview:-1"},"canonical":"https:\/\/www.axiomams.eu\/et\/produktas\/testo-174-h-bt-temperatuuri-ja-niiskuse-andmete-salvesti-0572-1743-01","og_locale":"et_EE","og_type":"article","og_title":"Testo 174 H BT temperatuuri ja niiskuse andmete salvesti (0572 1743 01) - AXIOMA MS","og_description":"Testo 174 H BT mini temperatuuri- ja niiskusandmete salvesti on loodud tagamaks, et temperatuuri- ja niiskuspiiranguid ei \u00fcletataks. See tagab usaldusv\u00e4\u00e4rse ja pideva temperatuuri- ja niiskuse seire, mis aitab ettev\u00f5tetel j\u00e4rgida \u00f5iguslikke n\u00f5udeid ja sisemisi kvaliteedistandardeid. Usaldusv\u00e4\u00e4rne temperatuuri ja niiskuse j\u00e4lgimine ning andmete turvalisus testo 174 H BT suudab salvestada kuni 16 000 temperatuuri- ja...","og_url":"https:\/\/www.axiomams.eu\/et\/produktas\/testo-174-h-bt-temperatuuri-ja-niiskuse-andmete-salvesti-0572-1743-01","og_site_name":"AXIOMA MS","article_publisher":"https:\/\/www.facebook.com\/AxiomaMS","og_image":[{"width":700,"height":700,"url":"https:\/\/www.axiomams.eu\/wp-content\/uploads\/2026\/03\/4724-6270.jpg","type":"image\/jpeg"}],"twitter_card":"summary_large_image","twitter_misc":{"Est. reading time":"2 minut"},"schema":{"@context":"https:\/\/schema.org","@graph":[{"@type":"WebPage","@id":"https:\/\/www.axiomams.eu\/et\/produktas\/testo-174-h-bt-temperatuuri-ja-niiskuse-andmete-salvesti-0572-1743-01","url":"https:\/\/www.axiomams.eu\/et\/produktas\/testo-174-h-bt-temperatuuri-ja-niiskuse-andmete-salvesti-0572-1743-01","name":"Testo 174 H BT temperatuuri ja niiskuse andmete salvesti (0572 1743 01) - AXIOMA MS","isPartOf":{"@id":"https:\/\/www.axiomams.eu\/et#website"},"primaryImageOfPage":{"@id":"https:\/\/www.axiomams.eu\/et\/produktas\/testo-174-h-bt-temperatuuri-ja-niiskuse-andmete-salvesti-0572-1743-01#primaryimage"},"image":{"@id":"https:\/\/www.axiomams.eu\/et\/produktas\/testo-174-h-bt-temperatuuri-ja-niiskuse-andmete-salvesti-0572-1743-01#primaryimage"},"thumbnailUrl":"https:\/\/www.axiomams.eu\/wp-content\/uploads\/2026\/03\/4724-6270.jpg","datePublished":"2026-03-25T14:37:23+00:00","breadcrumb":{"@id":"https:\/\/www.axiomams.eu\/et\/produktas\/testo-174-h-bt-temperatuuri-ja-niiskuse-andmete-salvesti-0572-1743-01#breadcrumb"},"inLanguage":"et","potentialAction":[{"@type":"ReadAction","target":["https:\/\/www.axiomams.eu\/et\/produktas\/testo-174-h-bt-temperatuuri-ja-niiskuse-andmete-salvesti-0572-1743-01"]}]},{"@type":"ImageObject","inLanguage":"et","@id":"https:\/\/www.axiomams.eu\/et\/produktas\/testo-174-h-bt-temperatuuri-ja-niiskuse-andmete-salvesti-0572-1743-01#primaryimage","url":"https:\/\/www.axiomams.eu\/wp-content\/uploads\/2026\/03\/4724-6270.jpg","contentUrl":"https:\/\/www.axiomams.eu\/wp-content\/uploads\/2026\/03\/4724-6270.jpg","width":700,"height":700},{"@type":"BreadcrumbList","@id":"https:\/\/www.axiomams.eu\/et\/produktas\/testo-174-h-bt-temperatuuri-ja-niiskuse-andmete-salvesti-0572-1743-01#breadcrumb","itemListElement":[{"@type":"ListItem","position":1,"name":"Home","item":"https:\/\/www.axiomams.eu\/et"},{"@type":"ListItem","position":2,"name":"Tooted","item":"https:\/\/www.axiomams.eu\/et\/tooted"},{"@type":"ListItem","position":3,"name":"Testo 174 H BT temperatuuri ja niiskuse andmete salvesti (0572 1743 01)"}]},{"@type":"WebSite","@id":"https:\/\/www.axiomams.eu\/et#website","url":"https:\/\/www.axiomams.eu\/et","name":"AXIOMA MS","description":"","publisher":{"@id":"https:\/\/www.axiomams.eu\/et#organization"},"potentialAction":[{"@type":"SearchAction","target":{"@type":"EntryPoint","urlTemplate":"https:\/\/www.axiomams.eu\/et?s={search_term_string}"},"query-input":{"@type":"PropertyValueSpecification","valueRequired":true,"valueName":"search_term_string"}}],"inLanguage":"et"},{"@type":"Organization","@id":"https:\/\/www.axiomams.eu\/et#organization","name":"AXIOMA MS","url":"https:\/\/www.axiomams.eu\/et","logo":{"@type":"ImageObject","inLanguage":"et","@id":"https:\/\/www.axiomams.eu\/et#\/schema\/logo\/image\/","url":"https:\/\/www.axiomams.eu\/wp-content\/uploads\/2025\/06\/axioma-logo-2.png","contentUrl":"https:\/\/www.axiomams.eu\/wp-content\/uploads\/2025\/06\/axioma-logo-2.png","width":1200,"height":1200,"caption":"AXIOMA MS"},"image":{"@id":"https:\/\/www.axiomams.eu\/et#\/schema\/logo\/image\/"},"sameAs":["https:\/\/www.facebook.com\/AxiomaMS","https:\/\/www.linkedin.com\/company\/axiomams\/"]}]}},"_links":{"self":[{"href":"https:\/\/www.axiomams.eu\/et\/wp-json\/wp\/v2\/product\/44517","targetHints":{"allow":["GET"]}}],"collection":[{"href":"https:\/\/www.axiomams.eu\/et\/wp-json\/wp\/v2\/product"}],"about":[{"href":"https:\/\/www.axiomams.eu\/et\/wp-json\/wp\/v2\/types\/product"}],"replies":[{"embeddable":true,"href":"https:\/\/www.axiomams.eu\/et\/wp-json\/wp\/v2\/comments?post=44517"}],"wp:featuredmedia":[{"embeddable":true,"href":"https:\/\/www.axiomams.eu\/et\/wp-json\/wp\/v2\/media\/44431"}],"wp:attachment":[{"href":"https:\/\/www.axiomams.eu\/et\/wp-json\/wp\/v2\/media?parent=44517"}],"wp:term":[{"taxonomy":"product_brand","embeddable":true,"href":"https:\/\/www.axiomams.eu\/et\/wp-json\/wp\/v2\/product_brand?post=44517"},{"taxonomy":"product_cat","embeddable":true,"href":"https:\/\/www.axiomams.eu\/et\/wp-json\/wp\/v2\/product_cat?post=44517"},{"taxonomy":"product_tag","embeddable":true,"href":"https:\/\/www.axiomams.eu\/et\/wp-json\/wp\/v2\/product_tag?post=44517"}],"curies":[{"name":"wp","href":"https:\/\/api.w.org\/{rel}","templated":true}]}}