{"id":44522,"date":"2025-12-23T01:00:27","date_gmt":"2025-12-22T23:00:27","guid":{"rendered":"https:\/\/www.axiomams.eu\/produktas\/elcometer-456-a456cfnfsi1-pinnakatte-paksuse-mootur"},"modified":"2026-04-27T01:00:21","modified_gmt":"2026-04-26T23:00:21","slug":"elcometer-456-a456cfnfsi1-pinnakatte-paksuse-mootur","status":"publish","type":"product","link":"https:\/\/www.axiomams.eu\/et\/produktas\/elcometer-456-a456cfnfsi1-pinnakatte-paksuse-mootur","title":{"rendered":"Elcometer Elcometer 456 &#8211; A456CFNFSI1"},"content":{"rendered":"<p>Elcometer 456 &#8211; dang\u0173 storio matuoklis. Tikslus ir patikimas, \u0161is matuoklis yra pritaikytas darbui nepalankiomis vidaus ir lauko s\u0105lygomis, o d\u0117ka kei\u010diam\u0173 jutikli\u0173, Elcometer 456 gali b\u016bti pritaikytas individualiems kiekvieno vartotojo poreikiams. I\u0161matuotus duomenis galite perkelti \u012f i\u0161man\u0173j\u012f \u012frengin\u012f naudodamiesi Bluetooth jungtimi arba kompiuter\u012f per USB kabel\u012f.<\/p>\n<p>Komplektacija: Elcometer A456CFNFSI1, kalibravimo rinkinys, dir\u017eelis ne\u0161iojimui ant rie\u0161o, apsauginis d\u0117klas, apsauginis gaubtas, baterijos, vartotojo instrukcija, USB kabelis, ElcoMaster programin\u0117 \u012franga.<\/p>\n<h3>Technin\u0117 informacija:<\/h3>\n<ul>\n<li><a href=\"https:\/\/axiomams.eu\/importer\/export\/attachments\/lt\/elcometer-456.pdf\" target=\"_blank\">Elcometer 456.pdf<\/a><\/li>\n<\/ul>\n","protected":false},"excerpt":{"rendered":"<p>Elcometer 456 &#8211; dang\u0173 storio matuoklis. Tikslus ir patikimas, \u0161is matuoklis yra pritaikytas darbui nepalankiomis vidaus ir lauko s\u0105lygomis, o d\u0117ka kei\u010diam\u0173 jutikli\u0173, Elcometer 456 gali b\u016bti pritaikytas individualiems kiekvieno vartotojo poreikiams. I\u0161matuotus duomenis galite perkelti \u012f i\u0161man\u0173j\u012f \u012frengin\u012f naudodamiesi Bluetooth jungtimi arba kompiuter\u012f per USB kabel\u012f. Komplektacija: Elcometer A456CFNFSI1, kalibravimo rinkinys, dir\u017eelis ne\u0161iojimui ant&#8230;<\/p>\n","protected":false},"featured_media":43507,"comment_status":"open","ping_status":"closed","template":"","meta":{"_acf_changed":false},"product_brand":[1120],"product_cat":[17814],"product_tag":[],"class_list":{"0":"post-44522","1":"product","2":"type-product","3":"status-publish","4":"has-post-thumbnail","6":"product_brand-elcometer","7":"product_cat-katte-ja-seina-paksuse-mootmiseks","9":"first","10":"instock","11":"taxable","12":"shipping-taxable","13":"purchasable","14":"product-type-simple"},"acf":[],"yoast_head":"<!-- This site is optimized with the Yoast SEO plugin v27.0 - https:\/\/yoast.com\/product\/yoast-seo-wordpress\/ -->\n<title>Elcometer Elcometer 456 - A456CFNFSI1 - AXIOMA MS<\/title>\n<meta name=\"robots\" content=\"index, follow, max-snippet:-1, max-image-preview:large, max-video-preview:-1\" \/>\n<link rel=\"canonical\" href=\"https:\/\/www.axiomams.eu\/et\/produktas\/elcometer-456-a456cfnfsi1-pinnakatte-paksuse-mootur\" \/>\n<meta property=\"og:locale\" content=\"et_EE\" \/>\n<meta property=\"og:type\" content=\"article\" \/>\n<meta property=\"og:title\" content=\"Elcometer Elcometer 456 - A456CFNFSI1 - AXIOMA MS\" \/>\n<meta property=\"og:description\" content=\"Elcometer 456 &#8211; dang\u0173 storio matuoklis. Tikslus ir patikimas, \u0161is matuoklis yra pritaikytas darbui nepalankiomis vidaus ir lauko s\u0105lygomis, o d\u0117ka kei\u010diam\u0173 jutikli\u0173, Elcometer 456 gali b\u016bti pritaikytas individualiems kiekvieno vartotojo poreikiams. I\u0161matuotus duomenis galite perkelti \u012f i\u0161man\u0173j\u012f \u012frengin\u012f naudodamiesi Bluetooth jungtimi arba kompiuter\u012f per USB kabel\u012f. Komplektacija: Elcometer A456CFNFSI1, kalibravimo rinkinys, dir\u017eelis ne\u0161iojimui ant...\" \/>\n<meta property=\"og:url\" content=\"https:\/\/www.axiomams.eu\/et\/produktas\/elcometer-456-a456cfnfsi1-pinnakatte-paksuse-mootur\" \/>\n<meta property=\"og:site_name\" content=\"AXIOMA MS\" \/>\n<meta property=\"article:publisher\" content=\"https:\/\/www.facebook.com\/AxiomaMS\" \/>\n<meta property=\"article:modified_time\" content=\"2026-04-26T23:00:21+00:00\" \/>\n<meta property=\"og:image\" content=\"https:\/\/www.axiomams.eu\/wp-content\/uploads\/2025\/12\/3556-4831.jpg\" \/>\n\t<meta property=\"og:image:width\" content=\"1000\" \/>\n\t<meta property=\"og:image:height\" content=\"909\" \/>\n\t<meta property=\"og:image:type\" content=\"image\/jpeg\" \/>\n<meta name=\"twitter:card\" content=\"summary_large_image\" \/>\n<script type=\"application\/ld+json\" class=\"yoast-schema-graph\">{\"@context\":\"https:\/\/schema.org\",\"@graph\":[{\"@type\":\"WebPage\",\"@id\":\"https:\/\/www.axiomams.eu\/et\/produktas\/elcometer-456-a456cfnfsi1-pinnakatte-paksuse-mootur\",\"url\":\"https:\/\/www.axiomams.eu\/et\/produktas\/elcometer-456-a456cfnfsi1-pinnakatte-paksuse-mootur\",\"name\":\"Elcometer Elcometer 456 - A456CFNFSI1 - AXIOMA MS\",\"isPartOf\":{\"@id\":\"https:\/\/www.axiomams.eu\/et#website\"},\"primaryImageOfPage\":{\"@id\":\"https:\/\/www.axiomams.eu\/et\/produktas\/elcometer-456-a456cfnfsi1-pinnakatte-paksuse-mootur#primaryimage\"},\"image\":{\"@id\":\"https:\/\/www.axiomams.eu\/et\/produktas\/elcometer-456-a456cfnfsi1-pinnakatte-paksuse-mootur#primaryimage\"},\"thumbnailUrl\":\"https:\/\/www.axiomams.eu\/wp-content\/uploads\/2025\/12\/3556-4831.jpg\",\"datePublished\":\"2025-12-22T23:00:27+00:00\",\"dateModified\":\"2026-04-26T23:00:21+00:00\",\"breadcrumb\":{\"@id\":\"https:\/\/www.axiomams.eu\/et\/produktas\/elcometer-456-a456cfnfsi1-pinnakatte-paksuse-mootur#breadcrumb\"},\"inLanguage\":\"et\",\"potentialAction\":[{\"@type\":\"ReadAction\",\"target\":[\"https:\/\/www.axiomams.eu\/et\/produktas\/elcometer-456-a456cfnfsi1-pinnakatte-paksuse-mootur\"]}]},{\"@type\":\"ImageObject\",\"inLanguage\":\"et\",\"@id\":\"https:\/\/www.axiomams.eu\/et\/produktas\/elcometer-456-a456cfnfsi1-pinnakatte-paksuse-mootur#primaryimage\",\"url\":\"https:\/\/www.axiomams.eu\/wp-content\/uploads\/2025\/12\/3556-4831.jpg\",\"contentUrl\":\"https:\/\/www.axiomams.eu\/wp-content\/uploads\/2025\/12\/3556-4831.jpg\",\"width\":1000,\"height\":909},{\"@type\":\"BreadcrumbList\",\"@id\":\"https:\/\/www.axiomams.eu\/et\/produktas\/elcometer-456-a456cfnfsi1-pinnakatte-paksuse-mootur#breadcrumb\",\"itemListElement\":[{\"@type\":\"ListItem\",\"position\":1,\"name\":\"Home\",\"item\":\"https:\/\/www.axiomams.eu\/et\"},{\"@type\":\"ListItem\",\"position\":2,\"name\":\"Tooted\",\"item\":\"https:\/\/www.axiomams.eu\/et\/tooted\"},{\"@type\":\"ListItem\",\"position\":3,\"name\":\"Elcometer Elcometer 456 &#8211; A456CFNFSI1\"}]},{\"@type\":\"WebSite\",\"@id\":\"https:\/\/www.axiomams.eu\/et#website\",\"url\":\"https:\/\/www.axiomams.eu\/et\",\"name\":\"AXIOMA MS\",\"description\":\"Terrmovizoriai ir matavimo \u012franga\",\"publisher\":{\"@id\":\"https:\/\/www.axiomams.eu\/et#organization\"},\"potentialAction\":[{\"@type\":\"SearchAction\",\"target\":{\"@type\":\"EntryPoint\",\"urlTemplate\":\"https:\/\/www.axiomams.eu\/et?s={search_term_string}\"},\"query-input\":{\"@type\":\"PropertyValueSpecification\",\"valueRequired\":true,\"valueName\":\"search_term_string\"}}],\"inLanguage\":\"et\"},{\"@type\":\"Organization\",\"@id\":\"https:\/\/www.axiomams.eu\/et#organization\",\"name\":\"AXIOMA MS\",\"url\":\"https:\/\/www.axiomams.eu\/et\",\"logo\":{\"@type\":\"ImageObject\",\"inLanguage\":\"et\",\"@id\":\"https:\/\/www.axiomams.eu\/et#\/schema\/logo\/image\/\",\"url\":\"https:\/\/www.axiomams.eu\/wp-content\/uploads\/2025\/06\/axioma-logo-2.png\",\"contentUrl\":\"https:\/\/www.axiomams.eu\/wp-content\/uploads\/2025\/06\/axioma-logo-2.png\",\"width\":1200,\"height\":1200,\"caption\":\"AXIOMA MS\"},\"image\":{\"@id\":\"https:\/\/www.axiomams.eu\/et#\/schema\/logo\/image\/\"},\"sameAs\":[\"https:\/\/www.facebook.com\/AxiomaMS\",\"https:\/\/www.linkedin.com\/company\/axiomams\/\"]}]}<\/script>\n<!-- \/ Yoast SEO plugin. -->","yoast_head_json":{"title":"Elcometer Elcometer 456 - A456CFNFSI1 - AXIOMA MS","robots":{"index":"index","follow":"follow","max-snippet":"max-snippet:-1","max-image-preview":"max-image-preview:large","max-video-preview":"max-video-preview:-1"},"canonical":"https:\/\/www.axiomams.eu\/et\/produktas\/elcometer-456-a456cfnfsi1-pinnakatte-paksuse-mootur","og_locale":"et_EE","og_type":"article","og_title":"Elcometer Elcometer 456 - A456CFNFSI1 - AXIOMA MS","og_description":"Elcometer 456 &#8211; dang\u0173 storio matuoklis. Tikslus ir patikimas, \u0161is matuoklis yra pritaikytas darbui nepalankiomis vidaus ir lauko s\u0105lygomis, o d\u0117ka kei\u010diam\u0173 jutikli\u0173, Elcometer 456 gali b\u016bti pritaikytas individualiems kiekvieno vartotojo poreikiams. I\u0161matuotus duomenis galite perkelti \u012f i\u0161man\u0173j\u012f \u012frengin\u012f naudodamiesi Bluetooth jungtimi arba kompiuter\u012f per USB kabel\u012f. Komplektacija: Elcometer A456CFNFSI1, kalibravimo rinkinys, dir\u017eelis ne\u0161iojimui ant...","og_url":"https:\/\/www.axiomams.eu\/et\/produktas\/elcometer-456-a456cfnfsi1-pinnakatte-paksuse-mootur","og_site_name":"AXIOMA MS","article_publisher":"https:\/\/www.facebook.com\/AxiomaMS","article_modified_time":"2026-04-26T23:00:21+00:00","og_image":[{"width":1000,"height":909,"url":"https:\/\/www.axiomams.eu\/wp-content\/uploads\/2025\/12\/3556-4831.jpg","type":"image\/jpeg"}],"twitter_card":"summary_large_image","schema":{"@context":"https:\/\/schema.org","@graph":[{"@type":"WebPage","@id":"https:\/\/www.axiomams.eu\/et\/produktas\/elcometer-456-a456cfnfsi1-pinnakatte-paksuse-mootur","url":"https:\/\/www.axiomams.eu\/et\/produktas\/elcometer-456-a456cfnfsi1-pinnakatte-paksuse-mootur","name":"Elcometer Elcometer 456 - A456CFNFSI1 - AXIOMA MS","isPartOf":{"@id":"https:\/\/www.axiomams.eu\/et#website"},"primaryImageOfPage":{"@id":"https:\/\/www.axiomams.eu\/et\/produktas\/elcometer-456-a456cfnfsi1-pinnakatte-paksuse-mootur#primaryimage"},"image":{"@id":"https:\/\/www.axiomams.eu\/et\/produktas\/elcometer-456-a456cfnfsi1-pinnakatte-paksuse-mootur#primaryimage"},"thumbnailUrl":"https:\/\/www.axiomams.eu\/wp-content\/uploads\/2025\/12\/3556-4831.jpg","datePublished":"2025-12-22T23:00:27+00:00","dateModified":"2026-04-26T23:00:21+00:00","breadcrumb":{"@id":"https:\/\/www.axiomams.eu\/et\/produktas\/elcometer-456-a456cfnfsi1-pinnakatte-paksuse-mootur#breadcrumb"},"inLanguage":"et","potentialAction":[{"@type":"ReadAction","target":["https:\/\/www.axiomams.eu\/et\/produktas\/elcometer-456-a456cfnfsi1-pinnakatte-paksuse-mootur"]}]},{"@type":"ImageObject","inLanguage":"et","@id":"https:\/\/www.axiomams.eu\/et\/produktas\/elcometer-456-a456cfnfsi1-pinnakatte-paksuse-mootur#primaryimage","url":"https:\/\/www.axiomams.eu\/wp-content\/uploads\/2025\/12\/3556-4831.jpg","contentUrl":"https:\/\/www.axiomams.eu\/wp-content\/uploads\/2025\/12\/3556-4831.jpg","width":1000,"height":909},{"@type":"BreadcrumbList","@id":"https:\/\/www.axiomams.eu\/et\/produktas\/elcometer-456-a456cfnfsi1-pinnakatte-paksuse-mootur#breadcrumb","itemListElement":[{"@type":"ListItem","position":1,"name":"Home","item":"https:\/\/www.axiomams.eu\/et"},{"@type":"ListItem","position":2,"name":"Tooted","item":"https:\/\/www.axiomams.eu\/et\/tooted"},{"@type":"ListItem","position":3,"name":"Elcometer Elcometer 456 &#8211; A456CFNFSI1"}]},{"@type":"WebSite","@id":"https:\/\/www.axiomams.eu\/et#website","url":"https:\/\/www.axiomams.eu\/et","name":"AXIOMA MS","description":"Terrmovizoriai ir matavimo \u012franga","publisher":{"@id":"https:\/\/www.axiomams.eu\/et#organization"},"potentialAction":[{"@type":"SearchAction","target":{"@type":"EntryPoint","urlTemplate":"https:\/\/www.axiomams.eu\/et?s={search_term_string}"},"query-input":{"@type":"PropertyValueSpecification","valueRequired":true,"valueName":"search_term_string"}}],"inLanguage":"et"},{"@type":"Organization","@id":"https:\/\/www.axiomams.eu\/et#organization","name":"AXIOMA MS","url":"https:\/\/www.axiomams.eu\/et","logo":{"@type":"ImageObject","inLanguage":"et","@id":"https:\/\/www.axiomams.eu\/et#\/schema\/logo\/image\/","url":"https:\/\/www.axiomams.eu\/wp-content\/uploads\/2025\/06\/axioma-logo-2.png","contentUrl":"https:\/\/www.axiomams.eu\/wp-content\/uploads\/2025\/06\/axioma-logo-2.png","width":1200,"height":1200,"caption":"AXIOMA MS"},"image":{"@id":"https:\/\/www.axiomams.eu\/et#\/schema\/logo\/image\/"},"sameAs":["https:\/\/www.facebook.com\/AxiomaMS","https:\/\/www.linkedin.com\/company\/axiomams\/"]}]}},"_links":{"self":[{"href":"https:\/\/www.axiomams.eu\/et\/wp-json\/wp\/v2\/product\/44522","targetHints":{"allow":["GET"]}}],"collection":[{"href":"https:\/\/www.axiomams.eu\/et\/wp-json\/wp\/v2\/product"}],"about":[{"href":"https:\/\/www.axiomams.eu\/et\/wp-json\/wp\/v2\/types\/product"}],"replies":[{"embeddable":true,"href":"https:\/\/www.axiomams.eu\/et\/wp-json\/wp\/v2\/comments?post=44522"}],"wp:featuredmedia":[{"embeddable":true,"href":"https:\/\/www.axiomams.eu\/et\/wp-json\/wp\/v2\/media\/43507"}],"wp:attachment":[{"href":"https:\/\/www.axiomams.eu\/et\/wp-json\/wp\/v2\/media?parent=44522"}],"wp:term":[{"taxonomy":"product_brand","embeddable":true,"href":"https:\/\/www.axiomams.eu\/et\/wp-json\/wp\/v2\/product_brand?post=44522"},{"taxonomy":"product_cat","embeddable":true,"href":"https:\/\/www.axiomams.eu\/et\/wp-json\/wp\/v2\/product_cat?post=44522"},{"taxonomy":"product_tag","embeddable":true,"href":"https:\/\/www.axiomams.eu\/et\/wp-json\/wp\/v2\/product_tag?post=44522"}],"curies":[{"name":"wp","href":"https:\/\/api.w.org\/{rel}","templated":true}]}}