{"id":44538,"date":"2026-01-26T13:24:17","date_gmt":"2026-01-26T11:24:17","guid":{"rendered":"https:\/\/www.axiomams.eu\/produktas\/metrel-mi-2992-vorgu-kvaliteedi-analusaator-ad-komplekt"},"modified":"2026-01-26T13:24:17","modified_gmt":"2026-01-26T11:24:17","slug":"metrel-mi-2992-vorgu-kvaliteedi-analusaator-ad-komplekt","status":"publish","type":"product","link":"https:\/\/www.axiomams.eu\/et\/produktas\/metrel-mi-2992-vorgu-kvaliteedi-analusaator-ad-komplekt","title":{"rendered":"Metrel MI 2992 v\u00f5rgu kvaliteedi anal\u00fcsaator (AD komplekt)"},"content":{"rendered":"<p>Metrel MI 2992 v\u00f5imsusanal\u00fcsaator on kaasaskantav seade, mis on m\u00f5eldud kolmefaasilise elektrienergia kvaliteedi t\u00e4pseks hindamiseks. Seadmel on suur 10,1-tolline TFT-v\u00e4rviline puutetundlik ekraan, mis tagab selge pildi ja mugava juhtimise, mist\u00f5ttu sobib seade suurep\u00e4raselt nii objektil t\u00f6\u00f6tamiseks kui ka katsetusteks kontrollitud keskkonnas. Anal\u00fcsaator toetab laia valikut elektrienergia jaotuss\u00fcsteemide konfiguratsioone, mist\u00f5ttu kohandub h\u00f5lpsasti erinevate m\u00f5\u00f5tmistsenaariumidega.  <\/p>\n<p>Mugav juhtimine ja lihtne t\u00f6\u00f6valmistus<br \/>\nIntegreeritud samm-sammuline juhend viib kasutaja l\u00e4bi m\u00f5\u00f5tmisprotsessi ja v\u00f5imaldab kiiresti m\u00e4\u00e4rata kindlaks elektrienergia kvaliteedi parameetrid ilma keeruliste seadistamisprotseduurideta. Selline juhtimisp\u00f5him\u00f5te aitab l\u00fchendada ettevalmistusaega ja tagab j\u00e4rjepidevad ning usaldusv\u00e4\u00e4rsed tulemused isegi keerulistes m\u00f5\u00f5tmistingimustes. <\/p>\n<p>M\u0113r\u012b\u0161ana, re\u0123istr\u0113\u0161ana un k\u013c\u016bdu mekl\u0113\u0161ana<br \/>\nIer\u012bce ir paredz\u0113ta gan nep\u0101rtrauktai ilgtermi\u0146a datu re\u0123istr\u0113\u0161anai, gan prec\u012bzai k\u013c\u016bdu noteik\u0161anai. Tas re\u0123istr\u0113 re\u0101llaika m\u0113r\u012bjumu datus un vienlaikus saglab\u0101 ierakstus turpm\u0101kai anal\u012bzei. Lietot\u0101ji var apskat\u012bt detaliz\u0113tas tendences par visiem re\u0123istr\u0113tajiem parametriem, kas sniedz skaidru priek\u0161statu par sist\u0113mas darb\u012bbu un veiktsp\u0113ju ilg\u0101k\u0101 laika period\u0101.  <\/p>\n<p>Laiendatud anal\u00fc\u00fcsiv\u00f5imalused<br \/>\n\u00dcksikasjalikud anal\u00fc\u00fcsivahendid on k\u00e4ttesaadavad otse seadmes. Kasutajad saavad anal\u00fc\u00fcsida salvestatud s\u00fcndmusi, l\u00fchiajalisi h\u00e4ireid, j\u00e4rske pingemuutusi ja k\u00e4ivitusvoolu, ilma et andmeid oleks vaja mujale \u00fcle kanda. See kohapealne anal\u00fc\u00fcs v\u00f5imaldab kiiresti kindlaks teha elektrienergia kvaliteedi probleeme ja teha otsuseid otse t\u00f6\u00f6kohal.  <\/p>\n<p>Tarkvara integratsioon ja kaugjuurdep\u00e4\u00e4s<br \/>\nP\u00f5hjalikuma anal\u00fc\u00fcsi ja professionaalse dokumenteerimise jaoks m\u00f5eldud MPVision tarkvara toetab nii kohalikku kui ka kaugandmeedastust, automatiseeritud t\u00f6\u00f6tlemist ja struktureeritud aruannete koostamist. Kaugjuurdep\u00e4\u00e4s VNC Vieweri kaudu v\u00f5imaldab anal\u00fcsaatorit t\u00e4ielikult juhtida mis tahes arvutist, s\u00f5ltumata asukohast, suurendades seel\u00e4bi t\u00f6\u00f6 efektiivsust ja meeskonnat\u00f6\u00f6 v\u00f5imalusi. <\/p>\n<p>Komplekt: Metrel MI 2992 v\u00f5imsusanal\u00fcsaator, 4 tk 4x A 1502 painduvad mini-voolutangid, A 1778 m\u00f5\u00f5teotsikud, mustad, magnetotsikuga, A 1297 krokodillklamber, pruun, A 1013 krokodillklamber, must, A 1547 krokodillklamber, hall, A 1309 krokodillklamber, roheline, A 1310 krokodillklamber, sinine, A 1459 2 m m\u00f5\u00f5tekaablid (mustad, sinised, rohelised, pruunid, hallid), 2 m, 0,75 mm\u00b2, A 1354 temperatuuriandur, 2 tk. A 1811 m\u00f5\u00f5tekaablid, punased, 0,4 m, 0,75 mm\u00b2, CAT IV, A 1851 toitekaabel, C-t\u00fc\u00fcpi pistik 2 banaanipistikuga, A 1812 USB-kaabel C-t\u00fc\u00fcbist A-t\u00fc\u00fcbi, A 1767 UTP CAT5 Ethernet-kaabel, A 1776 k\u00f5va transportkohver, MPVision tarkvara, kasutusjuhend, kalibreerimissertifikaat.  <\/p>\n<p><iframe loading=\"lazy\" width=\"560\" height=\"315\" src=\"https:\/\/www.youtube.com\/embed\/bKgqs2tZCJ8?si=y2XgLNijcn5ltsSw\" title=\"YouTube video player\" frameborder=\"0\" allow=\"accelerometer; autoplay; clipboard-write; encrypted-media; gyroscope; picture-in-picture; web-share\" referrerpolicy=\"strict-origin-when-cross-origin\" allowfullscreen=\"\"><\/iframe><\/p>\n<h3>Tehniline teave:<\/h3>\n<ul>\n<li><a href=\"https:\/\/axiomams.eu\/importer\/export\/attachments\/lt\/metrel-mi-2992.pdf\" target=\"_blank\">Metrel MI 2992.pdf<\/a><\/li>\n<\/ul>\n","protected":false},"excerpt":{"rendered":"<p>Metrel MI 2992 v\u00f5imsusanal\u00fcsaator on kaasaskantav seade, mis on m\u00f5eldud kolmefaasilise elektrienergia kvaliteedi t\u00e4pseks hindamiseks. Seadmel on suur 10,1-tolline TFT-v\u00e4rviline puutetundlik ekraan, mis tagab selge pildi ja mugava juhtimise, mist\u00f5ttu sobib seade suurep\u00e4raselt nii objektil t\u00f6\u00f6tamiseks kui ka katsetusteks kontrollitud keskkonnas. Anal\u00fcsaator toetab laia valikut elektrienergia jaotuss\u00fcsteemide konfiguratsioone, mist\u00f5ttu kohandub h\u00f5lpsasti erinevate m\u00f5\u00f5tmistsenaariumidega. Mugav juhtimine&#8230;<\/p>\n","protected":false},"featured_media":43575,"comment_status":"open","ping_status":"closed","template":"","meta":{"_acf_changed":false},"product_brand":[732],"product_cat":[17780],"product_tag":[],"class_list":{"0":"post-44538","1":"product","2":"type-product","3":"status-publish","4":"has-post-thumbnail","6":"product_brand-metrel","7":"product_cat-elektrivorgu-analuus-ja-raamatupidamine","9":"first","10":"instock","11":"taxable","12":"shipping-taxable","13":"product-type-simple"},"acf":[],"yoast_head":"<!-- This site is optimized with the Yoast SEO plugin v27.0 - https:\/\/yoast.com\/product\/yoast-seo-wordpress\/ -->\n<title>Metrel MI 2992 v\u00f5rgu kvaliteedi anal\u00fcsaator (AD komplekt) - AXIOMA MS<\/title>\n<meta name=\"robots\" content=\"index, follow, max-snippet:-1, max-image-preview:large, max-video-preview:-1\" \/>\n<link rel=\"canonical\" href=\"https:\/\/www.axiomams.eu\/et\/produktas\/metrel-mi-2992-vorgu-kvaliteedi-analusaator-ad-komplekt\" \/>\n<meta property=\"og:locale\" content=\"et_EE\" \/>\n<meta property=\"og:type\" content=\"article\" \/>\n<meta property=\"og:title\" content=\"Metrel MI 2992 v\u00f5rgu kvaliteedi anal\u00fcsaator (AD komplekt) - AXIOMA MS\" \/>\n<meta property=\"og:description\" content=\"Metrel MI 2992 v\u00f5imsusanal\u00fcsaator on kaasaskantav seade, mis on m\u00f5eldud kolmefaasilise elektrienergia kvaliteedi t\u00e4pseks hindamiseks. Seadmel on suur 10,1-tolline TFT-v\u00e4rviline puutetundlik ekraan, mis tagab selge pildi ja mugava juhtimise, mist\u00f5ttu sobib seade suurep\u00e4raselt nii objektil t\u00f6\u00f6tamiseks kui ka katsetusteks kontrollitud keskkonnas. Anal\u00fcsaator toetab laia valikut elektrienergia jaotuss\u00fcsteemide konfiguratsioone, mist\u00f5ttu kohandub h\u00f5lpsasti erinevate m\u00f5\u00f5tmistsenaariumidega. Mugav juhtimine...\" \/>\n<meta property=\"og:url\" content=\"https:\/\/www.axiomams.eu\/et\/produktas\/metrel-mi-2992-vorgu-kvaliteedi-analusaator-ad-komplekt\" \/>\n<meta property=\"og:site_name\" content=\"AXIOMA MS\" \/>\n<meta property=\"article:publisher\" content=\"https:\/\/www.facebook.com\/AxiomaMS\" \/>\n<meta property=\"og:image\" content=\"https:\/\/www.axiomams.eu\/wp-content\/uploads\/2026\/02\/4700-6215.jpg\" \/>\n\t<meta property=\"og:image:width\" content=\"840\" \/>\n\t<meta property=\"og:image:height\" content=\"472\" \/>\n\t<meta property=\"og:image:type\" content=\"image\/jpeg\" \/>\n<meta name=\"twitter:card\" content=\"summary_large_image\" \/>\n<meta name=\"twitter:label1\" content=\"Est. reading time\" \/>\n\t<meta name=\"twitter:data1\" content=\"2 minut\" \/>\n<script type=\"application\/ld+json\" class=\"yoast-schema-graph\">{\"@context\":\"https:\/\/schema.org\",\"@graph\":[{\"@type\":\"WebPage\",\"@id\":\"https:\/\/www.axiomams.eu\/et\/produktas\/metrel-mi-2992-vorgu-kvaliteedi-analusaator-ad-komplekt\",\"url\":\"https:\/\/www.axiomams.eu\/et\/produktas\/metrel-mi-2992-vorgu-kvaliteedi-analusaator-ad-komplekt\",\"name\":\"Metrel MI 2992 v\u00f5rgu kvaliteedi anal\u00fcsaator (AD komplekt) - AXIOMA MS\",\"isPartOf\":{\"@id\":\"https:\/\/www.axiomams.eu\/et#website\"},\"primaryImageOfPage\":{\"@id\":\"https:\/\/www.axiomams.eu\/et\/produktas\/metrel-mi-2992-vorgu-kvaliteedi-analusaator-ad-komplekt#primaryimage\"},\"image\":{\"@id\":\"https:\/\/www.axiomams.eu\/et\/produktas\/metrel-mi-2992-vorgu-kvaliteedi-analusaator-ad-komplekt#primaryimage\"},\"thumbnailUrl\":\"https:\/\/www.axiomams.eu\/wp-content\/uploads\/2026\/02\/4700-6215.jpg\",\"datePublished\":\"2026-01-26T11:24:17+00:00\",\"breadcrumb\":{\"@id\":\"https:\/\/www.axiomams.eu\/et\/produktas\/metrel-mi-2992-vorgu-kvaliteedi-analusaator-ad-komplekt#breadcrumb\"},\"inLanguage\":\"et\",\"potentialAction\":[{\"@type\":\"ReadAction\",\"target\":[\"https:\/\/www.axiomams.eu\/et\/produktas\/metrel-mi-2992-vorgu-kvaliteedi-analusaator-ad-komplekt\"]}]},{\"@type\":\"ImageObject\",\"inLanguage\":\"et\",\"@id\":\"https:\/\/www.axiomams.eu\/et\/produktas\/metrel-mi-2992-vorgu-kvaliteedi-analusaator-ad-komplekt#primaryimage\",\"url\":\"https:\/\/www.axiomams.eu\/wp-content\/uploads\/2026\/02\/4700-6215.jpg\",\"contentUrl\":\"https:\/\/www.axiomams.eu\/wp-content\/uploads\/2026\/02\/4700-6215.jpg\",\"width\":840,\"height\":472},{\"@type\":\"BreadcrumbList\",\"@id\":\"https:\/\/www.axiomams.eu\/et\/produktas\/metrel-mi-2992-vorgu-kvaliteedi-analusaator-ad-komplekt#breadcrumb\",\"itemListElement\":[{\"@type\":\"ListItem\",\"position\":1,\"name\":\"Home\",\"item\":\"https:\/\/www.axiomams.eu\/et\"},{\"@type\":\"ListItem\",\"position\":2,\"name\":\"Tooted\",\"item\":\"https:\/\/www.axiomams.eu\/et\/tooted\"},{\"@type\":\"ListItem\",\"position\":3,\"name\":\"Metrel MI 2992 v\u00f5rgu kvaliteedi anal\u00fcsaator (AD komplekt)\"}]},{\"@type\":\"WebSite\",\"@id\":\"https:\/\/www.axiomams.eu\/et#website\",\"url\":\"https:\/\/www.axiomams.eu\/et\",\"name\":\"AXIOMA MS\",\"description\":\"\",\"publisher\":{\"@id\":\"https:\/\/www.axiomams.eu\/et#organization\"},\"potentialAction\":[{\"@type\":\"SearchAction\",\"target\":{\"@type\":\"EntryPoint\",\"urlTemplate\":\"https:\/\/www.axiomams.eu\/et?s={search_term_string}\"},\"query-input\":{\"@type\":\"PropertyValueSpecification\",\"valueRequired\":true,\"valueName\":\"search_term_string\"}}],\"inLanguage\":\"et\"},{\"@type\":\"Organization\",\"@id\":\"https:\/\/www.axiomams.eu\/et#organization\",\"name\":\"AXIOMA MS\",\"url\":\"https:\/\/www.axiomams.eu\/et\",\"logo\":{\"@type\":\"ImageObject\",\"inLanguage\":\"et\",\"@id\":\"https:\/\/www.axiomams.eu\/et#\/schema\/logo\/image\/\",\"url\":\"https:\/\/www.axiomams.eu\/wp-content\/uploads\/2025\/06\/axioma-logo-2.png\",\"contentUrl\":\"https:\/\/www.axiomams.eu\/wp-content\/uploads\/2025\/06\/axioma-logo-2.png\",\"width\":1200,\"height\":1200,\"caption\":\"AXIOMA MS\"},\"image\":{\"@id\":\"https:\/\/www.axiomams.eu\/et#\/schema\/logo\/image\/\"},\"sameAs\":[\"https:\/\/www.facebook.com\/AxiomaMS\",\"https:\/\/www.linkedin.com\/company\/axiomams\/\"]}]}<\/script>\n<!-- \/ Yoast SEO plugin. -->","yoast_head_json":{"title":"Metrel MI 2992 v\u00f5rgu kvaliteedi anal\u00fcsaator (AD komplekt) - AXIOMA MS","robots":{"index":"index","follow":"follow","max-snippet":"max-snippet:-1","max-image-preview":"max-image-preview:large","max-video-preview":"max-video-preview:-1"},"canonical":"https:\/\/www.axiomams.eu\/et\/produktas\/metrel-mi-2992-vorgu-kvaliteedi-analusaator-ad-komplekt","og_locale":"et_EE","og_type":"article","og_title":"Metrel MI 2992 v\u00f5rgu kvaliteedi anal\u00fcsaator (AD komplekt) - AXIOMA MS","og_description":"Metrel MI 2992 v\u00f5imsusanal\u00fcsaator on kaasaskantav seade, mis on m\u00f5eldud kolmefaasilise elektrienergia kvaliteedi t\u00e4pseks hindamiseks. Seadmel on suur 10,1-tolline TFT-v\u00e4rviline puutetundlik ekraan, mis tagab selge pildi ja mugava juhtimise, mist\u00f5ttu sobib seade suurep\u00e4raselt nii objektil t\u00f6\u00f6tamiseks kui ka katsetusteks kontrollitud keskkonnas. Anal\u00fcsaator toetab laia valikut elektrienergia jaotuss\u00fcsteemide konfiguratsioone, mist\u00f5ttu kohandub h\u00f5lpsasti erinevate m\u00f5\u00f5tmistsenaariumidega. Mugav juhtimine...","og_url":"https:\/\/www.axiomams.eu\/et\/produktas\/metrel-mi-2992-vorgu-kvaliteedi-analusaator-ad-komplekt","og_site_name":"AXIOMA MS","article_publisher":"https:\/\/www.facebook.com\/AxiomaMS","og_image":[{"width":840,"height":472,"url":"https:\/\/www.axiomams.eu\/wp-content\/uploads\/2026\/02\/4700-6215.jpg","type":"image\/jpeg"}],"twitter_card":"summary_large_image","twitter_misc":{"Est. reading time":"2 minut"},"schema":{"@context":"https:\/\/schema.org","@graph":[{"@type":"WebPage","@id":"https:\/\/www.axiomams.eu\/et\/produktas\/metrel-mi-2992-vorgu-kvaliteedi-analusaator-ad-komplekt","url":"https:\/\/www.axiomams.eu\/et\/produktas\/metrel-mi-2992-vorgu-kvaliteedi-analusaator-ad-komplekt","name":"Metrel MI 2992 v\u00f5rgu kvaliteedi anal\u00fcsaator (AD komplekt) - AXIOMA MS","isPartOf":{"@id":"https:\/\/www.axiomams.eu\/et#website"},"primaryImageOfPage":{"@id":"https:\/\/www.axiomams.eu\/et\/produktas\/metrel-mi-2992-vorgu-kvaliteedi-analusaator-ad-komplekt#primaryimage"},"image":{"@id":"https:\/\/www.axiomams.eu\/et\/produktas\/metrel-mi-2992-vorgu-kvaliteedi-analusaator-ad-komplekt#primaryimage"},"thumbnailUrl":"https:\/\/www.axiomams.eu\/wp-content\/uploads\/2026\/02\/4700-6215.jpg","datePublished":"2026-01-26T11:24:17+00:00","breadcrumb":{"@id":"https:\/\/www.axiomams.eu\/et\/produktas\/metrel-mi-2992-vorgu-kvaliteedi-analusaator-ad-komplekt#breadcrumb"},"inLanguage":"et","potentialAction":[{"@type":"ReadAction","target":["https:\/\/www.axiomams.eu\/et\/produktas\/metrel-mi-2992-vorgu-kvaliteedi-analusaator-ad-komplekt"]}]},{"@type":"ImageObject","inLanguage":"et","@id":"https:\/\/www.axiomams.eu\/et\/produktas\/metrel-mi-2992-vorgu-kvaliteedi-analusaator-ad-komplekt#primaryimage","url":"https:\/\/www.axiomams.eu\/wp-content\/uploads\/2026\/02\/4700-6215.jpg","contentUrl":"https:\/\/www.axiomams.eu\/wp-content\/uploads\/2026\/02\/4700-6215.jpg","width":840,"height":472},{"@type":"BreadcrumbList","@id":"https:\/\/www.axiomams.eu\/et\/produktas\/metrel-mi-2992-vorgu-kvaliteedi-analusaator-ad-komplekt#breadcrumb","itemListElement":[{"@type":"ListItem","position":1,"name":"Home","item":"https:\/\/www.axiomams.eu\/et"},{"@type":"ListItem","position":2,"name":"Tooted","item":"https:\/\/www.axiomams.eu\/et\/tooted"},{"@type":"ListItem","position":3,"name":"Metrel MI 2992 v\u00f5rgu kvaliteedi anal\u00fcsaator (AD komplekt)"}]},{"@type":"WebSite","@id":"https:\/\/www.axiomams.eu\/et#website","url":"https:\/\/www.axiomams.eu\/et","name":"AXIOMA MS","description":"","publisher":{"@id":"https:\/\/www.axiomams.eu\/et#organization"},"potentialAction":[{"@type":"SearchAction","target":{"@type":"EntryPoint","urlTemplate":"https:\/\/www.axiomams.eu\/et?s={search_term_string}"},"query-input":{"@type":"PropertyValueSpecification","valueRequired":true,"valueName":"search_term_string"}}],"inLanguage":"et"},{"@type":"Organization","@id":"https:\/\/www.axiomams.eu\/et#organization","name":"AXIOMA MS","url":"https:\/\/www.axiomams.eu\/et","logo":{"@type":"ImageObject","inLanguage":"et","@id":"https:\/\/www.axiomams.eu\/et#\/schema\/logo\/image\/","url":"https:\/\/www.axiomams.eu\/wp-content\/uploads\/2025\/06\/axioma-logo-2.png","contentUrl":"https:\/\/www.axiomams.eu\/wp-content\/uploads\/2025\/06\/axioma-logo-2.png","width":1200,"height":1200,"caption":"AXIOMA MS"},"image":{"@id":"https:\/\/www.axiomams.eu\/et#\/schema\/logo\/image\/"},"sameAs":["https:\/\/www.facebook.com\/AxiomaMS","https:\/\/www.linkedin.com\/company\/axiomams\/"]}]}},"_links":{"self":[{"href":"https:\/\/www.axiomams.eu\/et\/wp-json\/wp\/v2\/product\/44538","targetHints":{"allow":["GET"]}}],"collection":[{"href":"https:\/\/www.axiomams.eu\/et\/wp-json\/wp\/v2\/product"}],"about":[{"href":"https:\/\/www.axiomams.eu\/et\/wp-json\/wp\/v2\/types\/product"}],"replies":[{"embeddable":true,"href":"https:\/\/www.axiomams.eu\/et\/wp-json\/wp\/v2\/comments?post=44538"}],"wp:featuredmedia":[{"embeddable":true,"href":"https:\/\/www.axiomams.eu\/et\/wp-json\/wp\/v2\/media\/43575"}],"wp:attachment":[{"href":"https:\/\/www.axiomams.eu\/et\/wp-json\/wp\/v2\/media?parent=44538"}],"wp:term":[{"taxonomy":"product_brand","embeddable":true,"href":"https:\/\/www.axiomams.eu\/et\/wp-json\/wp\/v2\/product_brand?post=44538"},{"taxonomy":"product_cat","embeddable":true,"href":"https:\/\/www.axiomams.eu\/et\/wp-json\/wp\/v2\/product_cat?post=44538"},{"taxonomy":"product_tag","embeddable":true,"href":"https:\/\/www.axiomams.eu\/et\/wp-json\/wp\/v2\/product_tag?post=44538"}],"curies":[{"name":"wp","href":"https:\/\/api.w.org\/{rel}","templated":true}]}}