{"id":44557,"date":"2026-02-04T15:17:20","date_gmt":"2026-02-04T13:17:20","guid":{"rendered":"https:\/\/www.axiomams.eu\/produktas\/testo-558s-smart-vacuum-kit-kollektor-0564-5582"},"modified":"2026-02-04T15:17:20","modified_gmt":"2026-02-04T13:17:20","slug":"testo-558s-smart-vacuum-kit-kollektor-0564-5582","status":"publish","type":"product","link":"https:\/\/www.axiomams.eu\/et\/produktas\/testo-558s-smart-vacuum-kit-kollektor-0564-5582","title":{"rendered":"Testo 558s Smart Vacuum Kit kollektor (0564 5582)"},"content":{"rendered":"<p>testo 558s digitaalne andurikogumik \u2013 kasutatakse traadita m\u00f5\u00f5tmiste tegemiseks jahutus-, kliimaseadmete ja soojuspumpade s\u00fcsteemides. testo 558s \u00fchendub Bluetoothi kaudu traadita temperatuuri- ja vaakumanduritega ning pakub t\u00f5husat lahendust igap\u00e4evasteks hooldust\u00f6\u00f6deks. <\/p>\n<p>Kasutajas\u00f5bralik liides<br \/>\nSuure puutetundliku v\u00e4rviekraani t\u00f5ttu on teksti 558s kollektor intuitiivne ja mugav kasutada, mis lihtsustab seadistamist, kasutamist ja dokumenteerimist. Kindaid kandes saab men\u00fc\u00fcd juhtida ka nuppude abil. <\/p>\n<p>\u00dchildub k\u00f5igi tavaliste k\u00fclmutusainetega<br \/>\ntesto 558s \u00fchildub A3- ja A2L-klassi p\u00f5levate k\u00fclmutusainetega. Seadmel on \u00fcle 96 k\u00fclmutusaine andmebaasi, mist\u00f5ttu saavad kasutajad t\u00f6\u00f6tada k\u00f5igi tavaliste k\u00fclmutusainet\u00fc\u00fcpidega ja m\u00e4rkida lemmikud kiireks valikuks. <\/p>\n<p>Andmete t\u00f6\u00f6tlemine<br \/>\nKasutajad saavad eksportida m\u00f5\u00f5tmisandmeid ja koostada aruandeid otse testo Smart Appi kaudu, mist\u00f5ttu on v\u00f5imalik kogu dokumenteerimine teha t\u00f6\u00f6kohas.<\/p>\n<p>Laialdane kasutusala<br \/>\nTesto 558s kollektori abil on v\u00f5imalik teostada \u00fclekuumenemise, \u00fclejahutamise, tiheduse kontrolli, Delta T m\u00f5\u00f5tmisi, t\u00fchjendamist ja t\u00e4itmist. Laialdane liideste valik tagab sujuva ja t\u00f5husa t\u00f6\u00f6 k\u00fclmutusseadmetega. <\/p>\n<p>Usaldusv\u00e4\u00e4rne ja vastupidav<br \/>\nTugev korpus, millel on kaitseklass IP54, tagab pika kasutusaja ja usaldusv\u00e4\u00e4rse t\u00f6\u00f6 ka keerulistes t\u00f6\u00f6tingimustes.<\/p>\n<p>Andmebaasi uuendamine<br \/>\nTasuta 558s andmebaasi uuendused tagavad, et kollektori andmebaas j\u00e4\u00e4b uute t\u00f6\u00f6riistadega \u00fchilduvaks.<\/p>\n<p>Komplekt: testo 558s digitaalne andurikogumik, 2 x testo 115i juhtmeta klambriga termomeetrit, 1 x testo 552i juhtmeta vaakumandur, kandekott, USB-C-kaabel, testo Smart App, kalibreerimisprotokoll, kasutusjuhend.<\/p>\n<p><iframe loading=\"lazy\" width=\"560\" height=\"315\" src=\"https:\/\/www.youtube.com\/embed\/F1_2tzA0Mvc?si=mb-u8g_XJi452l0X\" title=\"YouTube video player\" frameborder=\"0\" allow=\"accelerometer; autoplay; clipboard-write; encrypted-media; gyroscope; picture-in-picture; web-share\" referrerpolicy=\"strict-origin-when-cross-origin\" allowfullscreen=\"\"><\/iframe><\/p>\n<h3>Tehniline teave:<\/h3>\n<ul>\n<li><a href=\"https:\/\/axiomams.eu\/importer\/export\/attachments\/lt\/testo-558s.pdf\" target=\"_blank\">testo 558s.pdf<\/a><\/li>\n<\/ul>\n","protected":false},"excerpt":{"rendered":"<p>testo 558s digitaalne andurikogumik \u2013 kasutatakse traadita m\u00f5\u00f5tmiste tegemiseks jahutus-, kliimaseadmete ja soojuspumpade s\u00fcsteemides. testo 558s \u00fchendub Bluetoothi kaudu traadita temperatuuri- ja vaakumanduritega ning pakub t\u00f5husat lahendust igap\u00e4evasteks hooldust\u00f6\u00f6deks. Kasutajas\u00f5bralik liides Suure puutetundliku v\u00e4rviekraani t\u00f5ttu on teksti 558s kollektor intuitiivne ja mugav kasutada, mis lihtsustab seadistamist, kasutamist ja dokumenteerimist. Kindaid kandes saab men\u00fc\u00fcd juhtida ka&#8230;<\/p>\n","protected":false},"featured_media":44555,"comment_status":"open","ping_status":"closed","template":"","meta":{"_acf_changed":false},"product_brand":[735],"product_cat":[17807,17861],"product_tag":[],"class_list":{"0":"post-44557","1":"product","2":"type-product","3":"status-publish","4":"has-post-thumbnail","6":"product_brand-testo","7":"product_cat-kutte-jahutus-ja-ventilatsiooniseadmete-hvac-ulevaatus","8":"product_cat-sildymo","10":"first","11":"instock","12":"featured","13":"taxable","14":"shipping-taxable","15":"purchasable","16":"product-type-simple"},"acf":[],"yoast_head":"<!-- This site is optimized with the Yoast SEO plugin v27.0 - https:\/\/yoast.com\/product\/yoast-seo-wordpress\/ -->\n<title>Testo 558s Smart Vacuum Kit kollektor (0564 5582) - AXIOMA MS<\/title>\n<meta name=\"robots\" content=\"index, follow, max-snippet:-1, max-image-preview:large, max-video-preview:-1\" \/>\n<link rel=\"canonical\" href=\"https:\/\/www.axiomams.eu\/et\/produktas\/testo-558s-smart-vacuum-kit-kollektor-0564-5582\" \/>\n<meta property=\"og:locale\" content=\"et_EE\" \/>\n<meta property=\"og:type\" content=\"article\" \/>\n<meta property=\"og:title\" content=\"Testo 558s Smart Vacuum Kit kollektor (0564 5582) - AXIOMA MS\" \/>\n<meta property=\"og:description\" content=\"testo 558s digitaalne andurikogumik \u2013 kasutatakse traadita m\u00f5\u00f5tmiste tegemiseks jahutus-, kliimaseadmete ja soojuspumpade s\u00fcsteemides. testo 558s \u00fchendub Bluetoothi kaudu traadita temperatuuri- ja vaakumanduritega ning pakub t\u00f5husat lahendust igap\u00e4evasteks hooldust\u00f6\u00f6deks. Kasutajas\u00f5bralik liides Suure puutetundliku v\u00e4rviekraani t\u00f5ttu on teksti 558s kollektor intuitiivne ja mugav kasutada, mis lihtsustab seadistamist, kasutamist ja dokumenteerimist. Kindaid kandes saab men\u00fc\u00fcd juhtida ka...\" \/>\n<meta property=\"og:url\" content=\"https:\/\/www.axiomams.eu\/et\/produktas\/testo-558s-smart-vacuum-kit-kollektor-0564-5582\" \/>\n<meta property=\"og:site_name\" content=\"AXIOMA MS\" \/>\n<meta property=\"article:publisher\" content=\"https:\/\/www.facebook.com\/AxiomaMS\" \/>\n<meta property=\"og:image\" content=\"https:\/\/www.axiomams.eu\/wp-content\/uploads\/2026\/02\/4693-6209.jpg\" \/>\n\t<meta property=\"og:image:width\" content=\"1056\" \/>\n\t<meta property=\"og:image:height\" content=\"800\" \/>\n\t<meta property=\"og:image:type\" content=\"image\/jpeg\" \/>\n<meta name=\"twitter:card\" content=\"summary_large_image\" \/>\n<meta name=\"twitter:label1\" content=\"Est. reading time\" \/>\n\t<meta name=\"twitter:data1\" content=\"1 minut\" \/>\n<script type=\"application\/ld+json\" class=\"yoast-schema-graph\">{\"@context\":\"https:\/\/schema.org\",\"@graph\":[{\"@type\":\"WebPage\",\"@id\":\"https:\/\/www.axiomams.eu\/et\/produktas\/testo-558s-smart-vacuum-kit-kollektor-0564-5582\",\"url\":\"https:\/\/www.axiomams.eu\/et\/produktas\/testo-558s-smart-vacuum-kit-kollektor-0564-5582\",\"name\":\"Testo 558s Smart Vacuum Kit kollektor (0564 5582) - AXIOMA MS\",\"isPartOf\":{\"@id\":\"https:\/\/www.axiomams.eu\/et#website\"},\"primaryImageOfPage\":{\"@id\":\"https:\/\/www.axiomams.eu\/et\/produktas\/testo-558s-smart-vacuum-kit-kollektor-0564-5582#primaryimage\"},\"image\":{\"@id\":\"https:\/\/www.axiomams.eu\/et\/produktas\/testo-558s-smart-vacuum-kit-kollektor-0564-5582#primaryimage\"},\"thumbnailUrl\":\"https:\/\/www.axiomams.eu\/wp-content\/uploads\/2026\/02\/4693-6209.jpg\",\"datePublished\":\"2026-02-04T13:17:20+00:00\",\"breadcrumb\":{\"@id\":\"https:\/\/www.axiomams.eu\/et\/produktas\/testo-558s-smart-vacuum-kit-kollektor-0564-5582#breadcrumb\"},\"inLanguage\":\"et\",\"potentialAction\":[{\"@type\":\"ReadAction\",\"target\":[\"https:\/\/www.axiomams.eu\/et\/produktas\/testo-558s-smart-vacuum-kit-kollektor-0564-5582\"]}]},{\"@type\":\"ImageObject\",\"inLanguage\":\"et\",\"@id\":\"https:\/\/www.axiomams.eu\/et\/produktas\/testo-558s-smart-vacuum-kit-kollektor-0564-5582#primaryimage\",\"url\":\"https:\/\/www.axiomams.eu\/wp-content\/uploads\/2026\/02\/4693-6209.jpg\",\"contentUrl\":\"https:\/\/www.axiomams.eu\/wp-content\/uploads\/2026\/02\/4693-6209.jpg\",\"width\":1056,\"height\":800},{\"@type\":\"BreadcrumbList\",\"@id\":\"https:\/\/www.axiomams.eu\/et\/produktas\/testo-558s-smart-vacuum-kit-kollektor-0564-5582#breadcrumb\",\"itemListElement\":[{\"@type\":\"ListItem\",\"position\":1,\"name\":\"Home\",\"item\":\"https:\/\/www.axiomams.eu\/et\"},{\"@type\":\"ListItem\",\"position\":2,\"name\":\"Tooted\",\"item\":\"https:\/\/www.axiomams.eu\/et\/tooted\"},{\"@type\":\"ListItem\",\"position\":3,\"name\":\"Testo 558s Smart Vacuum Kit kollektor (0564 5582)\"}]},{\"@type\":\"WebSite\",\"@id\":\"https:\/\/www.axiomams.eu\/et#website\",\"url\":\"https:\/\/www.axiomams.eu\/et\",\"name\":\"AXIOMA MS\",\"description\":\"Terrmovizoriai ir matavimo \u012franga\",\"publisher\":{\"@id\":\"https:\/\/www.axiomams.eu\/et#organization\"},\"potentialAction\":[{\"@type\":\"SearchAction\",\"target\":{\"@type\":\"EntryPoint\",\"urlTemplate\":\"https:\/\/www.axiomams.eu\/et?s={search_term_string}\"},\"query-input\":{\"@type\":\"PropertyValueSpecification\",\"valueRequired\":true,\"valueName\":\"search_term_string\"}}],\"inLanguage\":\"et\"},{\"@type\":\"Organization\",\"@id\":\"https:\/\/www.axiomams.eu\/et#organization\",\"name\":\"AXIOMA MS\",\"url\":\"https:\/\/www.axiomams.eu\/et\",\"logo\":{\"@type\":\"ImageObject\",\"inLanguage\":\"et\",\"@id\":\"https:\/\/www.axiomams.eu\/et#\/schema\/logo\/image\/\",\"url\":\"https:\/\/www.axiomams.eu\/wp-content\/uploads\/2025\/06\/axioma-logo-2.png\",\"contentUrl\":\"https:\/\/www.axiomams.eu\/wp-content\/uploads\/2025\/06\/axioma-logo-2.png\",\"width\":1200,\"height\":1200,\"caption\":\"AXIOMA MS\"},\"image\":{\"@id\":\"https:\/\/www.axiomams.eu\/et#\/schema\/logo\/image\/\"},\"sameAs\":[\"https:\/\/www.facebook.com\/AxiomaMS\",\"https:\/\/www.linkedin.com\/company\/axiomams\/\"]}]}<\/script>\n<!-- \/ Yoast SEO plugin. -->","yoast_head_json":{"title":"Testo 558s Smart Vacuum Kit kollektor (0564 5582) - AXIOMA MS","robots":{"index":"index","follow":"follow","max-snippet":"max-snippet:-1","max-image-preview":"max-image-preview:large","max-video-preview":"max-video-preview:-1"},"canonical":"https:\/\/www.axiomams.eu\/et\/produktas\/testo-558s-smart-vacuum-kit-kollektor-0564-5582","og_locale":"et_EE","og_type":"article","og_title":"Testo 558s Smart Vacuum Kit kollektor (0564 5582) - AXIOMA MS","og_description":"testo 558s digitaalne andurikogumik \u2013 kasutatakse traadita m\u00f5\u00f5tmiste tegemiseks jahutus-, kliimaseadmete ja soojuspumpade s\u00fcsteemides. testo 558s \u00fchendub Bluetoothi kaudu traadita temperatuuri- ja vaakumanduritega ning pakub t\u00f5husat lahendust igap\u00e4evasteks hooldust\u00f6\u00f6deks. Kasutajas\u00f5bralik liides Suure puutetundliku v\u00e4rviekraani t\u00f5ttu on teksti 558s kollektor intuitiivne ja mugav kasutada, mis lihtsustab seadistamist, kasutamist ja dokumenteerimist. Kindaid kandes saab men\u00fc\u00fcd juhtida ka...","og_url":"https:\/\/www.axiomams.eu\/et\/produktas\/testo-558s-smart-vacuum-kit-kollektor-0564-5582","og_site_name":"AXIOMA MS","article_publisher":"https:\/\/www.facebook.com\/AxiomaMS","og_image":[{"width":1056,"height":800,"url":"https:\/\/www.axiomams.eu\/wp-content\/uploads\/2026\/02\/4693-6209.jpg","type":"image\/jpeg"}],"twitter_card":"summary_large_image","twitter_misc":{"Est. reading time":"1 minut"},"schema":{"@context":"https:\/\/schema.org","@graph":[{"@type":"WebPage","@id":"https:\/\/www.axiomams.eu\/et\/produktas\/testo-558s-smart-vacuum-kit-kollektor-0564-5582","url":"https:\/\/www.axiomams.eu\/et\/produktas\/testo-558s-smart-vacuum-kit-kollektor-0564-5582","name":"Testo 558s Smart Vacuum Kit kollektor (0564 5582) - AXIOMA MS","isPartOf":{"@id":"https:\/\/www.axiomams.eu\/et#website"},"primaryImageOfPage":{"@id":"https:\/\/www.axiomams.eu\/et\/produktas\/testo-558s-smart-vacuum-kit-kollektor-0564-5582#primaryimage"},"image":{"@id":"https:\/\/www.axiomams.eu\/et\/produktas\/testo-558s-smart-vacuum-kit-kollektor-0564-5582#primaryimage"},"thumbnailUrl":"https:\/\/www.axiomams.eu\/wp-content\/uploads\/2026\/02\/4693-6209.jpg","datePublished":"2026-02-04T13:17:20+00:00","breadcrumb":{"@id":"https:\/\/www.axiomams.eu\/et\/produktas\/testo-558s-smart-vacuum-kit-kollektor-0564-5582#breadcrumb"},"inLanguage":"et","potentialAction":[{"@type":"ReadAction","target":["https:\/\/www.axiomams.eu\/et\/produktas\/testo-558s-smart-vacuum-kit-kollektor-0564-5582"]}]},{"@type":"ImageObject","inLanguage":"et","@id":"https:\/\/www.axiomams.eu\/et\/produktas\/testo-558s-smart-vacuum-kit-kollektor-0564-5582#primaryimage","url":"https:\/\/www.axiomams.eu\/wp-content\/uploads\/2026\/02\/4693-6209.jpg","contentUrl":"https:\/\/www.axiomams.eu\/wp-content\/uploads\/2026\/02\/4693-6209.jpg","width":1056,"height":800},{"@type":"BreadcrumbList","@id":"https:\/\/www.axiomams.eu\/et\/produktas\/testo-558s-smart-vacuum-kit-kollektor-0564-5582#breadcrumb","itemListElement":[{"@type":"ListItem","position":1,"name":"Home","item":"https:\/\/www.axiomams.eu\/et"},{"@type":"ListItem","position":2,"name":"Tooted","item":"https:\/\/www.axiomams.eu\/et\/tooted"},{"@type":"ListItem","position":3,"name":"Testo 558s Smart Vacuum Kit kollektor (0564 5582)"}]},{"@type":"WebSite","@id":"https:\/\/www.axiomams.eu\/et#website","url":"https:\/\/www.axiomams.eu\/et","name":"AXIOMA MS","description":"Terrmovizoriai ir matavimo \u012franga","publisher":{"@id":"https:\/\/www.axiomams.eu\/et#organization"},"potentialAction":[{"@type":"SearchAction","target":{"@type":"EntryPoint","urlTemplate":"https:\/\/www.axiomams.eu\/et?s={search_term_string}"},"query-input":{"@type":"PropertyValueSpecification","valueRequired":true,"valueName":"search_term_string"}}],"inLanguage":"et"},{"@type":"Organization","@id":"https:\/\/www.axiomams.eu\/et#organization","name":"AXIOMA MS","url":"https:\/\/www.axiomams.eu\/et","logo":{"@type":"ImageObject","inLanguage":"et","@id":"https:\/\/www.axiomams.eu\/et#\/schema\/logo\/image\/","url":"https:\/\/www.axiomams.eu\/wp-content\/uploads\/2025\/06\/axioma-logo-2.png","contentUrl":"https:\/\/www.axiomams.eu\/wp-content\/uploads\/2025\/06\/axioma-logo-2.png","width":1200,"height":1200,"caption":"AXIOMA MS"},"image":{"@id":"https:\/\/www.axiomams.eu\/et#\/schema\/logo\/image\/"},"sameAs":["https:\/\/www.facebook.com\/AxiomaMS","https:\/\/www.linkedin.com\/company\/axiomams\/"]}]}},"_links":{"self":[{"href":"https:\/\/www.axiomams.eu\/et\/wp-json\/wp\/v2\/product\/44557","targetHints":{"allow":["GET"]}}],"collection":[{"href":"https:\/\/www.axiomams.eu\/et\/wp-json\/wp\/v2\/product"}],"about":[{"href":"https:\/\/www.axiomams.eu\/et\/wp-json\/wp\/v2\/types\/product"}],"replies":[{"embeddable":true,"href":"https:\/\/www.axiomams.eu\/et\/wp-json\/wp\/v2\/comments?post=44557"}],"wp:featuredmedia":[{"embeddable":true,"href":"https:\/\/www.axiomams.eu\/et\/wp-json\/wp\/v2\/media\/44555"}],"wp:attachment":[{"href":"https:\/\/www.axiomams.eu\/et\/wp-json\/wp\/v2\/media?parent=44557"}],"wp:term":[{"taxonomy":"product_brand","embeddable":true,"href":"https:\/\/www.axiomams.eu\/et\/wp-json\/wp\/v2\/product_brand?post=44557"},{"taxonomy":"product_cat","embeddable":true,"href":"https:\/\/www.axiomams.eu\/et\/wp-json\/wp\/v2\/product_cat?post=44557"},{"taxonomy":"product_tag","embeddable":true,"href":"https:\/\/www.axiomams.eu\/et\/wp-json\/wp\/v2\/product_tag?post=44557"}],"curies":[{"name":"wp","href":"https:\/\/api.w.org\/{rel}","templated":true}]}}