{"id":44563,"date":"2026-02-04T15:16:22","date_gmt":"2026-02-04T13:16:22","guid":{"rendered":"https:\/\/www.axiomams.eu\/produktas\/pulsar-symbion-lrf-dxt50-soojuskaamera"},"modified":"2026-02-04T15:16:22","modified_gmt":"2026-02-04T13:16:22","slug":"pulsar-symbion-lrf-dxt50-soojuskaamera","status":"publish","type":"product","link":"https:\/\/www.axiomams.eu\/et\/produktas\/pulsar-symbion-lrf-dxt50-soojuskaamera","title":{"rendered":"Pulsar Symbion LRF DXT50 soojuskaamera"},"content":{"rendered":"<p>Pulsar DXT50 soojuskaamera on loodud kasutamiseks looduses. Symbion LRF DXT50 on varustatud k\u00f5rge eraldusv\u00f5imega 4K digitaalkaamera sensoriga koos tippklassi soojuskaamera sensoriga, mis tagab usaldusv\u00e4\u00e4rse toimimise p\u00e4evasel ajal, h\u00e4maras ja \u00f6\u00f6sel. See kahekanaliline s\u00fcsteem v\u00f5imaldab kasutajatel j\u00e4lgida maastikku, avastada soojusallikaid ja t\u00e4pselt identifitseerida objekte peaaegu igasugustes tingimustes.  <\/p>\n<p><iframe loading=\"lazy\" width=\"560\" height=\"315\" src=\"https:\/\/www.youtube.com\/embed\/iRnTgp7tPt4?si=j2I4mFWBxGqgHn8i\" title=\"YouTube video player\" frameborder=\"0\" allow=\"accelerometer; autoplay; clipboard-write; encrypted-media; gyroscope; picture-in-picture; web-share\" referrerpolicy=\"strict-origin-when-cross-origin\" allowfullscreen=\"\"><\/iframe><br \/>\nTermiline tuvastamine ja pildi stabiilsus<br \/>\nPulsar Symbion LRF DXT50 mudelil on HD 1280&#215;1024 termilise pildi eraldusv\u00f5ime, mis v\u00f5imaldab avastada isegi v\u00e4ikseid soojuse erinevusi erinevates ilmastiku- ja valgustingimustes. Elektrooniline pildistabilisaator v\u00e4hendab liikumisest tingitud udust ja kompenseerib k\u00e4te liikumist, s\u00e4ilitades stabiilse ja selge pildi isegi suurema suurenduse korral, reljeefi j\u00e4lgimisel v\u00f5i liikuvate objektide j\u00e4lgimisel. <\/p>\n<p><img decoding=\"async\" src=\"https:\/\/www.axiomams.eu\/wp-content\/uploads\/2026\/02\/4702-6220.jpg\" alt=\"Pulsar Symbion LRF DXT50 1\" style=\"width:560px;\"><\/p>\n<p>Integreeritud laserkaugusm\u00f5\u00f5tur<br \/>\nIntegreeritud laserkaugusm\u00f5\u00f5tur tagab kiire ja t\u00e4pse kauguste m\u00f5\u00f5tmise kuni 1 500 m kaugusele. Kasutajad saavad valida skaneerimis- v\u00f5i \u00fchekordse m\u00f5\u00f5tmise re\u017eiimi, et kiiresti hinnata kaugust ning kindlalt planeerida tegevusi ja teha p\u00f5hjendatud otsuseid d\u00fcnaamilistes v\u00e4litingimustes. <\/p>\n<p><img decoding=\"async\" src=\"https:\/\/www.axiomams.eu\/wp-content\/uploads\/2026\/02\/4702-6221.jpg\" alt=\"Pulsar Symbion LRF DXT50 2\" style=\"width:560px;\"><\/p>\n<p>Ergonoomika ja kasutusmugavus<br \/>\nTugev, v\u00e4listingimustele kohandatud korpus on loodud taluma raskeid kasutustingimusi. Kahekordsed fookusrattad ja intuitiivselt paigutatud juhtimiselemendid v\u00f5imaldavad seadme mugavat juhtimist \u00fche k\u00e4ega nii vasakuk\u00e4elistel kui ka parempoolsetel kasutajatel. Intuitiivne liides v\u00f5imaldab kiiret juurdep\u00e4\u00e4su olulisematele seadetele, v\u00e4hendades reguleerimisvajadust ja v\u00f5imaldades keskenduda vaatlemisele.  <\/p>\n<p><img decoding=\"async\" src=\"https:\/\/www.axiomams.eu\/wp-content\/uploads\/2026\/02\/4702-6222.jpg\" alt=\"Pulsar Symbion LRF DXT50 3\" style=\"width:560px;\"><\/p>\n<p>V\u00e4litingimustele kohandatud disain<br \/>\nPulsar Symbion LRF DXT50-l on lai vaatev\u00e4li, mis on optimeeritud metsade ja segamaastiku jaoks ning tagab t\u00f5husa skannimise, kiire avastamise ja usaldusv\u00e4\u00e4rse tuvastamise nii p\u00e4evasel ajal, h\u00e4maras kui ka \u00f6\u00f6sel.<\/p>\n","protected":false},"excerpt":{"rendered":"<p>Pulsar DXT50 soojuskaamera on loodud kasutamiseks looduses. Symbion LRF DXT50 on varustatud k\u00f5rge eraldusv\u00f5imega 4K digitaalkaamera sensoriga koos tippklassi soojuskaamera sensoriga, mis tagab usaldusv\u00e4\u00e4rse toimimise p\u00e4evasel ajal, h\u00e4maras ja \u00f6\u00f6sel. See kahekanaliline s\u00fcsteem v\u00f5imaldab kasutajatel j\u00e4lgida maastikku, avastada soojusallikaid ja t\u00e4pselt identifitseerida objekte peaaegu igasugustes tingimustes. Termiline tuvastamine ja pildi stabiilsus Pulsar Symbion LRF DXT50&#8230;<\/p>\n","protected":false},"featured_media":44106,"comment_status":"open","ping_status":"closed","template":"","meta":{"_acf_changed":false},"product_brand":[17695],"product_cat":[17799],"product_tag":[],"class_list":{"0":"post-44563","1":"product","2":"type-product","3":"status-publish","4":"has-post-thumbnail","6":"product_brand-pulsar","7":"product_cat-jahindamiseks-ja-vaatlemiseks","9":"first","10":"instock","11":"taxable","12":"shipping-taxable","13":"purchasable","14":"product-type-simple"},"acf":[],"yoast_head":"<!-- This site is optimized with the Yoast SEO plugin v27.0 - https:\/\/yoast.com\/product\/yoast-seo-wordpress\/ -->\n<title>Pulsar Symbion LRF DXT50 soojuskaamera - AXIOMA MS<\/title>\n<meta name=\"robots\" content=\"index, follow, max-snippet:-1, max-image-preview:large, max-video-preview:-1\" \/>\n<link rel=\"canonical\" href=\"https:\/\/www.axiomams.eu\/et\/produktas\/pulsar-symbion-lrf-dxt50-soojuskaamera\" \/>\n<meta property=\"og:locale\" content=\"et_EE\" \/>\n<meta property=\"og:type\" content=\"article\" \/>\n<meta property=\"og:title\" content=\"Pulsar Symbion LRF DXT50 soojuskaamera - AXIOMA MS\" \/>\n<meta property=\"og:description\" content=\"Pulsar DXT50 soojuskaamera on loodud kasutamiseks looduses. Symbion LRF DXT50 on varustatud k\u00f5rge eraldusv\u00f5imega 4K digitaalkaamera sensoriga koos tippklassi soojuskaamera sensoriga, mis tagab usaldusv\u00e4\u00e4rse toimimise p\u00e4evasel ajal, h\u00e4maras ja \u00f6\u00f6sel. See kahekanaliline s\u00fcsteem v\u00f5imaldab kasutajatel j\u00e4lgida maastikku, avastada soojusallikaid ja t\u00e4pselt identifitseerida objekte peaaegu igasugustes tingimustes. Termiline tuvastamine ja pildi stabiilsus Pulsar Symbion LRF DXT50...\" \/>\n<meta property=\"og:url\" content=\"https:\/\/www.axiomams.eu\/et\/produktas\/pulsar-symbion-lrf-dxt50-soojuskaamera\" \/>\n<meta property=\"og:site_name\" content=\"AXIOMA MS\" \/>\n<meta property=\"article:publisher\" content=\"https:\/\/www.facebook.com\/AxiomaMS\" \/>\n<meta property=\"og:image\" content=\"https:\/\/www.axiomams.eu\/wp-content\/uploads\/2026\/02\/4702-6219.jpg\" \/>\n\t<meta property=\"og:image:width\" content=\"1000\" \/>\n\t<meta property=\"og:image:height\" content=\"500\" \/>\n\t<meta property=\"og:image:type\" content=\"image\/jpeg\" \/>\n<meta name=\"twitter:card\" content=\"summary_large_image\" \/>\n<meta name=\"twitter:label1\" content=\"Est. reading time\" \/>\n\t<meta name=\"twitter:data1\" content=\"1 minut\" \/>\n<script type=\"application\/ld+json\" class=\"yoast-schema-graph\">{\"@context\":\"https:\/\/schema.org\",\"@graph\":[{\"@type\":\"WebPage\",\"@id\":\"https:\/\/www.axiomams.eu\/et\/produktas\/pulsar-symbion-lrf-dxt50-soojuskaamera\",\"url\":\"https:\/\/www.axiomams.eu\/et\/produktas\/pulsar-symbion-lrf-dxt50-soojuskaamera\",\"name\":\"Pulsar Symbion LRF DXT50 soojuskaamera - AXIOMA MS\",\"isPartOf\":{\"@id\":\"https:\/\/www.axiomams.eu\/et#website\"},\"primaryImageOfPage\":{\"@id\":\"https:\/\/www.axiomams.eu\/et\/produktas\/pulsar-symbion-lrf-dxt50-soojuskaamera#primaryimage\"},\"image\":{\"@id\":\"https:\/\/www.axiomams.eu\/et\/produktas\/pulsar-symbion-lrf-dxt50-soojuskaamera#primaryimage\"},\"thumbnailUrl\":\"https:\/\/www.axiomams.eu\/wp-content\/uploads\/2026\/02\/4702-6219.jpg\",\"datePublished\":\"2026-02-04T13:16:22+00:00\",\"breadcrumb\":{\"@id\":\"https:\/\/www.axiomams.eu\/et\/produktas\/pulsar-symbion-lrf-dxt50-soojuskaamera#breadcrumb\"},\"inLanguage\":\"et\",\"potentialAction\":[{\"@type\":\"ReadAction\",\"target\":[\"https:\/\/www.axiomams.eu\/et\/produktas\/pulsar-symbion-lrf-dxt50-soojuskaamera\"]}]},{\"@type\":\"ImageObject\",\"inLanguage\":\"et\",\"@id\":\"https:\/\/www.axiomams.eu\/et\/produktas\/pulsar-symbion-lrf-dxt50-soojuskaamera#primaryimage\",\"url\":\"https:\/\/www.axiomams.eu\/wp-content\/uploads\/2026\/02\/4702-6219.jpg\",\"contentUrl\":\"https:\/\/www.axiomams.eu\/wp-content\/uploads\/2026\/02\/4702-6219.jpg\",\"width\":1000,\"height\":500},{\"@type\":\"BreadcrumbList\",\"@id\":\"https:\/\/www.axiomams.eu\/et\/produktas\/pulsar-symbion-lrf-dxt50-soojuskaamera#breadcrumb\",\"itemListElement\":[{\"@type\":\"ListItem\",\"position\":1,\"name\":\"Home\",\"item\":\"https:\/\/www.axiomams.eu\/et\"},{\"@type\":\"ListItem\",\"position\":2,\"name\":\"Tooted\",\"item\":\"https:\/\/www.axiomams.eu\/et\/tooted\"},{\"@type\":\"ListItem\",\"position\":3,\"name\":\"Pulsar Symbion LRF DXT50 soojuskaamera\"}]},{\"@type\":\"WebSite\",\"@id\":\"https:\/\/www.axiomams.eu\/et#website\",\"url\":\"https:\/\/www.axiomams.eu\/et\",\"name\":\"AXIOMA MS\",\"description\":\"Terrmovizoriai ir matavimo \u012franga\",\"publisher\":{\"@id\":\"https:\/\/www.axiomams.eu\/et#organization\"},\"potentialAction\":[{\"@type\":\"SearchAction\",\"target\":{\"@type\":\"EntryPoint\",\"urlTemplate\":\"https:\/\/www.axiomams.eu\/et?s={search_term_string}\"},\"query-input\":{\"@type\":\"PropertyValueSpecification\",\"valueRequired\":true,\"valueName\":\"search_term_string\"}}],\"inLanguage\":\"et\"},{\"@type\":\"Organization\",\"@id\":\"https:\/\/www.axiomams.eu\/et#organization\",\"name\":\"AXIOMA MS\",\"url\":\"https:\/\/www.axiomams.eu\/et\",\"logo\":{\"@type\":\"ImageObject\",\"inLanguage\":\"et\",\"@id\":\"https:\/\/www.axiomams.eu\/et#\/schema\/logo\/image\/\",\"url\":\"https:\/\/www.axiomams.eu\/wp-content\/uploads\/2025\/06\/axioma-logo-2.png\",\"contentUrl\":\"https:\/\/www.axiomams.eu\/wp-content\/uploads\/2025\/06\/axioma-logo-2.png\",\"width\":1200,\"height\":1200,\"caption\":\"AXIOMA MS\"},\"image\":{\"@id\":\"https:\/\/www.axiomams.eu\/et#\/schema\/logo\/image\/\"},\"sameAs\":[\"https:\/\/www.facebook.com\/AxiomaMS\",\"https:\/\/www.linkedin.com\/company\/axiomams\/\"]}]}<\/script>\n<!-- \/ Yoast SEO plugin. -->","yoast_head_json":{"title":"Pulsar Symbion LRF DXT50 soojuskaamera - AXIOMA MS","robots":{"index":"index","follow":"follow","max-snippet":"max-snippet:-1","max-image-preview":"max-image-preview:large","max-video-preview":"max-video-preview:-1"},"canonical":"https:\/\/www.axiomams.eu\/et\/produktas\/pulsar-symbion-lrf-dxt50-soojuskaamera","og_locale":"et_EE","og_type":"article","og_title":"Pulsar Symbion LRF DXT50 soojuskaamera - AXIOMA MS","og_description":"Pulsar DXT50 soojuskaamera on loodud kasutamiseks looduses. Symbion LRF DXT50 on varustatud k\u00f5rge eraldusv\u00f5imega 4K digitaalkaamera sensoriga koos tippklassi soojuskaamera sensoriga, mis tagab usaldusv\u00e4\u00e4rse toimimise p\u00e4evasel ajal, h\u00e4maras ja \u00f6\u00f6sel. See kahekanaliline s\u00fcsteem v\u00f5imaldab kasutajatel j\u00e4lgida maastikku, avastada soojusallikaid ja t\u00e4pselt identifitseerida objekte peaaegu igasugustes tingimustes. Termiline tuvastamine ja pildi stabiilsus Pulsar Symbion LRF DXT50...","og_url":"https:\/\/www.axiomams.eu\/et\/produktas\/pulsar-symbion-lrf-dxt50-soojuskaamera","og_site_name":"AXIOMA MS","article_publisher":"https:\/\/www.facebook.com\/AxiomaMS","og_image":[{"width":1000,"height":500,"url":"https:\/\/www.axiomams.eu\/wp-content\/uploads\/2026\/02\/4702-6219.jpg","type":"image\/jpeg"}],"twitter_card":"summary_large_image","twitter_misc":{"Est. reading time":"1 minut"},"schema":{"@context":"https:\/\/schema.org","@graph":[{"@type":"WebPage","@id":"https:\/\/www.axiomams.eu\/et\/produktas\/pulsar-symbion-lrf-dxt50-soojuskaamera","url":"https:\/\/www.axiomams.eu\/et\/produktas\/pulsar-symbion-lrf-dxt50-soojuskaamera","name":"Pulsar Symbion LRF DXT50 soojuskaamera - AXIOMA MS","isPartOf":{"@id":"https:\/\/www.axiomams.eu\/et#website"},"primaryImageOfPage":{"@id":"https:\/\/www.axiomams.eu\/et\/produktas\/pulsar-symbion-lrf-dxt50-soojuskaamera#primaryimage"},"image":{"@id":"https:\/\/www.axiomams.eu\/et\/produktas\/pulsar-symbion-lrf-dxt50-soojuskaamera#primaryimage"},"thumbnailUrl":"https:\/\/www.axiomams.eu\/wp-content\/uploads\/2026\/02\/4702-6219.jpg","datePublished":"2026-02-04T13:16:22+00:00","breadcrumb":{"@id":"https:\/\/www.axiomams.eu\/et\/produktas\/pulsar-symbion-lrf-dxt50-soojuskaamera#breadcrumb"},"inLanguage":"et","potentialAction":[{"@type":"ReadAction","target":["https:\/\/www.axiomams.eu\/et\/produktas\/pulsar-symbion-lrf-dxt50-soojuskaamera"]}]},{"@type":"ImageObject","inLanguage":"et","@id":"https:\/\/www.axiomams.eu\/et\/produktas\/pulsar-symbion-lrf-dxt50-soojuskaamera#primaryimage","url":"https:\/\/www.axiomams.eu\/wp-content\/uploads\/2026\/02\/4702-6219.jpg","contentUrl":"https:\/\/www.axiomams.eu\/wp-content\/uploads\/2026\/02\/4702-6219.jpg","width":1000,"height":500},{"@type":"BreadcrumbList","@id":"https:\/\/www.axiomams.eu\/et\/produktas\/pulsar-symbion-lrf-dxt50-soojuskaamera#breadcrumb","itemListElement":[{"@type":"ListItem","position":1,"name":"Home","item":"https:\/\/www.axiomams.eu\/et"},{"@type":"ListItem","position":2,"name":"Tooted","item":"https:\/\/www.axiomams.eu\/et\/tooted"},{"@type":"ListItem","position":3,"name":"Pulsar Symbion LRF DXT50 soojuskaamera"}]},{"@type":"WebSite","@id":"https:\/\/www.axiomams.eu\/et#website","url":"https:\/\/www.axiomams.eu\/et","name":"AXIOMA MS","description":"Terrmovizoriai ir matavimo \u012franga","publisher":{"@id":"https:\/\/www.axiomams.eu\/et#organization"},"potentialAction":[{"@type":"SearchAction","target":{"@type":"EntryPoint","urlTemplate":"https:\/\/www.axiomams.eu\/et?s={search_term_string}"},"query-input":{"@type":"PropertyValueSpecification","valueRequired":true,"valueName":"search_term_string"}}],"inLanguage":"et"},{"@type":"Organization","@id":"https:\/\/www.axiomams.eu\/et#organization","name":"AXIOMA MS","url":"https:\/\/www.axiomams.eu\/et","logo":{"@type":"ImageObject","inLanguage":"et","@id":"https:\/\/www.axiomams.eu\/et#\/schema\/logo\/image\/","url":"https:\/\/www.axiomams.eu\/wp-content\/uploads\/2025\/06\/axioma-logo-2.png","contentUrl":"https:\/\/www.axiomams.eu\/wp-content\/uploads\/2025\/06\/axioma-logo-2.png","width":1200,"height":1200,"caption":"AXIOMA MS"},"image":{"@id":"https:\/\/www.axiomams.eu\/et#\/schema\/logo\/image\/"},"sameAs":["https:\/\/www.facebook.com\/AxiomaMS","https:\/\/www.linkedin.com\/company\/axiomams\/"]}]}},"_links":{"self":[{"href":"https:\/\/www.axiomams.eu\/et\/wp-json\/wp\/v2\/product\/44563","targetHints":{"allow":["GET"]}}],"collection":[{"href":"https:\/\/www.axiomams.eu\/et\/wp-json\/wp\/v2\/product"}],"about":[{"href":"https:\/\/www.axiomams.eu\/et\/wp-json\/wp\/v2\/types\/product"}],"replies":[{"embeddable":true,"href":"https:\/\/www.axiomams.eu\/et\/wp-json\/wp\/v2\/comments?post=44563"}],"wp:featuredmedia":[{"embeddable":true,"href":"https:\/\/www.axiomams.eu\/et\/wp-json\/wp\/v2\/media\/44106"}],"wp:attachment":[{"href":"https:\/\/www.axiomams.eu\/et\/wp-json\/wp\/v2\/media?parent=44563"}],"wp:term":[{"taxonomy":"product_brand","embeddable":true,"href":"https:\/\/www.axiomams.eu\/et\/wp-json\/wp\/v2\/product_brand?post=44563"},{"taxonomy":"product_cat","embeddable":true,"href":"https:\/\/www.axiomams.eu\/et\/wp-json\/wp\/v2\/product_cat?post=44563"},{"taxonomy":"product_tag","embeddable":true,"href":"https:\/\/www.axiomams.eu\/et\/wp-json\/wp\/v2\/product_tag?post=44563"}],"curies":[{"name":"wp","href":"https:\/\/api.w.org\/{rel}","templated":true}]}}