{"id":44590,"date":"2026-02-19T09:24:48","date_gmt":"2026-02-19T07:24:48","guid":{"rendered":"https:\/\/www.axiomams.eu\/produktas\/radiodetection-u-locate-kaabel-ja-torude-otsija-2"},"modified":"2026-04-14T12:52:08","modified_gmt":"2026-04-14T10:52:08","slug":"radiodetection-u-locate-kaabel-ja-torude-otsija-2","status":"publish","type":"product","link":"https:\/\/www.axiomams.eu\/et\/produktas\/radiodetection-u-locate-kaabel-ja-torude-otsija-2","title":{"rendered":"Radiodetection u-LOCATE kabeli\u0173 ir vamzd\u017ei\u0173 ie\u0161kiklis"},"content":{"rendered":"<p>Radiodetection u-LOCATE vamzd\u017ei\u0173 ir kabeli\u0173 lokatorius sukurtas pad\u0117ti ekskavatori\u0173 operatoriams, statybos rangovams, kra\u0161tovaizd\u017eio tvarkytojams ir tvor\u0173 montuotojams greitai ir tiksliai aptikti po \u017eeme esan\u010dius in\u017einerinius tinklus. \u0160is lengvas ir patikimas lokatorius, sukurtas siekiant u\u017etikrinti patog\u0173 naudojim\u0105, suma\u017eina atsitiktinio in\u017einerini\u0173 tinkl\u0173 pa\u017eeidimo rizik\u0105 ir apsaugo tiek darbuotojus, tiek infrastrukt\u016br\u0105.<\/p>\n<p>u-LOCATE u\u017etikrina saugesn\u012f darb\u0105 bet kokiame projekte, susijusiame su \u017eem\u0117s kasimo darbais. Jis u\u017etikrina patikim\u0105 po\u017eemini\u0173 komunalini\u0173 tinkl\u0173 aptikim\u0105, tuo pa\u010diu suma\u017eindamas prastovas ir u\u017ekertant keli\u0105 brangiai kainuojantiems nuostoliams.<\/p>\n<p><b>Pagrindiniai sistemos privalumai<\/b><br \/>\n&#8211; Apsaugo nuo atsitiktinio po\u017eemini\u0173 komunalini\u0173 tinkl\u0173 pa\u017eeidimo<br \/>\n&#8211; Tvirta konstrukcija, tinkama visoms oro s\u0105lygoms ir darbo vietoms<br \/>\n&#8211; Kair\u0117s ir de\u0161in\u0117s krypties rodykl\u0117s su garso signalais, u\u017etikrinan\u010dios tiksl\u0173 orientavim\u0105<br \/>\n&#8211; Nustato tikslinius komunalinius tinklus, i\u0161filtruodamas kitus po\u017eeminius objektus<br \/>\n&#8211; Vieno mygtuko paspaudimu atliekamas gylio \u012fvertinimas, u\u017etikrinantis greit\u0105 matavim\u0105<\/p>\n<p><b>u-LOCATE lokatoriaus savyb\u0117s<\/b><br \/>\n&#8211; Kontrastingas ekranas, u\u017etikrinantis ai\u0161k\u0173 matomum\u0105 ry\u0161kioje saul\u0117s \u0161viesoje<br \/>\n&#8211; Ausini\u0173 lizdas, u\u017etikrinantis geresn\u012f gars\u0105 triuk\u0161mingoje aplinkoje<br \/>\n&#8211; Tvirta, atspari sm\u016bgiams konstrukcija, apsauganti nuo kritimo, vandens ir dulki\u0173<br \/>\n&#8211; Lengvas ergonomi\u0161kas dizainas, u\u017etikrinantis patog\u0173 ilgalaik\u012f naudojim\u0105<br \/>\n&#8211; Gerai matoma atspindinti danga, u\u017etikrinanti operatoriaus ir \u012frangos saugum\u0105<\/p>\n<p><b>u-LOCATE si\u0173stuvo savyb\u0117s<\/b><br \/>\n&#8211; Kompakti\u0161kas, efektyvus veikimas<br \/>\n&#8211; Integruota pried\u0173 jungties lizdas<br \/>\n&#8211; Skyrelis priedams<\/p>\n<p><b>Komplektacija:<\/b> Radiodetection u-LOCATE imtuvas su baterijomis, u-LOCATE si\u0173stuvas su baterijomis, laid\u016bs spaustukai, krep\u0161ys transportavimui, \u012f\u017eeminimo lazda ir magnetas, naudojimo instrukcija.<\/p>\n<h3>Technin\u0117 informacija:<\/h3>\n<ul>\n<li><a href=\"https:\/\/axiomams.eu\/importer\/export\/attachments\/lt\/u-locate_ug-eng-04.pdf\" target=\"_blank\">u-LOCATE_UG-ENG-04.pdf<\/a><\/li>\n<\/ul>\n","protected":false},"excerpt":{"rendered":"<p>Radiodetection u-LOCATE vamzd\u017ei\u0173 ir kabeli\u0173 lokatorius sukurtas pad\u0117ti ekskavatori\u0173 operatoriams, statybos rangovams, kra\u0161tovaizd\u017eio tvarkytojams ir tvor\u0173 montuotojams greitai ir tiksliai aptikti po \u017eeme esan\u010dius in\u017einerinius tinklus. \u0160is lengvas ir patikimas lokatorius, sukurtas siekiant u\u017etikrinti patog\u0173 naudojim\u0105, suma\u017eina atsitiktinio in\u017einerini\u0173 tinkl\u0173 pa\u017eeidimo rizik\u0105 ir apsaugo tiek darbuotojus, tiek infrastrukt\u016br\u0105. u-LOCATE u\u017etikrina saugesn\u012f darb\u0105 bet kokiame projekte,&#8230;<\/p>\n","protected":false},"featured_media":44231,"comment_status":"open","ping_status":"closed","template":"","meta":{"_acf_changed":false},"product_brand":[730],"product_cat":[17782],"product_tag":[],"class_list":{"0":"post-44590","1":"product","2":"type-product","3":"status-publish","4":"has-post-thumbnail","6":"product_brand-radiodetection","7":"product_cat-kaablite-otsimiseks-ja-valimiseks","9":"first","10":"instock","11":"taxable","12":"shipping-taxable","13":"purchasable","14":"product-type-simple"},"acf":[],"yoast_head":"<!-- This site is optimized with the Yoast SEO plugin v27.0 - https:\/\/yoast.com\/product\/yoast-seo-wordpress\/ -->\n<title>Radiodetection u-LOCATE kabeli\u0173 ir vamzd\u017ei\u0173 ie\u0161kiklis - AXIOMA MS<\/title>\n<meta name=\"robots\" content=\"index, follow, max-snippet:-1, max-image-preview:large, max-video-preview:-1\" \/>\n<link rel=\"canonical\" href=\"https:\/\/www.axiomams.eu\/et\/produktas\/radiodetection-u-locate-kaabel-ja-torude-otsija-2\" \/>\n<meta property=\"og:locale\" content=\"et_EE\" \/>\n<meta property=\"og:type\" content=\"article\" \/>\n<meta property=\"og:title\" content=\"Radiodetection u-LOCATE kabeli\u0173 ir vamzd\u017ei\u0173 ie\u0161kiklis - AXIOMA MS\" \/>\n<meta property=\"og:description\" content=\"Radiodetection u-LOCATE vamzd\u017ei\u0173 ir kabeli\u0173 lokatorius sukurtas pad\u0117ti ekskavatori\u0173 operatoriams, statybos rangovams, kra\u0161tovaizd\u017eio tvarkytojams ir tvor\u0173 montuotojams greitai ir tiksliai aptikti po \u017eeme esan\u010dius in\u017einerinius tinklus. \u0160is lengvas ir patikimas lokatorius, sukurtas siekiant u\u017etikrinti patog\u0173 naudojim\u0105, suma\u017eina atsitiktinio in\u017einerini\u0173 tinkl\u0173 pa\u017eeidimo rizik\u0105 ir apsaugo tiek darbuotojus, tiek infrastrukt\u016br\u0105. u-LOCATE u\u017etikrina saugesn\u012f darb\u0105 bet kokiame projekte,...\" \/>\n<meta property=\"og:url\" content=\"https:\/\/www.axiomams.eu\/et\/produktas\/radiodetection-u-locate-kaabel-ja-torude-otsija-2\" \/>\n<meta property=\"og:site_name\" content=\"AXIOMA MS\" \/>\n<meta property=\"article:publisher\" content=\"https:\/\/www.facebook.com\/AxiomaMS\" \/>\n<meta property=\"article:modified_time\" content=\"2026-04-14T10:52:08+00:00\" \/>\n<meta property=\"og:image\" content=\"https:\/\/www.axiomams.eu\/wp-content\/uploads\/2026\/02\/4709-6230.jpg\" \/>\n\t<meta property=\"og:image:width\" content=\"650\" \/>\n\t<meta property=\"og:image:height\" content=\"661\" \/>\n\t<meta property=\"og:image:type\" content=\"image\/jpeg\" \/>\n<meta name=\"twitter:card\" content=\"summary_large_image\" \/>\n<meta name=\"twitter:label1\" content=\"Est. reading time\" \/>\n\t<meta name=\"twitter:data1\" content=\"1 minut\" \/>\n<script type=\"application\/ld+json\" class=\"yoast-schema-graph\">{\"@context\":\"https:\/\/schema.org\",\"@graph\":[{\"@type\":\"WebPage\",\"@id\":\"https:\/\/www.axiomams.eu\/et\/produktas\/radiodetection-u-locate-kaabel-ja-torude-otsija-2\",\"url\":\"https:\/\/www.axiomams.eu\/et\/produktas\/radiodetection-u-locate-kaabel-ja-torude-otsija-2\",\"name\":\"Radiodetection u-LOCATE kabeli\u0173 ir vamzd\u017ei\u0173 ie\u0161kiklis - AXIOMA MS\",\"isPartOf\":{\"@id\":\"https:\/\/www.axiomams.eu\/et#website\"},\"primaryImageOfPage\":{\"@id\":\"https:\/\/www.axiomams.eu\/et\/produktas\/radiodetection-u-locate-kaabel-ja-torude-otsija-2#primaryimage\"},\"image\":{\"@id\":\"https:\/\/www.axiomams.eu\/et\/produktas\/radiodetection-u-locate-kaabel-ja-torude-otsija-2#primaryimage\"},\"thumbnailUrl\":\"https:\/\/www.axiomams.eu\/wp-content\/uploads\/2026\/02\/4709-6230.jpg\",\"datePublished\":\"2026-02-19T07:24:48+00:00\",\"dateModified\":\"2026-04-14T10:52:08+00:00\",\"breadcrumb\":{\"@id\":\"https:\/\/www.axiomams.eu\/et\/produktas\/radiodetection-u-locate-kaabel-ja-torude-otsija-2#breadcrumb\"},\"inLanguage\":\"et\",\"potentialAction\":[{\"@type\":\"ReadAction\",\"target\":[\"https:\/\/www.axiomams.eu\/et\/produktas\/radiodetection-u-locate-kaabel-ja-torude-otsija-2\"]}]},{\"@type\":\"ImageObject\",\"inLanguage\":\"et\",\"@id\":\"https:\/\/www.axiomams.eu\/et\/produktas\/radiodetection-u-locate-kaabel-ja-torude-otsija-2#primaryimage\",\"url\":\"https:\/\/www.axiomams.eu\/wp-content\/uploads\/2026\/02\/4709-6230.jpg\",\"contentUrl\":\"https:\/\/www.axiomams.eu\/wp-content\/uploads\/2026\/02\/4709-6230.jpg\",\"width\":650,\"height\":661},{\"@type\":\"BreadcrumbList\",\"@id\":\"https:\/\/www.axiomams.eu\/et\/produktas\/radiodetection-u-locate-kaabel-ja-torude-otsija-2#breadcrumb\",\"itemListElement\":[{\"@type\":\"ListItem\",\"position\":1,\"name\":\"Home\",\"item\":\"https:\/\/www.axiomams.eu\/et\"},{\"@type\":\"ListItem\",\"position\":2,\"name\":\"Tooted\",\"item\":\"https:\/\/www.axiomams.eu\/et\/tooted\"},{\"@type\":\"ListItem\",\"position\":3,\"name\":\"Radiodetection u-LOCATE kabeli\u0173 ir vamzd\u017ei\u0173 ie\u0161kiklis\"}]},{\"@type\":\"WebSite\",\"@id\":\"https:\/\/www.axiomams.eu\/et#website\",\"url\":\"https:\/\/www.axiomams.eu\/et\",\"name\":\"AXIOMA MS\",\"description\":\"\",\"publisher\":{\"@id\":\"https:\/\/www.axiomams.eu\/et#organization\"},\"potentialAction\":[{\"@type\":\"SearchAction\",\"target\":{\"@type\":\"EntryPoint\",\"urlTemplate\":\"https:\/\/www.axiomams.eu\/et?s={search_term_string}\"},\"query-input\":{\"@type\":\"PropertyValueSpecification\",\"valueRequired\":true,\"valueName\":\"search_term_string\"}}],\"inLanguage\":\"et\"},{\"@type\":\"Organization\",\"@id\":\"https:\/\/www.axiomams.eu\/et#organization\",\"name\":\"AXIOMA MS\",\"url\":\"https:\/\/www.axiomams.eu\/et\",\"logo\":{\"@type\":\"ImageObject\",\"inLanguage\":\"et\",\"@id\":\"https:\/\/www.axiomams.eu\/et#\/schema\/logo\/image\/\",\"url\":\"https:\/\/www.axiomams.eu\/wp-content\/uploads\/2025\/06\/axioma-logo-2.png\",\"contentUrl\":\"https:\/\/www.axiomams.eu\/wp-content\/uploads\/2025\/06\/axioma-logo-2.png\",\"width\":1200,\"height\":1200,\"caption\":\"AXIOMA MS\"},\"image\":{\"@id\":\"https:\/\/www.axiomams.eu\/et#\/schema\/logo\/image\/\"},\"sameAs\":[\"https:\/\/www.facebook.com\/AxiomaMS\",\"https:\/\/www.linkedin.com\/company\/axiomams\/\"]}]}<\/script>\n<!-- \/ Yoast SEO plugin. -->","yoast_head_json":{"title":"Radiodetection u-LOCATE kabeli\u0173 ir vamzd\u017ei\u0173 ie\u0161kiklis - AXIOMA MS","robots":{"index":"index","follow":"follow","max-snippet":"max-snippet:-1","max-image-preview":"max-image-preview:large","max-video-preview":"max-video-preview:-1"},"canonical":"https:\/\/www.axiomams.eu\/et\/produktas\/radiodetection-u-locate-kaabel-ja-torude-otsija-2","og_locale":"et_EE","og_type":"article","og_title":"Radiodetection u-LOCATE kabeli\u0173 ir vamzd\u017ei\u0173 ie\u0161kiklis - AXIOMA MS","og_description":"Radiodetection u-LOCATE vamzd\u017ei\u0173 ir kabeli\u0173 lokatorius sukurtas pad\u0117ti ekskavatori\u0173 operatoriams, statybos rangovams, kra\u0161tovaizd\u017eio tvarkytojams ir tvor\u0173 montuotojams greitai ir tiksliai aptikti po \u017eeme esan\u010dius in\u017einerinius tinklus. \u0160is lengvas ir patikimas lokatorius, sukurtas siekiant u\u017etikrinti patog\u0173 naudojim\u0105, suma\u017eina atsitiktinio in\u017einerini\u0173 tinkl\u0173 pa\u017eeidimo rizik\u0105 ir apsaugo tiek darbuotojus, tiek infrastrukt\u016br\u0105. u-LOCATE u\u017etikrina saugesn\u012f darb\u0105 bet kokiame projekte,...","og_url":"https:\/\/www.axiomams.eu\/et\/produktas\/radiodetection-u-locate-kaabel-ja-torude-otsija-2","og_site_name":"AXIOMA MS","article_publisher":"https:\/\/www.facebook.com\/AxiomaMS","article_modified_time":"2026-04-14T10:52:08+00:00","og_image":[{"width":650,"height":661,"url":"https:\/\/www.axiomams.eu\/wp-content\/uploads\/2026\/02\/4709-6230.jpg","type":"image\/jpeg"}],"twitter_card":"summary_large_image","twitter_misc":{"Est. reading time":"1 minut"},"schema":{"@context":"https:\/\/schema.org","@graph":[{"@type":"WebPage","@id":"https:\/\/www.axiomams.eu\/et\/produktas\/radiodetection-u-locate-kaabel-ja-torude-otsija-2","url":"https:\/\/www.axiomams.eu\/et\/produktas\/radiodetection-u-locate-kaabel-ja-torude-otsija-2","name":"Radiodetection u-LOCATE kabeli\u0173 ir vamzd\u017ei\u0173 ie\u0161kiklis - AXIOMA MS","isPartOf":{"@id":"https:\/\/www.axiomams.eu\/et#website"},"primaryImageOfPage":{"@id":"https:\/\/www.axiomams.eu\/et\/produktas\/radiodetection-u-locate-kaabel-ja-torude-otsija-2#primaryimage"},"image":{"@id":"https:\/\/www.axiomams.eu\/et\/produktas\/radiodetection-u-locate-kaabel-ja-torude-otsija-2#primaryimage"},"thumbnailUrl":"https:\/\/www.axiomams.eu\/wp-content\/uploads\/2026\/02\/4709-6230.jpg","datePublished":"2026-02-19T07:24:48+00:00","dateModified":"2026-04-14T10:52:08+00:00","breadcrumb":{"@id":"https:\/\/www.axiomams.eu\/et\/produktas\/radiodetection-u-locate-kaabel-ja-torude-otsija-2#breadcrumb"},"inLanguage":"et","potentialAction":[{"@type":"ReadAction","target":["https:\/\/www.axiomams.eu\/et\/produktas\/radiodetection-u-locate-kaabel-ja-torude-otsija-2"]}]},{"@type":"ImageObject","inLanguage":"et","@id":"https:\/\/www.axiomams.eu\/et\/produktas\/radiodetection-u-locate-kaabel-ja-torude-otsija-2#primaryimage","url":"https:\/\/www.axiomams.eu\/wp-content\/uploads\/2026\/02\/4709-6230.jpg","contentUrl":"https:\/\/www.axiomams.eu\/wp-content\/uploads\/2026\/02\/4709-6230.jpg","width":650,"height":661},{"@type":"BreadcrumbList","@id":"https:\/\/www.axiomams.eu\/et\/produktas\/radiodetection-u-locate-kaabel-ja-torude-otsija-2#breadcrumb","itemListElement":[{"@type":"ListItem","position":1,"name":"Home","item":"https:\/\/www.axiomams.eu\/et"},{"@type":"ListItem","position":2,"name":"Tooted","item":"https:\/\/www.axiomams.eu\/et\/tooted"},{"@type":"ListItem","position":3,"name":"Radiodetection u-LOCATE kabeli\u0173 ir vamzd\u017ei\u0173 ie\u0161kiklis"}]},{"@type":"WebSite","@id":"https:\/\/www.axiomams.eu\/et#website","url":"https:\/\/www.axiomams.eu\/et","name":"AXIOMA MS","description":"","publisher":{"@id":"https:\/\/www.axiomams.eu\/et#organization"},"potentialAction":[{"@type":"SearchAction","target":{"@type":"EntryPoint","urlTemplate":"https:\/\/www.axiomams.eu\/et?s={search_term_string}"},"query-input":{"@type":"PropertyValueSpecification","valueRequired":true,"valueName":"search_term_string"}}],"inLanguage":"et"},{"@type":"Organization","@id":"https:\/\/www.axiomams.eu\/et#organization","name":"AXIOMA MS","url":"https:\/\/www.axiomams.eu\/et","logo":{"@type":"ImageObject","inLanguage":"et","@id":"https:\/\/www.axiomams.eu\/et#\/schema\/logo\/image\/","url":"https:\/\/www.axiomams.eu\/wp-content\/uploads\/2025\/06\/axioma-logo-2.png","contentUrl":"https:\/\/www.axiomams.eu\/wp-content\/uploads\/2025\/06\/axioma-logo-2.png","width":1200,"height":1200,"caption":"AXIOMA MS"},"image":{"@id":"https:\/\/www.axiomams.eu\/et#\/schema\/logo\/image\/"},"sameAs":["https:\/\/www.facebook.com\/AxiomaMS","https:\/\/www.linkedin.com\/company\/axiomams\/"]}]}},"_links":{"self":[{"href":"https:\/\/www.axiomams.eu\/et\/wp-json\/wp\/v2\/product\/44590","targetHints":{"allow":["GET"]}}],"collection":[{"href":"https:\/\/www.axiomams.eu\/et\/wp-json\/wp\/v2\/product"}],"about":[{"href":"https:\/\/www.axiomams.eu\/et\/wp-json\/wp\/v2\/types\/product"}],"replies":[{"embeddable":true,"href":"https:\/\/www.axiomams.eu\/et\/wp-json\/wp\/v2\/comments?post=44590"}],"wp:featuredmedia":[{"embeddable":true,"href":"https:\/\/www.axiomams.eu\/et\/wp-json\/wp\/v2\/media\/44231"}],"wp:attachment":[{"href":"https:\/\/www.axiomams.eu\/et\/wp-json\/wp\/v2\/media?parent=44590"}],"wp:term":[{"taxonomy":"product_brand","embeddable":true,"href":"https:\/\/www.axiomams.eu\/et\/wp-json\/wp\/v2\/product_brand?post=44590"},{"taxonomy":"product_cat","embeddable":true,"href":"https:\/\/www.axiomams.eu\/et\/wp-json\/wp\/v2\/product_cat?post=44590"},{"taxonomy":"product_tag","embeddable":true,"href":"https:\/\/www.axiomams.eu\/et\/wp-json\/wp\/v2\/product_tag?post=44590"}],"curies":[{"name":"wp","href":"https:\/\/api.w.org\/{rel}","templated":true}]}}