{"id":44602,"date":"2026-03-21T01:01:46","date_gmt":"2026-03-20T23:01:46","guid":{"rendered":"https:\/\/www.axiomams.eu\/produktas\/pro8-850-024-pingeindikaator-moeldud-kasutamiseks-ainult-siseruumides"},"modified":"2026-04-16T01:01:08","modified_gmt":"2026-04-15T23:01:08","slug":"pro8-850-024-pingeindikaator-moeldud-kasutamiseks-ainult-siseruumides","status":"publish","type":"product","link":"https:\/\/www.axiomams.eu\/et\/produktas\/pro8-850-024-pingeindikaator-moeldud-kasutamiseks-ainult-siseruumides","title":{"rendered":"PRO8 850.024 \u012etampos indikatorius (skirtas eksploatuoti tik vidaus \/ patalp\u0173 s\u0105lygomis)"},"content":{"rendered":"<p>\u012etampos indikatorius su operatyvine lazda.<\/p>\n<h3>Technin\u0117 informacija:<\/h3>\n<ul>\n<li><a href=\"https:\/\/axiomams.eu\/importer\/export\/attachments\/lt\/pro8-840.024.pdf\" target=\"_blank\">PRO8 840.024.pdf<\/a><\/li>\n<\/ul>\n","protected":false},"excerpt":{"rendered":"<p>\u012etampos indikatorius su operatyvine lazda. Technin\u0117 informacija: PRO8 840.024.pdf<\/p>\n","protected":false},"featured_media":44347,"comment_status":"open","ping_status":"closed","template":"","meta":{"_acf_changed":false},"product_brand":[739],"product_cat":[17784],"product_tag":[],"class_list":{"0":"post-44602","1":"product","2":"type-product","3":"status-publish","4":"has-post-thumbnail","6":"product_brand-pro8","7":"product_cat-elektriohutuse-tagamiseks","9":"first","10":"instock","11":"taxable","12":"shipping-taxable","13":"purchasable","14":"product-type-simple"},"acf":[],"yoast_head":"<!-- This site is optimized with the Yoast SEO plugin v27.0 - https:\/\/yoast.com\/product\/yoast-seo-wordpress\/ -->\n<title>PRO8 850.024 \u012etampos indikatorius (skirtas eksploatuoti tik vidaus \/ patalp\u0173 s\u0105lygomis) - AXIOMA MS<\/title>\n<meta name=\"robots\" content=\"index, follow, max-snippet:-1, max-image-preview:large, max-video-preview:-1\" \/>\n<link rel=\"canonical\" href=\"https:\/\/www.axiomams.eu\/et\/produktas\/pro8-850-024-pingeindikaator-moeldud-kasutamiseks-ainult-siseruumides\" \/>\n<meta property=\"og:locale\" content=\"et_EE\" \/>\n<meta property=\"og:type\" content=\"article\" \/>\n<meta property=\"og:title\" content=\"PRO8 850.024 \u012etampos indikatorius (skirtas eksploatuoti tik vidaus \/ patalp\u0173 s\u0105lygomis) - AXIOMA MS\" \/>\n<meta property=\"og:description\" content=\"\u012etampos indikatorius su operatyvine lazda. Technin\u0117 informacija: PRO8 840.024.pdf\" \/>\n<meta property=\"og:url\" content=\"https:\/\/www.axiomams.eu\/et\/produktas\/pro8-850-024-pingeindikaator-moeldud-kasutamiseks-ainult-siseruumides\" \/>\n<meta property=\"og:site_name\" content=\"AXIOMA MS\" \/>\n<meta property=\"article:publisher\" content=\"https:\/\/www.facebook.com\/AxiomaMS\" \/>\n<meta property=\"article:modified_time\" content=\"2026-04-15T23:01:08+00:00\" \/>\n<meta property=\"og:image\" content=\"https:\/\/www.axiomams.eu\/wp-content\/uploads\/2026\/03\/4720-6257.jpg\" \/>\n\t<meta property=\"og:image:width\" content=\"414\" \/>\n\t<meta property=\"og:image:height\" content=\"576\" \/>\n\t<meta property=\"og:image:type\" content=\"image\/jpeg\" \/>\n<meta name=\"twitter:card\" content=\"summary_large_image\" \/>\n<script type=\"application\/ld+json\" class=\"yoast-schema-graph\">{\"@context\":\"https:\/\/schema.org\",\"@graph\":[{\"@type\":\"WebPage\",\"@id\":\"https:\/\/www.axiomams.eu\/et\/produktas\/pro8-850-024-pingeindikaator-moeldud-kasutamiseks-ainult-siseruumides\",\"url\":\"https:\/\/www.axiomams.eu\/et\/produktas\/pro8-850-024-pingeindikaator-moeldud-kasutamiseks-ainult-siseruumides\",\"name\":\"PRO8 850.024 \u012etampos indikatorius (skirtas eksploatuoti tik vidaus \/ patalp\u0173 s\u0105lygomis) - AXIOMA MS\",\"isPartOf\":{\"@id\":\"https:\/\/www.axiomams.eu\/et#website\"},\"primaryImageOfPage\":{\"@id\":\"https:\/\/www.axiomams.eu\/et\/produktas\/pro8-850-024-pingeindikaator-moeldud-kasutamiseks-ainult-siseruumides#primaryimage\"},\"image\":{\"@id\":\"https:\/\/www.axiomams.eu\/et\/produktas\/pro8-850-024-pingeindikaator-moeldud-kasutamiseks-ainult-siseruumides#primaryimage\"},\"thumbnailUrl\":\"https:\/\/www.axiomams.eu\/wp-content\/uploads\/2026\/03\/4720-6257.jpg\",\"datePublished\":\"2026-03-20T23:01:46+00:00\",\"dateModified\":\"2026-04-15T23:01:08+00:00\",\"breadcrumb\":{\"@id\":\"https:\/\/www.axiomams.eu\/et\/produktas\/pro8-850-024-pingeindikaator-moeldud-kasutamiseks-ainult-siseruumides#breadcrumb\"},\"inLanguage\":\"et\",\"potentialAction\":[{\"@type\":\"ReadAction\",\"target\":[\"https:\/\/www.axiomams.eu\/et\/produktas\/pro8-850-024-pingeindikaator-moeldud-kasutamiseks-ainult-siseruumides\"]}]},{\"@type\":\"ImageObject\",\"inLanguage\":\"et\",\"@id\":\"https:\/\/www.axiomams.eu\/et\/produktas\/pro8-850-024-pingeindikaator-moeldud-kasutamiseks-ainult-siseruumides#primaryimage\",\"url\":\"https:\/\/www.axiomams.eu\/wp-content\/uploads\/2026\/03\/4720-6257.jpg\",\"contentUrl\":\"https:\/\/www.axiomams.eu\/wp-content\/uploads\/2026\/03\/4720-6257.jpg\",\"width\":414,\"height\":576},{\"@type\":\"BreadcrumbList\",\"@id\":\"https:\/\/www.axiomams.eu\/et\/produktas\/pro8-850-024-pingeindikaator-moeldud-kasutamiseks-ainult-siseruumides#breadcrumb\",\"itemListElement\":[{\"@type\":\"ListItem\",\"position\":1,\"name\":\"Home\",\"item\":\"https:\/\/www.axiomams.eu\/et\"},{\"@type\":\"ListItem\",\"position\":2,\"name\":\"Tooted\",\"item\":\"https:\/\/www.axiomams.eu\/et\/tooted\"},{\"@type\":\"ListItem\",\"position\":3,\"name\":\"PRO8 850.024 \u012etampos indikatorius (skirtas eksploatuoti tik vidaus \/ patalp\u0173 s\u0105lygomis)\"}]},{\"@type\":\"WebSite\",\"@id\":\"https:\/\/www.axiomams.eu\/et#website\",\"url\":\"https:\/\/www.axiomams.eu\/et\",\"name\":\"AXIOMA MS\",\"description\":\"\",\"publisher\":{\"@id\":\"https:\/\/www.axiomams.eu\/et#organization\"},\"potentialAction\":[{\"@type\":\"SearchAction\",\"target\":{\"@type\":\"EntryPoint\",\"urlTemplate\":\"https:\/\/www.axiomams.eu\/et?s={search_term_string}\"},\"query-input\":{\"@type\":\"PropertyValueSpecification\",\"valueRequired\":true,\"valueName\":\"search_term_string\"}}],\"inLanguage\":\"et\"},{\"@type\":\"Organization\",\"@id\":\"https:\/\/www.axiomams.eu\/et#organization\",\"name\":\"AXIOMA MS\",\"url\":\"https:\/\/www.axiomams.eu\/et\",\"logo\":{\"@type\":\"ImageObject\",\"inLanguage\":\"et\",\"@id\":\"https:\/\/www.axiomams.eu\/et#\/schema\/logo\/image\/\",\"url\":\"https:\/\/www.axiomams.eu\/wp-content\/uploads\/2025\/06\/axioma-logo-2.png\",\"contentUrl\":\"https:\/\/www.axiomams.eu\/wp-content\/uploads\/2025\/06\/axioma-logo-2.png\",\"width\":1200,\"height\":1200,\"caption\":\"AXIOMA MS\"},\"image\":{\"@id\":\"https:\/\/www.axiomams.eu\/et#\/schema\/logo\/image\/\"},\"sameAs\":[\"https:\/\/www.facebook.com\/AxiomaMS\",\"https:\/\/www.linkedin.com\/company\/axiomams\/\"]}]}<\/script>\n<!-- \/ Yoast SEO plugin. -->","yoast_head_json":{"title":"PRO8 850.024 \u012etampos indikatorius (skirtas eksploatuoti tik vidaus \/ patalp\u0173 s\u0105lygomis) - AXIOMA MS","robots":{"index":"index","follow":"follow","max-snippet":"max-snippet:-1","max-image-preview":"max-image-preview:large","max-video-preview":"max-video-preview:-1"},"canonical":"https:\/\/www.axiomams.eu\/et\/produktas\/pro8-850-024-pingeindikaator-moeldud-kasutamiseks-ainult-siseruumides","og_locale":"et_EE","og_type":"article","og_title":"PRO8 850.024 \u012etampos indikatorius (skirtas eksploatuoti tik vidaus \/ patalp\u0173 s\u0105lygomis) - AXIOMA MS","og_description":"\u012etampos indikatorius su operatyvine lazda. Technin\u0117 informacija: PRO8 840.024.pdf","og_url":"https:\/\/www.axiomams.eu\/et\/produktas\/pro8-850-024-pingeindikaator-moeldud-kasutamiseks-ainult-siseruumides","og_site_name":"AXIOMA MS","article_publisher":"https:\/\/www.facebook.com\/AxiomaMS","article_modified_time":"2026-04-15T23:01:08+00:00","og_image":[{"width":414,"height":576,"url":"https:\/\/www.axiomams.eu\/wp-content\/uploads\/2026\/03\/4720-6257.jpg","type":"image\/jpeg"}],"twitter_card":"summary_large_image","schema":{"@context":"https:\/\/schema.org","@graph":[{"@type":"WebPage","@id":"https:\/\/www.axiomams.eu\/et\/produktas\/pro8-850-024-pingeindikaator-moeldud-kasutamiseks-ainult-siseruumides","url":"https:\/\/www.axiomams.eu\/et\/produktas\/pro8-850-024-pingeindikaator-moeldud-kasutamiseks-ainult-siseruumides","name":"PRO8 850.024 \u012etampos indikatorius (skirtas eksploatuoti tik vidaus \/ patalp\u0173 s\u0105lygomis) - AXIOMA MS","isPartOf":{"@id":"https:\/\/www.axiomams.eu\/et#website"},"primaryImageOfPage":{"@id":"https:\/\/www.axiomams.eu\/et\/produktas\/pro8-850-024-pingeindikaator-moeldud-kasutamiseks-ainult-siseruumides#primaryimage"},"image":{"@id":"https:\/\/www.axiomams.eu\/et\/produktas\/pro8-850-024-pingeindikaator-moeldud-kasutamiseks-ainult-siseruumides#primaryimage"},"thumbnailUrl":"https:\/\/www.axiomams.eu\/wp-content\/uploads\/2026\/03\/4720-6257.jpg","datePublished":"2026-03-20T23:01:46+00:00","dateModified":"2026-04-15T23:01:08+00:00","breadcrumb":{"@id":"https:\/\/www.axiomams.eu\/et\/produktas\/pro8-850-024-pingeindikaator-moeldud-kasutamiseks-ainult-siseruumides#breadcrumb"},"inLanguage":"et","potentialAction":[{"@type":"ReadAction","target":["https:\/\/www.axiomams.eu\/et\/produktas\/pro8-850-024-pingeindikaator-moeldud-kasutamiseks-ainult-siseruumides"]}]},{"@type":"ImageObject","inLanguage":"et","@id":"https:\/\/www.axiomams.eu\/et\/produktas\/pro8-850-024-pingeindikaator-moeldud-kasutamiseks-ainult-siseruumides#primaryimage","url":"https:\/\/www.axiomams.eu\/wp-content\/uploads\/2026\/03\/4720-6257.jpg","contentUrl":"https:\/\/www.axiomams.eu\/wp-content\/uploads\/2026\/03\/4720-6257.jpg","width":414,"height":576},{"@type":"BreadcrumbList","@id":"https:\/\/www.axiomams.eu\/et\/produktas\/pro8-850-024-pingeindikaator-moeldud-kasutamiseks-ainult-siseruumides#breadcrumb","itemListElement":[{"@type":"ListItem","position":1,"name":"Home","item":"https:\/\/www.axiomams.eu\/et"},{"@type":"ListItem","position":2,"name":"Tooted","item":"https:\/\/www.axiomams.eu\/et\/tooted"},{"@type":"ListItem","position":3,"name":"PRO8 850.024 \u012etampos indikatorius (skirtas eksploatuoti tik vidaus \/ patalp\u0173 s\u0105lygomis)"}]},{"@type":"WebSite","@id":"https:\/\/www.axiomams.eu\/et#website","url":"https:\/\/www.axiomams.eu\/et","name":"AXIOMA MS","description":"","publisher":{"@id":"https:\/\/www.axiomams.eu\/et#organization"},"potentialAction":[{"@type":"SearchAction","target":{"@type":"EntryPoint","urlTemplate":"https:\/\/www.axiomams.eu\/et?s={search_term_string}"},"query-input":{"@type":"PropertyValueSpecification","valueRequired":true,"valueName":"search_term_string"}}],"inLanguage":"et"},{"@type":"Organization","@id":"https:\/\/www.axiomams.eu\/et#organization","name":"AXIOMA MS","url":"https:\/\/www.axiomams.eu\/et","logo":{"@type":"ImageObject","inLanguage":"et","@id":"https:\/\/www.axiomams.eu\/et#\/schema\/logo\/image\/","url":"https:\/\/www.axiomams.eu\/wp-content\/uploads\/2025\/06\/axioma-logo-2.png","contentUrl":"https:\/\/www.axiomams.eu\/wp-content\/uploads\/2025\/06\/axioma-logo-2.png","width":1200,"height":1200,"caption":"AXIOMA MS"},"image":{"@id":"https:\/\/www.axiomams.eu\/et#\/schema\/logo\/image\/"},"sameAs":["https:\/\/www.facebook.com\/AxiomaMS","https:\/\/www.linkedin.com\/company\/axiomams\/"]}]}},"_links":{"self":[{"href":"https:\/\/www.axiomams.eu\/et\/wp-json\/wp\/v2\/product\/44602","targetHints":{"allow":["GET"]}}],"collection":[{"href":"https:\/\/www.axiomams.eu\/et\/wp-json\/wp\/v2\/product"}],"about":[{"href":"https:\/\/www.axiomams.eu\/et\/wp-json\/wp\/v2\/types\/product"}],"replies":[{"embeddable":true,"href":"https:\/\/www.axiomams.eu\/et\/wp-json\/wp\/v2\/comments?post=44602"}],"wp:featuredmedia":[{"embeddable":true,"href":"https:\/\/www.axiomams.eu\/et\/wp-json\/wp\/v2\/media\/44347"}],"wp:attachment":[{"href":"https:\/\/www.axiomams.eu\/et\/wp-json\/wp\/v2\/media?parent=44602"}],"wp:term":[{"taxonomy":"product_brand","embeddable":true,"href":"https:\/\/www.axiomams.eu\/et\/wp-json\/wp\/v2\/product_brand?post=44602"},{"taxonomy":"product_cat","embeddable":true,"href":"https:\/\/www.axiomams.eu\/et\/wp-json\/wp\/v2\/product_cat?post=44602"},{"taxonomy":"product_tag","embeddable":true,"href":"https:\/\/www.axiomams.eu\/et\/wp-json\/wp\/v2\/product_tag?post=44602"}],"curies":[{"name":"wp","href":"https:\/\/api.w.org\/{rel}","templated":true}]}}