{"id":44673,"date":"2026-03-23T15:48:27","date_gmt":"2026-03-23T13:48:27","guid":{"rendered":"https:\/\/www.axiomams.eu\/produktas\/dvpower-rmo600g-mikrooommeeter"},"modified":"2026-04-30T09:24:48","modified_gmt":"2026-04-30T07:24:48","slug":"dvpower-rmo600g-mikrooommeeter","status":"publish","type":"product","link":"https:\/\/www.axiomams.eu\/et\/produktas\/dvpower-rmo600g-mikrooommeeter","title":{"rendered":"DVpower RMO600G mikroommetras"},"content":{"rendered":"<p>RMO600G \u2013 tai pa\u017eangus mikroommetras, sukurtas naudojant moderniausias technologijas ir pa\u017eangiausi\u0105 impulsin\u0119 srov\u0117s valdymo sistem\u0105. Prietaisas generuoja bangavim\u0173 neturin\u010di\u0105 nuolatin\u0119 srov\u0119, o matavimo srov\u0117 reguliuojama automati\u0161kai. Prie\u0161 matavim\u0105 srov\u0117 palaipsniui didinama, o po jo ma\u017einama, taip eliminuojant magnetinius tranzientus. Kai matavimo srov\u0117 nustatyta, automatin\u0117 proced\u016bra pradedama vieno mygtuko paspaudimu.<\/p>\n<p>Komplektacija: prietaisas, programin\u0117 \u012franga, \u012f\u017eeminimo kabelis, USB kabelis<\/p>\n<h3>Technin\u0117 informacija:<\/h3>\n<ul>\n<li><a href=\"https:\/\/axiomams.eu\/importer\/export\/attachments\/lt\/dv-power-rmo600g.pdf\" target=\"_blank\">DV Power RMO600G.pdf<\/a><\/li>\n<\/ul>\n","protected":false},"excerpt":{"rendered":"<p>RMO600G \u2013 tai pa\u017eangus mikroommetras, sukurtas naudojant moderniausias technologijas ir pa\u017eangiausi\u0105 impulsin\u0119 srov\u0117s valdymo sistem\u0105. Prietaisas generuoja bangavim\u0173 neturin\u010di\u0105 nuolatin\u0119 srov\u0119, o matavimo srov\u0117 reguliuojama automati\u0161kai. Prie\u0161 matavim\u0105 srov\u0117 palaipsniui didinama, o po jo ma\u017einama, taip eliminuojant magnetinius tranzientus. Kai matavimo srov\u0117 nustatyta, automatin\u0117 proced\u016bra pradedama vieno mygtuko paspaudimu. Komplektacija: prietaisas, programin\u0117 \u012franga, \u012f\u017eeminimo kabelis,&#8230;<\/p>\n","protected":false},"featured_media":44400,"comment_status":"open","ping_status":"closed","template":"","meta":{"_acf_changed":false},"product_brand":[1238],"product_cat":[17779],"product_tag":[],"class_list":{"0":"post-44673","1":"product","2":"type-product","3":"status-publish","4":"has-post-thumbnail","6":"product_brand-dvpower","7":"product_cat-elektriliste-seadmete-katsetamiseks-ja-testimiseks","9":"first","10":"instock","11":"taxable","12":"shipping-taxable","13":"product-type-simple"},"acf":[],"yoast_head":"<!-- This site is optimized with the Yoast SEO plugin v27.0 - https:\/\/yoast.com\/product\/yoast-seo-wordpress\/ -->\n<title>DVpower RMO600G mikroommetras - AXIOMA MS<\/title>\n<meta name=\"robots\" content=\"index, follow, max-snippet:-1, max-image-preview:large, max-video-preview:-1\" \/>\n<link rel=\"canonical\" href=\"https:\/\/www.axiomams.eu\/et\/produktas\/dvpower-rmo600g-mikrooommeeter\" \/>\n<meta property=\"og:locale\" content=\"et_EE\" \/>\n<meta property=\"og:type\" content=\"article\" \/>\n<meta property=\"og:title\" content=\"DVpower RMO600G mikroommetras - AXIOMA MS\" \/>\n<meta property=\"og:description\" content=\"RMO600G \u2013 tai pa\u017eangus mikroommetras, sukurtas naudojant moderniausias technologijas ir pa\u017eangiausi\u0105 impulsin\u0119 srov\u0117s valdymo sistem\u0105. Prietaisas generuoja bangavim\u0173 neturin\u010di\u0105 nuolatin\u0119 srov\u0119, o matavimo srov\u0117 reguliuojama automati\u0161kai. Prie\u0161 matavim\u0105 srov\u0117 palaipsniui didinama, o po jo ma\u017einama, taip eliminuojant magnetinius tranzientus. Kai matavimo srov\u0117 nustatyta, automatin\u0117 proced\u016bra pradedama vieno mygtuko paspaudimu. Komplektacija: prietaisas, programin\u0117 \u012franga, \u012f\u017eeminimo kabelis,...\" \/>\n<meta property=\"og:url\" content=\"https:\/\/www.axiomams.eu\/et\/produktas\/dvpower-rmo600g-mikrooommeeter\" \/>\n<meta property=\"og:site_name\" content=\"AXIOMA MS\" \/>\n<meta property=\"article:publisher\" content=\"https:\/\/www.facebook.com\/AxiomaMS\" \/>\n<meta property=\"article:modified_time\" content=\"2026-04-30T07:24:48+00:00\" \/>\n<meta property=\"og:image\" content=\"https:\/\/www.axiomams.eu\/wp-content\/uploads\/2026\/03\/853-1005.jpg\" \/>\n\t<meta property=\"og:image:width\" content=\"528\" \/>\n\t<meta property=\"og:image:height\" content=\"460\" \/>\n\t<meta property=\"og:image:type\" content=\"image\/jpeg\" \/>\n<meta name=\"twitter:card\" content=\"summary_large_image\" \/>\n<script type=\"application\/ld+json\" class=\"yoast-schema-graph\">{\"@context\":\"https:\/\/schema.org\",\"@graph\":[{\"@type\":\"WebPage\",\"@id\":\"https:\/\/www.axiomams.eu\/et\/produktas\/dvpower-rmo600g-mikrooommeeter\",\"url\":\"https:\/\/www.axiomams.eu\/et\/produktas\/dvpower-rmo600g-mikrooommeeter\",\"name\":\"DVpower RMO600G mikroommetras - AXIOMA MS\",\"isPartOf\":{\"@id\":\"https:\/\/www.axiomams.eu\/et#website\"},\"primaryImageOfPage\":{\"@id\":\"https:\/\/www.axiomams.eu\/et\/produktas\/dvpower-rmo600g-mikrooommeeter#primaryimage\"},\"image\":{\"@id\":\"https:\/\/www.axiomams.eu\/et\/produktas\/dvpower-rmo600g-mikrooommeeter#primaryimage\"},\"thumbnailUrl\":\"https:\/\/www.axiomams.eu\/wp-content\/uploads\/2026\/03\/853-1005.jpg\",\"datePublished\":\"2026-03-23T13:48:27+00:00\",\"dateModified\":\"2026-04-30T07:24:48+00:00\",\"breadcrumb\":{\"@id\":\"https:\/\/www.axiomams.eu\/et\/produktas\/dvpower-rmo600g-mikrooommeeter#breadcrumb\"},\"inLanguage\":\"et\",\"potentialAction\":[{\"@type\":\"ReadAction\",\"target\":[\"https:\/\/www.axiomams.eu\/et\/produktas\/dvpower-rmo600g-mikrooommeeter\"]}]},{\"@type\":\"ImageObject\",\"inLanguage\":\"et\",\"@id\":\"https:\/\/www.axiomams.eu\/et\/produktas\/dvpower-rmo600g-mikrooommeeter#primaryimage\",\"url\":\"https:\/\/www.axiomams.eu\/wp-content\/uploads\/2026\/03\/853-1005.jpg\",\"contentUrl\":\"https:\/\/www.axiomams.eu\/wp-content\/uploads\/2026\/03\/853-1005.jpg\",\"width\":528,\"height\":460},{\"@type\":\"BreadcrumbList\",\"@id\":\"https:\/\/www.axiomams.eu\/et\/produktas\/dvpower-rmo600g-mikrooommeeter#breadcrumb\",\"itemListElement\":[{\"@type\":\"ListItem\",\"position\":1,\"name\":\"Home\",\"item\":\"https:\/\/www.axiomams.eu\/et\"},{\"@type\":\"ListItem\",\"position\":2,\"name\":\"Tooted\",\"item\":\"https:\/\/www.axiomams.eu\/et\/tooted\"},{\"@type\":\"ListItem\",\"position\":3,\"name\":\"DVpower RMO600G mikroommetras\"}]},{\"@type\":\"WebSite\",\"@id\":\"https:\/\/www.axiomams.eu\/et#website\",\"url\":\"https:\/\/www.axiomams.eu\/et\",\"name\":\"AXIOMA MS\",\"description\":\"Terrmovizoriai ir matavimo \u012franga\",\"publisher\":{\"@id\":\"https:\/\/www.axiomams.eu\/et#organization\"},\"potentialAction\":[{\"@type\":\"SearchAction\",\"target\":{\"@type\":\"EntryPoint\",\"urlTemplate\":\"https:\/\/www.axiomams.eu\/et?s={search_term_string}\"},\"query-input\":{\"@type\":\"PropertyValueSpecification\",\"valueRequired\":true,\"valueName\":\"search_term_string\"}}],\"inLanguage\":\"et\"},{\"@type\":\"Organization\",\"@id\":\"https:\/\/www.axiomams.eu\/et#organization\",\"name\":\"AXIOMA MS\",\"url\":\"https:\/\/www.axiomams.eu\/et\",\"logo\":{\"@type\":\"ImageObject\",\"inLanguage\":\"et\",\"@id\":\"https:\/\/www.axiomams.eu\/et#\/schema\/logo\/image\/\",\"url\":\"https:\/\/www.axiomams.eu\/wp-content\/uploads\/2025\/06\/axioma-logo-2.png\",\"contentUrl\":\"https:\/\/www.axiomams.eu\/wp-content\/uploads\/2025\/06\/axioma-logo-2.png\",\"width\":1200,\"height\":1200,\"caption\":\"AXIOMA MS\"},\"image\":{\"@id\":\"https:\/\/www.axiomams.eu\/et#\/schema\/logo\/image\/\"},\"sameAs\":[\"https:\/\/www.facebook.com\/AxiomaMS\",\"https:\/\/www.linkedin.com\/company\/axiomams\/\"]}]}<\/script>\n<!-- \/ Yoast SEO plugin. -->","yoast_head_json":{"title":"DVpower RMO600G mikroommetras - AXIOMA MS","robots":{"index":"index","follow":"follow","max-snippet":"max-snippet:-1","max-image-preview":"max-image-preview:large","max-video-preview":"max-video-preview:-1"},"canonical":"https:\/\/www.axiomams.eu\/et\/produktas\/dvpower-rmo600g-mikrooommeeter","og_locale":"et_EE","og_type":"article","og_title":"DVpower RMO600G mikroommetras - AXIOMA MS","og_description":"RMO600G \u2013 tai pa\u017eangus mikroommetras, sukurtas naudojant moderniausias technologijas ir pa\u017eangiausi\u0105 impulsin\u0119 srov\u0117s valdymo sistem\u0105. Prietaisas generuoja bangavim\u0173 neturin\u010di\u0105 nuolatin\u0119 srov\u0119, o matavimo srov\u0117 reguliuojama automati\u0161kai. Prie\u0161 matavim\u0105 srov\u0117 palaipsniui didinama, o po jo ma\u017einama, taip eliminuojant magnetinius tranzientus. Kai matavimo srov\u0117 nustatyta, automatin\u0117 proced\u016bra pradedama vieno mygtuko paspaudimu. Komplektacija: prietaisas, programin\u0117 \u012franga, \u012f\u017eeminimo kabelis,...","og_url":"https:\/\/www.axiomams.eu\/et\/produktas\/dvpower-rmo600g-mikrooommeeter","og_site_name":"AXIOMA MS","article_publisher":"https:\/\/www.facebook.com\/AxiomaMS","article_modified_time":"2026-04-30T07:24:48+00:00","og_image":[{"width":528,"height":460,"url":"https:\/\/www.axiomams.eu\/wp-content\/uploads\/2026\/03\/853-1005.jpg","type":"image\/jpeg"}],"twitter_card":"summary_large_image","schema":{"@context":"https:\/\/schema.org","@graph":[{"@type":"WebPage","@id":"https:\/\/www.axiomams.eu\/et\/produktas\/dvpower-rmo600g-mikrooommeeter","url":"https:\/\/www.axiomams.eu\/et\/produktas\/dvpower-rmo600g-mikrooommeeter","name":"DVpower RMO600G mikroommetras - AXIOMA MS","isPartOf":{"@id":"https:\/\/www.axiomams.eu\/et#website"},"primaryImageOfPage":{"@id":"https:\/\/www.axiomams.eu\/et\/produktas\/dvpower-rmo600g-mikrooommeeter#primaryimage"},"image":{"@id":"https:\/\/www.axiomams.eu\/et\/produktas\/dvpower-rmo600g-mikrooommeeter#primaryimage"},"thumbnailUrl":"https:\/\/www.axiomams.eu\/wp-content\/uploads\/2026\/03\/853-1005.jpg","datePublished":"2026-03-23T13:48:27+00:00","dateModified":"2026-04-30T07:24:48+00:00","breadcrumb":{"@id":"https:\/\/www.axiomams.eu\/et\/produktas\/dvpower-rmo600g-mikrooommeeter#breadcrumb"},"inLanguage":"et","potentialAction":[{"@type":"ReadAction","target":["https:\/\/www.axiomams.eu\/et\/produktas\/dvpower-rmo600g-mikrooommeeter"]}]},{"@type":"ImageObject","inLanguage":"et","@id":"https:\/\/www.axiomams.eu\/et\/produktas\/dvpower-rmo600g-mikrooommeeter#primaryimage","url":"https:\/\/www.axiomams.eu\/wp-content\/uploads\/2026\/03\/853-1005.jpg","contentUrl":"https:\/\/www.axiomams.eu\/wp-content\/uploads\/2026\/03\/853-1005.jpg","width":528,"height":460},{"@type":"BreadcrumbList","@id":"https:\/\/www.axiomams.eu\/et\/produktas\/dvpower-rmo600g-mikrooommeeter#breadcrumb","itemListElement":[{"@type":"ListItem","position":1,"name":"Home","item":"https:\/\/www.axiomams.eu\/et"},{"@type":"ListItem","position":2,"name":"Tooted","item":"https:\/\/www.axiomams.eu\/et\/tooted"},{"@type":"ListItem","position":3,"name":"DVpower RMO600G mikroommetras"}]},{"@type":"WebSite","@id":"https:\/\/www.axiomams.eu\/et#website","url":"https:\/\/www.axiomams.eu\/et","name":"AXIOMA MS","description":"Terrmovizoriai ir matavimo \u012franga","publisher":{"@id":"https:\/\/www.axiomams.eu\/et#organization"},"potentialAction":[{"@type":"SearchAction","target":{"@type":"EntryPoint","urlTemplate":"https:\/\/www.axiomams.eu\/et?s={search_term_string}"},"query-input":{"@type":"PropertyValueSpecification","valueRequired":true,"valueName":"search_term_string"}}],"inLanguage":"et"},{"@type":"Organization","@id":"https:\/\/www.axiomams.eu\/et#organization","name":"AXIOMA MS","url":"https:\/\/www.axiomams.eu\/et","logo":{"@type":"ImageObject","inLanguage":"et","@id":"https:\/\/www.axiomams.eu\/et#\/schema\/logo\/image\/","url":"https:\/\/www.axiomams.eu\/wp-content\/uploads\/2025\/06\/axioma-logo-2.png","contentUrl":"https:\/\/www.axiomams.eu\/wp-content\/uploads\/2025\/06\/axioma-logo-2.png","width":1200,"height":1200,"caption":"AXIOMA MS"},"image":{"@id":"https:\/\/www.axiomams.eu\/et#\/schema\/logo\/image\/"},"sameAs":["https:\/\/www.facebook.com\/AxiomaMS","https:\/\/www.linkedin.com\/company\/axiomams\/"]}]}},"_links":{"self":[{"href":"https:\/\/www.axiomams.eu\/et\/wp-json\/wp\/v2\/product\/44673","targetHints":{"allow":["GET"]}}],"collection":[{"href":"https:\/\/www.axiomams.eu\/et\/wp-json\/wp\/v2\/product"}],"about":[{"href":"https:\/\/www.axiomams.eu\/et\/wp-json\/wp\/v2\/types\/product"}],"replies":[{"embeddable":true,"href":"https:\/\/www.axiomams.eu\/et\/wp-json\/wp\/v2\/comments?post=44673"}],"wp:featuredmedia":[{"embeddable":true,"href":"https:\/\/www.axiomams.eu\/et\/wp-json\/wp\/v2\/media\/44400"}],"wp:attachment":[{"href":"https:\/\/www.axiomams.eu\/et\/wp-json\/wp\/v2\/media?parent=44673"}],"wp:term":[{"taxonomy":"product_brand","embeddable":true,"href":"https:\/\/www.axiomams.eu\/et\/wp-json\/wp\/v2\/product_brand?post=44673"},{"taxonomy":"product_cat","embeddable":true,"href":"https:\/\/www.axiomams.eu\/et\/wp-json\/wp\/v2\/product_cat?post=44673"},{"taxonomy":"product_tag","embeddable":true,"href":"https:\/\/www.axiomams.eu\/et\/wp-json\/wp\/v2\/product_tag?post=44673"}],"curies":[{"name":"wp","href":"https:\/\/api.w.org\/{rel}","templated":true}]}}