{"id":44687,"date":"2026-03-23T15:48:23","date_gmt":"2026-03-23T13:48:23","guid":{"rendered":"https:\/\/www.axiomams.eu\/produktas\/dvpower-rmo300g-mikrooommeeter"},"modified":"2026-04-30T09:24:46","modified_gmt":"2026-04-30T07:24:46","slug":"dvpower-rmo300g-mikrooommeeter","status":"publish","type":"product","link":"https:\/\/www.axiomams.eu\/et\/produktas\/dvpower-rmo300g-mikrooommeeter","title":{"rendered":"DVpower RMO300G mikroommetras"},"content":{"rendered":"<p>RMO300G atmintyje gali i\u0161saugoti iki 500 matavim\u0173 rezultat\u0173, su j\u0173 atlikimo data ir laiku. Naudojant DV-Win programin\u0119 \u012frang\u0105, matavimus galima atlikti i\u0161 vartotojo kompiuterio per USB kabel\u012f (standartin\u0117 komplektacija) arba per RS232 kabel\u012f (pasirinktinai). Naudojantis DV-Win programine \u012frang\u0105, matavimo rezultatai gali b\u016bti i\u0161saugoti kaip Excel lentel\u0117s pavidalu, kuri v\u0117liau gali b\u016bti demonstruojama kaip diagrama ar i\u0161spausdinama ataskaitai. \u0160is \u012frenginys turi termin\u0119 ir vir\u0161srovi\u0173 apsaug\u0105. RMO300G geba panaikinti elektromagnetinius ir elektrostatinius trikd\u017eius auk\u0161tos \u012ftampos elektros laukuose. Tai pasiekiama ypa\u010d efektyvaus filtravimo d\u0117ka, naudojant patentuot\u0105 technin\u0119 ir programin\u0119 \u012frang\u0105.<\/p>\n<p>Komplektacija: prietaisas, programin\u0117 \u012franga, \u012f\u017eeminimo kabelis, USB kabelis<\/p>\n<h3>Technin\u0117 informacija:<\/h3>\n<ul>\n<li><a href=\"https:\/\/axiomams.eu\/importer\/export\/attachments\/lt\/dv-power-rmo300g.pdf\" target=\"_blank\">DV Power RMO300G.pdf<\/a><\/li>\n<\/ul>\n","protected":false},"excerpt":{"rendered":"<p>RMO300G atmintyje gali i\u0161saugoti iki 500 matavim\u0173 rezultat\u0173, su j\u0173 atlikimo data ir laiku. Naudojant DV-Win programin\u0119 \u012frang\u0105, matavimus galima atlikti i\u0161 vartotojo kompiuterio per USB kabel\u012f (standartin\u0117 komplektacija) arba per RS232 kabel\u012f (pasirinktinai). Naudojantis DV-Win programine \u012frang\u0105, matavimo rezultatai gali b\u016bti i\u0161saugoti kaip Excel lentel\u0117s pavidalu, kuri v\u0117liau gali b\u016bti demonstruojama kaip diagrama ar&#8230;<\/p>\n","protected":false},"featured_media":44390,"comment_status":"open","ping_status":"closed","template":"","meta":{"_acf_changed":false},"product_brand":[1238],"product_cat":[17779],"product_tag":[],"class_list":{"0":"post-44687","1":"product","2":"type-product","3":"status-publish","4":"has-post-thumbnail","6":"product_brand-dvpower","7":"product_cat-elektriliste-seadmete-katsetamiseks-ja-testimiseks","9":"first","10":"instock","11":"taxable","12":"shipping-taxable","13":"product-type-simple"},"acf":[],"yoast_head":"<!-- This site is optimized with the Yoast SEO plugin v27.0 - https:\/\/yoast.com\/product\/yoast-seo-wordpress\/ -->\n<title>DVpower RMO300G mikroommetras - AXIOMA MS<\/title>\n<meta name=\"robots\" content=\"index, follow, max-snippet:-1, max-image-preview:large, max-video-preview:-1\" \/>\n<link rel=\"canonical\" href=\"https:\/\/www.axiomams.eu\/et\/produktas\/dvpower-rmo300g-mikrooommeeter\" \/>\n<meta property=\"og:locale\" content=\"et_EE\" \/>\n<meta property=\"og:type\" content=\"article\" \/>\n<meta property=\"og:title\" content=\"DVpower RMO300G mikroommetras - AXIOMA MS\" \/>\n<meta property=\"og:description\" content=\"RMO300G atmintyje gali i\u0161saugoti iki 500 matavim\u0173 rezultat\u0173, su j\u0173 atlikimo data ir laiku. Naudojant DV-Win programin\u0119 \u012frang\u0105, matavimus galima atlikti i\u0161 vartotojo kompiuterio per USB kabel\u012f (standartin\u0117 komplektacija) arba per RS232 kabel\u012f (pasirinktinai). Naudojantis DV-Win programine \u012frang\u0105, matavimo rezultatai gali b\u016bti i\u0161saugoti kaip Excel lentel\u0117s pavidalu, kuri v\u0117liau gali b\u016bti demonstruojama kaip diagrama ar...\" \/>\n<meta property=\"og:url\" content=\"https:\/\/www.axiomams.eu\/et\/produktas\/dvpower-rmo300g-mikrooommeeter\" \/>\n<meta property=\"og:site_name\" content=\"AXIOMA MS\" \/>\n<meta property=\"article:publisher\" content=\"https:\/\/www.facebook.com\/AxiomaMS\" \/>\n<meta property=\"article:modified_time\" content=\"2026-04-30T07:24:46+00:00\" \/>\n<meta property=\"og:image\" content=\"https:\/\/www.axiomams.eu\/wp-content\/uploads\/2026\/03\/850-1001.jpg\" \/>\n\t<meta property=\"og:image:width\" content=\"528\" \/>\n\t<meta property=\"og:image:height\" content=\"460\" \/>\n\t<meta property=\"og:image:type\" content=\"image\/jpeg\" \/>\n<meta name=\"twitter:card\" content=\"summary_large_image\" \/>\n<meta name=\"twitter:label1\" content=\"Est. reading time\" \/>\n\t<meta name=\"twitter:data1\" content=\"1 minut\" \/>\n<script type=\"application\/ld+json\" class=\"yoast-schema-graph\">{\"@context\":\"https:\/\/schema.org\",\"@graph\":[{\"@type\":\"WebPage\",\"@id\":\"https:\/\/www.axiomams.eu\/et\/produktas\/dvpower-rmo300g-mikrooommeeter\",\"url\":\"https:\/\/www.axiomams.eu\/et\/produktas\/dvpower-rmo300g-mikrooommeeter\",\"name\":\"DVpower RMO300G mikroommetras - AXIOMA MS\",\"isPartOf\":{\"@id\":\"https:\/\/www.axiomams.eu\/et#website\"},\"primaryImageOfPage\":{\"@id\":\"https:\/\/www.axiomams.eu\/et\/produktas\/dvpower-rmo300g-mikrooommeeter#primaryimage\"},\"image\":{\"@id\":\"https:\/\/www.axiomams.eu\/et\/produktas\/dvpower-rmo300g-mikrooommeeter#primaryimage\"},\"thumbnailUrl\":\"https:\/\/www.axiomams.eu\/wp-content\/uploads\/2026\/03\/850-1001.jpg\",\"datePublished\":\"2026-03-23T13:48:23+00:00\",\"dateModified\":\"2026-04-30T07:24:46+00:00\",\"breadcrumb\":{\"@id\":\"https:\/\/www.axiomams.eu\/et\/produktas\/dvpower-rmo300g-mikrooommeeter#breadcrumb\"},\"inLanguage\":\"et\",\"potentialAction\":[{\"@type\":\"ReadAction\",\"target\":[\"https:\/\/www.axiomams.eu\/et\/produktas\/dvpower-rmo300g-mikrooommeeter\"]}]},{\"@type\":\"ImageObject\",\"inLanguage\":\"et\",\"@id\":\"https:\/\/www.axiomams.eu\/et\/produktas\/dvpower-rmo300g-mikrooommeeter#primaryimage\",\"url\":\"https:\/\/www.axiomams.eu\/wp-content\/uploads\/2026\/03\/850-1001.jpg\",\"contentUrl\":\"https:\/\/www.axiomams.eu\/wp-content\/uploads\/2026\/03\/850-1001.jpg\",\"width\":528,\"height\":460},{\"@type\":\"BreadcrumbList\",\"@id\":\"https:\/\/www.axiomams.eu\/et\/produktas\/dvpower-rmo300g-mikrooommeeter#breadcrumb\",\"itemListElement\":[{\"@type\":\"ListItem\",\"position\":1,\"name\":\"Home\",\"item\":\"https:\/\/www.axiomams.eu\/et\"},{\"@type\":\"ListItem\",\"position\":2,\"name\":\"Tooted\",\"item\":\"https:\/\/www.axiomams.eu\/et\/tooted\"},{\"@type\":\"ListItem\",\"position\":3,\"name\":\"DVpower RMO300G mikroommetras\"}]},{\"@type\":\"WebSite\",\"@id\":\"https:\/\/www.axiomams.eu\/et#website\",\"url\":\"https:\/\/www.axiomams.eu\/et\",\"name\":\"AXIOMA MS\",\"description\":\"Terrmovizoriai ir matavimo \u012franga\",\"publisher\":{\"@id\":\"https:\/\/www.axiomams.eu\/et#organization\"},\"potentialAction\":[{\"@type\":\"SearchAction\",\"target\":{\"@type\":\"EntryPoint\",\"urlTemplate\":\"https:\/\/www.axiomams.eu\/et?s={search_term_string}\"},\"query-input\":{\"@type\":\"PropertyValueSpecification\",\"valueRequired\":true,\"valueName\":\"search_term_string\"}}],\"inLanguage\":\"et\"},{\"@type\":\"Organization\",\"@id\":\"https:\/\/www.axiomams.eu\/et#organization\",\"name\":\"AXIOMA MS\",\"url\":\"https:\/\/www.axiomams.eu\/et\",\"logo\":{\"@type\":\"ImageObject\",\"inLanguage\":\"et\",\"@id\":\"https:\/\/www.axiomams.eu\/et#\/schema\/logo\/image\/\",\"url\":\"https:\/\/www.axiomams.eu\/wp-content\/uploads\/2025\/06\/axioma-logo-2.png\",\"contentUrl\":\"https:\/\/www.axiomams.eu\/wp-content\/uploads\/2025\/06\/axioma-logo-2.png\",\"width\":1200,\"height\":1200,\"caption\":\"AXIOMA MS\"},\"image\":{\"@id\":\"https:\/\/www.axiomams.eu\/et#\/schema\/logo\/image\/\"},\"sameAs\":[\"https:\/\/www.facebook.com\/AxiomaMS\",\"https:\/\/www.linkedin.com\/company\/axiomams\/\"]}]}<\/script>\n<!-- \/ Yoast SEO plugin. -->","yoast_head_json":{"title":"DVpower RMO300G mikroommetras - AXIOMA MS","robots":{"index":"index","follow":"follow","max-snippet":"max-snippet:-1","max-image-preview":"max-image-preview:large","max-video-preview":"max-video-preview:-1"},"canonical":"https:\/\/www.axiomams.eu\/et\/produktas\/dvpower-rmo300g-mikrooommeeter","og_locale":"et_EE","og_type":"article","og_title":"DVpower RMO300G mikroommetras - AXIOMA MS","og_description":"RMO300G atmintyje gali i\u0161saugoti iki 500 matavim\u0173 rezultat\u0173, su j\u0173 atlikimo data ir laiku. Naudojant DV-Win programin\u0119 \u012frang\u0105, matavimus galima atlikti i\u0161 vartotojo kompiuterio per USB kabel\u012f (standartin\u0117 komplektacija) arba per RS232 kabel\u012f (pasirinktinai). Naudojantis DV-Win programine \u012frang\u0105, matavimo rezultatai gali b\u016bti i\u0161saugoti kaip Excel lentel\u0117s pavidalu, kuri v\u0117liau gali b\u016bti demonstruojama kaip diagrama ar...","og_url":"https:\/\/www.axiomams.eu\/et\/produktas\/dvpower-rmo300g-mikrooommeeter","og_site_name":"AXIOMA MS","article_publisher":"https:\/\/www.facebook.com\/AxiomaMS","article_modified_time":"2026-04-30T07:24:46+00:00","og_image":[{"width":528,"height":460,"url":"https:\/\/www.axiomams.eu\/wp-content\/uploads\/2026\/03\/850-1001.jpg","type":"image\/jpeg"}],"twitter_card":"summary_large_image","twitter_misc":{"Est. reading time":"1 minut"},"schema":{"@context":"https:\/\/schema.org","@graph":[{"@type":"WebPage","@id":"https:\/\/www.axiomams.eu\/et\/produktas\/dvpower-rmo300g-mikrooommeeter","url":"https:\/\/www.axiomams.eu\/et\/produktas\/dvpower-rmo300g-mikrooommeeter","name":"DVpower RMO300G mikroommetras - AXIOMA MS","isPartOf":{"@id":"https:\/\/www.axiomams.eu\/et#website"},"primaryImageOfPage":{"@id":"https:\/\/www.axiomams.eu\/et\/produktas\/dvpower-rmo300g-mikrooommeeter#primaryimage"},"image":{"@id":"https:\/\/www.axiomams.eu\/et\/produktas\/dvpower-rmo300g-mikrooommeeter#primaryimage"},"thumbnailUrl":"https:\/\/www.axiomams.eu\/wp-content\/uploads\/2026\/03\/850-1001.jpg","datePublished":"2026-03-23T13:48:23+00:00","dateModified":"2026-04-30T07:24:46+00:00","breadcrumb":{"@id":"https:\/\/www.axiomams.eu\/et\/produktas\/dvpower-rmo300g-mikrooommeeter#breadcrumb"},"inLanguage":"et","potentialAction":[{"@type":"ReadAction","target":["https:\/\/www.axiomams.eu\/et\/produktas\/dvpower-rmo300g-mikrooommeeter"]}]},{"@type":"ImageObject","inLanguage":"et","@id":"https:\/\/www.axiomams.eu\/et\/produktas\/dvpower-rmo300g-mikrooommeeter#primaryimage","url":"https:\/\/www.axiomams.eu\/wp-content\/uploads\/2026\/03\/850-1001.jpg","contentUrl":"https:\/\/www.axiomams.eu\/wp-content\/uploads\/2026\/03\/850-1001.jpg","width":528,"height":460},{"@type":"BreadcrumbList","@id":"https:\/\/www.axiomams.eu\/et\/produktas\/dvpower-rmo300g-mikrooommeeter#breadcrumb","itemListElement":[{"@type":"ListItem","position":1,"name":"Home","item":"https:\/\/www.axiomams.eu\/et"},{"@type":"ListItem","position":2,"name":"Tooted","item":"https:\/\/www.axiomams.eu\/et\/tooted"},{"@type":"ListItem","position":3,"name":"DVpower RMO300G mikroommetras"}]},{"@type":"WebSite","@id":"https:\/\/www.axiomams.eu\/et#website","url":"https:\/\/www.axiomams.eu\/et","name":"AXIOMA MS","description":"Terrmovizoriai ir matavimo \u012franga","publisher":{"@id":"https:\/\/www.axiomams.eu\/et#organization"},"potentialAction":[{"@type":"SearchAction","target":{"@type":"EntryPoint","urlTemplate":"https:\/\/www.axiomams.eu\/et?s={search_term_string}"},"query-input":{"@type":"PropertyValueSpecification","valueRequired":true,"valueName":"search_term_string"}}],"inLanguage":"et"},{"@type":"Organization","@id":"https:\/\/www.axiomams.eu\/et#organization","name":"AXIOMA MS","url":"https:\/\/www.axiomams.eu\/et","logo":{"@type":"ImageObject","inLanguage":"et","@id":"https:\/\/www.axiomams.eu\/et#\/schema\/logo\/image\/","url":"https:\/\/www.axiomams.eu\/wp-content\/uploads\/2025\/06\/axioma-logo-2.png","contentUrl":"https:\/\/www.axiomams.eu\/wp-content\/uploads\/2025\/06\/axioma-logo-2.png","width":1200,"height":1200,"caption":"AXIOMA MS"},"image":{"@id":"https:\/\/www.axiomams.eu\/et#\/schema\/logo\/image\/"},"sameAs":["https:\/\/www.facebook.com\/AxiomaMS","https:\/\/www.linkedin.com\/company\/axiomams\/"]}]}},"_links":{"self":[{"href":"https:\/\/www.axiomams.eu\/et\/wp-json\/wp\/v2\/product\/44687","targetHints":{"allow":["GET"]}}],"collection":[{"href":"https:\/\/www.axiomams.eu\/et\/wp-json\/wp\/v2\/product"}],"about":[{"href":"https:\/\/www.axiomams.eu\/et\/wp-json\/wp\/v2\/types\/product"}],"replies":[{"embeddable":true,"href":"https:\/\/www.axiomams.eu\/et\/wp-json\/wp\/v2\/comments?post=44687"}],"wp:featuredmedia":[{"embeddable":true,"href":"https:\/\/www.axiomams.eu\/et\/wp-json\/wp\/v2\/media\/44390"}],"wp:attachment":[{"href":"https:\/\/www.axiomams.eu\/et\/wp-json\/wp\/v2\/media?parent=44687"}],"wp:term":[{"taxonomy":"product_brand","embeddable":true,"href":"https:\/\/www.axiomams.eu\/et\/wp-json\/wp\/v2\/product_brand?post=44687"},{"taxonomy":"product_cat","embeddable":true,"href":"https:\/\/www.axiomams.eu\/et\/wp-json\/wp\/v2\/product_cat?post=44687"},{"taxonomy":"product_tag","embeddable":true,"href":"https:\/\/www.axiomams.eu\/et\/wp-json\/wp\/v2\/product_tag?post=44687"}],"curies":[{"name":"wp","href":"https:\/\/api.w.org\/{rel}","templated":true}]}}