{"id":44948,"date":"2026-04-13T13:26:28","date_gmt":"2026-04-13T11:26:28","guid":{"rendered":"https:\/\/www.axiomams.eu\/produktas\/dvpower-rmo10eh-mikromeeter"},"modified":"2026-04-13T13:26:28","modified_gmt":"2026-04-13T11:26:28","slug":"dvpower-rmo10eh-mikromeeter","status":"publish","type":"product","link":"https:\/\/www.axiomams.eu\/et\/produktas\/dvpower-rmo10eh-mikromeeter","title":{"rendered":"DVpower RMO10EH mikromeeter"},"content":{"rendered":"<p>DV Power RMO10EH mikromeeter<br \/>\nDV Power RMO10EH mikromeeter on akutoitega kaasaskantav seade, mis on loodud v\u00e4ikeste takistuste t\u00e4pseks m\u00f5\u00f5tmiseks millioomide vahemikus. See on spetsiaalne lahendus professionaalidele, kes vajavad usaldusv\u00e4\u00e4rset mittinduktiivse takistuse testimist erinevates t\u00f6\u00f6keskkondades. <\/p>\n<p>Peamised omadused<br \/>\n&#8211; Loodud kiireteks, korratavateks ja t\u00e4pseteks m\u00f5\u00f5tmisteks<br \/>\n&#8211; Sobib mittinduktiivse takistuse testimiseks<br \/>\n&#8211; T\u00f6\u00f6tab t\u00f5husalt k\u00f5rge induktsiooniga keskkonnas<br \/>\n&#8211; 10 A testvool<br \/>\n&#8211; Toetab pikki m\u00f5\u00f5tekaableid \u2013 kuni 200 m<br \/>\n&#8211; \u00dche nupuvajutusega testimise funktsioon lihtsustab kasutamist<br \/>\n&#8211; Ergonoomiline klaviatuur ja selge men\u00fc\u00fcstruktuur tagavad mugava kasutamise<\/p>\n<p>Kasutusalad<br \/>\nRMO10EH-i kasutatakse laialdaselt:<br \/>\n&#8211; Tehase katsetustes<br \/>\n&#8211; Korrap\u00e4rastes hoolduskontrollides<br \/>\n&#8211; K\u00e4ivitamis- ja seadistamisprotsessides<br \/>\n&#8211; Elektrijaamades<br \/>\n&#8211; Objekti, kus elektrivarustus on piiratud v\u00f5i puudub<\/p>\n<p>Kaaludes alla 1 kg, on RMO10EH kerge ja h\u00f5lpsasti transportitav. T\u00e4nu kaasaskantavale disainile on seda mugav kasutada nii siseruumides kui ka v\u00e4ljas. Seade on eriti kasulik, kui on vaja liikuvust ja kiiret t\u00f6\u00f6valmidust.  <\/p>\n<h3>Tehniline teave:<\/h3>\n<ul>\n<li><a href=\"https:\/\/axiomams.eu\/importer\/export\/attachments\/lt\/dv-power-rmo10eh.pdf\" target=\"_blank\">DV Power RMO10EH.pdf<\/a><\/li>\n<\/ul>\n","protected":false},"excerpt":{"rendered":"<p>DV Power RMO10EH mikromeeter DV Power RMO10EH mikromeeter on akutoitega kaasaskantav seade, mis on loodud v\u00e4ikeste takistuste t\u00e4pseks m\u00f5\u00f5tmiseks millioomide vahemikus. See on spetsiaalne lahendus professionaalidele, kes vajavad usaldusv\u00e4\u00e4rset mittinduktiivse takistuse testimist erinevates t\u00f6\u00f6keskkondades. Peamised omadused &#8211; Loodud kiireteks, korratavateks ja t\u00e4pseteks m\u00f5\u00f5tmisteks &#8211; Sobib mittinduktiivse takistuse testimiseks &#8211; T\u00f6\u00f6tab t\u00f5husalt k\u00f5rge induktsiooniga keskkonnas &#8211;&#8230;<\/p>\n","protected":false},"featured_media":44754,"comment_status":"open","ping_status":"closed","template":"","meta":{"_acf_changed":false},"product_brand":[1238],"product_cat":[17779],"product_tag":[],"class_list":{"0":"post-44948","1":"product","2":"type-product","3":"status-publish","4":"has-post-thumbnail","6":"product_brand-dvpower","7":"product_cat-elektriliste-seadmete-katsetamiseks-ja-testimiseks","9":"first","10":"instock","11":"taxable","12":"shipping-taxable","13":"product-type-simple"},"acf":[],"yoast_head":"<!-- This site is optimized with the Yoast SEO plugin v27.0 - https:\/\/yoast.com\/product\/yoast-seo-wordpress\/ -->\n<title>DVpower RMO10EH mikromeeter - AXIOMA MS<\/title>\n<meta name=\"robots\" content=\"index, follow, max-snippet:-1, max-image-preview:large, max-video-preview:-1\" \/>\n<link rel=\"canonical\" href=\"https:\/\/www.axiomams.eu\/et\/produktas\/dvpower-rmo10eh-mikromeeter\" \/>\n<meta property=\"og:locale\" content=\"et_EE\" \/>\n<meta property=\"og:type\" content=\"article\" \/>\n<meta property=\"og:title\" content=\"DVpower RMO10EH mikromeeter - AXIOMA MS\" \/>\n<meta property=\"og:description\" content=\"DV Power RMO10EH mikromeeter DV Power RMO10EH mikromeeter on akutoitega kaasaskantav seade, mis on loodud v\u00e4ikeste takistuste t\u00e4pseks m\u00f5\u00f5tmiseks millioomide vahemikus. See on spetsiaalne lahendus professionaalidele, kes vajavad usaldusv\u00e4\u00e4rset mittinduktiivse takistuse testimist erinevates t\u00f6\u00f6keskkondades. Peamised omadused &#8211; Loodud kiireteks, korratavateks ja t\u00e4pseteks m\u00f5\u00f5tmisteks &#8211; Sobib mittinduktiivse takistuse testimiseks &#8211; T\u00f6\u00f6tab t\u00f5husalt k\u00f5rge induktsiooniga keskkonnas &#8211;...\" \/>\n<meta property=\"og:url\" content=\"https:\/\/www.axiomams.eu\/et\/produktas\/dvpower-rmo10eh-mikromeeter\" \/>\n<meta property=\"og:site_name\" content=\"AXIOMA MS\" \/>\n<meta property=\"article:publisher\" content=\"https:\/\/www.facebook.com\/AxiomaMS\" \/>\n<meta property=\"og:image\" content=\"https:\/\/www.axiomams.eu\/wp-content\/uploads\/2026\/04\/4725-6272.jpg\" \/>\n\t<meta property=\"og:image:width\" content=\"1000\" \/>\n\t<meta property=\"og:image:height\" content=\"1000\" \/>\n\t<meta property=\"og:image:type\" content=\"image\/jpeg\" \/>\n<meta name=\"twitter:card\" content=\"summary_large_image\" \/>\n<meta name=\"twitter:label1\" content=\"Est. reading time\" \/>\n\t<meta name=\"twitter:data1\" content=\"1 minut\" \/>\n<script type=\"application\/ld+json\" class=\"yoast-schema-graph\">{\"@context\":\"https:\/\/schema.org\",\"@graph\":[{\"@type\":\"WebPage\",\"@id\":\"https:\/\/www.axiomams.eu\/et\/produktas\/dvpower-rmo10eh-mikromeeter\",\"url\":\"https:\/\/www.axiomams.eu\/et\/produktas\/dvpower-rmo10eh-mikromeeter\",\"name\":\"DVpower RMO10EH mikromeeter - AXIOMA MS\",\"isPartOf\":{\"@id\":\"https:\/\/www.axiomams.eu\/et#website\"},\"primaryImageOfPage\":{\"@id\":\"https:\/\/www.axiomams.eu\/et\/produktas\/dvpower-rmo10eh-mikromeeter#primaryimage\"},\"image\":{\"@id\":\"https:\/\/www.axiomams.eu\/et\/produktas\/dvpower-rmo10eh-mikromeeter#primaryimage\"},\"thumbnailUrl\":\"https:\/\/www.axiomams.eu\/wp-content\/uploads\/2026\/04\/4725-6272.jpg\",\"datePublished\":\"2026-04-13T11:26:28+00:00\",\"breadcrumb\":{\"@id\":\"https:\/\/www.axiomams.eu\/et\/produktas\/dvpower-rmo10eh-mikromeeter#breadcrumb\"},\"inLanguage\":\"et\",\"potentialAction\":[{\"@type\":\"ReadAction\",\"target\":[\"https:\/\/www.axiomams.eu\/et\/produktas\/dvpower-rmo10eh-mikromeeter\"]}]},{\"@type\":\"ImageObject\",\"inLanguage\":\"et\",\"@id\":\"https:\/\/www.axiomams.eu\/et\/produktas\/dvpower-rmo10eh-mikromeeter#primaryimage\",\"url\":\"https:\/\/www.axiomams.eu\/wp-content\/uploads\/2026\/04\/4725-6272.jpg\",\"contentUrl\":\"https:\/\/www.axiomams.eu\/wp-content\/uploads\/2026\/04\/4725-6272.jpg\",\"width\":1000,\"height\":1000},{\"@type\":\"BreadcrumbList\",\"@id\":\"https:\/\/www.axiomams.eu\/et\/produktas\/dvpower-rmo10eh-mikromeeter#breadcrumb\",\"itemListElement\":[{\"@type\":\"ListItem\",\"position\":1,\"name\":\"Home\",\"item\":\"https:\/\/www.axiomams.eu\/et\"},{\"@type\":\"ListItem\",\"position\":2,\"name\":\"Tooted\",\"item\":\"https:\/\/www.axiomams.eu\/et\/tooted\"},{\"@type\":\"ListItem\",\"position\":3,\"name\":\"DVpower RMO10EH mikromeeter\"}]},{\"@type\":\"WebSite\",\"@id\":\"https:\/\/www.axiomams.eu\/et#website\",\"url\":\"https:\/\/www.axiomams.eu\/et\",\"name\":\"AXIOMA MS\",\"description\":\"Terrmovizoriai ir matavimo \u012franga\",\"publisher\":{\"@id\":\"https:\/\/www.axiomams.eu\/et#organization\"},\"potentialAction\":[{\"@type\":\"SearchAction\",\"target\":{\"@type\":\"EntryPoint\",\"urlTemplate\":\"https:\/\/www.axiomams.eu\/et?s={search_term_string}\"},\"query-input\":{\"@type\":\"PropertyValueSpecification\",\"valueRequired\":true,\"valueName\":\"search_term_string\"}}],\"inLanguage\":\"et\"},{\"@type\":\"Organization\",\"@id\":\"https:\/\/www.axiomams.eu\/et#organization\",\"name\":\"AXIOMA MS\",\"url\":\"https:\/\/www.axiomams.eu\/et\",\"logo\":{\"@type\":\"ImageObject\",\"inLanguage\":\"et\",\"@id\":\"https:\/\/www.axiomams.eu\/et#\/schema\/logo\/image\/\",\"url\":\"https:\/\/www.axiomams.eu\/wp-content\/uploads\/2025\/06\/axioma-logo-2.png\",\"contentUrl\":\"https:\/\/www.axiomams.eu\/wp-content\/uploads\/2025\/06\/axioma-logo-2.png\",\"width\":1200,\"height\":1200,\"caption\":\"AXIOMA MS\"},\"image\":{\"@id\":\"https:\/\/www.axiomams.eu\/et#\/schema\/logo\/image\/\"},\"sameAs\":[\"https:\/\/www.facebook.com\/AxiomaMS\",\"https:\/\/www.linkedin.com\/company\/axiomams\/\"]}]}<\/script>\n<!-- \/ Yoast SEO plugin. -->","yoast_head_json":{"title":"DVpower RMO10EH mikromeeter - AXIOMA MS","robots":{"index":"index","follow":"follow","max-snippet":"max-snippet:-1","max-image-preview":"max-image-preview:large","max-video-preview":"max-video-preview:-1"},"canonical":"https:\/\/www.axiomams.eu\/et\/produktas\/dvpower-rmo10eh-mikromeeter","og_locale":"et_EE","og_type":"article","og_title":"DVpower RMO10EH mikromeeter - AXIOMA MS","og_description":"DV Power RMO10EH mikromeeter DV Power RMO10EH mikromeeter on akutoitega kaasaskantav seade, mis on loodud v\u00e4ikeste takistuste t\u00e4pseks m\u00f5\u00f5tmiseks millioomide vahemikus. See on spetsiaalne lahendus professionaalidele, kes vajavad usaldusv\u00e4\u00e4rset mittinduktiivse takistuse testimist erinevates t\u00f6\u00f6keskkondades. Peamised omadused &#8211; Loodud kiireteks, korratavateks ja t\u00e4pseteks m\u00f5\u00f5tmisteks &#8211; Sobib mittinduktiivse takistuse testimiseks &#8211; T\u00f6\u00f6tab t\u00f5husalt k\u00f5rge induktsiooniga keskkonnas &#8211;...","og_url":"https:\/\/www.axiomams.eu\/et\/produktas\/dvpower-rmo10eh-mikromeeter","og_site_name":"AXIOMA MS","article_publisher":"https:\/\/www.facebook.com\/AxiomaMS","og_image":[{"width":1000,"height":1000,"url":"https:\/\/www.axiomams.eu\/wp-content\/uploads\/2026\/04\/4725-6272.jpg","type":"image\/jpeg"}],"twitter_card":"summary_large_image","twitter_misc":{"Est. reading time":"1 minut"},"schema":{"@context":"https:\/\/schema.org","@graph":[{"@type":"WebPage","@id":"https:\/\/www.axiomams.eu\/et\/produktas\/dvpower-rmo10eh-mikromeeter","url":"https:\/\/www.axiomams.eu\/et\/produktas\/dvpower-rmo10eh-mikromeeter","name":"DVpower RMO10EH mikromeeter - AXIOMA MS","isPartOf":{"@id":"https:\/\/www.axiomams.eu\/et#website"},"primaryImageOfPage":{"@id":"https:\/\/www.axiomams.eu\/et\/produktas\/dvpower-rmo10eh-mikromeeter#primaryimage"},"image":{"@id":"https:\/\/www.axiomams.eu\/et\/produktas\/dvpower-rmo10eh-mikromeeter#primaryimage"},"thumbnailUrl":"https:\/\/www.axiomams.eu\/wp-content\/uploads\/2026\/04\/4725-6272.jpg","datePublished":"2026-04-13T11:26:28+00:00","breadcrumb":{"@id":"https:\/\/www.axiomams.eu\/et\/produktas\/dvpower-rmo10eh-mikromeeter#breadcrumb"},"inLanguage":"et","potentialAction":[{"@type":"ReadAction","target":["https:\/\/www.axiomams.eu\/et\/produktas\/dvpower-rmo10eh-mikromeeter"]}]},{"@type":"ImageObject","inLanguage":"et","@id":"https:\/\/www.axiomams.eu\/et\/produktas\/dvpower-rmo10eh-mikromeeter#primaryimage","url":"https:\/\/www.axiomams.eu\/wp-content\/uploads\/2026\/04\/4725-6272.jpg","contentUrl":"https:\/\/www.axiomams.eu\/wp-content\/uploads\/2026\/04\/4725-6272.jpg","width":1000,"height":1000},{"@type":"BreadcrumbList","@id":"https:\/\/www.axiomams.eu\/et\/produktas\/dvpower-rmo10eh-mikromeeter#breadcrumb","itemListElement":[{"@type":"ListItem","position":1,"name":"Home","item":"https:\/\/www.axiomams.eu\/et"},{"@type":"ListItem","position":2,"name":"Tooted","item":"https:\/\/www.axiomams.eu\/et\/tooted"},{"@type":"ListItem","position":3,"name":"DVpower RMO10EH mikromeeter"}]},{"@type":"WebSite","@id":"https:\/\/www.axiomams.eu\/et#website","url":"https:\/\/www.axiomams.eu\/et","name":"AXIOMA MS","description":"Terrmovizoriai ir matavimo \u012franga","publisher":{"@id":"https:\/\/www.axiomams.eu\/et#organization"},"potentialAction":[{"@type":"SearchAction","target":{"@type":"EntryPoint","urlTemplate":"https:\/\/www.axiomams.eu\/et?s={search_term_string}"},"query-input":{"@type":"PropertyValueSpecification","valueRequired":true,"valueName":"search_term_string"}}],"inLanguage":"et"},{"@type":"Organization","@id":"https:\/\/www.axiomams.eu\/et#organization","name":"AXIOMA MS","url":"https:\/\/www.axiomams.eu\/et","logo":{"@type":"ImageObject","inLanguage":"et","@id":"https:\/\/www.axiomams.eu\/et#\/schema\/logo\/image\/","url":"https:\/\/www.axiomams.eu\/wp-content\/uploads\/2025\/06\/axioma-logo-2.png","contentUrl":"https:\/\/www.axiomams.eu\/wp-content\/uploads\/2025\/06\/axioma-logo-2.png","width":1200,"height":1200,"caption":"AXIOMA MS"},"image":{"@id":"https:\/\/www.axiomams.eu\/et#\/schema\/logo\/image\/"},"sameAs":["https:\/\/www.facebook.com\/AxiomaMS","https:\/\/www.linkedin.com\/company\/axiomams\/"]}]}},"_links":{"self":[{"href":"https:\/\/www.axiomams.eu\/et\/wp-json\/wp\/v2\/product\/44948","targetHints":{"allow":["GET"]}}],"collection":[{"href":"https:\/\/www.axiomams.eu\/et\/wp-json\/wp\/v2\/product"}],"about":[{"href":"https:\/\/www.axiomams.eu\/et\/wp-json\/wp\/v2\/types\/product"}],"replies":[{"embeddable":true,"href":"https:\/\/www.axiomams.eu\/et\/wp-json\/wp\/v2\/comments?post=44948"}],"wp:featuredmedia":[{"embeddable":true,"href":"https:\/\/www.axiomams.eu\/et\/wp-json\/wp\/v2\/media\/44754"}],"wp:attachment":[{"href":"https:\/\/www.axiomams.eu\/et\/wp-json\/wp\/v2\/media?parent=44948"}],"wp:term":[{"taxonomy":"product_brand","embeddable":true,"href":"https:\/\/www.axiomams.eu\/et\/wp-json\/wp\/v2\/product_brand?post=44948"},{"taxonomy":"product_cat","embeddable":true,"href":"https:\/\/www.axiomams.eu\/et\/wp-json\/wp\/v2\/product_cat?post=44948"},{"taxonomy":"product_tag","embeddable":true,"href":"https:\/\/www.axiomams.eu\/et\/wp-json\/wp\/v2\/product_tag?post=44948"}],"curies":[{"name":"wp","href":"https:\/\/api.w.org\/{rel}","templated":true}]}}