{"id":38737,"date":"2025-02-14T14:36:30","date_gmt":"2025-02-14T12:36:30","guid":{"rendered":"https:\/\/www.axiomams.eu\/par-mums"},"modified":"2025-11-19T10:06:35","modified_gmt":"2025-11-19T08:06:35","slug":"par-mums","status":"publish","type":"page","link":"https:\/\/www.axiomams.eu\/lv\/par-mums","title":{"rendered":"Par mums"},"content":{"rendered":"<section class=\"l-section wpb_row us_custom_5c06237d height_medium\"><div class=\"l-section-h i-cf\"><div class=\"g-cols vc_row via_flex valign_top type_default stacking_default\"><div class=\"vc_col-sm-12 wpb_column vc_column_container\"><div class=\"vc_column-inner\"><div class=\"wpb_wrapper\"><h1 class=\"w-post-elm post_title align_center entry-title color_link_inherit\">Par mums<\/h1><div class=\"w-separator size_medium\"><\/div><div class=\"g-cols wpb_row via_flex valign_top type_default stacking_default\"><div class=\"vc_col-sm-4 wpb_column vc_column_container\"><div class=\"vc_column-inner\"><div class=\"wpb_wrapper\"><h2 class=\"w-text theme__text text__h2\"><span class=\"w-text-h\"><span class=\"w-text-value\">UAB &quot;Axioma MS&quot;<\/span><\/span><\/h2><\/div><\/div><\/div><div class=\"vc_col-sm-8 wpb_column vc_column_container\"><div class=\"vc_column-inner\"><div class=\"wpb_wrapper\"><div class=\"wpb_text_column\"><div class=\"wpb_wrapper\"><p>Axioma MS ir uz\u0146\u0113mums ar ilggad\u0113ju pieredzi m\u0113rinstrumentu izv\u0113l\u0113 un pieg\u0101d\u0113. Jau vair\u0101k nek\u0101 20 gadus m\u0113s atrodam lab\u0101kos m\u0113r\u012bjumu risin\u0101jumus un pal\u012bdzam uz\u0146\u0113mumiem tos izmantot sav\u0101 darb\u012bb\u0101. M\u0113s pied\u0101v\u0101jam instrumentus un iek\u0101rtas ener\u0123\u0113tikai, vides parametriem, r\u016bpniecisko iek\u0101rtu anal\u012bzei un diagnostikai, laboratorij\u0101m, struktur\u0101lajai anal\u012bzei, termovizijai u. c.  <\/p>\n<p>1996. gads &#8211; UAB Elinta s\u0101k pieg\u0101d\u0101t m\u0113r\u012b\u0161anas iek\u0101rtas un baro\u0161anas avotus r\u016bpniec\u012bbas uz\u0146\u0113mumiem. <\/p>\n<p>2002. gads &#8211; tiek izveidota un k\u0101 atsevi\u0161\u0137s grupas uz\u0146\u0113mums nodibin\u0101ta UAB Elintos matavimo sist\u0113mas (Elintos Measurement Systems). <\/p>\n<p>2023. gads &#8211; UAB Axioma servisas ieg\u0101d\u0101jas 100 % uz\u0146\u0113muma akciju.  <\/p>\n<p>2024. gads &#8211; uz\u0146\u0113muma nosaukums tiek main\u012bts uz UAB Axioma MS. Atjaunin\u0101ts ar\u012b z\u012bmols.<\/p>\n<\/div><\/div><\/div><\/div><\/div><\/div><div class=\"w-separator size_medium with_line width_default thick_1 style_solid color_border align_center\"><div class=\"w-separator-h\"><\/div><\/div><div class=\"g-cols wpb_row via_flex valign_top type_default stacking_default\"><div class=\"vc_col-sm-4 wpb_column vc_column_container\"><div class=\"vc_column-inner\"><div class=\"wpb_wrapper\"><h2 class=\"w-text theme__text text__h2\"><span class=\"w-text-h\"><span class=\"w-text-value\">Specializ\u0101cijas jomas<\/span><\/span><\/h2><\/div><\/div><\/div><div class=\"vc_col-sm-8 wpb_column vc_column_container\"><div class=\"vc_column-inner\"><div class=\"wpb_wrapper\"><div class=\"wpb_text_column\"><div class=\"wpb_wrapper\"><ul>\n<li>m\u0113rinstrumentu un iek\u0101rtu, regul\u0113\u0161anas sist\u0113mu, test\u0113\u0161anas iek\u0101rtu, baro\u0161anas avotu pieg\u0101de;<\/li>\n<li>Iek\u0101rtu garantijas un p\u0113cgarantijas apkalpo\u0161ana;<\/li>\n<li>konsult\u0101cijas;<\/li>\n<li>instrumentu p\u0101rbaude un kalibr\u0113\u0161ana.<\/li>\n<\/ul>\n<\/div><\/div><\/div><\/div><\/div><\/div><div class=\"w-separator size_medium with_line width_default thick_1 style_solid color_border align_center\"><div class=\"w-separator-h\"><\/div><\/div><div class=\"g-cols wpb_row via_flex valign_top type_default stacking_default\"><div class=\"vc_col-sm-4 wpb_column vc_column_container\"><div class=\"vc_column-inner\"><div class=\"wpb_wrapper\"><h2 class=\"w-text theme__text text__h2\"><span class=\"w-text-h\"><span class=\"w-text-value\">M\u016bsu pakalpojumi<\/span><\/span><\/h2><\/div><\/div><\/div><div class=\"vc_col-sm-8 wpb_column vc_column_container\"><div class=\"vc_column-inner\"><div class=\"wpb_wrapper\"><div class=\"w-vwrapper align_none valign_top\" style=\"--vwrapper-gap:15px\"><div class=\"w-iconbox iconpos_left style_default color_primary align_left no_text\"><div class=\"w-iconbox-icon\" style=\"font-size:;\"><i class=\"far fa-check-square\"><\/i><\/div><div class=\"w-iconbox-meta\"><h4 class=\"w-iconbox-title\">Garantijas un p\u0113cgarantijas apkalpo\u0161ana<\/h4><\/div><\/div><div class=\"w-iconbox iconpos_left style_default color_primary align_left no_text\"><div class=\"w-iconbox-icon\" style=\"font-size:;\"><i class=\"far fa-check-square\"><\/i><\/div><div class=\"w-iconbox-meta\"><h4 class=\"w-iconbox-title\">verifik\u0101cijas un kalibr\u0113\u0161anas organiz\u0113\u0161ana<\/h4><\/div><\/div><div class=\"w-iconbox iconpos_left style_default color_primary align_left no_text\"><div class=\"w-iconbox-icon\" style=\"font-size:;\"><i class=\"far fa-check-square\"><\/i><\/div><div class=\"w-iconbox-meta\"><h4 class=\"w-iconbox-title\">Nestandarta m\u0113r\u012bjumu risin\u0101jumu mekl\u0113\u0161ana un izstr\u0101de<\/h4><\/div><\/div><div class=\"w-iconbox iconpos_left style_default color_primary align_left no_text\"><div class=\"w-iconbox-icon\" style=\"font-size:;\"><i class=\"far fa-check-square\"><\/i><\/div><div class=\"w-iconbox-meta\"><h4 class=\"w-iconbox-title\">Term\u0101l\u0101s att\u0113lveido\u0161anas p\u0113t\u012bjumi<\/h4><\/div><\/div><div class=\"w-iconbox iconpos_left style_default color_primary align_left no_text\"><div class=\"w-iconbox-icon\" style=\"font-size:;\"><i class=\"far fa-check-square\"><\/i><\/div><div class=\"w-iconbox-meta\"><h4 class=\"w-iconbox-title\">Apm\u0101c\u012bba<\/h4><\/div><\/div><\/div><\/div><\/div><\/div><\/div><\/div><\/div><\/div><\/div><\/div><\/section>\n","protected":false},"excerpt":{"rendered":"Par mumsUAB &quot;Axioma MS&quot;Axioma MS ir uz\u0146\u0113mums ar ilggad\u0113ju pieredzi m\u0113rinstrumentu izv\u0113l\u0113 un pieg\u0101d\u0113. Jau vair\u0101k nek\u0101 20 gadus m\u0113s atrodam lab\u0101kos m\u0113r\u012bjumu risin\u0101jumus un pal\u012bdzam uz\u0146\u0113mumiem tos izmantot sav\u0101 darb\u012bb\u0101. M\u0113s pied\u0101v\u0101jam instrumentus un iek\u0101rtas ener\u0123\u0113tikai, vides parametriem, r\u016bpniecisko iek\u0101rtu anal\u012bzei un diagnostikai, laboratorij\u0101m, struktur\u0101lajai anal\u012bzei, termovizijai u. c. 1996. gads &#8211; UAB Elinta...","protected":false},"author":1,"featured_media":0,"parent":0,"menu_order":0,"comment_status":"closed","ping_status":"closed","template":"","meta":{"_acf_changed":false,"footnotes":""},"class_list":["post-38737","page","type-page","status-publish","hentry"],"acf":[],"yoast_head":"<!-- This site is optimized with the Yoast SEO plugin v27.0 - https:\/\/yoast.com\/product\/yoast-seo-wordpress\/ -->\n<title>Par mums - AXIOMA MS<\/title>\n<meta name=\"robots\" content=\"index, follow, max-snippet:-1, max-image-preview:large, max-video-preview:-1\" \/>\n<link rel=\"canonical\" href=\"https:\/\/www.axiomams.eu\/lv\/par-mums\" \/>\n<meta property=\"og:locale\" content=\"lv_LV\" \/>\n<meta property=\"og:type\" content=\"article\" \/>\n<meta property=\"og:title\" content=\"Par mums - AXIOMA MS\" \/>\n<meta property=\"og:url\" content=\"https:\/\/www.axiomams.eu\/lv\/par-mums\" \/>\n<meta property=\"og:site_name\" content=\"AXIOMA MS\" \/>\n<meta property=\"article:publisher\" content=\"https:\/\/www.facebook.com\/AxiomaMS\" \/>\n<meta property=\"article:modified_time\" content=\"2025-11-19T08:06:35+00:00\" \/>\n<meta name=\"twitter:card\" content=\"summary_large_image\" \/>\n<meta name=\"twitter:label1\" content=\"Est. reading time\" \/>\n\t<meta name=\"twitter:data1\" content=\"2 minutes\" \/>\n<script type=\"application\/ld+json\" class=\"yoast-schema-graph\">{\"@context\":\"https:\/\/schema.org\",\"@graph\":[{\"@type\":\"WebPage\",\"@id\":\"https:\/\/www.axiomams.eu\/lv\/par-mums\",\"url\":\"https:\/\/www.axiomams.eu\/lv\/par-mums\",\"name\":\"Par mums - AXIOMA MS\",\"isPartOf\":{\"@id\":\"https:\/\/www.axiomams.eu\/lv#website\"},\"datePublished\":\"2025-02-14T12:36:30+00:00\",\"dateModified\":\"2025-11-19T08:06:35+00:00\",\"breadcrumb\":{\"@id\":\"https:\/\/www.axiomams.eu\/lv\/par-mums#breadcrumb\"},\"inLanguage\":\"lv-LV\",\"potentialAction\":[{\"@type\":\"ReadAction\",\"target\":[\"https:\/\/www.axiomams.eu\/lv\/par-mums\"]}]},{\"@type\":\"BreadcrumbList\",\"@id\":\"https:\/\/www.axiomams.eu\/lv\/par-mums#breadcrumb\",\"itemListElement\":[{\"@type\":\"ListItem\",\"position\":1,\"name\":\"Home\",\"item\":\"https:\/\/www.axiomams.eu\/lv\"},{\"@type\":\"ListItem\",\"position\":2,\"name\":\"Par mums\"}]},{\"@type\":\"WebSite\",\"@id\":\"https:\/\/www.axiomams.eu\/lv#website\",\"url\":\"https:\/\/www.axiomams.eu\/lv\",\"name\":\"AXIOMA MS\",\"description\":\"Terrmovizoriai ir matavimo \u012franga\",\"publisher\":{\"@id\":\"https:\/\/www.axiomams.eu\/lv#organization\"},\"potentialAction\":[{\"@type\":\"SearchAction\",\"target\":{\"@type\":\"EntryPoint\",\"urlTemplate\":\"https:\/\/www.axiomams.eu\/lv?s={search_term_string}\"},\"query-input\":{\"@type\":\"PropertyValueSpecification\",\"valueRequired\":true,\"valueName\":\"search_term_string\"}}],\"inLanguage\":\"lv-LV\"},{\"@type\":\"Organization\",\"@id\":\"https:\/\/www.axiomams.eu\/lv#organization\",\"name\":\"AXIOMA MS\",\"url\":\"https:\/\/www.axiomams.eu\/lv\",\"logo\":{\"@type\":\"ImageObject\",\"inLanguage\":\"lv-LV\",\"@id\":\"https:\/\/www.axiomams.eu\/lv#\/schema\/logo\/image\/\",\"url\":\"https:\/\/www.axiomams.eu\/wp-content\/uploads\/2025\/06\/axioma-logo-2.png\",\"contentUrl\":\"https:\/\/www.axiomams.eu\/wp-content\/uploads\/2025\/06\/axioma-logo-2.png\",\"width\":1200,\"height\":1200,\"caption\":\"AXIOMA MS\"},\"image\":{\"@id\":\"https:\/\/www.axiomams.eu\/lv#\/schema\/logo\/image\/\"},\"sameAs\":[\"https:\/\/www.facebook.com\/AxiomaMS\",\"https:\/\/www.linkedin.com\/company\/axiomams\/\"]}]}<\/script>\n<!-- \/ Yoast SEO plugin. -->","yoast_head_json":{"title":"Par mums - AXIOMA MS","robots":{"index":"index","follow":"follow","max-snippet":"max-snippet:-1","max-image-preview":"max-image-preview:large","max-video-preview":"max-video-preview:-1"},"canonical":"https:\/\/www.axiomams.eu\/lv\/par-mums","og_locale":"lv_LV","og_type":"article","og_title":"Par mums - AXIOMA MS","og_url":"https:\/\/www.axiomams.eu\/lv\/par-mums","og_site_name":"AXIOMA MS","article_publisher":"https:\/\/www.facebook.com\/AxiomaMS","article_modified_time":"2025-11-19T08:06:35+00:00","twitter_card":"summary_large_image","twitter_misc":{"Est. reading time":"2 minutes"},"schema":{"@context":"https:\/\/schema.org","@graph":[{"@type":"WebPage","@id":"https:\/\/www.axiomams.eu\/lv\/par-mums","url":"https:\/\/www.axiomams.eu\/lv\/par-mums","name":"Par mums - AXIOMA MS","isPartOf":{"@id":"https:\/\/www.axiomams.eu\/lv#website"},"datePublished":"2025-02-14T12:36:30+00:00","dateModified":"2025-11-19T08:06:35+00:00","breadcrumb":{"@id":"https:\/\/www.axiomams.eu\/lv\/par-mums#breadcrumb"},"inLanguage":"lv-LV","potentialAction":[{"@type":"ReadAction","target":["https:\/\/www.axiomams.eu\/lv\/par-mums"]}]},{"@type":"BreadcrumbList","@id":"https:\/\/www.axiomams.eu\/lv\/par-mums#breadcrumb","itemListElement":[{"@type":"ListItem","position":1,"name":"Home","item":"https:\/\/www.axiomams.eu\/lv"},{"@type":"ListItem","position":2,"name":"Par mums"}]},{"@type":"WebSite","@id":"https:\/\/www.axiomams.eu\/lv#website","url":"https:\/\/www.axiomams.eu\/lv","name":"AXIOMA MS","description":"Terrmovizoriai ir matavimo \u012franga","publisher":{"@id":"https:\/\/www.axiomams.eu\/lv#organization"},"potentialAction":[{"@type":"SearchAction","target":{"@type":"EntryPoint","urlTemplate":"https:\/\/www.axiomams.eu\/lv?s={search_term_string}"},"query-input":{"@type":"PropertyValueSpecification","valueRequired":true,"valueName":"search_term_string"}}],"inLanguage":"lv-LV"},{"@type":"Organization","@id":"https:\/\/www.axiomams.eu\/lv#organization","name":"AXIOMA MS","url":"https:\/\/www.axiomams.eu\/lv","logo":{"@type":"ImageObject","inLanguage":"lv-LV","@id":"https:\/\/www.axiomams.eu\/lv#\/schema\/logo\/image\/","url":"https:\/\/www.axiomams.eu\/wp-content\/uploads\/2025\/06\/axioma-logo-2.png","contentUrl":"https:\/\/www.axiomams.eu\/wp-content\/uploads\/2025\/06\/axioma-logo-2.png","width":1200,"height":1200,"caption":"AXIOMA MS"},"image":{"@id":"https:\/\/www.axiomams.eu\/lv#\/schema\/logo\/image\/"},"sameAs":["https:\/\/www.facebook.com\/AxiomaMS","https:\/\/www.linkedin.com\/company\/axiomams\/"]}]}},"_links":{"self":[{"href":"https:\/\/www.axiomams.eu\/lv\/wp-json\/wp\/v2\/pages\/38737","targetHints":{"allow":["GET"]}}],"collection":[{"href":"https:\/\/www.axiomams.eu\/lv\/wp-json\/wp\/v2\/pages"}],"about":[{"href":"https:\/\/www.axiomams.eu\/lv\/wp-json\/wp\/v2\/types\/page"}],"author":[{"embeddable":true,"href":"https:\/\/www.axiomams.eu\/lv\/wp-json\/wp\/v2\/users\/1"}],"replies":[{"embeddable":true,"href":"https:\/\/www.axiomams.eu\/lv\/wp-json\/wp\/v2\/comments?post=38737"}],"version-history":[{"count":1,"href":"https:\/\/www.axiomams.eu\/lv\/wp-json\/wp\/v2\/pages\/38737\/revisions"}],"predecessor-version":[{"id":38739,"href":"https:\/\/www.axiomams.eu\/lv\/wp-json\/wp\/v2\/pages\/38737\/revisions\/38739"}],"wp:attachment":[{"href":"https:\/\/www.axiomams.eu\/lv\/wp-json\/wp\/v2\/media?parent=38737"}],"curies":[{"name":"wp","href":"https:\/\/api.w.org\/{rel}","templated":true}]}}