{"id":38741,"date":"2025-02-14T14:36:18","date_gmt":"2025-02-14T12:36:18","guid":{"rendered":"https:\/\/www.axiomams.eu\/pakalpojumi"},"modified":"2025-11-19T10:06:34","modified_gmt":"2025-11-19T08:06:34","slug":"pakalpojumi","status":"publish","type":"page","link":"https:\/\/www.axiomams.eu\/lv\/pakalpojumi","title":{"rendered":"Pakalpojumi"},"content":{"rendered":"<section class=\"l-section wpb_row us_custom_5c06237d height_medium\"><div class=\"l-section-h i-cf\"><div class=\"g-cols vc_row via_flex valign_top type_default stacking_default\"><div class=\"vc_col-sm-12 wpb_column vc_column_container\"><div class=\"vc_column-inner\"><div class=\"wpb_wrapper\"><h1 class=\"w-post-elm post_title align_center entry-title color_link_inherit\">Pakalpojumi<\/h1><div class=\"w-separator size_medium\"><\/div><div class=\"g-cols wpb_row via_flex valign_top type_default stacking_default\"><div class=\"vc_col-sm-4 wpb_column vc_column_container\"><div class=\"vc_column-inner\"><div class=\"wpb_wrapper\"><h3 class=\"w-text theme__text text__h2\"><span class=\"w-text-h\"><span class=\"w-text-value\">Garantijas un p\u0113cgarantijas apkalpo\u0161ana<\/span><\/span><\/h3><\/div><\/div><\/div><div class=\"vc_col-sm-8 wpb_column vc_column_container\"><div class=\"vc_column-inner\"><div class=\"wpb_wrapper\"><div class=\"wpb_text_column\"><div class=\"wpb_wrapper\"><p>M\u0113s nodro\u0161in\u0101m pilnu garantijas un p\u0113cgarantijas apkalpo\u0161anu ier\u012bc\u0113m, kas ieg\u0101d\u0101tas pie mums, k\u0101 ar\u012b p\u0113cgarantijas apkalpo\u0161anu prec\u0113m, kas ieg\u0101d\u0101tas pie citiem mazumtirgot\u0101jiem. Re\u0123istr\u0113jiet savu ier\u012bci servisam un sekojiet l\u012bdzi t\u0101s statusam <a href=\"https:\/\/www.axiomams.eu\/remonto-registravimas\">\u0161eit.<\/a><\/p>\n<\/div><\/div><\/div><\/div><\/div><\/div><div class=\"w-separator size_medium with_line width_default thick_1 style_solid color_border align_center\"><div class=\"w-separator-h\"><\/div><\/div><div class=\"g-cols wpb_row via_flex valign_top type_default stacking_default\"><div class=\"vc_col-sm-4 wpb_column vc_column_container\"><div class=\"vc_column-inner\"><div class=\"wpb_wrapper\"><h3 class=\"w-text theme__text text__h2\"><span class=\"w-text-h\"><span class=\"w-text-value\">Verifik\u0101cijas un kalibr\u0113\u0161anas pakalpojumu organiz\u0113\u0161ana<\/span><\/span><\/h3><\/div><\/div><\/div><div class=\"vc_col-sm-8 wpb_column vc_column_container\"><div class=\"vc_column-inner\"><div class=\"wpb_wrapper\"><div class=\"wpb_text_column\"><div class=\"wpb_wrapper\"><p>M\u0113s varam organiz\u0113t j\u016bsu instrumenta kvalific\u0113tu p\u0101rbaudi un kalibr\u0113\u0161anu. M\u0113s sadarbojamies ar da\u017e\u0101d\u0101m organiz\u0101cij\u0101m Lietuv\u0101 un \u0101rvalst\u012bs.<\/p>\n<\/div><\/div><\/div><\/div><\/div><\/div><div class=\"w-separator size_medium with_line width_default thick_1 style_solid color_border align_center\"><div class=\"w-separator-h\"><\/div><\/div><div class=\"g-cols wpb_row via_flex valign_top type_default stacking_default\"><div class=\"vc_col-sm-4 wpb_column vc_column_container\"><div class=\"vc_column-inner\"><div class=\"wpb_wrapper\"><h3 class=\"w-text theme__text text__h2\"><span class=\"w-text-h\"><span class=\"w-text-value\">Nestandarta m\u0113r\u012bjumu risin\u0101jumu mekl\u0113\u0161ana un izstr\u0101de<\/span><\/span><\/h3><\/div><\/div><\/div><div class=\"vc_col-sm-8 wpb_column vc_column_container\"><div class=\"vc_column-inner\"><div class=\"wpb_wrapper\"><div class=\"wpb_text_column\"><div class=\"wpb_wrapper\"><p>Mums ir daudzu gadu pieredze m\u0113riek\u0101rtu jom\u0101. M\u016bsu kvalific\u0113tie speci\u0101listi var jums pied\u0101v\u0101t vispiem\u0113rot\u0101ko m\u0113riek\u0101rtu visda\u017e\u0101d\u0101kajiem nestandarta m\u0113r\u012bjumiem. Ja j\u016bsu pras\u012bbas ir \u013coti specifiskas, m\u0113s pied\u0101v\u0101jam ar\u012b m\u0113riek\u0101rtu izgatavo\u0161anas pakalpojumus.<\/p>\n<\/div><\/div><\/div><\/div><\/div><\/div><div class=\"w-separator size_medium with_line width_default thick_1 style_solid color_border align_center\"><div class=\"w-separator-h\"><\/div><\/div><div class=\"g-cols wpb_row via_flex valign_top type_default stacking_default\"><div class=\"vc_col-sm-4 wpb_column vc_column_container\"><div class=\"vc_column-inner\"><div class=\"wpb_wrapper\"><h3 class=\"w-text theme__text text__h2\"><span class=\"w-text-h\"><span class=\"w-text-value\">Term\u0101l\u0101s att\u0113lveido\u0161anas p\u0113t\u012bjumi<\/span><\/span><\/h3><\/div><\/div><\/div><div class=\"vc_col-sm-8 wpb_column vc_column_container\"><div class=\"vc_column-inner\"><div class=\"wpb_wrapper\"><div class=\"wpb_text_column\"><div class=\"wpb_wrapper\"><p>M\u0113s veicam term\u0101l\u0101s att\u0113lveido\u0161anas p\u0113t\u012bjumus nestandarta situ\u0101cij\u0101s.<\/p>\n<\/div><\/div><\/div><\/div><\/div><\/div><div class=\"w-separator size_medium with_line width_default thick_1 style_solid color_border align_center\"><div class=\"w-separator-h\"><\/div><\/div><div class=\"g-cols wpb_row via_flex valign_top type_default stacking_default\"><div class=\"vc_col-sm-4 wpb_column vc_column_container\"><div class=\"vc_column-inner\"><div class=\"wpb_wrapper\"><h3 class=\"w-text theme__text text__h2\"><span class=\"w-text-h\"><span class=\"w-text-value\">Apm\u0101c\u012bba<\/span><\/span><\/h3><\/div><\/div><\/div><div class=\"vc_col-sm-8 wpb_column vc_column_container\"><div class=\"vc_column-inner\"><div class=\"wpb_wrapper\"><div class=\"wpb_text_column\"><div class=\"wpb_wrapper\"><p>M\u0113s varam nodro\u0161in\u0101t apm\u0101c\u012bbu da\u017e\u0101d\u0101s m\u0113r\u012bjumu jom\u0101s.<\/p>\n<ul>\n<li>T\u012bkla kvalit\u0101tes anal\u012bze (darbs ar m\u0113riek\u0101rt\u0101m)<\/li>\n<li>Bezkontakta temperat\u016bras m\u0113r\u012b\u0161ana<\/li>\n<li>Termisk\u0101 att\u0113lveido\u0161ana<\/li>\n<li>Uzst\u0101d\u012b\u0161anas p\u0101rbaude (darbs ar m\u0113rier\u012bc\u0113m)<\/li>\n<\/ul>\n<\/div><\/div><\/div><\/div><\/div><\/div><\/div><\/div><\/div><\/div><\/div><\/section>\n","protected":false},"excerpt":{"rendered":"PakalpojumiGarantijas un p\u0113cgarantijas apkalpo\u0161anaM\u0113s nodro\u0161in\u0101m pilnu garantijas un p\u0113cgarantijas apkalpo\u0161anu ier\u012bc\u0113m, kas ieg\u0101d\u0101tas pie mums, k\u0101 ar\u012b p\u0113cgarantijas apkalpo\u0161anu prec\u0113m, kas ieg\u0101d\u0101tas pie citiem mazumtirgot\u0101jiem. Re\u0123istr\u0113jiet savu ier\u012bci servisam un sekojiet l\u012bdzi t\u0101s statusam \u0161eit. Verifik\u0101cijas un kalibr\u0113\u0161anas pakalpojumu organiz\u0113\u0161anaM\u0113s varam organiz\u0113t j\u016bsu instrumenta kvalific\u0113tu p\u0101rbaudi un kalibr\u0113\u0161anu. M\u0113s sadarbojamies ar da\u017e\u0101d\u0101m organiz\u0101cij\u0101m Lietuv\u0101 un...","protected":false},"author":1,"featured_media":0,"parent":0,"menu_order":0,"comment_status":"closed","ping_status":"closed","template":"","meta":{"_acf_changed":false,"footnotes":""},"class_list":["post-38741","page","type-page","status-publish","hentry"],"acf":[],"yoast_head":"<!-- This site is optimized with the Yoast SEO plugin v27.0 - https:\/\/yoast.com\/product\/yoast-seo-wordpress\/ -->\n<title>Pakalpojumi - AXIOMA MS<\/title>\n<meta name=\"robots\" content=\"index, follow, max-snippet:-1, max-image-preview:large, max-video-preview:-1\" \/>\n<link rel=\"canonical\" href=\"https:\/\/www.axiomams.eu\/lv\/pakalpojumi\" \/>\n<meta property=\"og:locale\" content=\"lv_LV\" \/>\n<meta property=\"og:type\" content=\"article\" \/>\n<meta property=\"og:title\" content=\"Pakalpojumi - AXIOMA MS\" \/>\n<meta property=\"og:url\" content=\"https:\/\/www.axiomams.eu\/lv\/pakalpojumi\" \/>\n<meta property=\"og:site_name\" content=\"AXIOMA MS\" \/>\n<meta property=\"article:publisher\" content=\"https:\/\/www.facebook.com\/AxiomaMS\" \/>\n<meta property=\"article:modified_time\" content=\"2025-11-19T08:06:34+00:00\" \/>\n<meta name=\"twitter:card\" content=\"summary_large_image\" \/>\n<meta name=\"twitter:label1\" content=\"Est. reading time\" \/>\n\t<meta name=\"twitter:data1\" content=\"3 minutes\" \/>\n<script type=\"application\/ld+json\" class=\"yoast-schema-graph\">{\"@context\":\"https:\/\/schema.org\",\"@graph\":[{\"@type\":\"WebPage\",\"@id\":\"https:\/\/www.axiomams.eu\/lv\/pakalpojumi\",\"url\":\"https:\/\/www.axiomams.eu\/lv\/pakalpojumi\",\"name\":\"Pakalpojumi - AXIOMA MS\",\"isPartOf\":{\"@id\":\"https:\/\/www.axiomams.eu\/lv#website\"},\"datePublished\":\"2025-02-14T12:36:18+00:00\",\"dateModified\":\"2025-11-19T08:06:34+00:00\",\"breadcrumb\":{\"@id\":\"https:\/\/www.axiomams.eu\/lv\/pakalpojumi#breadcrumb\"},\"inLanguage\":\"lv-LV\",\"potentialAction\":[{\"@type\":\"ReadAction\",\"target\":[\"https:\/\/www.axiomams.eu\/lv\/pakalpojumi\"]}]},{\"@type\":\"BreadcrumbList\",\"@id\":\"https:\/\/www.axiomams.eu\/lv\/pakalpojumi#breadcrumb\",\"itemListElement\":[{\"@type\":\"ListItem\",\"position\":1,\"name\":\"Home\",\"item\":\"https:\/\/www.axiomams.eu\/lv\"},{\"@type\":\"ListItem\",\"position\":2,\"name\":\"Pakalpojumi\"}]},{\"@type\":\"WebSite\",\"@id\":\"https:\/\/www.axiomams.eu\/lv#website\",\"url\":\"https:\/\/www.axiomams.eu\/lv\",\"name\":\"AXIOMA MS\",\"description\":\"Terrmovizoriai ir matavimo \u012franga\",\"publisher\":{\"@id\":\"https:\/\/www.axiomams.eu\/lv#organization\"},\"potentialAction\":[{\"@type\":\"SearchAction\",\"target\":{\"@type\":\"EntryPoint\",\"urlTemplate\":\"https:\/\/www.axiomams.eu\/lv?s={search_term_string}\"},\"query-input\":{\"@type\":\"PropertyValueSpecification\",\"valueRequired\":true,\"valueName\":\"search_term_string\"}}],\"inLanguage\":\"lv-LV\"},{\"@type\":\"Organization\",\"@id\":\"https:\/\/www.axiomams.eu\/lv#organization\",\"name\":\"AXIOMA MS\",\"url\":\"https:\/\/www.axiomams.eu\/lv\",\"logo\":{\"@type\":\"ImageObject\",\"inLanguage\":\"lv-LV\",\"@id\":\"https:\/\/www.axiomams.eu\/lv#\/schema\/logo\/image\/\",\"url\":\"https:\/\/www.axiomams.eu\/wp-content\/uploads\/2025\/06\/axioma-logo-2.png\",\"contentUrl\":\"https:\/\/www.axiomams.eu\/wp-content\/uploads\/2025\/06\/axioma-logo-2.png\",\"width\":1200,\"height\":1200,\"caption\":\"AXIOMA MS\"},\"image\":{\"@id\":\"https:\/\/www.axiomams.eu\/lv#\/schema\/logo\/image\/\"},\"sameAs\":[\"https:\/\/www.facebook.com\/AxiomaMS\",\"https:\/\/www.linkedin.com\/company\/axiomams\/\"]}]}<\/script>\n<!-- \/ Yoast SEO plugin. -->","yoast_head_json":{"title":"Pakalpojumi - AXIOMA MS","robots":{"index":"index","follow":"follow","max-snippet":"max-snippet:-1","max-image-preview":"max-image-preview:large","max-video-preview":"max-video-preview:-1"},"canonical":"https:\/\/www.axiomams.eu\/lv\/pakalpojumi","og_locale":"lv_LV","og_type":"article","og_title":"Pakalpojumi - AXIOMA MS","og_url":"https:\/\/www.axiomams.eu\/lv\/pakalpojumi","og_site_name":"AXIOMA MS","article_publisher":"https:\/\/www.facebook.com\/AxiomaMS","article_modified_time":"2025-11-19T08:06:34+00:00","twitter_card":"summary_large_image","twitter_misc":{"Est. reading time":"3 minutes"},"schema":{"@context":"https:\/\/schema.org","@graph":[{"@type":"WebPage","@id":"https:\/\/www.axiomams.eu\/lv\/pakalpojumi","url":"https:\/\/www.axiomams.eu\/lv\/pakalpojumi","name":"Pakalpojumi - AXIOMA MS","isPartOf":{"@id":"https:\/\/www.axiomams.eu\/lv#website"},"datePublished":"2025-02-14T12:36:18+00:00","dateModified":"2025-11-19T08:06:34+00:00","breadcrumb":{"@id":"https:\/\/www.axiomams.eu\/lv\/pakalpojumi#breadcrumb"},"inLanguage":"lv-LV","potentialAction":[{"@type":"ReadAction","target":["https:\/\/www.axiomams.eu\/lv\/pakalpojumi"]}]},{"@type":"BreadcrumbList","@id":"https:\/\/www.axiomams.eu\/lv\/pakalpojumi#breadcrumb","itemListElement":[{"@type":"ListItem","position":1,"name":"Home","item":"https:\/\/www.axiomams.eu\/lv"},{"@type":"ListItem","position":2,"name":"Pakalpojumi"}]},{"@type":"WebSite","@id":"https:\/\/www.axiomams.eu\/lv#website","url":"https:\/\/www.axiomams.eu\/lv","name":"AXIOMA MS","description":"Terrmovizoriai ir matavimo \u012franga","publisher":{"@id":"https:\/\/www.axiomams.eu\/lv#organization"},"potentialAction":[{"@type":"SearchAction","target":{"@type":"EntryPoint","urlTemplate":"https:\/\/www.axiomams.eu\/lv?s={search_term_string}"},"query-input":{"@type":"PropertyValueSpecification","valueRequired":true,"valueName":"search_term_string"}}],"inLanguage":"lv-LV"},{"@type":"Organization","@id":"https:\/\/www.axiomams.eu\/lv#organization","name":"AXIOMA MS","url":"https:\/\/www.axiomams.eu\/lv","logo":{"@type":"ImageObject","inLanguage":"lv-LV","@id":"https:\/\/www.axiomams.eu\/lv#\/schema\/logo\/image\/","url":"https:\/\/www.axiomams.eu\/wp-content\/uploads\/2025\/06\/axioma-logo-2.png","contentUrl":"https:\/\/www.axiomams.eu\/wp-content\/uploads\/2025\/06\/axioma-logo-2.png","width":1200,"height":1200,"caption":"AXIOMA MS"},"image":{"@id":"https:\/\/www.axiomams.eu\/lv#\/schema\/logo\/image\/"},"sameAs":["https:\/\/www.facebook.com\/AxiomaMS","https:\/\/www.linkedin.com\/company\/axiomams\/"]}]}},"_links":{"self":[{"href":"https:\/\/www.axiomams.eu\/lv\/wp-json\/wp\/v2\/pages\/38741","targetHints":{"allow":["GET"]}}],"collection":[{"href":"https:\/\/www.axiomams.eu\/lv\/wp-json\/wp\/v2\/pages"}],"about":[{"href":"https:\/\/www.axiomams.eu\/lv\/wp-json\/wp\/v2\/types\/page"}],"author":[{"embeddable":true,"href":"https:\/\/www.axiomams.eu\/lv\/wp-json\/wp\/v2\/users\/1"}],"replies":[{"embeddable":true,"href":"https:\/\/www.axiomams.eu\/lv\/wp-json\/wp\/v2\/comments?post=38741"}],"version-history":[{"count":1,"href":"https:\/\/www.axiomams.eu\/lv\/wp-json\/wp\/v2\/pages\/38741\/revisions"}],"predecessor-version":[{"id":38744,"href":"https:\/\/www.axiomams.eu\/lv\/wp-json\/wp\/v2\/pages\/38741\/revisions\/38744"}],"wp:attachment":[{"href":"https:\/\/www.axiomams.eu\/lv\/wp-json\/wp\/v2\/media?parent=38741"}],"curies":[{"name":"wp","href":"https:\/\/api.w.org\/{rel}","templated":true}]}}