{"id":38747,"date":"2025-02-14T14:36:37","date_gmt":"2025-02-14T12:36:37","guid":{"rendered":"https:\/\/www.axiomams.eu\/sazinieties-ar"},"modified":"2025-11-19T10:06:35","modified_gmt":"2025-11-19T08:06:35","slug":"sazinieties-ar","status":"publish","type":"page","link":"https:\/\/www.axiomams.eu\/lv\/sazinieties-ar","title":{"rendered":"Sazinieties ar"},"content":{"rendered":"<section class=\"l-section wpb_row us_custom_5c06237d height_medium\"><div class=\"l-section-h i-cf\"><div class=\"g-cols vc_row via_flex valign_top type_default stacking_default\"><div class=\"vc_col-sm-12 wpb_column vc_column_container\"><div class=\"vc_column-inner\"><div class=\"wpb_wrapper\"><h1 class=\"w-post-elm post_title align_center entry-title color_link_inherit\">Sazinieties ar<\/h1><div class=\"w-separator size_medium\"><\/div><h3 class=\"w-text theme__text text__h6\"><span class=\"w-text-h\"><span class=\"w-text-value\">Vi\u013c\u0146a<\/span><\/span><\/h3><div class=\"g-cols wpb_row us_custom_173c0608 via_flex valign_top type_default stacking_default\"><div class=\"vc_col-sm-3 wpb_column vc_column_container\"><div class=\"vc_column-inner\"><div class=\"wpb_wrapper\"><div class=\"w-iconbox theme__iconbox iconbox__label iconpos_left style_default color_primary align_none\"><div class=\"w-iconbox-icon\" style=\"font-size:;\"><i class=\"fas fa-map-marker-alt\"><\/i><\/div><div class=\"w-iconbox-meta\"><h4 class=\"w-iconbox-title\">Adrese<\/h4><div class=\"w-iconbox-text\"><p>Ozo g. 12A-1, Vi\u013c\u0146a, LT-08200<\/p>\n<\/div><\/div><\/div><\/div><\/div><\/div><div class=\"vc_col-sm-3 wpb_column vc_column_container\"><div class=\"vc_column-inner\"><div class=\"wpb_wrapper\"><div class=\"w-iconbox theme__iconbox iconbox__label iconpos_left style_default color_primary align_none\"><div class=\"w-iconbox-icon\" style=\"font-size:;\"><i class=\"fas fa-phone-alt\"><\/i><\/div><div class=\"w-iconbox-meta\"><h4 class=\"w-iconbox-title\">T\u0101lrunis<\/h4><div class=\"w-iconbox-text\"><p><a href=\"tel:+37068710753\">+370 687 10753<\/a><\/p>\n<\/div><\/div><\/div><\/div><\/div><\/div><div class=\"vc_col-sm-3 wpb_column vc_column_container\"><div class=\"vc_column-inner\"><div class=\"wpb_wrapper\"><div class=\"w-iconbox theme__iconbox iconbox__label iconpos_left style_default color_primary align_none\"><div class=\"w-iconbox-icon\" style=\"font-size:;\"><i class=\"fas fa-envelope-open-text\"><\/i><\/div><div class=\"w-iconbox-meta\"><h4 class=\"w-iconbox-title\">E-pasts <\/h4><div class=\"w-iconbox-text\"><p><a href=\"mailto:info@axiomams.eu\">info@axiomams.eu<\/a><\/p>\n<\/div><\/div><\/div><\/div><\/div><\/div><div class=\"vc_col-sm-3 wpb_column vc_column_container\"><div class=\"vc_column-inner\"><div class=\"wpb_wrapper\"><div class=\"w-iconbox theme__iconbox iconbox__label iconpos_left style_default color_primary align_none\"><div class=\"w-iconbox-icon\" style=\"font-size:;\"><i class=\"fas fa-clock\"><\/i><\/div><div class=\"w-iconbox-meta\"><h4 class=\"w-iconbox-title\">Darba laiks<\/h4><div class=\"w-iconbox-text\"><p>I-IV 08.00-17.00<br \/>\nV 08.00-16.30<\/p>\n<\/div><\/div><\/div><\/div><\/div><\/div><\/div><div class=\"w-separator size_medium with_line width_default thick_1 style_solid color_border align_center\"><div class=\"w-separator-h\"><\/div><\/div><h3 class=\"w-text theme__text text__h6\"><span class=\"w-text-h\"><span class=\"w-text-value\">Kau\u0146a<\/span><\/span><\/h3><div class=\"g-cols wpb_row us_custom_173c0608 via_flex valign_top type_default stacking_default\"><div class=\"vc_col-sm-3 wpb_column vc_column_container\"><div class=\"vc_column-inner\"><div class=\"wpb_wrapper\"><div class=\"w-iconbox theme__iconbox iconbox__label iconpos_left style_default color_primary align_none\"><div class=\"w-iconbox-icon\" style=\"font-size:;\"><i class=\"fas fa-map-marker-alt\"><\/i><\/div><div class=\"w-iconbox-meta\"><h4 class=\"w-iconbox-title\">Adrese<\/h4><div class=\"w-iconbox-text\"><p>Jovar\u0173 g. 2, Kau\u0146a, LT-47193<\/p>\n<\/div><\/div><\/div><\/div><\/div><\/div><div class=\"vc_col-sm-3 wpb_column vc_column_container\"><div class=\"vc_column-inner\"><div class=\"wpb_wrapper\"><div class=\"w-iconbox theme__iconbox iconbox__label iconpos_left style_default color_primary align_none\"><div class=\"w-iconbox-icon\" style=\"font-size:;\"><i class=\"fas fa-phone-alt\"><\/i><\/div><div class=\"w-iconbox-meta\"><h4 class=\"w-iconbox-title\">T\u0101lrunis<\/h4><div class=\"w-iconbox-text\"><p><a href=\"tel:+37037452790\">+370 37 452 790<\/a><\/p>\n<p><a href=\"tel:+37069887794\">+370 698 87794<\/a><\/p>\n<\/div><\/div><\/div><\/div><\/div><\/div><div class=\"vc_col-sm-3 wpb_column vc_column_container\"><div class=\"vc_column-inner\"><div class=\"wpb_wrapper\"><div class=\"w-iconbox theme__iconbox iconbox__label iconpos_left style_default color_primary align_none\"><div class=\"w-iconbox-icon\" style=\"font-size:;\"><i class=\"fas fa-envelope-open-text\"><\/i><\/div><div class=\"w-iconbox-meta\"><h4 class=\"w-iconbox-title\">E-pasts <\/h4><div class=\"w-iconbox-text\"><p><a href=\"mailto:info@axiomams.eu\">info@axiomams.eu<\/a><\/p>\n<\/div><\/div><\/div><\/div><\/div><\/div><div class=\"vc_col-sm-3 wpb_column vc_column_container\"><div class=\"vc_column-inner\"><div class=\"wpb_wrapper\"><div class=\"w-iconbox theme__iconbox iconbox__label iconpos_left style_default color_primary align_none\"><div class=\"w-iconbox-icon\" style=\"font-size:;\"><i class=\"fas fa-clock\"><\/i><\/div><div class=\"w-iconbox-meta\"><h4 class=\"w-iconbox-title\">Darba laiks<\/h4><div class=\"w-iconbox-text\"><p>I-IV 08.00-17.00<br \/>\nV 08.00-16.30<\/p>\n<\/div><\/div><\/div><\/div><\/div><\/div><\/div><div class=\"w-separator size_medium with_line width_default thick_1 style_solid color_border align_center\"><div class=\"w-separator-h\"><\/div><\/div><h3 class=\"w-text theme__text text__h6\"><span class=\"w-text-h\"><span class=\"w-text-value\">UAB &quot;Axioma MS&quot;<\/span><\/span><\/h3><div class=\"g-cols wpb_row us_custom_173c0608 via_flex valign_top type_default stacking_default\"><div class=\"vc_col-sm-3 wpb_column vc_column_container\"><div class=\"vc_column-inner\"><div class=\"wpb_wrapper\"><div class=\"w-iconbox theme__iconbox iconbox__label iconpos_left style_default color_primary align_none\"><div class=\"w-iconbox-icon\" style=\"font-size:;\"><i class=\"fas fa-building\"><\/i><\/div><div class=\"w-iconbox-meta\"><h4 class=\"w-iconbox-title\">Uz\u0146\u0113muma kods <\/h4><div class=\"w-iconbox-text\"><p>135896117<\/p>\n<\/div><\/div><\/div><\/div><\/div><\/div><div class=\"vc_col-sm-3 wpb_column vc_column_container\"><div class=\"vc_column-inner\"><div class=\"wpb_wrapper\"><div class=\"w-iconbox theme__iconbox iconbox__label iconpos_left style_default color_primary align_none\"><div class=\"w-iconbox-icon\" style=\"font-size:;\"><i class=\"fas fa-money-check\"><\/i><\/div><div class=\"w-iconbox-meta\"><h4 class=\"w-iconbox-title\">PVN kods<\/h4><div class=\"w-iconbox-text\"><p>LT358961113<\/p>\n<\/div><\/div><\/div><\/div><\/div><\/div><div class=\"vc_col-sm-3 wpb_column vc_column_container\"><div class=\"vc_column-inner\"><div class=\"wpb_wrapper\"><div class=\"w-iconbox theme__iconbox iconbox__label iconpos_left style_default color_primary align_none\"><div class=\"w-iconbox-icon\" style=\"font-size:;\"><i class=\"fas fa-university\"><\/i><\/div><div class=\"w-iconbox-meta\"><h4 class=\"w-iconbox-title\">A\/S<\/h4><div class=\"w-iconbox-text\"><p>LT517044060003641821<\/p>\n<\/div><\/div><\/div><\/div><\/div><\/div><div class=\"vc_col-sm-3 wpb_column vc_column_container\"><div class=\"vc_column-inner\"><div class=\"wpb_wrapper\"><div class=\"w-iconbox theme__iconbox iconbox__label iconpos_left style_default color_primary align_none\"><div class=\"w-iconbox-icon\" style=\"font-size:;\"><i class=\"fas fa-th-list\"><\/i><\/div><div class=\"w-iconbox-meta\"><h4 class=\"w-iconbox-title\">SWIFT<\/h4><div class=\"w-iconbox-text\"><p>CBVILT2X<\/p>\n<\/div><\/div><\/div><\/div><\/div><\/div><\/div><\/div><\/div><\/div><\/div><\/div><\/section>\n","protected":false},"excerpt":{"rendered":"Sazinieties arVi\u013c\u0146aAdreseOzo g. 12A-1, Vi\u013c\u0146a, LT-08200 T\u0101lrunis+370 687 10753 E-pasts info@axiomams.eu Darba laiksI-IV 08.00-17.00 V 08.00-16.30 Kau\u0146aAdreseJovar\u0173 g. 2, Kau\u0146a, LT-47193 T\u0101lrunis+370 37 452 790 +370 698 87794 E-pasts info@axiomams.eu Darba laiksI-IV 08.00-17.00 V 08.00-16.30 UAB &quot;Axioma MS&quot;Uz\u0146\u0113muma kods 135896117 PVN kodsLT358961113 A\/SLT517044060003641821 SWIFTCBVILT2X","protected":false},"author":1,"featured_media":0,"parent":0,"menu_order":0,"comment_status":"closed","ping_status":"closed","template":"","meta":{"_acf_changed":false,"footnotes":""},"class_list":["post-38747","page","type-page","status-publish","hentry"],"acf":[],"yoast_head":"<!-- This site is optimized with the Yoast SEO plugin v27.0 - https:\/\/yoast.com\/product\/yoast-seo-wordpress\/ -->\n<title>Sazinieties ar - AXIOMA MS<\/title>\n<meta name=\"robots\" content=\"index, follow, max-snippet:-1, max-image-preview:large, max-video-preview:-1\" \/>\n<link rel=\"canonical\" href=\"https:\/\/www.axiomams.eu\/lv\/sazinieties-ar\" \/>\n<meta property=\"og:locale\" content=\"lv_LV\" \/>\n<meta property=\"og:type\" content=\"article\" \/>\n<meta property=\"og:title\" content=\"Sazinieties ar - AXIOMA MS\" \/>\n<meta property=\"og:url\" content=\"https:\/\/www.axiomams.eu\/lv\/sazinieties-ar\" \/>\n<meta property=\"og:site_name\" content=\"AXIOMA MS\" \/>\n<meta property=\"article:publisher\" content=\"https:\/\/www.facebook.com\/AxiomaMS\" \/>\n<meta property=\"article:modified_time\" content=\"2025-11-19T08:06:35+00:00\" \/>\n<meta name=\"twitter:card\" content=\"summary_large_image\" \/>\n<meta name=\"twitter:label1\" content=\"Est. reading time\" \/>\n\t<meta name=\"twitter:data1\" content=\"3 minutes\" \/>\n<script type=\"application\/ld+json\" class=\"yoast-schema-graph\">{\"@context\":\"https:\/\/schema.org\",\"@graph\":[{\"@type\":\"WebPage\",\"@id\":\"https:\/\/www.axiomams.eu\/lv\/sazinieties-ar\",\"url\":\"https:\/\/www.axiomams.eu\/lv\/sazinieties-ar\",\"name\":\"Sazinieties ar - AXIOMA MS\",\"isPartOf\":{\"@id\":\"https:\/\/www.axiomams.eu\/lv#website\"},\"datePublished\":\"2025-02-14T12:36:37+00:00\",\"dateModified\":\"2025-11-19T08:06:35+00:00\",\"breadcrumb\":{\"@id\":\"https:\/\/www.axiomams.eu\/lv\/sazinieties-ar#breadcrumb\"},\"inLanguage\":\"lv-LV\",\"potentialAction\":[{\"@type\":\"ReadAction\",\"target\":[\"https:\/\/www.axiomams.eu\/lv\/sazinieties-ar\"]}]},{\"@type\":\"BreadcrumbList\",\"@id\":\"https:\/\/www.axiomams.eu\/lv\/sazinieties-ar#breadcrumb\",\"itemListElement\":[{\"@type\":\"ListItem\",\"position\":1,\"name\":\"Home\",\"item\":\"https:\/\/www.axiomams.eu\/lv\"},{\"@type\":\"ListItem\",\"position\":2,\"name\":\"Sazinieties ar\"}]},{\"@type\":\"WebSite\",\"@id\":\"https:\/\/www.axiomams.eu\/lv#website\",\"url\":\"https:\/\/www.axiomams.eu\/lv\",\"name\":\"AXIOMA MS\",\"description\":\"Terrmovizoriai ir matavimo \u012franga\",\"publisher\":{\"@id\":\"https:\/\/www.axiomams.eu\/lv#organization\"},\"potentialAction\":[{\"@type\":\"SearchAction\",\"target\":{\"@type\":\"EntryPoint\",\"urlTemplate\":\"https:\/\/www.axiomams.eu\/lv?s={search_term_string}\"},\"query-input\":{\"@type\":\"PropertyValueSpecification\",\"valueRequired\":true,\"valueName\":\"search_term_string\"}}],\"inLanguage\":\"lv-LV\"},{\"@type\":\"Organization\",\"@id\":\"https:\/\/www.axiomams.eu\/lv#organization\",\"name\":\"AXIOMA MS\",\"url\":\"https:\/\/www.axiomams.eu\/lv\",\"logo\":{\"@type\":\"ImageObject\",\"inLanguage\":\"lv-LV\",\"@id\":\"https:\/\/www.axiomams.eu\/lv#\/schema\/logo\/image\/\",\"url\":\"https:\/\/www.axiomams.eu\/wp-content\/uploads\/2025\/06\/axioma-logo-2.png\",\"contentUrl\":\"https:\/\/www.axiomams.eu\/wp-content\/uploads\/2025\/06\/axioma-logo-2.png\",\"width\":1200,\"height\":1200,\"caption\":\"AXIOMA MS\"},\"image\":{\"@id\":\"https:\/\/www.axiomams.eu\/lv#\/schema\/logo\/image\/\"},\"sameAs\":[\"https:\/\/www.facebook.com\/AxiomaMS\",\"https:\/\/www.linkedin.com\/company\/axiomams\/\"]}]}<\/script>\n<!-- \/ Yoast SEO plugin. -->","yoast_head_json":{"title":"Sazinieties ar - AXIOMA MS","robots":{"index":"index","follow":"follow","max-snippet":"max-snippet:-1","max-image-preview":"max-image-preview:large","max-video-preview":"max-video-preview:-1"},"canonical":"https:\/\/www.axiomams.eu\/lv\/sazinieties-ar","og_locale":"lv_LV","og_type":"article","og_title":"Sazinieties ar - AXIOMA MS","og_url":"https:\/\/www.axiomams.eu\/lv\/sazinieties-ar","og_site_name":"AXIOMA MS","article_publisher":"https:\/\/www.facebook.com\/AxiomaMS","article_modified_time":"2025-11-19T08:06:35+00:00","twitter_card":"summary_large_image","twitter_misc":{"Est. reading time":"3 minutes"},"schema":{"@context":"https:\/\/schema.org","@graph":[{"@type":"WebPage","@id":"https:\/\/www.axiomams.eu\/lv\/sazinieties-ar","url":"https:\/\/www.axiomams.eu\/lv\/sazinieties-ar","name":"Sazinieties ar - AXIOMA MS","isPartOf":{"@id":"https:\/\/www.axiomams.eu\/lv#website"},"datePublished":"2025-02-14T12:36:37+00:00","dateModified":"2025-11-19T08:06:35+00:00","breadcrumb":{"@id":"https:\/\/www.axiomams.eu\/lv\/sazinieties-ar#breadcrumb"},"inLanguage":"lv-LV","potentialAction":[{"@type":"ReadAction","target":["https:\/\/www.axiomams.eu\/lv\/sazinieties-ar"]}]},{"@type":"BreadcrumbList","@id":"https:\/\/www.axiomams.eu\/lv\/sazinieties-ar#breadcrumb","itemListElement":[{"@type":"ListItem","position":1,"name":"Home","item":"https:\/\/www.axiomams.eu\/lv"},{"@type":"ListItem","position":2,"name":"Sazinieties ar"}]},{"@type":"WebSite","@id":"https:\/\/www.axiomams.eu\/lv#website","url":"https:\/\/www.axiomams.eu\/lv","name":"AXIOMA MS","description":"Terrmovizoriai ir matavimo \u012franga","publisher":{"@id":"https:\/\/www.axiomams.eu\/lv#organization"},"potentialAction":[{"@type":"SearchAction","target":{"@type":"EntryPoint","urlTemplate":"https:\/\/www.axiomams.eu\/lv?s={search_term_string}"},"query-input":{"@type":"PropertyValueSpecification","valueRequired":true,"valueName":"search_term_string"}}],"inLanguage":"lv-LV"},{"@type":"Organization","@id":"https:\/\/www.axiomams.eu\/lv#organization","name":"AXIOMA MS","url":"https:\/\/www.axiomams.eu\/lv","logo":{"@type":"ImageObject","inLanguage":"lv-LV","@id":"https:\/\/www.axiomams.eu\/lv#\/schema\/logo\/image\/","url":"https:\/\/www.axiomams.eu\/wp-content\/uploads\/2025\/06\/axioma-logo-2.png","contentUrl":"https:\/\/www.axiomams.eu\/wp-content\/uploads\/2025\/06\/axioma-logo-2.png","width":1200,"height":1200,"caption":"AXIOMA MS"},"image":{"@id":"https:\/\/www.axiomams.eu\/lv#\/schema\/logo\/image\/"},"sameAs":["https:\/\/www.facebook.com\/AxiomaMS","https:\/\/www.linkedin.com\/company\/axiomams\/"]}]}},"_links":{"self":[{"href":"https:\/\/www.axiomams.eu\/lv\/wp-json\/wp\/v2\/pages\/38747","targetHints":{"allow":["GET"]}}],"collection":[{"href":"https:\/\/www.axiomams.eu\/lv\/wp-json\/wp\/v2\/pages"}],"about":[{"href":"https:\/\/www.axiomams.eu\/lv\/wp-json\/wp\/v2\/types\/page"}],"author":[{"embeddable":true,"href":"https:\/\/www.axiomams.eu\/lv\/wp-json\/wp\/v2\/users\/1"}],"replies":[{"embeddable":true,"href":"https:\/\/www.axiomams.eu\/lv\/wp-json\/wp\/v2\/comments?post=38747"}],"version-history":[{"count":1,"href":"https:\/\/www.axiomams.eu\/lv\/wp-json\/wp\/v2\/pages\/38747\/revisions"}],"predecessor-version":[{"id":38748,"href":"https:\/\/www.axiomams.eu\/lv\/wp-json\/wp\/v2\/pages\/38747\/revisions\/38748"}],"wp:attachment":[{"href":"https:\/\/www.axiomams.eu\/lv\/wp-json\/wp\/v2\/media?parent=38747"}],"curies":[{"name":"wp","href":"https:\/\/api.w.org\/{rel}","templated":true}]}}