{"id":38749,"date":"2025-02-14T14:36:25","date_gmt":"2025-02-14T12:36:25","guid":{"rendered":"https:\/\/www.axiomams.eu\/registracijas-remonts"},"modified":"2025-11-19T10:06:35","modified_gmt":"2025-11-19T08:06:35","slug":"registracijas-remonts","status":"publish","type":"page","link":"https:\/\/www.axiomams.eu\/lv\/registracijas-remonts","title":{"rendered":"Re\u0123istr\u0101cijas remonts"},"content":{"rendered":"<section class=\"l-section wpb_row height_medium\"><div class=\"l-section-h i-cf\"><div class=\"g-cols vc_row via_flex valign_top type_default stacking_default\"><div class=\"vc_col-sm-12 wpb_column vc_column_container\"><div class=\"vc_column-inner\"><div class=\"wpb_wrapper\"><h1 class=\"w-post-elm post_title align_center entry-title color_link_inherit\">Re\u0123istr\u0101cijas remonts<\/h1><div class=\"wpb_text_column\"><div class=\"wpb_wrapper\"><div class=\"axioma-ms-repair-submit-container rma-form\">\n    <div class=\"axioma-ms-repair-submit-form\">\n        <form id=\"axioma-ms-repair-submit-form\" method=\"post\" enctype=\"multipart\/form-data\">\n            <!-- Prek\u0117s informacija Section -->\n            <div class=\"form-section\">\n                <div class=\"section-title\">\n                    <h2>Precizit\u0101tes inform\u0101cija<\/h2>\n                    <hr class=\"title-separator\" \/>\n                <\/div>\n                <div class=\"section-fields\">\n                    <div class=\"form-row\">\n                        <div class=\"form-col\">\n                            <label for=\"device\">Prietaisas <span class=\"text-red\">*<\/span><\/label>\n                            <input type=\"text\" id=\"device\" name=\"device\" placeholder=\"Iek\u013c\u016bstiet sav\u0101 pavadin\u0101jum\u0101\" required>\n                        <\/div>\n                        <div class=\"form-col\">\n                            <label for=\"serial\">Serijos nr.<\/label>\n                            <input type=\"text\" id=\"serial\" name=\"serial\" placeholder=\"Iek\u0101rtas s\u0113rijas numurs\">\n                        <\/div>\n                    <\/div>\n                    <div class=\"form-row full-width\">\n                        <label for=\"description\">Gedimo apraksts <span class=\"text-red\">*<\/span><\/label>\n                        <textarea id=\"description\" name=\"description\" placeholder=\"Detaliai aprakstykite gedim\u0105\" required><\/textarea>\n                    <\/div>\n                    <div class=\"form-row full-width\">\n                        <label for=\"files\">Iesniedziet savus failus<\/label>\n                        <div class=\"file-upload\">\n                            <input type=\"file\" id=\"files\" name=\"files[]\" multiple>\n                            <p class=\"file-instructions\">\n                                Spustelkite jeb vilkite failus uz \u0161o lauk\u0105.<br \/>\n                                <span class=\"small-muted\">Galite iece\u013cot l\u012bdz 15 failiem.<\/span>\n                            <\/p>\n                        <\/div>\n                        <div class=\"file-list-container\">\n                            <div class=\"file-list\"><\/div>\n                        <\/div>\n                    <\/div>\n                <\/div>\n            <\/div>\n\n            <!-- Kontaktin\u0117 informacija Section -->\n            <div class=\"form-section\">\n                <div class=\"section-title\">\n                    <h2>Kontaktinform\u0101cija<\/h2>\n                    <hr class=\"title-separator\" \/>\n                <\/div>\n                <div class=\"section-fields\">\n                    <div class=\"form-row\">\n                        <div class=\"form-col\">\n                            <label for=\"name\">Vardas <span class=\"text-red\">*<\/span><\/label>\n                            <input type=\"text\" id=\"name\" name=\"name\" placeholder=\"J\u016bsu v\u0101rds\" required>\n                        <\/div>\n                        <div class=\"form-col\">\n                            <label for=\"surname\">Pavard\u0117 <span class=\"text-red\">*<\/span><\/label>\n                            <input type=\"text\" id=\"surname\" name=\"surname\" placeholder=\"J\u016bsu pavard\u0117\" required>\n                        <\/div>\n                    <\/div>\n                    <div class=\"form-row\">\n                        <div class=\"form-col\">\n                            <label for=\"email\">El. pa\u0161tas  <span class=\"text-red\">*<\/span><\/label>\n                            <input type=\"email\" id=\"email\" name=\"email\" placeholder=\"Iestatiet el. pastu \" required>\n                        <\/div>\n                        <div class=\"form-col\">\n                            <label for=\"phone\">Telefono nr. <span class=\"text-red\">*<\/span><\/label>\n                            <input type=\"tel\" id=\"phone\" name=\"phone\" placeholder=\"Ieklik\u0161\u0137iniet uz t\u0101lru\u0146a numuru\" required>\n                        <\/div>\n                    <\/div>\n                    <div class=\"form-row full-width\">\n                        <label for=\"company\">\u012emon\u0117s nosaukums<\/label>\n                        <input type=\"text\" id=\"company\" name=\"company\" placeholder=\"Iek\u013c\u016bt uz\u0146\u0113muma pavadinim\u0105\">\n                    <\/div>\n                <\/div>\n            <\/div>\n\n            <!-- Pristatymas Section -->\n            <div class=\"form-section\">\n                <div class=\"section-title\">\n                    <h2>Pristatymas<\/h2>\n                    <hr class=\"title-separator\" \/>\n                <\/div>\n                <div class=\"section-fields\">\n                    <div class=\"form-row\">\n                        <div class=\"form-col\">\n                            <label for=\"deliveryWay\">Prietaiso prezent\u0113\u0161ana<\/label>\n                            <select id=\"deliveryWay\" name=\"deliveryWay\">\n                                <option value=\"1\">Pristatysiu pats<\/option>\n                                <option value=\"2\">Pasiimsiu pats<\/option>\n                            <\/select>\n                        <\/div>\n                        <div class=\"form-col\">\n                            <label for=\"returnWay\">Prietaiso Gr\u0105\u017ein\u0101\u0161ana<\/label>\n                            <select id=\"returnWay\" name=\"returnWay\">\n                                <option value=\"1\">Atsiimsiu pats<\/option>\n                                <option value=\"2\">Atsi\u0173sti pa\u0161tu<\/option>\n                            <\/select>\n                        <\/div>\n                    <\/div>\n                    <div class=\"form-row\">\n                        <div class=\"form-col\">\n                            <label for=\"zip\">Pa\u0161to kods<\/label>\n                            <input type=\"text\" id=\"zip\" name=\"zip\" placeholder=\"Iek\u0101rtas pa\u0161to kod\u0105\">\n                        <\/div>\n                        <div class=\"form-col\">\n                            <label for=\"city\">Miestas<\/label>\n                            <input type=\"text\" id=\"city\" name=\"city\" placeholder=\"Iestatiet pils\u0113tu\">\n                        <\/div>\n                    <\/div>\n                    <div class=\"form-row\">\n                        <div class=\"form-col\">\n                            <label for=\"address\">Adresas<\/label>\n                            <input type=\"text\" id=\"address\" name=\"address\" placeholder=\"Uz\u0146emiet adres\u0101tu\">\n                        <\/div>\n                    <\/div>\n                <\/div>\n            <\/div>\n\n            <div class=\"form-section\">\n                <div class=\"section-fields\">\n                    <div class=\"form-row full-width\">\n                        <ol class=\"terms-list\">\n                            <li><b>Prietaiso remonto cenas noteik\u0161anas mokestis<\/b> - 50 Eur*, kuru pas\u016btovas \u012fsipareigoja sumok\u0117ti nepriklausomai no t\u0101, ar remontas bus atliktas, ar ne.<\/li>\n                            <li>*Jei remonto cenas noteik\u0161anas pakalpojums cena didesn\u0117 nek\u0101 50 Eur, U\u017esakovui ir nos\u016bt\u012bta pied\u0101v\u0101jums ir tik gavus u\u017esakovo apstiprimu, atliekama remonto cenas noteik\u0161anas pakalpojums.<\/li>\n                            <li>U\u017esakant prietaiso remont\u0105 ar \u012fsigyjant nauj\u0105 (tuo gad\u012bjum\u0101, ja remontuoti ir ekonomiski nenaudinga), remonto cenas noteik\u0161anas mokestis bus \u012fskai\u010diuota uz remonto vai uz jauno prietaiso \u012fsigijimo cenu.<\/li>\n                        <\/ol>\n\n                        <p class=\"terms-note\"><b>Pastaba<\/b>: ja garantinis prietaisas pripa\u017e\u012fstamas negarantiniu par vartotojo kalt\u0117s, tad U\u017esakovas sutinka, ka prietaiso remontui b\u016btu taikomos negarantinio prietaiso apmok\u0117jimo par pakalpojumiem noteikumi (1-2 punkti).<\/p>\n                    <\/div>\n                <\/div>\n            <\/div>\n\n            <div class=\"form-row submit-row\">\n                <div class=\"recaptcha-notice\">\n                    \u0160i vietne aizsargota, izmantojot Google reCAPTCHA. Galioja Google                     <a href=\"https:\/\/policies.google.com\/privacy\" target=\"_blank\" rel=\"noopener\">priv\u0101t\u0101 politika<\/a>\n                    ir                    <a href=\"https:\/\/policies.google.com\/terms\" target=\"_blank\" rel=\"noopener\">pakalpojumu teikimo nosac\u012bjumi<\/a>.\n                <\/div>\n                <div class=\"error-message\"><\/div>\n                <div class=\"success-message\"><\/div>\n                <button type=\"submit\" class=\"submit-button\">Re\u0123istr\u0113t remont\u0105<\/button>\n            <\/div>\n\n            <input type=\"hidden\" id=\"repair_submit_nonce\" name=\"repair_submit_nonce\" value=\"7f04e104cf\" \/><input type=\"hidden\" name=\"_wp_http_referer\" value=\"\/lv\/wp-json\/wp\/v2\/pages\/38749\" \/>        <\/form>\n    <\/div>\n\n    <div class=\"axioma-ms-repair-submit-loading\" style=\"display: none;\">\n        <div class=\"loading-spinner\"><\/div>\n        <p>Palaukite...<\/p>\n    <\/div>\n\n    <div class=\"axioma-ms-repair-submit-success\" style=\"display: none;\">\n        <h3>Remonto aizklausa veiksm\u012bgi i\u0161si\u0173sta!<\/h3>\n        <p>J\u016bsu remonta kods: <span class=\"repair-code\"><\/span><\/p>\n        <p>Saglab\u0101jiet \u0161o kodu, vi\u0146\u0161 b\u016bs vajadz\u012bgs, lai sekti remonta b\u016bsen\u0105.<\/p>\n        <button class=\"submit-another-button\">Re\u0123istr\u0113t citu remont\u0105<\/button>\n    <\/div>\n<\/div>\n<\/div><\/div><\/div><\/div><\/div><\/div><\/div><\/section>\n","protected":false},"excerpt":{"rendered":"Re\u0123istr\u0101cijas remonts Precizit\u0101tes inform\u0101cija Prietaisas * Serijos nr. Gedimo apraksts * Iesniedziet savus failus Spustelkite jeb vilkite failus uz \u0161o lauk\u0105. Galite iece\u013cot l\u012bdz 15 failiem. Kontaktinform\u0101cija Vardas * Pavard\u0117 * El. pa\u0161tas * Telefono nr. * \u012emon\u0117s nosaukums Pristatymas Prietaiso prezent\u0113\u0161ana Pristatysiu pats Pasiimsiu pats Prietaiso Gr\u0105\u017ein\u0101\u0161ana Atsiimsiu pats Atsi\u0173sti pa\u0161tu Pa\u0161to kods Miestas...","protected":false},"author":1,"featured_media":0,"parent":0,"menu_order":0,"comment_status":"closed","ping_status":"closed","template":"","meta":{"_acf_changed":false,"footnotes":""},"class_list":["post-38749","page","type-page","status-publish","hentry"],"acf":[],"yoast_head":"<!-- This site is optimized with the Yoast SEO plugin v27.0 - https:\/\/yoast.com\/product\/yoast-seo-wordpress\/ -->\n<title>Re\u0123istr\u0101cijas remonts - AXIOMA MS<\/title>\n<meta name=\"robots\" content=\"index, follow, max-snippet:-1, max-image-preview:large, max-video-preview:-1\" \/>\n<link rel=\"canonical\" href=\"https:\/\/www.axiomams.eu\/lv\/registracijas-remonts\" \/>\n<meta property=\"og:locale\" content=\"lv_LV\" \/>\n<meta property=\"og:type\" content=\"article\" \/>\n<meta property=\"og:title\" content=\"Re\u0123istr\u0101cijas remonts - AXIOMA MS\" \/>\n<meta property=\"og:url\" content=\"https:\/\/www.axiomams.eu\/lv\/registracijas-remonts\" \/>\n<meta property=\"og:site_name\" content=\"AXIOMA MS\" \/>\n<meta property=\"article:publisher\" content=\"https:\/\/www.facebook.com\/AxiomaMS\" \/>\n<meta property=\"article:modified_time\" content=\"2025-11-19T08:06:35+00:00\" \/>\n<meta name=\"twitter:card\" content=\"summary_large_image\" \/>\n<script type=\"application\/ld+json\" class=\"yoast-schema-graph\">{\"@context\":\"https:\/\/schema.org\",\"@graph\":[{\"@type\":\"WebPage\",\"@id\":\"https:\/\/www.axiomams.eu\/lv\/registracijas-remonts\",\"url\":\"https:\/\/www.axiomams.eu\/lv\/registracijas-remonts\",\"name\":\"Re\u0123istr\u0101cijas remonts - AXIOMA MS\",\"isPartOf\":{\"@id\":\"https:\/\/www.axiomams.eu\/lv#website\"},\"datePublished\":\"2025-02-14T12:36:25+00:00\",\"dateModified\":\"2025-11-19T08:06:35+00:00\",\"breadcrumb\":{\"@id\":\"https:\/\/www.axiomams.eu\/lv\/registracijas-remonts#breadcrumb\"},\"inLanguage\":\"lv-LV\",\"potentialAction\":[{\"@type\":\"ReadAction\",\"target\":[\"https:\/\/www.axiomams.eu\/lv\/registracijas-remonts\"]}]},{\"@type\":\"BreadcrumbList\",\"@id\":\"https:\/\/www.axiomams.eu\/lv\/registracijas-remonts#breadcrumb\",\"itemListElement\":[{\"@type\":\"ListItem\",\"position\":1,\"name\":\"Home\",\"item\":\"https:\/\/www.axiomams.eu\/lv\"},{\"@type\":\"ListItem\",\"position\":2,\"name\":\"Re\u0123istr\u0101cijas remonts\"}]},{\"@type\":\"WebSite\",\"@id\":\"https:\/\/www.axiomams.eu\/lv#website\",\"url\":\"https:\/\/www.axiomams.eu\/lv\",\"name\":\"AXIOMA MS\",\"description\":\"Terrmovizoriai ir matavimo \u012franga\",\"publisher\":{\"@id\":\"https:\/\/www.axiomams.eu\/lv#organization\"},\"potentialAction\":[{\"@type\":\"SearchAction\",\"target\":{\"@type\":\"EntryPoint\",\"urlTemplate\":\"https:\/\/www.axiomams.eu\/lv?s={search_term_string}\"},\"query-input\":{\"@type\":\"PropertyValueSpecification\",\"valueRequired\":true,\"valueName\":\"search_term_string\"}}],\"inLanguage\":\"lv-LV\"},{\"@type\":\"Organization\",\"@id\":\"https:\/\/www.axiomams.eu\/lv#organization\",\"name\":\"AXIOMA MS\",\"url\":\"https:\/\/www.axiomams.eu\/lv\",\"logo\":{\"@type\":\"ImageObject\",\"inLanguage\":\"lv-LV\",\"@id\":\"https:\/\/www.axiomams.eu\/lv#\/schema\/logo\/image\/\",\"url\":\"https:\/\/www.axiomams.eu\/wp-content\/uploads\/2025\/06\/axioma-logo-2.png\",\"contentUrl\":\"https:\/\/www.axiomams.eu\/wp-content\/uploads\/2025\/06\/axioma-logo-2.png\",\"width\":1200,\"height\":1200,\"caption\":\"AXIOMA MS\"},\"image\":{\"@id\":\"https:\/\/www.axiomams.eu\/lv#\/schema\/logo\/image\/\"},\"sameAs\":[\"https:\/\/www.facebook.com\/AxiomaMS\",\"https:\/\/www.linkedin.com\/company\/axiomams\/\"]}]}<\/script>\n<!-- \/ Yoast SEO plugin. -->","yoast_head_json":{"title":"Re\u0123istr\u0101cijas remonts - AXIOMA MS","robots":{"index":"index","follow":"follow","max-snippet":"max-snippet:-1","max-image-preview":"max-image-preview:large","max-video-preview":"max-video-preview:-1"},"canonical":"https:\/\/www.axiomams.eu\/lv\/registracijas-remonts","og_locale":"lv_LV","og_type":"article","og_title":"Re\u0123istr\u0101cijas remonts - AXIOMA MS","og_url":"https:\/\/www.axiomams.eu\/lv\/registracijas-remonts","og_site_name":"AXIOMA MS","article_publisher":"https:\/\/www.facebook.com\/AxiomaMS","article_modified_time":"2025-11-19T08:06:35+00:00","twitter_card":"summary_large_image","schema":{"@context":"https:\/\/schema.org","@graph":[{"@type":"WebPage","@id":"https:\/\/www.axiomams.eu\/lv\/registracijas-remonts","url":"https:\/\/www.axiomams.eu\/lv\/registracijas-remonts","name":"Re\u0123istr\u0101cijas remonts - AXIOMA MS","isPartOf":{"@id":"https:\/\/www.axiomams.eu\/lv#website"},"datePublished":"2025-02-14T12:36:25+00:00","dateModified":"2025-11-19T08:06:35+00:00","breadcrumb":{"@id":"https:\/\/www.axiomams.eu\/lv\/registracijas-remonts#breadcrumb"},"inLanguage":"lv-LV","potentialAction":[{"@type":"ReadAction","target":["https:\/\/www.axiomams.eu\/lv\/registracijas-remonts"]}]},{"@type":"BreadcrumbList","@id":"https:\/\/www.axiomams.eu\/lv\/registracijas-remonts#breadcrumb","itemListElement":[{"@type":"ListItem","position":1,"name":"Home","item":"https:\/\/www.axiomams.eu\/lv"},{"@type":"ListItem","position":2,"name":"Re\u0123istr\u0101cijas remonts"}]},{"@type":"WebSite","@id":"https:\/\/www.axiomams.eu\/lv#website","url":"https:\/\/www.axiomams.eu\/lv","name":"AXIOMA MS","description":"Terrmovizoriai ir matavimo \u012franga","publisher":{"@id":"https:\/\/www.axiomams.eu\/lv#organization"},"potentialAction":[{"@type":"SearchAction","target":{"@type":"EntryPoint","urlTemplate":"https:\/\/www.axiomams.eu\/lv?s={search_term_string}"},"query-input":{"@type":"PropertyValueSpecification","valueRequired":true,"valueName":"search_term_string"}}],"inLanguage":"lv-LV"},{"@type":"Organization","@id":"https:\/\/www.axiomams.eu\/lv#organization","name":"AXIOMA MS","url":"https:\/\/www.axiomams.eu\/lv","logo":{"@type":"ImageObject","inLanguage":"lv-LV","@id":"https:\/\/www.axiomams.eu\/lv#\/schema\/logo\/image\/","url":"https:\/\/www.axiomams.eu\/wp-content\/uploads\/2025\/06\/axioma-logo-2.png","contentUrl":"https:\/\/www.axiomams.eu\/wp-content\/uploads\/2025\/06\/axioma-logo-2.png","width":1200,"height":1200,"caption":"AXIOMA MS"},"image":{"@id":"https:\/\/www.axiomams.eu\/lv#\/schema\/logo\/image\/"},"sameAs":["https:\/\/www.facebook.com\/AxiomaMS","https:\/\/www.linkedin.com\/company\/axiomams\/"]}]}},"_links":{"self":[{"href":"https:\/\/www.axiomams.eu\/lv\/wp-json\/wp\/v2\/pages\/38749","targetHints":{"allow":["GET"]}}],"collection":[{"href":"https:\/\/www.axiomams.eu\/lv\/wp-json\/wp\/v2\/pages"}],"about":[{"href":"https:\/\/www.axiomams.eu\/lv\/wp-json\/wp\/v2\/types\/page"}],"author":[{"embeddable":true,"href":"https:\/\/www.axiomams.eu\/lv\/wp-json\/wp\/v2\/users\/1"}],"replies":[{"embeddable":true,"href":"https:\/\/www.axiomams.eu\/lv\/wp-json\/wp\/v2\/comments?post=38749"}],"version-history":[{"count":1,"href":"https:\/\/www.axiomams.eu\/lv\/wp-json\/wp\/v2\/pages\/38749\/revisions"}],"predecessor-version":[{"id":38750,"href":"https:\/\/www.axiomams.eu\/lv\/wp-json\/wp\/v2\/pages\/38749\/revisions\/38750"}],"wp:attachment":[{"href":"https:\/\/www.axiomams.eu\/lv\/wp-json\/wp\/v2\/media?parent=38749"}],"curies":[{"name":"wp","href":"https:\/\/api.w.org\/{rel}","templated":true}]}}