{"id":38754,"date":"2025-02-14T14:36:48","date_gmt":"2025-02-14T12:36:48","guid":{"rendered":"https:\/\/www.axiomams.eu\/remonta-statuss"},"modified":"2025-11-19T10:06:39","modified_gmt":"2025-11-19T08:06:39","slug":"remonta-statuss","status":"publish","type":"page","link":"https:\/\/www.axiomams.eu\/lv\/remonta-statuss","title":{"rendered":"Remonta statuss"},"content":{"rendered":"<section class=\"l-section wpb_row height_medium\"><div class=\"l-section-h i-cf\"><div class=\"g-cols vc_row via_flex valign_top type_default stacking_default\"><div class=\"vc_col-sm-12 wpb_column vc_column_container\"><div class=\"vc_column-inner\"><div class=\"wpb_wrapper\"><div class=\"w-vwrapper align_center valign_top\" style=\"--vwrapper-gap:20px\"><h1 class=\"w-post-elm post_title entry-title color_link_inherit\">Remonta statuss<\/h1><div class=\"wpb_text_column\"><div class=\"wpb_wrapper\"><div class=\"axioma-ms-repair-status-container\">\n    <div class=\"axioma-ms-repair-status-form\">\n        <p>Iek\u0101rtojiet remonta kodu, lai p\u0101rbaud\u012btu remonta b\u016bsen\u0105.<\/p>\n\n        <form id=\"axioma-ms-repair-status-form\">\n            <div class=\"form-group\">\n                <label for=\"repair-code\">Remonto kods<\/label>\n                <input type=\"text\" id=\"repair-code\" name=\"repair-code\" placeholder=\"pvz. TS38XX\/xxxxxx \" required>\n                <div class=\"error-message\"><\/div>\n            <\/div>\n            <button type=\"submit\" class=\"submit-button\">Tikrinti<\/button>\n        <\/form>\n    <\/div>\n\n    <div class=\"axioma-ms-repair-status-results\" style=\"display: none;\">\n        <div class=\"result-header\">\n            <h3 class=\"repair-title\"><\/h3>\n            <button class=\"check-another-button\">Iest\u0101di citu kodu<\/button>\n        <\/div>\n\n        <div class=\"results-columns\">\n            <div class=\"results-column details-column\">\n                <div class=\"repair-details\">\n                    <div class=\"detail-item\">\n                        <span class=\"label\">Kodas:<\/span>\n                        <span class=\"value code-value\"><\/span>\n                    <\/div>\n                    <div class=\"detail-item\">\n                        <span class=\"label\">Serijos numurs:<\/span>\n                        <span class=\"value serial-value\"><\/span>\n                    <\/div>\n                    <div class=\"detail-item\">\n                        <span class=\"label\">Garantinis:<\/span>\n                        <span class=\"value warranty-value\"><\/span>\n                    <\/div>\n                    <div class=\"detail-item\">\n                        <span class=\"label\">Gauta:<\/span>\n                        <span class=\"value received-value\"><\/span>\n                    <\/div>\n                    <div class=\"detail-item issued-container\">\n                        <span class=\"label\">Izduota:<\/span>\n                        <span class=\"value issued-value\"><\/span>\n                    <\/div>\n                <\/div>\n            <\/div>\n            \n            <div class=\"results-column timeline-column\">\n                <div class=\"repair-status-timeline\">\n                    <h4>Remonto eiga<\/h4>\n                    <div class=\"timeline-container\">\n                        <!-- Status items will be added here dynamically -->\n                    <\/div>\n                <\/div>\n            <\/div>\n        <\/div>\n    <\/div>\n\n    <div class=\"axioma-ms-repair-status-loading\" style=\"display: none;\">\n        <div class=\"loading-spinner\"><\/div>\n        <p>Palaukite...<\/p>\n    <\/div>\n<\/div>\n<\/div><\/div><\/div><\/div><\/div><\/div><\/div><\/div><\/section>\n","protected":false},"excerpt":{"rendered":"Remonta statuss Iek\u0101rtojiet remonta kodu, lai p\u0101rbaud\u012btu remonta b\u016bsen\u0105. Remonto kods Tikrinti Iest\u0101di citu kodu Kodas: Serijos numurs: Garantinis: Gauta: Izduota: Remonto eiga Palaukite...","protected":false},"author":1,"featured_media":0,"parent":0,"menu_order":0,"comment_status":"closed","ping_status":"closed","template":"","meta":{"_acf_changed":false,"footnotes":""},"class_list":["post-38754","page","type-page","status-publish","hentry"],"acf":[],"yoast_head":"<!-- This site is optimized with the Yoast SEO plugin v27.0 - https:\/\/yoast.com\/product\/yoast-seo-wordpress\/ -->\n<title>Remonta statuss - AXIOMA MS<\/title>\n<meta name=\"robots\" content=\"index, follow, max-snippet:-1, max-image-preview:large, max-video-preview:-1\" \/>\n<link rel=\"canonical\" href=\"https:\/\/www.axiomams.eu\/lv\/remonta-statuss\" \/>\n<meta property=\"og:locale\" content=\"lv_LV\" \/>\n<meta property=\"og:type\" content=\"article\" \/>\n<meta property=\"og:title\" content=\"Remonta statuss - AXIOMA MS\" \/>\n<meta property=\"og:url\" content=\"https:\/\/www.axiomams.eu\/lv\/remonta-statuss\" \/>\n<meta property=\"og:site_name\" content=\"AXIOMA MS\" \/>\n<meta property=\"article:publisher\" content=\"https:\/\/www.facebook.com\/AxiomaMS\" \/>\n<meta property=\"article:modified_time\" content=\"2025-11-19T08:06:39+00:00\" \/>\n<meta name=\"twitter:card\" content=\"summary_large_image\" \/>\n<script type=\"application\/ld+json\" class=\"yoast-schema-graph\">{\"@context\":\"https:\/\/schema.org\",\"@graph\":[{\"@type\":\"WebPage\",\"@id\":\"https:\/\/www.axiomams.eu\/lv\/remonta-statuss\",\"url\":\"https:\/\/www.axiomams.eu\/lv\/remonta-statuss\",\"name\":\"Remonta statuss - AXIOMA MS\",\"isPartOf\":{\"@id\":\"https:\/\/www.axiomams.eu\/lv#website\"},\"datePublished\":\"2025-02-14T12:36:48+00:00\",\"dateModified\":\"2025-11-19T08:06:39+00:00\",\"breadcrumb\":{\"@id\":\"https:\/\/www.axiomams.eu\/lv\/remonta-statuss#breadcrumb\"},\"inLanguage\":\"lv-LV\",\"potentialAction\":[{\"@type\":\"ReadAction\",\"target\":[\"https:\/\/www.axiomams.eu\/lv\/remonta-statuss\"]}]},{\"@type\":\"BreadcrumbList\",\"@id\":\"https:\/\/www.axiomams.eu\/lv\/remonta-statuss#breadcrumb\",\"itemListElement\":[{\"@type\":\"ListItem\",\"position\":1,\"name\":\"Home\",\"item\":\"https:\/\/www.axiomams.eu\/lv\"},{\"@type\":\"ListItem\",\"position\":2,\"name\":\"Remonta statuss\"}]},{\"@type\":\"WebSite\",\"@id\":\"https:\/\/www.axiomams.eu\/lv#website\",\"url\":\"https:\/\/www.axiomams.eu\/lv\",\"name\":\"AXIOMA MS\",\"description\":\"Terrmovizoriai ir matavimo \u012franga\",\"publisher\":{\"@id\":\"https:\/\/www.axiomams.eu\/lv#organization\"},\"potentialAction\":[{\"@type\":\"SearchAction\",\"target\":{\"@type\":\"EntryPoint\",\"urlTemplate\":\"https:\/\/www.axiomams.eu\/lv?s={search_term_string}\"},\"query-input\":{\"@type\":\"PropertyValueSpecification\",\"valueRequired\":true,\"valueName\":\"search_term_string\"}}],\"inLanguage\":\"lv-LV\"},{\"@type\":\"Organization\",\"@id\":\"https:\/\/www.axiomams.eu\/lv#organization\",\"name\":\"AXIOMA MS\",\"url\":\"https:\/\/www.axiomams.eu\/lv\",\"logo\":{\"@type\":\"ImageObject\",\"inLanguage\":\"lv-LV\",\"@id\":\"https:\/\/www.axiomams.eu\/lv#\/schema\/logo\/image\/\",\"url\":\"https:\/\/www.axiomams.eu\/wp-content\/uploads\/2025\/06\/axioma-logo-2.png\",\"contentUrl\":\"https:\/\/www.axiomams.eu\/wp-content\/uploads\/2025\/06\/axioma-logo-2.png\",\"width\":1200,\"height\":1200,\"caption\":\"AXIOMA MS\"},\"image\":{\"@id\":\"https:\/\/www.axiomams.eu\/lv#\/schema\/logo\/image\/\"},\"sameAs\":[\"https:\/\/www.facebook.com\/AxiomaMS\",\"https:\/\/www.linkedin.com\/company\/axiomams\/\"]}]}<\/script>\n<!-- \/ Yoast SEO plugin. -->","yoast_head_json":{"title":"Remonta statuss - AXIOMA MS","robots":{"index":"index","follow":"follow","max-snippet":"max-snippet:-1","max-image-preview":"max-image-preview:large","max-video-preview":"max-video-preview:-1"},"canonical":"https:\/\/www.axiomams.eu\/lv\/remonta-statuss","og_locale":"lv_LV","og_type":"article","og_title":"Remonta statuss - AXIOMA MS","og_url":"https:\/\/www.axiomams.eu\/lv\/remonta-statuss","og_site_name":"AXIOMA MS","article_publisher":"https:\/\/www.facebook.com\/AxiomaMS","article_modified_time":"2025-11-19T08:06:39+00:00","twitter_card":"summary_large_image","schema":{"@context":"https:\/\/schema.org","@graph":[{"@type":"WebPage","@id":"https:\/\/www.axiomams.eu\/lv\/remonta-statuss","url":"https:\/\/www.axiomams.eu\/lv\/remonta-statuss","name":"Remonta statuss - AXIOMA MS","isPartOf":{"@id":"https:\/\/www.axiomams.eu\/lv#website"},"datePublished":"2025-02-14T12:36:48+00:00","dateModified":"2025-11-19T08:06:39+00:00","breadcrumb":{"@id":"https:\/\/www.axiomams.eu\/lv\/remonta-statuss#breadcrumb"},"inLanguage":"lv-LV","potentialAction":[{"@type":"ReadAction","target":["https:\/\/www.axiomams.eu\/lv\/remonta-statuss"]}]},{"@type":"BreadcrumbList","@id":"https:\/\/www.axiomams.eu\/lv\/remonta-statuss#breadcrumb","itemListElement":[{"@type":"ListItem","position":1,"name":"Home","item":"https:\/\/www.axiomams.eu\/lv"},{"@type":"ListItem","position":2,"name":"Remonta statuss"}]},{"@type":"WebSite","@id":"https:\/\/www.axiomams.eu\/lv#website","url":"https:\/\/www.axiomams.eu\/lv","name":"AXIOMA MS","description":"Terrmovizoriai ir matavimo \u012franga","publisher":{"@id":"https:\/\/www.axiomams.eu\/lv#organization"},"potentialAction":[{"@type":"SearchAction","target":{"@type":"EntryPoint","urlTemplate":"https:\/\/www.axiomams.eu\/lv?s={search_term_string}"},"query-input":{"@type":"PropertyValueSpecification","valueRequired":true,"valueName":"search_term_string"}}],"inLanguage":"lv-LV"},{"@type":"Organization","@id":"https:\/\/www.axiomams.eu\/lv#organization","name":"AXIOMA MS","url":"https:\/\/www.axiomams.eu\/lv","logo":{"@type":"ImageObject","inLanguage":"lv-LV","@id":"https:\/\/www.axiomams.eu\/lv#\/schema\/logo\/image\/","url":"https:\/\/www.axiomams.eu\/wp-content\/uploads\/2025\/06\/axioma-logo-2.png","contentUrl":"https:\/\/www.axiomams.eu\/wp-content\/uploads\/2025\/06\/axioma-logo-2.png","width":1200,"height":1200,"caption":"AXIOMA MS"},"image":{"@id":"https:\/\/www.axiomams.eu\/lv#\/schema\/logo\/image\/"},"sameAs":["https:\/\/www.facebook.com\/AxiomaMS","https:\/\/www.linkedin.com\/company\/axiomams\/"]}]}},"_links":{"self":[{"href":"https:\/\/www.axiomams.eu\/lv\/wp-json\/wp\/v2\/pages\/38754","targetHints":{"allow":["GET"]}}],"collection":[{"href":"https:\/\/www.axiomams.eu\/lv\/wp-json\/wp\/v2\/pages"}],"about":[{"href":"https:\/\/www.axiomams.eu\/lv\/wp-json\/wp\/v2\/types\/page"}],"author":[{"embeddable":true,"href":"https:\/\/www.axiomams.eu\/lv\/wp-json\/wp\/v2\/users\/1"}],"replies":[{"embeddable":true,"href":"https:\/\/www.axiomams.eu\/lv\/wp-json\/wp\/v2\/comments?post=38754"}],"version-history":[{"count":1,"href":"https:\/\/www.axiomams.eu\/lv\/wp-json\/wp\/v2\/pages\/38754\/revisions"}],"predecessor-version":[{"id":38755,"href":"https:\/\/www.axiomams.eu\/lv\/wp-json\/wp\/v2\/pages\/38754\/revisions\/38755"}],"wp:attachment":[{"href":"https:\/\/www.axiomams.eu\/lv\/wp-json\/wp\/v2\/media?parent=38754"}],"curies":[{"name":"wp","href":"https:\/\/api.w.org\/{rel}","templated":true}]}}