{"id":38764,"date":"2025-02-26T16:42:04","date_gmt":"2025-02-26T14:42:04","guid":{"rendered":"https:\/\/www.axiomams.eu\/visparigi-noteikumi"},"modified":"2025-02-26T16:42:04","modified_gmt":"2025-02-26T14:42:04","slug":"visparigi-noteikumi","status":"publish","type":"page","link":"https:\/\/www.axiomams.eu\/lv\/visparigi-noteikumi","title":{"rendered":"Visp\u0101r\u012bgi noteikumi"},"content":{"rendered":"<h1>Visp\u0101r\u012bgi noteikumi<\/h1>\n<h3 class=\"\" data-start=\"158\" data-end=\"189\">1. <strong data-start=\"165\" data-end=\"189\">Visp\u0101r\u012bgi noteikumi<\/strong><\/h3>\n<p class=\"\" data-start=\"190\" data-end=\"580\">\u0160ie Visp\u0101r\u012bgie noteikumi un nosac\u012bjumi (turpm\u0101k tekst\u0101 &#8211; &#8220;Noteikumi un nosac\u012bjumi&#8221;) reglament\u0113 axiomams.eu t\u012bmek\u013ca vietnes (turpm\u0101k tekst\u0101 &#8211; &#8220;Vietne&#8221;) lieto\u0161anu apmekl\u0113t\u0101jiem un pirc\u0113jiem (turpm\u0101k tekst\u0101 &#8211; &#8220;Klients&#8221;), pre\u010du ieg\u0101di, k\u0101 ar\u012b citus noteikumus un nosac\u012bjumus, kas saist\u012bti ar Vietnes lieto\u0161anu. Izmantojot t\u012bmek\u013ca vietni, Klients apliecina, ka ir iepazinies ar \u0161iem noteikumiem un nosac\u012bjumiem, un ap\u0146emas tos iev\u0113rot. <\/p>\n<h3 class=\"\" data-start=\"582\" data-end=\"630\">2. <strong data-start=\"589\" data-end=\"630\">Pirkuma un p\u0101rdo\u0161anas l\u012bguma nosl\u0113g\u0161ana<\/strong><\/h3>\n<p class=\"\" data-start=\"631\" data-end=\"924\">Pirkuma un p\u0101rdo\u0161anas l\u012bgums tiek uzskat\u012bts par nosl\u0113gtu no br\u012b\u017ea, kad Klients, izveidojis iepirkumu grozu un nor\u0101d\u012bjis visus nepiecie\u0161amos datus, noklik\u0161\u0137ina uz pogas &#8220;Pirkt&#8221; vai attiec\u012bg\u0101s apstiprin\u0101juma pogas. Uzskata, ka \u0161aj\u0101 br\u012bd\u012b Klients ir apstiprin\u0101jis savu pas\u016bt\u012bjumu un savu piekri\u0161anu \u0161iem Noteikumiem un nosac\u012bjumiem. <\/p>\n<h3 class=\"\" data-start=\"926\" data-end=\"974\">3. <strong data-start=\"933\" data-end=\"974\">Preces, cenas un maks\u0101\u0161anas k\u0101rt\u012bba<\/strong><\/h3>\n<ul data-start=\"975\" data-end=\"1276\">\n<li class=\"\" data-start=\"975\" data-end=\"1042\">\n<p class=\"\" data-start=\"977\" data-end=\"1042\">Visas pre\u010du cenas T\u012bmek\u013ca vietn\u0113 ir nor\u0101d\u012btas eiro ar PVN.<\/p>\n<\/li>\n<li class=\"\" data-start=\"1043\" data-end=\"1152\">\n<p class=\"\" data-start=\"1045\" data-end=\"1152\">P\u0101rdev\u0113jam ir ties\u012bbas jebkur\u0101 laik\u0101 main\u012bt pre\u010du cenas. Cena, kas ir sp\u0113k\u0101 pas\u016bt\u012bjuma iesnieg\u0161anas br\u012bd\u012b, netiek main\u012bta. <\/p>\n<\/li>\n<li class=\"\" data-start=\"1153\" data-end=\"1276\">\n<p class=\"\" data-start=\"1155\" data-end=\"1276\">Maks\u0101jumu var veikt, izmantojot elektronisk\u0101s bankas sist\u0113mas, bankas karti vai citus vietn\u0113 nor\u0101d\u012btos veidus.<\/p>\n<\/li>\n<\/ul>\n<h3 class=\"\" data-start=\"1278\" data-end=\"1307\">4. <strong data-start=\"1285\" data-end=\"1307\">Pre\u010du pieg\u0101de<\/strong><\/h3>\n<ul data-start=\"1308\" data-end=\"1577\">\n<li class=\"\" data-start=\"1308\" data-end=\"1381\">\n<p class=\"\" data-start=\"1310\" data-end=\"1381\">Preces tiek pieg\u0101d\u0101tas uz Klienta nor\u0101d\u012bto adresi vai uz pasta noda\u013cu p\u0113c Klienta izv\u0113les.<\/p>\n<\/li>\n<li class=\"\" data-start=\"1382\" data-end=\"1496\">\n<p class=\"\" data-start=\"1384\" data-end=\"1496\">Pieg\u0101des laiks ir nor\u0101d\u012bts katras preces aprakst\u0101. Pieg\u0101de parasti notiek 1-5 darba dienu laik\u0101. <\/p>\n<\/li>\n<li class=\"\" data-start=\"1497\" data-end=\"1577\">\n<p class=\"\" data-start=\"1499\" data-end=\"1577\">Pas\u016bt\u012bjuma aizkav\u0113\u0161an\u0101s gad\u012bjum\u0101 P\u0101rdev\u0113js ap\u0146emas nekav\u0113joties inform\u0113t Pirc\u0113ju.<\/p>\n<\/li>\n<\/ul>\n<h3 class=\"\" data-start=\"1579\" data-end=\"1621\">5. <strong data-start=\"1586\" data-end=\"1621\">Atgrie\u0161ana un garantijas<\/strong><\/h3>\n<ul data-start=\"1622\" data-end=\"1980\">\n<li class=\"\" data-start=\"1622\" data-end=\"1768\">\n<p class=\"\" data-start=\"1624\" data-end=\"1768\">Klientam ir ties\u012bbas atteikties no l\u012bguma 14 dienu laik\u0101 no pre\u010du sa\u0146em\u0161anas dienas, nenor\u0101dot iemeslu, par to pazi\u0146ojot klientam pa e-pastu. <\/p>\n<\/li>\n<li class=\"\" data-start=\"1769\" data-end=\"1883\">\n<p class=\"\" data-start=\"1771\" data-end=\"1883\">Atgrieztaj\u0101m prec\u0113m j\u0101b\u016bt neboj\u0101t\u0101m, ori\u0123in\u0101laj\u0101 iepakojum\u0101, nelietot\u0101m un lab\u0101 st\u0101vokl\u012b.<\/p>\n<\/li>\n<li class=\"\" data-start=\"1884\" data-end=\"1980\">\n<p class=\"\" data-start=\"1886\" data-end=\"1980\">Uz da\u017eiem produktiem var attiekties papildu garantija, kas ir nor\u0101d\u012bta produkta aprakst\u0101.<\/p>\n<\/li>\n<\/ul>\n<h3 class=\"\" data-start=\"1982\" data-end=\"2019\">6. <strong data-start=\"1989\" data-end=\"2019\">Klienta ties\u012bbas un pien\u0101kumi<\/strong><\/h3>\n<ul data-start=\"2020\" data-end=\"2264\">\n<li class=\"\" data-start=\"2020\" data-end=\"2112\">\n<p class=\"\" data-start=\"2022\" data-end=\"2112\">Klientam ir pien\u0101kums sniegt pareizus datus un neizmantot T\u012bmek\u013ca vietni nelikum\u012bgiem m\u0113r\u0137iem.<\/p>\n<\/li>\n<li class=\"\" data-start=\"2113\" data-end=\"2195\">\n<p class=\"\" data-start=\"2115\" data-end=\"2195\">Klients ap\u0146emas nenodot savus pieteik\u0161an\u0101s datus tre\u0161aj\u0101m person\u0101m.<\/p>\n<\/li>\n<li class=\"\" data-start=\"2196\" data-end=\"2264\">\n<p class=\"\" data-start=\"2198\" data-end=\"2264\">Klients ir atbild\u012bgs par re\u0123istr\u0101cijas laik\u0101 sniegto datu pareiz\u012bbu.<\/p>\n<\/li>\n<\/ul>\n<h3 class=\"\" data-start=\"2266\" data-end=\"2305\">7. <strong data-start=\"2273\" data-end=\"2305\">P\u0101rdev\u0113ja ties\u012bbas un pien\u0101kumi<\/strong><\/h3>\n<ul data-start=\"2306\" data-end=\"2642\">\n<li class=\"\" data-start=\"2306\" data-end=\"2443\">\n<p class=\"\" data-start=\"2308\" data-end=\"2443\">P\u0101rdev\u0113jam ir ties\u012bbas uz laiku vai past\u0101v\u012bgi aptur\u0113t T\u012bmek\u013ca vietnes darb\u012bbu tehnisku iemeslu d\u0113\u013c, iepriek\u0161 par to inform\u0113jot Klientus.<\/p>\n<\/li>\n<li class=\"\" data-start=\"2444\" data-end=\"2541\">\n<p class=\"\" data-start=\"2446\" data-end=\"2541\">P\u0101rdev\u0113js patur ties\u012bbas jebkur\u0101 laik\u0101 main\u012bt Noteikumus un nosac\u012bjumus, par to pazi\u0146ojot P\u0101rdev\u0113jam t\u012bmek\u013ca vietn\u0113.<\/p>\n<\/li>\n<li class=\"\" data-start=\"2542\" data-end=\"2642\">\n<p class=\"\" data-start=\"2544\" data-end=\"2642\">P\u0101rdev\u0113js ap\u0146emas nodro\u0161in\u0101t Pirc\u0113ja personas datu dro\u0161\u012bbu saska\u0146\u0101 ar sp\u0113k\u0101 eso\u0161ajiem ties\u012bbu aktiem.<\/p>\n<\/li>\n<\/ul>\n<h3 class=\"\" data-start=\"2644\" data-end=\"2678\">8. <strong data-start=\"2651\" data-end=\"2678\">Atbild\u012bbas ierobe\u017eo\u0161ana<\/strong><\/h3>\n<p class=\"\" data-start=\"2679\" data-end=\"2875\">P\u0101rdev\u0113js nav atbild\u012bgs par zaud\u0113jumiem, kas radu\u0161ies Klienta nolaid\u012bbas, nepareizu datu vai tre\u0161o personu darb\u012bbas d\u0113\u013c. Pirc\u0113js nav atbild\u012bgs ar\u012b par jebk\u0101diem \u012bslaic\u012bgiem t\u012bmek\u013ca vietnes darb\u012bbas trauc\u0113jumiem vai piek\u013cuves tr\u016bkumu. <\/p>\n<h3 class=\"\" data-start=\"2877\" data-end=\"2909\">9. <strong data-start=\"2884\" data-end=\"2909\">Intelektu\u0101lais \u012bpa\u0161ums<\/strong><\/h3>\n<p class=\"\" data-start=\"2910\" data-end=\"3104\">Viss Vietnes saturs (teksts, fotogr\u0101fijas, dizains u.c.) ir Axioma MS \u012bpa\u0161ums vai ar\u012b tas ir likum\u012bgi izmantots. Bez rakstiskas piekri\u0161anas ir aizliegts izmantot saturu komerci\u0101liem m\u0113r\u0137iem. <\/p>\n<h3 class=\"\" data-start=\"3106\" data-end=\"3134\">10. <strong data-start=\"3114\" data-end=\"3134\">Str\u012bdu iz\u0161\u0137ir\u0161ana<\/strong><\/h3>\n<p class=\"\" data-start=\"3135\" data-end=\"3457\">Visus str\u012bdus risina sarunu ce\u013c\u0101. Ja neizdodas pan\u0101kt vieno\u0161anos, str\u012bds tiek iz\u0161\u0137irts Lietuvas Republikas ties\u0101 p\u0113c P\u0101rdev\u0113ja uz\u0146\u0113m\u0113jdarb\u012bbas vietas. Pirc\u0113jam ir ar\u012b ties\u012bbas v\u0113rsties Valsts pat\u0113r\u0113t\u0101ju ties\u012bbu aizsardz\u012bbas dienest\u0101 vai izmantot elektronisko str\u012bdu iz\u0161\u0137ir\u0161anas platformu: ec <a class=\"\" href=\"https:\/\/ec.europa.eu\/odr\" target=\"_new\" rel=\"noopener\" data-start=\"3412\" data-end=\"3456\">.europa.eu\/odr<\/a>.  <\/p>\n","protected":false},"excerpt":{"rendered":"<p>Visp\u0101r\u012bgi noteikumi 1. Visp\u0101r\u012bgi noteikumi \u0160ie Visp\u0101r\u012bgie noteikumi un nosac\u012bjumi (turpm\u0101k tekst\u0101 &#8211; &#8220;Noteikumi un nosac\u012bjumi&#8221;) reglament\u0113 axiomams.eu t\u012bmek\u013ca vietnes (turpm\u0101k tekst\u0101 &#8211; &#8220;Vietne&#8221;) lieto\u0161anu apmekl\u0113t\u0101jiem un pirc\u0113jiem (turpm\u0101k tekst\u0101 &#8211; &#8220;Klients&#8221;), pre\u010du ieg\u0101di, k\u0101 ar\u012b citus noteikumus un nosac\u012bjumus, kas saist\u012bti ar Vietnes lieto\u0161anu. Izmantojot t\u012bmek\u013ca vietni, Klients apliecina, ka ir iepazinies ar \u0161iem&#8230;<\/p>\n","protected":false},"author":1,"featured_media":0,"parent":0,"menu_order":0,"comment_status":"closed","ping_status":"closed","template":"","meta":{"_acf_changed":false,"footnotes":""},"class_list":["post-38764","page","type-page","status-publish","hentry"],"acf":[],"yoast_head":"<!-- This site is optimized with the Yoast SEO plugin v27.0 - https:\/\/yoast.com\/product\/yoast-seo-wordpress\/ -->\n<title>Visp\u0101r\u012bgi noteikumi - AXIOMA MS<\/title>\n<meta name=\"robots\" content=\"index, follow, max-snippet:-1, max-image-preview:large, max-video-preview:-1\" \/>\n<link rel=\"canonical\" href=\"https:\/\/www.axiomams.eu\/lv\/visparigi-noteikumi\" \/>\n<meta property=\"og:locale\" content=\"lv_LV\" \/>\n<meta property=\"og:type\" content=\"article\" \/>\n<meta property=\"og:title\" content=\"Visp\u0101r\u012bgi noteikumi - AXIOMA MS\" \/>\n<meta property=\"og:description\" content=\"Visp\u0101r\u012bgi noteikumi 1. Visp\u0101r\u012bgi noteikumi \u0160ie Visp\u0101r\u012bgie noteikumi un nosac\u012bjumi (turpm\u0101k tekst\u0101 &#8211; &#8220;Noteikumi un nosac\u012bjumi&#8221;) reglament\u0113 axiomams.eu t\u012bmek\u013ca vietnes (turpm\u0101k tekst\u0101 &#8211; &#8220;Vietne&#8221;) lieto\u0161anu apmekl\u0113t\u0101jiem un pirc\u0113jiem (turpm\u0101k tekst\u0101 &#8211; &#8220;Klients&#8221;), pre\u010du ieg\u0101di, k\u0101 ar\u012b citus noteikumus un nosac\u012bjumus, kas saist\u012bti ar Vietnes lieto\u0161anu. Izmantojot t\u012bmek\u013ca vietni, Klients apliecina, ka ir iepazinies ar \u0161iem...\" \/>\n<meta property=\"og:url\" content=\"https:\/\/www.axiomams.eu\/lv\/visparigi-noteikumi\" \/>\n<meta property=\"og:site_name\" content=\"AXIOMA MS\" \/>\n<meta property=\"article:publisher\" content=\"https:\/\/www.facebook.com\/AxiomaMS\" \/>\n<meta name=\"twitter:card\" content=\"summary_large_image\" \/>\n<meta name=\"twitter:label1\" content=\"Est. reading time\" \/>\n\t<meta name=\"twitter:data1\" content=\"3 minutes\" \/>\n<script type=\"application\/ld+json\" class=\"yoast-schema-graph\">{\"@context\":\"https:\/\/schema.org\",\"@graph\":[{\"@type\":\"WebPage\",\"@id\":\"https:\/\/www.axiomams.eu\/lv\/visparigi-noteikumi\",\"url\":\"https:\/\/www.axiomams.eu\/lv\/visparigi-noteikumi\",\"name\":\"Visp\u0101r\u012bgi noteikumi - AXIOMA MS\",\"isPartOf\":{\"@id\":\"https:\/\/www.axiomams.eu\/lv#website\"},\"datePublished\":\"2025-02-26T14:42:04+00:00\",\"breadcrumb\":{\"@id\":\"https:\/\/www.axiomams.eu\/lv\/visparigi-noteikumi#breadcrumb\"},\"inLanguage\":\"lv-LV\",\"potentialAction\":[{\"@type\":\"ReadAction\",\"target\":[\"https:\/\/www.axiomams.eu\/lv\/visparigi-noteikumi\"]}]},{\"@type\":\"BreadcrumbList\",\"@id\":\"https:\/\/www.axiomams.eu\/lv\/visparigi-noteikumi#breadcrumb\",\"itemListElement\":[{\"@type\":\"ListItem\",\"position\":1,\"name\":\"Home\",\"item\":\"https:\/\/www.axiomams.eu\/lv\"},{\"@type\":\"ListItem\",\"position\":2,\"name\":\"Visp\u0101r\u012bgi noteikumi\"}]},{\"@type\":\"WebSite\",\"@id\":\"https:\/\/www.axiomams.eu\/lv#website\",\"url\":\"https:\/\/www.axiomams.eu\/lv\",\"name\":\"AXIOMA MS\",\"description\":\"Terrmovizoriai ir matavimo \u012franga\",\"publisher\":{\"@id\":\"https:\/\/www.axiomams.eu\/lv#organization\"},\"potentialAction\":[{\"@type\":\"SearchAction\",\"target\":{\"@type\":\"EntryPoint\",\"urlTemplate\":\"https:\/\/www.axiomams.eu\/lv?s={search_term_string}\"},\"query-input\":{\"@type\":\"PropertyValueSpecification\",\"valueRequired\":true,\"valueName\":\"search_term_string\"}}],\"inLanguage\":\"lv-LV\"},{\"@type\":\"Organization\",\"@id\":\"https:\/\/www.axiomams.eu\/lv#organization\",\"name\":\"AXIOMA MS\",\"url\":\"https:\/\/www.axiomams.eu\/lv\",\"logo\":{\"@type\":\"ImageObject\",\"inLanguage\":\"lv-LV\",\"@id\":\"https:\/\/www.axiomams.eu\/lv#\/schema\/logo\/image\/\",\"url\":\"https:\/\/www.axiomams.eu\/wp-content\/uploads\/2025\/06\/axioma-logo-2.png\",\"contentUrl\":\"https:\/\/www.axiomams.eu\/wp-content\/uploads\/2025\/06\/axioma-logo-2.png\",\"width\":1200,\"height\":1200,\"caption\":\"AXIOMA MS\"},\"image\":{\"@id\":\"https:\/\/www.axiomams.eu\/lv#\/schema\/logo\/image\/\"},\"sameAs\":[\"https:\/\/www.facebook.com\/AxiomaMS\",\"https:\/\/www.linkedin.com\/company\/axiomams\/\"]}]}<\/script>\n<!-- \/ Yoast SEO plugin. -->","yoast_head_json":{"title":"Visp\u0101r\u012bgi noteikumi - AXIOMA MS","robots":{"index":"index","follow":"follow","max-snippet":"max-snippet:-1","max-image-preview":"max-image-preview:large","max-video-preview":"max-video-preview:-1"},"canonical":"https:\/\/www.axiomams.eu\/lv\/visparigi-noteikumi","og_locale":"lv_LV","og_type":"article","og_title":"Visp\u0101r\u012bgi noteikumi - AXIOMA MS","og_description":"Visp\u0101r\u012bgi noteikumi 1. Visp\u0101r\u012bgi noteikumi \u0160ie Visp\u0101r\u012bgie noteikumi un nosac\u012bjumi (turpm\u0101k tekst\u0101 &#8211; &#8220;Noteikumi un nosac\u012bjumi&#8221;) reglament\u0113 axiomams.eu t\u012bmek\u013ca vietnes (turpm\u0101k tekst\u0101 &#8211; &#8220;Vietne&#8221;) lieto\u0161anu apmekl\u0113t\u0101jiem un pirc\u0113jiem (turpm\u0101k tekst\u0101 &#8211; &#8220;Klients&#8221;), pre\u010du ieg\u0101di, k\u0101 ar\u012b citus noteikumus un nosac\u012bjumus, kas saist\u012bti ar Vietnes lieto\u0161anu. Izmantojot t\u012bmek\u013ca vietni, Klients apliecina, ka ir iepazinies ar \u0161iem...","og_url":"https:\/\/www.axiomams.eu\/lv\/visparigi-noteikumi","og_site_name":"AXIOMA MS","article_publisher":"https:\/\/www.facebook.com\/AxiomaMS","twitter_card":"summary_large_image","twitter_misc":{"Est. reading time":"3 minutes"},"schema":{"@context":"https:\/\/schema.org","@graph":[{"@type":"WebPage","@id":"https:\/\/www.axiomams.eu\/lv\/visparigi-noteikumi","url":"https:\/\/www.axiomams.eu\/lv\/visparigi-noteikumi","name":"Visp\u0101r\u012bgi noteikumi - AXIOMA MS","isPartOf":{"@id":"https:\/\/www.axiomams.eu\/lv#website"},"datePublished":"2025-02-26T14:42:04+00:00","breadcrumb":{"@id":"https:\/\/www.axiomams.eu\/lv\/visparigi-noteikumi#breadcrumb"},"inLanguage":"lv-LV","potentialAction":[{"@type":"ReadAction","target":["https:\/\/www.axiomams.eu\/lv\/visparigi-noteikumi"]}]},{"@type":"BreadcrumbList","@id":"https:\/\/www.axiomams.eu\/lv\/visparigi-noteikumi#breadcrumb","itemListElement":[{"@type":"ListItem","position":1,"name":"Home","item":"https:\/\/www.axiomams.eu\/lv"},{"@type":"ListItem","position":2,"name":"Visp\u0101r\u012bgi noteikumi"}]},{"@type":"WebSite","@id":"https:\/\/www.axiomams.eu\/lv#website","url":"https:\/\/www.axiomams.eu\/lv","name":"AXIOMA MS","description":"Terrmovizoriai ir matavimo \u012franga","publisher":{"@id":"https:\/\/www.axiomams.eu\/lv#organization"},"potentialAction":[{"@type":"SearchAction","target":{"@type":"EntryPoint","urlTemplate":"https:\/\/www.axiomams.eu\/lv?s={search_term_string}"},"query-input":{"@type":"PropertyValueSpecification","valueRequired":true,"valueName":"search_term_string"}}],"inLanguage":"lv-LV"},{"@type":"Organization","@id":"https:\/\/www.axiomams.eu\/lv#organization","name":"AXIOMA MS","url":"https:\/\/www.axiomams.eu\/lv","logo":{"@type":"ImageObject","inLanguage":"lv-LV","@id":"https:\/\/www.axiomams.eu\/lv#\/schema\/logo\/image\/","url":"https:\/\/www.axiomams.eu\/wp-content\/uploads\/2025\/06\/axioma-logo-2.png","contentUrl":"https:\/\/www.axiomams.eu\/wp-content\/uploads\/2025\/06\/axioma-logo-2.png","width":1200,"height":1200,"caption":"AXIOMA MS"},"image":{"@id":"https:\/\/www.axiomams.eu\/lv#\/schema\/logo\/image\/"},"sameAs":["https:\/\/www.facebook.com\/AxiomaMS","https:\/\/www.linkedin.com\/company\/axiomams\/"]}]}},"_links":{"self":[{"href":"https:\/\/www.axiomams.eu\/lv\/wp-json\/wp\/v2\/pages\/38764","targetHints":{"allow":["GET"]}}],"collection":[{"href":"https:\/\/www.axiomams.eu\/lv\/wp-json\/wp\/v2\/pages"}],"about":[{"href":"https:\/\/www.axiomams.eu\/lv\/wp-json\/wp\/v2\/types\/page"}],"author":[{"embeddable":true,"href":"https:\/\/www.axiomams.eu\/lv\/wp-json\/wp\/v2\/users\/1"}],"replies":[{"embeddable":true,"href":"https:\/\/www.axiomams.eu\/lv\/wp-json\/wp\/v2\/comments?post=38764"}],"version-history":[{"count":0,"href":"https:\/\/www.axiomams.eu\/lv\/wp-json\/wp\/v2\/pages\/38764\/revisions"}],"wp:attachment":[{"href":"https:\/\/www.axiomams.eu\/lv\/wp-json\/wp\/v2\/media?parent=38764"}],"curies":[{"name":"wp","href":"https:\/\/api.w.org\/{rel}","templated":true}]}}