{"id":38783,"date":"2025-05-15T17:55:45","date_gmt":"2025-05-15T15:55:45","guid":{"rendered":"https:\/\/www.axiomams.eu\/produktas\/sew-388-svd-drosibas-sprieguma-tuvuma-detektors"},"modified":"2026-03-25T16:58:15","modified_gmt":"2026-03-25T14:58:15","slug":"sew-388-svd-drosibas-sprieguma-tuvuma-detektors","status":"publish","type":"product","link":"https:\/\/www.axiomams.eu\/lv\/produktas\/sew-388-svd-drosibas-sprieguma-tuvuma-detektors","title":{"rendered":"SEW 388 SVD Dro\u0161\u012bbas sprieguma tuvuma detektors"},"content":{"rendered":"<p>SEW 388 SVD Body-Prox ir personiskais dro\u0161\u012bbas sprieguma tuvuma detektors. \u0160o ier\u012bci izmanto, lai br\u012bdin\u0101tu lietot\u0101jus, ka vi\u0146i tuvojas iek\u0101rt\u0101m zem sprieguma, kur\u0101s ir b\u012bstams spriegums. T\u0101p\u0113c t\u0101 aizsarg\u0101 un pasarg\u0101 lietot\u0101ju no tuvo\u0161an\u0101s b\u012bstam\u0101m augstsprieguma iek\u0101rt\u0101m vai kabe\u013ciem zem sprieguma. Ja lietot\u0101ja tuvum\u0101 tiek konstat\u0113ta spriegumakt\u012bva iek\u0101rta, lietot\u0101js tiek br\u012bdin\u0101ts par spriegumakt\u012bvas iek\u0101rtas tuvumu ar ska\u0146as sign\u0101lu (ska\u0146as sign\u0101ls) un vizu\u0101lu sign\u0101lu (LED mirgo) divas reizes sekund\u0113. 388 SVD ir \u012bpa\u0161i maza pat\u0113ri\u0146a ra\u017eojums, un to var lietot m\u0113ne\u0161iem ilgi, nemainot 9 V akumulatoru. Body-Prox ir \u016bdensiztur\u012bgs, un to var lietot jebkuros laika apst\u0101k\u013cos. Body-Prox 388 SVD ir izstr\u0101d\u0101ts t\u0101, lai to b\u016btu vienk\u0101r\u0161i lietot. Tam nav sprieguma izv\u0113les, un lietot\u0101jam nav j\u0101prot lietot sare\u017e\u0123\u012btas test\u0113\u0161anas iek\u0101rtas. Ier\u012bc\u0113 ir ieb\u016bv\u0113ts klips, lai to var\u0113tu piestiprin\u0101t pie virsdr\u0113b\u0113m\/\u0101r\u0113j\u0101 ap\u0123\u0113rba vai jostas.<\/p>\n<p>Br\u012bdin\u0101jums Mai\u0146str\u0101vas sprieguma tuvums 240 V &#8230; 69 kV<br \/>\nAizsardz\u012bbas klase: IP65<br \/>\n\u013boti spilgta LED indik\u0101cija<br \/>\nSka\u0146as indik\u0101cija ar augstu ska\u0146as ska\u013cumu, kas var sasniegt 90 dB<br \/>\nTest\u0113\u0161anas un diagnostikas sh\u0113mas<br \/>\nAugstas triecieniztur\u012bbas tipa korpuss<br \/>\nAtbilst standartam EN 61326-1<br \/>\nIzm\u0113ri: 114 x 67 x 27 mm<br \/>\nSvars: Aptuveni 152 g (ieskaitot bateriju)<\/p>\n<h3>Tehnisk\u0101 inform\u0101cija:<\/h3>\n<ul>\n<li><a href=\"https:\/\/axiomams.eu\/importer\/export\/attachments\/en\/sew-388-svd.pdf\" target=\"_blank\">SEW 388 SVD.pdf<\/a><\/li>\n<\/ul>\n","protected":false},"excerpt":{"rendered":"<p>SEW 388 SVD Body-Prox ir personiskais dro\u0161\u012bbas sprieguma tuvuma detektors. \u0160o ier\u012bci izmanto, lai br\u012bdin\u0101tu lietot\u0101jus, ka vi\u0146i tuvojas iek\u0101rt\u0101m zem sprieguma, kur\u0101s ir b\u012bstams spriegums. T\u0101p\u0113c t\u0101 aizsarg\u0101 un pasarg\u0101 lietot\u0101ju no tuvo\u0161an\u0101s b\u012bstam\u0101m augstsprieguma iek\u0101rt\u0101m vai kabe\u013ciem zem sprieguma. Ja lietot\u0101ja tuvum\u0101 tiek konstat\u0113ta spriegumakt\u012bva iek\u0101rta, lietot\u0101js tiek br\u012bdin\u0101ts par spriegumakt\u012bvas iek\u0101rtas tuvumu&#8230;<\/p>\n","protected":false},"featured_media":38787,"comment_status":"open","ping_status":"closed","template":"","meta":{"_acf_changed":false},"product_brand":[737],"product_cat":[17718],"product_tag":[],"class_list":{"0":"post-38783","1":"product","2":"type-product","3":"status-publish","4":"has-post-thumbnail","6":"product_brand-sew","7":"product_cat-par-elektrisko-drosibu","9":"first","10":"instock","11":"taxable","12":"shipping-taxable","13":"purchasable","14":"product-type-simple"},"acf":[],"yoast_head":"<!-- This site is optimized with the Yoast SEO plugin v27.0 - https:\/\/yoast.com\/product\/yoast-seo-wordpress\/ -->\n<title>SEW 388 SVD Dro\u0161\u012bbas sprieguma tuvuma detektors - AXIOMA MS<\/title>\n<meta name=\"robots\" content=\"index, follow, max-snippet:-1, max-image-preview:large, max-video-preview:-1\" \/>\n<link rel=\"canonical\" href=\"https:\/\/www.axiomams.eu\/lv\/produktas\/sew-388-svd-drosibas-sprieguma-tuvuma-detektors\" \/>\n<meta property=\"og:locale\" content=\"lv_LV\" \/>\n<meta property=\"og:type\" content=\"article\" \/>\n<meta property=\"og:title\" content=\"SEW 388 SVD Dro\u0161\u012bbas sprieguma tuvuma detektors - AXIOMA MS\" \/>\n<meta property=\"og:description\" content=\"SEW 388 SVD Body-Prox ir personiskais dro\u0161\u012bbas sprieguma tuvuma detektors. \u0160o ier\u012bci izmanto, lai br\u012bdin\u0101tu lietot\u0101jus, ka vi\u0146i tuvojas iek\u0101rt\u0101m zem sprieguma, kur\u0101s ir b\u012bstams spriegums. T\u0101p\u0113c t\u0101 aizsarg\u0101 un pasarg\u0101 lietot\u0101ju no tuvo\u0161an\u0101s b\u012bstam\u0101m augstsprieguma iek\u0101rt\u0101m vai kabe\u013ciem zem sprieguma. Ja lietot\u0101ja tuvum\u0101 tiek konstat\u0113ta spriegumakt\u012bva iek\u0101rta, lietot\u0101js tiek br\u012bdin\u0101ts par spriegumakt\u012bvas iek\u0101rtas tuvumu...\" \/>\n<meta property=\"og:url\" content=\"https:\/\/www.axiomams.eu\/lv\/produktas\/sew-388-svd-drosibas-sprieguma-tuvuma-detektors\" \/>\n<meta property=\"og:site_name\" content=\"AXIOMA MS\" \/>\n<meta property=\"article:publisher\" content=\"https:\/\/www.facebook.com\/AxiomaMS\" \/>\n<meta property=\"article:modified_time\" content=\"2026-03-25T14:58:15+00:00\" \/>\n<meta property=\"og:image\" content=\"https:\/\/www.axiomams.eu\/wp-content\/uploads\/2025\/07\/2993-3949.jpg\" \/>\n\t<meta property=\"og:image:width\" content=\"600\" \/>\n\t<meta property=\"og:image:height\" content=\"600\" \/>\n\t<meta property=\"og:image:type\" content=\"image\/jpeg\" \/>\n<meta name=\"twitter:card\" content=\"summary_large_image\" \/>\n<meta name=\"twitter:label1\" content=\"Est. reading time\" \/>\n\t<meta name=\"twitter:data1\" content=\"1 minute\" \/>\n<script type=\"application\/ld+json\" class=\"yoast-schema-graph\">{\"@context\":\"https:\/\/schema.org\",\"@graph\":[{\"@type\":\"WebPage\",\"@id\":\"https:\/\/www.axiomams.eu\/lv\/produktas\/sew-388-svd-drosibas-sprieguma-tuvuma-detektors\",\"url\":\"https:\/\/www.axiomams.eu\/lv\/produktas\/sew-388-svd-drosibas-sprieguma-tuvuma-detektors\",\"name\":\"SEW 388 SVD Dro\u0161\u012bbas sprieguma tuvuma detektors - AXIOMA MS\",\"isPartOf\":{\"@id\":\"https:\/\/www.axiomams.eu\/lv#website\"},\"primaryImageOfPage\":{\"@id\":\"https:\/\/www.axiomams.eu\/lv\/produktas\/sew-388-svd-drosibas-sprieguma-tuvuma-detektors#primaryimage\"},\"image\":{\"@id\":\"https:\/\/www.axiomams.eu\/lv\/produktas\/sew-388-svd-drosibas-sprieguma-tuvuma-detektors#primaryimage\"},\"thumbnailUrl\":\"https:\/\/www.axiomams.eu\/wp-content\/uploads\/2025\/07\/2993-3949.jpg\",\"datePublished\":\"2025-05-15T15:55:45+00:00\",\"dateModified\":\"2026-03-25T14:58:15+00:00\",\"breadcrumb\":{\"@id\":\"https:\/\/www.axiomams.eu\/lv\/produktas\/sew-388-svd-drosibas-sprieguma-tuvuma-detektors#breadcrumb\"},\"inLanguage\":\"lv-LV\",\"potentialAction\":[{\"@type\":\"ReadAction\",\"target\":[\"https:\/\/www.axiomams.eu\/lv\/produktas\/sew-388-svd-drosibas-sprieguma-tuvuma-detektors\"]}]},{\"@type\":\"ImageObject\",\"inLanguage\":\"lv-LV\",\"@id\":\"https:\/\/www.axiomams.eu\/lv\/produktas\/sew-388-svd-drosibas-sprieguma-tuvuma-detektors#primaryimage\",\"url\":\"https:\/\/www.axiomams.eu\/wp-content\/uploads\/2025\/07\/2993-3949.jpg\",\"contentUrl\":\"https:\/\/www.axiomams.eu\/wp-content\/uploads\/2025\/07\/2993-3949.jpg\",\"width\":600,\"height\":600},{\"@type\":\"BreadcrumbList\",\"@id\":\"https:\/\/www.axiomams.eu\/lv\/produktas\/sew-388-svd-drosibas-sprieguma-tuvuma-detektors#breadcrumb\",\"itemListElement\":[{\"@type\":\"ListItem\",\"position\":1,\"name\":\"Home\",\"item\":\"https:\/\/www.axiomams.eu\/lv\"},{\"@type\":\"ListItem\",\"position\":2,\"name\":\"Produkti\",\"item\":\"https:\/\/www.axiomams.eu\/lv\/produkti\"},{\"@type\":\"ListItem\",\"position\":3,\"name\":\"SEW 388 SVD Dro\u0161\u012bbas sprieguma tuvuma detektors\"}]},{\"@type\":\"WebSite\",\"@id\":\"https:\/\/www.axiomams.eu\/lv#website\",\"url\":\"https:\/\/www.axiomams.eu\/lv\",\"name\":\"AXIOMA MS\",\"description\":\"Terrmovizoriai ir matavimo \u012franga\",\"publisher\":{\"@id\":\"https:\/\/www.axiomams.eu\/lv#organization\"},\"potentialAction\":[{\"@type\":\"SearchAction\",\"target\":{\"@type\":\"EntryPoint\",\"urlTemplate\":\"https:\/\/www.axiomams.eu\/lv?s={search_term_string}\"},\"query-input\":{\"@type\":\"PropertyValueSpecification\",\"valueRequired\":true,\"valueName\":\"search_term_string\"}}],\"inLanguage\":\"lv-LV\"},{\"@type\":\"Organization\",\"@id\":\"https:\/\/www.axiomams.eu\/lv#organization\",\"name\":\"AXIOMA MS\",\"url\":\"https:\/\/www.axiomams.eu\/lv\",\"logo\":{\"@type\":\"ImageObject\",\"inLanguage\":\"lv-LV\",\"@id\":\"https:\/\/www.axiomams.eu\/lv#\/schema\/logo\/image\/\",\"url\":\"https:\/\/www.axiomams.eu\/wp-content\/uploads\/2025\/06\/axioma-logo-2.png\",\"contentUrl\":\"https:\/\/www.axiomams.eu\/wp-content\/uploads\/2025\/06\/axioma-logo-2.png\",\"width\":1200,\"height\":1200,\"caption\":\"AXIOMA MS\"},\"image\":{\"@id\":\"https:\/\/www.axiomams.eu\/lv#\/schema\/logo\/image\/\"},\"sameAs\":[\"https:\/\/www.facebook.com\/AxiomaMS\",\"https:\/\/www.linkedin.com\/company\/axiomams\/\"]}]}<\/script>\n<!-- \/ Yoast SEO plugin. -->","yoast_head_json":{"title":"SEW 388 SVD Dro\u0161\u012bbas sprieguma tuvuma detektors - AXIOMA MS","robots":{"index":"index","follow":"follow","max-snippet":"max-snippet:-1","max-image-preview":"max-image-preview:large","max-video-preview":"max-video-preview:-1"},"canonical":"https:\/\/www.axiomams.eu\/lv\/produktas\/sew-388-svd-drosibas-sprieguma-tuvuma-detektors","og_locale":"lv_LV","og_type":"article","og_title":"SEW 388 SVD Dro\u0161\u012bbas sprieguma tuvuma detektors - AXIOMA MS","og_description":"SEW 388 SVD Body-Prox ir personiskais dro\u0161\u012bbas sprieguma tuvuma detektors. \u0160o ier\u012bci izmanto, lai br\u012bdin\u0101tu lietot\u0101jus, ka vi\u0146i tuvojas iek\u0101rt\u0101m zem sprieguma, kur\u0101s ir b\u012bstams spriegums. T\u0101p\u0113c t\u0101 aizsarg\u0101 un pasarg\u0101 lietot\u0101ju no tuvo\u0161an\u0101s b\u012bstam\u0101m augstsprieguma iek\u0101rt\u0101m vai kabe\u013ciem zem sprieguma. Ja lietot\u0101ja tuvum\u0101 tiek konstat\u0113ta spriegumakt\u012bva iek\u0101rta, lietot\u0101js tiek br\u012bdin\u0101ts par spriegumakt\u012bvas iek\u0101rtas tuvumu...","og_url":"https:\/\/www.axiomams.eu\/lv\/produktas\/sew-388-svd-drosibas-sprieguma-tuvuma-detektors","og_site_name":"AXIOMA MS","article_publisher":"https:\/\/www.facebook.com\/AxiomaMS","article_modified_time":"2026-03-25T14:58:15+00:00","og_image":[{"width":600,"height":600,"url":"https:\/\/www.axiomams.eu\/wp-content\/uploads\/2025\/07\/2993-3949.jpg","type":"image\/jpeg"}],"twitter_card":"summary_large_image","twitter_misc":{"Est. reading time":"1 minute"},"schema":{"@context":"https:\/\/schema.org","@graph":[{"@type":"WebPage","@id":"https:\/\/www.axiomams.eu\/lv\/produktas\/sew-388-svd-drosibas-sprieguma-tuvuma-detektors","url":"https:\/\/www.axiomams.eu\/lv\/produktas\/sew-388-svd-drosibas-sprieguma-tuvuma-detektors","name":"SEW 388 SVD Dro\u0161\u012bbas sprieguma tuvuma detektors - AXIOMA MS","isPartOf":{"@id":"https:\/\/www.axiomams.eu\/lv#website"},"primaryImageOfPage":{"@id":"https:\/\/www.axiomams.eu\/lv\/produktas\/sew-388-svd-drosibas-sprieguma-tuvuma-detektors#primaryimage"},"image":{"@id":"https:\/\/www.axiomams.eu\/lv\/produktas\/sew-388-svd-drosibas-sprieguma-tuvuma-detektors#primaryimage"},"thumbnailUrl":"https:\/\/www.axiomams.eu\/wp-content\/uploads\/2025\/07\/2993-3949.jpg","datePublished":"2025-05-15T15:55:45+00:00","dateModified":"2026-03-25T14:58:15+00:00","breadcrumb":{"@id":"https:\/\/www.axiomams.eu\/lv\/produktas\/sew-388-svd-drosibas-sprieguma-tuvuma-detektors#breadcrumb"},"inLanguage":"lv-LV","potentialAction":[{"@type":"ReadAction","target":["https:\/\/www.axiomams.eu\/lv\/produktas\/sew-388-svd-drosibas-sprieguma-tuvuma-detektors"]}]},{"@type":"ImageObject","inLanguage":"lv-LV","@id":"https:\/\/www.axiomams.eu\/lv\/produktas\/sew-388-svd-drosibas-sprieguma-tuvuma-detektors#primaryimage","url":"https:\/\/www.axiomams.eu\/wp-content\/uploads\/2025\/07\/2993-3949.jpg","contentUrl":"https:\/\/www.axiomams.eu\/wp-content\/uploads\/2025\/07\/2993-3949.jpg","width":600,"height":600},{"@type":"BreadcrumbList","@id":"https:\/\/www.axiomams.eu\/lv\/produktas\/sew-388-svd-drosibas-sprieguma-tuvuma-detektors#breadcrumb","itemListElement":[{"@type":"ListItem","position":1,"name":"Home","item":"https:\/\/www.axiomams.eu\/lv"},{"@type":"ListItem","position":2,"name":"Produkti","item":"https:\/\/www.axiomams.eu\/lv\/produkti"},{"@type":"ListItem","position":3,"name":"SEW 388 SVD Dro\u0161\u012bbas sprieguma tuvuma detektors"}]},{"@type":"WebSite","@id":"https:\/\/www.axiomams.eu\/lv#website","url":"https:\/\/www.axiomams.eu\/lv","name":"AXIOMA MS","description":"Terrmovizoriai ir matavimo \u012franga","publisher":{"@id":"https:\/\/www.axiomams.eu\/lv#organization"},"potentialAction":[{"@type":"SearchAction","target":{"@type":"EntryPoint","urlTemplate":"https:\/\/www.axiomams.eu\/lv?s={search_term_string}"},"query-input":{"@type":"PropertyValueSpecification","valueRequired":true,"valueName":"search_term_string"}}],"inLanguage":"lv-LV"},{"@type":"Organization","@id":"https:\/\/www.axiomams.eu\/lv#organization","name":"AXIOMA MS","url":"https:\/\/www.axiomams.eu\/lv","logo":{"@type":"ImageObject","inLanguage":"lv-LV","@id":"https:\/\/www.axiomams.eu\/lv#\/schema\/logo\/image\/","url":"https:\/\/www.axiomams.eu\/wp-content\/uploads\/2025\/06\/axioma-logo-2.png","contentUrl":"https:\/\/www.axiomams.eu\/wp-content\/uploads\/2025\/06\/axioma-logo-2.png","width":1200,"height":1200,"caption":"AXIOMA MS"},"image":{"@id":"https:\/\/www.axiomams.eu\/lv#\/schema\/logo\/image\/"},"sameAs":["https:\/\/www.facebook.com\/AxiomaMS","https:\/\/www.linkedin.com\/company\/axiomams\/"]}]}},"_links":{"self":[{"href":"https:\/\/www.axiomams.eu\/lv\/wp-json\/wp\/v2\/product\/38783","targetHints":{"allow":["GET"]}}],"collection":[{"href":"https:\/\/www.axiomams.eu\/lv\/wp-json\/wp\/v2\/product"}],"about":[{"href":"https:\/\/www.axiomams.eu\/lv\/wp-json\/wp\/v2\/types\/product"}],"replies":[{"embeddable":true,"href":"https:\/\/www.axiomams.eu\/lv\/wp-json\/wp\/v2\/comments?post=38783"}],"wp:featuredmedia":[{"embeddable":true,"href":"https:\/\/www.axiomams.eu\/lv\/wp-json\/wp\/v2\/media\/38787"}],"wp:attachment":[{"href":"https:\/\/www.axiomams.eu\/lv\/wp-json\/wp\/v2\/media?parent=38783"}],"wp:term":[{"taxonomy":"product_brand","embeddable":true,"href":"https:\/\/www.axiomams.eu\/lv\/wp-json\/wp\/v2\/product_brand?post=38783"},{"taxonomy":"product_cat","embeddable":true,"href":"https:\/\/www.axiomams.eu\/lv\/wp-json\/wp\/v2\/product_cat?post=38783"},{"taxonomy":"product_tag","embeddable":true,"href":"https:\/\/www.axiomams.eu\/lv\/wp-json\/wp\/v2\/product_tag?post=38783"}],"curies":[{"name":"wp","href":"https:\/\/api.w.org\/{rel}","templated":true}]}}