{"id":38790,"date":"2025-10-03T01:00:21","date_gmt":"2025-10-02T23:00:21","guid":{"rendered":"https:\/\/www.axiomams.eu\/produktas\/flir-cx5-termokamera-ex-demo"},"modified":"2026-03-25T16:58:15","modified_gmt":"2026-03-25T14:58:15","slug":"flir-cx5-termokamera-ex-demo","status":"publish","type":"product","link":"https:\/\/www.axiomams.eu\/lv\/produktas\/flir-cx5-termokamera-ex-demo","title":{"rendered":"Flir Cx5 termokamera (EX-Demo)"},"content":{"rendered":"<p>FLIR Cx5 ir termokamera, kas paredz\u0113ta dro\u0161\u0101k\u0101m p\u0101rbaud\u0113m b\u012bstam\u0101s viet\u0101s. FLIR Cx5 ir pieejams termogr\u0101fijas r\u012bks liel\u0101kajai da\u013cai nozaru ar spr\u0101dzienb\u012bstamu vidi, tostarp \u0137\u012bmijas, naftas un g\u0101zes, k\u0101 ar\u012b notek\u016bde\u0146u att\u012br\u012b\u0161anas iek\u0101rt\u0101m. 3,5 collu sk\u0101rienekr\u0101na saskarni ir vienk\u0101r\u0161i lietot, un 160 \u00d7 120 term\u0101l\u0101 iz\u0161\u0137irtsp\u0113ja nodro\u0161ina prec\u012bzus temperat\u016bras m\u0113r\u012bjumus tuvum\u0101 eso\u0161ajiem m\u0113r\u0137iem. Ar FLIR Cx5 sav\u0101 darbar\u012bku komplekt\u0101 j\u016bs vienm\u0113r b\u016bsiet gatavi izp\u0113t\u012bt meh\u0101nisk\u0101s un elektrisk\u0101s iek\u0101rtas sav\u0101 ra\u017eotn\u0113.<\/p>\n<h3>Tehnisk\u0101 inform\u0101cija:<\/h3>\n<ul>\n<li><a href=\"https:\/\/axiomams.eu\/importer\/export\/attachments\/en\/flir-cx5-datasheet.pdf\" target=\"_blank\">FLIR Cx5 Datasheet.pdf<\/a><\/li>\n<\/ul>\n","protected":false},"excerpt":{"rendered":"<p>FLIR Cx5 ir termokamera, kas paredz\u0113ta dro\u0161\u0101k\u0101m p\u0101rbaud\u0113m b\u012bstam\u0101s viet\u0101s. FLIR Cx5 ir pieejams termogr\u0101fijas r\u012bks liel\u0101kajai da\u013cai nozaru ar spr\u0101dzienb\u012bstamu vidi, tostarp \u0137\u012bmijas, naftas un g\u0101zes, k\u0101 ar\u012b notek\u016bde\u0146u att\u012br\u012b\u0161anas iek\u0101rt\u0101m. 3,5 collu sk\u0101rienekr\u0101na saskarni ir vienk\u0101r\u0161i lietot, un 160 \u00d7 120 term\u0101l\u0101 iz\u0161\u0137irtsp\u0113ja nodro\u0161ina prec\u012bzus temperat\u016bras m\u0113r\u012bjumus tuvum\u0101 eso\u0161ajiem m\u0113r\u0137iem. Ar FLIR Cx5&#8230;<\/p>\n","protected":false},"featured_media":41274,"comment_status":"open","ping_status":"closed","template":"","meta":{"_acf_changed":false},"product_brand":[734],"product_cat":[17729],"product_tag":[],"class_list":{"0":"post-38790","1":"product","2":"type-product","3":"status-publish","4":"has-post-thumbnail","6":"product_brand-flir","7":"product_cat-energijas-un-eku-diagnostika","9":"first","10":"instock","11":"taxable","12":"shipping-taxable","13":"purchasable","14":"product-type-simple"},"acf":[],"yoast_head":"<!-- This site is optimized with the Yoast SEO plugin v27.0 - https:\/\/yoast.com\/product\/yoast-seo-wordpress\/ -->\n<title>Flir Cx5 termokamera (EX-Demo) - AXIOMA MS<\/title>\n<meta name=\"robots\" content=\"index, follow, max-snippet:-1, max-image-preview:large, max-video-preview:-1\" \/>\n<link rel=\"canonical\" href=\"https:\/\/www.axiomams.eu\/lv\/produktas\/flir-cx5-termokamera-ex-demo\" \/>\n<meta property=\"og:locale\" content=\"lv_LV\" \/>\n<meta property=\"og:type\" content=\"article\" \/>\n<meta property=\"og:title\" content=\"Flir Cx5 termokamera (EX-Demo) - AXIOMA MS\" \/>\n<meta property=\"og:description\" content=\"FLIR Cx5 ir termokamera, kas paredz\u0113ta dro\u0161\u0101k\u0101m p\u0101rbaud\u0113m b\u012bstam\u0101s viet\u0101s. FLIR Cx5 ir pieejams termogr\u0101fijas r\u012bks liel\u0101kajai da\u013cai nozaru ar spr\u0101dzienb\u012bstamu vidi, tostarp \u0137\u012bmijas, naftas un g\u0101zes, k\u0101 ar\u012b notek\u016bde\u0146u att\u012br\u012b\u0161anas iek\u0101rt\u0101m. 3,5 collu sk\u0101rienekr\u0101na saskarni ir vienk\u0101r\u0161i lietot, un 160 \u00d7 120 term\u0101l\u0101 iz\u0161\u0137irtsp\u0113ja nodro\u0161ina prec\u012bzus temperat\u016bras m\u0113r\u012bjumus tuvum\u0101 eso\u0161ajiem m\u0113r\u0137iem. Ar FLIR Cx5...\" \/>\n<meta property=\"og:url\" content=\"https:\/\/www.axiomams.eu\/lv\/produktas\/flir-cx5-termokamera-ex-demo\" \/>\n<meta property=\"og:site_name\" content=\"AXIOMA MS\" \/>\n<meta property=\"article:publisher\" content=\"https:\/\/www.facebook.com\/AxiomaMS\" \/>\n<meta property=\"article:modified_time\" content=\"2026-03-25T14:58:15+00:00\" \/>\n<meta property=\"og:image\" content=\"https:\/\/www.axiomams.eu\/wp-content\/uploads\/2025\/10\/4679-6186.jpg\" \/>\n\t<meta property=\"og:image:width\" content=\"1287\" \/>\n\t<meta property=\"og:image:height\" content=\"865\" \/>\n\t<meta property=\"og:image:type\" content=\"image\/jpeg\" \/>\n<meta name=\"twitter:card\" content=\"summary_large_image\" \/>\n<meta name=\"twitter:label1\" content=\"Est. reading time\" \/>\n\t<meta name=\"twitter:data1\" content=\"1 minute\" \/>\n<script type=\"application\/ld+json\" class=\"yoast-schema-graph\">{\"@context\":\"https:\/\/schema.org\",\"@graph\":[{\"@type\":\"WebPage\",\"@id\":\"https:\/\/www.axiomams.eu\/lv\/produktas\/flir-cx5-termokamera-ex-demo\",\"url\":\"https:\/\/www.axiomams.eu\/lv\/produktas\/flir-cx5-termokamera-ex-demo\",\"name\":\"Flir Cx5 termokamera (EX-Demo) - AXIOMA MS\",\"isPartOf\":{\"@id\":\"https:\/\/www.axiomams.eu\/lv#website\"},\"primaryImageOfPage\":{\"@id\":\"https:\/\/www.axiomams.eu\/lv\/produktas\/flir-cx5-termokamera-ex-demo#primaryimage\"},\"image\":{\"@id\":\"https:\/\/www.axiomams.eu\/lv\/produktas\/flir-cx5-termokamera-ex-demo#primaryimage\"},\"thumbnailUrl\":\"https:\/\/www.axiomams.eu\/wp-content\/uploads\/2025\/10\/4679-6186.jpg\",\"datePublished\":\"2025-10-02T23:00:21+00:00\",\"dateModified\":\"2026-03-25T14:58:15+00:00\",\"breadcrumb\":{\"@id\":\"https:\/\/www.axiomams.eu\/lv\/produktas\/flir-cx5-termokamera-ex-demo#breadcrumb\"},\"inLanguage\":\"lv-LV\",\"potentialAction\":[{\"@type\":\"ReadAction\",\"target\":[\"https:\/\/www.axiomams.eu\/lv\/produktas\/flir-cx5-termokamera-ex-demo\"]}]},{\"@type\":\"ImageObject\",\"inLanguage\":\"lv-LV\",\"@id\":\"https:\/\/www.axiomams.eu\/lv\/produktas\/flir-cx5-termokamera-ex-demo#primaryimage\",\"url\":\"https:\/\/www.axiomams.eu\/wp-content\/uploads\/2025\/10\/4679-6186.jpg\",\"contentUrl\":\"https:\/\/www.axiomams.eu\/wp-content\/uploads\/2025\/10\/4679-6186.jpg\",\"width\":1287,\"height\":865},{\"@type\":\"BreadcrumbList\",\"@id\":\"https:\/\/www.axiomams.eu\/lv\/produktas\/flir-cx5-termokamera-ex-demo#breadcrumb\",\"itemListElement\":[{\"@type\":\"ListItem\",\"position\":1,\"name\":\"Home\",\"item\":\"https:\/\/www.axiomams.eu\/lv\"},{\"@type\":\"ListItem\",\"position\":2,\"name\":\"Produkti\",\"item\":\"https:\/\/www.axiomams.eu\/lv\/produkti\"},{\"@type\":\"ListItem\",\"position\":3,\"name\":\"Flir Cx5 termokamera (EX-Demo)\"}]},{\"@type\":\"WebSite\",\"@id\":\"https:\/\/www.axiomams.eu\/lv#website\",\"url\":\"https:\/\/www.axiomams.eu\/lv\",\"name\":\"AXIOMA MS\",\"description\":\"Terrmovizoriai ir matavimo \u012franga\",\"publisher\":{\"@id\":\"https:\/\/www.axiomams.eu\/lv#organization\"},\"potentialAction\":[{\"@type\":\"SearchAction\",\"target\":{\"@type\":\"EntryPoint\",\"urlTemplate\":\"https:\/\/www.axiomams.eu\/lv?s={search_term_string}\"},\"query-input\":{\"@type\":\"PropertyValueSpecification\",\"valueRequired\":true,\"valueName\":\"search_term_string\"}}],\"inLanguage\":\"lv-LV\"},{\"@type\":\"Organization\",\"@id\":\"https:\/\/www.axiomams.eu\/lv#organization\",\"name\":\"AXIOMA MS\",\"url\":\"https:\/\/www.axiomams.eu\/lv\",\"logo\":{\"@type\":\"ImageObject\",\"inLanguage\":\"lv-LV\",\"@id\":\"https:\/\/www.axiomams.eu\/lv#\/schema\/logo\/image\/\",\"url\":\"https:\/\/www.axiomams.eu\/wp-content\/uploads\/2025\/06\/axioma-logo-2.png\",\"contentUrl\":\"https:\/\/www.axiomams.eu\/wp-content\/uploads\/2025\/06\/axioma-logo-2.png\",\"width\":1200,\"height\":1200,\"caption\":\"AXIOMA MS\"},\"image\":{\"@id\":\"https:\/\/www.axiomams.eu\/lv#\/schema\/logo\/image\/\"},\"sameAs\":[\"https:\/\/www.facebook.com\/AxiomaMS\",\"https:\/\/www.linkedin.com\/company\/axiomams\/\"]}]}<\/script>\n<!-- \/ Yoast SEO plugin. -->","yoast_head_json":{"title":"Flir Cx5 termokamera (EX-Demo) - AXIOMA MS","robots":{"index":"index","follow":"follow","max-snippet":"max-snippet:-1","max-image-preview":"max-image-preview:large","max-video-preview":"max-video-preview:-1"},"canonical":"https:\/\/www.axiomams.eu\/lv\/produktas\/flir-cx5-termokamera-ex-demo","og_locale":"lv_LV","og_type":"article","og_title":"Flir Cx5 termokamera (EX-Demo) - AXIOMA MS","og_description":"FLIR Cx5 ir termokamera, kas paredz\u0113ta dro\u0161\u0101k\u0101m p\u0101rbaud\u0113m b\u012bstam\u0101s viet\u0101s. FLIR Cx5 ir pieejams termogr\u0101fijas r\u012bks liel\u0101kajai da\u013cai nozaru ar spr\u0101dzienb\u012bstamu vidi, tostarp \u0137\u012bmijas, naftas un g\u0101zes, k\u0101 ar\u012b notek\u016bde\u0146u att\u012br\u012b\u0161anas iek\u0101rt\u0101m. 3,5 collu sk\u0101rienekr\u0101na saskarni ir vienk\u0101r\u0161i lietot, un 160 \u00d7 120 term\u0101l\u0101 iz\u0161\u0137irtsp\u0113ja nodro\u0161ina prec\u012bzus temperat\u016bras m\u0113r\u012bjumus tuvum\u0101 eso\u0161ajiem m\u0113r\u0137iem. Ar FLIR Cx5...","og_url":"https:\/\/www.axiomams.eu\/lv\/produktas\/flir-cx5-termokamera-ex-demo","og_site_name":"AXIOMA MS","article_publisher":"https:\/\/www.facebook.com\/AxiomaMS","article_modified_time":"2026-03-25T14:58:15+00:00","og_image":[{"width":1287,"height":865,"url":"https:\/\/www.axiomams.eu\/wp-content\/uploads\/2025\/10\/4679-6186.jpg","type":"image\/jpeg"}],"twitter_card":"summary_large_image","twitter_misc":{"Est. reading time":"1 minute"},"schema":{"@context":"https:\/\/schema.org","@graph":[{"@type":"WebPage","@id":"https:\/\/www.axiomams.eu\/lv\/produktas\/flir-cx5-termokamera-ex-demo","url":"https:\/\/www.axiomams.eu\/lv\/produktas\/flir-cx5-termokamera-ex-demo","name":"Flir Cx5 termokamera (EX-Demo) - AXIOMA MS","isPartOf":{"@id":"https:\/\/www.axiomams.eu\/lv#website"},"primaryImageOfPage":{"@id":"https:\/\/www.axiomams.eu\/lv\/produktas\/flir-cx5-termokamera-ex-demo#primaryimage"},"image":{"@id":"https:\/\/www.axiomams.eu\/lv\/produktas\/flir-cx5-termokamera-ex-demo#primaryimage"},"thumbnailUrl":"https:\/\/www.axiomams.eu\/wp-content\/uploads\/2025\/10\/4679-6186.jpg","datePublished":"2025-10-02T23:00:21+00:00","dateModified":"2026-03-25T14:58:15+00:00","breadcrumb":{"@id":"https:\/\/www.axiomams.eu\/lv\/produktas\/flir-cx5-termokamera-ex-demo#breadcrumb"},"inLanguage":"lv-LV","potentialAction":[{"@type":"ReadAction","target":["https:\/\/www.axiomams.eu\/lv\/produktas\/flir-cx5-termokamera-ex-demo"]}]},{"@type":"ImageObject","inLanguage":"lv-LV","@id":"https:\/\/www.axiomams.eu\/lv\/produktas\/flir-cx5-termokamera-ex-demo#primaryimage","url":"https:\/\/www.axiomams.eu\/wp-content\/uploads\/2025\/10\/4679-6186.jpg","contentUrl":"https:\/\/www.axiomams.eu\/wp-content\/uploads\/2025\/10\/4679-6186.jpg","width":1287,"height":865},{"@type":"BreadcrumbList","@id":"https:\/\/www.axiomams.eu\/lv\/produktas\/flir-cx5-termokamera-ex-demo#breadcrumb","itemListElement":[{"@type":"ListItem","position":1,"name":"Home","item":"https:\/\/www.axiomams.eu\/lv"},{"@type":"ListItem","position":2,"name":"Produkti","item":"https:\/\/www.axiomams.eu\/lv\/produkti"},{"@type":"ListItem","position":3,"name":"Flir Cx5 termokamera (EX-Demo)"}]},{"@type":"WebSite","@id":"https:\/\/www.axiomams.eu\/lv#website","url":"https:\/\/www.axiomams.eu\/lv","name":"AXIOMA MS","description":"Terrmovizoriai ir matavimo \u012franga","publisher":{"@id":"https:\/\/www.axiomams.eu\/lv#organization"},"potentialAction":[{"@type":"SearchAction","target":{"@type":"EntryPoint","urlTemplate":"https:\/\/www.axiomams.eu\/lv?s={search_term_string}"},"query-input":{"@type":"PropertyValueSpecification","valueRequired":true,"valueName":"search_term_string"}}],"inLanguage":"lv-LV"},{"@type":"Organization","@id":"https:\/\/www.axiomams.eu\/lv#organization","name":"AXIOMA MS","url":"https:\/\/www.axiomams.eu\/lv","logo":{"@type":"ImageObject","inLanguage":"lv-LV","@id":"https:\/\/www.axiomams.eu\/lv#\/schema\/logo\/image\/","url":"https:\/\/www.axiomams.eu\/wp-content\/uploads\/2025\/06\/axioma-logo-2.png","contentUrl":"https:\/\/www.axiomams.eu\/wp-content\/uploads\/2025\/06\/axioma-logo-2.png","width":1200,"height":1200,"caption":"AXIOMA MS"},"image":{"@id":"https:\/\/www.axiomams.eu\/lv#\/schema\/logo\/image\/"},"sameAs":["https:\/\/www.facebook.com\/AxiomaMS","https:\/\/www.linkedin.com\/company\/axiomams\/"]}]}},"_links":{"self":[{"href":"https:\/\/www.axiomams.eu\/lv\/wp-json\/wp\/v2\/product\/38790","targetHints":{"allow":["GET"]}}],"collection":[{"href":"https:\/\/www.axiomams.eu\/lv\/wp-json\/wp\/v2\/product"}],"about":[{"href":"https:\/\/www.axiomams.eu\/lv\/wp-json\/wp\/v2\/types\/product"}],"replies":[{"embeddable":true,"href":"https:\/\/www.axiomams.eu\/lv\/wp-json\/wp\/v2\/comments?post=38790"}],"wp:featuredmedia":[{"embeddable":true,"href":"https:\/\/www.axiomams.eu\/lv\/wp-json\/wp\/v2\/media\/41274"}],"wp:attachment":[{"href":"https:\/\/www.axiomams.eu\/lv\/wp-json\/wp\/v2\/media?parent=38790"}],"wp:term":[{"taxonomy":"product_brand","embeddable":true,"href":"https:\/\/www.axiomams.eu\/lv\/wp-json\/wp\/v2\/product_brand?post=38790"},{"taxonomy":"product_cat","embeddable":true,"href":"https:\/\/www.axiomams.eu\/lv\/wp-json\/wp\/v2\/product_cat?post=38790"},{"taxonomy":"product_tag","embeddable":true,"href":"https:\/\/www.axiomams.eu\/lv\/wp-json\/wp\/v2\/product_tag?post=38790"}],"curies":[{"name":"wp","href":"https:\/\/api.w.org\/{rel}","templated":true}]}}