{"id":38793,"date":"2025-05-15T18:01:14","date_gmt":"2025-05-15T16:01:14","guid":{"rendered":"https:\/\/www.axiomams.eu\/produktas\/flir-k2-termokamera-bijusi-demo"},"modified":"2026-03-25T16:58:16","modified_gmt":"2026-03-25T14:58:16","slug":"flir-k2-termokamera-bijusi-demo","status":"publish","type":"product","link":"https:\/\/www.axiomams.eu\/lv\/produktas\/flir-k2-termokamera-bijusi-demo","title":{"rendered":"Flir K2 termokamera (bijus\u012b demo)"},"content":{"rendered":"<p>FLIR K2 termokamera &#8211; sp\u0113j\u012bga, iztur\u012bga un uzticama. K2 padara pieejam\u0101ku augstas kvalit\u0101tes term\u0101lo att\u0113lu uz\u0146em\u0161anu, lai vair\u0101k pirm\u0101s pal\u012bdz\u012bbas sniedz\u0113ju var\u0113tu pal\u012bdz\u0113t gl\u0101bt dz\u012bv\u012bbas un aizsarg\u0101t \u012bpa\u0161umu.<br \/>\n\u0160o vieglo kameru var viegli piestiprin\u0101t pie apvedce\u013ciem, un t\u0101 pied\u0101v\u0101 vienk\u0101r\u0161otu, vienas pogas vad\u012bbu, ko var izmantot ar\u012b ar smagiem cimdiem.<br \/>\nAr t\u0101d\u0101m funkcij\u0101m k\u0101 daudzspektr\u0101la dinamisk\u0101 att\u0113lveido\u0161ana (MSX), \u0113rti lietojamas pogas un iesp\u0113ja darboties temperat\u016br\u0101 l\u012bdz 260 \u00b0C (3 min), K2 ir neliels ieguld\u012bjums, kas atmaks\u0101jas ar liel\u0101m dividend\u0113m &#8211; gl\u0101bjot dz\u012bv\u012bbas, aizsarg\u0101jot \u012bpa\u0161umu un nodro\u0161inot ugunsdz\u0113s\u0113ju dro\u0161\u012bbu.<\/p>\n<p>Standarta komplekts: FLIR K2 termokamera, baterijas, bateriju l\u0101d\u0113t\u0101js, siksni\u0146a, baro\u0161anas bloks, druk\u0101ta dokument\u0101cija, USB kabelis.<\/p>\n<p><iframe loading=\"lazy\" width=\"560\" height=\"315\" src=\"https:\/\/www.youtube.com\/embed\/iPHpFLer2yg?si=Hn70coqA_AUp3qnh\" title=\"YouTube video atska\u0146ot\u0101js\" frameborder=\"0\" allow=\"accelerometer; autoplay; clipboard-write; encrypted-media; gyroscope; picture-in-picture; web-share\" referrerpolicy=\"strict-origin-when-cross-origin\" allowfullscreen><\/iframe><\/p>\n<p><iframe loading=\"lazy\" width=\"560\" height=\"315\" src=\"https:\/\/www.youtube.com\/embed\/fEunsyGKRUY?si=87tOVF0uEy2A6_TL\" title=\"YouTube video atska\u0146ot\u0101js\" frameborder=\"0\" allow=\"accelerometer; autoplay; clipboard-write; encrypted-media; gyroscope; picture-in-picture; web-share\" referrerpolicy=\"strict-origin-when-cross-origin\" allowfullscreen><\/iframe><\/p>\n<h3>Tehnisk\u0101 inform\u0101cija:<\/h3>\n<ul>\n<li><a href=\"https:\/\/axiomams.eu\/importer\/export\/attachments\/en\/flir-k2.pdf\" target=\"_blank\">FLIR K2.pdf<\/a><\/li>\n<\/ul>\n","protected":false},"excerpt":{"rendered":"<p>FLIR K2 termokamera &#8211; sp\u0113j\u012bga, iztur\u012bga un uzticama. K2 padara pieejam\u0101ku augstas kvalit\u0101tes term\u0101lo att\u0113lu uz\u0146em\u0161anu, lai vair\u0101k pirm\u0101s pal\u012bdz\u012bbas sniedz\u0113ju var\u0113tu pal\u012bdz\u0113t gl\u0101bt dz\u012bv\u012bbas un aizsarg\u0101t \u012bpa\u0161umu. \u0160o vieglo kameru var viegli piestiprin\u0101t pie apvedce\u013ciem, un t\u0101 pied\u0101v\u0101 vienk\u0101r\u0161otu, vienas pogas vad\u012bbu, ko var izmantot ar\u012b ar smagiem cimdiem. Ar t\u0101d\u0101m funkcij\u0101m k\u0101 daudzspektr\u0101la&#8230;<\/p>\n","protected":false},"featured_media":41280,"comment_status":"open","ping_status":"closed","template":"","meta":{"_acf_changed":false},"product_brand":[734],"product_cat":[17732],"product_tag":[],"class_list":{"0":"post-38793","1":"product","2":"type-product","3":"status-publish","4":"has-post-thumbnail","6":"product_brand-flir","7":"product_cat-ugunsdrosiba","9":"first","10":"instock","11":"taxable","12":"shipping-taxable","13":"purchasable","14":"product-type-simple"},"acf":[],"yoast_head":"<!-- This site is optimized with the Yoast SEO plugin v27.0 - https:\/\/yoast.com\/product\/yoast-seo-wordpress\/ -->\n<title>Flir K2 termokamera (bijus\u012b demo) - AXIOMA MS<\/title>\n<meta name=\"robots\" content=\"index, follow, max-snippet:-1, max-image-preview:large, max-video-preview:-1\" \/>\n<link rel=\"canonical\" href=\"https:\/\/www.axiomams.eu\/lv\/produktas\/flir-k2-termokamera-bijusi-demo\" \/>\n<meta property=\"og:locale\" content=\"lv_LV\" \/>\n<meta property=\"og:type\" content=\"article\" \/>\n<meta property=\"og:title\" content=\"Flir K2 termokamera (bijus\u012b demo) - AXIOMA MS\" \/>\n<meta property=\"og:description\" content=\"FLIR K2 termokamera &#8211; sp\u0113j\u012bga, iztur\u012bga un uzticama. K2 padara pieejam\u0101ku augstas kvalit\u0101tes term\u0101lo att\u0113lu uz\u0146em\u0161anu, lai vair\u0101k pirm\u0101s pal\u012bdz\u012bbas sniedz\u0113ju var\u0113tu pal\u012bdz\u0113t gl\u0101bt dz\u012bv\u012bbas un aizsarg\u0101t \u012bpa\u0161umu. \u0160o vieglo kameru var viegli piestiprin\u0101t pie apvedce\u013ciem, un t\u0101 pied\u0101v\u0101 vienk\u0101r\u0161otu, vienas pogas vad\u012bbu, ko var izmantot ar\u012b ar smagiem cimdiem. Ar t\u0101d\u0101m funkcij\u0101m k\u0101 daudzspektr\u0101la...\" \/>\n<meta property=\"og:url\" content=\"https:\/\/www.axiomams.eu\/lv\/produktas\/flir-k2-termokamera-bijusi-demo\" \/>\n<meta property=\"og:site_name\" content=\"AXIOMA MS\" \/>\n<meta property=\"article:publisher\" content=\"https:\/\/www.facebook.com\/AxiomaMS\" \/>\n<meta property=\"article:modified_time\" content=\"2026-03-25T14:58:16+00:00\" \/>\n<meta property=\"og:image\" content=\"https:\/\/www.axiomams.eu\/wp-content\/uploads\/2025\/07\/1386-4782.jpg\" \/>\n\t<meta property=\"og:image:width\" content=\"600\" \/>\n\t<meta property=\"og:image:height\" content=\"625\" \/>\n\t<meta property=\"og:image:type\" content=\"image\/jpeg\" \/>\n<meta name=\"twitter:card\" content=\"summary_large_image\" \/>\n<meta name=\"twitter:label1\" content=\"Est. reading time\" \/>\n\t<meta name=\"twitter:data1\" content=\"1 minute\" \/>\n<script type=\"application\/ld+json\" class=\"yoast-schema-graph\">{\"@context\":\"https:\/\/schema.org\",\"@graph\":[{\"@type\":\"WebPage\",\"@id\":\"https:\/\/www.axiomams.eu\/lv\/produktas\/flir-k2-termokamera-bijusi-demo\",\"url\":\"https:\/\/www.axiomams.eu\/lv\/produktas\/flir-k2-termokamera-bijusi-demo\",\"name\":\"Flir K2 termokamera (bijus\u012b demo) - AXIOMA MS\",\"isPartOf\":{\"@id\":\"https:\/\/www.axiomams.eu\/lv#website\"},\"primaryImageOfPage\":{\"@id\":\"https:\/\/www.axiomams.eu\/lv\/produktas\/flir-k2-termokamera-bijusi-demo#primaryimage\"},\"image\":{\"@id\":\"https:\/\/www.axiomams.eu\/lv\/produktas\/flir-k2-termokamera-bijusi-demo#primaryimage\"},\"thumbnailUrl\":\"https:\/\/www.axiomams.eu\/wp-content\/uploads\/2025\/07\/1386-4782.jpg\",\"datePublished\":\"2025-05-15T16:01:14+00:00\",\"dateModified\":\"2026-03-25T14:58:16+00:00\",\"breadcrumb\":{\"@id\":\"https:\/\/www.axiomams.eu\/lv\/produktas\/flir-k2-termokamera-bijusi-demo#breadcrumb\"},\"inLanguage\":\"lv-LV\",\"potentialAction\":[{\"@type\":\"ReadAction\",\"target\":[\"https:\/\/www.axiomams.eu\/lv\/produktas\/flir-k2-termokamera-bijusi-demo\"]}]},{\"@type\":\"ImageObject\",\"inLanguage\":\"lv-LV\",\"@id\":\"https:\/\/www.axiomams.eu\/lv\/produktas\/flir-k2-termokamera-bijusi-demo#primaryimage\",\"url\":\"https:\/\/www.axiomams.eu\/wp-content\/uploads\/2025\/07\/1386-4782.jpg\",\"contentUrl\":\"https:\/\/www.axiomams.eu\/wp-content\/uploads\/2025\/07\/1386-4782.jpg\",\"width\":600,\"height\":625},{\"@type\":\"BreadcrumbList\",\"@id\":\"https:\/\/www.axiomams.eu\/lv\/produktas\/flir-k2-termokamera-bijusi-demo#breadcrumb\",\"itemListElement\":[{\"@type\":\"ListItem\",\"position\":1,\"name\":\"Home\",\"item\":\"https:\/\/www.axiomams.eu\/lv\"},{\"@type\":\"ListItem\",\"position\":2,\"name\":\"Produkti\",\"item\":\"https:\/\/www.axiomams.eu\/lv\/produkti\"},{\"@type\":\"ListItem\",\"position\":3,\"name\":\"Flir K2 termokamera (bijus\u012b demo)\"}]},{\"@type\":\"WebSite\",\"@id\":\"https:\/\/www.axiomams.eu\/lv#website\",\"url\":\"https:\/\/www.axiomams.eu\/lv\",\"name\":\"AXIOMA MS\",\"description\":\"Terrmovizoriai ir matavimo \u012franga\",\"publisher\":{\"@id\":\"https:\/\/www.axiomams.eu\/lv#organization\"},\"potentialAction\":[{\"@type\":\"SearchAction\",\"target\":{\"@type\":\"EntryPoint\",\"urlTemplate\":\"https:\/\/www.axiomams.eu\/lv?s={search_term_string}\"},\"query-input\":{\"@type\":\"PropertyValueSpecification\",\"valueRequired\":true,\"valueName\":\"search_term_string\"}}],\"inLanguage\":\"lv-LV\"},{\"@type\":\"Organization\",\"@id\":\"https:\/\/www.axiomams.eu\/lv#organization\",\"name\":\"AXIOMA MS\",\"url\":\"https:\/\/www.axiomams.eu\/lv\",\"logo\":{\"@type\":\"ImageObject\",\"inLanguage\":\"lv-LV\",\"@id\":\"https:\/\/www.axiomams.eu\/lv#\/schema\/logo\/image\/\",\"url\":\"https:\/\/www.axiomams.eu\/wp-content\/uploads\/2025\/06\/axioma-logo-2.png\",\"contentUrl\":\"https:\/\/www.axiomams.eu\/wp-content\/uploads\/2025\/06\/axioma-logo-2.png\",\"width\":1200,\"height\":1200,\"caption\":\"AXIOMA MS\"},\"image\":{\"@id\":\"https:\/\/www.axiomams.eu\/lv#\/schema\/logo\/image\/\"},\"sameAs\":[\"https:\/\/www.facebook.com\/AxiomaMS\",\"https:\/\/www.linkedin.com\/company\/axiomams\/\"]}]}<\/script>\n<!-- \/ Yoast SEO plugin. -->","yoast_head_json":{"title":"Flir K2 termokamera (bijus\u012b demo) - AXIOMA MS","robots":{"index":"index","follow":"follow","max-snippet":"max-snippet:-1","max-image-preview":"max-image-preview:large","max-video-preview":"max-video-preview:-1"},"canonical":"https:\/\/www.axiomams.eu\/lv\/produktas\/flir-k2-termokamera-bijusi-demo","og_locale":"lv_LV","og_type":"article","og_title":"Flir K2 termokamera (bijus\u012b demo) - AXIOMA MS","og_description":"FLIR K2 termokamera &#8211; sp\u0113j\u012bga, iztur\u012bga un uzticama. K2 padara pieejam\u0101ku augstas kvalit\u0101tes term\u0101lo att\u0113lu uz\u0146em\u0161anu, lai vair\u0101k pirm\u0101s pal\u012bdz\u012bbas sniedz\u0113ju var\u0113tu pal\u012bdz\u0113t gl\u0101bt dz\u012bv\u012bbas un aizsarg\u0101t \u012bpa\u0161umu. \u0160o vieglo kameru var viegli piestiprin\u0101t pie apvedce\u013ciem, un t\u0101 pied\u0101v\u0101 vienk\u0101r\u0161otu, vienas pogas vad\u012bbu, ko var izmantot ar\u012b ar smagiem cimdiem. Ar t\u0101d\u0101m funkcij\u0101m k\u0101 daudzspektr\u0101la...","og_url":"https:\/\/www.axiomams.eu\/lv\/produktas\/flir-k2-termokamera-bijusi-demo","og_site_name":"AXIOMA MS","article_publisher":"https:\/\/www.facebook.com\/AxiomaMS","article_modified_time":"2026-03-25T14:58:16+00:00","og_image":[{"width":600,"height":625,"url":"https:\/\/www.axiomams.eu\/wp-content\/uploads\/2025\/07\/1386-4782.jpg","type":"image\/jpeg"}],"twitter_card":"summary_large_image","twitter_misc":{"Est. reading time":"1 minute"},"schema":{"@context":"https:\/\/schema.org","@graph":[{"@type":"WebPage","@id":"https:\/\/www.axiomams.eu\/lv\/produktas\/flir-k2-termokamera-bijusi-demo","url":"https:\/\/www.axiomams.eu\/lv\/produktas\/flir-k2-termokamera-bijusi-demo","name":"Flir K2 termokamera (bijus\u012b demo) - AXIOMA MS","isPartOf":{"@id":"https:\/\/www.axiomams.eu\/lv#website"},"primaryImageOfPage":{"@id":"https:\/\/www.axiomams.eu\/lv\/produktas\/flir-k2-termokamera-bijusi-demo#primaryimage"},"image":{"@id":"https:\/\/www.axiomams.eu\/lv\/produktas\/flir-k2-termokamera-bijusi-demo#primaryimage"},"thumbnailUrl":"https:\/\/www.axiomams.eu\/wp-content\/uploads\/2025\/07\/1386-4782.jpg","datePublished":"2025-05-15T16:01:14+00:00","dateModified":"2026-03-25T14:58:16+00:00","breadcrumb":{"@id":"https:\/\/www.axiomams.eu\/lv\/produktas\/flir-k2-termokamera-bijusi-demo#breadcrumb"},"inLanguage":"lv-LV","potentialAction":[{"@type":"ReadAction","target":["https:\/\/www.axiomams.eu\/lv\/produktas\/flir-k2-termokamera-bijusi-demo"]}]},{"@type":"ImageObject","inLanguage":"lv-LV","@id":"https:\/\/www.axiomams.eu\/lv\/produktas\/flir-k2-termokamera-bijusi-demo#primaryimage","url":"https:\/\/www.axiomams.eu\/wp-content\/uploads\/2025\/07\/1386-4782.jpg","contentUrl":"https:\/\/www.axiomams.eu\/wp-content\/uploads\/2025\/07\/1386-4782.jpg","width":600,"height":625},{"@type":"BreadcrumbList","@id":"https:\/\/www.axiomams.eu\/lv\/produktas\/flir-k2-termokamera-bijusi-demo#breadcrumb","itemListElement":[{"@type":"ListItem","position":1,"name":"Home","item":"https:\/\/www.axiomams.eu\/lv"},{"@type":"ListItem","position":2,"name":"Produkti","item":"https:\/\/www.axiomams.eu\/lv\/produkti"},{"@type":"ListItem","position":3,"name":"Flir K2 termokamera (bijus\u012b demo)"}]},{"@type":"WebSite","@id":"https:\/\/www.axiomams.eu\/lv#website","url":"https:\/\/www.axiomams.eu\/lv","name":"AXIOMA MS","description":"Terrmovizoriai ir matavimo \u012franga","publisher":{"@id":"https:\/\/www.axiomams.eu\/lv#organization"},"potentialAction":[{"@type":"SearchAction","target":{"@type":"EntryPoint","urlTemplate":"https:\/\/www.axiomams.eu\/lv?s={search_term_string}"},"query-input":{"@type":"PropertyValueSpecification","valueRequired":true,"valueName":"search_term_string"}}],"inLanguage":"lv-LV"},{"@type":"Organization","@id":"https:\/\/www.axiomams.eu\/lv#organization","name":"AXIOMA MS","url":"https:\/\/www.axiomams.eu\/lv","logo":{"@type":"ImageObject","inLanguage":"lv-LV","@id":"https:\/\/www.axiomams.eu\/lv#\/schema\/logo\/image\/","url":"https:\/\/www.axiomams.eu\/wp-content\/uploads\/2025\/06\/axioma-logo-2.png","contentUrl":"https:\/\/www.axiomams.eu\/wp-content\/uploads\/2025\/06\/axioma-logo-2.png","width":1200,"height":1200,"caption":"AXIOMA MS"},"image":{"@id":"https:\/\/www.axiomams.eu\/lv#\/schema\/logo\/image\/"},"sameAs":["https:\/\/www.facebook.com\/AxiomaMS","https:\/\/www.linkedin.com\/company\/axiomams\/"]}]}},"_links":{"self":[{"href":"https:\/\/www.axiomams.eu\/lv\/wp-json\/wp\/v2\/product\/38793","targetHints":{"allow":["GET"]}}],"collection":[{"href":"https:\/\/www.axiomams.eu\/lv\/wp-json\/wp\/v2\/product"}],"about":[{"href":"https:\/\/www.axiomams.eu\/lv\/wp-json\/wp\/v2\/types\/product"}],"replies":[{"embeddable":true,"href":"https:\/\/www.axiomams.eu\/lv\/wp-json\/wp\/v2\/comments?post=38793"}],"wp:featuredmedia":[{"embeddable":true,"href":"https:\/\/www.axiomams.eu\/lv\/wp-json\/wp\/v2\/media\/41280"}],"wp:attachment":[{"href":"https:\/\/www.axiomams.eu\/lv\/wp-json\/wp\/v2\/media?parent=38793"}],"wp:term":[{"taxonomy":"product_brand","embeddable":true,"href":"https:\/\/www.axiomams.eu\/lv\/wp-json\/wp\/v2\/product_brand?post=38793"},{"taxonomy":"product_cat","embeddable":true,"href":"https:\/\/www.axiomams.eu\/lv\/wp-json\/wp\/v2\/product_cat?post=38793"},{"taxonomy":"product_tag","embeddable":true,"href":"https:\/\/www.axiomams.eu\/lv\/wp-json\/wp\/v2\/product_tag?post=38793"}],"curies":[{"name":"wp","href":"https:\/\/api.w.org\/{rel}","templated":true}]}}