{"id":38795,"date":"2025-05-23T10:39:47","date_gmt":"2025-05-23T08:39:47","guid":{"rendered":"https:\/\/www.axiomams.eu\/produktas\/beamex-mc6-signala-kalibrators-bijusais-demo"},"modified":"2026-03-25T16:58:16","modified_gmt":"2026-03-25T14:58:16","slug":"beamex-mc6-signala-kalibrators-bijusais-demo","status":"publish","type":"product","link":"https:\/\/www.axiomams.eu\/lv\/produktas\/beamex-mc6-signala-kalibrators-bijusais-demo","title":{"rendered":"Beamex MC6 sign\u0101la kalibrators (biju\u0161ais demo)"},"content":{"rendered":"<p>Beamex MC6 &#8211; vair\u0101k nek\u0101 kalibrators!<br \/>\nBeamex\u00ae MC6 ir uzlabots, augstas precizit\u0101tes fildes kalibr\u0113t\u0101js un komunikators. Tas pied\u0101v\u0101 spiediena, temperat\u016bras un da\u017e\u0101du elektrisko sign\u0101lu kalibr\u0113\u0161anas iesp\u0113jas. Viena no galvenaj\u0101m MC6 \u012bpa\u0161\u012bb\u0101m ir lietojam\u012bba un lieto\u0161anas \u0113rtums. Tam ir liels 5,7&#8243; kr\u0101su sk\u0101rienekr\u0101ns ar daudzvalodu lietot\u0101ja saskarni.<\/p>\n<p>9270000 &#8211; MC6 uzlabotais lauka kalibrators un komunikators ar standarta piederumiem. \u0160\u012b ier\u012bce tika izmantota demonstr\u0101cij\u0101s:<br \/>\n&#8211; Lietot\u0101ja rokasgr\u0101mata<br \/>\n&#8211; USB kabelis<br \/>\n&#8211; Rokas un plecu siksnas<br \/>\n&#8211; Iek\u0161\u0113jais litija jonu akumulators<br \/>\n&#8211; Akumulatora l\u0101d\u0113t\u0101js<br \/>\n&#8211; Test\u0113\u0161anas vadi un klip\u0161i<br \/>\n&#8211; Barometrisk\u0101 spiediena modulis, m\u0113r\u012bjumu diapazons: 700 mbar l\u012bdz 1200 mbar<br \/>\n&#8211; Manometrisk\u0101 spiediena modulis, m\u0113r\u012bjumu diapazons: -1 bar l\u012bdz 20 bar<br \/>\n&#8211; Hart sakaru opcija<br \/>\n&#8211; Profibus komunikators<br \/>\n&#8211; Lauka kopnes aparat\u016bras iesp\u0113jas<br \/>\n&#8211; Datu re\u0123istrators<br \/>\n&#8211; Spiediena kontroliera komunik\u0101cija<br \/>\n&#8211; m\u012bksts p\u0101rn\u0113s\u0101\u0161anas futr\u0101lis<br \/>\n&#8211; CMX programmat\u016bras licences atsl\u0113ga vienai darba vietai<\/p>\n<h3>Tehnisk\u0101 inform\u0101cija:<\/h3>\n<ul>\n<li><a href=\"https:\/\/axiomams.eu\/importer\/export\/attachments\/en\/beamex-mc6.pdf\" target=\"_blank\">Beamex MC6.pdf<\/a><\/li>\n<\/ul>\n","protected":false},"excerpt":{"rendered":"<p>Beamex MC6 &#8211; vair\u0101k nek\u0101 kalibrators! Beamex\u00ae MC6 ir uzlabots, augstas precizit\u0101tes fildes kalibr\u0113t\u0101js un komunikators. Tas pied\u0101v\u0101 spiediena, temperat\u016bras un da\u017e\u0101du elektrisko sign\u0101lu kalibr\u0113\u0161anas iesp\u0113jas. Viena no galvenaj\u0101m MC6 \u012bpa\u0161\u012bb\u0101m ir lietojam\u012bba un lieto\u0161anas \u0113rtums. Tam ir liels 5,7&#8243; kr\u0101su sk\u0101rienekr\u0101ns ar daudzvalodu lietot\u0101ja saskarni. 9270000 &#8211; MC6 uzlabotais lauka kalibrators un komunikators ar&#8230;<\/p>\n","protected":false},"featured_media":41284,"comment_status":"open","ping_status":"closed","template":"","meta":{"_acf_changed":false},"product_brand":[2497],"product_cat":[17745],"product_tag":[],"class_list":{"0":"post-38795","1":"product","2":"type-product","3":"status-publish","4":"has-post-thumbnail","6":"product_brand-beamex","7":"product_cat-procesa-un-temperaturas-kalibresanai","9":"first","10":"instock","11":"taxable","12":"shipping-taxable","13":"purchasable","14":"product-type-simple"},"acf":[],"yoast_head":"<!-- This site is optimized with the Yoast SEO plugin v27.0 - https:\/\/yoast.com\/product\/yoast-seo-wordpress\/ -->\n<title>Beamex MC6 sign\u0101la kalibrators (biju\u0161ais demo) - AXIOMA MS<\/title>\n<meta name=\"robots\" content=\"index, follow, max-snippet:-1, max-image-preview:large, max-video-preview:-1\" \/>\n<link rel=\"canonical\" href=\"https:\/\/www.axiomams.eu\/lv\/produktas\/beamex-mc6-signala-kalibrators-bijusais-demo\" \/>\n<meta property=\"og:locale\" content=\"lv_LV\" \/>\n<meta property=\"og:type\" content=\"article\" \/>\n<meta property=\"og:title\" content=\"Beamex MC6 sign\u0101la kalibrators (biju\u0161ais demo) - AXIOMA MS\" \/>\n<meta property=\"og:description\" content=\"Beamex MC6 &#8211; vair\u0101k nek\u0101 kalibrators! Beamex\u00ae MC6 ir uzlabots, augstas precizit\u0101tes fildes kalibr\u0113t\u0101js un komunikators. Tas pied\u0101v\u0101 spiediena, temperat\u016bras un da\u017e\u0101du elektrisko sign\u0101lu kalibr\u0113\u0161anas iesp\u0113jas. Viena no galvenaj\u0101m MC6 \u012bpa\u0161\u012bb\u0101m ir lietojam\u012bba un lieto\u0161anas \u0113rtums. Tam ir liels 5,7&#8243; kr\u0101su sk\u0101rienekr\u0101ns ar daudzvalodu lietot\u0101ja saskarni. 9270000 &#8211; MC6 uzlabotais lauka kalibrators un komunikators ar...\" \/>\n<meta property=\"og:url\" content=\"https:\/\/www.axiomams.eu\/lv\/produktas\/beamex-mc6-signala-kalibrators-bijusais-demo\" \/>\n<meta property=\"og:site_name\" content=\"AXIOMA MS\" \/>\n<meta property=\"article:publisher\" content=\"https:\/\/www.facebook.com\/AxiomaMS\" \/>\n<meta property=\"article:modified_time\" content=\"2026-03-25T14:58:16+00:00\" \/>\n<meta property=\"og:image\" content=\"https:\/\/www.axiomams.eu\/wp-content\/uploads\/2025\/07\/225-2482.jpg\" \/>\n\t<meta property=\"og:image:width\" content=\"800\" \/>\n\t<meta property=\"og:image:height\" content=\"727\" \/>\n\t<meta property=\"og:image:type\" content=\"image\/jpeg\" \/>\n<meta name=\"twitter:card\" content=\"summary_large_image\" \/>\n<meta name=\"twitter:label1\" content=\"Est. reading time\" \/>\n\t<meta name=\"twitter:data1\" content=\"1 minute\" \/>\n<script type=\"application\/ld+json\" class=\"yoast-schema-graph\">{\"@context\":\"https:\/\/schema.org\",\"@graph\":[{\"@type\":\"WebPage\",\"@id\":\"https:\/\/www.axiomams.eu\/lv\/produktas\/beamex-mc6-signala-kalibrators-bijusais-demo\",\"url\":\"https:\/\/www.axiomams.eu\/lv\/produktas\/beamex-mc6-signala-kalibrators-bijusais-demo\",\"name\":\"Beamex MC6 sign\u0101la kalibrators (biju\u0161ais demo) - AXIOMA MS\",\"isPartOf\":{\"@id\":\"https:\/\/www.axiomams.eu\/lv#website\"},\"primaryImageOfPage\":{\"@id\":\"https:\/\/www.axiomams.eu\/lv\/produktas\/beamex-mc6-signala-kalibrators-bijusais-demo#primaryimage\"},\"image\":{\"@id\":\"https:\/\/www.axiomams.eu\/lv\/produktas\/beamex-mc6-signala-kalibrators-bijusais-demo#primaryimage\"},\"thumbnailUrl\":\"https:\/\/www.axiomams.eu\/wp-content\/uploads\/2025\/07\/225-2482.jpg\",\"datePublished\":\"2025-05-23T08:39:47+00:00\",\"dateModified\":\"2026-03-25T14:58:16+00:00\",\"breadcrumb\":{\"@id\":\"https:\/\/www.axiomams.eu\/lv\/produktas\/beamex-mc6-signala-kalibrators-bijusais-demo#breadcrumb\"},\"inLanguage\":\"lv-LV\",\"potentialAction\":[{\"@type\":\"ReadAction\",\"target\":[\"https:\/\/www.axiomams.eu\/lv\/produktas\/beamex-mc6-signala-kalibrators-bijusais-demo\"]}]},{\"@type\":\"ImageObject\",\"inLanguage\":\"lv-LV\",\"@id\":\"https:\/\/www.axiomams.eu\/lv\/produktas\/beamex-mc6-signala-kalibrators-bijusais-demo#primaryimage\",\"url\":\"https:\/\/www.axiomams.eu\/wp-content\/uploads\/2025\/07\/225-2482.jpg\",\"contentUrl\":\"https:\/\/www.axiomams.eu\/wp-content\/uploads\/2025\/07\/225-2482.jpg\",\"width\":800,\"height\":727},{\"@type\":\"BreadcrumbList\",\"@id\":\"https:\/\/www.axiomams.eu\/lv\/produktas\/beamex-mc6-signala-kalibrators-bijusais-demo#breadcrumb\",\"itemListElement\":[{\"@type\":\"ListItem\",\"position\":1,\"name\":\"Home\",\"item\":\"https:\/\/www.axiomams.eu\/lv\"},{\"@type\":\"ListItem\",\"position\":2,\"name\":\"Produkti\",\"item\":\"https:\/\/www.axiomams.eu\/lv\/produkti\"},{\"@type\":\"ListItem\",\"position\":3,\"name\":\"Beamex MC6 sign\u0101la kalibrators (biju\u0161ais demo)\"}]},{\"@type\":\"WebSite\",\"@id\":\"https:\/\/www.axiomams.eu\/lv#website\",\"url\":\"https:\/\/www.axiomams.eu\/lv\",\"name\":\"AXIOMA MS\",\"description\":\"Terrmovizoriai ir matavimo \u012franga\",\"publisher\":{\"@id\":\"https:\/\/www.axiomams.eu\/lv#organization\"},\"potentialAction\":[{\"@type\":\"SearchAction\",\"target\":{\"@type\":\"EntryPoint\",\"urlTemplate\":\"https:\/\/www.axiomams.eu\/lv?s={search_term_string}\"},\"query-input\":{\"@type\":\"PropertyValueSpecification\",\"valueRequired\":true,\"valueName\":\"search_term_string\"}}],\"inLanguage\":\"lv-LV\"},{\"@type\":\"Organization\",\"@id\":\"https:\/\/www.axiomams.eu\/lv#organization\",\"name\":\"AXIOMA MS\",\"url\":\"https:\/\/www.axiomams.eu\/lv\",\"logo\":{\"@type\":\"ImageObject\",\"inLanguage\":\"lv-LV\",\"@id\":\"https:\/\/www.axiomams.eu\/lv#\/schema\/logo\/image\/\",\"url\":\"https:\/\/www.axiomams.eu\/wp-content\/uploads\/2025\/06\/axioma-logo-2.png\",\"contentUrl\":\"https:\/\/www.axiomams.eu\/wp-content\/uploads\/2025\/06\/axioma-logo-2.png\",\"width\":1200,\"height\":1200,\"caption\":\"AXIOMA MS\"},\"image\":{\"@id\":\"https:\/\/www.axiomams.eu\/lv#\/schema\/logo\/image\/\"},\"sameAs\":[\"https:\/\/www.facebook.com\/AxiomaMS\",\"https:\/\/www.linkedin.com\/company\/axiomams\/\"]}]}<\/script>\n<!-- \/ Yoast SEO plugin. -->","yoast_head_json":{"title":"Beamex MC6 sign\u0101la kalibrators (biju\u0161ais demo) - AXIOMA MS","robots":{"index":"index","follow":"follow","max-snippet":"max-snippet:-1","max-image-preview":"max-image-preview:large","max-video-preview":"max-video-preview:-1"},"canonical":"https:\/\/www.axiomams.eu\/lv\/produktas\/beamex-mc6-signala-kalibrators-bijusais-demo","og_locale":"lv_LV","og_type":"article","og_title":"Beamex MC6 sign\u0101la kalibrators (biju\u0161ais demo) - AXIOMA MS","og_description":"Beamex MC6 &#8211; vair\u0101k nek\u0101 kalibrators! Beamex\u00ae MC6 ir uzlabots, augstas precizit\u0101tes fildes kalibr\u0113t\u0101js un komunikators. Tas pied\u0101v\u0101 spiediena, temperat\u016bras un da\u017e\u0101du elektrisko sign\u0101lu kalibr\u0113\u0161anas iesp\u0113jas. Viena no galvenaj\u0101m MC6 \u012bpa\u0161\u012bb\u0101m ir lietojam\u012bba un lieto\u0161anas \u0113rtums. Tam ir liels 5,7&#8243; kr\u0101su sk\u0101rienekr\u0101ns ar daudzvalodu lietot\u0101ja saskarni. 9270000 &#8211; MC6 uzlabotais lauka kalibrators un komunikators ar...","og_url":"https:\/\/www.axiomams.eu\/lv\/produktas\/beamex-mc6-signala-kalibrators-bijusais-demo","og_site_name":"AXIOMA MS","article_publisher":"https:\/\/www.facebook.com\/AxiomaMS","article_modified_time":"2026-03-25T14:58:16+00:00","og_image":[{"width":800,"height":727,"url":"https:\/\/www.axiomams.eu\/wp-content\/uploads\/2025\/07\/225-2482.jpg","type":"image\/jpeg"}],"twitter_card":"summary_large_image","twitter_misc":{"Est. reading time":"1 minute"},"schema":{"@context":"https:\/\/schema.org","@graph":[{"@type":"WebPage","@id":"https:\/\/www.axiomams.eu\/lv\/produktas\/beamex-mc6-signala-kalibrators-bijusais-demo","url":"https:\/\/www.axiomams.eu\/lv\/produktas\/beamex-mc6-signala-kalibrators-bijusais-demo","name":"Beamex MC6 sign\u0101la kalibrators (biju\u0161ais demo) - AXIOMA MS","isPartOf":{"@id":"https:\/\/www.axiomams.eu\/lv#website"},"primaryImageOfPage":{"@id":"https:\/\/www.axiomams.eu\/lv\/produktas\/beamex-mc6-signala-kalibrators-bijusais-demo#primaryimage"},"image":{"@id":"https:\/\/www.axiomams.eu\/lv\/produktas\/beamex-mc6-signala-kalibrators-bijusais-demo#primaryimage"},"thumbnailUrl":"https:\/\/www.axiomams.eu\/wp-content\/uploads\/2025\/07\/225-2482.jpg","datePublished":"2025-05-23T08:39:47+00:00","dateModified":"2026-03-25T14:58:16+00:00","breadcrumb":{"@id":"https:\/\/www.axiomams.eu\/lv\/produktas\/beamex-mc6-signala-kalibrators-bijusais-demo#breadcrumb"},"inLanguage":"lv-LV","potentialAction":[{"@type":"ReadAction","target":["https:\/\/www.axiomams.eu\/lv\/produktas\/beamex-mc6-signala-kalibrators-bijusais-demo"]}]},{"@type":"ImageObject","inLanguage":"lv-LV","@id":"https:\/\/www.axiomams.eu\/lv\/produktas\/beamex-mc6-signala-kalibrators-bijusais-demo#primaryimage","url":"https:\/\/www.axiomams.eu\/wp-content\/uploads\/2025\/07\/225-2482.jpg","contentUrl":"https:\/\/www.axiomams.eu\/wp-content\/uploads\/2025\/07\/225-2482.jpg","width":800,"height":727},{"@type":"BreadcrumbList","@id":"https:\/\/www.axiomams.eu\/lv\/produktas\/beamex-mc6-signala-kalibrators-bijusais-demo#breadcrumb","itemListElement":[{"@type":"ListItem","position":1,"name":"Home","item":"https:\/\/www.axiomams.eu\/lv"},{"@type":"ListItem","position":2,"name":"Produkti","item":"https:\/\/www.axiomams.eu\/lv\/produkti"},{"@type":"ListItem","position":3,"name":"Beamex MC6 sign\u0101la kalibrators (biju\u0161ais demo)"}]},{"@type":"WebSite","@id":"https:\/\/www.axiomams.eu\/lv#website","url":"https:\/\/www.axiomams.eu\/lv","name":"AXIOMA MS","description":"Terrmovizoriai ir matavimo \u012franga","publisher":{"@id":"https:\/\/www.axiomams.eu\/lv#organization"},"potentialAction":[{"@type":"SearchAction","target":{"@type":"EntryPoint","urlTemplate":"https:\/\/www.axiomams.eu\/lv?s={search_term_string}"},"query-input":{"@type":"PropertyValueSpecification","valueRequired":true,"valueName":"search_term_string"}}],"inLanguage":"lv-LV"},{"@type":"Organization","@id":"https:\/\/www.axiomams.eu\/lv#organization","name":"AXIOMA MS","url":"https:\/\/www.axiomams.eu\/lv","logo":{"@type":"ImageObject","inLanguage":"lv-LV","@id":"https:\/\/www.axiomams.eu\/lv#\/schema\/logo\/image\/","url":"https:\/\/www.axiomams.eu\/wp-content\/uploads\/2025\/06\/axioma-logo-2.png","contentUrl":"https:\/\/www.axiomams.eu\/wp-content\/uploads\/2025\/06\/axioma-logo-2.png","width":1200,"height":1200,"caption":"AXIOMA MS"},"image":{"@id":"https:\/\/www.axiomams.eu\/lv#\/schema\/logo\/image\/"},"sameAs":["https:\/\/www.facebook.com\/AxiomaMS","https:\/\/www.linkedin.com\/company\/axiomams\/"]}]}},"_links":{"self":[{"href":"https:\/\/www.axiomams.eu\/lv\/wp-json\/wp\/v2\/product\/38795","targetHints":{"allow":["GET"]}}],"collection":[{"href":"https:\/\/www.axiomams.eu\/lv\/wp-json\/wp\/v2\/product"}],"about":[{"href":"https:\/\/www.axiomams.eu\/lv\/wp-json\/wp\/v2\/types\/product"}],"replies":[{"embeddable":true,"href":"https:\/\/www.axiomams.eu\/lv\/wp-json\/wp\/v2\/comments?post=38795"}],"wp:featuredmedia":[{"embeddable":true,"href":"https:\/\/www.axiomams.eu\/lv\/wp-json\/wp\/v2\/media\/41284"}],"wp:attachment":[{"href":"https:\/\/www.axiomams.eu\/lv\/wp-json\/wp\/v2\/media?parent=38795"}],"wp:term":[{"taxonomy":"product_brand","embeddable":true,"href":"https:\/\/www.axiomams.eu\/lv\/wp-json\/wp\/v2\/product_brand?post=38795"},{"taxonomy":"product_cat","embeddable":true,"href":"https:\/\/www.axiomams.eu\/lv\/wp-json\/wp\/v2\/product_cat?post=38795"},{"taxonomy":"product_tag","embeddable":true,"href":"https:\/\/www.axiomams.eu\/lv\/wp-json\/wp\/v2\/product_tag?post=38795"}],"curies":[{"name":"wp","href":"https:\/\/api.w.org\/{rel}","templated":true}]}}