{"id":38798,"date":"2025-10-03T01:00:26","date_gmt":"2025-10-02T23:00:26","guid":{"rendered":"https:\/\/www.axiomams.eu\/produktas\/flir-ptq136-termokamera-ex-demo"},"modified":"2026-03-25T16:58:19","modified_gmt":"2026-03-25T14:58:19","slug":"flir-ptq136-termokamera-ex-demo","status":"publish","type":"product","link":"https:\/\/www.axiomams.eu\/lv\/produktas\/flir-ptq136-termokamera-ex-demo","title":{"rendered":"Flir PTQ136 termokamera (EX-Demo)"},"content":{"rendered":"<p>FLIR Breach PTQ136 &#8211; ar jauno FLIR Boson kodolu un kompakto dizainu FLIR Breach nodro\u0161ina nep\u0101rsp\u0113jamu taktisko inform\u0113t\u012bbu. FLIR Breach sver tikai 210 gramus, un to var pasl\u0113pt kabat\u0101 vai piestiprin\u0101t pie \u0137iveres, izmantojot mini sliedes funkciju. Papildu funkcijas ietver ieb\u016bv\u0113tu ierakst\u012b\u0161anu un septi\u0146as paletes \u0101trai cilv\u0113ku vai dz\u012bvnieku atkl\u0101\u0161anai dien\u0101 vai nakt\u012b.<\/p>\n<p>Standarta komplekts: Flir Breach PTQ136, CR123A baterija, objekt\u012bvs, cietais futr\u0101lis.<\/p>\n<h3>Tehnisk\u0101 inform\u0101cija:<\/h3>\n<ul>\n<li><a href=\"https:\/\/axiomams.eu\/importer\/export\/attachments\/en\/flir-breach-ptq136.pdf\" target=\"_blank\">FLIR Breach PTQ136.pdf<\/a><\/li>\n<\/ul>\n","protected":false},"excerpt":{"rendered":"<p>FLIR Breach PTQ136 &#8211; ar jauno FLIR Boson kodolu un kompakto dizainu FLIR Breach nodro\u0161ina nep\u0101rsp\u0113jamu taktisko inform\u0113t\u012bbu. FLIR Breach sver tikai 210 gramus, un to var pasl\u0113pt kabat\u0101 vai piestiprin\u0101t pie \u0137iveres, izmantojot mini sliedes funkciju. Papildu funkcijas ietver ieb\u016bv\u0113tu ierakst\u012b\u0161anu un septi\u0146as paletes \u0101trai cilv\u0113ku vai dz\u012bvnieku atkl\u0101\u0161anai dien\u0101 vai nakt\u012b. Standarta komplekts:&#8230;<\/p>\n","protected":false},"featured_media":41290,"comment_status":"open","ping_status":"closed","template":"","meta":{"_acf_changed":false},"product_brand":[734],"product_cat":[17733],"product_tag":[],"class_list":{"0":"post-38798","1":"product","2":"type-product","3":"status-publish","4":"has-post-thumbnail","6":"product_brand-flir","7":"product_cat-medibam-un-noverosanai","9":"first","10":"instock","11":"taxable","12":"shipping-taxable","13":"purchasable","14":"product-type-simple"},"acf":[],"yoast_head":"<!-- This site is optimized with the Yoast SEO plugin v27.0 - https:\/\/yoast.com\/product\/yoast-seo-wordpress\/ -->\n<title>Flir PTQ136 termokamera (EX-Demo) - AXIOMA MS<\/title>\n<meta name=\"robots\" content=\"index, follow, max-snippet:-1, max-image-preview:large, max-video-preview:-1\" \/>\n<link rel=\"canonical\" href=\"https:\/\/www.axiomams.eu\/lv\/produktas\/flir-ptq136-termokamera-ex-demo\" \/>\n<meta property=\"og:locale\" content=\"lv_LV\" \/>\n<meta property=\"og:type\" content=\"article\" \/>\n<meta property=\"og:title\" content=\"Flir PTQ136 termokamera (EX-Demo) - AXIOMA MS\" \/>\n<meta property=\"og:description\" content=\"FLIR Breach PTQ136 &#8211; ar jauno FLIR Boson kodolu un kompakto dizainu FLIR Breach nodro\u0161ina nep\u0101rsp\u0113jamu taktisko inform\u0113t\u012bbu. FLIR Breach sver tikai 210 gramus, un to var pasl\u0113pt kabat\u0101 vai piestiprin\u0101t pie \u0137iveres, izmantojot mini sliedes funkciju. Papildu funkcijas ietver ieb\u016bv\u0113tu ierakst\u012b\u0161anu un septi\u0146as paletes \u0101trai cilv\u0113ku vai dz\u012bvnieku atkl\u0101\u0161anai dien\u0101 vai nakt\u012b. Standarta komplekts:...\" \/>\n<meta property=\"og:url\" content=\"https:\/\/www.axiomams.eu\/lv\/produktas\/flir-ptq136-termokamera-ex-demo\" \/>\n<meta property=\"og:site_name\" content=\"AXIOMA MS\" \/>\n<meta property=\"article:publisher\" content=\"https:\/\/www.facebook.com\/AxiomaMS\" \/>\n<meta property=\"article:modified_time\" content=\"2026-03-25T14:58:19+00:00\" \/>\n<meta property=\"og:image\" content=\"https:\/\/www.axiomams.eu\/wp-content\/uploads\/2025\/10\/4678-6185.jpg\" \/>\n\t<meta property=\"og:image:width\" content=\"600\" \/>\n\t<meta property=\"og:image:height\" content=\"625\" \/>\n\t<meta property=\"og:image:type\" content=\"image\/jpeg\" \/>\n<meta name=\"twitter:card\" content=\"summary_large_image\" \/>\n<script type=\"application\/ld+json\" class=\"yoast-schema-graph\">{\"@context\":\"https:\/\/schema.org\",\"@graph\":[{\"@type\":\"WebPage\",\"@id\":\"https:\/\/www.axiomams.eu\/lv\/produktas\/flir-ptq136-termokamera-ex-demo\",\"url\":\"https:\/\/www.axiomams.eu\/lv\/produktas\/flir-ptq136-termokamera-ex-demo\",\"name\":\"Flir PTQ136 termokamera (EX-Demo) - AXIOMA MS\",\"isPartOf\":{\"@id\":\"https:\/\/www.axiomams.eu\/lv#website\"},\"primaryImageOfPage\":{\"@id\":\"https:\/\/www.axiomams.eu\/lv\/produktas\/flir-ptq136-termokamera-ex-demo#primaryimage\"},\"image\":{\"@id\":\"https:\/\/www.axiomams.eu\/lv\/produktas\/flir-ptq136-termokamera-ex-demo#primaryimage\"},\"thumbnailUrl\":\"https:\/\/www.axiomams.eu\/wp-content\/uploads\/2025\/10\/4678-6185.jpg\",\"datePublished\":\"2025-10-02T23:00:26+00:00\",\"dateModified\":\"2026-03-25T14:58:19+00:00\",\"breadcrumb\":{\"@id\":\"https:\/\/www.axiomams.eu\/lv\/produktas\/flir-ptq136-termokamera-ex-demo#breadcrumb\"},\"inLanguage\":\"lv-LV\",\"potentialAction\":[{\"@type\":\"ReadAction\",\"target\":[\"https:\/\/www.axiomams.eu\/lv\/produktas\/flir-ptq136-termokamera-ex-demo\"]}]},{\"@type\":\"ImageObject\",\"inLanguage\":\"lv-LV\",\"@id\":\"https:\/\/www.axiomams.eu\/lv\/produktas\/flir-ptq136-termokamera-ex-demo#primaryimage\",\"url\":\"https:\/\/www.axiomams.eu\/wp-content\/uploads\/2025\/10\/4678-6185.jpg\",\"contentUrl\":\"https:\/\/www.axiomams.eu\/wp-content\/uploads\/2025\/10\/4678-6185.jpg\",\"width\":600,\"height\":625},{\"@type\":\"BreadcrumbList\",\"@id\":\"https:\/\/www.axiomams.eu\/lv\/produktas\/flir-ptq136-termokamera-ex-demo#breadcrumb\",\"itemListElement\":[{\"@type\":\"ListItem\",\"position\":1,\"name\":\"Home\",\"item\":\"https:\/\/www.axiomams.eu\/lv\"},{\"@type\":\"ListItem\",\"position\":2,\"name\":\"Produkti\",\"item\":\"https:\/\/www.axiomams.eu\/lv\/produkti\"},{\"@type\":\"ListItem\",\"position\":3,\"name\":\"Flir PTQ136 termokamera (EX-Demo)\"}]},{\"@type\":\"WebSite\",\"@id\":\"https:\/\/www.axiomams.eu\/lv#website\",\"url\":\"https:\/\/www.axiomams.eu\/lv\",\"name\":\"AXIOMA MS\",\"description\":\"\",\"publisher\":{\"@id\":\"https:\/\/www.axiomams.eu\/lv#organization\"},\"potentialAction\":[{\"@type\":\"SearchAction\",\"target\":{\"@type\":\"EntryPoint\",\"urlTemplate\":\"https:\/\/www.axiomams.eu\/lv?s={search_term_string}\"},\"query-input\":{\"@type\":\"PropertyValueSpecification\",\"valueRequired\":true,\"valueName\":\"search_term_string\"}}],\"inLanguage\":\"lv-LV\"},{\"@type\":\"Organization\",\"@id\":\"https:\/\/www.axiomams.eu\/lv#organization\",\"name\":\"AXIOMA MS\",\"url\":\"https:\/\/www.axiomams.eu\/lv\",\"logo\":{\"@type\":\"ImageObject\",\"inLanguage\":\"lv-LV\",\"@id\":\"https:\/\/www.axiomams.eu\/lv#\/schema\/logo\/image\/\",\"url\":\"https:\/\/www.axiomams.eu\/wp-content\/uploads\/2025\/06\/axioma-logo-2.png\",\"contentUrl\":\"https:\/\/www.axiomams.eu\/wp-content\/uploads\/2025\/06\/axioma-logo-2.png\",\"width\":1200,\"height\":1200,\"caption\":\"AXIOMA MS\"},\"image\":{\"@id\":\"https:\/\/www.axiomams.eu\/lv#\/schema\/logo\/image\/\"},\"sameAs\":[\"https:\/\/www.facebook.com\/AxiomaMS\",\"https:\/\/www.linkedin.com\/company\/axiomams\/\"]}]}<\/script>\n<!-- \/ Yoast SEO plugin. -->","yoast_head_json":{"title":"Flir PTQ136 termokamera (EX-Demo) - AXIOMA MS","robots":{"index":"index","follow":"follow","max-snippet":"max-snippet:-1","max-image-preview":"max-image-preview:large","max-video-preview":"max-video-preview:-1"},"canonical":"https:\/\/www.axiomams.eu\/lv\/produktas\/flir-ptq136-termokamera-ex-demo","og_locale":"lv_LV","og_type":"article","og_title":"Flir PTQ136 termokamera (EX-Demo) - AXIOMA MS","og_description":"FLIR Breach PTQ136 &#8211; ar jauno FLIR Boson kodolu un kompakto dizainu FLIR Breach nodro\u0161ina nep\u0101rsp\u0113jamu taktisko inform\u0113t\u012bbu. FLIR Breach sver tikai 210 gramus, un to var pasl\u0113pt kabat\u0101 vai piestiprin\u0101t pie \u0137iveres, izmantojot mini sliedes funkciju. Papildu funkcijas ietver ieb\u016bv\u0113tu ierakst\u012b\u0161anu un septi\u0146as paletes \u0101trai cilv\u0113ku vai dz\u012bvnieku atkl\u0101\u0161anai dien\u0101 vai nakt\u012b. Standarta komplekts:...","og_url":"https:\/\/www.axiomams.eu\/lv\/produktas\/flir-ptq136-termokamera-ex-demo","og_site_name":"AXIOMA MS","article_publisher":"https:\/\/www.facebook.com\/AxiomaMS","article_modified_time":"2026-03-25T14:58:19+00:00","og_image":[{"width":600,"height":625,"url":"https:\/\/www.axiomams.eu\/wp-content\/uploads\/2025\/10\/4678-6185.jpg","type":"image\/jpeg"}],"twitter_card":"summary_large_image","schema":{"@context":"https:\/\/schema.org","@graph":[{"@type":"WebPage","@id":"https:\/\/www.axiomams.eu\/lv\/produktas\/flir-ptq136-termokamera-ex-demo","url":"https:\/\/www.axiomams.eu\/lv\/produktas\/flir-ptq136-termokamera-ex-demo","name":"Flir PTQ136 termokamera (EX-Demo) - AXIOMA MS","isPartOf":{"@id":"https:\/\/www.axiomams.eu\/lv#website"},"primaryImageOfPage":{"@id":"https:\/\/www.axiomams.eu\/lv\/produktas\/flir-ptq136-termokamera-ex-demo#primaryimage"},"image":{"@id":"https:\/\/www.axiomams.eu\/lv\/produktas\/flir-ptq136-termokamera-ex-demo#primaryimage"},"thumbnailUrl":"https:\/\/www.axiomams.eu\/wp-content\/uploads\/2025\/10\/4678-6185.jpg","datePublished":"2025-10-02T23:00:26+00:00","dateModified":"2026-03-25T14:58:19+00:00","breadcrumb":{"@id":"https:\/\/www.axiomams.eu\/lv\/produktas\/flir-ptq136-termokamera-ex-demo#breadcrumb"},"inLanguage":"lv-LV","potentialAction":[{"@type":"ReadAction","target":["https:\/\/www.axiomams.eu\/lv\/produktas\/flir-ptq136-termokamera-ex-demo"]}]},{"@type":"ImageObject","inLanguage":"lv-LV","@id":"https:\/\/www.axiomams.eu\/lv\/produktas\/flir-ptq136-termokamera-ex-demo#primaryimage","url":"https:\/\/www.axiomams.eu\/wp-content\/uploads\/2025\/10\/4678-6185.jpg","contentUrl":"https:\/\/www.axiomams.eu\/wp-content\/uploads\/2025\/10\/4678-6185.jpg","width":600,"height":625},{"@type":"BreadcrumbList","@id":"https:\/\/www.axiomams.eu\/lv\/produktas\/flir-ptq136-termokamera-ex-demo#breadcrumb","itemListElement":[{"@type":"ListItem","position":1,"name":"Home","item":"https:\/\/www.axiomams.eu\/lv"},{"@type":"ListItem","position":2,"name":"Produkti","item":"https:\/\/www.axiomams.eu\/lv\/produkti"},{"@type":"ListItem","position":3,"name":"Flir PTQ136 termokamera (EX-Demo)"}]},{"@type":"WebSite","@id":"https:\/\/www.axiomams.eu\/lv#website","url":"https:\/\/www.axiomams.eu\/lv","name":"AXIOMA MS","description":"","publisher":{"@id":"https:\/\/www.axiomams.eu\/lv#organization"},"potentialAction":[{"@type":"SearchAction","target":{"@type":"EntryPoint","urlTemplate":"https:\/\/www.axiomams.eu\/lv?s={search_term_string}"},"query-input":{"@type":"PropertyValueSpecification","valueRequired":true,"valueName":"search_term_string"}}],"inLanguage":"lv-LV"},{"@type":"Organization","@id":"https:\/\/www.axiomams.eu\/lv#organization","name":"AXIOMA MS","url":"https:\/\/www.axiomams.eu\/lv","logo":{"@type":"ImageObject","inLanguage":"lv-LV","@id":"https:\/\/www.axiomams.eu\/lv#\/schema\/logo\/image\/","url":"https:\/\/www.axiomams.eu\/wp-content\/uploads\/2025\/06\/axioma-logo-2.png","contentUrl":"https:\/\/www.axiomams.eu\/wp-content\/uploads\/2025\/06\/axioma-logo-2.png","width":1200,"height":1200,"caption":"AXIOMA MS"},"image":{"@id":"https:\/\/www.axiomams.eu\/lv#\/schema\/logo\/image\/"},"sameAs":["https:\/\/www.facebook.com\/AxiomaMS","https:\/\/www.linkedin.com\/company\/axiomams\/"]}]}},"_links":{"self":[{"href":"https:\/\/www.axiomams.eu\/lv\/wp-json\/wp\/v2\/product\/38798","targetHints":{"allow":["GET"]}}],"collection":[{"href":"https:\/\/www.axiomams.eu\/lv\/wp-json\/wp\/v2\/product"}],"about":[{"href":"https:\/\/www.axiomams.eu\/lv\/wp-json\/wp\/v2\/types\/product"}],"replies":[{"embeddable":true,"href":"https:\/\/www.axiomams.eu\/lv\/wp-json\/wp\/v2\/comments?post=38798"}],"wp:featuredmedia":[{"embeddable":true,"href":"https:\/\/www.axiomams.eu\/lv\/wp-json\/wp\/v2\/media\/41290"}],"wp:attachment":[{"href":"https:\/\/www.axiomams.eu\/lv\/wp-json\/wp\/v2\/media?parent=38798"}],"wp:term":[{"taxonomy":"product_brand","embeddable":true,"href":"https:\/\/www.axiomams.eu\/lv\/wp-json\/wp\/v2\/product_brand?post=38798"},{"taxonomy":"product_cat","embeddable":true,"href":"https:\/\/www.axiomams.eu\/lv\/wp-json\/wp\/v2\/product_cat?post=38798"},{"taxonomy":"product_tag","embeddable":true,"href":"https:\/\/www.axiomams.eu\/lv\/wp-json\/wp\/v2\/product_tag?post=38798"}],"curies":[{"name":"wp","href":"https:\/\/api.w.org\/{rel}","templated":true}]}}